{"id":45113,"date":"2026-02-14T14:40:39","date_gmt":"2026-02-14T14:40:39","guid":{"rendered":"https:\/\/anadolupet.com.tr\/?post_type=product&#038;p=45113"},"modified":"2026-02-23T12:48:24","modified_gmt":"2026-02-23T12:48:24","slug":"eheim-sepet-contasi-2226-2228","status":"publish","type":"product","link":"https:\/\/anadolupet.com.tr\/en\/urun\/eheim-sepet-contasi-2226-2228\/","title":{"rendered":"EHEIM Sepet Contas\u0131 (2226-2228)"},"content":{"rendered":"","protected":false},"excerpt":{"rendered":"<p>EHEIM sepet contas\u0131 (basket seal), yaln\u0131zca Eheim 2226 ve 2228 akvaryum d\u0131\u015f filtre modelleri i\u00e7in \u00f6zel olarak \u00fcretilmi\u015f orijinal yedek par\u00e7ad\u0131r. Filtre i\u00e7indeki sepetlerin birbirine ve g\u00f6vdeye oturdu\u011fu noktada s\u0131zd\u0131rmazl\u0131k sa\u011flayarak suyun do\u011fru y\u00f6nlendirilmesini garanti eder.<\/p>\n<p>Avantajlar ve \u00d6zellikler<br \/>\nOrijinal EHEIM yedek par\u00e7a \u2013 tam uyum ve g\u00fcvenilirlik<\/p>\n<p>Sadece 2226 ve 2228 d\u0131\u015f filtreler i\u00e7in \u00f6zel tasar\u0131m<\/p>\n<p>Sepetler aras\u0131 ba\u011flant\u0131da tam s\u0131zd\u0131rmazl\u0131k sa\u011flar<\/p>\n<p>Filtre i\u00e7indeki su ak\u0131\u015f\u0131n\u0131n do\u011fru y\u00f6nlendirilmesine yard\u0131mc\u0131 olur<\/p>\n<p>Dayan\u0131kl\u0131 kau\u00e7uk malzeme \u2013 uzun \u00f6m\u00fcrl\u00fc kullan\u0131m<\/p>\n<p>Montaj\u0131 kolayd\u0131r<\/p>","protected":false},"featured_media":42649,"comment_status":"open","ping_status":"closed","template":"","meta":{"_acf_changed":false},"product_brand":[],"product_cat":[2380],"product_tag":[],"class_list":{"0":"post-45113","1":"product","2":"type-product","3":"status-publish","4":"has-post-thumbnail","6":"product_cat-contalar","8":"first","9":"instock","10":"shipping-taxable","11":"product-type-simple"},"acf":[],"yoast_head":"<!-- This site is optimized with the Yoast SEO plugin v27.5 - https:\/\/yoast.com\/product\/yoast-seo-wordpress\/ -->\n<title>EHEIM Sepet Contas\u0131 (2226-2228) - Anadolu Pet Grup<\/title>\n<meta name=\"robots\" content=\"index, follow, max-snippet:-1, max-image-preview:large, max-video-preview:-1\" \/>\n<link rel=\"canonical\" href=\"https:\/\/anadolupet.com.tr\/en\/product\/eheim-sepet-contasi-2226-2228\/\" \/>\n<meta property=\"og:locale\" content=\"en_US\" \/>\n<meta property=\"og:type\" content=\"article\" \/>\n<meta property=\"og:title\" content=\"EHEIM Sepet Contas\u0131 (2226-2228) - Anadolu Pet Grup\" \/>\n<meta property=\"og:description\" content=\"EHEIM sepet contas\u0131 (basket seal), yaln\u0131zca Eheim 2226 ve 2228 akvaryum d\u0131\u015f filtre modelleri i\u00e7in \u00f6zel olarak \u00fcretilmi\u015f orijinal yedek par\u00e7ad\u0131r. Filtre i\u00e7indeki sepetlerin birbirine ve g\u00f6vdeye oturdu\u011fu noktada s\u0131zd\u0131rmazl\u0131k sa\u011flayarak suyun do\u011fru y\u00f6nlendirilmesini garanti eder. Avantajlar ve \u00d6zellikler Orijinal EHEIM yedek par\u00e7a \u2013 tam uyum ve g\u00fcvenilirlik Sadece 2226 ve 2228 d\u0131\u015f filtreler i\u00e7in \u00f6zel tasar\u0131m Sepetler aras\u0131 ba\u011flant\u0131da tam s\u0131zd\u0131rmazl\u0131k sa\u011flar Filtre i\u00e7indeki su ak\u0131\u015f\u0131n\u0131n do\u011fru y\u00f6nlendirilmesine yard\u0131mc\u0131 olur Dayan\u0131kl\u0131 kau\u00e7uk malzeme \u2013 uzun \u00f6m\u00fcrl\u00fc kullan\u0131m Montaj\u0131 kolayd\u0131r\" \/>\n<meta property=\"og:url\" content=\"https:\/\/anadolupet.com.tr\/en\/product\/eheim-sepet-contasi-2226-2228\/\" \/>\n<meta property=\"og:site_name\" content=\"Anadolu Pet Grup\" \/>\n<meta property=\"article:modified_time\" content=\"2026-02-23T12:48:24+00:00\" \/>\n<meta property=\"og:image\" content=\"https:\/\/anadolupet.com.tr\/wp-content\/uploads\/2026\/02\/110-7343390.jpg\" \/>\n\t<meta property=\"og:image:width\" content=\"750\" \/>\n\t<meta property=\"og:image:height\" content=\"750\" \/>\n\t<meta property=\"og:image:type\" content=\"image\/jpeg\" \/>\n<meta name=\"twitter:card\" content=\"summary_large_image\" \/>\n<script type=\"application\/ld+json\" class=\"yoast-schema-graph\">{\"@context\":\"https:\\\/\\\/schema.org\",\"@graph\":[{\"@type\":\"WebPage\",\"@id\":\"https:\\\/\\\/anadolupet.com.tr\\\/urun\\\/eheim-sepet-contasi-2226-2228\\\/\",\"url\":\"https:\\\/\\\/anadolupet.com.tr\\\/urun\\\/eheim-sepet-contasi-2226-2228\\\/\",\"name\":\"EHEIM Sepet Contas\u0131 (2226-2228) - Anadolu Pet Grup\",\"isPartOf\":{\"@id\":\"https:\\\/\\\/anadolupet.com.tr\\\/#website\"},\"primaryImageOfPage\":{\"@id\":\"https:\\\/\\\/anadolupet.com.tr\\\/urun\\\/eheim-sepet-contasi-2226-2228\\\/#primaryimage\"},\"image\":{\"@id\":\"https:\\\/\\\/anadolupet.com.tr\\\/urun\\\/eheim-sepet-contasi-2226-2228\\\/#primaryimage\"},\"thumbnailUrl\":\"https:\\\/\\\/anadolupet.com.tr\\\/wp-content\\\/uploads\\\/2026\\\/02\\\/110-7343390.jpg\",\"datePublished\":\"2026-02-14T14:40:39+00:00\",\"dateModified\":\"2026-02-23T12:48:24+00:00\",\"breadcrumb\":{\"@id\":\"https:\\\/\\\/anadolupet.com.tr\\\/urun\\\/eheim-sepet-contasi-2226-2228\\\/#breadcrumb\"},\"inLanguage\":\"en-US\",\"potentialAction\":[{\"@type\":\"ReadAction\",\"target\":[\"https:\\\/\\\/anadolupet.com.tr\\\/urun\\\/eheim-sepet-contasi-2226-2228\\\/\"]}]},{\"@type\":\"ImageObject\",\"inLanguage\":\"en-US\",\"@id\":\"https:\\\/\\\/anadolupet.com.tr\\\/urun\\\/eheim-sepet-contasi-2226-2228\\\/#primaryimage\",\"url\":\"https:\\\/\\\/anadolupet.com.tr\\\/wp-content\\\/uploads\\\/2026\\\/02\\\/110-7343390.jpg\",\"contentUrl\":\"https:\\\/\\\/anadolupet.com.tr\\\/wp-content\\\/uploads\\\/2026\\\/02\\\/110-7343390.jpg\",\"width\":750,\"height\":750},{\"@type\":\"BreadcrumbList\",\"@id\":\"https:\\\/\\\/anadolupet.com.tr\\\/urun\\\/eheim-sepet-contasi-2226-2228\\\/#breadcrumb\",\"itemListElement\":[{\"@type\":\"ListItem\",\"position\":1,\"name\":\"Anasayfa\",\"item\":\"https:\\\/\\\/anadolupet.com.tr\\\/\"},{\"@type\":\"ListItem\",\"position\":2,\"name\":\"\u00dcr\u00fcnler\",\"item\":\"https:\\\/\\\/anadolupet.com.tr\\\/urunler\\\/\"},{\"@type\":\"ListItem\",\"position\":3,\"name\":\"EHEIM Sepet Contas\u0131 (2226-2228)\"}]},{\"@type\":\"WebSite\",\"@id\":\"https:\\\/\\\/anadolupet.com.tr\\\/#website\",\"url\":\"https:\\\/\\\/anadolupet.com.tr\\\/\",\"name\":\"Anadolu Pet Grup\",\"description\":\"Her Can\u0131n \u0130yi Ya\u015fam\u0131 \u0130\u00e7in Biraraday\u0131z\",\"publisher\":{\"@id\":\"https:\\\/\\\/anadolupet.com.tr\\\/#organization\"},\"potentialAction\":[{\"@type\":\"SearchAction\",\"target\":{\"@type\":\"EntryPoint\",\"urlTemplate\":\"https:\\\/\\\/anadolupet.com.tr\\\/?s={search_term_string}\"},\"query-input\":{\"@type\":\"PropertyValueSpecification\",\"valueRequired\":true,\"valueName\":\"search_term_string\"}}],\"inLanguage\":\"en-US\"},{\"@type\":\"Organization\",\"@id\":\"https:\\\/\\\/anadolupet.com.tr\\\/#organization\",\"name\":\"Anadolu Pet Grup\",\"alternateName\":\"Anadolu Pet\",\"url\":\"https:\\\/\\\/anadolupet.com.tr\\\/\",\"logo\":{\"@type\":\"ImageObject\",\"inLanguage\":\"en-US\",\"@id\":\"https:\\\/\\\/anadolupet.com.tr\\\/#\\\/schema\\\/logo\\\/image\\\/\",\"url\":\"https:\\\/\\\/anadolupet.com.tr\\\/wp-content\\\/uploads\\\/2026\\\/03\\\/1614666743370.jpg\",\"contentUrl\":\"https:\\\/\\\/anadolupet.com.tr\\\/wp-content\\\/uploads\\\/2026\\\/03\\\/1614666743370.jpg\",\"width\":800,\"height\":571,\"caption\":\"Anadolu Pet Grup\"},\"image\":{\"@id\":\"https:\\\/\\\/anadolupet.com.tr\\\/#\\\/schema\\\/logo\\\/image\\\/\"}}]}<\/script>\n<!-- \/ Yoast SEO plugin. -->","yoast_head_json":{"title":"EHEIM Sepet Contas\u0131 (2226-2228) - Anadolu Pet Grup","robots":{"index":"index","follow":"follow","max-snippet":"max-snippet:-1","max-image-preview":"max-image-preview:large","max-video-preview":"max-video-preview:-1"},"canonical":"https:\/\/anadolupet.com.tr\/en\/product\/eheim-sepet-contasi-2226-2228\/","og_locale":"en_US","og_type":"article","og_title":"EHEIM Sepet Contas\u0131 (2226-2228) - Anadolu Pet Grup","og_description":"EHEIM sepet contas\u0131 (basket seal), yaln\u0131zca Eheim 2226 ve 2228 akvaryum d\u0131\u015f filtre modelleri i\u00e7in \u00f6zel olarak \u00fcretilmi\u015f orijinal yedek par\u00e7ad\u0131r. Filtre i\u00e7indeki sepetlerin birbirine ve g\u00f6vdeye oturdu\u011fu noktada s\u0131zd\u0131rmazl\u0131k sa\u011flayarak suyun do\u011fru y\u00f6nlendirilmesini garanti eder. Avantajlar ve \u00d6zellikler Orijinal EHEIM yedek par\u00e7a \u2013 tam uyum ve g\u00fcvenilirlik Sadece 2226 ve 2228 d\u0131\u015f filtreler i\u00e7in \u00f6zel tasar\u0131m Sepetler aras\u0131 ba\u011flant\u0131da tam s\u0131zd\u0131rmazl\u0131k sa\u011flar Filtre i\u00e7indeki su ak\u0131\u015f\u0131n\u0131n do\u011fru y\u00f6nlendirilmesine yard\u0131mc\u0131 olur Dayan\u0131kl\u0131 kau\u00e7uk malzeme \u2013 uzun \u00f6m\u00fcrl\u00fc kullan\u0131m Montaj\u0131 kolayd\u0131r","og_url":"https:\/\/anadolupet.com.tr\/en\/product\/eheim-sepet-contasi-2226-2228\/","og_site_name":"Anadolu Pet Grup","article_modified_time":"2026-02-23T12:48:24+00:00","og_image":[{"width":750,"height":750,"url":"https:\/\/anadolupet.com.tr\/wp-content\/uploads\/2026\/02\/110-7343390.jpg","type":"image\/jpeg"}],"twitter_card":"summary_large_image","schema":{"@context":"https:\/\/schema.org","@graph":[{"@type":"WebPage","@id":"https:\/\/anadolupet.com.tr\/urun\/eheim-sepet-contasi-2226-2228\/","url":"https:\/\/anadolupet.com.tr\/urun\/eheim-sepet-contasi-2226-2228\/","name":"EHEIM Sepet Contas\u0131 (2226-2228) - Anadolu Pet Grup","isPartOf":{"@id":"https:\/\/anadolupet.com.tr\/#website"},"primaryImageOfPage":{"@id":"https:\/\/anadolupet.com.tr\/urun\/eheim-sepet-contasi-2226-2228\/#primaryimage"},"image":{"@id":"https:\/\/anadolupet.com.tr\/urun\/eheim-sepet-contasi-2226-2228\/#primaryimage"},"thumbnailUrl":"https:\/\/anadolupet.com.tr\/wp-content\/uploads\/2026\/02\/110-7343390.jpg","datePublished":"2026-02-14T14:40:39+00:00","dateModified":"2026-02-23T12:48:24+00:00","breadcrumb":{"@id":"https:\/\/anadolupet.com.tr\/urun\/eheim-sepet-contasi-2226-2228\/#breadcrumb"},"inLanguage":"en-US","potentialAction":[{"@type":"ReadAction","target":["https:\/\/anadolupet.com.tr\/urun\/eheim-sepet-contasi-2226-2228\/"]}]},{"@type":"ImageObject","inLanguage":"en-US","@id":"https:\/\/anadolupet.com.tr\/urun\/eheim-sepet-contasi-2226-2228\/#primaryimage","url":"https:\/\/anadolupet.com.tr\/wp-content\/uploads\/2026\/02\/110-7343390.jpg","contentUrl":"https:\/\/anadolupet.com.tr\/wp-content\/uploads\/2026\/02\/110-7343390.jpg","width":750,"height":750},{"@type":"BreadcrumbList","@id":"https:\/\/anadolupet.com.tr\/urun\/eheim-sepet-contasi-2226-2228\/#breadcrumb","itemListElement":[{"@type":"ListItem","position":1,"name":"Anasayfa","item":"https:\/\/anadolupet.com.tr\/"},{"@type":"ListItem","position":2,"name":"\u00dcr\u00fcnler","item":"https:\/\/anadolupet.com.tr\/urunler\/"},{"@type":"ListItem","position":3,"name":"EHEIM Sepet Contas\u0131 (2226-2228)"}]},{"@type":"WebSite","@id":"https:\/\/anadolupet.com.tr\/#website","url":"https:\/\/anadolupet.com.tr\/","name":"Anadolu Pet Group","description":"We Stand Together for the Well-Being of Every Life","publisher":{"@id":"https:\/\/anadolupet.com.tr\/#organization"},"potentialAction":[{"@type":"SearchAction","target":{"@type":"EntryPoint","urlTemplate":"https:\/\/anadolupet.com.tr\/?s={search_term_string}"},"query-input":{"@type":"PropertyValueSpecification","valueRequired":true,"valueName":"search_term_string"}}],"inLanguage":"en-US"},{"@type":"Organization","@id":"https:\/\/anadolupet.com.tr\/#organization","name":"Anadolu Pet Group","alternateName":"Anadolu Pet","url":"https:\/\/anadolupet.com.tr\/","logo":{"@type":"ImageObject","inLanguage":"en-US","@id":"https:\/\/anadolupet.com.tr\/#\/schema\/logo\/image\/","url":"https:\/\/anadolupet.com.tr\/wp-content\/uploads\/2026\/03\/1614666743370.jpg","contentUrl":"https:\/\/anadolupet.com.tr\/wp-content\/uploads\/2026\/03\/1614666743370.jpg","width":800,"height":571,"caption":"Anadolu Pet Grup"},"image":{"@id":"https:\/\/anadolupet.com.tr\/#\/schema\/logo\/image\/"}}]}},"_links":{"self":[{"href":"https:\/\/anadolupet.com.tr\/en\/wp-json\/wp\/v2\/product\/45113","targetHints":{"allow":["GET"]}}],"collection":[{"href":"https:\/\/anadolupet.com.tr\/en\/wp-json\/wp\/v2\/product"}],"about":[{"href":"https:\/\/anadolupet.com.tr\/en\/wp-json\/wp\/v2\/types\/product"}],"replies":[{"embeddable":true,"href":"https:\/\/anadolupet.com.tr\/en\/wp-json\/wp\/v2\/comments?post=45113"}],"wp:featuredmedia":[{"embeddable":true,"href":"https:\/\/anadolupet.com.tr\/en\/wp-json\/wp\/v2\/media\/42649"}],"wp:attachment":[{"href":"https:\/\/anadolupet.com.tr\/en\/wp-json\/wp\/v2\/media?parent=45113"}],"wp:term":[{"taxonomy":"product_brand","embeddable":true,"href":"https:\/\/anadolupet.com.tr\/en\/wp-json\/wp\/v2\/product_brand?post=45113"},{"taxonomy":"product_cat","embeddable":true,"href":"https:\/\/anadolupet.com.tr\/en\/wp-json\/wp\/v2\/product_cat?post=45113"},{"taxonomy":"product_tag","embeddable":true,"href":"https:\/\/anadolupet.com.tr\/en\/wp-json\/wp\/v2\/product_tag?post=45113"}],"curies":[{"name":"wp","href":"https:\/\/api.w.org\/{rel}","templated":true}]}}