{"id":45114,"date":"2026-02-14T14:40:39","date_gmt":"2026-02-14T14:40:39","guid":{"rendered":"https:\/\/anadolupet.com.tr\/?post_type=product&#038;p=45114"},"modified":"2026-02-23T12:48:25","modified_gmt":"2026-02-23T12:48:25","slug":"eheim-skim-350-akvaryum-yuzey-temizleme-filtresi","status":"publish","type":"product","link":"https:\/\/anadolupet.com.tr\/en\/urun\/eheim-skim-350-akvaryum-yuzey-temizleme-filtresi\/","title":{"rendered":"EHEIM Skim 350 Akvaryum Y\u00fczey Temizleme Filtresi"},"content":{"rendered":"","protected":false},"excerpt":{"rendered":"<p>EHEIM skim350, 350 litreye kadar olan k\u00fc\u00e7\u00fck ve orta boy akvaryumlar i\u00e7in geli\u015ftirilmi\u015f kompakt bir y\u00fczey temizleyicidir. Basit, h\u0131zl\u0131 ve esnek kullan\u0131m\u0131yla akvaryumunuzda olu\u015fan y\u00fczey tabakas\u0131n\u0131 (mikroorganizmalar, toz, ya\u011flar ve yem kal\u0131nt\u0131lar\u0131) etkili \u015fekilde ortadan kald\u0131r\u0131r. B\u00f6ylece su y\u00fczeyi cam gibi berrak olur ve akvaryumda oksijen seviyesi artar.<\/p>\n<p>Kullan\u0131ma haz\u0131r \u015fekilde gelir ve vantuzlarla cama kolayca sabitlenir. S\u00fcrekli kullan\u0131m i\u00e7in tasarlanm\u0131\u015f olsa da k\u0131sa s\u00fcreli kullan\u0131m i\u00e7in de uygundur. Birden fazla akvaryumda d\u00f6n\u00fc\u015f\u00fcml\u00fc kullan\u0131lacaksa, yosun sporlar\u0131 veya hastal\u0131klar\u0131n ta\u015f\u0131nmamas\u0131na dikkat edilmelidir.<\/p>\n<p>Kir ve bakteri par\u00e7ac\u0131klar\u0131 filtre s\u00fcngerinde toplan\u0131r. S\u00fcngeri \u00e7\u0131karmak ve her kullan\u0131m sonras\u0131 iyice temizlemek yeterlidir.<\/p>\n<p>Avantajlar ve \u00d6zellikler<br \/>\n350 litreye kadar akvaryumlar i\u00e7in mikro y\u00fczey temizleyici<\/p>\n<p>Y\u00fczeyde olu\u015fan film tabakas\u0131n\u0131 ve mikroorganizmalar\u0131 etkili \u015fekilde temizler<\/p>\n<p>Do\u011fru gaz de\u011fi\u015fimini destekler, oksijen seviyesini art\u0131r\u0131r<\/p>\n<p>Hem uzun s\u00fcreli hem de k\u0131sa s\u00fcreli kullan\u0131m i\u00e7in uygun<\/p>\n<p>Kolay kurulum \u2013 vantuzlarla cama sabitleme<\/p>\n<p>Yaln\u0131zca 5 W enerji t\u00fcketimi \u2013 d\u00fc\u015f\u00fck g\u00fc\u00e7, y\u00fcksek verimlilik<\/p>","protected":false},"featured_media":42400,"comment_status":"open","ping_status":"closed","template":"","meta":{"_acf_changed":false},"product_brand":[],"product_cat":[2392],"product_tag":[],"class_list":{"0":"post-45114","1":"product","2":"type-product","3":"status-publish","4":"has-post-thumbnail","6":"product_cat-ic-filtreler","8":"first","9":"instock","10":"shipping-taxable","11":"product-type-simple"},"acf":[],"yoast_head":"<!-- This site is optimized with the Yoast SEO plugin v27.5 - https:\/\/yoast.com\/product\/yoast-seo-wordpress\/ -->\n<title>EHEIM Skim 350 Akvaryum Y\u00fczey Temizleme Filtresi - Anadolu Pet Grup<\/title>\n<meta name=\"robots\" content=\"index, follow, max-snippet:-1, max-image-preview:large, max-video-preview:-1\" \/>\n<link rel=\"canonical\" href=\"https:\/\/anadolupet.com.tr\/en\/product\/eheim-skim-350-akvaryum-yuzey-temizleme-filtresi\/\" \/>\n<meta property=\"og:locale\" content=\"en_US\" \/>\n<meta property=\"og:type\" content=\"article\" \/>\n<meta property=\"og:title\" content=\"EHEIM Skim 350 Akvaryum Y\u00fczey Temizleme Filtresi - Anadolu Pet Grup\" \/>\n<meta property=\"og:description\" content=\"EHEIM skim350, 350 litreye kadar olan k\u00fc\u00e7\u00fck ve orta boy akvaryumlar i\u00e7in geli\u015ftirilmi\u015f kompakt bir y\u00fczey temizleyicidir. Basit, h\u0131zl\u0131 ve esnek kullan\u0131m\u0131yla akvaryumunuzda olu\u015fan y\u00fczey tabakas\u0131n\u0131 (mikroorganizmalar, toz, ya\u011flar ve yem kal\u0131nt\u0131lar\u0131) etkili \u015fekilde ortadan kald\u0131r\u0131r. B\u00f6ylece su y\u00fczeyi cam gibi berrak olur ve akvaryumda oksijen seviyesi artar. Kullan\u0131ma haz\u0131r \u015fekilde gelir ve vantuzlarla cama kolayca sabitlenir. S\u00fcrekli kullan\u0131m i\u00e7in tasarlanm\u0131\u015f olsa da k\u0131sa s\u00fcreli kullan\u0131m i\u00e7in de uygundur. Birden fazla akvaryumda d\u00f6n\u00fc\u015f\u00fcml\u00fc kullan\u0131lacaksa, yosun sporlar\u0131 veya hastal\u0131klar\u0131n ta\u015f\u0131nmamas\u0131na dikkat edilmelidir. Kir ve bakteri par\u00e7ac\u0131klar\u0131 filtre s\u00fcngerinde toplan\u0131r. S\u00fcngeri \u00e7\u0131karmak ve her kullan\u0131m sonras\u0131 iyice temizlemek yeterlidir. Avantajlar ve \u00d6zellikler 350 litreye kadar akvaryumlar i\u00e7in mikro y\u00fczey temizleyici Y\u00fczeyde olu\u015fan film tabakas\u0131n\u0131 ve mikroorganizmalar\u0131 etkili \u015fekilde temizler Do\u011fru gaz de\u011fi\u015fimini destekler, oksijen seviyesini art\u0131r\u0131r Hem uzun s\u00fcreli hem de k\u0131sa s\u00fcreli kullan\u0131m i\u00e7in uygun Kolay kurulum \u2013 vantuzlarla cama sabitleme Yaln\u0131zca 5 W enerji t\u00fcketimi \u2013 d\u00fc\u015f\u00fck g\u00fc\u00e7, y\u00fcksek verimlilik\" \/>\n<meta property=\"og:url\" content=\"https:\/\/anadolupet.com.tr\/en\/product\/eheim-skim-350-akvaryum-yuzey-temizleme-filtresi\/\" \/>\n<meta property=\"og:site_name\" content=\"Anadolu Pet Grup\" \/>\n<meta property=\"article:modified_time\" content=\"2026-02-23T12:48:25+00:00\" \/>\n<meta property=\"og:image\" content=\"https:\/\/anadolupet.com.tr\/wp-content\/uploads\/2026\/02\/105-3536220.jpg\" \/>\n\t<meta property=\"og:image:width\" content=\"750\" \/>\n\t<meta property=\"og:image:height\" content=\"750\" \/>\n\t<meta property=\"og:image:type\" content=\"image\/jpeg\" \/>\n<meta name=\"twitter:card\" content=\"summary_large_image\" \/>\n<script type=\"application\/ld+json\" class=\"yoast-schema-graph\">{\"@context\":\"https:\\\/\\\/schema.org\",\"@graph\":[{\"@type\":\"WebPage\",\"@id\":\"https:\\\/\\\/anadolupet.com.tr\\\/urun\\\/eheim-skim-350-akvaryum-yuzey-temizleme-filtresi\\\/\",\"url\":\"https:\\\/\\\/anadolupet.com.tr\\\/urun\\\/eheim-skim-350-akvaryum-yuzey-temizleme-filtresi\\\/\",\"name\":\"EHEIM Skim 350 Akvaryum Y\u00fczey Temizleme Filtresi - Anadolu Pet Grup\",\"isPartOf\":{\"@id\":\"https:\\\/\\\/anadolupet.com.tr\\\/#website\"},\"primaryImageOfPage\":{\"@id\":\"https:\\\/\\\/anadolupet.com.tr\\\/urun\\\/eheim-skim-350-akvaryum-yuzey-temizleme-filtresi\\\/#primaryimage\"},\"image\":{\"@id\":\"https:\\\/\\\/anadolupet.com.tr\\\/urun\\\/eheim-skim-350-akvaryum-yuzey-temizleme-filtresi\\\/#primaryimage\"},\"thumbnailUrl\":\"https:\\\/\\\/anadolupet.com.tr\\\/wp-content\\\/uploads\\\/2026\\\/02\\\/105-3536220.jpg\",\"datePublished\":\"2026-02-14T14:40:39+00:00\",\"dateModified\":\"2026-02-23T12:48:25+00:00\",\"breadcrumb\":{\"@id\":\"https:\\\/\\\/anadolupet.com.tr\\\/urun\\\/eheim-skim-350-akvaryum-yuzey-temizleme-filtresi\\\/#breadcrumb\"},\"inLanguage\":\"en-US\",\"potentialAction\":[{\"@type\":\"ReadAction\",\"target\":[\"https:\\\/\\\/anadolupet.com.tr\\\/urun\\\/eheim-skim-350-akvaryum-yuzey-temizleme-filtresi\\\/\"]}]},{\"@type\":\"ImageObject\",\"inLanguage\":\"en-US\",\"@id\":\"https:\\\/\\\/anadolupet.com.tr\\\/urun\\\/eheim-skim-350-akvaryum-yuzey-temizleme-filtresi\\\/#primaryimage\",\"url\":\"https:\\\/\\\/anadolupet.com.tr\\\/wp-content\\\/uploads\\\/2026\\\/02\\\/105-3536220.jpg\",\"contentUrl\":\"https:\\\/\\\/anadolupet.com.tr\\\/wp-content\\\/uploads\\\/2026\\\/02\\\/105-3536220.jpg\",\"width\":750,\"height\":750},{\"@type\":\"BreadcrumbList\",\"@id\":\"https:\\\/\\\/anadolupet.com.tr\\\/urun\\\/eheim-skim-350-akvaryum-yuzey-temizleme-filtresi\\\/#breadcrumb\",\"itemListElement\":[{\"@type\":\"ListItem\",\"position\":1,\"name\":\"Anasayfa\",\"item\":\"https:\\\/\\\/anadolupet.com.tr\\\/\"},{\"@type\":\"ListItem\",\"position\":2,\"name\":\"\u00dcr\u00fcnler\",\"item\":\"https:\\\/\\\/anadolupet.com.tr\\\/urunler\\\/\"},{\"@type\":\"ListItem\",\"position\":3,\"name\":\"EHEIM Skim 350 Akvaryum Y\u00fczey Temizleme Filtresi\"}]},{\"@type\":\"WebSite\",\"@id\":\"https:\\\/\\\/anadolupet.com.tr\\\/#website\",\"url\":\"https:\\\/\\\/anadolupet.com.tr\\\/\",\"name\":\"Anadolu Pet Grup\",\"description\":\"Her Can\u0131n \u0130yi Ya\u015fam\u0131 \u0130\u00e7in Biraraday\u0131z\",\"publisher\":{\"@id\":\"https:\\\/\\\/anadolupet.com.tr\\\/#organization\"},\"potentialAction\":[{\"@type\":\"SearchAction\",\"target\":{\"@type\":\"EntryPoint\",\"urlTemplate\":\"https:\\\/\\\/anadolupet.com.tr\\\/?s={search_term_string}\"},\"query-input\":{\"@type\":\"PropertyValueSpecification\",\"valueRequired\":true,\"valueName\":\"search_term_string\"}}],\"inLanguage\":\"en-US\"},{\"@type\":\"Organization\",\"@id\":\"https:\\\/\\\/anadolupet.com.tr\\\/#organization\",\"name\":\"Anadolu Pet Grup\",\"alternateName\":\"Anadolu Pet\",\"url\":\"https:\\\/\\\/anadolupet.com.tr\\\/\",\"logo\":{\"@type\":\"ImageObject\",\"inLanguage\":\"en-US\",\"@id\":\"https:\\\/\\\/anadolupet.com.tr\\\/#\\\/schema\\\/logo\\\/image\\\/\",\"url\":\"https:\\\/\\\/anadolupet.com.tr\\\/wp-content\\\/uploads\\\/2026\\\/03\\\/1614666743370.jpg\",\"contentUrl\":\"https:\\\/\\\/anadolupet.com.tr\\\/wp-content\\\/uploads\\\/2026\\\/03\\\/1614666743370.jpg\",\"width\":800,\"height\":571,\"caption\":\"Anadolu Pet Grup\"},\"image\":{\"@id\":\"https:\\\/\\\/anadolupet.com.tr\\\/#\\\/schema\\\/logo\\\/image\\\/\"}}]}<\/script>\n<!-- \/ Yoast SEO plugin. -->","yoast_head_json":{"title":"EHEIM Skim 350 Akvaryum Y\u00fczey Temizleme Filtresi - Anadolu Pet Grup","robots":{"index":"index","follow":"follow","max-snippet":"max-snippet:-1","max-image-preview":"max-image-preview:large","max-video-preview":"max-video-preview:-1"},"canonical":"https:\/\/anadolupet.com.tr\/en\/product\/eheim-skim-350-akvaryum-yuzey-temizleme-filtresi\/","og_locale":"en_US","og_type":"article","og_title":"EHEIM Skim 350 Akvaryum Y\u00fczey Temizleme Filtresi - Anadolu Pet Grup","og_description":"EHEIM skim350, 350 litreye kadar olan k\u00fc\u00e7\u00fck ve orta boy akvaryumlar i\u00e7in geli\u015ftirilmi\u015f kompakt bir y\u00fczey temizleyicidir. Basit, h\u0131zl\u0131 ve esnek kullan\u0131m\u0131yla akvaryumunuzda olu\u015fan y\u00fczey tabakas\u0131n\u0131 (mikroorganizmalar, toz, ya\u011flar ve yem kal\u0131nt\u0131lar\u0131) etkili \u015fekilde ortadan kald\u0131r\u0131r. B\u00f6ylece su y\u00fczeyi cam gibi berrak olur ve akvaryumda oksijen seviyesi artar. Kullan\u0131ma haz\u0131r \u015fekilde gelir ve vantuzlarla cama kolayca sabitlenir. S\u00fcrekli kullan\u0131m i\u00e7in tasarlanm\u0131\u015f olsa da k\u0131sa s\u00fcreli kullan\u0131m i\u00e7in de uygundur. Birden fazla akvaryumda d\u00f6n\u00fc\u015f\u00fcml\u00fc kullan\u0131lacaksa, yosun sporlar\u0131 veya hastal\u0131klar\u0131n ta\u015f\u0131nmamas\u0131na dikkat edilmelidir. Kir ve bakteri par\u00e7ac\u0131klar\u0131 filtre s\u00fcngerinde toplan\u0131r. S\u00fcngeri \u00e7\u0131karmak ve her kullan\u0131m sonras\u0131 iyice temizlemek yeterlidir. Avantajlar ve \u00d6zellikler 350 litreye kadar akvaryumlar i\u00e7in mikro y\u00fczey temizleyici Y\u00fczeyde olu\u015fan film tabakas\u0131n\u0131 ve mikroorganizmalar\u0131 etkili \u015fekilde temizler Do\u011fru gaz de\u011fi\u015fimini destekler, oksijen seviyesini art\u0131r\u0131r Hem uzun s\u00fcreli hem de k\u0131sa s\u00fcreli kullan\u0131m i\u00e7in uygun Kolay kurulum \u2013 vantuzlarla cama sabitleme Yaln\u0131zca 5 W enerji t\u00fcketimi \u2013 d\u00fc\u015f\u00fck g\u00fc\u00e7, y\u00fcksek verimlilik","og_url":"https:\/\/anadolupet.com.tr\/en\/product\/eheim-skim-350-akvaryum-yuzey-temizleme-filtresi\/","og_site_name":"Anadolu Pet Grup","article_modified_time":"2026-02-23T12:48:25+00:00","og_image":[{"width":750,"height":750,"url":"https:\/\/anadolupet.com.tr\/wp-content\/uploads\/2026\/02\/105-3536220.jpg","type":"image\/jpeg"}],"twitter_card":"summary_large_image","schema":{"@context":"https:\/\/schema.org","@graph":[{"@type":"WebPage","@id":"https:\/\/anadolupet.com.tr\/urun\/eheim-skim-350-akvaryum-yuzey-temizleme-filtresi\/","url":"https:\/\/anadolupet.com.tr\/urun\/eheim-skim-350-akvaryum-yuzey-temizleme-filtresi\/","name":"EHEIM Skim 350 Akvaryum Y\u00fczey Temizleme Filtresi - Anadolu Pet Grup","isPartOf":{"@id":"https:\/\/anadolupet.com.tr\/#website"},"primaryImageOfPage":{"@id":"https:\/\/anadolupet.com.tr\/urun\/eheim-skim-350-akvaryum-yuzey-temizleme-filtresi\/#primaryimage"},"image":{"@id":"https:\/\/anadolupet.com.tr\/urun\/eheim-skim-350-akvaryum-yuzey-temizleme-filtresi\/#primaryimage"},"thumbnailUrl":"https:\/\/anadolupet.com.tr\/wp-content\/uploads\/2026\/02\/105-3536220.jpg","datePublished":"2026-02-14T14:40:39+00:00","dateModified":"2026-02-23T12:48:25+00:00","breadcrumb":{"@id":"https:\/\/anadolupet.com.tr\/urun\/eheim-skim-350-akvaryum-yuzey-temizleme-filtresi\/#breadcrumb"},"inLanguage":"en-US","potentialAction":[{"@type":"ReadAction","target":["https:\/\/anadolupet.com.tr\/urun\/eheim-skim-350-akvaryum-yuzey-temizleme-filtresi\/"]}]},{"@type":"ImageObject","inLanguage":"en-US","@id":"https:\/\/anadolupet.com.tr\/urun\/eheim-skim-350-akvaryum-yuzey-temizleme-filtresi\/#primaryimage","url":"https:\/\/anadolupet.com.tr\/wp-content\/uploads\/2026\/02\/105-3536220.jpg","contentUrl":"https:\/\/anadolupet.com.tr\/wp-content\/uploads\/2026\/02\/105-3536220.jpg","width":750,"height":750},{"@type":"BreadcrumbList","@id":"https:\/\/anadolupet.com.tr\/urun\/eheim-skim-350-akvaryum-yuzey-temizleme-filtresi\/#breadcrumb","itemListElement":[{"@type":"ListItem","position":1,"name":"Anasayfa","item":"https:\/\/anadolupet.com.tr\/"},{"@type":"ListItem","position":2,"name":"\u00dcr\u00fcnler","item":"https:\/\/anadolupet.com.tr\/urunler\/"},{"@type":"ListItem","position":3,"name":"EHEIM Skim 350 Akvaryum Y\u00fczey Temizleme Filtresi"}]},{"@type":"WebSite","@id":"https:\/\/anadolupet.com.tr\/#website","url":"https:\/\/anadolupet.com.tr\/","name":"Anadolu Pet Group","description":"We Stand Together for the Well-Being of Every Life","publisher":{"@id":"https:\/\/anadolupet.com.tr\/#organization"},"potentialAction":[{"@type":"SearchAction","target":{"@type":"EntryPoint","urlTemplate":"https:\/\/anadolupet.com.tr\/?s={search_term_string}"},"query-input":{"@type":"PropertyValueSpecification","valueRequired":true,"valueName":"search_term_string"}}],"inLanguage":"en-US"},{"@type":"Organization","@id":"https:\/\/anadolupet.com.tr\/#organization","name":"Anadolu Pet Group","alternateName":"Anadolu Pet","url":"https:\/\/anadolupet.com.tr\/","logo":{"@type":"ImageObject","inLanguage":"en-US","@id":"https:\/\/anadolupet.com.tr\/#\/schema\/logo\/image\/","url":"https:\/\/anadolupet.com.tr\/wp-content\/uploads\/2026\/03\/1614666743370.jpg","contentUrl":"https:\/\/anadolupet.com.tr\/wp-content\/uploads\/2026\/03\/1614666743370.jpg","width":800,"height":571,"caption":"Anadolu Pet Grup"},"image":{"@id":"https:\/\/anadolupet.com.tr\/#\/schema\/logo\/image\/"}}]}},"_links":{"self":[{"href":"https:\/\/anadolupet.com.tr\/en\/wp-json\/wp\/v2\/product\/45114","targetHints":{"allow":["GET"]}}],"collection":[{"href":"https:\/\/anadolupet.com.tr\/en\/wp-json\/wp\/v2\/product"}],"about":[{"href":"https:\/\/anadolupet.com.tr\/en\/wp-json\/wp\/v2\/types\/product"}],"replies":[{"embeddable":true,"href":"https:\/\/anadolupet.com.tr\/en\/wp-json\/wp\/v2\/comments?post=45114"}],"wp:featuredmedia":[{"embeddable":true,"href":"https:\/\/anadolupet.com.tr\/en\/wp-json\/wp\/v2\/media\/42400"}],"wp:attachment":[{"href":"https:\/\/anadolupet.com.tr\/en\/wp-json\/wp\/v2\/media?parent=45114"}],"wp:term":[{"taxonomy":"product_brand","embeddable":true,"href":"https:\/\/anadolupet.com.tr\/en\/wp-json\/wp\/v2\/product_brand?post=45114"},{"taxonomy":"product_cat","embeddable":true,"href":"https:\/\/anadolupet.com.tr\/en\/wp-json\/wp\/v2\/product_cat?post=45114"},{"taxonomy":"product_tag","embeddable":true,"href":"https:\/\/anadolupet.com.tr\/en\/wp-json\/wp\/v2\/product_tag?post=45114"}],"curies":[{"name":"wp","href":"https:\/\/api.w.org\/{rel}","templated":true}]}}