{"id":45115,"date":"2026-02-14T14:40:39","date_gmt":"2026-02-14T14:40:39","guid":{"rendered":"https:\/\/anadolupet.com.tr\/?post_type=product&#038;p=45115"},"modified":"2026-02-23T12:48:25","modified_gmt":"2026-02-23T12:48:25","slug":"eheim-skim-marine-100-protein-skimmer","status":"publish","type":"product","link":"https:\/\/anadolupet.com.tr\/en\/urun\/eheim-skim-marine-100-protein-skimmer\/","title":{"rendered":"EHEIM Skim Marine 100 Protein Skimmer"},"content":{"rendered":"","protected":false},"excerpt":{"rendered":"<p>EHEIM skimmarine 100 Nano, k\u00fc\u00e7\u00fck deniz akvaryumlar\u0131 i\u00e7in geli\u015ftirilmi\u015f kompakt ve y\u00fcksek verimli bir protein skimmerd\u0131r. Yeni 2 odac\u0131kl\u0131 sistem sayesinde kirli su bir odac\u0131\u011fa y\u00f6nlendirilirken temiz su di\u011fer odac\u0131ktan akvaryuma geri d\u00f6ner. Bu net ak\u0131\u015f y\u00f6n\u00fc, cihaz\u0131n verimlili\u011fini art\u0131r\u0131r.<\/p>\n<p>Sessiz \u00e7al\u0131\u015fman\u0131n s\u0131rr\u0131 ise y\u00fcksek kaliteli kire\u00e7 a\u011fac\u0131 dif\u00fcz\u00f6r\u00fcd\u00fcr. Motoru bulunmad\u0131\u011f\u0131ndan \u00e7al\u0131\u015ft\u0131rmak i\u00e7in EHEIM air100 hava pompas\u0131 gereklidir.<\/p>\n<p>Avantajlar ve \u00d6zellikler<br \/>\n100 litreye kadar k\u00fc\u00e7\u00fck deniz akvaryumlar\u0131 i\u00e7in uygun<\/p>\n<p>Yeni 2 odac\u0131kl\u0131 sistem \u2013 daha y\u00fcksek verimlilik<\/p>\n<p>Y\u00fcksek k\u00f6p\u00fckleme performans\u0131<\/p>\n<p>Kompakt tasar\u0131m \u2013 akvaryumda az yer kaplar<\/p>\n<p>Manyetik tutucu ile kolay ve g\u00fcvenli sabitleme<\/p>\n<p>Tamamen s\u00f6k\u00fclebilir tasar\u0131m \u2013 kolay temizlik<\/p>\n<p>Sessiz \u00e7al\u0131\u015fma \u2013 kire\u00e7 a\u011fac\u0131 dif\u00fcz\u00f6r\u00fc sayesinde<\/p>\n<p>Do\u011fal plankton korunur \u2013 ekosisteme zarar vermez<\/p>\n<p>3 y\u0131l garanti \u2013 y\u00fcksek kalite ve g\u00fcvenilirlik<\/p>\n<p>EHEIM air100 hava pompas\u0131 ile \u00e7al\u0131\u015f\u0131r<\/p>\n<p>EHEIM skimmarine 100 Nano, k\u00fc\u00e7\u00fck deniz akvaryumlar\u0131nda sessiz, verimli ve g\u00fcvenilir k\u00f6p\u00fckleme sa\u011flayarak bal\u0131klar ve mercanlar i\u00e7in sa\u011fl\u0131kl\u0131 bir ya\u015fam ortam\u0131 olu\u015fturur.<\/p>","protected":false},"featured_media":42401,"comment_status":"open","ping_status":"closed","template":"","meta":{"_acf_changed":false},"product_brand":[],"product_cat":[2408],"product_tag":[],"class_list":{"0":"post-45115","1":"product","2":"type-product","3":"status-publish","4":"has-post-thumbnail","6":"product_cat-protein-skimmer","8":"first","9":"instock","10":"shipping-taxable","11":"product-type-simple"},"acf":[],"yoast_head":"<!-- This site is optimized with the Yoast SEO plugin v27.5 - https:\/\/yoast.com\/product\/yoast-seo-wordpress\/ -->\n<title>EHEIM Skim Marine 100 Protein Skimmer - Anadolu Pet Grup<\/title>\n<meta name=\"robots\" content=\"index, follow, max-snippet:-1, max-image-preview:large, max-video-preview:-1\" \/>\n<link rel=\"canonical\" href=\"https:\/\/anadolupet.com.tr\/en\/product\/eheim-skim-marine-100-protein-skimmer\/\" \/>\n<meta property=\"og:locale\" content=\"en_US\" \/>\n<meta property=\"og:type\" content=\"article\" \/>\n<meta property=\"og:title\" content=\"EHEIM Skim Marine 100 Protein Skimmer - Anadolu Pet Grup\" \/>\n<meta property=\"og:description\" content=\"EHEIM skimmarine 100 Nano, k\u00fc\u00e7\u00fck deniz akvaryumlar\u0131 i\u00e7in geli\u015ftirilmi\u015f kompakt ve y\u00fcksek verimli bir protein skimmerd\u0131r. Yeni 2 odac\u0131kl\u0131 sistem sayesinde kirli su bir odac\u0131\u011fa y\u00f6nlendirilirken temiz su di\u011fer odac\u0131ktan akvaryuma geri d\u00f6ner. Bu net ak\u0131\u015f y\u00f6n\u00fc, cihaz\u0131n verimlili\u011fini art\u0131r\u0131r. Sessiz \u00e7al\u0131\u015fman\u0131n s\u0131rr\u0131 ise y\u00fcksek kaliteli kire\u00e7 a\u011fac\u0131 dif\u00fcz\u00f6r\u00fcd\u00fcr. Motoru bulunmad\u0131\u011f\u0131ndan \u00e7al\u0131\u015ft\u0131rmak i\u00e7in EHEIM air100 hava pompas\u0131 gereklidir. Avantajlar ve \u00d6zellikler 100 litreye kadar k\u00fc\u00e7\u00fck deniz akvaryumlar\u0131 i\u00e7in uygun Yeni 2 odac\u0131kl\u0131 sistem \u2013 daha y\u00fcksek verimlilik Y\u00fcksek k\u00f6p\u00fckleme performans\u0131 Kompakt tasar\u0131m \u2013 akvaryumda az yer kaplar Manyetik tutucu ile kolay ve g\u00fcvenli sabitleme Tamamen s\u00f6k\u00fclebilir tasar\u0131m \u2013 kolay temizlik Sessiz \u00e7al\u0131\u015fma \u2013 kire\u00e7 a\u011fac\u0131 dif\u00fcz\u00f6r\u00fc sayesinde Do\u011fal plankton korunur \u2013 ekosisteme zarar vermez 3 y\u0131l garanti \u2013 y\u00fcksek kalite ve g\u00fcvenilirlik EHEIM air100 hava pompas\u0131 ile \u00e7al\u0131\u015f\u0131r EHEIM skimmarine 100 Nano, k\u00fc\u00e7\u00fck deniz akvaryumlar\u0131nda sessiz, verimli ve g\u00fcvenilir k\u00f6p\u00fckleme sa\u011flayarak bal\u0131klar ve mercanlar i\u00e7in sa\u011fl\u0131kl\u0131 bir ya\u015fam ortam\u0131 olu\u015fturur.\" \/>\n<meta property=\"og:url\" content=\"https:\/\/anadolupet.com.tr\/en\/product\/eheim-skim-marine-100-protein-skimmer\/\" \/>\n<meta property=\"og:site_name\" content=\"Anadolu Pet Grup\" \/>\n<meta property=\"article:modified_time\" content=\"2026-02-23T12:48:25+00:00\" \/>\n<meta property=\"og:image\" content=\"https:\/\/anadolupet.com.tr\/wp-content\/uploads\/2026\/02\/105-3551000.jpg\" \/>\n\t<meta property=\"og:image:width\" content=\"750\" \/>\n\t<meta property=\"og:image:height\" content=\"750\" \/>\n\t<meta property=\"og:image:type\" content=\"image\/jpeg\" \/>\n<meta name=\"twitter:card\" content=\"summary_large_image\" \/>\n<script type=\"application\/ld+json\" class=\"yoast-schema-graph\">{\"@context\":\"https:\\\/\\\/schema.org\",\"@graph\":[{\"@type\":\"WebPage\",\"@id\":\"https:\\\/\\\/anadolupet.com.tr\\\/urun\\\/eheim-skim-marine-100-protein-skimmer\\\/\",\"url\":\"https:\\\/\\\/anadolupet.com.tr\\\/urun\\\/eheim-skim-marine-100-protein-skimmer\\\/\",\"name\":\"EHEIM Skim Marine 100 Protein Skimmer - Anadolu Pet Grup\",\"isPartOf\":{\"@id\":\"https:\\\/\\\/anadolupet.com.tr\\\/#website\"},\"primaryImageOfPage\":{\"@id\":\"https:\\\/\\\/anadolupet.com.tr\\\/urun\\\/eheim-skim-marine-100-protein-skimmer\\\/#primaryimage\"},\"image\":{\"@id\":\"https:\\\/\\\/anadolupet.com.tr\\\/urun\\\/eheim-skim-marine-100-protein-skimmer\\\/#primaryimage\"},\"thumbnailUrl\":\"https:\\\/\\\/anadolupet.com.tr\\\/wp-content\\\/uploads\\\/2026\\\/02\\\/105-3551000.jpg\",\"datePublished\":\"2026-02-14T14:40:39+00:00\",\"dateModified\":\"2026-02-23T12:48:25+00:00\",\"breadcrumb\":{\"@id\":\"https:\\\/\\\/anadolupet.com.tr\\\/urun\\\/eheim-skim-marine-100-protein-skimmer\\\/#breadcrumb\"},\"inLanguage\":\"en-US\",\"potentialAction\":[{\"@type\":\"ReadAction\",\"target\":[\"https:\\\/\\\/anadolupet.com.tr\\\/urun\\\/eheim-skim-marine-100-protein-skimmer\\\/\"]}]},{\"@type\":\"ImageObject\",\"inLanguage\":\"en-US\",\"@id\":\"https:\\\/\\\/anadolupet.com.tr\\\/urun\\\/eheim-skim-marine-100-protein-skimmer\\\/#primaryimage\",\"url\":\"https:\\\/\\\/anadolupet.com.tr\\\/wp-content\\\/uploads\\\/2026\\\/02\\\/105-3551000.jpg\",\"contentUrl\":\"https:\\\/\\\/anadolupet.com.tr\\\/wp-content\\\/uploads\\\/2026\\\/02\\\/105-3551000.jpg\",\"width\":750,\"height\":750},{\"@type\":\"BreadcrumbList\",\"@id\":\"https:\\\/\\\/anadolupet.com.tr\\\/urun\\\/eheim-skim-marine-100-protein-skimmer\\\/#breadcrumb\",\"itemListElement\":[{\"@type\":\"ListItem\",\"position\":1,\"name\":\"Anasayfa\",\"item\":\"https:\\\/\\\/anadolupet.com.tr\\\/\"},{\"@type\":\"ListItem\",\"position\":2,\"name\":\"\u00dcr\u00fcnler\",\"item\":\"https:\\\/\\\/anadolupet.com.tr\\\/urunler\\\/\"},{\"@type\":\"ListItem\",\"position\":3,\"name\":\"EHEIM Skim Marine 100 Protein Skimmer\"}]},{\"@type\":\"WebSite\",\"@id\":\"https:\\\/\\\/anadolupet.com.tr\\\/#website\",\"url\":\"https:\\\/\\\/anadolupet.com.tr\\\/\",\"name\":\"Anadolu Pet Grup\",\"description\":\"Her Can\u0131n \u0130yi Ya\u015fam\u0131 \u0130\u00e7in Biraraday\u0131z\",\"publisher\":{\"@id\":\"https:\\\/\\\/anadolupet.com.tr\\\/#organization\"},\"potentialAction\":[{\"@type\":\"SearchAction\",\"target\":{\"@type\":\"EntryPoint\",\"urlTemplate\":\"https:\\\/\\\/anadolupet.com.tr\\\/?s={search_term_string}\"},\"query-input\":{\"@type\":\"PropertyValueSpecification\",\"valueRequired\":true,\"valueName\":\"search_term_string\"}}],\"inLanguage\":\"en-US\"},{\"@type\":\"Organization\",\"@id\":\"https:\\\/\\\/anadolupet.com.tr\\\/#organization\",\"name\":\"Anadolu Pet Grup\",\"alternateName\":\"Anadolu Pet\",\"url\":\"https:\\\/\\\/anadolupet.com.tr\\\/\",\"logo\":{\"@type\":\"ImageObject\",\"inLanguage\":\"en-US\",\"@id\":\"https:\\\/\\\/anadolupet.com.tr\\\/#\\\/schema\\\/logo\\\/image\\\/\",\"url\":\"https:\\\/\\\/anadolupet.com.tr\\\/wp-content\\\/uploads\\\/2026\\\/03\\\/1614666743370.jpg\",\"contentUrl\":\"https:\\\/\\\/anadolupet.com.tr\\\/wp-content\\\/uploads\\\/2026\\\/03\\\/1614666743370.jpg\",\"width\":800,\"height\":571,\"caption\":\"Anadolu Pet Grup\"},\"image\":{\"@id\":\"https:\\\/\\\/anadolupet.com.tr\\\/#\\\/schema\\\/logo\\\/image\\\/\"}}]}<\/script>\n<!-- \/ Yoast SEO plugin. -->","yoast_head_json":{"title":"EHEIM Skim Marine 100 Protein Skimmer - Anadolu Pet Grup","robots":{"index":"index","follow":"follow","max-snippet":"max-snippet:-1","max-image-preview":"max-image-preview:large","max-video-preview":"max-video-preview:-1"},"canonical":"https:\/\/anadolupet.com.tr\/en\/product\/eheim-skim-marine-100-protein-skimmer\/","og_locale":"en_US","og_type":"article","og_title":"EHEIM Skim Marine 100 Protein Skimmer - Anadolu Pet Grup","og_description":"EHEIM skimmarine 100 Nano, k\u00fc\u00e7\u00fck deniz akvaryumlar\u0131 i\u00e7in geli\u015ftirilmi\u015f kompakt ve y\u00fcksek verimli bir protein skimmerd\u0131r. Yeni 2 odac\u0131kl\u0131 sistem sayesinde kirli su bir odac\u0131\u011fa y\u00f6nlendirilirken temiz su di\u011fer odac\u0131ktan akvaryuma geri d\u00f6ner. Bu net ak\u0131\u015f y\u00f6n\u00fc, cihaz\u0131n verimlili\u011fini art\u0131r\u0131r. Sessiz \u00e7al\u0131\u015fman\u0131n s\u0131rr\u0131 ise y\u00fcksek kaliteli kire\u00e7 a\u011fac\u0131 dif\u00fcz\u00f6r\u00fcd\u00fcr. Motoru bulunmad\u0131\u011f\u0131ndan \u00e7al\u0131\u015ft\u0131rmak i\u00e7in EHEIM air100 hava pompas\u0131 gereklidir. Avantajlar ve \u00d6zellikler 100 litreye kadar k\u00fc\u00e7\u00fck deniz akvaryumlar\u0131 i\u00e7in uygun Yeni 2 odac\u0131kl\u0131 sistem \u2013 daha y\u00fcksek verimlilik Y\u00fcksek k\u00f6p\u00fckleme performans\u0131 Kompakt tasar\u0131m \u2013 akvaryumda az yer kaplar Manyetik tutucu ile kolay ve g\u00fcvenli sabitleme Tamamen s\u00f6k\u00fclebilir tasar\u0131m \u2013 kolay temizlik Sessiz \u00e7al\u0131\u015fma \u2013 kire\u00e7 a\u011fac\u0131 dif\u00fcz\u00f6r\u00fc sayesinde Do\u011fal plankton korunur \u2013 ekosisteme zarar vermez 3 y\u0131l garanti \u2013 y\u00fcksek kalite ve g\u00fcvenilirlik EHEIM air100 hava pompas\u0131 ile \u00e7al\u0131\u015f\u0131r EHEIM skimmarine 100 Nano, k\u00fc\u00e7\u00fck deniz akvaryumlar\u0131nda sessiz, verimli ve g\u00fcvenilir k\u00f6p\u00fckleme sa\u011flayarak bal\u0131klar ve mercanlar i\u00e7in sa\u011fl\u0131kl\u0131 bir ya\u015fam ortam\u0131 olu\u015fturur.","og_url":"https:\/\/anadolupet.com.tr\/en\/product\/eheim-skim-marine-100-protein-skimmer\/","og_site_name":"Anadolu Pet Grup","article_modified_time":"2026-02-23T12:48:25+00:00","og_image":[{"width":750,"height":750,"url":"https:\/\/anadolupet.com.tr\/wp-content\/uploads\/2026\/02\/105-3551000.jpg","type":"image\/jpeg"}],"twitter_card":"summary_large_image","schema":{"@context":"https:\/\/schema.org","@graph":[{"@type":"WebPage","@id":"https:\/\/anadolupet.com.tr\/urun\/eheim-skim-marine-100-protein-skimmer\/","url":"https:\/\/anadolupet.com.tr\/urun\/eheim-skim-marine-100-protein-skimmer\/","name":"EHEIM Skim Marine 100 Protein Skimmer - Anadolu Pet Grup","isPartOf":{"@id":"https:\/\/anadolupet.com.tr\/#website"},"primaryImageOfPage":{"@id":"https:\/\/anadolupet.com.tr\/urun\/eheim-skim-marine-100-protein-skimmer\/#primaryimage"},"image":{"@id":"https:\/\/anadolupet.com.tr\/urun\/eheim-skim-marine-100-protein-skimmer\/#primaryimage"},"thumbnailUrl":"https:\/\/anadolupet.com.tr\/wp-content\/uploads\/2026\/02\/105-3551000.jpg","datePublished":"2026-02-14T14:40:39+00:00","dateModified":"2026-02-23T12:48:25+00:00","breadcrumb":{"@id":"https:\/\/anadolupet.com.tr\/urun\/eheim-skim-marine-100-protein-skimmer\/#breadcrumb"},"inLanguage":"en-US","potentialAction":[{"@type":"ReadAction","target":["https:\/\/anadolupet.com.tr\/urun\/eheim-skim-marine-100-protein-skimmer\/"]}]},{"@type":"ImageObject","inLanguage":"en-US","@id":"https:\/\/anadolupet.com.tr\/urun\/eheim-skim-marine-100-protein-skimmer\/#primaryimage","url":"https:\/\/anadolupet.com.tr\/wp-content\/uploads\/2026\/02\/105-3551000.jpg","contentUrl":"https:\/\/anadolupet.com.tr\/wp-content\/uploads\/2026\/02\/105-3551000.jpg","width":750,"height":750},{"@type":"BreadcrumbList","@id":"https:\/\/anadolupet.com.tr\/urun\/eheim-skim-marine-100-protein-skimmer\/#breadcrumb","itemListElement":[{"@type":"ListItem","position":1,"name":"Anasayfa","item":"https:\/\/anadolupet.com.tr\/"},{"@type":"ListItem","position":2,"name":"\u00dcr\u00fcnler","item":"https:\/\/anadolupet.com.tr\/urunler\/"},{"@type":"ListItem","position":3,"name":"EHEIM Skim Marine 100 Protein Skimmer"}]},{"@type":"WebSite","@id":"https:\/\/anadolupet.com.tr\/#website","url":"https:\/\/anadolupet.com.tr\/","name":"Anadolu Pet Group","description":"We Stand Together for the Well-Being of Every Life","publisher":{"@id":"https:\/\/anadolupet.com.tr\/#organization"},"potentialAction":[{"@type":"SearchAction","target":{"@type":"EntryPoint","urlTemplate":"https:\/\/anadolupet.com.tr\/?s={search_term_string}"},"query-input":{"@type":"PropertyValueSpecification","valueRequired":true,"valueName":"search_term_string"}}],"inLanguage":"en-US"},{"@type":"Organization","@id":"https:\/\/anadolupet.com.tr\/#organization","name":"Anadolu Pet Group","alternateName":"Anadolu Pet","url":"https:\/\/anadolupet.com.tr\/","logo":{"@type":"ImageObject","inLanguage":"en-US","@id":"https:\/\/anadolupet.com.tr\/#\/schema\/logo\/image\/","url":"https:\/\/anadolupet.com.tr\/wp-content\/uploads\/2026\/03\/1614666743370.jpg","contentUrl":"https:\/\/anadolupet.com.tr\/wp-content\/uploads\/2026\/03\/1614666743370.jpg","width":800,"height":571,"caption":"Anadolu Pet Grup"},"image":{"@id":"https:\/\/anadolupet.com.tr\/#\/schema\/logo\/image\/"}}]}},"_links":{"self":[{"href":"https:\/\/anadolupet.com.tr\/en\/wp-json\/wp\/v2\/product\/45115","targetHints":{"allow":["GET"]}}],"collection":[{"href":"https:\/\/anadolupet.com.tr\/en\/wp-json\/wp\/v2\/product"}],"about":[{"href":"https:\/\/anadolupet.com.tr\/en\/wp-json\/wp\/v2\/types\/product"}],"replies":[{"embeddable":true,"href":"https:\/\/anadolupet.com.tr\/en\/wp-json\/wp\/v2\/comments?post=45115"}],"wp:featuredmedia":[{"embeddable":true,"href":"https:\/\/anadolupet.com.tr\/en\/wp-json\/wp\/v2\/media\/42401"}],"wp:attachment":[{"href":"https:\/\/anadolupet.com.tr\/en\/wp-json\/wp\/v2\/media?parent=45115"}],"wp:term":[{"taxonomy":"product_brand","embeddable":true,"href":"https:\/\/anadolupet.com.tr\/en\/wp-json\/wp\/v2\/product_brand?post=45115"},{"taxonomy":"product_cat","embeddable":true,"href":"https:\/\/anadolupet.com.tr\/en\/wp-json\/wp\/v2\/product_cat?post=45115"},{"taxonomy":"product_tag","embeddable":true,"href":"https:\/\/anadolupet.com.tr\/en\/wp-json\/wp\/v2\/product_tag?post=45115"}],"curies":[{"name":"wp","href":"https:\/\/api.w.org\/{rel}","templated":true}]}}