{"id":45118,"date":"2026-02-14T14:40:39","date_gmt":"2026-02-14T14:40:39","guid":{"rendered":"https:\/\/anadolupet.com.tr\/?post_type=product&#038;p=45118"},"modified":"2026-02-23T12:48:25","modified_gmt":"2026-02-23T12:48:25","slug":"eheim-stream-on-9500-dalga-motoru","status":"publish","type":"product","link":"https:\/\/anadolupet.com.tr\/en\/urun\/eheim-stream-on-9500-dalga-motoru\/","title":{"rendered":"EHEIM Stream On +9500 Dalga Motoru"},"content":{"rendered":"","protected":false},"excerpt":{"rendered":"<p>Yeni nesil EHEIM streamON+, daha da geli\u015ftirilmi\u015f \u00f6zellikleriyle akvaryumlarda do\u011fal ak\u0131nt\u0131 ko\u015fullar\u0131n\u0131 taklit etmek i\u00e7in ideal \u00e7\u00f6z\u00fcmd\u00fcr. K\u00fc\u00e7\u00fck ve kompakt yap\u0131s\u0131 sayesinde akvaryum cam\u0131na manyetik tutucu ile kolayca sabitlenir ve ayarlanabilir. K\u00fcresel mafsal (ball joint) sayesinde ak\u0131\u015f y\u00f6n\u00fc 3D olarak her y\u00f6ne \u00e7evrilebilir. Ayr\u0131ca debi ayar s\u00fcrg\u00fcs\u00fc ile \u00e7\u0131k\u0131\u015f kapasitesi ihtiyaca g\u00f6re kontrol edilebilir.<\/p>\n<p>Avantajlar ve \u00d6zellikler<br \/>\n3 model \u2192 35\u2013500 litre akvaryumlar i\u00e7in uygun<\/p>\n<p>Tatl\u0131 su ve deniz akvaryumlar\u0131 ile uyumlu<br \/>\nNehirler ve mercan resiflerindeki do\u011fal ak\u0131nt\u0131 ko\u015fullar\u0131n\u0131 sim\u00fcle eder<br \/>\nOptimum su dola\u015f\u0131m\u0131 ile do\u011fal, yumu\u015fak ak\u0131nt\u0131 sa\u011flar<br \/>\nOksijen seviyesini art\u0131r\u0131r \u2013 bal\u0131klar ve mercanlar i\u00e7in sa\u011fl\u0131kl\u0131 ya\u015fam ortam\u0131<br \/>\nManyetik tutucu ile g\u00fcvenli sabitleme ve kolay ayarlama<br \/>\nK\u00fcresel mafsal (3D fonksiyon) \u2013 ak\u0131\u015f y\u00f6n\u00fcn\u00fc her y\u00f6ne \u00e7evirebilme<br \/>\nAyarlanabilir \u00e7\u0131k\u0131\u015f kapasitesi \u2013 ihtiyaca g\u00f6re debi kontrol\u00fc<br \/>\nSessiz \u00e7al\u0131\u015fma ve d\u00fc\u015f\u00fck bak\u0131m ihtiyac\u0131<br \/>\nD\u00fc\u015f\u00fck enerji t\u00fcketimi \u2013 y\u00fcksek verimlilik<br \/>\nEntegre kablo kanal\u0131 \u2013 d\u00fczenli ve g\u00fcvenli kullan\u0131m<\/p>","protected":false},"featured_media":42281,"comment_status":"open","ping_status":"closed","template":"","meta":{"_acf_changed":false},"product_brand":[],"product_cat":[2409],"product_tag":[],"class_list":{"0":"post-45118","1":"product","2":"type-product","3":"status-publish","4":"has-post-thumbnail","6":"product_cat-sirkulasyon-pompalari","8":"first","9":"instock","10":"shipping-taxable","11":"product-type-simple"},"acf":[],"yoast_head":"<!-- This site is optimized with the Yoast SEO plugin v27.4 - https:\/\/yoast.com\/product\/yoast-seo-wordpress\/ -->\n<title>EHEIM Stream On +9500 Dalga Motoru - Anadolu Pet Grup<\/title>\n<meta name=\"robots\" content=\"index, follow, max-snippet:-1, max-image-preview:large, max-video-preview:-1\" \/>\n<link rel=\"canonical\" href=\"https:\/\/anadolupet.com.tr\/en\/product\/eheim-stream-on-9500-dalga-motoru\/\" \/>\n<meta property=\"og:locale\" content=\"en_US\" \/>\n<meta property=\"og:type\" content=\"article\" \/>\n<meta property=\"og:title\" content=\"EHEIM Stream On +9500 Dalga Motoru - Anadolu Pet Grup\" \/>\n<meta property=\"og:description\" content=\"Yeni nesil EHEIM streamON+, daha da geli\u015ftirilmi\u015f \u00f6zellikleriyle akvaryumlarda do\u011fal ak\u0131nt\u0131 ko\u015fullar\u0131n\u0131 taklit etmek i\u00e7in ideal \u00e7\u00f6z\u00fcmd\u00fcr. K\u00fc\u00e7\u00fck ve kompakt yap\u0131s\u0131 sayesinde akvaryum cam\u0131na manyetik tutucu ile kolayca sabitlenir ve ayarlanabilir. K\u00fcresel mafsal (ball joint) sayesinde ak\u0131\u015f y\u00f6n\u00fc 3D olarak her y\u00f6ne \u00e7evrilebilir. Ayr\u0131ca debi ayar s\u00fcrg\u00fcs\u00fc ile \u00e7\u0131k\u0131\u015f kapasitesi ihtiyaca g\u00f6re kontrol edilebilir. Avantajlar ve \u00d6zellikler 3 model \u2192 35\u2013500 litre akvaryumlar i\u00e7in uygun Tatl\u0131 su ve deniz akvaryumlar\u0131 ile uyumlu Nehirler ve mercan resiflerindeki do\u011fal ak\u0131nt\u0131 ko\u015fullar\u0131n\u0131 sim\u00fcle eder Optimum su dola\u015f\u0131m\u0131 ile do\u011fal, yumu\u015fak ak\u0131nt\u0131 sa\u011flar Oksijen seviyesini art\u0131r\u0131r \u2013 bal\u0131klar ve mercanlar i\u00e7in sa\u011fl\u0131kl\u0131 ya\u015fam ortam\u0131 Manyetik tutucu ile g\u00fcvenli sabitleme ve kolay ayarlama K\u00fcresel mafsal (3D fonksiyon) \u2013 ak\u0131\u015f y\u00f6n\u00fcn\u00fc her y\u00f6ne \u00e7evirebilme Ayarlanabilir \u00e7\u0131k\u0131\u015f kapasitesi \u2013 ihtiyaca g\u00f6re debi kontrol\u00fc Sessiz \u00e7al\u0131\u015fma ve d\u00fc\u015f\u00fck bak\u0131m ihtiyac\u0131 D\u00fc\u015f\u00fck enerji t\u00fcketimi \u2013 y\u00fcksek verimlilik Entegre kablo kanal\u0131 \u2013 d\u00fczenli ve g\u00fcvenli kullan\u0131m\" \/>\n<meta property=\"og:url\" content=\"https:\/\/anadolupet.com.tr\/en\/product\/eheim-stream-on-9500-dalga-motoru\/\" \/>\n<meta property=\"og:site_name\" content=\"Anadolu Pet Grup\" \/>\n<meta property=\"article:modified_time\" content=\"2026-02-23T12:48:25+00:00\" \/>\n<meta property=\"og:image\" content=\"https:\/\/anadolupet.com.tr\/wp-content\/uploads\/2026\/02\/105-1182220.jpg\" \/>\n\t<meta property=\"og:image:width\" content=\"750\" \/>\n\t<meta property=\"og:image:height\" content=\"750\" \/>\n\t<meta property=\"og:image:type\" content=\"image\/jpeg\" \/>\n<meta name=\"twitter:card\" content=\"summary_large_image\" \/>\n<script type=\"application\/ld+json\" class=\"yoast-schema-graph\">{\"@context\":\"https:\\\/\\\/schema.org\",\"@graph\":[{\"@type\":\"WebPage\",\"@id\":\"https:\\\/\\\/anadolupet.com.tr\\\/urun\\\/eheim-stream-on-9500-dalga-motoru\\\/\",\"url\":\"https:\\\/\\\/anadolupet.com.tr\\\/urun\\\/eheim-stream-on-9500-dalga-motoru\\\/\",\"name\":\"EHEIM Stream On +9500 Dalga Motoru - Anadolu Pet Grup\",\"isPartOf\":{\"@id\":\"https:\\\/\\\/anadolupet.com.tr\\\/#website\"},\"primaryImageOfPage\":{\"@id\":\"https:\\\/\\\/anadolupet.com.tr\\\/urun\\\/eheim-stream-on-9500-dalga-motoru\\\/#primaryimage\"},\"image\":{\"@id\":\"https:\\\/\\\/anadolupet.com.tr\\\/urun\\\/eheim-stream-on-9500-dalga-motoru\\\/#primaryimage\"},\"thumbnailUrl\":\"https:\\\/\\\/anadolupet.com.tr\\\/wp-content\\\/uploads\\\/2026\\\/02\\\/105-1182220.jpg\",\"datePublished\":\"2026-02-14T14:40:39+00:00\",\"dateModified\":\"2026-02-23T12:48:25+00:00\",\"breadcrumb\":{\"@id\":\"https:\\\/\\\/anadolupet.com.tr\\\/urun\\\/eheim-stream-on-9500-dalga-motoru\\\/#breadcrumb\"},\"inLanguage\":\"en-US\",\"potentialAction\":[{\"@type\":\"ReadAction\",\"target\":[\"https:\\\/\\\/anadolupet.com.tr\\\/urun\\\/eheim-stream-on-9500-dalga-motoru\\\/\"]}]},{\"@type\":\"ImageObject\",\"inLanguage\":\"en-US\",\"@id\":\"https:\\\/\\\/anadolupet.com.tr\\\/urun\\\/eheim-stream-on-9500-dalga-motoru\\\/#primaryimage\",\"url\":\"https:\\\/\\\/anadolupet.com.tr\\\/wp-content\\\/uploads\\\/2026\\\/02\\\/105-1182220.jpg\",\"contentUrl\":\"https:\\\/\\\/anadolupet.com.tr\\\/wp-content\\\/uploads\\\/2026\\\/02\\\/105-1182220.jpg\",\"width\":750,\"height\":750},{\"@type\":\"BreadcrumbList\",\"@id\":\"https:\\\/\\\/anadolupet.com.tr\\\/urun\\\/eheim-stream-on-9500-dalga-motoru\\\/#breadcrumb\",\"itemListElement\":[{\"@type\":\"ListItem\",\"position\":1,\"name\":\"Anasayfa\",\"item\":\"https:\\\/\\\/anadolupet.com.tr\\\/\"},{\"@type\":\"ListItem\",\"position\":2,\"name\":\"\u00dcr\u00fcnler\",\"item\":\"https:\\\/\\\/anadolupet.com.tr\\\/urunler\\\/\"},{\"@type\":\"ListItem\",\"position\":3,\"name\":\"EHEIM Stream On +9500 Dalga Motoru\"}]},{\"@type\":\"WebSite\",\"@id\":\"https:\\\/\\\/anadolupet.com.tr\\\/#website\",\"url\":\"https:\\\/\\\/anadolupet.com.tr\\\/\",\"name\":\"Anadolu Pet Grup\",\"description\":\"Her Can\u0131n \u0130yi Ya\u015fam\u0131 \u0130\u00e7in Biraraday\u0131z\",\"publisher\":{\"@id\":\"https:\\\/\\\/anadolupet.com.tr\\\/#organization\"},\"potentialAction\":[{\"@type\":\"SearchAction\",\"target\":{\"@type\":\"EntryPoint\",\"urlTemplate\":\"https:\\\/\\\/anadolupet.com.tr\\\/?s={search_term_string}\"},\"query-input\":{\"@type\":\"PropertyValueSpecification\",\"valueRequired\":true,\"valueName\":\"search_term_string\"}}],\"inLanguage\":\"en-US\"},{\"@type\":\"Organization\",\"@id\":\"https:\\\/\\\/anadolupet.com.tr\\\/#organization\",\"name\":\"Anadolu Pet Grup\",\"alternateName\":\"Anadolu Pet\",\"url\":\"https:\\\/\\\/anadolupet.com.tr\\\/\",\"logo\":{\"@type\":\"ImageObject\",\"inLanguage\":\"en-US\",\"@id\":\"https:\\\/\\\/anadolupet.com.tr\\\/#\\\/schema\\\/logo\\\/image\\\/\",\"url\":\"https:\\\/\\\/anadolupet.com.tr\\\/wp-content\\\/uploads\\\/2026\\\/03\\\/1614666743370.jpg\",\"contentUrl\":\"https:\\\/\\\/anadolupet.com.tr\\\/wp-content\\\/uploads\\\/2026\\\/03\\\/1614666743370.jpg\",\"width\":800,\"height\":571,\"caption\":\"Anadolu Pet Grup\"},\"image\":{\"@id\":\"https:\\\/\\\/anadolupet.com.tr\\\/#\\\/schema\\\/logo\\\/image\\\/\"}}]}<\/script>\n<!-- \/ Yoast SEO plugin. -->","yoast_head_json":{"title":"EHEIM Stream On +9500 Dalga Motoru - Anadolu Pet Grup","robots":{"index":"index","follow":"follow","max-snippet":"max-snippet:-1","max-image-preview":"max-image-preview:large","max-video-preview":"max-video-preview:-1"},"canonical":"https:\/\/anadolupet.com.tr\/en\/product\/eheim-stream-on-9500-dalga-motoru\/","og_locale":"en_US","og_type":"article","og_title":"EHEIM Stream On +9500 Dalga Motoru - Anadolu Pet Grup","og_description":"Yeni nesil EHEIM streamON+, daha da geli\u015ftirilmi\u015f \u00f6zellikleriyle akvaryumlarda do\u011fal ak\u0131nt\u0131 ko\u015fullar\u0131n\u0131 taklit etmek i\u00e7in ideal \u00e7\u00f6z\u00fcmd\u00fcr. K\u00fc\u00e7\u00fck ve kompakt yap\u0131s\u0131 sayesinde akvaryum cam\u0131na manyetik tutucu ile kolayca sabitlenir ve ayarlanabilir. K\u00fcresel mafsal (ball joint) sayesinde ak\u0131\u015f y\u00f6n\u00fc 3D olarak her y\u00f6ne \u00e7evrilebilir. Ayr\u0131ca debi ayar s\u00fcrg\u00fcs\u00fc ile \u00e7\u0131k\u0131\u015f kapasitesi ihtiyaca g\u00f6re kontrol edilebilir. Avantajlar ve \u00d6zellikler 3 model \u2192 35\u2013500 litre akvaryumlar i\u00e7in uygun Tatl\u0131 su ve deniz akvaryumlar\u0131 ile uyumlu Nehirler ve mercan resiflerindeki do\u011fal ak\u0131nt\u0131 ko\u015fullar\u0131n\u0131 sim\u00fcle eder Optimum su dola\u015f\u0131m\u0131 ile do\u011fal, yumu\u015fak ak\u0131nt\u0131 sa\u011flar Oksijen seviyesini art\u0131r\u0131r \u2013 bal\u0131klar ve mercanlar i\u00e7in sa\u011fl\u0131kl\u0131 ya\u015fam ortam\u0131 Manyetik tutucu ile g\u00fcvenli sabitleme ve kolay ayarlama K\u00fcresel mafsal (3D fonksiyon) \u2013 ak\u0131\u015f y\u00f6n\u00fcn\u00fc her y\u00f6ne \u00e7evirebilme Ayarlanabilir \u00e7\u0131k\u0131\u015f kapasitesi \u2013 ihtiyaca g\u00f6re debi kontrol\u00fc Sessiz \u00e7al\u0131\u015fma ve d\u00fc\u015f\u00fck bak\u0131m ihtiyac\u0131 D\u00fc\u015f\u00fck enerji t\u00fcketimi \u2013 y\u00fcksek verimlilik Entegre kablo kanal\u0131 \u2013 d\u00fczenli ve g\u00fcvenli kullan\u0131m","og_url":"https:\/\/anadolupet.com.tr\/en\/product\/eheim-stream-on-9500-dalga-motoru\/","og_site_name":"Anadolu Pet Grup","article_modified_time":"2026-02-23T12:48:25+00:00","og_image":[{"width":750,"height":750,"url":"https:\/\/anadolupet.com.tr\/wp-content\/uploads\/2026\/02\/105-1182220.jpg","type":"image\/jpeg"}],"twitter_card":"summary_large_image","schema":{"@context":"https:\/\/schema.org","@graph":[{"@type":"WebPage","@id":"https:\/\/anadolupet.com.tr\/urun\/eheim-stream-on-9500-dalga-motoru\/","url":"https:\/\/anadolupet.com.tr\/urun\/eheim-stream-on-9500-dalga-motoru\/","name":"EHEIM Stream On +9500 Dalga Motoru - Anadolu Pet Grup","isPartOf":{"@id":"https:\/\/anadolupet.com.tr\/#website"},"primaryImageOfPage":{"@id":"https:\/\/anadolupet.com.tr\/urun\/eheim-stream-on-9500-dalga-motoru\/#primaryimage"},"image":{"@id":"https:\/\/anadolupet.com.tr\/urun\/eheim-stream-on-9500-dalga-motoru\/#primaryimage"},"thumbnailUrl":"https:\/\/anadolupet.com.tr\/wp-content\/uploads\/2026\/02\/105-1182220.jpg","datePublished":"2026-02-14T14:40:39+00:00","dateModified":"2026-02-23T12:48:25+00:00","breadcrumb":{"@id":"https:\/\/anadolupet.com.tr\/urun\/eheim-stream-on-9500-dalga-motoru\/#breadcrumb"},"inLanguage":"en-US","potentialAction":[{"@type":"ReadAction","target":["https:\/\/anadolupet.com.tr\/urun\/eheim-stream-on-9500-dalga-motoru\/"]}]},{"@type":"ImageObject","inLanguage":"en-US","@id":"https:\/\/anadolupet.com.tr\/urun\/eheim-stream-on-9500-dalga-motoru\/#primaryimage","url":"https:\/\/anadolupet.com.tr\/wp-content\/uploads\/2026\/02\/105-1182220.jpg","contentUrl":"https:\/\/anadolupet.com.tr\/wp-content\/uploads\/2026\/02\/105-1182220.jpg","width":750,"height":750},{"@type":"BreadcrumbList","@id":"https:\/\/anadolupet.com.tr\/urun\/eheim-stream-on-9500-dalga-motoru\/#breadcrumb","itemListElement":[{"@type":"ListItem","position":1,"name":"Anasayfa","item":"https:\/\/anadolupet.com.tr\/"},{"@type":"ListItem","position":2,"name":"\u00dcr\u00fcnler","item":"https:\/\/anadolupet.com.tr\/urunler\/"},{"@type":"ListItem","position":3,"name":"EHEIM Stream On +9500 Dalga Motoru"}]},{"@type":"WebSite","@id":"https:\/\/anadolupet.com.tr\/#website","url":"https:\/\/anadolupet.com.tr\/","name":"Anadolu Pet Group","description":"We Stand Together for the Well-Being of Every Life","publisher":{"@id":"https:\/\/anadolupet.com.tr\/#organization"},"potentialAction":[{"@type":"SearchAction","target":{"@type":"EntryPoint","urlTemplate":"https:\/\/anadolupet.com.tr\/?s={search_term_string}"},"query-input":{"@type":"PropertyValueSpecification","valueRequired":true,"valueName":"search_term_string"}}],"inLanguage":"en-US"},{"@type":"Organization","@id":"https:\/\/anadolupet.com.tr\/#organization","name":"Anadolu Pet Group","alternateName":"Anadolu Pet","url":"https:\/\/anadolupet.com.tr\/","logo":{"@type":"ImageObject","inLanguage":"en-US","@id":"https:\/\/anadolupet.com.tr\/#\/schema\/logo\/image\/","url":"https:\/\/anadolupet.com.tr\/wp-content\/uploads\/2026\/03\/1614666743370.jpg","contentUrl":"https:\/\/anadolupet.com.tr\/wp-content\/uploads\/2026\/03\/1614666743370.jpg","width":800,"height":571,"caption":"Anadolu Pet Grup"},"image":{"@id":"https:\/\/anadolupet.com.tr\/#\/schema\/logo\/image\/"}}]}},"_links":{"self":[{"href":"https:\/\/anadolupet.com.tr\/en\/wp-json\/wp\/v2\/product\/45118","targetHints":{"allow":["GET"]}}],"collection":[{"href":"https:\/\/anadolupet.com.tr\/en\/wp-json\/wp\/v2\/product"}],"about":[{"href":"https:\/\/anadolupet.com.tr\/en\/wp-json\/wp\/v2\/types\/product"}],"replies":[{"embeddable":true,"href":"https:\/\/anadolupet.com.tr\/en\/wp-json\/wp\/v2\/comments?post=45118"}],"wp:featuredmedia":[{"embeddable":true,"href":"https:\/\/anadolupet.com.tr\/en\/wp-json\/wp\/v2\/media\/42281"}],"wp:attachment":[{"href":"https:\/\/anadolupet.com.tr\/en\/wp-json\/wp\/v2\/media?parent=45118"}],"wp:term":[{"taxonomy":"product_brand","embeddable":true,"href":"https:\/\/anadolupet.com.tr\/en\/wp-json\/wp\/v2\/product_brand?post=45118"},{"taxonomy":"product_cat","embeddable":true,"href":"https:\/\/anadolupet.com.tr\/en\/wp-json\/wp\/v2\/product_cat?post=45118"},{"taxonomy":"product_tag","embeddable":true,"href":"https:\/\/anadolupet.com.tr\/en\/wp-json\/wp\/v2\/product_tag?post=45118"}],"curies":[{"name":"wp","href":"https:\/\/api.w.org\/{rel}","templated":true}]}}