{"id":45124,"date":"2026-02-14T14:40:40","date_gmt":"2026-02-14T14:40:40","guid":{"rendered":"https:\/\/anadolupet.com.tr\/?post_type=product&#038;p=45124"},"modified":"2026-02-23T12:48:25","modified_gmt":"2026-02-23T12:48:25","slug":"eheim-substrat-pro-biyolojik-dis-filtre-malzemesi-5l","status":"publish","type":"product","link":"https:\/\/anadolupet.com.tr\/en\/urun\/eheim-substrat-pro-biyolojik-dis-filtre-malzemesi-5l\/","title":{"rendered":"EHEIM Substrat Pro Biyolojik D\u0131\u015f Filtre Malzemesi 5l"},"content":{"rendered":"","protected":false},"excerpt":{"rendered":"<p>EHEIM SUBSTRATpro, akvaryum filtrenizde maksimum hacim kullan\u0131m\u0131, uzun temizlik aral\u0131klar\u0131 ve \u00fcst\u00fcn biyolojik par\u00e7alanma performans\u0131 sunan optimize edilmi\u015f bio-filtre malzemesidir. \u0130nci \u015feklindeki sinterlenmi\u015f cam yap\u0131s\u0131 sayesinde y\u00fcksek yo\u011funluk sa\u011flar ve filtre hacminin tamam\u0131 etkin \u015fekilde kullan\u0131labilir.<br \/>\nK\u00fcre formu, yararl\u0131 bakterilerin kolonile\u015fmesi i\u00e7in optimum y\u00fczey alan\u0131 sunar. Bu yo\u011fun bakteri kolonileri sayesinde nitrit pikleri daha kolay azalt\u0131l\u0131r ve filtre malzemesinin bak\u0131m aral\u0131klar\u0131 uzar. Tatl\u0131 su ve deniz suyu akvaryumlar\u0131nda kullan\u0131labilir, dikkatli \u015fekilde y\u0131kand\u0131\u011f\u0131nda defalarca tekrar kullan\u0131labilir.<br \/>\n\u00d6ne \u00c7\u0131kan \u00d6zellikler<br \/>\nOptimize Edilmi\u015f Yap\u0131: Sinterlenmi\u015f camdan \u00fcretilmi\u015f, k\u00fcresel formda bio-filtre malzemesi.<br \/>\nY\u00fcksek Yo\u011funluk: K\u00fcresel \u015fekil sayesinde filtre hacminin tamam\u0131 kullan\u0131l\u0131r.<br \/>\nYo\u011fun Bakteri Kolonisi: Yararl\u0131 bakteriler i\u00e7in geni\u015f y\u00fczey alan\u0131.<br \/>\nNitrit Azalt\u0131m\u0131: Ani nitrit y\u00fckselmelerini daha kolay d\u00fc\u015f\u00fcr\u00fcr.<br \/>\nUzun Bak\u0131m Aral\u0131klar\u0131: Daha seyrek temizlik ihtiyac\u0131.<br \/>\nTekrar Kullan\u0131labilir: Dikkatli y\u0131kama ile defalarca kullan\u0131labilir.<br \/>\nTatl\u0131 ve Tuzlu Su Uyumu: Her iki akvaryum tipinde g\u00fcvenle kullan\u0131labilir.<br \/>\nTeknik Bilgiler<br \/>\nAbsorptif: Hay\u0131r<br \/>\nBiyolojik: Evet<br \/>\nKimyasal: Hay\u0131r<br \/>\nMekanik: Hay\u0131r<br \/>\nTatl\u0131 Su: Evet<br \/>\nDeniz Suyu: Evet<br \/>\n\u00d6l\u00e7\u00fcler: 73 mm (derinlik) x 177 mm (y\u00fckseklik) x 140 mm (geni\u015flik)<br \/>\nNet Torba: Yok<\/p>","protected":false},"featured_media":42344,"comment_status":"open","ping_status":"closed","template":"","meta":{"_acf_changed":false},"product_brand":[],"product_cat":[2381],"product_tag":[],"class_list":{"0":"post-45124","1":"product","2":"type-product","3":"status-publish","4":"has-post-thumbnail","6":"product_cat-dis-filtre-malzemeleri","8":"first","9":"instock","10":"shipping-taxable","11":"product-type-simple"},"acf":[],"yoast_head":"<!-- This site is optimized with the Yoast SEO plugin v27.5 - https:\/\/yoast.com\/product\/yoast-seo-wordpress\/ -->\n<title>EHEIM Substrat Pro Biyolojik D\u0131\u015f Filtre Malzemesi 5l - Anadolu Pet Grup<\/title>\n<meta name=\"robots\" content=\"index, follow, max-snippet:-1, max-image-preview:large, max-video-preview:-1\" \/>\n<link rel=\"canonical\" href=\"https:\/\/anadolupet.com.tr\/en\/product\/eheim-substrat-pro-biyolojik-dis-filtre-malzemesi-5l\/\" \/>\n<meta property=\"og:locale\" content=\"en_US\" \/>\n<meta property=\"og:type\" content=\"article\" \/>\n<meta property=\"og:title\" content=\"EHEIM Substrat Pro Biyolojik D\u0131\u015f Filtre Malzemesi 5l - Anadolu Pet Grup\" \/>\n<meta property=\"og:description\" content=\"EHEIM SUBSTRATpro, akvaryum filtrenizde maksimum hacim kullan\u0131m\u0131, uzun temizlik aral\u0131klar\u0131 ve \u00fcst\u00fcn biyolojik par\u00e7alanma performans\u0131 sunan optimize edilmi\u015f bio-filtre malzemesidir. \u0130nci \u015feklindeki sinterlenmi\u015f cam yap\u0131s\u0131 sayesinde y\u00fcksek yo\u011funluk sa\u011flar ve filtre hacminin tamam\u0131 etkin \u015fekilde kullan\u0131labilir. K\u00fcre formu, yararl\u0131 bakterilerin kolonile\u015fmesi i\u00e7in optimum y\u00fczey alan\u0131 sunar. Bu yo\u011fun bakteri kolonileri sayesinde nitrit pikleri daha kolay azalt\u0131l\u0131r ve filtre malzemesinin bak\u0131m aral\u0131klar\u0131 uzar. Tatl\u0131 su ve deniz suyu akvaryumlar\u0131nda kullan\u0131labilir, dikkatli \u015fekilde y\u0131kand\u0131\u011f\u0131nda defalarca tekrar kullan\u0131labilir. \u00d6ne \u00c7\u0131kan \u00d6zellikler Optimize Edilmi\u015f Yap\u0131: Sinterlenmi\u015f camdan \u00fcretilmi\u015f, k\u00fcresel formda bio-filtre malzemesi. Y\u00fcksek Yo\u011funluk: K\u00fcresel \u015fekil sayesinde filtre hacminin tamam\u0131 kullan\u0131l\u0131r. Yo\u011fun Bakteri Kolonisi: Yararl\u0131 bakteriler i\u00e7in geni\u015f y\u00fczey alan\u0131. Nitrit Azalt\u0131m\u0131: Ani nitrit y\u00fckselmelerini daha kolay d\u00fc\u015f\u00fcr\u00fcr. Uzun Bak\u0131m Aral\u0131klar\u0131: Daha seyrek temizlik ihtiyac\u0131. Tekrar Kullan\u0131labilir: Dikkatli y\u0131kama ile defalarca kullan\u0131labilir. Tatl\u0131 ve Tuzlu Su Uyumu: Her iki akvaryum tipinde g\u00fcvenle kullan\u0131labilir. Teknik Bilgiler Absorptif: Hay\u0131r Biyolojik: Evet Kimyasal: Hay\u0131r Mekanik: Hay\u0131r Tatl\u0131 Su: Evet Deniz Suyu: Evet \u00d6l\u00e7\u00fcler: 73 mm (derinlik) x 177 mm (y\u00fckseklik) x 140 mm (geni\u015flik) Net Torba: Yok\" \/>\n<meta property=\"og:url\" content=\"https:\/\/anadolupet.com.tr\/en\/product\/eheim-substrat-pro-biyolojik-dis-filtre-malzemesi-5l\/\" \/>\n<meta property=\"og:site_name\" content=\"Anadolu Pet Grup\" \/>\n<meta property=\"article:modified_time\" content=\"2026-02-23T12:48:25+00:00\" \/>\n<meta property=\"og:image\" content=\"https:\/\/anadolupet.com.tr\/wp-content\/uploads\/2026\/02\/105-2510751.jpg\" \/>\n\t<meta property=\"og:image:width\" content=\"750\" \/>\n\t<meta property=\"og:image:height\" content=\"750\" \/>\n\t<meta property=\"og:image:type\" content=\"image\/jpeg\" \/>\n<meta name=\"twitter:card\" content=\"summary_large_image\" \/>\n<script type=\"application\/ld+json\" class=\"yoast-schema-graph\">{\"@context\":\"https:\\\/\\\/schema.org\",\"@graph\":[{\"@type\":\"WebPage\",\"@id\":\"https:\\\/\\\/anadolupet.com.tr\\\/urun\\\/eheim-substrat-pro-biyolojik-dis-filtre-malzemesi-5l\\\/\",\"url\":\"https:\\\/\\\/anadolupet.com.tr\\\/urun\\\/eheim-substrat-pro-biyolojik-dis-filtre-malzemesi-5l\\\/\",\"name\":\"EHEIM Substrat Pro Biyolojik D\u0131\u015f Filtre Malzemesi 5l - Anadolu Pet Grup\",\"isPartOf\":{\"@id\":\"https:\\\/\\\/anadolupet.com.tr\\\/#website\"},\"primaryImageOfPage\":{\"@id\":\"https:\\\/\\\/anadolupet.com.tr\\\/urun\\\/eheim-substrat-pro-biyolojik-dis-filtre-malzemesi-5l\\\/#primaryimage\"},\"image\":{\"@id\":\"https:\\\/\\\/anadolupet.com.tr\\\/urun\\\/eheim-substrat-pro-biyolojik-dis-filtre-malzemesi-5l\\\/#primaryimage\"},\"thumbnailUrl\":\"https:\\\/\\\/anadolupet.com.tr\\\/wp-content\\\/uploads\\\/2026\\\/02\\\/105-2510751.jpg\",\"datePublished\":\"2026-02-14T14:40:40+00:00\",\"dateModified\":\"2026-02-23T12:48:25+00:00\",\"breadcrumb\":{\"@id\":\"https:\\\/\\\/anadolupet.com.tr\\\/urun\\\/eheim-substrat-pro-biyolojik-dis-filtre-malzemesi-5l\\\/#breadcrumb\"},\"inLanguage\":\"en-US\",\"potentialAction\":[{\"@type\":\"ReadAction\",\"target\":[\"https:\\\/\\\/anadolupet.com.tr\\\/urun\\\/eheim-substrat-pro-biyolojik-dis-filtre-malzemesi-5l\\\/\"]}]},{\"@type\":\"ImageObject\",\"inLanguage\":\"en-US\",\"@id\":\"https:\\\/\\\/anadolupet.com.tr\\\/urun\\\/eheim-substrat-pro-biyolojik-dis-filtre-malzemesi-5l\\\/#primaryimage\",\"url\":\"https:\\\/\\\/anadolupet.com.tr\\\/wp-content\\\/uploads\\\/2026\\\/02\\\/105-2510751.jpg\",\"contentUrl\":\"https:\\\/\\\/anadolupet.com.tr\\\/wp-content\\\/uploads\\\/2026\\\/02\\\/105-2510751.jpg\",\"width\":750,\"height\":750},{\"@type\":\"BreadcrumbList\",\"@id\":\"https:\\\/\\\/anadolupet.com.tr\\\/urun\\\/eheim-substrat-pro-biyolojik-dis-filtre-malzemesi-5l\\\/#breadcrumb\",\"itemListElement\":[{\"@type\":\"ListItem\",\"position\":1,\"name\":\"Anasayfa\",\"item\":\"https:\\\/\\\/anadolupet.com.tr\\\/\"},{\"@type\":\"ListItem\",\"position\":2,\"name\":\"\u00dcr\u00fcnler\",\"item\":\"https:\\\/\\\/anadolupet.com.tr\\\/urunler\\\/\"},{\"@type\":\"ListItem\",\"position\":3,\"name\":\"EHEIM Substrat Pro Biyolojik D\u0131\u015f Filtre Malzemesi 5l\"}]},{\"@type\":\"WebSite\",\"@id\":\"https:\\\/\\\/anadolupet.com.tr\\\/#website\",\"url\":\"https:\\\/\\\/anadolupet.com.tr\\\/\",\"name\":\"Anadolu Pet Grup\",\"description\":\"Her Can\u0131n \u0130yi Ya\u015fam\u0131 \u0130\u00e7in Biraraday\u0131z\",\"publisher\":{\"@id\":\"https:\\\/\\\/anadolupet.com.tr\\\/#organization\"},\"potentialAction\":[{\"@type\":\"SearchAction\",\"target\":{\"@type\":\"EntryPoint\",\"urlTemplate\":\"https:\\\/\\\/anadolupet.com.tr\\\/?s={search_term_string}\"},\"query-input\":{\"@type\":\"PropertyValueSpecification\",\"valueRequired\":true,\"valueName\":\"search_term_string\"}}],\"inLanguage\":\"en-US\"},{\"@type\":\"Organization\",\"@id\":\"https:\\\/\\\/anadolupet.com.tr\\\/#organization\",\"name\":\"Anadolu Pet Grup\",\"alternateName\":\"Anadolu Pet\",\"url\":\"https:\\\/\\\/anadolupet.com.tr\\\/\",\"logo\":{\"@type\":\"ImageObject\",\"inLanguage\":\"en-US\",\"@id\":\"https:\\\/\\\/anadolupet.com.tr\\\/#\\\/schema\\\/logo\\\/image\\\/\",\"url\":\"https:\\\/\\\/anadolupet.com.tr\\\/wp-content\\\/uploads\\\/2026\\\/03\\\/1614666743370.jpg\",\"contentUrl\":\"https:\\\/\\\/anadolupet.com.tr\\\/wp-content\\\/uploads\\\/2026\\\/03\\\/1614666743370.jpg\",\"width\":800,\"height\":571,\"caption\":\"Anadolu Pet Grup\"},\"image\":{\"@id\":\"https:\\\/\\\/anadolupet.com.tr\\\/#\\\/schema\\\/logo\\\/image\\\/\"}}]}<\/script>\n<!-- \/ Yoast SEO plugin. -->","yoast_head_json":{"title":"EHEIM Substrat Pro Biyolojik D\u0131\u015f Filtre Malzemesi 5l - Anadolu Pet Grup","robots":{"index":"index","follow":"follow","max-snippet":"max-snippet:-1","max-image-preview":"max-image-preview:large","max-video-preview":"max-video-preview:-1"},"canonical":"https:\/\/anadolupet.com.tr\/en\/product\/eheim-substrat-pro-biyolojik-dis-filtre-malzemesi-5l\/","og_locale":"en_US","og_type":"article","og_title":"EHEIM Substrat Pro Biyolojik D\u0131\u015f Filtre Malzemesi 5l - Anadolu Pet Grup","og_description":"EHEIM SUBSTRATpro, akvaryum filtrenizde maksimum hacim kullan\u0131m\u0131, uzun temizlik aral\u0131klar\u0131 ve \u00fcst\u00fcn biyolojik par\u00e7alanma performans\u0131 sunan optimize edilmi\u015f bio-filtre malzemesidir. \u0130nci \u015feklindeki sinterlenmi\u015f cam yap\u0131s\u0131 sayesinde y\u00fcksek yo\u011funluk sa\u011flar ve filtre hacminin tamam\u0131 etkin \u015fekilde kullan\u0131labilir. K\u00fcre formu, yararl\u0131 bakterilerin kolonile\u015fmesi i\u00e7in optimum y\u00fczey alan\u0131 sunar. Bu yo\u011fun bakteri kolonileri sayesinde nitrit pikleri daha kolay azalt\u0131l\u0131r ve filtre malzemesinin bak\u0131m aral\u0131klar\u0131 uzar. Tatl\u0131 su ve deniz suyu akvaryumlar\u0131nda kullan\u0131labilir, dikkatli \u015fekilde y\u0131kand\u0131\u011f\u0131nda defalarca tekrar kullan\u0131labilir. \u00d6ne \u00c7\u0131kan \u00d6zellikler Optimize Edilmi\u015f Yap\u0131: Sinterlenmi\u015f camdan \u00fcretilmi\u015f, k\u00fcresel formda bio-filtre malzemesi. Y\u00fcksek Yo\u011funluk: K\u00fcresel \u015fekil sayesinde filtre hacminin tamam\u0131 kullan\u0131l\u0131r. Yo\u011fun Bakteri Kolonisi: Yararl\u0131 bakteriler i\u00e7in geni\u015f y\u00fczey alan\u0131. Nitrit Azalt\u0131m\u0131: Ani nitrit y\u00fckselmelerini daha kolay d\u00fc\u015f\u00fcr\u00fcr. Uzun Bak\u0131m Aral\u0131klar\u0131: Daha seyrek temizlik ihtiyac\u0131. Tekrar Kullan\u0131labilir: Dikkatli y\u0131kama ile defalarca kullan\u0131labilir. Tatl\u0131 ve Tuzlu Su Uyumu: Her iki akvaryum tipinde g\u00fcvenle kullan\u0131labilir. Teknik Bilgiler Absorptif: Hay\u0131r Biyolojik: Evet Kimyasal: Hay\u0131r Mekanik: Hay\u0131r Tatl\u0131 Su: Evet Deniz Suyu: Evet \u00d6l\u00e7\u00fcler: 73 mm (derinlik) x 177 mm (y\u00fckseklik) x 140 mm (geni\u015flik) Net Torba: Yok","og_url":"https:\/\/anadolupet.com.tr\/en\/product\/eheim-substrat-pro-biyolojik-dis-filtre-malzemesi-5l\/","og_site_name":"Anadolu Pet Grup","article_modified_time":"2026-02-23T12:48:25+00:00","og_image":[{"width":750,"height":750,"url":"https:\/\/anadolupet.com.tr\/wp-content\/uploads\/2026\/02\/105-2510751.jpg","type":"image\/jpeg"}],"twitter_card":"summary_large_image","schema":{"@context":"https:\/\/schema.org","@graph":[{"@type":"WebPage","@id":"https:\/\/anadolupet.com.tr\/urun\/eheim-substrat-pro-biyolojik-dis-filtre-malzemesi-5l\/","url":"https:\/\/anadolupet.com.tr\/urun\/eheim-substrat-pro-biyolojik-dis-filtre-malzemesi-5l\/","name":"EHEIM Substrat Pro Biyolojik D\u0131\u015f Filtre Malzemesi 5l - Anadolu Pet Grup","isPartOf":{"@id":"https:\/\/anadolupet.com.tr\/#website"},"primaryImageOfPage":{"@id":"https:\/\/anadolupet.com.tr\/urun\/eheim-substrat-pro-biyolojik-dis-filtre-malzemesi-5l\/#primaryimage"},"image":{"@id":"https:\/\/anadolupet.com.tr\/urun\/eheim-substrat-pro-biyolojik-dis-filtre-malzemesi-5l\/#primaryimage"},"thumbnailUrl":"https:\/\/anadolupet.com.tr\/wp-content\/uploads\/2026\/02\/105-2510751.jpg","datePublished":"2026-02-14T14:40:40+00:00","dateModified":"2026-02-23T12:48:25+00:00","breadcrumb":{"@id":"https:\/\/anadolupet.com.tr\/urun\/eheim-substrat-pro-biyolojik-dis-filtre-malzemesi-5l\/#breadcrumb"},"inLanguage":"en-US","potentialAction":[{"@type":"ReadAction","target":["https:\/\/anadolupet.com.tr\/urun\/eheim-substrat-pro-biyolojik-dis-filtre-malzemesi-5l\/"]}]},{"@type":"ImageObject","inLanguage":"en-US","@id":"https:\/\/anadolupet.com.tr\/urun\/eheim-substrat-pro-biyolojik-dis-filtre-malzemesi-5l\/#primaryimage","url":"https:\/\/anadolupet.com.tr\/wp-content\/uploads\/2026\/02\/105-2510751.jpg","contentUrl":"https:\/\/anadolupet.com.tr\/wp-content\/uploads\/2026\/02\/105-2510751.jpg","width":750,"height":750},{"@type":"BreadcrumbList","@id":"https:\/\/anadolupet.com.tr\/urun\/eheim-substrat-pro-biyolojik-dis-filtre-malzemesi-5l\/#breadcrumb","itemListElement":[{"@type":"ListItem","position":1,"name":"Anasayfa","item":"https:\/\/anadolupet.com.tr\/"},{"@type":"ListItem","position":2,"name":"\u00dcr\u00fcnler","item":"https:\/\/anadolupet.com.tr\/urunler\/"},{"@type":"ListItem","position":3,"name":"EHEIM Substrat Pro Biyolojik D\u0131\u015f Filtre Malzemesi 5l"}]},{"@type":"WebSite","@id":"https:\/\/anadolupet.com.tr\/#website","url":"https:\/\/anadolupet.com.tr\/","name":"Anadolu Pet Group","description":"We Stand Together for the Well-Being of Every Life","publisher":{"@id":"https:\/\/anadolupet.com.tr\/#organization"},"potentialAction":[{"@type":"SearchAction","target":{"@type":"EntryPoint","urlTemplate":"https:\/\/anadolupet.com.tr\/?s={search_term_string}"},"query-input":{"@type":"PropertyValueSpecification","valueRequired":true,"valueName":"search_term_string"}}],"inLanguage":"en-US"},{"@type":"Organization","@id":"https:\/\/anadolupet.com.tr\/#organization","name":"Anadolu Pet Group","alternateName":"Anadolu Pet","url":"https:\/\/anadolupet.com.tr\/","logo":{"@type":"ImageObject","inLanguage":"en-US","@id":"https:\/\/anadolupet.com.tr\/#\/schema\/logo\/image\/","url":"https:\/\/anadolupet.com.tr\/wp-content\/uploads\/2026\/03\/1614666743370.jpg","contentUrl":"https:\/\/anadolupet.com.tr\/wp-content\/uploads\/2026\/03\/1614666743370.jpg","width":800,"height":571,"caption":"Anadolu Pet Grup"},"image":{"@id":"https:\/\/anadolupet.com.tr\/#\/schema\/logo\/image\/"}}]}},"_links":{"self":[{"href":"https:\/\/anadolupet.com.tr\/en\/wp-json\/wp\/v2\/product\/45124","targetHints":{"allow":["GET"]}}],"collection":[{"href":"https:\/\/anadolupet.com.tr\/en\/wp-json\/wp\/v2\/product"}],"about":[{"href":"https:\/\/anadolupet.com.tr\/en\/wp-json\/wp\/v2\/types\/product"}],"replies":[{"embeddable":true,"href":"https:\/\/anadolupet.com.tr\/en\/wp-json\/wp\/v2\/comments?post=45124"}],"wp:featuredmedia":[{"embeddable":true,"href":"https:\/\/anadolupet.com.tr\/en\/wp-json\/wp\/v2\/media\/42344"}],"wp:attachment":[{"href":"https:\/\/anadolupet.com.tr\/en\/wp-json\/wp\/v2\/media?parent=45124"}],"wp:term":[{"taxonomy":"product_brand","embeddable":true,"href":"https:\/\/anadolupet.com.tr\/en\/wp-json\/wp\/v2\/product_brand?post=45124"},{"taxonomy":"product_cat","embeddable":true,"href":"https:\/\/anadolupet.com.tr\/en\/wp-json\/wp\/v2\/product_cat?post=45124"},{"taxonomy":"product_tag","embeddable":true,"href":"https:\/\/anadolupet.com.tr\/en\/wp-json\/wp\/v2\/product_tag?post=45124"}],"curies":[{"name":"wp","href":"https:\/\/api.w.org\/{rel}","templated":true}]}}