{"id":45130,"date":"2026-02-14T14:40:40","date_gmt":"2026-02-14T14:40:40","guid":{"rendered":"https:\/\/anadolupet.com.tr\/?post_type=product&#038;p=45130"},"modified":"2026-02-23T12:48:25","modified_gmt":"2026-02-23T12:48:25","slug":"eheim-tek-cikisli-akvaryum-hava-motoru-3701","status":"publish","type":"product","link":"https:\/\/anadolupet.com.tr\/en\/urun\/eheim-tek-cikisli-akvaryum-hava-motoru-3701\/","title":{"rendered":"EHEIM Tek \u00c7\u0131k\u0131\u015fl\u0131 Akvaryum Hava Motoru (3701)"},"content":{"rendered":"","protected":false},"excerpt":{"rendered":"<p>EHEIM air serisi, akvaryum severlerin uzun s\u00fcredir bekledi\u011fi son derece sessiz \u00e7al\u0131\u015fan hava pompas\u0131 \u00e7\u00f6z\u00fcm\u00fcd\u00fcr. Bal\u0131klar\u0131n\u0131z i\u00e7in optimum oksijen deste\u011fi sa\u011flarken, dayan\u0131kl\u0131 yap\u0131s\u0131 ve y\u00fcksek kaliteli teknolojisi ile uzun \u00f6m\u00fcrl\u00fc kullan\u0131m sunar.<\/p>\n<p>\u00dc\u00e7 farkl\u0131 model se\u00e7ene\u011fi sayesinde her boy akvaryuma uygun \u00e7\u00f6z\u00fcmler sunar:<\/p>\n<p>air 100 \u2013 1 \u00e7\u0131k\u0131\u015fl\u0131, 100 l\/h<br \/>\nair 200 \u2013 2 \u00e7\u0131k\u0131\u015fl\u0131, 2 \u00d7 100 l\/h<br \/>\nair 400 \u2013 2 \u00e7\u0131k\u0131\u015fl\u0131, 2 \u00d7 200 l\/h<\/p>\n<p>K\u00fc\u00e7\u00fck model tek \u00e7\u0131k\u0131\u015fa sahipken, b\u00fcy\u00fck modellerde iki \u00e7\u0131k\u0131\u015f bulunur ve her biri ayr\u0131 ayr\u0131 ayarlanabilir. Ayr\u0131ca t\u00fcm modeller EHEIM dif\u00fcz\u00f6rleri ile donat\u0131lm\u0131\u015ft\u0131r. Hava ak\u0131\u015f\u0131 hem pompa \u00e7\u0131k\u0131\u015f\u0131nda hem de dif\u00fcz\u00f6r \u00fczerinde ayarlanabilir, b\u00f6ylece ki\u015fisel baloncuk efekti yaratabilirsiniz.<\/p>\n<p>Titre\u015fim \u00f6nleyici kau\u00e7uk ayaklar sayesinde pompa sabit durur ve hareket etmez. \u0130stenirse akvaryum cam\u0131na dikey olarak as\u0131labilir; bunun i\u00e7in \u00f6zel bir ask\u0131 aparat\u0131 bulunur.<\/p>\n<p>Avantajlar ve \u00d6zellikler<br \/>\n3 model \u2013 t\u00fcm yayg\u0131n akvaryum boyutlar\u0131na uygun<\/p>\n<p>\u00c7ok sessiz \u00e7al\u0131\u015fma \u2013 bal\u0131klar ve kullan\u0131c\u0131 i\u00e7in konforlu<\/p>\n<p>Uzun \u00f6m\u00fcrl\u00fc, y\u00fcksek kalite<\/p>\n<p>Hava ak\u0131\u015f\u0131 her \u00e7\u0131k\u0131\u015fta ayr\u0131 ayr\u0131 ayarlanabilir<\/p>\n<p>Dif\u00fcz\u00f6r \u00fczerinden ek hava ak\u0131\u015f\u0131 ve baloncuk efekti kontrol\u00fc<\/p>\n<p>Tam donan\u0131ml\u0131:<\/p>\n<p>Dif\u00fcz\u00f6r: air 100 = 1\u00d7; air 200 &#038; 400 = 2\u00d7<\/p>\n<p>Hortum: air 100 = 1 m; air 200 &#038; 400 = 2 m<\/p>\n<p>\u00c7ek valf: air 100 = 1\u00d7; air 200 &#038; 400 = 2\u00d7<\/p>\n<p>Y-par\u00e7as\u0131: air 200 &#038; 400 = 1\u00d7<\/p>\n<p>Dif\u00fcz\u00f6r yedek ped ile de\u011fi\u015ftirilebilir (Art. 4002650)<\/p>\n<p>Titre\u015fim \u00f6nleyici kau\u00e7uk ayaklar \u2013 sabit ve sessiz \u00e7al\u0131\u015fma<\/p>\n<p>Ask\u0131 aparat\u0131 \u2013 akvaryum cam\u0131na dikey montaj imk\u00e2n\u0131<\/p>","protected":false},"featured_media":42436,"comment_status":"open","ping_status":"closed","template":"","meta":{"_acf_changed":false},"product_brand":[],"product_cat":[2377],"product_tag":[],"class_list":{"0":"post-45130","1":"product","2":"type-product","3":"status-publish","4":"has-post-thumbnail","6":"product_cat-akvaryum-hava-motorlari","8":"first","9":"instock","10":"shipping-taxable","11":"product-type-simple"},"acf":[],"yoast_head":"<!-- This site is optimized with the Yoast SEO plugin v27.4 - https:\/\/yoast.com\/product\/yoast-seo-wordpress\/ -->\n<title>EHEIM Tek \u00c7\u0131k\u0131\u015fl\u0131 Akvaryum Hava Motoru (3701) - Anadolu Pet Grup<\/title>\n<meta name=\"robots\" content=\"index, follow, max-snippet:-1, max-image-preview:large, max-video-preview:-1\" \/>\n<link rel=\"canonical\" href=\"https:\/\/anadolupet.com.tr\/en\/product\/eheim-tek-cikisli-akvaryum-hava-motoru-3701\/\" \/>\n<meta property=\"og:locale\" content=\"en_US\" \/>\n<meta property=\"og:type\" content=\"article\" \/>\n<meta property=\"og:title\" content=\"EHEIM Tek \u00c7\u0131k\u0131\u015fl\u0131 Akvaryum Hava Motoru (3701) - Anadolu Pet Grup\" \/>\n<meta property=\"og:description\" content=\"EHEIM air serisi, akvaryum severlerin uzun s\u00fcredir bekledi\u011fi son derece sessiz \u00e7al\u0131\u015fan hava pompas\u0131 \u00e7\u00f6z\u00fcm\u00fcd\u00fcr. Bal\u0131klar\u0131n\u0131z i\u00e7in optimum oksijen deste\u011fi sa\u011flarken, dayan\u0131kl\u0131 yap\u0131s\u0131 ve y\u00fcksek kaliteli teknolojisi ile uzun \u00f6m\u00fcrl\u00fc kullan\u0131m sunar. \u00dc\u00e7 farkl\u0131 model se\u00e7ene\u011fi sayesinde her boy akvaryuma uygun \u00e7\u00f6z\u00fcmler sunar: air 100 \u2013 1 \u00e7\u0131k\u0131\u015fl\u0131, 100 l\/h air 200 \u2013 2 \u00e7\u0131k\u0131\u015fl\u0131, 2 \u00d7 100 l\/h air 400 \u2013 2 \u00e7\u0131k\u0131\u015fl\u0131, 2 \u00d7 200 l\/h K\u00fc\u00e7\u00fck model tek \u00e7\u0131k\u0131\u015fa sahipken, b\u00fcy\u00fck modellerde iki \u00e7\u0131k\u0131\u015f bulunur ve her biri ayr\u0131 ayr\u0131 ayarlanabilir. Ayr\u0131ca t\u00fcm modeller EHEIM dif\u00fcz\u00f6rleri ile donat\u0131lm\u0131\u015ft\u0131r. Hava ak\u0131\u015f\u0131 hem pompa \u00e7\u0131k\u0131\u015f\u0131nda hem de dif\u00fcz\u00f6r \u00fczerinde ayarlanabilir, b\u00f6ylece ki\u015fisel baloncuk efekti yaratabilirsiniz. Titre\u015fim \u00f6nleyici kau\u00e7uk ayaklar sayesinde pompa sabit durur ve hareket etmez. \u0130stenirse akvaryum cam\u0131na dikey olarak as\u0131labilir; bunun i\u00e7in \u00f6zel bir ask\u0131 aparat\u0131 bulunur. Avantajlar ve \u00d6zellikler 3 model \u2013 t\u00fcm yayg\u0131n akvaryum boyutlar\u0131na uygun \u00c7ok sessiz \u00e7al\u0131\u015fma \u2013 bal\u0131klar ve kullan\u0131c\u0131 i\u00e7in konforlu Uzun \u00f6m\u00fcrl\u00fc, y\u00fcksek kalite Hava ak\u0131\u015f\u0131 her \u00e7\u0131k\u0131\u015fta ayr\u0131 ayr\u0131 ayarlanabilir Dif\u00fcz\u00f6r \u00fczerinden ek hava ak\u0131\u015f\u0131 ve baloncuk efekti kontrol\u00fc Tam donan\u0131ml\u0131: Dif\u00fcz\u00f6r: air 100 = 1\u00d7; air 200 &amp; 400 = 2\u00d7 Hortum: air 100 = 1 m; air 200 &amp; 400 = 2 m \u00c7ek valf: air 100 = 1\u00d7; air 200 &amp; 400 = 2\u00d7 Y-par\u00e7as\u0131: air 200 &amp; 400 = 1\u00d7 Dif\u00fcz\u00f6r yedek ped ile de\u011fi\u015ftirilebilir (Art. 4002650) Titre\u015fim \u00f6nleyici kau\u00e7uk ayaklar \u2013 sabit ve sessiz \u00e7al\u0131\u015fma Ask\u0131 aparat\u0131 \u2013 akvaryum cam\u0131na dikey montaj imk\u00e2n\u0131\" \/>\n<meta property=\"og:url\" content=\"https:\/\/anadolupet.com.tr\/en\/product\/eheim-tek-cikisli-akvaryum-hava-motoru-3701\/\" \/>\n<meta property=\"og:site_name\" content=\"Anadolu Pet Grup\" \/>\n<meta property=\"article:modified_time\" content=\"2026-02-23T12:48:25+00:00\" \/>\n<meta property=\"og:image\" content=\"https:\/\/anadolupet.com.tr\/wp-content\/uploads\/2026\/02\/105-3701010.jpg\" \/>\n\t<meta property=\"og:image:width\" content=\"750\" \/>\n\t<meta property=\"og:image:height\" content=\"750\" \/>\n\t<meta property=\"og:image:type\" content=\"image\/jpeg\" \/>\n<meta name=\"twitter:card\" content=\"summary_large_image\" \/>\n<script type=\"application\/ld+json\" class=\"yoast-schema-graph\">{\"@context\":\"https:\\\/\\\/schema.org\",\"@graph\":[{\"@type\":\"WebPage\",\"@id\":\"https:\\\/\\\/anadolupet.com.tr\\\/urun\\\/eheim-tek-cikisli-akvaryum-hava-motoru-3701\\\/\",\"url\":\"https:\\\/\\\/anadolupet.com.tr\\\/urun\\\/eheim-tek-cikisli-akvaryum-hava-motoru-3701\\\/\",\"name\":\"EHEIM Tek \u00c7\u0131k\u0131\u015fl\u0131 Akvaryum Hava Motoru (3701) - Anadolu Pet Grup\",\"isPartOf\":{\"@id\":\"https:\\\/\\\/anadolupet.com.tr\\\/#website\"},\"primaryImageOfPage\":{\"@id\":\"https:\\\/\\\/anadolupet.com.tr\\\/urun\\\/eheim-tek-cikisli-akvaryum-hava-motoru-3701\\\/#primaryimage\"},\"image\":{\"@id\":\"https:\\\/\\\/anadolupet.com.tr\\\/urun\\\/eheim-tek-cikisli-akvaryum-hava-motoru-3701\\\/#primaryimage\"},\"thumbnailUrl\":\"https:\\\/\\\/anadolupet.com.tr\\\/wp-content\\\/uploads\\\/2026\\\/02\\\/105-3701010.jpg\",\"datePublished\":\"2026-02-14T14:40:40+00:00\",\"dateModified\":\"2026-02-23T12:48:25+00:00\",\"breadcrumb\":{\"@id\":\"https:\\\/\\\/anadolupet.com.tr\\\/urun\\\/eheim-tek-cikisli-akvaryum-hava-motoru-3701\\\/#breadcrumb\"},\"inLanguage\":\"en-US\",\"potentialAction\":[{\"@type\":\"ReadAction\",\"target\":[\"https:\\\/\\\/anadolupet.com.tr\\\/urun\\\/eheim-tek-cikisli-akvaryum-hava-motoru-3701\\\/\"]}]},{\"@type\":\"ImageObject\",\"inLanguage\":\"en-US\",\"@id\":\"https:\\\/\\\/anadolupet.com.tr\\\/urun\\\/eheim-tek-cikisli-akvaryum-hava-motoru-3701\\\/#primaryimage\",\"url\":\"https:\\\/\\\/anadolupet.com.tr\\\/wp-content\\\/uploads\\\/2026\\\/02\\\/105-3701010.jpg\",\"contentUrl\":\"https:\\\/\\\/anadolupet.com.tr\\\/wp-content\\\/uploads\\\/2026\\\/02\\\/105-3701010.jpg\",\"width\":750,\"height\":750},{\"@type\":\"BreadcrumbList\",\"@id\":\"https:\\\/\\\/anadolupet.com.tr\\\/urun\\\/eheim-tek-cikisli-akvaryum-hava-motoru-3701\\\/#breadcrumb\",\"itemListElement\":[{\"@type\":\"ListItem\",\"position\":1,\"name\":\"Anasayfa\",\"item\":\"https:\\\/\\\/anadolupet.com.tr\\\/\"},{\"@type\":\"ListItem\",\"position\":2,\"name\":\"\u00dcr\u00fcnler\",\"item\":\"https:\\\/\\\/anadolupet.com.tr\\\/urunler\\\/\"},{\"@type\":\"ListItem\",\"position\":3,\"name\":\"EHEIM Tek \u00c7\u0131k\u0131\u015fl\u0131 Akvaryum Hava Motoru (3701)\"}]},{\"@type\":\"WebSite\",\"@id\":\"https:\\\/\\\/anadolupet.com.tr\\\/#website\",\"url\":\"https:\\\/\\\/anadolupet.com.tr\\\/\",\"name\":\"Anadolu Pet Grup\",\"description\":\"Her Can\u0131n \u0130yi Ya\u015fam\u0131 \u0130\u00e7in Biraraday\u0131z\",\"publisher\":{\"@id\":\"https:\\\/\\\/anadolupet.com.tr\\\/#organization\"},\"potentialAction\":[{\"@type\":\"SearchAction\",\"target\":{\"@type\":\"EntryPoint\",\"urlTemplate\":\"https:\\\/\\\/anadolupet.com.tr\\\/?s={search_term_string}\"},\"query-input\":{\"@type\":\"PropertyValueSpecification\",\"valueRequired\":true,\"valueName\":\"search_term_string\"}}],\"inLanguage\":\"en-US\"},{\"@type\":\"Organization\",\"@id\":\"https:\\\/\\\/anadolupet.com.tr\\\/#organization\",\"name\":\"Anadolu Pet Grup\",\"alternateName\":\"Anadolu Pet\",\"url\":\"https:\\\/\\\/anadolupet.com.tr\\\/\",\"logo\":{\"@type\":\"ImageObject\",\"inLanguage\":\"en-US\",\"@id\":\"https:\\\/\\\/anadolupet.com.tr\\\/#\\\/schema\\\/logo\\\/image\\\/\",\"url\":\"https:\\\/\\\/anadolupet.com.tr\\\/wp-content\\\/uploads\\\/2026\\\/03\\\/1614666743370.jpg\",\"contentUrl\":\"https:\\\/\\\/anadolupet.com.tr\\\/wp-content\\\/uploads\\\/2026\\\/03\\\/1614666743370.jpg\",\"width\":800,\"height\":571,\"caption\":\"Anadolu Pet Grup\"},\"image\":{\"@id\":\"https:\\\/\\\/anadolupet.com.tr\\\/#\\\/schema\\\/logo\\\/image\\\/\"}}]}<\/script>\n<!-- \/ Yoast SEO plugin. -->","yoast_head_json":{"title":"EHEIM Tek \u00c7\u0131k\u0131\u015fl\u0131 Akvaryum Hava Motoru (3701) - Anadolu Pet Grup","robots":{"index":"index","follow":"follow","max-snippet":"max-snippet:-1","max-image-preview":"max-image-preview:large","max-video-preview":"max-video-preview:-1"},"canonical":"https:\/\/anadolupet.com.tr\/en\/product\/eheim-tek-cikisli-akvaryum-hava-motoru-3701\/","og_locale":"en_US","og_type":"article","og_title":"EHEIM Tek \u00c7\u0131k\u0131\u015fl\u0131 Akvaryum Hava Motoru (3701) - Anadolu Pet Grup","og_description":"EHEIM air serisi, akvaryum severlerin uzun s\u00fcredir bekledi\u011fi son derece sessiz \u00e7al\u0131\u015fan hava pompas\u0131 \u00e7\u00f6z\u00fcm\u00fcd\u00fcr. Bal\u0131klar\u0131n\u0131z i\u00e7in optimum oksijen deste\u011fi sa\u011flarken, dayan\u0131kl\u0131 yap\u0131s\u0131 ve y\u00fcksek kaliteli teknolojisi ile uzun \u00f6m\u00fcrl\u00fc kullan\u0131m sunar. \u00dc\u00e7 farkl\u0131 model se\u00e7ene\u011fi sayesinde her boy akvaryuma uygun \u00e7\u00f6z\u00fcmler sunar: air 100 \u2013 1 \u00e7\u0131k\u0131\u015fl\u0131, 100 l\/h air 200 \u2013 2 \u00e7\u0131k\u0131\u015fl\u0131, 2 \u00d7 100 l\/h air 400 \u2013 2 \u00e7\u0131k\u0131\u015fl\u0131, 2 \u00d7 200 l\/h K\u00fc\u00e7\u00fck model tek \u00e7\u0131k\u0131\u015fa sahipken, b\u00fcy\u00fck modellerde iki \u00e7\u0131k\u0131\u015f bulunur ve her biri ayr\u0131 ayr\u0131 ayarlanabilir. Ayr\u0131ca t\u00fcm modeller EHEIM dif\u00fcz\u00f6rleri ile donat\u0131lm\u0131\u015ft\u0131r. Hava ak\u0131\u015f\u0131 hem pompa \u00e7\u0131k\u0131\u015f\u0131nda hem de dif\u00fcz\u00f6r \u00fczerinde ayarlanabilir, b\u00f6ylece ki\u015fisel baloncuk efekti yaratabilirsiniz. Titre\u015fim \u00f6nleyici kau\u00e7uk ayaklar sayesinde pompa sabit durur ve hareket etmez. \u0130stenirse akvaryum cam\u0131na dikey olarak as\u0131labilir; bunun i\u00e7in \u00f6zel bir ask\u0131 aparat\u0131 bulunur. Avantajlar ve \u00d6zellikler 3 model \u2013 t\u00fcm yayg\u0131n akvaryum boyutlar\u0131na uygun \u00c7ok sessiz \u00e7al\u0131\u015fma \u2013 bal\u0131klar ve kullan\u0131c\u0131 i\u00e7in konforlu Uzun \u00f6m\u00fcrl\u00fc, y\u00fcksek kalite Hava ak\u0131\u015f\u0131 her \u00e7\u0131k\u0131\u015fta ayr\u0131 ayr\u0131 ayarlanabilir Dif\u00fcz\u00f6r \u00fczerinden ek hava ak\u0131\u015f\u0131 ve baloncuk efekti kontrol\u00fc Tam donan\u0131ml\u0131: Dif\u00fcz\u00f6r: air 100 = 1\u00d7; air 200 & 400 = 2\u00d7 Hortum: air 100 = 1 m; air 200 & 400 = 2 m \u00c7ek valf: air 100 = 1\u00d7; air 200 & 400 = 2\u00d7 Y-par\u00e7as\u0131: air 200 & 400 = 1\u00d7 Dif\u00fcz\u00f6r yedek ped ile de\u011fi\u015ftirilebilir (Art. 4002650) Titre\u015fim \u00f6nleyici kau\u00e7uk ayaklar \u2013 sabit ve sessiz \u00e7al\u0131\u015fma Ask\u0131 aparat\u0131 \u2013 akvaryum cam\u0131na dikey montaj imk\u00e2n\u0131","og_url":"https:\/\/anadolupet.com.tr\/en\/product\/eheim-tek-cikisli-akvaryum-hava-motoru-3701\/","og_site_name":"Anadolu Pet Grup","article_modified_time":"2026-02-23T12:48:25+00:00","og_image":[{"width":750,"height":750,"url":"https:\/\/anadolupet.com.tr\/wp-content\/uploads\/2026\/02\/105-3701010.jpg","type":"image\/jpeg"}],"twitter_card":"summary_large_image","schema":{"@context":"https:\/\/schema.org","@graph":[{"@type":"WebPage","@id":"https:\/\/anadolupet.com.tr\/urun\/eheim-tek-cikisli-akvaryum-hava-motoru-3701\/","url":"https:\/\/anadolupet.com.tr\/urun\/eheim-tek-cikisli-akvaryum-hava-motoru-3701\/","name":"EHEIM Tek \u00c7\u0131k\u0131\u015fl\u0131 Akvaryum Hava Motoru (3701) - Anadolu Pet Grup","isPartOf":{"@id":"https:\/\/anadolupet.com.tr\/#website"},"primaryImageOfPage":{"@id":"https:\/\/anadolupet.com.tr\/urun\/eheim-tek-cikisli-akvaryum-hava-motoru-3701\/#primaryimage"},"image":{"@id":"https:\/\/anadolupet.com.tr\/urun\/eheim-tek-cikisli-akvaryum-hava-motoru-3701\/#primaryimage"},"thumbnailUrl":"https:\/\/anadolupet.com.tr\/wp-content\/uploads\/2026\/02\/105-3701010.jpg","datePublished":"2026-02-14T14:40:40+00:00","dateModified":"2026-02-23T12:48:25+00:00","breadcrumb":{"@id":"https:\/\/anadolupet.com.tr\/urun\/eheim-tek-cikisli-akvaryum-hava-motoru-3701\/#breadcrumb"},"inLanguage":"en-US","potentialAction":[{"@type":"ReadAction","target":["https:\/\/anadolupet.com.tr\/urun\/eheim-tek-cikisli-akvaryum-hava-motoru-3701\/"]}]},{"@type":"ImageObject","inLanguage":"en-US","@id":"https:\/\/anadolupet.com.tr\/urun\/eheim-tek-cikisli-akvaryum-hava-motoru-3701\/#primaryimage","url":"https:\/\/anadolupet.com.tr\/wp-content\/uploads\/2026\/02\/105-3701010.jpg","contentUrl":"https:\/\/anadolupet.com.tr\/wp-content\/uploads\/2026\/02\/105-3701010.jpg","width":750,"height":750},{"@type":"BreadcrumbList","@id":"https:\/\/anadolupet.com.tr\/urun\/eheim-tek-cikisli-akvaryum-hava-motoru-3701\/#breadcrumb","itemListElement":[{"@type":"ListItem","position":1,"name":"Anasayfa","item":"https:\/\/anadolupet.com.tr\/"},{"@type":"ListItem","position":2,"name":"\u00dcr\u00fcnler","item":"https:\/\/anadolupet.com.tr\/urunler\/"},{"@type":"ListItem","position":3,"name":"EHEIM Tek \u00c7\u0131k\u0131\u015fl\u0131 Akvaryum Hava Motoru (3701)"}]},{"@type":"WebSite","@id":"https:\/\/anadolupet.com.tr\/#website","url":"https:\/\/anadolupet.com.tr\/","name":"Anadolu Pet Group","description":"We Stand Together for the Well-Being of Every Life","publisher":{"@id":"https:\/\/anadolupet.com.tr\/#organization"},"potentialAction":[{"@type":"SearchAction","target":{"@type":"EntryPoint","urlTemplate":"https:\/\/anadolupet.com.tr\/?s={search_term_string}"},"query-input":{"@type":"PropertyValueSpecification","valueRequired":true,"valueName":"search_term_string"}}],"inLanguage":"en-US"},{"@type":"Organization","@id":"https:\/\/anadolupet.com.tr\/#organization","name":"Anadolu Pet Group","alternateName":"Anadolu Pet","url":"https:\/\/anadolupet.com.tr\/","logo":{"@type":"ImageObject","inLanguage":"en-US","@id":"https:\/\/anadolupet.com.tr\/#\/schema\/logo\/image\/","url":"https:\/\/anadolupet.com.tr\/wp-content\/uploads\/2026\/03\/1614666743370.jpg","contentUrl":"https:\/\/anadolupet.com.tr\/wp-content\/uploads\/2026\/03\/1614666743370.jpg","width":800,"height":571,"caption":"Anadolu Pet Grup"},"image":{"@id":"https:\/\/anadolupet.com.tr\/#\/schema\/logo\/image\/"}}]}},"_links":{"self":[{"href":"https:\/\/anadolupet.com.tr\/en\/wp-json\/wp\/v2\/product\/45130","targetHints":{"allow":["GET"]}}],"collection":[{"href":"https:\/\/anadolupet.com.tr\/en\/wp-json\/wp\/v2\/product"}],"about":[{"href":"https:\/\/anadolupet.com.tr\/en\/wp-json\/wp\/v2\/types\/product"}],"replies":[{"embeddable":true,"href":"https:\/\/anadolupet.com.tr\/en\/wp-json\/wp\/v2\/comments?post=45130"}],"wp:featuredmedia":[{"embeddable":true,"href":"https:\/\/anadolupet.com.tr\/en\/wp-json\/wp\/v2\/media\/42436"}],"wp:attachment":[{"href":"https:\/\/anadolupet.com.tr\/en\/wp-json\/wp\/v2\/media?parent=45130"}],"wp:term":[{"taxonomy":"product_brand","embeddable":true,"href":"https:\/\/anadolupet.com.tr\/en\/wp-json\/wp\/v2\/product_brand?post=45130"},{"taxonomy":"product_cat","embeddable":true,"href":"https:\/\/anadolupet.com.tr\/en\/wp-json\/wp\/v2\/product_cat?post=45130"},{"taxonomy":"product_tag","embeddable":true,"href":"https:\/\/anadolupet.com.tr\/en\/wp-json\/wp\/v2\/product_tag?post=45130"}],"curies":[{"name":"wp","href":"https:\/\/api.w.org\/{rel}","templated":true}]}}