{"id":45138,"date":"2026-02-14T14:40:42","date_gmt":"2026-02-14T14:40:42","guid":{"rendered":"https:\/\/anadolupet.com.tr\/urun\/eheim-substrat-pro-kartus\/"},"modified":"2026-02-23T12:48:26","modified_gmt":"2026-02-23T12:48:26","slug":"eheim-substrat-pro-kartus","status":"publish","type":"product","link":"https:\/\/anadolupet.com.tr\/en\/urun\/eheim-substrat-pro-kartus\/","title":{"rendered":"EHEIM Substrat Pro Kartu\u015f"},"content":{"rendered":"","protected":false},"excerpt":{"rendered":"<p>Kir par\u00e7ac\u0131klar\u0131 g\u00f6zenekli s\u00fcnger malzeme i\u00e7inde tutulur. Ayn\u0131 zamanda bu malzeme, ar\u0131t\u0131c\u0131 bakteriler i\u00e7in geni\u015f bir kolonile\u015fme y\u00fczeyi sunar. K\u0131sa bir olgunla\u015fma s\u00fcresinden sonra s\u00fcnger kartu\u015flar yaln\u0131zca mekanik su ar\u0131t\u0131m\u0131 yapmakla kalmaz, zararl\u0131 maddelerin biyolojik olarak par\u00e7alanmas\u0131n\u0131 da ger\u00e7ekle\u015ftirir.<\/p>\n<p>Kartu\u015flar birka\u00e7 kez yeniden kullan\u0131labilir. Temizlemek i\u00e7in sadece durulay\u0131p s\u0131kmak yeterlidir, b\u00f6ylece bakteri k\u00fclt\u00fcrleri tamamen yok edilmez.<\/p>\n<p>S\u00fcnger kir par\u00e7ac\u0131klar\u0131n\u0131 mekanik olarak tutar<\/p>\n<p>Bakteri k\u00fclt\u00fcrleri g\u00f6zeneklerde kolonile\u015fir<\/p>\n<p>Birka\u00e7 kez yeniden kullan\u0131labilir<\/p>\n<p>Temizlemek i\u00e7in sadece durulay\u0131p s\u0131kmak yeterlidir<\/p>","protected":false},"featured_media":42385,"comment_status":"open","ping_status":"closed","template":"","meta":{"_acf_changed":false},"product_brand":[],"product_cat":[2381],"product_tag":[],"class_list":{"0":"post-45138","1":"product","2":"type-product","3":"status-publish","4":"has-post-thumbnail","6":"product_cat-dis-filtre-malzemeleri","8":"first","9":"instock","10":"shipping-taxable","11":"product-type-simple"},"acf":[],"yoast_head":"<!-- This site is optimized with the Yoast SEO plugin v27.5 - https:\/\/yoast.com\/product\/yoast-seo-wordpress\/ -->\n<title>EHEIM Substrat Pro Kartu\u015f - Anadolu Pet Grup<\/title>\n<meta name=\"robots\" content=\"index, follow, max-snippet:-1, max-image-preview:large, max-video-preview:-1\" \/>\n<link rel=\"canonical\" href=\"https:\/\/anadolupet.com.tr\/en\/product\/eheim-substrat-pro-kartus\/\" \/>\n<meta property=\"og:locale\" content=\"en_US\" \/>\n<meta property=\"og:type\" content=\"article\" \/>\n<meta property=\"og:title\" content=\"EHEIM Substrat Pro Kartu\u015f - Anadolu Pet Grup\" \/>\n<meta property=\"og:description\" content=\"Kir par\u00e7ac\u0131klar\u0131 g\u00f6zenekli s\u00fcnger malzeme i\u00e7inde tutulur. Ayn\u0131 zamanda bu malzeme, ar\u0131t\u0131c\u0131 bakteriler i\u00e7in geni\u015f bir kolonile\u015fme y\u00fczeyi sunar. K\u0131sa bir olgunla\u015fma s\u00fcresinden sonra s\u00fcnger kartu\u015flar yaln\u0131zca mekanik su ar\u0131t\u0131m\u0131 yapmakla kalmaz, zararl\u0131 maddelerin biyolojik olarak par\u00e7alanmas\u0131n\u0131 da ger\u00e7ekle\u015ftirir. Kartu\u015flar birka\u00e7 kez yeniden kullan\u0131labilir. Temizlemek i\u00e7in sadece durulay\u0131p s\u0131kmak yeterlidir, b\u00f6ylece bakteri k\u00fclt\u00fcrleri tamamen yok edilmez. S\u00fcnger kir par\u00e7ac\u0131klar\u0131n\u0131 mekanik olarak tutar Bakteri k\u00fclt\u00fcrleri g\u00f6zeneklerde kolonile\u015fir Birka\u00e7 kez yeniden kullan\u0131labilir Temizlemek i\u00e7in sadece durulay\u0131p s\u0131kmak yeterlidir\" \/>\n<meta property=\"og:url\" content=\"https:\/\/anadolupet.com.tr\/en\/product\/eheim-substrat-pro-kartus\/\" \/>\n<meta property=\"og:site_name\" content=\"Anadolu Pet Grup\" \/>\n<meta property=\"article:modified_time\" content=\"2026-02-23T12:48:26+00:00\" \/>\n<meta property=\"og:image\" content=\"https:\/\/anadolupet.com.tr\/wp-content\/uploads\/2026\/02\/105-2617421.jpg\" \/>\n\t<meta property=\"og:image:width\" content=\"750\" \/>\n\t<meta property=\"og:image:height\" content=\"750\" \/>\n\t<meta property=\"og:image:type\" content=\"image\/jpeg\" \/>\n<meta name=\"twitter:card\" content=\"summary_large_image\" \/>\n<script type=\"application\/ld+json\" class=\"yoast-schema-graph\">{\"@context\":\"https:\\\/\\\/schema.org\",\"@graph\":[{\"@type\":\"WebPage\",\"@id\":\"https:\\\/\\\/anadolupet.com.tr\\\/urun\\\/eheim-substrat-pro-kartus\\\/\",\"url\":\"https:\\\/\\\/anadolupet.com.tr\\\/urun\\\/eheim-substrat-pro-kartus\\\/\",\"name\":\"EHEIM Substrat Pro Kartu\u015f - Anadolu Pet Grup\",\"isPartOf\":{\"@id\":\"https:\\\/\\\/anadolupet.com.tr\\\/#website\"},\"primaryImageOfPage\":{\"@id\":\"https:\\\/\\\/anadolupet.com.tr\\\/urun\\\/eheim-substrat-pro-kartus\\\/#primaryimage\"},\"image\":{\"@id\":\"https:\\\/\\\/anadolupet.com.tr\\\/urun\\\/eheim-substrat-pro-kartus\\\/#primaryimage\"},\"thumbnailUrl\":\"https:\\\/\\\/anadolupet.com.tr\\\/wp-content\\\/uploads\\\/2026\\\/02\\\/105-2617421.jpg\",\"datePublished\":\"2026-02-14T14:40:42+00:00\",\"dateModified\":\"2026-02-23T12:48:26+00:00\",\"breadcrumb\":{\"@id\":\"https:\\\/\\\/anadolupet.com.tr\\\/urun\\\/eheim-substrat-pro-kartus\\\/#breadcrumb\"},\"inLanguage\":\"en-US\",\"potentialAction\":[{\"@type\":\"ReadAction\",\"target\":[\"https:\\\/\\\/anadolupet.com.tr\\\/urun\\\/eheim-substrat-pro-kartus\\\/\"]}]},{\"@type\":\"ImageObject\",\"inLanguage\":\"en-US\",\"@id\":\"https:\\\/\\\/anadolupet.com.tr\\\/urun\\\/eheim-substrat-pro-kartus\\\/#primaryimage\",\"url\":\"https:\\\/\\\/anadolupet.com.tr\\\/wp-content\\\/uploads\\\/2026\\\/02\\\/105-2617421.jpg\",\"contentUrl\":\"https:\\\/\\\/anadolupet.com.tr\\\/wp-content\\\/uploads\\\/2026\\\/02\\\/105-2617421.jpg\",\"width\":750,\"height\":750},{\"@type\":\"BreadcrumbList\",\"@id\":\"https:\\\/\\\/anadolupet.com.tr\\\/urun\\\/eheim-substrat-pro-kartus\\\/#breadcrumb\",\"itemListElement\":[{\"@type\":\"ListItem\",\"position\":1,\"name\":\"Anasayfa\",\"item\":\"https:\\\/\\\/anadolupet.com.tr\\\/\"},{\"@type\":\"ListItem\",\"position\":2,\"name\":\"\u00dcr\u00fcnler\",\"item\":\"https:\\\/\\\/anadolupet.com.tr\\\/urunler\\\/\"},{\"@type\":\"ListItem\",\"position\":3,\"name\":\"EHEIM Substrat Pro Kartu\u015f\"}]},{\"@type\":\"WebSite\",\"@id\":\"https:\\\/\\\/anadolupet.com.tr\\\/#website\",\"url\":\"https:\\\/\\\/anadolupet.com.tr\\\/\",\"name\":\"Anadolu Pet Grup\",\"description\":\"Her Can\u0131n \u0130yi Ya\u015fam\u0131 \u0130\u00e7in Biraraday\u0131z\",\"publisher\":{\"@id\":\"https:\\\/\\\/anadolupet.com.tr\\\/#organization\"},\"potentialAction\":[{\"@type\":\"SearchAction\",\"target\":{\"@type\":\"EntryPoint\",\"urlTemplate\":\"https:\\\/\\\/anadolupet.com.tr\\\/?s={search_term_string}\"},\"query-input\":{\"@type\":\"PropertyValueSpecification\",\"valueRequired\":true,\"valueName\":\"search_term_string\"}}],\"inLanguage\":\"en-US\"},{\"@type\":\"Organization\",\"@id\":\"https:\\\/\\\/anadolupet.com.tr\\\/#organization\",\"name\":\"Anadolu Pet Grup\",\"alternateName\":\"Anadolu Pet\",\"url\":\"https:\\\/\\\/anadolupet.com.tr\\\/\",\"logo\":{\"@type\":\"ImageObject\",\"inLanguage\":\"en-US\",\"@id\":\"https:\\\/\\\/anadolupet.com.tr\\\/#\\\/schema\\\/logo\\\/image\\\/\",\"url\":\"https:\\\/\\\/anadolupet.com.tr\\\/wp-content\\\/uploads\\\/2026\\\/03\\\/1614666743370.jpg\",\"contentUrl\":\"https:\\\/\\\/anadolupet.com.tr\\\/wp-content\\\/uploads\\\/2026\\\/03\\\/1614666743370.jpg\",\"width\":800,\"height\":571,\"caption\":\"Anadolu Pet Grup\"},\"image\":{\"@id\":\"https:\\\/\\\/anadolupet.com.tr\\\/#\\\/schema\\\/logo\\\/image\\\/\"}}]}<\/script>\n<!-- \/ Yoast SEO plugin. -->","yoast_head_json":{"title":"EHEIM Substrat Pro Kartu\u015f - Anadolu Pet Grup","robots":{"index":"index","follow":"follow","max-snippet":"max-snippet:-1","max-image-preview":"max-image-preview:large","max-video-preview":"max-video-preview:-1"},"canonical":"https:\/\/anadolupet.com.tr\/en\/product\/eheim-substrat-pro-kartus\/","og_locale":"en_US","og_type":"article","og_title":"EHEIM Substrat Pro Kartu\u015f - Anadolu Pet Grup","og_description":"Kir par\u00e7ac\u0131klar\u0131 g\u00f6zenekli s\u00fcnger malzeme i\u00e7inde tutulur. Ayn\u0131 zamanda bu malzeme, ar\u0131t\u0131c\u0131 bakteriler i\u00e7in geni\u015f bir kolonile\u015fme y\u00fczeyi sunar. K\u0131sa bir olgunla\u015fma s\u00fcresinden sonra s\u00fcnger kartu\u015flar yaln\u0131zca mekanik su ar\u0131t\u0131m\u0131 yapmakla kalmaz, zararl\u0131 maddelerin biyolojik olarak par\u00e7alanmas\u0131n\u0131 da ger\u00e7ekle\u015ftirir. Kartu\u015flar birka\u00e7 kez yeniden kullan\u0131labilir. Temizlemek i\u00e7in sadece durulay\u0131p s\u0131kmak yeterlidir, b\u00f6ylece bakteri k\u00fclt\u00fcrleri tamamen yok edilmez. S\u00fcnger kir par\u00e7ac\u0131klar\u0131n\u0131 mekanik olarak tutar Bakteri k\u00fclt\u00fcrleri g\u00f6zeneklerde kolonile\u015fir Birka\u00e7 kez yeniden kullan\u0131labilir Temizlemek i\u00e7in sadece durulay\u0131p s\u0131kmak yeterlidir","og_url":"https:\/\/anadolupet.com.tr\/en\/product\/eheim-substrat-pro-kartus\/","og_site_name":"Anadolu Pet Grup","article_modified_time":"2026-02-23T12:48:26+00:00","og_image":[{"width":750,"height":750,"url":"https:\/\/anadolupet.com.tr\/wp-content\/uploads\/2026\/02\/105-2617421.jpg","type":"image\/jpeg"}],"twitter_card":"summary_large_image","schema":{"@context":"https:\/\/schema.org","@graph":[{"@type":"WebPage","@id":"https:\/\/anadolupet.com.tr\/urun\/eheim-substrat-pro-kartus\/","url":"https:\/\/anadolupet.com.tr\/urun\/eheim-substrat-pro-kartus\/","name":"EHEIM Substrat Pro Kartu\u015f - Anadolu Pet Grup","isPartOf":{"@id":"https:\/\/anadolupet.com.tr\/#website"},"primaryImageOfPage":{"@id":"https:\/\/anadolupet.com.tr\/urun\/eheim-substrat-pro-kartus\/#primaryimage"},"image":{"@id":"https:\/\/anadolupet.com.tr\/urun\/eheim-substrat-pro-kartus\/#primaryimage"},"thumbnailUrl":"https:\/\/anadolupet.com.tr\/wp-content\/uploads\/2026\/02\/105-2617421.jpg","datePublished":"2026-02-14T14:40:42+00:00","dateModified":"2026-02-23T12:48:26+00:00","breadcrumb":{"@id":"https:\/\/anadolupet.com.tr\/urun\/eheim-substrat-pro-kartus\/#breadcrumb"},"inLanguage":"en-US","potentialAction":[{"@type":"ReadAction","target":["https:\/\/anadolupet.com.tr\/urun\/eheim-substrat-pro-kartus\/"]}]},{"@type":"ImageObject","inLanguage":"en-US","@id":"https:\/\/anadolupet.com.tr\/urun\/eheim-substrat-pro-kartus\/#primaryimage","url":"https:\/\/anadolupet.com.tr\/wp-content\/uploads\/2026\/02\/105-2617421.jpg","contentUrl":"https:\/\/anadolupet.com.tr\/wp-content\/uploads\/2026\/02\/105-2617421.jpg","width":750,"height":750},{"@type":"BreadcrumbList","@id":"https:\/\/anadolupet.com.tr\/urun\/eheim-substrat-pro-kartus\/#breadcrumb","itemListElement":[{"@type":"ListItem","position":1,"name":"Anasayfa","item":"https:\/\/anadolupet.com.tr\/"},{"@type":"ListItem","position":2,"name":"\u00dcr\u00fcnler","item":"https:\/\/anadolupet.com.tr\/urunler\/"},{"@type":"ListItem","position":3,"name":"EHEIM Substrat Pro Kartu\u015f"}]},{"@type":"WebSite","@id":"https:\/\/anadolupet.com.tr\/#website","url":"https:\/\/anadolupet.com.tr\/","name":"Anadolu Pet Group","description":"We Stand Together for the Well-Being of Every Life","publisher":{"@id":"https:\/\/anadolupet.com.tr\/#organization"},"potentialAction":[{"@type":"SearchAction","target":{"@type":"EntryPoint","urlTemplate":"https:\/\/anadolupet.com.tr\/?s={search_term_string}"},"query-input":{"@type":"PropertyValueSpecification","valueRequired":true,"valueName":"search_term_string"}}],"inLanguage":"en-US"},{"@type":"Organization","@id":"https:\/\/anadolupet.com.tr\/#organization","name":"Anadolu Pet Group","alternateName":"Anadolu Pet","url":"https:\/\/anadolupet.com.tr\/","logo":{"@type":"ImageObject","inLanguage":"en-US","@id":"https:\/\/anadolupet.com.tr\/#\/schema\/logo\/image\/","url":"https:\/\/anadolupet.com.tr\/wp-content\/uploads\/2026\/03\/1614666743370.jpg","contentUrl":"https:\/\/anadolupet.com.tr\/wp-content\/uploads\/2026\/03\/1614666743370.jpg","width":800,"height":571,"caption":"Anadolu Pet Grup"},"image":{"@id":"https:\/\/anadolupet.com.tr\/#\/schema\/logo\/image\/"}}]}},"_links":{"self":[{"href":"https:\/\/anadolupet.com.tr\/en\/wp-json\/wp\/v2\/product\/45138","targetHints":{"allow":["GET"]}}],"collection":[{"href":"https:\/\/anadolupet.com.tr\/en\/wp-json\/wp\/v2\/product"}],"about":[{"href":"https:\/\/anadolupet.com.tr\/en\/wp-json\/wp\/v2\/types\/product"}],"replies":[{"embeddable":true,"href":"https:\/\/anadolupet.com.tr\/en\/wp-json\/wp\/v2\/comments?post=45138"}],"wp:featuredmedia":[{"embeddable":true,"href":"https:\/\/anadolupet.com.tr\/en\/wp-json\/wp\/v2\/media\/42385"}],"wp:attachment":[{"href":"https:\/\/anadolupet.com.tr\/en\/wp-json\/wp\/v2\/media?parent=45138"}],"wp:term":[{"taxonomy":"product_brand","embeddable":true,"href":"https:\/\/anadolupet.com.tr\/en\/wp-json\/wp\/v2\/product_brand?post=45138"},{"taxonomy":"product_cat","embeddable":true,"href":"https:\/\/anadolupet.com.tr\/en\/wp-json\/wp\/v2\/product_cat?post=45138"},{"taxonomy":"product_tag","embeddable":true,"href":"https:\/\/anadolupet.com.tr\/en\/wp-json\/wp\/v2\/product_tag?post=45138"}],"curies":[{"name":"wp","href":"https:\/\/api.w.org\/{rel}","templated":true}]}}