{"id":45139,"date":"2026-02-14T14:40:43","date_gmt":"2026-02-14T14:40:43","guid":{"rendered":"https:\/\/anadolupet.com.tr\/urun\/eheim-substratpro-o2-xygen-1-l\/"},"modified":"2026-02-23T12:48:26","modified_gmt":"2026-02-23T12:48:26","slug":"eheim-substratpro-o2-xygen-1-l","status":"publish","type":"product","link":"https:\/\/anadolupet.com.tr\/en\/urun\/eheim-substratpro-o2-xygen-1-l\/","title":{"rendered":"EHEIM SUBSTRATpro+ O2 xygen 1 L"},"content":{"rendered":"","protected":false},"excerpt":{"rendered":"<p>EHEIM SUBSTRATpro+O2xygen, klasik SUBSTRATpro\u2019nun geli\u015ftirilmi\u015f versiyonudur ve biyolojik su ar\u0131t\u0131m\u0131nda \u00e7\u0131\u011f\u0131r a\u00e7an bir filtre malzemesidir. \u0130\u00e7eri\u011finde bulunan turmalin mineralinin piroelektrik \u00f6zellikleri sayesinde suyla temas etti\u011finde elektron-aktif oksijen (s\u00fcper oksijen O2-) \u00fcretir. Bu \u00f6zel teknoloji, filtre bakterileri i\u00e7in ideal ko\u015fullar sa\u011flar, akvaryum ekosisteminde metabolizmay\u0131 h\u0131zland\u0131r\u0131r ve bal\u0131klar ile bitkilerin canl\u0131l\u0131\u011f\u0131n\u0131 art\u0131r\u0131r.<\/p>\n<p>\u00d6ne \u00c7\u0131kan \u00d6zellikler<br \/>\nY\u00fcksek kaliteli malzeme: Silikat ve turmalinden \u00fcretilmi\u015f seramik filtre k\u00fctlesi<\/p>\n<p>\u0130novatif teknoloji: Turmalin sayesinde elektron-aktif oksijen \u00fcretimi<\/p>\n<p>45% porozite: \u00c7ok geni\u015f y\u00fczey alan\u0131, yo\u011fun bakteri kolonizasyonu<\/p>\n<p>pH-n\u00f6tr: Su kimyas\u0131n\u0131 etkilemez, stabil akvaryum ortam\u0131 sa\u011flar<\/p>\n<p>H\u0131zl\u0131 kir giderimi: Organik kirlerin biyolojik olarak \u00e7ok daha h\u0131zl\u0131 par\u00e7alanmas\u0131<\/p>\n<p>Metabolizma deste\u011fi: Bal\u0131k, bitki ve t\u00fcm ekosistemin canl\u0131l\u0131\u011f\u0131n\u0131 art\u0131r\u0131r<\/p>\n<p>Dayan\u0131kl\u0131l\u0131k: 1000 \u00b0C \u00fczerinde \u0131s\u0131t\u0131larak \u00fcretilmi\u015f, uzun \u00f6m\u00fcrl\u00fc ve sa\u011flam<\/p>\n<p>S\u00fcrd\u00fcr\u00fclebilir kullan\u0131m: Y\u0131kanarak tekrar kullan\u0131labilir<\/p>\n<p>Uyumluluk: Tatl\u0131 ve tuzlu su akvaryumlar\u0131 i\u00e7in uygun<\/p>\n<p>Avantajlar<br \/>\nKristal berrakl\u0131\u011f\u0131nda su ve sa\u011fl\u0131kl\u0131 ekosistem<\/p>\n<p>Uzun \u00f6m\u00fcrl\u00fc ve tekrar kullan\u0131labilir yap\u0131<\/p>\n<p>Filtre bakterileri i\u00e7in optimum oksijen deste\u011fi<\/p>\n<p>Kirlerin h\u0131zl\u0131 ve verimli \u015fekilde par\u00e7alanmas\u0131<\/p>\n<p>Bal\u0131k ve bitkilerde canl\u0131l\u0131k art\u0131\u015f\u0131<\/p>","protected":false},"featured_media":42355,"comment_status":"open","ping_status":"closed","template":"","meta":{"_acf_changed":false},"product_brand":[],"product_cat":[2381],"product_tag":[],"class_list":{"0":"post-45139","1":"product","2":"type-product","3":"status-publish","4":"has-post-thumbnail","6":"product_cat-dis-filtre-malzemeleri","8":"first","9":"instock","10":"shipping-taxable","11":"product-type-simple"},"acf":[],"yoast_head":"<!-- This site is optimized with the Yoast SEO plugin v27.5 - https:\/\/yoast.com\/product\/yoast-seo-wordpress\/ -->\n<title>EHEIM SUBSTRATpro+ O2 xygen 1 L - Anadolu Pet Grup<\/title>\n<meta name=\"robots\" content=\"index, follow, max-snippet:-1, max-image-preview:large, max-video-preview:-1\" \/>\n<link rel=\"canonical\" href=\"https:\/\/anadolupet.com.tr\/en\/product\/eheim-substratpro-o2-xygen-1-l\/\" \/>\n<meta property=\"og:locale\" content=\"en_US\" \/>\n<meta property=\"og:type\" content=\"article\" \/>\n<meta property=\"og:title\" content=\"EHEIM SUBSTRATpro+ O2 xygen 1 L - Anadolu Pet Grup\" \/>\n<meta property=\"og:description\" content=\"EHEIM SUBSTRATpro+O2xygen, klasik SUBSTRATpro\u2019nun geli\u015ftirilmi\u015f versiyonudur ve biyolojik su ar\u0131t\u0131m\u0131nda \u00e7\u0131\u011f\u0131r a\u00e7an bir filtre malzemesidir. \u0130\u00e7eri\u011finde bulunan turmalin mineralinin piroelektrik \u00f6zellikleri sayesinde suyla temas etti\u011finde elektron-aktif oksijen (s\u00fcper oksijen O2-) \u00fcretir. Bu \u00f6zel teknoloji, filtre bakterileri i\u00e7in ideal ko\u015fullar sa\u011flar, akvaryum ekosisteminde metabolizmay\u0131 h\u0131zland\u0131r\u0131r ve bal\u0131klar ile bitkilerin canl\u0131l\u0131\u011f\u0131n\u0131 art\u0131r\u0131r. \u00d6ne \u00c7\u0131kan \u00d6zellikler Y\u00fcksek kaliteli malzeme: Silikat ve turmalinden \u00fcretilmi\u015f seramik filtre k\u00fctlesi \u0130novatif teknoloji: Turmalin sayesinde elektron-aktif oksijen \u00fcretimi 45% porozite: \u00c7ok geni\u015f y\u00fczey alan\u0131, yo\u011fun bakteri kolonizasyonu pH-n\u00f6tr: Su kimyas\u0131n\u0131 etkilemez, stabil akvaryum ortam\u0131 sa\u011flar H\u0131zl\u0131 kir giderimi: Organik kirlerin biyolojik olarak \u00e7ok daha h\u0131zl\u0131 par\u00e7alanmas\u0131 Metabolizma deste\u011fi: Bal\u0131k, bitki ve t\u00fcm ekosistemin canl\u0131l\u0131\u011f\u0131n\u0131 art\u0131r\u0131r Dayan\u0131kl\u0131l\u0131k: 1000 \u00b0C \u00fczerinde \u0131s\u0131t\u0131larak \u00fcretilmi\u015f, uzun \u00f6m\u00fcrl\u00fc ve sa\u011flam S\u00fcrd\u00fcr\u00fclebilir kullan\u0131m: Y\u0131kanarak tekrar kullan\u0131labilir Uyumluluk: Tatl\u0131 ve tuzlu su akvaryumlar\u0131 i\u00e7in uygun Avantajlar Kristal berrakl\u0131\u011f\u0131nda su ve sa\u011fl\u0131kl\u0131 ekosistem Uzun \u00f6m\u00fcrl\u00fc ve tekrar kullan\u0131labilir yap\u0131 Filtre bakterileri i\u00e7in optimum oksijen deste\u011fi Kirlerin h\u0131zl\u0131 ve verimli \u015fekilde par\u00e7alanmas\u0131 Bal\u0131k ve bitkilerde canl\u0131l\u0131k art\u0131\u015f\u0131\" \/>\n<meta property=\"og:url\" content=\"https:\/\/anadolupet.com.tr\/en\/product\/eheim-substratpro-o2-xygen-1-l\/\" \/>\n<meta property=\"og:site_name\" content=\"Anadolu Pet Grup\" \/>\n<meta property=\"article:modified_time\" content=\"2026-02-23T12:48:26+00:00\" \/>\n<meta property=\"og:image\" content=\"https:\/\/anadolupet.com.tr\/wp-content\/uploads\/2026\/02\/105-2512051_5.jpg\" \/>\n\t<meta property=\"og:image:width\" content=\"750\" \/>\n\t<meta property=\"og:image:height\" content=\"750\" \/>\n\t<meta property=\"og:image:type\" content=\"image\/jpeg\" \/>\n<meta name=\"twitter:card\" content=\"summary_large_image\" \/>\n<script type=\"application\/ld+json\" class=\"yoast-schema-graph\">{\"@context\":\"https:\\\/\\\/schema.org\",\"@graph\":[{\"@type\":\"WebPage\",\"@id\":\"https:\\\/\\\/anadolupet.com.tr\\\/urun\\\/eheim-substratpro-o2-xygen-1-l\\\/\",\"url\":\"https:\\\/\\\/anadolupet.com.tr\\\/urun\\\/eheim-substratpro-o2-xygen-1-l\\\/\",\"name\":\"EHEIM SUBSTRATpro+ O2 xygen 1 L - Anadolu Pet Grup\",\"isPartOf\":{\"@id\":\"https:\\\/\\\/anadolupet.com.tr\\\/#website\"},\"primaryImageOfPage\":{\"@id\":\"https:\\\/\\\/anadolupet.com.tr\\\/urun\\\/eheim-substratpro-o2-xygen-1-l\\\/#primaryimage\"},\"image\":{\"@id\":\"https:\\\/\\\/anadolupet.com.tr\\\/urun\\\/eheim-substratpro-o2-xygen-1-l\\\/#primaryimage\"},\"thumbnailUrl\":\"https:\\\/\\\/anadolupet.com.tr\\\/wp-content\\\/uploads\\\/2026\\\/02\\\/105-2512051_5.jpg\",\"datePublished\":\"2026-02-14T14:40:43+00:00\",\"dateModified\":\"2026-02-23T12:48:26+00:00\",\"breadcrumb\":{\"@id\":\"https:\\\/\\\/anadolupet.com.tr\\\/urun\\\/eheim-substratpro-o2-xygen-1-l\\\/#breadcrumb\"},\"inLanguage\":\"en-US\",\"potentialAction\":[{\"@type\":\"ReadAction\",\"target\":[\"https:\\\/\\\/anadolupet.com.tr\\\/urun\\\/eheim-substratpro-o2-xygen-1-l\\\/\"]}]},{\"@type\":\"ImageObject\",\"inLanguage\":\"en-US\",\"@id\":\"https:\\\/\\\/anadolupet.com.tr\\\/urun\\\/eheim-substratpro-o2-xygen-1-l\\\/#primaryimage\",\"url\":\"https:\\\/\\\/anadolupet.com.tr\\\/wp-content\\\/uploads\\\/2026\\\/02\\\/105-2512051_5.jpg\",\"contentUrl\":\"https:\\\/\\\/anadolupet.com.tr\\\/wp-content\\\/uploads\\\/2026\\\/02\\\/105-2512051_5.jpg\",\"width\":750,\"height\":750},{\"@type\":\"BreadcrumbList\",\"@id\":\"https:\\\/\\\/anadolupet.com.tr\\\/urun\\\/eheim-substratpro-o2-xygen-1-l\\\/#breadcrumb\",\"itemListElement\":[{\"@type\":\"ListItem\",\"position\":1,\"name\":\"Anasayfa\",\"item\":\"https:\\\/\\\/anadolupet.com.tr\\\/\"},{\"@type\":\"ListItem\",\"position\":2,\"name\":\"\u00dcr\u00fcnler\",\"item\":\"https:\\\/\\\/anadolupet.com.tr\\\/urunler\\\/\"},{\"@type\":\"ListItem\",\"position\":3,\"name\":\"EHEIM SUBSTRATpro+ O2 xygen 1 L\"}]},{\"@type\":\"WebSite\",\"@id\":\"https:\\\/\\\/anadolupet.com.tr\\\/#website\",\"url\":\"https:\\\/\\\/anadolupet.com.tr\\\/\",\"name\":\"Anadolu Pet Grup\",\"description\":\"Her Can\u0131n \u0130yi Ya\u015fam\u0131 \u0130\u00e7in Biraraday\u0131z\",\"publisher\":{\"@id\":\"https:\\\/\\\/anadolupet.com.tr\\\/#organization\"},\"potentialAction\":[{\"@type\":\"SearchAction\",\"target\":{\"@type\":\"EntryPoint\",\"urlTemplate\":\"https:\\\/\\\/anadolupet.com.tr\\\/?s={search_term_string}\"},\"query-input\":{\"@type\":\"PropertyValueSpecification\",\"valueRequired\":true,\"valueName\":\"search_term_string\"}}],\"inLanguage\":\"en-US\"},{\"@type\":\"Organization\",\"@id\":\"https:\\\/\\\/anadolupet.com.tr\\\/#organization\",\"name\":\"Anadolu Pet Grup\",\"alternateName\":\"Anadolu Pet\",\"url\":\"https:\\\/\\\/anadolupet.com.tr\\\/\",\"logo\":{\"@type\":\"ImageObject\",\"inLanguage\":\"en-US\",\"@id\":\"https:\\\/\\\/anadolupet.com.tr\\\/#\\\/schema\\\/logo\\\/image\\\/\",\"url\":\"https:\\\/\\\/anadolupet.com.tr\\\/wp-content\\\/uploads\\\/2026\\\/03\\\/1614666743370.jpg\",\"contentUrl\":\"https:\\\/\\\/anadolupet.com.tr\\\/wp-content\\\/uploads\\\/2026\\\/03\\\/1614666743370.jpg\",\"width\":800,\"height\":571,\"caption\":\"Anadolu Pet Grup\"},\"image\":{\"@id\":\"https:\\\/\\\/anadolupet.com.tr\\\/#\\\/schema\\\/logo\\\/image\\\/\"}}]}<\/script>\n<!-- \/ Yoast SEO plugin. -->","yoast_head_json":{"title":"EHEIM SUBSTRATpro+ O2 xygen 1 L - Anadolu Pet Grup","robots":{"index":"index","follow":"follow","max-snippet":"max-snippet:-1","max-image-preview":"max-image-preview:large","max-video-preview":"max-video-preview:-1"},"canonical":"https:\/\/anadolupet.com.tr\/en\/product\/eheim-substratpro-o2-xygen-1-l\/","og_locale":"en_US","og_type":"article","og_title":"EHEIM SUBSTRATpro+ O2 xygen 1 L - Anadolu Pet Grup","og_description":"EHEIM SUBSTRATpro+O2xygen, klasik SUBSTRATpro\u2019nun geli\u015ftirilmi\u015f versiyonudur ve biyolojik su ar\u0131t\u0131m\u0131nda \u00e7\u0131\u011f\u0131r a\u00e7an bir filtre malzemesidir. \u0130\u00e7eri\u011finde bulunan turmalin mineralinin piroelektrik \u00f6zellikleri sayesinde suyla temas etti\u011finde elektron-aktif oksijen (s\u00fcper oksijen O2-) \u00fcretir. Bu \u00f6zel teknoloji, filtre bakterileri i\u00e7in ideal ko\u015fullar sa\u011flar, akvaryum ekosisteminde metabolizmay\u0131 h\u0131zland\u0131r\u0131r ve bal\u0131klar ile bitkilerin canl\u0131l\u0131\u011f\u0131n\u0131 art\u0131r\u0131r. \u00d6ne \u00c7\u0131kan \u00d6zellikler Y\u00fcksek kaliteli malzeme: Silikat ve turmalinden \u00fcretilmi\u015f seramik filtre k\u00fctlesi \u0130novatif teknoloji: Turmalin sayesinde elektron-aktif oksijen \u00fcretimi 45% porozite: \u00c7ok geni\u015f y\u00fczey alan\u0131, yo\u011fun bakteri kolonizasyonu pH-n\u00f6tr: Su kimyas\u0131n\u0131 etkilemez, stabil akvaryum ortam\u0131 sa\u011flar H\u0131zl\u0131 kir giderimi: Organik kirlerin biyolojik olarak \u00e7ok daha h\u0131zl\u0131 par\u00e7alanmas\u0131 Metabolizma deste\u011fi: Bal\u0131k, bitki ve t\u00fcm ekosistemin canl\u0131l\u0131\u011f\u0131n\u0131 art\u0131r\u0131r Dayan\u0131kl\u0131l\u0131k: 1000 \u00b0C \u00fczerinde \u0131s\u0131t\u0131larak \u00fcretilmi\u015f, uzun \u00f6m\u00fcrl\u00fc ve sa\u011flam S\u00fcrd\u00fcr\u00fclebilir kullan\u0131m: Y\u0131kanarak tekrar kullan\u0131labilir Uyumluluk: Tatl\u0131 ve tuzlu su akvaryumlar\u0131 i\u00e7in uygun Avantajlar Kristal berrakl\u0131\u011f\u0131nda su ve sa\u011fl\u0131kl\u0131 ekosistem Uzun \u00f6m\u00fcrl\u00fc ve tekrar kullan\u0131labilir yap\u0131 Filtre bakterileri i\u00e7in optimum oksijen deste\u011fi Kirlerin h\u0131zl\u0131 ve verimli \u015fekilde par\u00e7alanmas\u0131 Bal\u0131k ve bitkilerde canl\u0131l\u0131k art\u0131\u015f\u0131","og_url":"https:\/\/anadolupet.com.tr\/en\/product\/eheim-substratpro-o2-xygen-1-l\/","og_site_name":"Anadolu Pet Grup","article_modified_time":"2026-02-23T12:48:26+00:00","og_image":[{"width":750,"height":750,"url":"https:\/\/anadolupet.com.tr\/wp-content\/uploads\/2026\/02\/105-2512051_5.jpg","type":"image\/jpeg"}],"twitter_card":"summary_large_image","schema":{"@context":"https:\/\/schema.org","@graph":[{"@type":"WebPage","@id":"https:\/\/anadolupet.com.tr\/urun\/eheim-substratpro-o2-xygen-1-l\/","url":"https:\/\/anadolupet.com.tr\/urun\/eheim-substratpro-o2-xygen-1-l\/","name":"EHEIM SUBSTRATpro+ O2 xygen 1 L - Anadolu Pet Grup","isPartOf":{"@id":"https:\/\/anadolupet.com.tr\/#website"},"primaryImageOfPage":{"@id":"https:\/\/anadolupet.com.tr\/urun\/eheim-substratpro-o2-xygen-1-l\/#primaryimage"},"image":{"@id":"https:\/\/anadolupet.com.tr\/urun\/eheim-substratpro-o2-xygen-1-l\/#primaryimage"},"thumbnailUrl":"https:\/\/anadolupet.com.tr\/wp-content\/uploads\/2026\/02\/105-2512051_5.jpg","datePublished":"2026-02-14T14:40:43+00:00","dateModified":"2026-02-23T12:48:26+00:00","breadcrumb":{"@id":"https:\/\/anadolupet.com.tr\/urun\/eheim-substratpro-o2-xygen-1-l\/#breadcrumb"},"inLanguage":"en-US","potentialAction":[{"@type":"ReadAction","target":["https:\/\/anadolupet.com.tr\/urun\/eheim-substratpro-o2-xygen-1-l\/"]}]},{"@type":"ImageObject","inLanguage":"en-US","@id":"https:\/\/anadolupet.com.tr\/urun\/eheim-substratpro-o2-xygen-1-l\/#primaryimage","url":"https:\/\/anadolupet.com.tr\/wp-content\/uploads\/2026\/02\/105-2512051_5.jpg","contentUrl":"https:\/\/anadolupet.com.tr\/wp-content\/uploads\/2026\/02\/105-2512051_5.jpg","width":750,"height":750},{"@type":"BreadcrumbList","@id":"https:\/\/anadolupet.com.tr\/urun\/eheim-substratpro-o2-xygen-1-l\/#breadcrumb","itemListElement":[{"@type":"ListItem","position":1,"name":"Anasayfa","item":"https:\/\/anadolupet.com.tr\/"},{"@type":"ListItem","position":2,"name":"\u00dcr\u00fcnler","item":"https:\/\/anadolupet.com.tr\/urunler\/"},{"@type":"ListItem","position":3,"name":"EHEIM SUBSTRATpro+ O2 xygen 1 L"}]},{"@type":"WebSite","@id":"https:\/\/anadolupet.com.tr\/#website","url":"https:\/\/anadolupet.com.tr\/","name":"Anadolu Pet Group","description":"We Stand Together for the Well-Being of Every Life","publisher":{"@id":"https:\/\/anadolupet.com.tr\/#organization"},"potentialAction":[{"@type":"SearchAction","target":{"@type":"EntryPoint","urlTemplate":"https:\/\/anadolupet.com.tr\/?s={search_term_string}"},"query-input":{"@type":"PropertyValueSpecification","valueRequired":true,"valueName":"search_term_string"}}],"inLanguage":"en-US"},{"@type":"Organization","@id":"https:\/\/anadolupet.com.tr\/#organization","name":"Anadolu Pet Group","alternateName":"Anadolu Pet","url":"https:\/\/anadolupet.com.tr\/","logo":{"@type":"ImageObject","inLanguage":"en-US","@id":"https:\/\/anadolupet.com.tr\/#\/schema\/logo\/image\/","url":"https:\/\/anadolupet.com.tr\/wp-content\/uploads\/2026\/03\/1614666743370.jpg","contentUrl":"https:\/\/anadolupet.com.tr\/wp-content\/uploads\/2026\/03\/1614666743370.jpg","width":800,"height":571,"caption":"Anadolu Pet Grup"},"image":{"@id":"https:\/\/anadolupet.com.tr\/#\/schema\/logo\/image\/"}}]}},"_links":{"self":[{"href":"https:\/\/anadolupet.com.tr\/en\/wp-json\/wp\/v2\/product\/45139","targetHints":{"allow":["GET"]}}],"collection":[{"href":"https:\/\/anadolupet.com.tr\/en\/wp-json\/wp\/v2\/product"}],"about":[{"href":"https:\/\/anadolupet.com.tr\/en\/wp-json\/wp\/v2\/types\/product"}],"replies":[{"embeddable":true,"href":"https:\/\/anadolupet.com.tr\/en\/wp-json\/wp\/v2\/comments?post=45139"}],"wp:featuredmedia":[{"embeddable":true,"href":"https:\/\/anadolupet.com.tr\/en\/wp-json\/wp\/v2\/media\/42355"}],"wp:attachment":[{"href":"https:\/\/anadolupet.com.tr\/en\/wp-json\/wp\/v2\/media?parent=45139"}],"wp:term":[{"taxonomy":"product_brand","embeddable":true,"href":"https:\/\/anadolupet.com.tr\/en\/wp-json\/wp\/v2\/product_brand?post=45139"},{"taxonomy":"product_cat","embeddable":true,"href":"https:\/\/anadolupet.com.tr\/en\/wp-json\/wp\/v2\/product_cat?post=45139"},{"taxonomy":"product_tag","embeddable":true,"href":"https:\/\/anadolupet.com.tr\/en\/wp-json\/wp\/v2\/product_tag?post=45139"}],"curies":[{"name":"wp","href":"https:\/\/api.w.org\/{rel}","templated":true}]}}