{"id":45144,"date":"2026-02-14T14:40:45","date_gmt":"2026-02-14T14:40:45","guid":{"rendered":"https:\/\/anadolupet.com.tr\/?post_type=product&#038;p=45144"},"modified":"2026-02-23T12:48:27","modified_gmt":"2026-02-23T12:48:27","slug":"eheim-termo-control-e-25-akvaryum-isiticisi","status":"publish","type":"product","link":"https:\/\/anadolupet.com.tr\/en\/urun\/eheim-termo-control-e-25-akvaryum-isiticisi\/","title":{"rendered":"EHEIM Termo Control E-25 Akvaryum Is\u0131t\u0131c\u0131s\u0131"},"content":{"rendered":"","protected":false},"excerpt":{"rendered":"<p>EHEIM thermocontrol-e akvaryum \u0131s\u0131t\u0131c\u0131, bal\u0131klar\u0131n\u0131z i\u00e7in do\u011fru s\u0131cakl\u0131\u011f\u0131 daha da hassas \u015fekilde sa\u011flar. Klasik \u0131s\u0131t\u0131c\u0131 \u00e7ubuk prensibi \u00fczerine geli\u015ftirilmi\u015f bu modern cihaz, elektronik kontrol sistemi sayesinde s\u0131cakl\u0131\u011f\u0131 \u00b10,5 \u00b0C hassasiyetle \u00f6l\u00e7er ve sabit tutar.<\/p>\n<p>\u00d6zel laboratuvar cam\u0131 kaplama, \u0131s\u0131tma y\u00fczeyini art\u0131r\u0131r, \u0131s\u0131y\u0131 yo\u011funla\u015ft\u0131r\u0131r ve e\u015fit da\u011f\u0131l\u0131m sa\u011flar. Ayn\u0131 zamanda bir \u0131s\u0131 kalkan\u0131 g\u00f6revi g\u00f6rerek akvaryum canl\u0131lar\u0131n\u0131n g\u00fcvenli\u011fini sa\u011flar. 20 litreden 1200 litreye kadar akvaryumlar i\u00e7in 10 farkl\u0131 boyut se\u00e7ene\u011fi mevcuttur.<\/p>\n<p>Avantajlar ve \u00d6zellikler<br \/>\n20\u201332 \u00b0C aras\u0131nda hassas s\u0131cakl\u0131k ayar\u0131<\/p>\n<p>Yeniden kalibrasyon gerekmez<\/p>\n<p>\u00b10,5 \u00b0C kontrol hassasiyeti<\/p>\n<p>Is\u0131 sabit seviyede tutulur<\/p>\n<p>Kontrol lambas\u0131: k\u0131rm\u0131z\u0131 = \u0131s\u0131tma, ye\u015fil = s\u0131cakl\u0131k sabit<\/p>\n<p>Tamamen su ge\u00e7irmez \u2013 akvaryuma tamamen dald\u0131r\u0131labilir<\/p>\n<p>Thermo Safety Control \u2013 kuru \u00e7al\u0131\u015fmaya kar\u015f\u0131 otomatik koruma<\/p>\n<p>\u00d6zel laboratuvar cam\u0131 kaplama:<\/p>\n<p>Is\u0131tma y\u00fczeyini art\u0131r\u0131r<\/p>\n<p>Is\u0131y\u0131 yo\u011funla\u015ft\u0131r\u0131r ve e\u015fit da\u011f\u0131t\u0131r<\/p>\n<p>Is\u0131 kalkan\u0131 g\u00f6revi g\u00f6r\u00fcr \u2013 canl\u0131lara zarar vermez<\/p>\n<p>170 cm kablo uzunlu\u011fu \u2013 pratik kullan\u0131m<\/p>\n<p>\u00c7ift vantuz tutucu ile kolay sabitleme<\/p>\n<p>10 farkl\u0131 boyut \u2013 20 ila 1200 litre akvaryumlar i\u00e7in<\/p>\n<p>Tatl\u0131 su ve deniz suyu akvaryumlar\u0131na uygun<\/p>\n<p>3 y\u0131l garanti \u2013 y\u00fcksek g\u00fcvenlik ve dayan\u0131kl\u0131l\u0131k<\/p>\n<p>Cam Kaplaman\u0131n Yenilik\u00e7i \u00d6zellikleri<br \/>\nAra\u015ft\u0131rma ama\u00e7l\u0131 geli\u015ftirilmi\u015f \u00f6zel laboratuvar cam\u0131ndan \u00fcretilmi\u015ftir<\/p>\n<p>Suya zararl\u0131 olabilecek hi\u00e7bir madde i\u00e7ermez<\/p>\n<p>Kimyasal ve biyolojik maddelere kar\u015f\u0131 dayan\u0131kl\u0131d\u0131r<\/p>\n<p>\u00c7atlak veya g\u00f6zenek olu\u015fmaz \u2013 yo\u011fu\u015fma suya s\u0131zamaz<\/p>\n<p>Darbelere dayan\u0131kl\u0131<\/p>\n<p>Su de\u011fi\u015fimlerinde olu\u015fabilecek ani s\u0131cakl\u0131k dalgalanmalar\u0131na kar\u015f\u0131 dayan\u0131kl\u0131d\u0131r<\/p>","protected":false},"featured_media":42420,"comment_status":"open","ping_status":"closed","template":"","meta":{"_acf_changed":false},"product_brand":[],"product_cat":[2391],"product_tag":[],"class_list":{"0":"post-45144","1":"product","2":"type-product","3":"status-publish","4":"has-post-thumbnail","6":"product_cat-isiticilar","8":"first","9":"instock","10":"shipping-taxable","11":"product-type-simple"},"acf":[],"yoast_head":"<!-- This site is optimized with the Yoast SEO plugin v27.4 - https:\/\/yoast.com\/product\/yoast-seo-wordpress\/ -->\n<title>EHEIM Termo Control E-25 Akvaryum Is\u0131t\u0131c\u0131s\u0131 - Anadolu Pet Grup<\/title>\n<meta name=\"robots\" content=\"index, follow, max-snippet:-1, max-image-preview:large, max-video-preview:-1\" \/>\n<link rel=\"canonical\" href=\"https:\/\/anadolupet.com.tr\/en\/product\/eheim-termo-control-e-25-akvaryum-isiticisi\/\" \/>\n<meta property=\"og:locale\" content=\"en_US\" \/>\n<meta property=\"og:type\" content=\"article\" \/>\n<meta property=\"og:title\" content=\"EHEIM Termo Control E-25 Akvaryum Is\u0131t\u0131c\u0131s\u0131 - Anadolu Pet Grup\" \/>\n<meta property=\"og:description\" content=\"EHEIM thermocontrol-e akvaryum \u0131s\u0131t\u0131c\u0131, bal\u0131klar\u0131n\u0131z i\u00e7in do\u011fru s\u0131cakl\u0131\u011f\u0131 daha da hassas \u015fekilde sa\u011flar. Klasik \u0131s\u0131t\u0131c\u0131 \u00e7ubuk prensibi \u00fczerine geli\u015ftirilmi\u015f bu modern cihaz, elektronik kontrol sistemi sayesinde s\u0131cakl\u0131\u011f\u0131 \u00b10,5 \u00b0C hassasiyetle \u00f6l\u00e7er ve sabit tutar. \u00d6zel laboratuvar cam\u0131 kaplama, \u0131s\u0131tma y\u00fczeyini art\u0131r\u0131r, \u0131s\u0131y\u0131 yo\u011funla\u015ft\u0131r\u0131r ve e\u015fit da\u011f\u0131l\u0131m sa\u011flar. Ayn\u0131 zamanda bir \u0131s\u0131 kalkan\u0131 g\u00f6revi g\u00f6rerek akvaryum canl\u0131lar\u0131n\u0131n g\u00fcvenli\u011fini sa\u011flar. 20 litreden 1200 litreye kadar akvaryumlar i\u00e7in 10 farkl\u0131 boyut se\u00e7ene\u011fi mevcuttur. Avantajlar ve \u00d6zellikler 20\u201332 \u00b0C aras\u0131nda hassas s\u0131cakl\u0131k ayar\u0131 Yeniden kalibrasyon gerekmez \u00b10,5 \u00b0C kontrol hassasiyeti Is\u0131 sabit seviyede tutulur Kontrol lambas\u0131: k\u0131rm\u0131z\u0131 = \u0131s\u0131tma, ye\u015fil = s\u0131cakl\u0131k sabit Tamamen su ge\u00e7irmez \u2013 akvaryuma tamamen dald\u0131r\u0131labilir Thermo Safety Control \u2013 kuru \u00e7al\u0131\u015fmaya kar\u015f\u0131 otomatik koruma \u00d6zel laboratuvar cam\u0131 kaplama: Is\u0131tma y\u00fczeyini art\u0131r\u0131r Is\u0131y\u0131 yo\u011funla\u015ft\u0131r\u0131r ve e\u015fit da\u011f\u0131t\u0131r Is\u0131 kalkan\u0131 g\u00f6revi g\u00f6r\u00fcr \u2013 canl\u0131lara zarar vermez 170 cm kablo uzunlu\u011fu \u2013 pratik kullan\u0131m \u00c7ift vantuz tutucu ile kolay sabitleme 10 farkl\u0131 boyut \u2013 20 ila 1200 litre akvaryumlar i\u00e7in Tatl\u0131 su ve deniz suyu akvaryumlar\u0131na uygun 3 y\u0131l garanti \u2013 y\u00fcksek g\u00fcvenlik ve dayan\u0131kl\u0131l\u0131k Cam Kaplaman\u0131n Yenilik\u00e7i \u00d6zellikleri Ara\u015ft\u0131rma ama\u00e7l\u0131 geli\u015ftirilmi\u015f \u00f6zel laboratuvar cam\u0131ndan \u00fcretilmi\u015ftir Suya zararl\u0131 olabilecek hi\u00e7bir madde i\u00e7ermez Kimyasal ve biyolojik maddelere kar\u015f\u0131 dayan\u0131kl\u0131d\u0131r \u00c7atlak veya g\u00f6zenek olu\u015fmaz \u2013 yo\u011fu\u015fma suya s\u0131zamaz Darbelere dayan\u0131kl\u0131 Su de\u011fi\u015fimlerinde olu\u015fabilecek ani s\u0131cakl\u0131k dalgalanmalar\u0131na kar\u015f\u0131 dayan\u0131kl\u0131d\u0131r\" \/>\n<meta property=\"og:url\" content=\"https:\/\/anadolupet.com.tr\/en\/product\/eheim-termo-control-e-25-akvaryum-isiticisi\/\" \/>\n<meta property=\"og:site_name\" content=\"Anadolu Pet Grup\" \/>\n<meta property=\"article:modified_time\" content=\"2026-02-23T12:48:27+00:00\" \/>\n<meta property=\"og:image\" content=\"https:\/\/anadolupet.com.tr\/wp-content\/uploads\/2026\/02\/105-3631010.jpg\" \/>\n\t<meta property=\"og:image:width\" content=\"750\" \/>\n\t<meta property=\"og:image:height\" content=\"750\" \/>\n\t<meta property=\"og:image:type\" content=\"image\/jpeg\" \/>\n<meta name=\"twitter:card\" content=\"summary_large_image\" \/>\n<script type=\"application\/ld+json\" class=\"yoast-schema-graph\">{\"@context\":\"https:\\\/\\\/schema.org\",\"@graph\":[{\"@type\":\"WebPage\",\"@id\":\"https:\\\/\\\/anadolupet.com.tr\\\/urun\\\/eheim-termo-control-e-25-akvaryum-isiticisi\\\/\",\"url\":\"https:\\\/\\\/anadolupet.com.tr\\\/urun\\\/eheim-termo-control-e-25-akvaryum-isiticisi\\\/\",\"name\":\"EHEIM Termo Control E-25 Akvaryum Is\u0131t\u0131c\u0131s\u0131 - Anadolu Pet Grup\",\"isPartOf\":{\"@id\":\"https:\\\/\\\/anadolupet.com.tr\\\/#website\"},\"primaryImageOfPage\":{\"@id\":\"https:\\\/\\\/anadolupet.com.tr\\\/urun\\\/eheim-termo-control-e-25-akvaryum-isiticisi\\\/#primaryimage\"},\"image\":{\"@id\":\"https:\\\/\\\/anadolupet.com.tr\\\/urun\\\/eheim-termo-control-e-25-akvaryum-isiticisi\\\/#primaryimage\"},\"thumbnailUrl\":\"https:\\\/\\\/anadolupet.com.tr\\\/wp-content\\\/uploads\\\/2026\\\/02\\\/105-3631010.jpg\",\"datePublished\":\"2026-02-14T14:40:45+00:00\",\"dateModified\":\"2026-02-23T12:48:27+00:00\",\"breadcrumb\":{\"@id\":\"https:\\\/\\\/anadolupet.com.tr\\\/urun\\\/eheim-termo-control-e-25-akvaryum-isiticisi\\\/#breadcrumb\"},\"inLanguage\":\"en-US\",\"potentialAction\":[{\"@type\":\"ReadAction\",\"target\":[\"https:\\\/\\\/anadolupet.com.tr\\\/urun\\\/eheim-termo-control-e-25-akvaryum-isiticisi\\\/\"]}]},{\"@type\":\"ImageObject\",\"inLanguage\":\"en-US\",\"@id\":\"https:\\\/\\\/anadolupet.com.tr\\\/urun\\\/eheim-termo-control-e-25-akvaryum-isiticisi\\\/#primaryimage\",\"url\":\"https:\\\/\\\/anadolupet.com.tr\\\/wp-content\\\/uploads\\\/2026\\\/02\\\/105-3631010.jpg\",\"contentUrl\":\"https:\\\/\\\/anadolupet.com.tr\\\/wp-content\\\/uploads\\\/2026\\\/02\\\/105-3631010.jpg\",\"width\":750,\"height\":750},{\"@type\":\"BreadcrumbList\",\"@id\":\"https:\\\/\\\/anadolupet.com.tr\\\/urun\\\/eheim-termo-control-e-25-akvaryum-isiticisi\\\/#breadcrumb\",\"itemListElement\":[{\"@type\":\"ListItem\",\"position\":1,\"name\":\"Anasayfa\",\"item\":\"https:\\\/\\\/anadolupet.com.tr\\\/\"},{\"@type\":\"ListItem\",\"position\":2,\"name\":\"\u00dcr\u00fcnler\",\"item\":\"https:\\\/\\\/anadolupet.com.tr\\\/urunler\\\/\"},{\"@type\":\"ListItem\",\"position\":3,\"name\":\"EHEIM Termo Control E-25 Akvaryum Is\u0131t\u0131c\u0131s\u0131\"}]},{\"@type\":\"WebSite\",\"@id\":\"https:\\\/\\\/anadolupet.com.tr\\\/#website\",\"url\":\"https:\\\/\\\/anadolupet.com.tr\\\/\",\"name\":\"Anadolu Pet Grup\",\"description\":\"Her Can\u0131n \u0130yi Ya\u015fam\u0131 \u0130\u00e7in Biraraday\u0131z\",\"publisher\":{\"@id\":\"https:\\\/\\\/anadolupet.com.tr\\\/#organization\"},\"potentialAction\":[{\"@type\":\"SearchAction\",\"target\":{\"@type\":\"EntryPoint\",\"urlTemplate\":\"https:\\\/\\\/anadolupet.com.tr\\\/?s={search_term_string}\"},\"query-input\":{\"@type\":\"PropertyValueSpecification\",\"valueRequired\":true,\"valueName\":\"search_term_string\"}}],\"inLanguage\":\"en-US\"},{\"@type\":\"Organization\",\"@id\":\"https:\\\/\\\/anadolupet.com.tr\\\/#organization\",\"name\":\"Anadolu Pet Grup\",\"alternateName\":\"Anadolu Pet\",\"url\":\"https:\\\/\\\/anadolupet.com.tr\\\/\",\"logo\":{\"@type\":\"ImageObject\",\"inLanguage\":\"en-US\",\"@id\":\"https:\\\/\\\/anadolupet.com.tr\\\/#\\\/schema\\\/logo\\\/image\\\/\",\"url\":\"https:\\\/\\\/anadolupet.com.tr\\\/wp-content\\\/uploads\\\/2026\\\/03\\\/1614666743370.jpg\",\"contentUrl\":\"https:\\\/\\\/anadolupet.com.tr\\\/wp-content\\\/uploads\\\/2026\\\/03\\\/1614666743370.jpg\",\"width\":800,\"height\":571,\"caption\":\"Anadolu Pet Grup\"},\"image\":{\"@id\":\"https:\\\/\\\/anadolupet.com.tr\\\/#\\\/schema\\\/logo\\\/image\\\/\"}}]}<\/script>\n<!-- \/ Yoast SEO plugin. -->","yoast_head_json":{"title":"EHEIM Termo Control E-25 Akvaryum Is\u0131t\u0131c\u0131s\u0131 - Anadolu Pet Grup","robots":{"index":"index","follow":"follow","max-snippet":"max-snippet:-1","max-image-preview":"max-image-preview:large","max-video-preview":"max-video-preview:-1"},"canonical":"https:\/\/anadolupet.com.tr\/en\/product\/eheim-termo-control-e-25-akvaryum-isiticisi\/","og_locale":"en_US","og_type":"article","og_title":"EHEIM Termo Control E-25 Akvaryum Is\u0131t\u0131c\u0131s\u0131 - Anadolu Pet Grup","og_description":"EHEIM thermocontrol-e akvaryum \u0131s\u0131t\u0131c\u0131, bal\u0131klar\u0131n\u0131z i\u00e7in do\u011fru s\u0131cakl\u0131\u011f\u0131 daha da hassas \u015fekilde sa\u011flar. Klasik \u0131s\u0131t\u0131c\u0131 \u00e7ubuk prensibi \u00fczerine geli\u015ftirilmi\u015f bu modern cihaz, elektronik kontrol sistemi sayesinde s\u0131cakl\u0131\u011f\u0131 \u00b10,5 \u00b0C hassasiyetle \u00f6l\u00e7er ve sabit tutar. \u00d6zel laboratuvar cam\u0131 kaplama, \u0131s\u0131tma y\u00fczeyini art\u0131r\u0131r, \u0131s\u0131y\u0131 yo\u011funla\u015ft\u0131r\u0131r ve e\u015fit da\u011f\u0131l\u0131m sa\u011flar. Ayn\u0131 zamanda bir \u0131s\u0131 kalkan\u0131 g\u00f6revi g\u00f6rerek akvaryum canl\u0131lar\u0131n\u0131n g\u00fcvenli\u011fini sa\u011flar. 20 litreden 1200 litreye kadar akvaryumlar i\u00e7in 10 farkl\u0131 boyut se\u00e7ene\u011fi mevcuttur. Avantajlar ve \u00d6zellikler 20\u201332 \u00b0C aras\u0131nda hassas s\u0131cakl\u0131k ayar\u0131 Yeniden kalibrasyon gerekmez \u00b10,5 \u00b0C kontrol hassasiyeti Is\u0131 sabit seviyede tutulur Kontrol lambas\u0131: k\u0131rm\u0131z\u0131 = \u0131s\u0131tma, ye\u015fil = s\u0131cakl\u0131k sabit Tamamen su ge\u00e7irmez \u2013 akvaryuma tamamen dald\u0131r\u0131labilir Thermo Safety Control \u2013 kuru \u00e7al\u0131\u015fmaya kar\u015f\u0131 otomatik koruma \u00d6zel laboratuvar cam\u0131 kaplama: Is\u0131tma y\u00fczeyini art\u0131r\u0131r Is\u0131y\u0131 yo\u011funla\u015ft\u0131r\u0131r ve e\u015fit da\u011f\u0131t\u0131r Is\u0131 kalkan\u0131 g\u00f6revi g\u00f6r\u00fcr \u2013 canl\u0131lara zarar vermez 170 cm kablo uzunlu\u011fu \u2013 pratik kullan\u0131m \u00c7ift vantuz tutucu ile kolay sabitleme 10 farkl\u0131 boyut \u2013 20 ila 1200 litre akvaryumlar i\u00e7in Tatl\u0131 su ve deniz suyu akvaryumlar\u0131na uygun 3 y\u0131l garanti \u2013 y\u00fcksek g\u00fcvenlik ve dayan\u0131kl\u0131l\u0131k Cam Kaplaman\u0131n Yenilik\u00e7i \u00d6zellikleri Ara\u015ft\u0131rma ama\u00e7l\u0131 geli\u015ftirilmi\u015f \u00f6zel laboratuvar cam\u0131ndan \u00fcretilmi\u015ftir Suya zararl\u0131 olabilecek hi\u00e7bir madde i\u00e7ermez Kimyasal ve biyolojik maddelere kar\u015f\u0131 dayan\u0131kl\u0131d\u0131r \u00c7atlak veya g\u00f6zenek olu\u015fmaz \u2013 yo\u011fu\u015fma suya s\u0131zamaz Darbelere dayan\u0131kl\u0131 Su de\u011fi\u015fimlerinde olu\u015fabilecek ani s\u0131cakl\u0131k dalgalanmalar\u0131na kar\u015f\u0131 dayan\u0131kl\u0131d\u0131r","og_url":"https:\/\/anadolupet.com.tr\/en\/product\/eheim-termo-control-e-25-akvaryum-isiticisi\/","og_site_name":"Anadolu Pet Grup","article_modified_time":"2026-02-23T12:48:27+00:00","og_image":[{"width":750,"height":750,"url":"https:\/\/anadolupet.com.tr\/wp-content\/uploads\/2026\/02\/105-3631010.jpg","type":"image\/jpeg"}],"twitter_card":"summary_large_image","schema":{"@context":"https:\/\/schema.org","@graph":[{"@type":"WebPage","@id":"https:\/\/anadolupet.com.tr\/urun\/eheim-termo-control-e-25-akvaryum-isiticisi\/","url":"https:\/\/anadolupet.com.tr\/urun\/eheim-termo-control-e-25-akvaryum-isiticisi\/","name":"EHEIM Termo Control E-25 Akvaryum Is\u0131t\u0131c\u0131s\u0131 - Anadolu Pet Grup","isPartOf":{"@id":"https:\/\/anadolupet.com.tr\/#website"},"primaryImageOfPage":{"@id":"https:\/\/anadolupet.com.tr\/urun\/eheim-termo-control-e-25-akvaryum-isiticisi\/#primaryimage"},"image":{"@id":"https:\/\/anadolupet.com.tr\/urun\/eheim-termo-control-e-25-akvaryum-isiticisi\/#primaryimage"},"thumbnailUrl":"https:\/\/anadolupet.com.tr\/wp-content\/uploads\/2026\/02\/105-3631010.jpg","datePublished":"2026-02-14T14:40:45+00:00","dateModified":"2026-02-23T12:48:27+00:00","breadcrumb":{"@id":"https:\/\/anadolupet.com.tr\/urun\/eheim-termo-control-e-25-akvaryum-isiticisi\/#breadcrumb"},"inLanguage":"en-US","potentialAction":[{"@type":"ReadAction","target":["https:\/\/anadolupet.com.tr\/urun\/eheim-termo-control-e-25-akvaryum-isiticisi\/"]}]},{"@type":"ImageObject","inLanguage":"en-US","@id":"https:\/\/anadolupet.com.tr\/urun\/eheim-termo-control-e-25-akvaryum-isiticisi\/#primaryimage","url":"https:\/\/anadolupet.com.tr\/wp-content\/uploads\/2026\/02\/105-3631010.jpg","contentUrl":"https:\/\/anadolupet.com.tr\/wp-content\/uploads\/2026\/02\/105-3631010.jpg","width":750,"height":750},{"@type":"BreadcrumbList","@id":"https:\/\/anadolupet.com.tr\/urun\/eheim-termo-control-e-25-akvaryum-isiticisi\/#breadcrumb","itemListElement":[{"@type":"ListItem","position":1,"name":"Anasayfa","item":"https:\/\/anadolupet.com.tr\/"},{"@type":"ListItem","position":2,"name":"\u00dcr\u00fcnler","item":"https:\/\/anadolupet.com.tr\/urunler\/"},{"@type":"ListItem","position":3,"name":"EHEIM Termo Control E-25 Akvaryum Is\u0131t\u0131c\u0131s\u0131"}]},{"@type":"WebSite","@id":"https:\/\/anadolupet.com.tr\/#website","url":"https:\/\/anadolupet.com.tr\/","name":"Anadolu Pet Group","description":"We Stand Together for the Well-Being of Every Life","publisher":{"@id":"https:\/\/anadolupet.com.tr\/#organization"},"potentialAction":[{"@type":"SearchAction","target":{"@type":"EntryPoint","urlTemplate":"https:\/\/anadolupet.com.tr\/?s={search_term_string}"},"query-input":{"@type":"PropertyValueSpecification","valueRequired":true,"valueName":"search_term_string"}}],"inLanguage":"en-US"},{"@type":"Organization","@id":"https:\/\/anadolupet.com.tr\/#organization","name":"Anadolu Pet Group","alternateName":"Anadolu Pet","url":"https:\/\/anadolupet.com.tr\/","logo":{"@type":"ImageObject","inLanguage":"en-US","@id":"https:\/\/anadolupet.com.tr\/#\/schema\/logo\/image\/","url":"https:\/\/anadolupet.com.tr\/wp-content\/uploads\/2026\/03\/1614666743370.jpg","contentUrl":"https:\/\/anadolupet.com.tr\/wp-content\/uploads\/2026\/03\/1614666743370.jpg","width":800,"height":571,"caption":"Anadolu Pet Grup"},"image":{"@id":"https:\/\/anadolupet.com.tr\/#\/schema\/logo\/image\/"}}]}},"_links":{"self":[{"href":"https:\/\/anadolupet.com.tr\/en\/wp-json\/wp\/v2\/product\/45144","targetHints":{"allow":["GET"]}}],"collection":[{"href":"https:\/\/anadolupet.com.tr\/en\/wp-json\/wp\/v2\/product"}],"about":[{"href":"https:\/\/anadolupet.com.tr\/en\/wp-json\/wp\/v2\/types\/product"}],"replies":[{"embeddable":true,"href":"https:\/\/anadolupet.com.tr\/en\/wp-json\/wp\/v2\/comments?post=45144"}],"wp:featuredmedia":[{"embeddable":true,"href":"https:\/\/anadolupet.com.tr\/en\/wp-json\/wp\/v2\/media\/42420"}],"wp:attachment":[{"href":"https:\/\/anadolupet.com.tr\/en\/wp-json\/wp\/v2\/media?parent=45144"}],"wp:term":[{"taxonomy":"product_brand","embeddable":true,"href":"https:\/\/anadolupet.com.tr\/en\/wp-json\/wp\/v2\/product_brand?post=45144"},{"taxonomy":"product_cat","embeddable":true,"href":"https:\/\/anadolupet.com.tr\/en\/wp-json\/wp\/v2\/product_cat?post=45144"},{"taxonomy":"product_tag","embeddable":true,"href":"https:\/\/anadolupet.com.tr\/en\/wp-json\/wp\/v2\/product_tag?post=45144"}],"curies":[{"name":"wp","href":"https:\/\/api.w.org\/{rel}","templated":true}]}}