{"id":45148,"date":"2026-02-14T14:40:45","date_gmt":"2026-02-14T14:40:45","guid":{"rendered":"https:\/\/anadolupet.com.tr\/?post_type=product&#038;p=45148"},"modified":"2026-02-23T12:48:27","modified_gmt":"2026-02-23T12:48:27","slug":"eheim-thermocontrol-e-150-akvaryum-isiticisi","status":"publish","type":"product","link":"https:\/\/anadolupet.com.tr\/en\/urun\/eheim-thermocontrol-e-150-akvaryum-isiticisi\/","title":{"rendered":"EHEIM ThermoControl+ e 150 Akvaryum Is\u0131t\u0131c\u0131s\u0131"},"content":{"rendered":"","protected":false},"excerpt":{"rendered":"<p>EHEIM thermocontrol+ e, akvaryum \u0131s\u0131t\u0131c\u0131lar\u0131n\u0131n gelece\u011fini temsil eden, WLAN \u00fczerinden dijital kontrol imk\u00e2n\u0131 sunan ilk ayarlanabilir \u0131s\u0131t\u0131c\u0131d\u0131r. S\u0131cakl\u0131\u011f\u0131 18\u201332 \u00b0C aral\u0131\u011f\u0131nda hassas \u015fekilde ayarlayabilir, ak\u0131ll\u0131 telefon, tablet veya PC\/MAC \u00fczerinden kontrol edebilirsiniz. \u00d6l\u00e7\u00fcm elektronik olarak yap\u0131l\u0131r ve s\u0131cakl\u0131k sabit tutulur. E\u011fer s\u0131cakl\u0131k \u00b12 \u00b0C saparsa, e-posta bildirimi al\u0131rs\u0131n\u0131z.<\/p>\n<p>Cihaz ayr\u0131ca EHEIM professionel 5e d\u0131\u015f filtre veya LEDcontrol+e ayd\u0131nlatma sistemi ile senkronize \u00e7al\u0131\u015fabilir. B\u00f6ylece filtre ak\u0131\u015f\u0131na veya \u0131\u015f\u0131k d\u00f6ng\u00fcs\u00fcne ba\u011fl\u0131 olarak s\u0131cakl\u0131k otomatik ayarlan\u0131r (\u00f6rne\u011fin g\u00fcnd\u00fcz 25 \u00b0C, gece 23 \u00b0C).<\/p>\n<p>Avantajlar ve \u00d6zellikler<br \/>\nElektronik akvaryum \u0131s\u0131t\u0131c\u0131s\u0131 \u2013 entegre WLAN fonksiyonu<\/p>\n<p>18\u201332 \u00b0C aral\u0131\u011f\u0131nda hassas s\u0131cakl\u0131k ayar\u0131<\/p>\n<p>Kontrol hassasiyeti \u00b10,5 \u00b0C<\/p>\n<p>LED g\u00f6stergeler \u2013 \u00e7al\u0131\u015fma durumu ve \u0131s\u0131tma fonksiyonunu g\u00f6sterir<\/p>\n<p>E-posta bildirimi \u2013 s\u0131cakl\u0131k \u00b12 \u00b0C saparsa uyar\u0131 g\u00f6nderir<\/p>\n<p>Ak\u0131ll\u0131 ba\u011flant\u0131 \u2013 EHEIM Digital ailesi cihazlar\u0131yla senkronizasyon (filtre ak\u0131\u015f\u0131, \u0131\u015f\u0131k kontrol\u00fc vb.)<\/p>\n<p>Expert Mode \u2013 harici termometre ile ayar yapabilme<\/p>\n<p>Su ge\u00e7irmez (IPX8) \u2013 optimum WiFi sinyali i\u00e7in su seviyesine kadar dald\u0131r\u0131labilir<\/p>\n<p>Kuru \u00e7al\u0131\u015fma korumas\u0131 (Thermo Safety Control)<\/p>\n<p>170 cm kablo uzunlu\u011fu \u2013 pratik kullan\u0131m<\/p>\n<p>\u00c7ift vantuz tutucu dahil<\/p>\n<p>4 farkl\u0131 boyut \u2013 200 litreden 1000 litreye kadar akvaryumlar i\u00e7in<\/p>\n<p>Tatl\u0131 ve tuzlu su akvaryumlar\u0131na uygun<\/p>\n<p>3 y\u0131l garanti \u2013 maksimum g\u00fcvenlik ve g\u00fcvenilirlik<\/p>\n<p>\u00d6ne \u00c7\u0131kan \u00d6zellikler<br \/>\nKablosuz kontrol \u2013 manuel ayar yerine WLAN \u00fczerinden programlama<\/p>\n<p>Senkranizasyon \u00f6rne\u011fi: g\u00fcnd\u00fcz \u0131\u015f\u0131k a\u00e7\u0131kken 25 \u00b0C, gece \u0131\u015f\u0131k kapal\u0131yken 23 \u00b0C\u2019ye otomatik ge\u00e7i\u015f<\/p>\n<p>Tamamen \u015fifrelenmi\u015f WiFi ba\u011flant\u0131s\u0131 \u2013 g\u00fcvenlik i\u00e7in fabrika \u00e7\u0131k\u0131\u015fl\u0131 \u015fifre ile gelir, kullan\u0131c\u0131 taraf\u0131ndan de\u011fi\u015ftirilebilir<\/p>\n<p>WiFi a\u011f\u0131 kapat\u0131labilir \u2013 ayarlama sonras\u0131 ba\u011flant\u0131 devre d\u0131\u015f\u0131 b\u0131rak\u0131labilir<\/p>","protected":false},"featured_media":42430,"comment_status":"open","ping_status":"closed","template":"","meta":{"_acf_changed":false},"product_brand":[],"product_cat":[2386],"product_tag":[],"class_list":{"0":"post-45148","1":"product","2":"type-product","3":"status-publish","4":"has-post-thumbnail","6":"product_cat-eheim-dijital-merkez","8":"first","9":"instock","10":"shipping-taxable","11":"product-type-simple"},"acf":[],"yoast_head":"<!-- This site is optimized with the Yoast SEO plugin v27.4 - https:\/\/yoast.com\/product\/yoast-seo-wordpress\/ -->\n<title>EHEIM ThermoControl+ e 150 Akvaryum Is\u0131t\u0131c\u0131s\u0131 - Anadolu Pet Grup<\/title>\n<meta name=\"robots\" content=\"index, follow, max-snippet:-1, max-image-preview:large, max-video-preview:-1\" \/>\n<link rel=\"canonical\" href=\"https:\/\/anadolupet.com.tr\/en\/product\/eheim-thermocontrol-e-150-akvaryum-isiticisi\/\" \/>\n<meta property=\"og:locale\" content=\"en_US\" \/>\n<meta property=\"og:type\" content=\"article\" \/>\n<meta property=\"og:title\" content=\"EHEIM ThermoControl+ e 150 Akvaryum Is\u0131t\u0131c\u0131s\u0131 - Anadolu Pet Grup\" \/>\n<meta property=\"og:description\" content=\"EHEIM thermocontrol+ e, akvaryum \u0131s\u0131t\u0131c\u0131lar\u0131n\u0131n gelece\u011fini temsil eden, WLAN \u00fczerinden dijital kontrol imk\u00e2n\u0131 sunan ilk ayarlanabilir \u0131s\u0131t\u0131c\u0131d\u0131r. S\u0131cakl\u0131\u011f\u0131 18\u201332 \u00b0C aral\u0131\u011f\u0131nda hassas \u015fekilde ayarlayabilir, ak\u0131ll\u0131 telefon, tablet veya PC\/MAC \u00fczerinden kontrol edebilirsiniz. \u00d6l\u00e7\u00fcm elektronik olarak yap\u0131l\u0131r ve s\u0131cakl\u0131k sabit tutulur. E\u011fer s\u0131cakl\u0131k \u00b12 \u00b0C saparsa, e-posta bildirimi al\u0131rs\u0131n\u0131z. Cihaz ayr\u0131ca EHEIM professionel 5e d\u0131\u015f filtre veya LEDcontrol+e ayd\u0131nlatma sistemi ile senkronize \u00e7al\u0131\u015fabilir. B\u00f6ylece filtre ak\u0131\u015f\u0131na veya \u0131\u015f\u0131k d\u00f6ng\u00fcs\u00fcne ba\u011fl\u0131 olarak s\u0131cakl\u0131k otomatik ayarlan\u0131r (\u00f6rne\u011fin g\u00fcnd\u00fcz 25 \u00b0C, gece 23 \u00b0C). Avantajlar ve \u00d6zellikler Elektronik akvaryum \u0131s\u0131t\u0131c\u0131s\u0131 \u2013 entegre WLAN fonksiyonu 18\u201332 \u00b0C aral\u0131\u011f\u0131nda hassas s\u0131cakl\u0131k ayar\u0131 Kontrol hassasiyeti \u00b10,5 \u00b0C LED g\u00f6stergeler \u2013 \u00e7al\u0131\u015fma durumu ve \u0131s\u0131tma fonksiyonunu g\u00f6sterir E-posta bildirimi \u2013 s\u0131cakl\u0131k \u00b12 \u00b0C saparsa uyar\u0131 g\u00f6nderir Ak\u0131ll\u0131 ba\u011flant\u0131 \u2013 EHEIM Digital ailesi cihazlar\u0131yla senkronizasyon (filtre ak\u0131\u015f\u0131, \u0131\u015f\u0131k kontrol\u00fc vb.) Expert Mode \u2013 harici termometre ile ayar yapabilme Su ge\u00e7irmez (IPX8) \u2013 optimum WiFi sinyali i\u00e7in su seviyesine kadar dald\u0131r\u0131labilir Kuru \u00e7al\u0131\u015fma korumas\u0131 (Thermo Safety Control) 170 cm kablo uzunlu\u011fu \u2013 pratik kullan\u0131m \u00c7ift vantuz tutucu dahil 4 farkl\u0131 boyut \u2013 200 litreden 1000 litreye kadar akvaryumlar i\u00e7in Tatl\u0131 ve tuzlu su akvaryumlar\u0131na uygun 3 y\u0131l garanti \u2013 maksimum g\u00fcvenlik ve g\u00fcvenilirlik \u00d6ne \u00c7\u0131kan \u00d6zellikler Kablosuz kontrol \u2013 manuel ayar yerine WLAN \u00fczerinden programlama Senkranizasyon \u00f6rne\u011fi: g\u00fcnd\u00fcz \u0131\u015f\u0131k a\u00e7\u0131kken 25 \u00b0C, gece \u0131\u015f\u0131k kapal\u0131yken 23 \u00b0C\u2019ye otomatik ge\u00e7i\u015f Tamamen \u015fifrelenmi\u015f WiFi ba\u011flant\u0131s\u0131 \u2013 g\u00fcvenlik i\u00e7in fabrika \u00e7\u0131k\u0131\u015fl\u0131 \u015fifre ile gelir, kullan\u0131c\u0131 taraf\u0131ndan de\u011fi\u015ftirilebilir WiFi a\u011f\u0131 kapat\u0131labilir \u2013 ayarlama sonras\u0131 ba\u011flant\u0131 devre d\u0131\u015f\u0131 b\u0131rak\u0131labilir\" \/>\n<meta property=\"og:url\" content=\"https:\/\/anadolupet.com.tr\/en\/product\/eheim-thermocontrol-e-150-akvaryum-isiticisi\/\" \/>\n<meta property=\"og:site_name\" content=\"Anadolu Pet Grup\" \/>\n<meta property=\"article:modified_time\" content=\"2026-02-23T12:48:27+00:00\" \/>\n<meta property=\"og:image\" content=\"https:\/\/anadolupet.com.tr\/wp-content\/uploads\/2026\/02\/105-3666010.jpg\" \/>\n\t<meta property=\"og:image:width\" content=\"750\" \/>\n\t<meta property=\"og:image:height\" content=\"750\" \/>\n\t<meta property=\"og:image:type\" content=\"image\/jpeg\" \/>\n<meta name=\"twitter:card\" content=\"summary_large_image\" \/>\n<script type=\"application\/ld+json\" class=\"yoast-schema-graph\">{\"@context\":\"https:\\\/\\\/schema.org\",\"@graph\":[{\"@type\":\"WebPage\",\"@id\":\"https:\\\/\\\/anadolupet.com.tr\\\/urun\\\/eheim-thermocontrol-e-150-akvaryum-isiticisi\\\/\",\"url\":\"https:\\\/\\\/anadolupet.com.tr\\\/urun\\\/eheim-thermocontrol-e-150-akvaryum-isiticisi\\\/\",\"name\":\"EHEIM ThermoControl+ e 150 Akvaryum Is\u0131t\u0131c\u0131s\u0131 - Anadolu Pet Grup\",\"isPartOf\":{\"@id\":\"https:\\\/\\\/anadolupet.com.tr\\\/#website\"},\"primaryImageOfPage\":{\"@id\":\"https:\\\/\\\/anadolupet.com.tr\\\/urun\\\/eheim-thermocontrol-e-150-akvaryum-isiticisi\\\/#primaryimage\"},\"image\":{\"@id\":\"https:\\\/\\\/anadolupet.com.tr\\\/urun\\\/eheim-thermocontrol-e-150-akvaryum-isiticisi\\\/#primaryimage\"},\"thumbnailUrl\":\"https:\\\/\\\/anadolupet.com.tr\\\/wp-content\\\/uploads\\\/2026\\\/02\\\/105-3666010.jpg\",\"datePublished\":\"2026-02-14T14:40:45+00:00\",\"dateModified\":\"2026-02-23T12:48:27+00:00\",\"breadcrumb\":{\"@id\":\"https:\\\/\\\/anadolupet.com.tr\\\/urun\\\/eheim-thermocontrol-e-150-akvaryum-isiticisi\\\/#breadcrumb\"},\"inLanguage\":\"en-US\",\"potentialAction\":[{\"@type\":\"ReadAction\",\"target\":[\"https:\\\/\\\/anadolupet.com.tr\\\/urun\\\/eheim-thermocontrol-e-150-akvaryum-isiticisi\\\/\"]}]},{\"@type\":\"ImageObject\",\"inLanguage\":\"en-US\",\"@id\":\"https:\\\/\\\/anadolupet.com.tr\\\/urun\\\/eheim-thermocontrol-e-150-akvaryum-isiticisi\\\/#primaryimage\",\"url\":\"https:\\\/\\\/anadolupet.com.tr\\\/wp-content\\\/uploads\\\/2026\\\/02\\\/105-3666010.jpg\",\"contentUrl\":\"https:\\\/\\\/anadolupet.com.tr\\\/wp-content\\\/uploads\\\/2026\\\/02\\\/105-3666010.jpg\",\"width\":750,\"height\":750},{\"@type\":\"BreadcrumbList\",\"@id\":\"https:\\\/\\\/anadolupet.com.tr\\\/urun\\\/eheim-thermocontrol-e-150-akvaryum-isiticisi\\\/#breadcrumb\",\"itemListElement\":[{\"@type\":\"ListItem\",\"position\":1,\"name\":\"Anasayfa\",\"item\":\"https:\\\/\\\/anadolupet.com.tr\\\/\"},{\"@type\":\"ListItem\",\"position\":2,\"name\":\"\u00dcr\u00fcnler\",\"item\":\"https:\\\/\\\/anadolupet.com.tr\\\/urunler\\\/\"},{\"@type\":\"ListItem\",\"position\":3,\"name\":\"EHEIM ThermoControl+ e 150 Akvaryum Is\u0131t\u0131c\u0131s\u0131\"}]},{\"@type\":\"WebSite\",\"@id\":\"https:\\\/\\\/anadolupet.com.tr\\\/#website\",\"url\":\"https:\\\/\\\/anadolupet.com.tr\\\/\",\"name\":\"Anadolu Pet Grup\",\"description\":\"Her Can\u0131n \u0130yi Ya\u015fam\u0131 \u0130\u00e7in Biraraday\u0131z\",\"publisher\":{\"@id\":\"https:\\\/\\\/anadolupet.com.tr\\\/#organization\"},\"potentialAction\":[{\"@type\":\"SearchAction\",\"target\":{\"@type\":\"EntryPoint\",\"urlTemplate\":\"https:\\\/\\\/anadolupet.com.tr\\\/?s={search_term_string}\"},\"query-input\":{\"@type\":\"PropertyValueSpecification\",\"valueRequired\":true,\"valueName\":\"search_term_string\"}}],\"inLanguage\":\"en-US\"},{\"@type\":\"Organization\",\"@id\":\"https:\\\/\\\/anadolupet.com.tr\\\/#organization\",\"name\":\"Anadolu Pet Grup\",\"alternateName\":\"Anadolu Pet\",\"url\":\"https:\\\/\\\/anadolupet.com.tr\\\/\",\"logo\":{\"@type\":\"ImageObject\",\"inLanguage\":\"en-US\",\"@id\":\"https:\\\/\\\/anadolupet.com.tr\\\/#\\\/schema\\\/logo\\\/image\\\/\",\"url\":\"https:\\\/\\\/anadolupet.com.tr\\\/wp-content\\\/uploads\\\/2026\\\/03\\\/1614666743370.jpg\",\"contentUrl\":\"https:\\\/\\\/anadolupet.com.tr\\\/wp-content\\\/uploads\\\/2026\\\/03\\\/1614666743370.jpg\",\"width\":800,\"height\":571,\"caption\":\"Anadolu Pet Grup\"},\"image\":{\"@id\":\"https:\\\/\\\/anadolupet.com.tr\\\/#\\\/schema\\\/logo\\\/image\\\/\"}}]}<\/script>\n<!-- \/ Yoast SEO plugin. -->","yoast_head_json":{"title":"EHEIM ThermoControl+ e 150 Akvaryum Is\u0131t\u0131c\u0131s\u0131 - Anadolu Pet Grup","robots":{"index":"index","follow":"follow","max-snippet":"max-snippet:-1","max-image-preview":"max-image-preview:large","max-video-preview":"max-video-preview:-1"},"canonical":"https:\/\/anadolupet.com.tr\/en\/product\/eheim-thermocontrol-e-150-akvaryum-isiticisi\/","og_locale":"en_US","og_type":"article","og_title":"EHEIM ThermoControl+ e 150 Akvaryum Is\u0131t\u0131c\u0131s\u0131 - Anadolu Pet Grup","og_description":"EHEIM thermocontrol+ e, akvaryum \u0131s\u0131t\u0131c\u0131lar\u0131n\u0131n gelece\u011fini temsil eden, WLAN \u00fczerinden dijital kontrol imk\u00e2n\u0131 sunan ilk ayarlanabilir \u0131s\u0131t\u0131c\u0131d\u0131r. S\u0131cakl\u0131\u011f\u0131 18\u201332 \u00b0C aral\u0131\u011f\u0131nda hassas \u015fekilde ayarlayabilir, ak\u0131ll\u0131 telefon, tablet veya PC\/MAC \u00fczerinden kontrol edebilirsiniz. \u00d6l\u00e7\u00fcm elektronik olarak yap\u0131l\u0131r ve s\u0131cakl\u0131k sabit tutulur. E\u011fer s\u0131cakl\u0131k \u00b12 \u00b0C saparsa, e-posta bildirimi al\u0131rs\u0131n\u0131z. Cihaz ayr\u0131ca EHEIM professionel 5e d\u0131\u015f filtre veya LEDcontrol+e ayd\u0131nlatma sistemi ile senkronize \u00e7al\u0131\u015fabilir. B\u00f6ylece filtre ak\u0131\u015f\u0131na veya \u0131\u015f\u0131k d\u00f6ng\u00fcs\u00fcne ba\u011fl\u0131 olarak s\u0131cakl\u0131k otomatik ayarlan\u0131r (\u00f6rne\u011fin g\u00fcnd\u00fcz 25 \u00b0C, gece 23 \u00b0C). Avantajlar ve \u00d6zellikler Elektronik akvaryum \u0131s\u0131t\u0131c\u0131s\u0131 \u2013 entegre WLAN fonksiyonu 18\u201332 \u00b0C aral\u0131\u011f\u0131nda hassas s\u0131cakl\u0131k ayar\u0131 Kontrol hassasiyeti \u00b10,5 \u00b0C LED g\u00f6stergeler \u2013 \u00e7al\u0131\u015fma durumu ve \u0131s\u0131tma fonksiyonunu g\u00f6sterir E-posta bildirimi \u2013 s\u0131cakl\u0131k \u00b12 \u00b0C saparsa uyar\u0131 g\u00f6nderir Ak\u0131ll\u0131 ba\u011flant\u0131 \u2013 EHEIM Digital ailesi cihazlar\u0131yla senkronizasyon (filtre ak\u0131\u015f\u0131, \u0131\u015f\u0131k kontrol\u00fc vb.) Expert Mode \u2013 harici termometre ile ayar yapabilme Su ge\u00e7irmez (IPX8) \u2013 optimum WiFi sinyali i\u00e7in su seviyesine kadar dald\u0131r\u0131labilir Kuru \u00e7al\u0131\u015fma korumas\u0131 (Thermo Safety Control) 170 cm kablo uzunlu\u011fu \u2013 pratik kullan\u0131m \u00c7ift vantuz tutucu dahil 4 farkl\u0131 boyut \u2013 200 litreden 1000 litreye kadar akvaryumlar i\u00e7in Tatl\u0131 ve tuzlu su akvaryumlar\u0131na uygun 3 y\u0131l garanti \u2013 maksimum g\u00fcvenlik ve g\u00fcvenilirlik \u00d6ne \u00c7\u0131kan \u00d6zellikler Kablosuz kontrol \u2013 manuel ayar yerine WLAN \u00fczerinden programlama Senkranizasyon \u00f6rne\u011fi: g\u00fcnd\u00fcz \u0131\u015f\u0131k a\u00e7\u0131kken 25 \u00b0C, gece \u0131\u015f\u0131k kapal\u0131yken 23 \u00b0C\u2019ye otomatik ge\u00e7i\u015f Tamamen \u015fifrelenmi\u015f WiFi ba\u011flant\u0131s\u0131 \u2013 g\u00fcvenlik i\u00e7in fabrika \u00e7\u0131k\u0131\u015fl\u0131 \u015fifre ile gelir, kullan\u0131c\u0131 taraf\u0131ndan de\u011fi\u015ftirilebilir WiFi a\u011f\u0131 kapat\u0131labilir \u2013 ayarlama sonras\u0131 ba\u011flant\u0131 devre d\u0131\u015f\u0131 b\u0131rak\u0131labilir","og_url":"https:\/\/anadolupet.com.tr\/en\/product\/eheim-thermocontrol-e-150-akvaryum-isiticisi\/","og_site_name":"Anadolu Pet Grup","article_modified_time":"2026-02-23T12:48:27+00:00","og_image":[{"width":750,"height":750,"url":"https:\/\/anadolupet.com.tr\/wp-content\/uploads\/2026\/02\/105-3666010.jpg","type":"image\/jpeg"}],"twitter_card":"summary_large_image","schema":{"@context":"https:\/\/schema.org","@graph":[{"@type":"WebPage","@id":"https:\/\/anadolupet.com.tr\/urun\/eheim-thermocontrol-e-150-akvaryum-isiticisi\/","url":"https:\/\/anadolupet.com.tr\/urun\/eheim-thermocontrol-e-150-akvaryum-isiticisi\/","name":"EHEIM ThermoControl+ e 150 Akvaryum Is\u0131t\u0131c\u0131s\u0131 - Anadolu Pet Grup","isPartOf":{"@id":"https:\/\/anadolupet.com.tr\/#website"},"primaryImageOfPage":{"@id":"https:\/\/anadolupet.com.tr\/urun\/eheim-thermocontrol-e-150-akvaryum-isiticisi\/#primaryimage"},"image":{"@id":"https:\/\/anadolupet.com.tr\/urun\/eheim-thermocontrol-e-150-akvaryum-isiticisi\/#primaryimage"},"thumbnailUrl":"https:\/\/anadolupet.com.tr\/wp-content\/uploads\/2026\/02\/105-3666010.jpg","datePublished":"2026-02-14T14:40:45+00:00","dateModified":"2026-02-23T12:48:27+00:00","breadcrumb":{"@id":"https:\/\/anadolupet.com.tr\/urun\/eheim-thermocontrol-e-150-akvaryum-isiticisi\/#breadcrumb"},"inLanguage":"en-US","potentialAction":[{"@type":"ReadAction","target":["https:\/\/anadolupet.com.tr\/urun\/eheim-thermocontrol-e-150-akvaryum-isiticisi\/"]}]},{"@type":"ImageObject","inLanguage":"en-US","@id":"https:\/\/anadolupet.com.tr\/urun\/eheim-thermocontrol-e-150-akvaryum-isiticisi\/#primaryimage","url":"https:\/\/anadolupet.com.tr\/wp-content\/uploads\/2026\/02\/105-3666010.jpg","contentUrl":"https:\/\/anadolupet.com.tr\/wp-content\/uploads\/2026\/02\/105-3666010.jpg","width":750,"height":750},{"@type":"BreadcrumbList","@id":"https:\/\/anadolupet.com.tr\/urun\/eheim-thermocontrol-e-150-akvaryum-isiticisi\/#breadcrumb","itemListElement":[{"@type":"ListItem","position":1,"name":"Anasayfa","item":"https:\/\/anadolupet.com.tr\/"},{"@type":"ListItem","position":2,"name":"\u00dcr\u00fcnler","item":"https:\/\/anadolupet.com.tr\/urunler\/"},{"@type":"ListItem","position":3,"name":"EHEIM ThermoControl+ e 150 Akvaryum Is\u0131t\u0131c\u0131s\u0131"}]},{"@type":"WebSite","@id":"https:\/\/anadolupet.com.tr\/#website","url":"https:\/\/anadolupet.com.tr\/","name":"Anadolu Pet Group","description":"We Stand Together for the Well-Being of Every Life","publisher":{"@id":"https:\/\/anadolupet.com.tr\/#organization"},"potentialAction":[{"@type":"SearchAction","target":{"@type":"EntryPoint","urlTemplate":"https:\/\/anadolupet.com.tr\/?s={search_term_string}"},"query-input":{"@type":"PropertyValueSpecification","valueRequired":true,"valueName":"search_term_string"}}],"inLanguage":"en-US"},{"@type":"Organization","@id":"https:\/\/anadolupet.com.tr\/#organization","name":"Anadolu Pet Group","alternateName":"Anadolu Pet","url":"https:\/\/anadolupet.com.tr\/","logo":{"@type":"ImageObject","inLanguage":"en-US","@id":"https:\/\/anadolupet.com.tr\/#\/schema\/logo\/image\/","url":"https:\/\/anadolupet.com.tr\/wp-content\/uploads\/2026\/03\/1614666743370.jpg","contentUrl":"https:\/\/anadolupet.com.tr\/wp-content\/uploads\/2026\/03\/1614666743370.jpg","width":800,"height":571,"caption":"Anadolu Pet Grup"},"image":{"@id":"https:\/\/anadolupet.com.tr\/#\/schema\/logo\/image\/"}}]}},"_links":{"self":[{"href":"https:\/\/anadolupet.com.tr\/en\/wp-json\/wp\/v2\/product\/45148","targetHints":{"allow":["GET"]}}],"collection":[{"href":"https:\/\/anadolupet.com.tr\/en\/wp-json\/wp\/v2\/product"}],"about":[{"href":"https:\/\/anadolupet.com.tr\/en\/wp-json\/wp\/v2\/types\/product"}],"replies":[{"embeddable":true,"href":"https:\/\/anadolupet.com.tr\/en\/wp-json\/wp\/v2\/comments?post=45148"}],"wp:featuredmedia":[{"embeddable":true,"href":"https:\/\/anadolupet.com.tr\/en\/wp-json\/wp\/v2\/media\/42430"}],"wp:attachment":[{"href":"https:\/\/anadolupet.com.tr\/en\/wp-json\/wp\/v2\/media?parent=45148"}],"wp:term":[{"taxonomy":"product_brand","embeddable":true,"href":"https:\/\/anadolupet.com.tr\/en\/wp-json\/wp\/v2\/product_brand?post=45148"},{"taxonomy":"product_cat","embeddable":true,"href":"https:\/\/anadolupet.com.tr\/en\/wp-json\/wp\/v2\/product_cat?post=45148"},{"taxonomy":"product_tag","embeddable":true,"href":"https:\/\/anadolupet.com.tr\/en\/wp-json\/wp\/v2\/product_tag?post=45148"}],"curies":[{"name":"wp","href":"https:\/\/api.w.org\/{rel}","templated":true}]}}