{"id":45149,"date":"2026-02-14T14:40:45","date_gmt":"2026-02-14T14:40:45","guid":{"rendered":"https:\/\/anadolupet.com.tr\/?post_type=product&#038;p=45149"},"modified":"2026-02-23T12:48:27","modified_gmt":"2026-02-23T12:48:27","slug":"eheim-thermopreset-akvaryum-isiticisi-100-150l-100w","status":"publish","type":"product","link":"https:\/\/anadolupet.com.tr\/en\/urun\/eheim-thermopreset-akvaryum-isiticisi-100-150l-100w\/","title":{"rendered":"EHEIM Thermopreset Akvaryum Is\u0131t\u0131c\u0131s\u0131 100-150L 100W"},"content":{"rendered":"","protected":false},"excerpt":{"rendered":"<p>EHEIM thermopreset akvaryum \u0131s\u0131t\u0131c\u0131, bal\u0131klar\u0131n\u0131z ve akvaryum canl\u0131lar\u0131n\u0131z i\u00e7in \u00f6nceden ayarlanm\u0131\u015f konforlu s\u0131cakl\u0131k sunar. Is\u0131t\u0131c\u0131, akvaryum suyunu s\u00fcrekli olarak 25 \u00b0C\u2019de tutar \u2013 bu s\u0131cakl\u0131k, en yayg\u0131n akvaryum canl\u0131lar\u0131 i\u00e7in ideal ya\u015fam ko\u015fuludur.<\/p>\n<p>Elektronik kontrol sistemi sayesinde y\u00fcksek hassasiyet sa\u011flan\u0131r, verimli \u0131s\u0131tma eleman\u0131 ise \u0131s\u0131n\u0131n e\u015fit \u015fekilde da\u011f\u0131t\u0131lmas\u0131n\u0131 garanti eder. Thermopreset modeli, EHEIM thermocontrol serisinden farkl\u0131 olarak ekstra plastik koruma ile donat\u0131lm\u0131\u015ft\u0131r; bu da cihaz\u0131n mekanik dayan\u0131kl\u0131l\u0131\u011f\u0131n\u0131 art\u0131r\u0131r.<\/p>\n<p>T\u00fcm modellerde LED kontrol lambas\u0131 ve kuru \u00e7al\u0131\u015fmaya kar\u015f\u0131 koruma (dry-run protection) bulunur.<\/p>\n<p>Model Se\u00e7enekleri<br \/>\nthermopreset50 \u2013 50 W<\/p>\n<p>thermopreset100 \u2013 100 W<\/p>\n<p>thermopreset150 \u2013 150 W<\/p>\n<p>thermopreset200 \u2013 200 W<\/p>\n<p>Ortak \u00d6zellikler:<\/p>\n<p>\u0130nce tasar\u0131m \u2013 yaln\u0131zca 2,8 cm \u00e7ap ve 17\u201325 cm uzunluk<\/p>\n<p>K\u00fc\u00e7\u00fck akvaryumlarda bile g\u00f6r\u00fcnmez denecek kadar kompakt<\/p>\n<p>Avantajlar ve \u00d6zellikler<br \/>\n\u00d6nceden ayarlanm\u0131\u015f 25 \u00b0C sabit s\u0131cakl\u0131k \u2013 kullan\u0131c\u0131 dostu<\/p>\n<p>K\u0131sa boyutlar\u0131 sayesinde k\u00fc\u00e7\u00fck akvaryumlarda da kullan\u0131labilir<\/p>\n<p>\u0130nce tasar\u0131m \u2013 akvaryumda daha az g\u00f6r\u00fcn\u00fcr<\/p>\n<p>Plastik koruma ile y\u00fcksek mekanik dayan\u0131kl\u0131l\u0131k<\/p>\n<p>Elektronik kontrol sayesinde y\u00fcksek s\u0131cakl\u0131k hassasiyeti<\/p>\n<p>Verimli \u0131s\u0131tma eleman\u0131 ile e\u015fit \u0131s\u0131 da\u011f\u0131l\u0131m\u0131<\/p>\n<p>Kuru \u00e7al\u0131\u015fmaya kar\u015f\u0131 koruma sistemi<\/p>\n<p>Is\u0131tma fonksiyonu i\u00e7in kontrol lambas\u0131<\/p>\n<p>Vantuzlarla g\u00fcvenli sabitleme<\/p>\n<p>Tatl\u0131 su ve deniz suyu akvaryumlar\u0131na uygun<\/p>","protected":false},"featured_media":42427,"comment_status":"open","ping_status":"closed","template":"","meta":{"_acf_changed":false},"product_brand":[],"product_cat":[2391],"product_tag":[],"class_list":{"0":"post-45149","1":"product","2":"type-product","3":"status-publish","4":"has-post-thumbnail","6":"product_cat-isiticilar","8":"first","9":"instock","10":"shipping-taxable","11":"product-type-simple"},"acf":[],"yoast_head":"<!-- This site is optimized with the Yoast SEO plugin v27.4 - https:\/\/yoast.com\/product\/yoast-seo-wordpress\/ -->\n<title>EHEIM Thermopreset Akvaryum Is\u0131t\u0131c\u0131s\u0131 100-150L 100W - Anadolu Pet Grup<\/title>\n<meta name=\"robots\" content=\"index, follow, max-snippet:-1, max-image-preview:large, max-video-preview:-1\" \/>\n<link rel=\"canonical\" href=\"https:\/\/anadolupet.com.tr\/en\/product\/eheim-thermopreset-akvaryum-isiticisi-100-150l-100w\/\" \/>\n<meta property=\"og:locale\" content=\"en_US\" \/>\n<meta property=\"og:type\" content=\"article\" \/>\n<meta property=\"og:title\" content=\"EHEIM Thermopreset Akvaryum Is\u0131t\u0131c\u0131s\u0131 100-150L 100W - Anadolu Pet Grup\" \/>\n<meta property=\"og:description\" content=\"EHEIM thermopreset akvaryum \u0131s\u0131t\u0131c\u0131, bal\u0131klar\u0131n\u0131z ve akvaryum canl\u0131lar\u0131n\u0131z i\u00e7in \u00f6nceden ayarlanm\u0131\u015f konforlu s\u0131cakl\u0131k sunar. Is\u0131t\u0131c\u0131, akvaryum suyunu s\u00fcrekli olarak 25 \u00b0C\u2019de tutar \u2013 bu s\u0131cakl\u0131k, en yayg\u0131n akvaryum canl\u0131lar\u0131 i\u00e7in ideal ya\u015fam ko\u015fuludur. Elektronik kontrol sistemi sayesinde y\u00fcksek hassasiyet sa\u011flan\u0131r, verimli \u0131s\u0131tma eleman\u0131 ise \u0131s\u0131n\u0131n e\u015fit \u015fekilde da\u011f\u0131t\u0131lmas\u0131n\u0131 garanti eder. Thermopreset modeli, EHEIM thermocontrol serisinden farkl\u0131 olarak ekstra plastik koruma ile donat\u0131lm\u0131\u015ft\u0131r; bu da cihaz\u0131n mekanik dayan\u0131kl\u0131l\u0131\u011f\u0131n\u0131 art\u0131r\u0131r. T\u00fcm modellerde LED kontrol lambas\u0131 ve kuru \u00e7al\u0131\u015fmaya kar\u015f\u0131 koruma (dry-run protection) bulunur. Model Se\u00e7enekleri thermopreset50 \u2013 50 W thermopreset100 \u2013 100 W thermopreset150 \u2013 150 W thermopreset200 \u2013 200 W Ortak \u00d6zellikler: \u0130nce tasar\u0131m \u2013 yaln\u0131zca 2,8 cm \u00e7ap ve 17\u201325 cm uzunluk K\u00fc\u00e7\u00fck akvaryumlarda bile g\u00f6r\u00fcnmez denecek kadar kompakt Avantajlar ve \u00d6zellikler \u00d6nceden ayarlanm\u0131\u015f 25 \u00b0C sabit s\u0131cakl\u0131k \u2013 kullan\u0131c\u0131 dostu K\u0131sa boyutlar\u0131 sayesinde k\u00fc\u00e7\u00fck akvaryumlarda da kullan\u0131labilir \u0130nce tasar\u0131m \u2013 akvaryumda daha az g\u00f6r\u00fcn\u00fcr Plastik koruma ile y\u00fcksek mekanik dayan\u0131kl\u0131l\u0131k Elektronik kontrol sayesinde y\u00fcksek s\u0131cakl\u0131k hassasiyeti Verimli \u0131s\u0131tma eleman\u0131 ile e\u015fit \u0131s\u0131 da\u011f\u0131l\u0131m\u0131 Kuru \u00e7al\u0131\u015fmaya kar\u015f\u0131 koruma sistemi Is\u0131tma fonksiyonu i\u00e7in kontrol lambas\u0131 Vantuzlarla g\u00fcvenli sabitleme Tatl\u0131 su ve deniz suyu akvaryumlar\u0131na uygun\" \/>\n<meta property=\"og:url\" content=\"https:\/\/anadolupet.com.tr\/en\/product\/eheim-thermopreset-akvaryum-isiticisi-100-150l-100w\/\" \/>\n<meta property=\"og:site_name\" content=\"Anadolu Pet Grup\" \/>\n<meta property=\"article:modified_time\" content=\"2026-02-23T12:48:27+00:00\" \/>\n<meta property=\"og:image\" content=\"https:\/\/anadolupet.com.tr\/wp-content\/uploads\/2026\/02\/105-3654010.jpg\" \/>\n\t<meta property=\"og:image:width\" content=\"750\" \/>\n\t<meta property=\"og:image:height\" content=\"750\" \/>\n\t<meta property=\"og:image:type\" content=\"image\/jpeg\" \/>\n<meta name=\"twitter:card\" content=\"summary_large_image\" \/>\n<script type=\"application\/ld+json\" class=\"yoast-schema-graph\">{\"@context\":\"https:\\\/\\\/schema.org\",\"@graph\":[{\"@type\":\"WebPage\",\"@id\":\"https:\\\/\\\/anadolupet.com.tr\\\/urun\\\/eheim-thermopreset-akvaryum-isiticisi-100-150l-100w\\\/\",\"url\":\"https:\\\/\\\/anadolupet.com.tr\\\/urun\\\/eheim-thermopreset-akvaryum-isiticisi-100-150l-100w\\\/\",\"name\":\"EHEIM Thermopreset Akvaryum Is\u0131t\u0131c\u0131s\u0131 100-150L 100W - Anadolu Pet Grup\",\"isPartOf\":{\"@id\":\"https:\\\/\\\/anadolupet.com.tr\\\/#website\"},\"primaryImageOfPage\":{\"@id\":\"https:\\\/\\\/anadolupet.com.tr\\\/urun\\\/eheim-thermopreset-akvaryum-isiticisi-100-150l-100w\\\/#primaryimage\"},\"image\":{\"@id\":\"https:\\\/\\\/anadolupet.com.tr\\\/urun\\\/eheim-thermopreset-akvaryum-isiticisi-100-150l-100w\\\/#primaryimage\"},\"thumbnailUrl\":\"https:\\\/\\\/anadolupet.com.tr\\\/wp-content\\\/uploads\\\/2026\\\/02\\\/105-3654010.jpg\",\"datePublished\":\"2026-02-14T14:40:45+00:00\",\"dateModified\":\"2026-02-23T12:48:27+00:00\",\"breadcrumb\":{\"@id\":\"https:\\\/\\\/anadolupet.com.tr\\\/urun\\\/eheim-thermopreset-akvaryum-isiticisi-100-150l-100w\\\/#breadcrumb\"},\"inLanguage\":\"en-US\",\"potentialAction\":[{\"@type\":\"ReadAction\",\"target\":[\"https:\\\/\\\/anadolupet.com.tr\\\/urun\\\/eheim-thermopreset-akvaryum-isiticisi-100-150l-100w\\\/\"]}]},{\"@type\":\"ImageObject\",\"inLanguage\":\"en-US\",\"@id\":\"https:\\\/\\\/anadolupet.com.tr\\\/urun\\\/eheim-thermopreset-akvaryum-isiticisi-100-150l-100w\\\/#primaryimage\",\"url\":\"https:\\\/\\\/anadolupet.com.tr\\\/wp-content\\\/uploads\\\/2026\\\/02\\\/105-3654010.jpg\",\"contentUrl\":\"https:\\\/\\\/anadolupet.com.tr\\\/wp-content\\\/uploads\\\/2026\\\/02\\\/105-3654010.jpg\",\"width\":750,\"height\":750},{\"@type\":\"BreadcrumbList\",\"@id\":\"https:\\\/\\\/anadolupet.com.tr\\\/urun\\\/eheim-thermopreset-akvaryum-isiticisi-100-150l-100w\\\/#breadcrumb\",\"itemListElement\":[{\"@type\":\"ListItem\",\"position\":1,\"name\":\"Anasayfa\",\"item\":\"https:\\\/\\\/anadolupet.com.tr\\\/\"},{\"@type\":\"ListItem\",\"position\":2,\"name\":\"\u00dcr\u00fcnler\",\"item\":\"https:\\\/\\\/anadolupet.com.tr\\\/urunler\\\/\"},{\"@type\":\"ListItem\",\"position\":3,\"name\":\"EHEIM Thermopreset Akvaryum Is\u0131t\u0131c\u0131s\u0131 100-150L 100W\"}]},{\"@type\":\"WebSite\",\"@id\":\"https:\\\/\\\/anadolupet.com.tr\\\/#website\",\"url\":\"https:\\\/\\\/anadolupet.com.tr\\\/\",\"name\":\"Anadolu Pet Grup\",\"description\":\"Her Can\u0131n \u0130yi Ya\u015fam\u0131 \u0130\u00e7in Biraraday\u0131z\",\"publisher\":{\"@id\":\"https:\\\/\\\/anadolupet.com.tr\\\/#organization\"},\"potentialAction\":[{\"@type\":\"SearchAction\",\"target\":{\"@type\":\"EntryPoint\",\"urlTemplate\":\"https:\\\/\\\/anadolupet.com.tr\\\/?s={search_term_string}\"},\"query-input\":{\"@type\":\"PropertyValueSpecification\",\"valueRequired\":true,\"valueName\":\"search_term_string\"}}],\"inLanguage\":\"en-US\"},{\"@type\":\"Organization\",\"@id\":\"https:\\\/\\\/anadolupet.com.tr\\\/#organization\",\"name\":\"Anadolu Pet Grup\",\"alternateName\":\"Anadolu Pet\",\"url\":\"https:\\\/\\\/anadolupet.com.tr\\\/\",\"logo\":{\"@type\":\"ImageObject\",\"inLanguage\":\"en-US\",\"@id\":\"https:\\\/\\\/anadolupet.com.tr\\\/#\\\/schema\\\/logo\\\/image\\\/\",\"url\":\"https:\\\/\\\/anadolupet.com.tr\\\/wp-content\\\/uploads\\\/2026\\\/03\\\/1614666743370.jpg\",\"contentUrl\":\"https:\\\/\\\/anadolupet.com.tr\\\/wp-content\\\/uploads\\\/2026\\\/03\\\/1614666743370.jpg\",\"width\":800,\"height\":571,\"caption\":\"Anadolu Pet Grup\"},\"image\":{\"@id\":\"https:\\\/\\\/anadolupet.com.tr\\\/#\\\/schema\\\/logo\\\/image\\\/\"}}]}<\/script>\n<!-- \/ Yoast SEO plugin. -->","yoast_head_json":{"title":"EHEIM Thermopreset Akvaryum Is\u0131t\u0131c\u0131s\u0131 100-150L 100W - Anadolu Pet Grup","robots":{"index":"index","follow":"follow","max-snippet":"max-snippet:-1","max-image-preview":"max-image-preview:large","max-video-preview":"max-video-preview:-1"},"canonical":"https:\/\/anadolupet.com.tr\/en\/product\/eheim-thermopreset-akvaryum-isiticisi-100-150l-100w\/","og_locale":"en_US","og_type":"article","og_title":"EHEIM Thermopreset Akvaryum Is\u0131t\u0131c\u0131s\u0131 100-150L 100W - Anadolu Pet Grup","og_description":"EHEIM thermopreset akvaryum \u0131s\u0131t\u0131c\u0131, bal\u0131klar\u0131n\u0131z ve akvaryum canl\u0131lar\u0131n\u0131z i\u00e7in \u00f6nceden ayarlanm\u0131\u015f konforlu s\u0131cakl\u0131k sunar. Is\u0131t\u0131c\u0131, akvaryum suyunu s\u00fcrekli olarak 25 \u00b0C\u2019de tutar \u2013 bu s\u0131cakl\u0131k, en yayg\u0131n akvaryum canl\u0131lar\u0131 i\u00e7in ideal ya\u015fam ko\u015fuludur. Elektronik kontrol sistemi sayesinde y\u00fcksek hassasiyet sa\u011flan\u0131r, verimli \u0131s\u0131tma eleman\u0131 ise \u0131s\u0131n\u0131n e\u015fit \u015fekilde da\u011f\u0131t\u0131lmas\u0131n\u0131 garanti eder. Thermopreset modeli, EHEIM thermocontrol serisinden farkl\u0131 olarak ekstra plastik koruma ile donat\u0131lm\u0131\u015ft\u0131r; bu da cihaz\u0131n mekanik dayan\u0131kl\u0131l\u0131\u011f\u0131n\u0131 art\u0131r\u0131r. T\u00fcm modellerde LED kontrol lambas\u0131 ve kuru \u00e7al\u0131\u015fmaya kar\u015f\u0131 koruma (dry-run protection) bulunur. Model Se\u00e7enekleri thermopreset50 \u2013 50 W thermopreset100 \u2013 100 W thermopreset150 \u2013 150 W thermopreset200 \u2013 200 W Ortak \u00d6zellikler: \u0130nce tasar\u0131m \u2013 yaln\u0131zca 2,8 cm \u00e7ap ve 17\u201325 cm uzunluk K\u00fc\u00e7\u00fck akvaryumlarda bile g\u00f6r\u00fcnmez denecek kadar kompakt Avantajlar ve \u00d6zellikler \u00d6nceden ayarlanm\u0131\u015f 25 \u00b0C sabit s\u0131cakl\u0131k \u2013 kullan\u0131c\u0131 dostu K\u0131sa boyutlar\u0131 sayesinde k\u00fc\u00e7\u00fck akvaryumlarda da kullan\u0131labilir \u0130nce tasar\u0131m \u2013 akvaryumda daha az g\u00f6r\u00fcn\u00fcr Plastik koruma ile y\u00fcksek mekanik dayan\u0131kl\u0131l\u0131k Elektronik kontrol sayesinde y\u00fcksek s\u0131cakl\u0131k hassasiyeti Verimli \u0131s\u0131tma eleman\u0131 ile e\u015fit \u0131s\u0131 da\u011f\u0131l\u0131m\u0131 Kuru \u00e7al\u0131\u015fmaya kar\u015f\u0131 koruma sistemi Is\u0131tma fonksiyonu i\u00e7in kontrol lambas\u0131 Vantuzlarla g\u00fcvenli sabitleme Tatl\u0131 su ve deniz suyu akvaryumlar\u0131na uygun","og_url":"https:\/\/anadolupet.com.tr\/en\/product\/eheim-thermopreset-akvaryum-isiticisi-100-150l-100w\/","og_site_name":"Anadolu Pet Grup","article_modified_time":"2026-02-23T12:48:27+00:00","og_image":[{"width":750,"height":750,"url":"https:\/\/anadolupet.com.tr\/wp-content\/uploads\/2026\/02\/105-3654010.jpg","type":"image\/jpeg"}],"twitter_card":"summary_large_image","schema":{"@context":"https:\/\/schema.org","@graph":[{"@type":"WebPage","@id":"https:\/\/anadolupet.com.tr\/urun\/eheim-thermopreset-akvaryum-isiticisi-100-150l-100w\/","url":"https:\/\/anadolupet.com.tr\/urun\/eheim-thermopreset-akvaryum-isiticisi-100-150l-100w\/","name":"EHEIM Thermopreset Akvaryum Is\u0131t\u0131c\u0131s\u0131 100-150L 100W - Anadolu Pet Grup","isPartOf":{"@id":"https:\/\/anadolupet.com.tr\/#website"},"primaryImageOfPage":{"@id":"https:\/\/anadolupet.com.tr\/urun\/eheim-thermopreset-akvaryum-isiticisi-100-150l-100w\/#primaryimage"},"image":{"@id":"https:\/\/anadolupet.com.tr\/urun\/eheim-thermopreset-akvaryum-isiticisi-100-150l-100w\/#primaryimage"},"thumbnailUrl":"https:\/\/anadolupet.com.tr\/wp-content\/uploads\/2026\/02\/105-3654010.jpg","datePublished":"2026-02-14T14:40:45+00:00","dateModified":"2026-02-23T12:48:27+00:00","breadcrumb":{"@id":"https:\/\/anadolupet.com.tr\/urun\/eheim-thermopreset-akvaryum-isiticisi-100-150l-100w\/#breadcrumb"},"inLanguage":"en-US","potentialAction":[{"@type":"ReadAction","target":["https:\/\/anadolupet.com.tr\/urun\/eheim-thermopreset-akvaryum-isiticisi-100-150l-100w\/"]}]},{"@type":"ImageObject","inLanguage":"en-US","@id":"https:\/\/anadolupet.com.tr\/urun\/eheim-thermopreset-akvaryum-isiticisi-100-150l-100w\/#primaryimage","url":"https:\/\/anadolupet.com.tr\/wp-content\/uploads\/2026\/02\/105-3654010.jpg","contentUrl":"https:\/\/anadolupet.com.tr\/wp-content\/uploads\/2026\/02\/105-3654010.jpg","width":750,"height":750},{"@type":"BreadcrumbList","@id":"https:\/\/anadolupet.com.tr\/urun\/eheim-thermopreset-akvaryum-isiticisi-100-150l-100w\/#breadcrumb","itemListElement":[{"@type":"ListItem","position":1,"name":"Anasayfa","item":"https:\/\/anadolupet.com.tr\/"},{"@type":"ListItem","position":2,"name":"\u00dcr\u00fcnler","item":"https:\/\/anadolupet.com.tr\/urunler\/"},{"@type":"ListItem","position":3,"name":"EHEIM Thermopreset Akvaryum Is\u0131t\u0131c\u0131s\u0131 100-150L 100W"}]},{"@type":"WebSite","@id":"https:\/\/anadolupet.com.tr\/#website","url":"https:\/\/anadolupet.com.tr\/","name":"Anadolu Pet Group","description":"We Stand Together for the Well-Being of Every Life","publisher":{"@id":"https:\/\/anadolupet.com.tr\/#organization"},"potentialAction":[{"@type":"SearchAction","target":{"@type":"EntryPoint","urlTemplate":"https:\/\/anadolupet.com.tr\/?s={search_term_string}"},"query-input":{"@type":"PropertyValueSpecification","valueRequired":true,"valueName":"search_term_string"}}],"inLanguage":"en-US"},{"@type":"Organization","@id":"https:\/\/anadolupet.com.tr\/#organization","name":"Anadolu Pet Group","alternateName":"Anadolu Pet","url":"https:\/\/anadolupet.com.tr\/","logo":{"@type":"ImageObject","inLanguage":"en-US","@id":"https:\/\/anadolupet.com.tr\/#\/schema\/logo\/image\/","url":"https:\/\/anadolupet.com.tr\/wp-content\/uploads\/2026\/03\/1614666743370.jpg","contentUrl":"https:\/\/anadolupet.com.tr\/wp-content\/uploads\/2026\/03\/1614666743370.jpg","width":800,"height":571,"caption":"Anadolu Pet Grup"},"image":{"@id":"https:\/\/anadolupet.com.tr\/#\/schema\/logo\/image\/"}}]}},"_links":{"self":[{"href":"https:\/\/anadolupet.com.tr\/en\/wp-json\/wp\/v2\/product\/45149","targetHints":{"allow":["GET"]}}],"collection":[{"href":"https:\/\/anadolupet.com.tr\/en\/wp-json\/wp\/v2\/product"}],"about":[{"href":"https:\/\/anadolupet.com.tr\/en\/wp-json\/wp\/v2\/types\/product"}],"replies":[{"embeddable":true,"href":"https:\/\/anadolupet.com.tr\/en\/wp-json\/wp\/v2\/comments?post=45149"}],"wp:featuredmedia":[{"embeddable":true,"href":"https:\/\/anadolupet.com.tr\/en\/wp-json\/wp\/v2\/media\/42427"}],"wp:attachment":[{"href":"https:\/\/anadolupet.com.tr\/en\/wp-json\/wp\/v2\/media?parent=45149"}],"wp:term":[{"taxonomy":"product_brand","embeddable":true,"href":"https:\/\/anadolupet.com.tr\/en\/wp-json\/wp\/v2\/product_brand?post=45149"},{"taxonomy":"product_cat","embeddable":true,"href":"https:\/\/anadolupet.com.tr\/en\/wp-json\/wp\/v2\/product_cat?post=45149"},{"taxonomy":"product_tag","embeddable":true,"href":"https:\/\/anadolupet.com.tr\/en\/wp-json\/wp\/v2\/product_tag?post=45149"}],"curies":[{"name":"wp","href":"https:\/\/api.w.org\/{rel}","templated":true}]}}