{"id":45154,"date":"2026-02-14T14:40:45","date_gmt":"2026-02-14T14:40:45","guid":{"rendered":"https:\/\/anadolupet.com.tr\/?post_type=product&#038;p=45154"},"modified":"2026-02-23T12:48:28","modified_gmt":"2026-02-23T12:48:28","slug":"eheim-tortu-filtresi","status":"publish","type":"product","link":"https:\/\/anadolupet.com.tr\/en\/urun\/eheim-tortu-filtresi\/","title":{"rendered":"EHEIM Tortu Filtresi"},"content":{"rendered":"","protected":false},"excerpt":{"rendered":"<p>EHEIM Prefilter, su d\u0131\u015f filtreye ula\u015fmadan \u00f6nce iri kir par\u00e7ac\u0131klar\u0131n\u0131 yakalayarak filtrasyon sisteminizi koruyan ek bir \u00f6n filtre \u00e7\u00f6z\u00fcm\u00fcd\u00fcr. Akvaryum taban\u0131na sa\u011flam \u015fekilde oturan yap\u0131s\u0131 sayesinde su, geni\u015f y\u00fczey alan\u0131ndan \u00e7ekilir ve mod\u00fcler filtre sepetlerinden ge\u00e7irilir. Bu sepetler filtre malzemeleriyle doldurulabilir, kolayca \u00e7\u0131kar\u0131l\u0131p temizlenebilir veya de\u011fi\u015ftirilebilir.<\/p>\n<p>Bu sayede d\u0131\u015f filtrenizin biyolojik filtrasyon s\u00fcreci daha uzun s\u00fcre verimli kal\u0131r, servis aral\u0131klar\u0131 uzar ve filtre medyas\u0131n\u0131n erken t\u0131kanmas\u0131 \u00f6nlenir.<\/p>\n<p>Avantajlar ve \u00d6zellikler<br \/>\n\u0130ri kir par\u00e7ac\u0131klar\u0131n\u0131 filtre sepetlerinde yakalayarak d\u0131\u015f filtrenin erken t\u0131kanmas\u0131n\u0131 \u00f6nler<\/p>\n<p>D\u0131\u015f filtrenin biyolojik par\u00e7alama s\u00fcrecini uzat\u0131r, bak\u0131m aral\u0131klar\u0131n\u0131 azalt\u0131r<\/p>\n<p>Easy Klick sistemi ile filtre sepetleri kolayca \u00e7\u0131kar\u0131l\u0131p temizlenebilir<\/p>\n<p>T\u00fcm y\u00fczeyden su emi\u015fi \u2013 daha nazik ve dengeli filtrasyon<\/p>\n<p>2 filtre sepeti ve kartu\u015flar\u0131yla birlikte gelir<\/p>\n<p>Teleskopik boru ile giri\u015f borusu yerine sabitlenir<\/p>\n<p>\u0130htiya\u00e7 halinde uzat\u0131labilir; InstallationsSET 1 ile uyumlu<\/p>\n<p>T\u00fcm EHEIM d\u0131\u015f filtrelerle uyumludur (profesionel 3e ve classic 1500XL hari\u00e7)<\/p>","protected":false},"featured_media":42454,"comment_status":"open","ping_status":"closed","template":"","meta":{"_acf_changed":false},"product_brand":[],"product_cat":[2392],"product_tag":[],"class_list":{"0":"post-45154","1":"product","2":"type-product","3":"status-publish","4":"has-post-thumbnail","6":"product_cat-ic-filtreler","8":"first","9":"instock","10":"shipping-taxable","11":"product-type-simple"},"acf":[],"yoast_head":"<!-- This site is optimized with the Yoast SEO plugin v27.5 - https:\/\/yoast.com\/product\/yoast-seo-wordpress\/ -->\n<title>EHEIM Tortu Filtresi - Anadolu Pet Grup<\/title>\n<meta name=\"robots\" content=\"index, follow, max-snippet:-1, max-image-preview:large, max-video-preview:-1\" \/>\n<link rel=\"canonical\" href=\"https:\/\/anadolupet.com.tr\/en\/product\/eheim-tortu-filtresi\/\" \/>\n<meta property=\"og:locale\" content=\"en_US\" \/>\n<meta property=\"og:type\" content=\"article\" \/>\n<meta property=\"og:title\" content=\"EHEIM Tortu Filtresi - Anadolu Pet Grup\" \/>\n<meta property=\"og:description\" content=\"EHEIM Prefilter, su d\u0131\u015f filtreye ula\u015fmadan \u00f6nce iri kir par\u00e7ac\u0131klar\u0131n\u0131 yakalayarak filtrasyon sisteminizi koruyan ek bir \u00f6n filtre \u00e7\u00f6z\u00fcm\u00fcd\u00fcr. Akvaryum taban\u0131na sa\u011flam \u015fekilde oturan yap\u0131s\u0131 sayesinde su, geni\u015f y\u00fczey alan\u0131ndan \u00e7ekilir ve mod\u00fcler filtre sepetlerinden ge\u00e7irilir. Bu sepetler filtre malzemeleriyle doldurulabilir, kolayca \u00e7\u0131kar\u0131l\u0131p temizlenebilir veya de\u011fi\u015ftirilebilir. Bu sayede d\u0131\u015f filtrenizin biyolojik filtrasyon s\u00fcreci daha uzun s\u00fcre verimli kal\u0131r, servis aral\u0131klar\u0131 uzar ve filtre medyas\u0131n\u0131n erken t\u0131kanmas\u0131 \u00f6nlenir. Avantajlar ve \u00d6zellikler \u0130ri kir par\u00e7ac\u0131klar\u0131n\u0131 filtre sepetlerinde yakalayarak d\u0131\u015f filtrenin erken t\u0131kanmas\u0131n\u0131 \u00f6nler D\u0131\u015f filtrenin biyolojik par\u00e7alama s\u00fcrecini uzat\u0131r, bak\u0131m aral\u0131klar\u0131n\u0131 azalt\u0131r Easy Klick sistemi ile filtre sepetleri kolayca \u00e7\u0131kar\u0131l\u0131p temizlenebilir T\u00fcm y\u00fczeyden su emi\u015fi \u2013 daha nazik ve dengeli filtrasyon 2 filtre sepeti ve kartu\u015flar\u0131yla birlikte gelir Teleskopik boru ile giri\u015f borusu yerine sabitlenir \u0130htiya\u00e7 halinde uzat\u0131labilir; InstallationsSET 1 ile uyumlu T\u00fcm EHEIM d\u0131\u015f filtrelerle uyumludur (profesionel 3e ve classic 1500XL hari\u00e7)\" \/>\n<meta property=\"og:url\" content=\"https:\/\/anadolupet.com.tr\/en\/product\/eheim-tortu-filtresi\/\" \/>\n<meta property=\"og:site_name\" content=\"Anadolu Pet Grup\" \/>\n<meta property=\"article:modified_time\" content=\"2026-02-23T12:48:28+00:00\" \/>\n<meta property=\"og:image\" content=\"https:\/\/anadolupet.com.tr\/wp-content\/uploads\/2026\/02\/105-4004320.jpg\" \/>\n\t<meta property=\"og:image:width\" content=\"750\" \/>\n\t<meta property=\"og:image:height\" content=\"750\" \/>\n\t<meta property=\"og:image:type\" content=\"image\/jpeg\" \/>\n<meta name=\"twitter:card\" content=\"summary_large_image\" \/>\n<script type=\"application\/ld+json\" class=\"yoast-schema-graph\">{\"@context\":\"https:\\\/\\\/schema.org\",\"@graph\":[{\"@type\":\"WebPage\",\"@id\":\"https:\\\/\\\/anadolupet.com.tr\\\/urun\\\/eheim-tortu-filtresi\\\/\",\"url\":\"https:\\\/\\\/anadolupet.com.tr\\\/urun\\\/eheim-tortu-filtresi\\\/\",\"name\":\"EHEIM Tortu Filtresi - Anadolu Pet Grup\",\"isPartOf\":{\"@id\":\"https:\\\/\\\/anadolupet.com.tr\\\/#website\"},\"primaryImageOfPage\":{\"@id\":\"https:\\\/\\\/anadolupet.com.tr\\\/urun\\\/eheim-tortu-filtresi\\\/#primaryimage\"},\"image\":{\"@id\":\"https:\\\/\\\/anadolupet.com.tr\\\/urun\\\/eheim-tortu-filtresi\\\/#primaryimage\"},\"thumbnailUrl\":\"https:\\\/\\\/anadolupet.com.tr\\\/wp-content\\\/uploads\\\/2026\\\/02\\\/105-4004320.jpg\",\"datePublished\":\"2026-02-14T14:40:45+00:00\",\"dateModified\":\"2026-02-23T12:48:28+00:00\",\"breadcrumb\":{\"@id\":\"https:\\\/\\\/anadolupet.com.tr\\\/urun\\\/eheim-tortu-filtresi\\\/#breadcrumb\"},\"inLanguage\":\"en-US\",\"potentialAction\":[{\"@type\":\"ReadAction\",\"target\":[\"https:\\\/\\\/anadolupet.com.tr\\\/urun\\\/eheim-tortu-filtresi\\\/\"]}]},{\"@type\":\"ImageObject\",\"inLanguage\":\"en-US\",\"@id\":\"https:\\\/\\\/anadolupet.com.tr\\\/urun\\\/eheim-tortu-filtresi\\\/#primaryimage\",\"url\":\"https:\\\/\\\/anadolupet.com.tr\\\/wp-content\\\/uploads\\\/2026\\\/02\\\/105-4004320.jpg\",\"contentUrl\":\"https:\\\/\\\/anadolupet.com.tr\\\/wp-content\\\/uploads\\\/2026\\\/02\\\/105-4004320.jpg\",\"width\":750,\"height\":750},{\"@type\":\"BreadcrumbList\",\"@id\":\"https:\\\/\\\/anadolupet.com.tr\\\/urun\\\/eheim-tortu-filtresi\\\/#breadcrumb\",\"itemListElement\":[{\"@type\":\"ListItem\",\"position\":1,\"name\":\"Anasayfa\",\"item\":\"https:\\\/\\\/anadolupet.com.tr\\\/\"},{\"@type\":\"ListItem\",\"position\":2,\"name\":\"\u00dcr\u00fcnler\",\"item\":\"https:\\\/\\\/anadolupet.com.tr\\\/urunler\\\/\"},{\"@type\":\"ListItem\",\"position\":3,\"name\":\"EHEIM Tortu Filtresi\"}]},{\"@type\":\"WebSite\",\"@id\":\"https:\\\/\\\/anadolupet.com.tr\\\/#website\",\"url\":\"https:\\\/\\\/anadolupet.com.tr\\\/\",\"name\":\"Anadolu Pet Grup\",\"description\":\"Her Can\u0131n \u0130yi Ya\u015fam\u0131 \u0130\u00e7in Biraraday\u0131z\",\"publisher\":{\"@id\":\"https:\\\/\\\/anadolupet.com.tr\\\/#organization\"},\"potentialAction\":[{\"@type\":\"SearchAction\",\"target\":{\"@type\":\"EntryPoint\",\"urlTemplate\":\"https:\\\/\\\/anadolupet.com.tr\\\/?s={search_term_string}\"},\"query-input\":{\"@type\":\"PropertyValueSpecification\",\"valueRequired\":true,\"valueName\":\"search_term_string\"}}],\"inLanguage\":\"en-US\"},{\"@type\":\"Organization\",\"@id\":\"https:\\\/\\\/anadolupet.com.tr\\\/#organization\",\"name\":\"Anadolu Pet Grup\",\"alternateName\":\"Anadolu Pet\",\"url\":\"https:\\\/\\\/anadolupet.com.tr\\\/\",\"logo\":{\"@type\":\"ImageObject\",\"inLanguage\":\"en-US\",\"@id\":\"https:\\\/\\\/anadolupet.com.tr\\\/#\\\/schema\\\/logo\\\/image\\\/\",\"url\":\"https:\\\/\\\/anadolupet.com.tr\\\/wp-content\\\/uploads\\\/2026\\\/03\\\/1614666743370.jpg\",\"contentUrl\":\"https:\\\/\\\/anadolupet.com.tr\\\/wp-content\\\/uploads\\\/2026\\\/03\\\/1614666743370.jpg\",\"width\":800,\"height\":571,\"caption\":\"Anadolu Pet Grup\"},\"image\":{\"@id\":\"https:\\\/\\\/anadolupet.com.tr\\\/#\\\/schema\\\/logo\\\/image\\\/\"}}]}<\/script>\n<!-- \/ Yoast SEO plugin. -->","yoast_head_json":{"title":"EHEIM Tortu Filtresi - Anadolu Pet Grup","robots":{"index":"index","follow":"follow","max-snippet":"max-snippet:-1","max-image-preview":"max-image-preview:large","max-video-preview":"max-video-preview:-1"},"canonical":"https:\/\/anadolupet.com.tr\/en\/product\/eheim-tortu-filtresi\/","og_locale":"en_US","og_type":"article","og_title":"EHEIM Tortu Filtresi - Anadolu Pet Grup","og_description":"EHEIM Prefilter, su d\u0131\u015f filtreye ula\u015fmadan \u00f6nce iri kir par\u00e7ac\u0131klar\u0131n\u0131 yakalayarak filtrasyon sisteminizi koruyan ek bir \u00f6n filtre \u00e7\u00f6z\u00fcm\u00fcd\u00fcr. Akvaryum taban\u0131na sa\u011flam \u015fekilde oturan yap\u0131s\u0131 sayesinde su, geni\u015f y\u00fczey alan\u0131ndan \u00e7ekilir ve mod\u00fcler filtre sepetlerinden ge\u00e7irilir. Bu sepetler filtre malzemeleriyle doldurulabilir, kolayca \u00e7\u0131kar\u0131l\u0131p temizlenebilir veya de\u011fi\u015ftirilebilir. Bu sayede d\u0131\u015f filtrenizin biyolojik filtrasyon s\u00fcreci daha uzun s\u00fcre verimli kal\u0131r, servis aral\u0131klar\u0131 uzar ve filtre medyas\u0131n\u0131n erken t\u0131kanmas\u0131 \u00f6nlenir. Avantajlar ve \u00d6zellikler \u0130ri kir par\u00e7ac\u0131klar\u0131n\u0131 filtre sepetlerinde yakalayarak d\u0131\u015f filtrenin erken t\u0131kanmas\u0131n\u0131 \u00f6nler D\u0131\u015f filtrenin biyolojik par\u00e7alama s\u00fcrecini uzat\u0131r, bak\u0131m aral\u0131klar\u0131n\u0131 azalt\u0131r Easy Klick sistemi ile filtre sepetleri kolayca \u00e7\u0131kar\u0131l\u0131p temizlenebilir T\u00fcm y\u00fczeyden su emi\u015fi \u2013 daha nazik ve dengeli filtrasyon 2 filtre sepeti ve kartu\u015flar\u0131yla birlikte gelir Teleskopik boru ile giri\u015f borusu yerine sabitlenir \u0130htiya\u00e7 halinde uzat\u0131labilir; InstallationsSET 1 ile uyumlu T\u00fcm EHEIM d\u0131\u015f filtrelerle uyumludur (profesionel 3e ve classic 1500XL hari\u00e7)","og_url":"https:\/\/anadolupet.com.tr\/en\/product\/eheim-tortu-filtresi\/","og_site_name":"Anadolu Pet Grup","article_modified_time":"2026-02-23T12:48:28+00:00","og_image":[{"width":750,"height":750,"url":"https:\/\/anadolupet.com.tr\/wp-content\/uploads\/2026\/02\/105-4004320.jpg","type":"image\/jpeg"}],"twitter_card":"summary_large_image","schema":{"@context":"https:\/\/schema.org","@graph":[{"@type":"WebPage","@id":"https:\/\/anadolupet.com.tr\/urun\/eheim-tortu-filtresi\/","url":"https:\/\/anadolupet.com.tr\/urun\/eheim-tortu-filtresi\/","name":"EHEIM Tortu Filtresi - Anadolu Pet Grup","isPartOf":{"@id":"https:\/\/anadolupet.com.tr\/#website"},"primaryImageOfPage":{"@id":"https:\/\/anadolupet.com.tr\/urun\/eheim-tortu-filtresi\/#primaryimage"},"image":{"@id":"https:\/\/anadolupet.com.tr\/urun\/eheim-tortu-filtresi\/#primaryimage"},"thumbnailUrl":"https:\/\/anadolupet.com.tr\/wp-content\/uploads\/2026\/02\/105-4004320.jpg","datePublished":"2026-02-14T14:40:45+00:00","dateModified":"2026-02-23T12:48:28+00:00","breadcrumb":{"@id":"https:\/\/anadolupet.com.tr\/urun\/eheim-tortu-filtresi\/#breadcrumb"},"inLanguage":"en-US","potentialAction":[{"@type":"ReadAction","target":["https:\/\/anadolupet.com.tr\/urun\/eheim-tortu-filtresi\/"]}]},{"@type":"ImageObject","inLanguage":"en-US","@id":"https:\/\/anadolupet.com.tr\/urun\/eheim-tortu-filtresi\/#primaryimage","url":"https:\/\/anadolupet.com.tr\/wp-content\/uploads\/2026\/02\/105-4004320.jpg","contentUrl":"https:\/\/anadolupet.com.tr\/wp-content\/uploads\/2026\/02\/105-4004320.jpg","width":750,"height":750},{"@type":"BreadcrumbList","@id":"https:\/\/anadolupet.com.tr\/urun\/eheim-tortu-filtresi\/#breadcrumb","itemListElement":[{"@type":"ListItem","position":1,"name":"Anasayfa","item":"https:\/\/anadolupet.com.tr\/"},{"@type":"ListItem","position":2,"name":"\u00dcr\u00fcnler","item":"https:\/\/anadolupet.com.tr\/urunler\/"},{"@type":"ListItem","position":3,"name":"EHEIM Tortu Filtresi"}]},{"@type":"WebSite","@id":"https:\/\/anadolupet.com.tr\/#website","url":"https:\/\/anadolupet.com.tr\/","name":"Anadolu Pet Group","description":"We Stand Together for the Well-Being of Every Life","publisher":{"@id":"https:\/\/anadolupet.com.tr\/#organization"},"potentialAction":[{"@type":"SearchAction","target":{"@type":"EntryPoint","urlTemplate":"https:\/\/anadolupet.com.tr\/?s={search_term_string}"},"query-input":{"@type":"PropertyValueSpecification","valueRequired":true,"valueName":"search_term_string"}}],"inLanguage":"en-US"},{"@type":"Organization","@id":"https:\/\/anadolupet.com.tr\/#organization","name":"Anadolu Pet Group","alternateName":"Anadolu Pet","url":"https:\/\/anadolupet.com.tr\/","logo":{"@type":"ImageObject","inLanguage":"en-US","@id":"https:\/\/anadolupet.com.tr\/#\/schema\/logo\/image\/","url":"https:\/\/anadolupet.com.tr\/wp-content\/uploads\/2026\/03\/1614666743370.jpg","contentUrl":"https:\/\/anadolupet.com.tr\/wp-content\/uploads\/2026\/03\/1614666743370.jpg","width":800,"height":571,"caption":"Anadolu Pet Grup"},"image":{"@id":"https:\/\/anadolupet.com.tr\/#\/schema\/logo\/image\/"}}]}},"_links":{"self":[{"href":"https:\/\/anadolupet.com.tr\/en\/wp-json\/wp\/v2\/product\/45154","targetHints":{"allow":["GET"]}}],"collection":[{"href":"https:\/\/anadolupet.com.tr\/en\/wp-json\/wp\/v2\/product"}],"about":[{"href":"https:\/\/anadolupet.com.tr\/en\/wp-json\/wp\/v2\/types\/product"}],"replies":[{"embeddable":true,"href":"https:\/\/anadolupet.com.tr\/en\/wp-json\/wp\/v2\/comments?post=45154"}],"wp:featuredmedia":[{"embeddable":true,"href":"https:\/\/anadolupet.com.tr\/en\/wp-json\/wp\/v2\/media\/42454"}],"wp:attachment":[{"href":"https:\/\/anadolupet.com.tr\/en\/wp-json\/wp\/v2\/media?parent=45154"}],"wp:term":[{"taxonomy":"product_brand","embeddable":true,"href":"https:\/\/anadolupet.com.tr\/en\/wp-json\/wp\/v2\/product_brand?post=45154"},{"taxonomy":"product_cat","embeddable":true,"href":"https:\/\/anadolupet.com.tr\/en\/wp-json\/wp\/v2\/product_cat?post=45154"},{"taxonomy":"product_tag","embeddable":true,"href":"https:\/\/anadolupet.com.tr\/en\/wp-json\/wp\/v2\/product_tag?post=45154"}],"curies":[{"name":"wp","href":"https:\/\/api.w.org\/{rel}","templated":true}]}}