{"id":45158,"date":"2026-02-14T14:40:46","date_gmt":"2026-02-14T14:40:46","guid":{"rendered":"https:\/\/anadolupet.com.tr\/?post_type=product&#038;p=45158"},"modified":"2026-02-23T12:48:28","modified_gmt":"2026-02-23T12:48:28","slug":"eheim-universal-300-1046-kafa-motoru","status":"publish","type":"product","link":"https:\/\/anadolupet.com.tr\/en\/urun\/eheim-universal-300-1046-kafa-motoru\/","title":{"rendered":"EHEIM Universal 300 (1046) Kafa Motoru"},"content":{"rendered":"","protected":false},"excerpt":{"rendered":"<p>EHEIM Universal Pompa serisi, geni\u015f performans aral\u0131\u011f\u0131 ve \u00e7ok y\u00f6nl\u00fc kullan\u0131m imk\u00e2n\u0131 sunar. Dayan\u0131kl\u0131l\u0131\u011f\u0131 ve uzun \u00f6m\u00fcrl\u00fc yap\u0131s\u0131yla profesyonel ortamlarda (\u00f6rne\u011fin \u00fcretim tesisleri ve hayvanat bah\u00e7eleri) s\u0131kl\u0131kla tercih edilir. Hem su i\u00e7inde hem de su d\u0131\u015f\u0131nda kullan\u0131labilir.<\/p>\n<p>Entegre \u00f6n filtre, pervaneyi partik\u00fcllerden koruyarak pompan\u0131n \u00f6mr\u00fcn\u00fc uzat\u0131r. G\u00fcvenli hortum ba\u011flant\u0131lar\u0131, \u00e7e\u015fitli ba\u011flant\u0131 ve sabitleme se\u00e7enekleri ile kullan\u0131m kolayl\u0131\u011f\u0131 sa\u011flar.<\/p>\n<p>Model Se\u00e7enekleri<br \/>\n5 farkl\u0131 model \u2192 300 l\/saat\u2019ten 3400 l\/saat\u2019e kadar \u00e7\u0131k\u0131\u015f g\u00fcc\u00fc<\/p>\n<p>Esnek hobi pompas\u0131 \u2192 270 l\/saat \u00e7\u0131k\u0131\u015f g\u00fcc\u00fc<\/p>\n<p>Her model i\u00e7in 1,7 m veya 10 m kablo se\u00e7ene\u011fi<\/p>\n<p>Avantajlar ve \u00d6zellikler<br \/>\nGeni\u015f performans spektrumu \u2013 uzun \u00f6m\u00fcr i\u00e7in geli\u015ftirilmi\u015f<\/p>\n<p>Su i\u00e7inde veya d\u0131\u015f\u0131nda kullan\u0131m imk\u00e2n\u0131<\/p>\n<p>Hermetik kapl\u0131 motor \u2013 tam g\u00fcvenlik sa\u011flar<\/p>\n<p>Entegre \u00f6n filtre \u2013 pervaneyi korur, servis \u00f6mr\u00fcn\u00fc uzat\u0131r<\/p>\n<p>G\u00fcvenli hortum ba\u011flant\u0131lar\u0131<\/p>\n<p>Ak\u0131ll\u0131 aksesuar uyumlulu\u011fu (\u00f6r. InstallationsSET 2 \u00e7\u0131k\u0131\u015fa tak\u0131labilir)<\/p>\n<p>\u00c7e\u015fitli sabitleme se\u00e7enekleri \u2013 montaj plakas\u0131 dahil<\/p>\n<p>Kablo se\u00e7enekleri: 1,7 m veya 10 m<\/p>","protected":false},"featured_media":42276,"comment_status":"open","ping_status":"closed","template":"","meta":{"_acf_changed":false},"product_brand":[],"product_cat":[2393],"product_tag":[],"class_list":{"0":"post-45158","1":"product","2":"type-product","3":"status-publish","4":"has-post-thumbnail","6":"product_cat-kafa-pompalari","8":"first","9":"instock","10":"shipping-taxable","11":"product-type-simple"},"acf":[],"yoast_head":"<!-- This site is optimized with the Yoast SEO plugin v27.4 - https:\/\/yoast.com\/product\/yoast-seo-wordpress\/ -->\n<title>EHEIM Universal 300 (1046) Kafa Motoru - Anadolu Pet Grup<\/title>\n<meta name=\"robots\" content=\"index, follow, max-snippet:-1, max-image-preview:large, max-video-preview:-1\" \/>\n<link rel=\"canonical\" href=\"https:\/\/anadolupet.com.tr\/en\/product\/eheim-universal-300-1046-kafa-motoru\/\" \/>\n<meta property=\"og:locale\" content=\"en_US\" \/>\n<meta property=\"og:type\" content=\"article\" \/>\n<meta property=\"og:title\" content=\"EHEIM Universal 300 (1046) Kafa Motoru - Anadolu Pet Grup\" \/>\n<meta property=\"og:description\" content=\"EHEIM Universal Pompa serisi, geni\u015f performans aral\u0131\u011f\u0131 ve \u00e7ok y\u00f6nl\u00fc kullan\u0131m imk\u00e2n\u0131 sunar. Dayan\u0131kl\u0131l\u0131\u011f\u0131 ve uzun \u00f6m\u00fcrl\u00fc yap\u0131s\u0131yla profesyonel ortamlarda (\u00f6rne\u011fin \u00fcretim tesisleri ve hayvanat bah\u00e7eleri) s\u0131kl\u0131kla tercih edilir. Hem su i\u00e7inde hem de su d\u0131\u015f\u0131nda kullan\u0131labilir. Entegre \u00f6n filtre, pervaneyi partik\u00fcllerden koruyarak pompan\u0131n \u00f6mr\u00fcn\u00fc uzat\u0131r. G\u00fcvenli hortum ba\u011flant\u0131lar\u0131, \u00e7e\u015fitli ba\u011flant\u0131 ve sabitleme se\u00e7enekleri ile kullan\u0131m kolayl\u0131\u011f\u0131 sa\u011flar. Model Se\u00e7enekleri 5 farkl\u0131 model \u2192 300 l\/saat\u2019ten 3400 l\/saat\u2019e kadar \u00e7\u0131k\u0131\u015f g\u00fcc\u00fc Esnek hobi pompas\u0131 \u2192 270 l\/saat \u00e7\u0131k\u0131\u015f g\u00fcc\u00fc Her model i\u00e7in 1,7 m veya 10 m kablo se\u00e7ene\u011fi Avantajlar ve \u00d6zellikler Geni\u015f performans spektrumu \u2013 uzun \u00f6m\u00fcr i\u00e7in geli\u015ftirilmi\u015f Su i\u00e7inde veya d\u0131\u015f\u0131nda kullan\u0131m imk\u00e2n\u0131 Hermetik kapl\u0131 motor \u2013 tam g\u00fcvenlik sa\u011flar Entegre \u00f6n filtre \u2013 pervaneyi korur, servis \u00f6mr\u00fcn\u00fc uzat\u0131r G\u00fcvenli hortum ba\u011flant\u0131lar\u0131 Ak\u0131ll\u0131 aksesuar uyumlulu\u011fu (\u00f6r. InstallationsSET 2 \u00e7\u0131k\u0131\u015fa tak\u0131labilir) \u00c7e\u015fitli sabitleme se\u00e7enekleri \u2013 montaj plakas\u0131 dahil Kablo se\u00e7enekleri: 1,7 m veya 10 m\" \/>\n<meta property=\"og:url\" content=\"https:\/\/anadolupet.com.tr\/en\/product\/eheim-universal-300-1046-kafa-motoru\/\" \/>\n<meta property=\"og:site_name\" content=\"Anadolu Pet Grup\" \/>\n<meta property=\"article:modified_time\" content=\"2026-02-23T12:48:28+00:00\" \/>\n<meta property=\"og:image\" content=\"https:\/\/anadolupet.com.tr\/wp-content\/uploads\/2026\/02\/105-1046219.jpg\" \/>\n\t<meta property=\"og:image:width\" content=\"750\" \/>\n\t<meta property=\"og:image:height\" content=\"750\" \/>\n\t<meta property=\"og:image:type\" content=\"image\/jpeg\" \/>\n<meta name=\"twitter:card\" content=\"summary_large_image\" \/>\n<script type=\"application\/ld+json\" class=\"yoast-schema-graph\">{\"@context\":\"https:\\\/\\\/schema.org\",\"@graph\":[{\"@type\":\"WebPage\",\"@id\":\"https:\\\/\\\/anadolupet.com.tr\\\/urun\\\/eheim-universal-300-1046-kafa-motoru\\\/\",\"url\":\"https:\\\/\\\/anadolupet.com.tr\\\/urun\\\/eheim-universal-300-1046-kafa-motoru\\\/\",\"name\":\"EHEIM Universal 300 (1046) Kafa Motoru - Anadolu Pet Grup\",\"isPartOf\":{\"@id\":\"https:\\\/\\\/anadolupet.com.tr\\\/#website\"},\"primaryImageOfPage\":{\"@id\":\"https:\\\/\\\/anadolupet.com.tr\\\/urun\\\/eheim-universal-300-1046-kafa-motoru\\\/#primaryimage\"},\"image\":{\"@id\":\"https:\\\/\\\/anadolupet.com.tr\\\/urun\\\/eheim-universal-300-1046-kafa-motoru\\\/#primaryimage\"},\"thumbnailUrl\":\"https:\\\/\\\/anadolupet.com.tr\\\/wp-content\\\/uploads\\\/2026\\\/02\\\/105-1046219.jpg\",\"datePublished\":\"2026-02-14T14:40:46+00:00\",\"dateModified\":\"2026-02-23T12:48:28+00:00\",\"breadcrumb\":{\"@id\":\"https:\\\/\\\/anadolupet.com.tr\\\/urun\\\/eheim-universal-300-1046-kafa-motoru\\\/#breadcrumb\"},\"inLanguage\":\"en-US\",\"potentialAction\":[{\"@type\":\"ReadAction\",\"target\":[\"https:\\\/\\\/anadolupet.com.tr\\\/urun\\\/eheim-universal-300-1046-kafa-motoru\\\/\"]}]},{\"@type\":\"ImageObject\",\"inLanguage\":\"en-US\",\"@id\":\"https:\\\/\\\/anadolupet.com.tr\\\/urun\\\/eheim-universal-300-1046-kafa-motoru\\\/#primaryimage\",\"url\":\"https:\\\/\\\/anadolupet.com.tr\\\/wp-content\\\/uploads\\\/2026\\\/02\\\/105-1046219.jpg\",\"contentUrl\":\"https:\\\/\\\/anadolupet.com.tr\\\/wp-content\\\/uploads\\\/2026\\\/02\\\/105-1046219.jpg\",\"width\":750,\"height\":750},{\"@type\":\"BreadcrumbList\",\"@id\":\"https:\\\/\\\/anadolupet.com.tr\\\/urun\\\/eheim-universal-300-1046-kafa-motoru\\\/#breadcrumb\",\"itemListElement\":[{\"@type\":\"ListItem\",\"position\":1,\"name\":\"Anasayfa\",\"item\":\"https:\\\/\\\/anadolupet.com.tr\\\/\"},{\"@type\":\"ListItem\",\"position\":2,\"name\":\"\u00dcr\u00fcnler\",\"item\":\"https:\\\/\\\/anadolupet.com.tr\\\/urunler\\\/\"},{\"@type\":\"ListItem\",\"position\":3,\"name\":\"EHEIM Universal 300 (1046) Kafa Motoru\"}]},{\"@type\":\"WebSite\",\"@id\":\"https:\\\/\\\/anadolupet.com.tr\\\/#website\",\"url\":\"https:\\\/\\\/anadolupet.com.tr\\\/\",\"name\":\"Anadolu Pet Grup\",\"description\":\"Her Can\u0131n \u0130yi Ya\u015fam\u0131 \u0130\u00e7in Biraraday\u0131z\",\"publisher\":{\"@id\":\"https:\\\/\\\/anadolupet.com.tr\\\/#organization\"},\"potentialAction\":[{\"@type\":\"SearchAction\",\"target\":{\"@type\":\"EntryPoint\",\"urlTemplate\":\"https:\\\/\\\/anadolupet.com.tr\\\/?s={search_term_string}\"},\"query-input\":{\"@type\":\"PropertyValueSpecification\",\"valueRequired\":true,\"valueName\":\"search_term_string\"}}],\"inLanguage\":\"en-US\"},{\"@type\":\"Organization\",\"@id\":\"https:\\\/\\\/anadolupet.com.tr\\\/#organization\",\"name\":\"Anadolu Pet Grup\",\"alternateName\":\"Anadolu Pet\",\"url\":\"https:\\\/\\\/anadolupet.com.tr\\\/\",\"logo\":{\"@type\":\"ImageObject\",\"inLanguage\":\"en-US\",\"@id\":\"https:\\\/\\\/anadolupet.com.tr\\\/#\\\/schema\\\/logo\\\/image\\\/\",\"url\":\"https:\\\/\\\/anadolupet.com.tr\\\/wp-content\\\/uploads\\\/2026\\\/03\\\/1614666743370.jpg\",\"contentUrl\":\"https:\\\/\\\/anadolupet.com.tr\\\/wp-content\\\/uploads\\\/2026\\\/03\\\/1614666743370.jpg\",\"width\":800,\"height\":571,\"caption\":\"Anadolu Pet Grup\"},\"image\":{\"@id\":\"https:\\\/\\\/anadolupet.com.tr\\\/#\\\/schema\\\/logo\\\/image\\\/\"}}]}<\/script>\n<!-- \/ Yoast SEO plugin. -->","yoast_head_json":{"title":"EHEIM Universal 300 (1046) Kafa Motoru - Anadolu Pet Grup","robots":{"index":"index","follow":"follow","max-snippet":"max-snippet:-1","max-image-preview":"max-image-preview:large","max-video-preview":"max-video-preview:-1"},"canonical":"https:\/\/anadolupet.com.tr\/en\/product\/eheim-universal-300-1046-kafa-motoru\/","og_locale":"en_US","og_type":"article","og_title":"EHEIM Universal 300 (1046) Kafa Motoru - Anadolu Pet Grup","og_description":"EHEIM Universal Pompa serisi, geni\u015f performans aral\u0131\u011f\u0131 ve \u00e7ok y\u00f6nl\u00fc kullan\u0131m imk\u00e2n\u0131 sunar. Dayan\u0131kl\u0131l\u0131\u011f\u0131 ve uzun \u00f6m\u00fcrl\u00fc yap\u0131s\u0131yla profesyonel ortamlarda (\u00f6rne\u011fin \u00fcretim tesisleri ve hayvanat bah\u00e7eleri) s\u0131kl\u0131kla tercih edilir. Hem su i\u00e7inde hem de su d\u0131\u015f\u0131nda kullan\u0131labilir. Entegre \u00f6n filtre, pervaneyi partik\u00fcllerden koruyarak pompan\u0131n \u00f6mr\u00fcn\u00fc uzat\u0131r. G\u00fcvenli hortum ba\u011flant\u0131lar\u0131, \u00e7e\u015fitli ba\u011flant\u0131 ve sabitleme se\u00e7enekleri ile kullan\u0131m kolayl\u0131\u011f\u0131 sa\u011flar. Model Se\u00e7enekleri 5 farkl\u0131 model \u2192 300 l\/saat\u2019ten 3400 l\/saat\u2019e kadar \u00e7\u0131k\u0131\u015f g\u00fcc\u00fc Esnek hobi pompas\u0131 \u2192 270 l\/saat \u00e7\u0131k\u0131\u015f g\u00fcc\u00fc Her model i\u00e7in 1,7 m veya 10 m kablo se\u00e7ene\u011fi Avantajlar ve \u00d6zellikler Geni\u015f performans spektrumu \u2013 uzun \u00f6m\u00fcr i\u00e7in geli\u015ftirilmi\u015f Su i\u00e7inde veya d\u0131\u015f\u0131nda kullan\u0131m imk\u00e2n\u0131 Hermetik kapl\u0131 motor \u2013 tam g\u00fcvenlik sa\u011flar Entegre \u00f6n filtre \u2013 pervaneyi korur, servis \u00f6mr\u00fcn\u00fc uzat\u0131r G\u00fcvenli hortum ba\u011flant\u0131lar\u0131 Ak\u0131ll\u0131 aksesuar uyumlulu\u011fu (\u00f6r. InstallationsSET 2 \u00e7\u0131k\u0131\u015fa tak\u0131labilir) \u00c7e\u015fitli sabitleme se\u00e7enekleri \u2013 montaj plakas\u0131 dahil Kablo se\u00e7enekleri: 1,7 m veya 10 m","og_url":"https:\/\/anadolupet.com.tr\/en\/product\/eheim-universal-300-1046-kafa-motoru\/","og_site_name":"Anadolu Pet Grup","article_modified_time":"2026-02-23T12:48:28+00:00","og_image":[{"width":750,"height":750,"url":"https:\/\/anadolupet.com.tr\/wp-content\/uploads\/2026\/02\/105-1046219.jpg","type":"image\/jpeg"}],"twitter_card":"summary_large_image","schema":{"@context":"https:\/\/schema.org","@graph":[{"@type":"WebPage","@id":"https:\/\/anadolupet.com.tr\/urun\/eheim-universal-300-1046-kafa-motoru\/","url":"https:\/\/anadolupet.com.tr\/urun\/eheim-universal-300-1046-kafa-motoru\/","name":"EHEIM Universal 300 (1046) Kafa Motoru - Anadolu Pet Grup","isPartOf":{"@id":"https:\/\/anadolupet.com.tr\/#website"},"primaryImageOfPage":{"@id":"https:\/\/anadolupet.com.tr\/urun\/eheim-universal-300-1046-kafa-motoru\/#primaryimage"},"image":{"@id":"https:\/\/anadolupet.com.tr\/urun\/eheim-universal-300-1046-kafa-motoru\/#primaryimage"},"thumbnailUrl":"https:\/\/anadolupet.com.tr\/wp-content\/uploads\/2026\/02\/105-1046219.jpg","datePublished":"2026-02-14T14:40:46+00:00","dateModified":"2026-02-23T12:48:28+00:00","breadcrumb":{"@id":"https:\/\/anadolupet.com.tr\/urun\/eheim-universal-300-1046-kafa-motoru\/#breadcrumb"},"inLanguage":"en-US","potentialAction":[{"@type":"ReadAction","target":["https:\/\/anadolupet.com.tr\/urun\/eheim-universal-300-1046-kafa-motoru\/"]}]},{"@type":"ImageObject","inLanguage":"en-US","@id":"https:\/\/anadolupet.com.tr\/urun\/eheim-universal-300-1046-kafa-motoru\/#primaryimage","url":"https:\/\/anadolupet.com.tr\/wp-content\/uploads\/2026\/02\/105-1046219.jpg","contentUrl":"https:\/\/anadolupet.com.tr\/wp-content\/uploads\/2026\/02\/105-1046219.jpg","width":750,"height":750},{"@type":"BreadcrumbList","@id":"https:\/\/anadolupet.com.tr\/urun\/eheim-universal-300-1046-kafa-motoru\/#breadcrumb","itemListElement":[{"@type":"ListItem","position":1,"name":"Anasayfa","item":"https:\/\/anadolupet.com.tr\/"},{"@type":"ListItem","position":2,"name":"\u00dcr\u00fcnler","item":"https:\/\/anadolupet.com.tr\/urunler\/"},{"@type":"ListItem","position":3,"name":"EHEIM Universal 300 (1046) Kafa Motoru"}]},{"@type":"WebSite","@id":"https:\/\/anadolupet.com.tr\/#website","url":"https:\/\/anadolupet.com.tr\/","name":"Anadolu Pet Group","description":"We Stand Together for the Well-Being of Every Life","publisher":{"@id":"https:\/\/anadolupet.com.tr\/#organization"},"potentialAction":[{"@type":"SearchAction","target":{"@type":"EntryPoint","urlTemplate":"https:\/\/anadolupet.com.tr\/?s={search_term_string}"},"query-input":{"@type":"PropertyValueSpecification","valueRequired":true,"valueName":"search_term_string"}}],"inLanguage":"en-US"},{"@type":"Organization","@id":"https:\/\/anadolupet.com.tr\/#organization","name":"Anadolu Pet Group","alternateName":"Anadolu Pet","url":"https:\/\/anadolupet.com.tr\/","logo":{"@type":"ImageObject","inLanguage":"en-US","@id":"https:\/\/anadolupet.com.tr\/#\/schema\/logo\/image\/","url":"https:\/\/anadolupet.com.tr\/wp-content\/uploads\/2026\/03\/1614666743370.jpg","contentUrl":"https:\/\/anadolupet.com.tr\/wp-content\/uploads\/2026\/03\/1614666743370.jpg","width":800,"height":571,"caption":"Anadolu Pet Grup"},"image":{"@id":"https:\/\/anadolupet.com.tr\/#\/schema\/logo\/image\/"}}]}},"_links":{"self":[{"href":"https:\/\/anadolupet.com.tr\/en\/wp-json\/wp\/v2\/product\/45158","targetHints":{"allow":["GET"]}}],"collection":[{"href":"https:\/\/anadolupet.com.tr\/en\/wp-json\/wp\/v2\/product"}],"about":[{"href":"https:\/\/anadolupet.com.tr\/en\/wp-json\/wp\/v2\/types\/product"}],"replies":[{"embeddable":true,"href":"https:\/\/anadolupet.com.tr\/en\/wp-json\/wp\/v2\/comments?post=45158"}],"wp:featuredmedia":[{"embeddable":true,"href":"https:\/\/anadolupet.com.tr\/en\/wp-json\/wp\/v2\/media\/42276"}],"wp:attachment":[{"href":"https:\/\/anadolupet.com.tr\/en\/wp-json\/wp\/v2\/media?parent=45158"}],"wp:term":[{"taxonomy":"product_brand","embeddable":true,"href":"https:\/\/anadolupet.com.tr\/en\/wp-json\/wp\/v2\/product_brand?post=45158"},{"taxonomy":"product_cat","embeddable":true,"href":"https:\/\/anadolupet.com.tr\/en\/wp-json\/wp\/v2\/product_cat?post=45158"},{"taxonomy":"product_tag","embeddable":true,"href":"https:\/\/anadolupet.com.tr\/en\/wp-json\/wp\/v2\/product_tag?post=45158"}],"curies":[{"name":"wp","href":"https:\/\/api.w.org\/{rel}","templated":true}]}}