{"id":45162,"date":"2026-02-14T14:40:46","date_gmt":"2026-02-14T14:40:46","guid":{"rendered":"https:\/\/anadolupet.com.tr\/?post_type=product&#038;p=45162"},"modified":"2026-02-23T12:48:28","modified_gmt":"2026-02-23T12:48:28","slug":"eheim-universal-pervane-contasi-1260","status":"publish","type":"product","link":"https:\/\/anadolupet.com.tr\/en\/urun\/eheim-universal-pervane-contasi-1260\/","title":{"rendered":"EHEIM Universal Pervane Contas\u0131 (1260)"},"content":{"rendered":"","protected":false},"excerpt":{"rendered":"<p>EHEIM conta seti (sealing ring, 2 pcs.), Universal 2400 \/ 3400 \/ 4500 pompalar\u0131 i\u00e7in \u00f6zel olarak \u00fcretilmi\u015f orijinal yedek par\u00e7ad\u0131r. Pompa ba\u011flant\u0131 noktalar\u0131nda tam s\u0131zd\u0131rmazl\u0131k sa\u011flayarak su ka\u00e7a\u011f\u0131n\u0131 \u00f6nler ve cihaz\u0131n g\u00fcvenli, verimli \u015fekilde \u00e7al\u0131\u015fmas\u0131n\u0131 garanti eder.<br \/>\nNot: Bu \u00fcr\u00fcn yaln\u0131zca pervane tak\u0131m\u0131 i\u00e7in contad\u0131r, mil dahil de\u011fildir.<\/p>\n<p>Avantajlar ve \u00d6zellikler<br \/>\nOrijinal EHEIM yedek par\u00e7a \u2013 tam uyum ve g\u00fcvenilirlik<br \/>\nUniversal 2400, 3400 ve 4500 pompalar i\u00e7in \u00f6zel tasar\u0131m<br \/>\nPaket i\u00e7erisinde 2 adet conta bulunur<br \/>\nPompa ba\u011flant\u0131lar\u0131nda tam s\u0131zd\u0131rmazl\u0131k sa\u011flar<br \/>\nSu ka\u00e7a\u011f\u0131n\u0131 \u00f6nler \u2013 pompan\u0131n g\u00fcvenli \u00e7al\u0131\u015fmas\u0131n\u0131 destekler<br \/>\nDayan\u0131kl\u0131 kau\u00e7uk malzeme \u2013 uzun \u00f6m\u00fcrl\u00fc kullan\u0131m<br \/>\nMontaj\u0131 kolayd\u0131r<\/p>","protected":false},"featured_media":42596,"comment_status":"open","ping_status":"closed","template":"","meta":{"_acf_changed":false},"product_brand":[],"product_cat":[2380],"product_tag":[],"class_list":{"0":"post-45162","1":"product","2":"type-product","3":"status-publish","4":"has-post-thumbnail","6":"product_cat-contalar","8":"first","9":"instock","10":"shipping-taxable","11":"product-type-simple"},"acf":[],"yoast_head":"<!-- This site is optimized with the Yoast SEO plugin v27.5 - https:\/\/yoast.com\/product\/yoast-seo-wordpress\/ -->\n<title>EHEIM Universal Pervane Contas\u0131 (1260) - Anadolu Pet Grup<\/title>\n<meta name=\"robots\" content=\"index, follow, max-snippet:-1, max-image-preview:large, max-video-preview:-1\" \/>\n<link rel=\"canonical\" href=\"https:\/\/anadolupet.com.tr\/en\/product\/eheim-universal-pervane-contasi-1260\/\" \/>\n<meta property=\"og:locale\" content=\"en_US\" \/>\n<meta property=\"og:type\" content=\"article\" \/>\n<meta property=\"og:title\" content=\"EHEIM Universal Pervane Contas\u0131 (1260) - Anadolu Pet Grup\" \/>\n<meta property=\"og:description\" content=\"EHEIM conta seti (sealing ring, 2 pcs.), Universal 2400 \/ 3400 \/ 4500 pompalar\u0131 i\u00e7in \u00f6zel olarak \u00fcretilmi\u015f orijinal yedek par\u00e7ad\u0131r. Pompa ba\u011flant\u0131 noktalar\u0131nda tam s\u0131zd\u0131rmazl\u0131k sa\u011flayarak su ka\u00e7a\u011f\u0131n\u0131 \u00f6nler ve cihaz\u0131n g\u00fcvenli, verimli \u015fekilde \u00e7al\u0131\u015fmas\u0131n\u0131 garanti eder. Not: Bu \u00fcr\u00fcn yaln\u0131zca pervane tak\u0131m\u0131 i\u00e7in contad\u0131r, mil dahil de\u011fildir. Avantajlar ve \u00d6zellikler Orijinal EHEIM yedek par\u00e7a \u2013 tam uyum ve g\u00fcvenilirlik Universal 2400, 3400 ve 4500 pompalar i\u00e7in \u00f6zel tasar\u0131m Paket i\u00e7erisinde 2 adet conta bulunur Pompa ba\u011flant\u0131lar\u0131nda tam s\u0131zd\u0131rmazl\u0131k sa\u011flar Su ka\u00e7a\u011f\u0131n\u0131 \u00f6nler \u2013 pompan\u0131n g\u00fcvenli \u00e7al\u0131\u015fmas\u0131n\u0131 destekler Dayan\u0131kl\u0131 kau\u00e7uk malzeme \u2013 uzun \u00f6m\u00fcrl\u00fc kullan\u0131m Montaj\u0131 kolayd\u0131r\" \/>\n<meta property=\"og:url\" content=\"https:\/\/anadolupet.com.tr\/en\/product\/eheim-universal-pervane-contasi-1260\/\" \/>\n<meta property=\"og:site_name\" content=\"Anadolu Pet Grup\" \/>\n<meta property=\"article:modified_time\" content=\"2026-02-23T12:48:28+00:00\" \/>\n<meta property=\"og:image\" content=\"https:\/\/anadolupet.com.tr\/wp-content\/uploads\/2026\/02\/110-7269350.jpg\" \/>\n\t<meta property=\"og:image:width\" content=\"750\" \/>\n\t<meta property=\"og:image:height\" content=\"750\" \/>\n\t<meta property=\"og:image:type\" content=\"image\/jpeg\" \/>\n<meta name=\"twitter:card\" content=\"summary_large_image\" \/>\n<script type=\"application\/ld+json\" class=\"yoast-schema-graph\">{\"@context\":\"https:\\\/\\\/schema.org\",\"@graph\":[{\"@type\":\"WebPage\",\"@id\":\"https:\\\/\\\/anadolupet.com.tr\\\/urun\\\/eheim-universal-pervane-contasi-1260\\\/\",\"url\":\"https:\\\/\\\/anadolupet.com.tr\\\/urun\\\/eheim-universal-pervane-contasi-1260\\\/\",\"name\":\"EHEIM Universal Pervane Contas\u0131 (1260) - Anadolu Pet Grup\",\"isPartOf\":{\"@id\":\"https:\\\/\\\/anadolupet.com.tr\\\/#website\"},\"primaryImageOfPage\":{\"@id\":\"https:\\\/\\\/anadolupet.com.tr\\\/urun\\\/eheim-universal-pervane-contasi-1260\\\/#primaryimage\"},\"image\":{\"@id\":\"https:\\\/\\\/anadolupet.com.tr\\\/urun\\\/eheim-universal-pervane-contasi-1260\\\/#primaryimage\"},\"thumbnailUrl\":\"https:\\\/\\\/anadolupet.com.tr\\\/wp-content\\\/uploads\\\/2026\\\/02\\\/110-7269350.jpg\",\"datePublished\":\"2026-02-14T14:40:46+00:00\",\"dateModified\":\"2026-02-23T12:48:28+00:00\",\"breadcrumb\":{\"@id\":\"https:\\\/\\\/anadolupet.com.tr\\\/urun\\\/eheim-universal-pervane-contasi-1260\\\/#breadcrumb\"},\"inLanguage\":\"en-US\",\"potentialAction\":[{\"@type\":\"ReadAction\",\"target\":[\"https:\\\/\\\/anadolupet.com.tr\\\/urun\\\/eheim-universal-pervane-contasi-1260\\\/\"]}]},{\"@type\":\"ImageObject\",\"inLanguage\":\"en-US\",\"@id\":\"https:\\\/\\\/anadolupet.com.tr\\\/urun\\\/eheim-universal-pervane-contasi-1260\\\/#primaryimage\",\"url\":\"https:\\\/\\\/anadolupet.com.tr\\\/wp-content\\\/uploads\\\/2026\\\/02\\\/110-7269350.jpg\",\"contentUrl\":\"https:\\\/\\\/anadolupet.com.tr\\\/wp-content\\\/uploads\\\/2026\\\/02\\\/110-7269350.jpg\",\"width\":750,\"height\":750},{\"@type\":\"BreadcrumbList\",\"@id\":\"https:\\\/\\\/anadolupet.com.tr\\\/urun\\\/eheim-universal-pervane-contasi-1260\\\/#breadcrumb\",\"itemListElement\":[{\"@type\":\"ListItem\",\"position\":1,\"name\":\"Anasayfa\",\"item\":\"https:\\\/\\\/anadolupet.com.tr\\\/\"},{\"@type\":\"ListItem\",\"position\":2,\"name\":\"\u00dcr\u00fcnler\",\"item\":\"https:\\\/\\\/anadolupet.com.tr\\\/urunler\\\/\"},{\"@type\":\"ListItem\",\"position\":3,\"name\":\"EHEIM Universal Pervane Contas\u0131 (1260)\"}]},{\"@type\":\"WebSite\",\"@id\":\"https:\\\/\\\/anadolupet.com.tr\\\/#website\",\"url\":\"https:\\\/\\\/anadolupet.com.tr\\\/\",\"name\":\"Anadolu Pet Grup\",\"description\":\"Her Can\u0131n \u0130yi Ya\u015fam\u0131 \u0130\u00e7in Biraraday\u0131z\",\"publisher\":{\"@id\":\"https:\\\/\\\/anadolupet.com.tr\\\/#organization\"},\"potentialAction\":[{\"@type\":\"SearchAction\",\"target\":{\"@type\":\"EntryPoint\",\"urlTemplate\":\"https:\\\/\\\/anadolupet.com.tr\\\/?s={search_term_string}\"},\"query-input\":{\"@type\":\"PropertyValueSpecification\",\"valueRequired\":true,\"valueName\":\"search_term_string\"}}],\"inLanguage\":\"en-US\"},{\"@type\":\"Organization\",\"@id\":\"https:\\\/\\\/anadolupet.com.tr\\\/#organization\",\"name\":\"Anadolu Pet Grup\",\"alternateName\":\"Anadolu Pet\",\"url\":\"https:\\\/\\\/anadolupet.com.tr\\\/\",\"logo\":{\"@type\":\"ImageObject\",\"inLanguage\":\"en-US\",\"@id\":\"https:\\\/\\\/anadolupet.com.tr\\\/#\\\/schema\\\/logo\\\/image\\\/\",\"url\":\"https:\\\/\\\/anadolupet.com.tr\\\/wp-content\\\/uploads\\\/2026\\\/03\\\/1614666743370.jpg\",\"contentUrl\":\"https:\\\/\\\/anadolupet.com.tr\\\/wp-content\\\/uploads\\\/2026\\\/03\\\/1614666743370.jpg\",\"width\":800,\"height\":571,\"caption\":\"Anadolu Pet Grup\"},\"image\":{\"@id\":\"https:\\\/\\\/anadolupet.com.tr\\\/#\\\/schema\\\/logo\\\/image\\\/\"}}]}<\/script>\n<!-- \/ Yoast SEO plugin. -->","yoast_head_json":{"title":"EHEIM Universal Pervane Contas\u0131 (1260) - Anadolu Pet Grup","robots":{"index":"index","follow":"follow","max-snippet":"max-snippet:-1","max-image-preview":"max-image-preview:large","max-video-preview":"max-video-preview:-1"},"canonical":"https:\/\/anadolupet.com.tr\/en\/product\/eheim-universal-pervane-contasi-1260\/","og_locale":"en_US","og_type":"article","og_title":"EHEIM Universal Pervane Contas\u0131 (1260) - Anadolu Pet Grup","og_description":"EHEIM conta seti (sealing ring, 2 pcs.), Universal 2400 \/ 3400 \/ 4500 pompalar\u0131 i\u00e7in \u00f6zel olarak \u00fcretilmi\u015f orijinal yedek par\u00e7ad\u0131r. Pompa ba\u011flant\u0131 noktalar\u0131nda tam s\u0131zd\u0131rmazl\u0131k sa\u011flayarak su ka\u00e7a\u011f\u0131n\u0131 \u00f6nler ve cihaz\u0131n g\u00fcvenli, verimli \u015fekilde \u00e7al\u0131\u015fmas\u0131n\u0131 garanti eder. Not: Bu \u00fcr\u00fcn yaln\u0131zca pervane tak\u0131m\u0131 i\u00e7in contad\u0131r, mil dahil de\u011fildir. Avantajlar ve \u00d6zellikler Orijinal EHEIM yedek par\u00e7a \u2013 tam uyum ve g\u00fcvenilirlik Universal 2400, 3400 ve 4500 pompalar i\u00e7in \u00f6zel tasar\u0131m Paket i\u00e7erisinde 2 adet conta bulunur Pompa ba\u011flant\u0131lar\u0131nda tam s\u0131zd\u0131rmazl\u0131k sa\u011flar Su ka\u00e7a\u011f\u0131n\u0131 \u00f6nler \u2013 pompan\u0131n g\u00fcvenli \u00e7al\u0131\u015fmas\u0131n\u0131 destekler Dayan\u0131kl\u0131 kau\u00e7uk malzeme \u2013 uzun \u00f6m\u00fcrl\u00fc kullan\u0131m Montaj\u0131 kolayd\u0131r","og_url":"https:\/\/anadolupet.com.tr\/en\/product\/eheim-universal-pervane-contasi-1260\/","og_site_name":"Anadolu Pet Grup","article_modified_time":"2026-02-23T12:48:28+00:00","og_image":[{"width":750,"height":750,"url":"https:\/\/anadolupet.com.tr\/wp-content\/uploads\/2026\/02\/110-7269350.jpg","type":"image\/jpeg"}],"twitter_card":"summary_large_image","schema":{"@context":"https:\/\/schema.org","@graph":[{"@type":"WebPage","@id":"https:\/\/anadolupet.com.tr\/urun\/eheim-universal-pervane-contasi-1260\/","url":"https:\/\/anadolupet.com.tr\/urun\/eheim-universal-pervane-contasi-1260\/","name":"EHEIM Universal Pervane Contas\u0131 (1260) - Anadolu Pet Grup","isPartOf":{"@id":"https:\/\/anadolupet.com.tr\/#website"},"primaryImageOfPage":{"@id":"https:\/\/anadolupet.com.tr\/urun\/eheim-universal-pervane-contasi-1260\/#primaryimage"},"image":{"@id":"https:\/\/anadolupet.com.tr\/urun\/eheim-universal-pervane-contasi-1260\/#primaryimage"},"thumbnailUrl":"https:\/\/anadolupet.com.tr\/wp-content\/uploads\/2026\/02\/110-7269350.jpg","datePublished":"2026-02-14T14:40:46+00:00","dateModified":"2026-02-23T12:48:28+00:00","breadcrumb":{"@id":"https:\/\/anadolupet.com.tr\/urun\/eheim-universal-pervane-contasi-1260\/#breadcrumb"},"inLanguage":"en-US","potentialAction":[{"@type":"ReadAction","target":["https:\/\/anadolupet.com.tr\/urun\/eheim-universal-pervane-contasi-1260\/"]}]},{"@type":"ImageObject","inLanguage":"en-US","@id":"https:\/\/anadolupet.com.tr\/urun\/eheim-universal-pervane-contasi-1260\/#primaryimage","url":"https:\/\/anadolupet.com.tr\/wp-content\/uploads\/2026\/02\/110-7269350.jpg","contentUrl":"https:\/\/anadolupet.com.tr\/wp-content\/uploads\/2026\/02\/110-7269350.jpg","width":750,"height":750},{"@type":"BreadcrumbList","@id":"https:\/\/anadolupet.com.tr\/urun\/eheim-universal-pervane-contasi-1260\/#breadcrumb","itemListElement":[{"@type":"ListItem","position":1,"name":"Anasayfa","item":"https:\/\/anadolupet.com.tr\/"},{"@type":"ListItem","position":2,"name":"\u00dcr\u00fcnler","item":"https:\/\/anadolupet.com.tr\/urunler\/"},{"@type":"ListItem","position":3,"name":"EHEIM Universal Pervane Contas\u0131 (1260)"}]},{"@type":"WebSite","@id":"https:\/\/anadolupet.com.tr\/#website","url":"https:\/\/anadolupet.com.tr\/","name":"Anadolu Pet Group","description":"We Stand Together for the Well-Being of Every Life","publisher":{"@id":"https:\/\/anadolupet.com.tr\/#organization"},"potentialAction":[{"@type":"SearchAction","target":{"@type":"EntryPoint","urlTemplate":"https:\/\/anadolupet.com.tr\/?s={search_term_string}"},"query-input":{"@type":"PropertyValueSpecification","valueRequired":true,"valueName":"search_term_string"}}],"inLanguage":"en-US"},{"@type":"Organization","@id":"https:\/\/anadolupet.com.tr\/#organization","name":"Anadolu Pet Group","alternateName":"Anadolu Pet","url":"https:\/\/anadolupet.com.tr\/","logo":{"@type":"ImageObject","inLanguage":"en-US","@id":"https:\/\/anadolupet.com.tr\/#\/schema\/logo\/image\/","url":"https:\/\/anadolupet.com.tr\/wp-content\/uploads\/2026\/03\/1614666743370.jpg","contentUrl":"https:\/\/anadolupet.com.tr\/wp-content\/uploads\/2026\/03\/1614666743370.jpg","width":800,"height":571,"caption":"Anadolu Pet Grup"},"image":{"@id":"https:\/\/anadolupet.com.tr\/#\/schema\/logo\/image\/"}}]}},"_links":{"self":[{"href":"https:\/\/anadolupet.com.tr\/en\/wp-json\/wp\/v2\/product\/45162","targetHints":{"allow":["GET"]}}],"collection":[{"href":"https:\/\/anadolupet.com.tr\/en\/wp-json\/wp\/v2\/product"}],"about":[{"href":"https:\/\/anadolupet.com.tr\/en\/wp-json\/wp\/v2\/types\/product"}],"replies":[{"embeddable":true,"href":"https:\/\/anadolupet.com.tr\/en\/wp-json\/wp\/v2\/comments?post=45162"}],"wp:featuredmedia":[{"embeddable":true,"href":"https:\/\/anadolupet.com.tr\/en\/wp-json\/wp\/v2\/media\/42596"}],"wp:attachment":[{"href":"https:\/\/anadolupet.com.tr\/en\/wp-json\/wp\/v2\/media?parent=45162"}],"wp:term":[{"taxonomy":"product_brand","embeddable":true,"href":"https:\/\/anadolupet.com.tr\/en\/wp-json\/wp\/v2\/product_brand?post=45162"},{"taxonomy":"product_cat","embeddable":true,"href":"https:\/\/anadolupet.com.tr\/en\/wp-json\/wp\/v2\/product_cat?post=45162"},{"taxonomy":"product_tag","embeddable":true,"href":"https:\/\/anadolupet.com.tr\/en\/wp-json\/wp\/v2\/product_tag?post=45162"}],"curies":[{"name":"wp","href":"https:\/\/api.w.org\/{rel}","templated":true}]}}