{"id":45164,"date":"2026-02-14T14:40:46","date_gmt":"2026-02-14T14:40:46","guid":{"rendered":"https:\/\/anadolupet.com.tr\/?post_type=product&#038;p=45164"},"modified":"2026-02-23T12:48:28","modified_gmt":"2026-02-23T12:48:28","slug":"eheim-uzun-sureli-co2-test-kiti","status":"publish","type":"product","link":"https:\/\/anadolupet.com.tr\/en\/urun\/eheim-uzun-sureli-co2-test-kiti\/","title":{"rendered":"EHEIM Uzun S\u00fcreli CO2 Test Kiti"},"content":{"rendered":"","protected":false},"excerpt":{"rendered":"<p>Akvaryumda CO2 i\u00e7eri\u011fini s\u00fcrekli takip etmek b\u00fcy\u00fck \u00f6nem ta\u015f\u0131r \u00e7\u00fcnk\u00fc suyun pH de\u011feri do\u011frudan CO2 miktar\u0131ndan etkilenir. EHEIM CO2 Uzun S\u00fcreli Test Seti, akvaryum suyundaki CO2 seviyesini g\u00fcvenilir \u015fekilde \u00f6l\u00e7mek i\u00e7in gerekli t\u00fcm bile\u015fenleri i\u00e7erir: uzun s\u00fcreli test aparat\u0131, indikat\u00f6r s\u0131v\u0131s\u0131 ve su test stripleri.<\/p>\n<p>Test aparat\u0131 akvaryum cam\u0131na vantuz ile sabitlenir, i\u015faretli seviyeye kadar akvaryum suyu (yakla\u015f\u0131k 1 ml) eklenir ve \u00fczerine 4 damla indikat\u00f6r s\u0131v\u0131s\u0131 damlat\u0131l\u0131r. Renk de\u011fi\u015fimi g\u00f6zlemlendikten sonra renk skalas\u0131 ile kar\u015f\u0131la\u015ft\u0131r\u0131l\u0131r. Karbonat sertli\u011fine (dKH) ba\u011fl\u0131 olarak skalada ilgili pH de\u011ferleri g\u00f6r\u00fcnt\u00fclenir.<\/p>\n<p>Avantajlar ve \u00d6zellikler<br \/>\nEHEIM uzun s\u00fcreli test aparat\u0131 \u2013 vantuz ile kolay sabitleme<br \/>\n\u0130ndikat\u00f6r s\u0131v\u0131s\u0131 (10 ml) \u2013 yakla\u015f\u0131k 90 kullan\u0131m (her seferinde 4 damla)<br \/>\n3 \u00d7 5 multi test stripleri \u2013 ba\u015flang\u0131\u00e7 su de\u011ferlerinin analizi ve CO2 g\u00fcbrelemesi i\u00e7in \u00f6nemli olan karbonat sertli\u011finin (dKH) belirlenmesi<br \/>\nY\u00fcksek kalite \u2013 g\u00fcvenilir \u00f6l\u00e7\u00fcm sonu\u00e7lar\u0131<br \/>\nMade in Germany \u2013 Alman m\u00fchendisli\u011fi ve g\u00fcvenilirlik<br \/>\nEHEIM CO2 \u0130ndikat\u00f6r S\u0131v\u0131s\u0131 \u2013 Uzun S\u00fcreli Test \u0130\u00e7in<br \/>\n10 ml \u015fi\u015fe<br \/>\nYakla\u015f\u0131k 90 uygulama (her test i\u00e7in 4 damla)<\/p>\n<p>EHEIM TEST \u2013 5 in 1<br \/>\n5 \u00d7 multi su test stripleri<\/p>\n<p>Akvaryum ve havuzlarda en \u00f6nemli 5 su de\u011ferinin h\u0131zl\u0131 ve kolay \u00f6l\u00e7\u00fcm\u00fc:<\/p>\n<p>NO2 (Nitrit)<br \/>\nNO3 (Nitrat)<br \/>\nGH (Toplam sertlik)<br \/>\nKH (Karbonat sertli\u011fi)<br \/>\npH (asitlik\/bazl\u0131k de\u011feri)<\/p>","protected":false},"featured_media":42505,"comment_status":"open","ping_status":"closed","template":"","meta":{"_acf_changed":false},"product_brand":[],"product_cat":[2411],"product_tag":[],"class_list":{"0":"post-45164","1":"product","2":"type-product","3":"status-publish","4":"has-post-thumbnail","6":"product_cat-su-olcum-testleri","8":"first","9":"instock","10":"shipping-taxable","11":"product-type-simple"},"acf":[],"yoast_head":"<!-- This site is optimized with the Yoast SEO plugin v27.5 - https:\/\/yoast.com\/product\/yoast-seo-wordpress\/ -->\n<title>EHEIM Uzun S\u00fcreli CO2 Test Kiti - Anadolu Pet Grup<\/title>\n<meta name=\"robots\" content=\"index, follow, max-snippet:-1, max-image-preview:large, max-video-preview:-1\" \/>\n<link rel=\"canonical\" href=\"https:\/\/anadolupet.com.tr\/en\/product\/eheim-uzun-sureli-co2-test-kiti\/\" \/>\n<meta property=\"og:locale\" content=\"en_US\" \/>\n<meta property=\"og:type\" content=\"article\" \/>\n<meta property=\"og:title\" content=\"EHEIM Uzun S\u00fcreli CO2 Test Kiti - Anadolu Pet Grup\" \/>\n<meta property=\"og:description\" content=\"Akvaryumda CO2 i\u00e7eri\u011fini s\u00fcrekli takip etmek b\u00fcy\u00fck \u00f6nem ta\u015f\u0131r \u00e7\u00fcnk\u00fc suyun pH de\u011feri do\u011frudan CO2 miktar\u0131ndan etkilenir. EHEIM CO2 Uzun S\u00fcreli Test Seti, akvaryum suyundaki CO2 seviyesini g\u00fcvenilir \u015fekilde \u00f6l\u00e7mek i\u00e7in gerekli t\u00fcm bile\u015fenleri i\u00e7erir: uzun s\u00fcreli test aparat\u0131, indikat\u00f6r s\u0131v\u0131s\u0131 ve su test stripleri. Test aparat\u0131 akvaryum cam\u0131na vantuz ile sabitlenir, i\u015faretli seviyeye kadar akvaryum suyu (yakla\u015f\u0131k 1 ml) eklenir ve \u00fczerine 4 damla indikat\u00f6r s\u0131v\u0131s\u0131 damlat\u0131l\u0131r. Renk de\u011fi\u015fimi g\u00f6zlemlendikten sonra renk skalas\u0131 ile kar\u015f\u0131la\u015ft\u0131r\u0131l\u0131r. Karbonat sertli\u011fine (dKH) ba\u011fl\u0131 olarak skalada ilgili pH de\u011ferleri g\u00f6r\u00fcnt\u00fclenir. Avantajlar ve \u00d6zellikler EHEIM uzun s\u00fcreli test aparat\u0131 \u2013 vantuz ile kolay sabitleme \u0130ndikat\u00f6r s\u0131v\u0131s\u0131 (10 ml) \u2013 yakla\u015f\u0131k 90 kullan\u0131m (her seferinde 4 damla) 3 \u00d7 5 multi test stripleri \u2013 ba\u015flang\u0131\u00e7 su de\u011ferlerinin analizi ve CO2 g\u00fcbrelemesi i\u00e7in \u00f6nemli olan karbonat sertli\u011finin (dKH) belirlenmesi Y\u00fcksek kalite \u2013 g\u00fcvenilir \u00f6l\u00e7\u00fcm sonu\u00e7lar\u0131 Made in Germany \u2013 Alman m\u00fchendisli\u011fi ve g\u00fcvenilirlik EHEIM CO2 \u0130ndikat\u00f6r S\u0131v\u0131s\u0131 \u2013 Uzun S\u00fcreli Test \u0130\u00e7in 10 ml \u015fi\u015fe Yakla\u015f\u0131k 90 uygulama (her test i\u00e7in 4 damla) EHEIM TEST \u2013 5 in 1 5 \u00d7 multi su test stripleri Akvaryum ve havuzlarda en \u00f6nemli 5 su de\u011ferinin h\u0131zl\u0131 ve kolay \u00f6l\u00e7\u00fcm\u00fc: NO2 (Nitrit) NO3 (Nitrat) GH (Toplam sertlik) KH (Karbonat sertli\u011fi) pH (asitlik\/bazl\u0131k de\u011feri)\" \/>\n<meta property=\"og:url\" content=\"https:\/\/anadolupet.com.tr\/en\/product\/eheim-uzun-sureli-co2-test-kiti\/\" \/>\n<meta property=\"og:site_name\" content=\"Anadolu Pet Grup\" \/>\n<meta property=\"article:modified_time\" content=\"2026-02-23T12:48:28+00:00\" \/>\n<meta property=\"og:image\" content=\"https:\/\/anadolupet.com.tr\/wp-content\/uploads\/2026\/02\/105-6063090.jpg\" \/>\n\t<meta property=\"og:image:width\" content=\"750\" \/>\n\t<meta property=\"og:image:height\" content=\"750\" \/>\n\t<meta property=\"og:image:type\" content=\"image\/jpeg\" \/>\n<meta name=\"twitter:card\" content=\"summary_large_image\" \/>\n<script type=\"application\/ld+json\" class=\"yoast-schema-graph\">{\"@context\":\"https:\\\/\\\/schema.org\",\"@graph\":[{\"@type\":\"WebPage\",\"@id\":\"https:\\\/\\\/anadolupet.com.tr\\\/urun\\\/eheim-uzun-sureli-co2-test-kiti\\\/\",\"url\":\"https:\\\/\\\/anadolupet.com.tr\\\/urun\\\/eheim-uzun-sureli-co2-test-kiti\\\/\",\"name\":\"EHEIM Uzun S\u00fcreli CO2 Test Kiti - Anadolu Pet Grup\",\"isPartOf\":{\"@id\":\"https:\\\/\\\/anadolupet.com.tr\\\/#website\"},\"primaryImageOfPage\":{\"@id\":\"https:\\\/\\\/anadolupet.com.tr\\\/urun\\\/eheim-uzun-sureli-co2-test-kiti\\\/#primaryimage\"},\"image\":{\"@id\":\"https:\\\/\\\/anadolupet.com.tr\\\/urun\\\/eheim-uzun-sureli-co2-test-kiti\\\/#primaryimage\"},\"thumbnailUrl\":\"https:\\\/\\\/anadolupet.com.tr\\\/wp-content\\\/uploads\\\/2026\\\/02\\\/105-6063090.jpg\",\"datePublished\":\"2026-02-14T14:40:46+00:00\",\"dateModified\":\"2026-02-23T12:48:28+00:00\",\"breadcrumb\":{\"@id\":\"https:\\\/\\\/anadolupet.com.tr\\\/urun\\\/eheim-uzun-sureli-co2-test-kiti\\\/#breadcrumb\"},\"inLanguage\":\"en-US\",\"potentialAction\":[{\"@type\":\"ReadAction\",\"target\":[\"https:\\\/\\\/anadolupet.com.tr\\\/urun\\\/eheim-uzun-sureli-co2-test-kiti\\\/\"]}]},{\"@type\":\"ImageObject\",\"inLanguage\":\"en-US\",\"@id\":\"https:\\\/\\\/anadolupet.com.tr\\\/urun\\\/eheim-uzun-sureli-co2-test-kiti\\\/#primaryimage\",\"url\":\"https:\\\/\\\/anadolupet.com.tr\\\/wp-content\\\/uploads\\\/2026\\\/02\\\/105-6063090.jpg\",\"contentUrl\":\"https:\\\/\\\/anadolupet.com.tr\\\/wp-content\\\/uploads\\\/2026\\\/02\\\/105-6063090.jpg\",\"width\":750,\"height\":750},{\"@type\":\"BreadcrumbList\",\"@id\":\"https:\\\/\\\/anadolupet.com.tr\\\/urun\\\/eheim-uzun-sureli-co2-test-kiti\\\/#breadcrumb\",\"itemListElement\":[{\"@type\":\"ListItem\",\"position\":1,\"name\":\"Anasayfa\",\"item\":\"https:\\\/\\\/anadolupet.com.tr\\\/\"},{\"@type\":\"ListItem\",\"position\":2,\"name\":\"\u00dcr\u00fcnler\",\"item\":\"https:\\\/\\\/anadolupet.com.tr\\\/urunler\\\/\"},{\"@type\":\"ListItem\",\"position\":3,\"name\":\"EHEIM Uzun S\u00fcreli CO2 Test Kiti\"}]},{\"@type\":\"WebSite\",\"@id\":\"https:\\\/\\\/anadolupet.com.tr\\\/#website\",\"url\":\"https:\\\/\\\/anadolupet.com.tr\\\/\",\"name\":\"Anadolu Pet Grup\",\"description\":\"Her Can\u0131n \u0130yi Ya\u015fam\u0131 \u0130\u00e7in Biraraday\u0131z\",\"publisher\":{\"@id\":\"https:\\\/\\\/anadolupet.com.tr\\\/#organization\"},\"potentialAction\":[{\"@type\":\"SearchAction\",\"target\":{\"@type\":\"EntryPoint\",\"urlTemplate\":\"https:\\\/\\\/anadolupet.com.tr\\\/?s={search_term_string}\"},\"query-input\":{\"@type\":\"PropertyValueSpecification\",\"valueRequired\":true,\"valueName\":\"search_term_string\"}}],\"inLanguage\":\"en-US\"},{\"@type\":\"Organization\",\"@id\":\"https:\\\/\\\/anadolupet.com.tr\\\/#organization\",\"name\":\"Anadolu Pet Grup\",\"alternateName\":\"Anadolu Pet\",\"url\":\"https:\\\/\\\/anadolupet.com.tr\\\/\",\"logo\":{\"@type\":\"ImageObject\",\"inLanguage\":\"en-US\",\"@id\":\"https:\\\/\\\/anadolupet.com.tr\\\/#\\\/schema\\\/logo\\\/image\\\/\",\"url\":\"https:\\\/\\\/anadolupet.com.tr\\\/wp-content\\\/uploads\\\/2026\\\/03\\\/1614666743370.jpg\",\"contentUrl\":\"https:\\\/\\\/anadolupet.com.tr\\\/wp-content\\\/uploads\\\/2026\\\/03\\\/1614666743370.jpg\",\"width\":800,\"height\":571,\"caption\":\"Anadolu Pet Grup\"},\"image\":{\"@id\":\"https:\\\/\\\/anadolupet.com.tr\\\/#\\\/schema\\\/logo\\\/image\\\/\"}}]}<\/script>\n<!-- \/ Yoast SEO plugin. -->","yoast_head_json":{"title":"EHEIM Uzun S\u00fcreli CO2 Test Kiti - Anadolu Pet Grup","robots":{"index":"index","follow":"follow","max-snippet":"max-snippet:-1","max-image-preview":"max-image-preview:large","max-video-preview":"max-video-preview:-1"},"canonical":"https:\/\/anadolupet.com.tr\/en\/product\/eheim-uzun-sureli-co2-test-kiti\/","og_locale":"en_US","og_type":"article","og_title":"EHEIM Uzun S\u00fcreli CO2 Test Kiti - Anadolu Pet Grup","og_description":"Akvaryumda CO2 i\u00e7eri\u011fini s\u00fcrekli takip etmek b\u00fcy\u00fck \u00f6nem ta\u015f\u0131r \u00e7\u00fcnk\u00fc suyun pH de\u011feri do\u011frudan CO2 miktar\u0131ndan etkilenir. EHEIM CO2 Uzun S\u00fcreli Test Seti, akvaryum suyundaki CO2 seviyesini g\u00fcvenilir \u015fekilde \u00f6l\u00e7mek i\u00e7in gerekli t\u00fcm bile\u015fenleri i\u00e7erir: uzun s\u00fcreli test aparat\u0131, indikat\u00f6r s\u0131v\u0131s\u0131 ve su test stripleri. Test aparat\u0131 akvaryum cam\u0131na vantuz ile sabitlenir, i\u015faretli seviyeye kadar akvaryum suyu (yakla\u015f\u0131k 1 ml) eklenir ve \u00fczerine 4 damla indikat\u00f6r s\u0131v\u0131s\u0131 damlat\u0131l\u0131r. Renk de\u011fi\u015fimi g\u00f6zlemlendikten sonra renk skalas\u0131 ile kar\u015f\u0131la\u015ft\u0131r\u0131l\u0131r. Karbonat sertli\u011fine (dKH) ba\u011fl\u0131 olarak skalada ilgili pH de\u011ferleri g\u00f6r\u00fcnt\u00fclenir. Avantajlar ve \u00d6zellikler EHEIM uzun s\u00fcreli test aparat\u0131 \u2013 vantuz ile kolay sabitleme \u0130ndikat\u00f6r s\u0131v\u0131s\u0131 (10 ml) \u2013 yakla\u015f\u0131k 90 kullan\u0131m (her seferinde 4 damla) 3 \u00d7 5 multi test stripleri \u2013 ba\u015flang\u0131\u00e7 su de\u011ferlerinin analizi ve CO2 g\u00fcbrelemesi i\u00e7in \u00f6nemli olan karbonat sertli\u011finin (dKH) belirlenmesi Y\u00fcksek kalite \u2013 g\u00fcvenilir \u00f6l\u00e7\u00fcm sonu\u00e7lar\u0131 Made in Germany \u2013 Alman m\u00fchendisli\u011fi ve g\u00fcvenilirlik EHEIM CO2 \u0130ndikat\u00f6r S\u0131v\u0131s\u0131 \u2013 Uzun S\u00fcreli Test \u0130\u00e7in 10 ml \u015fi\u015fe Yakla\u015f\u0131k 90 uygulama (her test i\u00e7in 4 damla) EHEIM TEST \u2013 5 in 1 5 \u00d7 multi su test stripleri Akvaryum ve havuzlarda en \u00f6nemli 5 su de\u011ferinin h\u0131zl\u0131 ve kolay \u00f6l\u00e7\u00fcm\u00fc: NO2 (Nitrit) NO3 (Nitrat) GH (Toplam sertlik) KH (Karbonat sertli\u011fi) pH (asitlik\/bazl\u0131k de\u011feri)","og_url":"https:\/\/anadolupet.com.tr\/en\/product\/eheim-uzun-sureli-co2-test-kiti\/","og_site_name":"Anadolu Pet Grup","article_modified_time":"2026-02-23T12:48:28+00:00","og_image":[{"width":750,"height":750,"url":"https:\/\/anadolupet.com.tr\/wp-content\/uploads\/2026\/02\/105-6063090.jpg","type":"image\/jpeg"}],"twitter_card":"summary_large_image","schema":{"@context":"https:\/\/schema.org","@graph":[{"@type":"WebPage","@id":"https:\/\/anadolupet.com.tr\/urun\/eheim-uzun-sureli-co2-test-kiti\/","url":"https:\/\/anadolupet.com.tr\/urun\/eheim-uzun-sureli-co2-test-kiti\/","name":"EHEIM Uzun S\u00fcreli CO2 Test Kiti - Anadolu Pet Grup","isPartOf":{"@id":"https:\/\/anadolupet.com.tr\/#website"},"primaryImageOfPage":{"@id":"https:\/\/anadolupet.com.tr\/urun\/eheim-uzun-sureli-co2-test-kiti\/#primaryimage"},"image":{"@id":"https:\/\/anadolupet.com.tr\/urun\/eheim-uzun-sureli-co2-test-kiti\/#primaryimage"},"thumbnailUrl":"https:\/\/anadolupet.com.tr\/wp-content\/uploads\/2026\/02\/105-6063090.jpg","datePublished":"2026-02-14T14:40:46+00:00","dateModified":"2026-02-23T12:48:28+00:00","breadcrumb":{"@id":"https:\/\/anadolupet.com.tr\/urun\/eheim-uzun-sureli-co2-test-kiti\/#breadcrumb"},"inLanguage":"en-US","potentialAction":[{"@type":"ReadAction","target":["https:\/\/anadolupet.com.tr\/urun\/eheim-uzun-sureli-co2-test-kiti\/"]}]},{"@type":"ImageObject","inLanguage":"en-US","@id":"https:\/\/anadolupet.com.tr\/urun\/eheim-uzun-sureli-co2-test-kiti\/#primaryimage","url":"https:\/\/anadolupet.com.tr\/wp-content\/uploads\/2026\/02\/105-6063090.jpg","contentUrl":"https:\/\/anadolupet.com.tr\/wp-content\/uploads\/2026\/02\/105-6063090.jpg","width":750,"height":750},{"@type":"BreadcrumbList","@id":"https:\/\/anadolupet.com.tr\/urun\/eheim-uzun-sureli-co2-test-kiti\/#breadcrumb","itemListElement":[{"@type":"ListItem","position":1,"name":"Anasayfa","item":"https:\/\/anadolupet.com.tr\/"},{"@type":"ListItem","position":2,"name":"\u00dcr\u00fcnler","item":"https:\/\/anadolupet.com.tr\/urunler\/"},{"@type":"ListItem","position":3,"name":"EHEIM Uzun S\u00fcreli CO2 Test Kiti"}]},{"@type":"WebSite","@id":"https:\/\/anadolupet.com.tr\/#website","url":"https:\/\/anadolupet.com.tr\/","name":"Anadolu Pet Group","description":"We Stand Together for the Well-Being of Every Life","publisher":{"@id":"https:\/\/anadolupet.com.tr\/#organization"},"potentialAction":[{"@type":"SearchAction","target":{"@type":"EntryPoint","urlTemplate":"https:\/\/anadolupet.com.tr\/?s={search_term_string}"},"query-input":{"@type":"PropertyValueSpecification","valueRequired":true,"valueName":"search_term_string"}}],"inLanguage":"en-US"},{"@type":"Organization","@id":"https:\/\/anadolupet.com.tr\/#organization","name":"Anadolu Pet Group","alternateName":"Anadolu Pet","url":"https:\/\/anadolupet.com.tr\/","logo":{"@type":"ImageObject","inLanguage":"en-US","@id":"https:\/\/anadolupet.com.tr\/#\/schema\/logo\/image\/","url":"https:\/\/anadolupet.com.tr\/wp-content\/uploads\/2026\/03\/1614666743370.jpg","contentUrl":"https:\/\/anadolupet.com.tr\/wp-content\/uploads\/2026\/03\/1614666743370.jpg","width":800,"height":571,"caption":"Anadolu Pet Grup"},"image":{"@id":"https:\/\/anadolupet.com.tr\/#\/schema\/logo\/image\/"}}]}},"_links":{"self":[{"href":"https:\/\/anadolupet.com.tr\/en\/wp-json\/wp\/v2\/product\/45164","targetHints":{"allow":["GET"]}}],"collection":[{"href":"https:\/\/anadolupet.com.tr\/en\/wp-json\/wp\/v2\/product"}],"about":[{"href":"https:\/\/anadolupet.com.tr\/en\/wp-json\/wp\/v2\/types\/product"}],"replies":[{"embeddable":true,"href":"https:\/\/anadolupet.com.tr\/en\/wp-json\/wp\/v2\/comments?post=45164"}],"wp:featuredmedia":[{"embeddable":true,"href":"https:\/\/anadolupet.com.tr\/en\/wp-json\/wp\/v2\/media\/42505"}],"wp:attachment":[{"href":"https:\/\/anadolupet.com.tr\/en\/wp-json\/wp\/v2\/media?parent=45164"}],"wp:term":[{"taxonomy":"product_brand","embeddable":true,"href":"https:\/\/anadolupet.com.tr\/en\/wp-json\/wp\/v2\/product_brand?post=45164"},{"taxonomy":"product_cat","embeddable":true,"href":"https:\/\/anadolupet.com.tr\/en\/wp-json\/wp\/v2\/product_cat?post=45164"},{"taxonomy":"product_tag","embeddable":true,"href":"https:\/\/anadolupet.com.tr\/en\/wp-json\/wp\/v2\/product_tag?post=45164"}],"curies":[{"name":"wp","href":"https:\/\/api.w.org\/{rel}","templated":true}]}}