{"id":45165,"date":"2026-02-14T14:40:47","date_gmt":"2026-02-14T14:40:47","guid":{"rendered":"https:\/\/anadolupet.com.tr\/urun\/eheim-thermo-havuz-isiticisi-200w\/"},"modified":"2026-02-23T12:48:28","modified_gmt":"2026-02-23T12:48:28","slug":"eheim-thermo-havuz-isiticisi-200w","status":"publish","type":"product","link":"https:\/\/anadolupet.com.tr\/en\/urun\/eheim-thermo-havuz-isiticisi-200w\/","title":{"rendered":"EHEIM Thermo Havuz Is\u0131t\u0131c\u0131s\u0131 200W"},"content":{"rendered":"","protected":false},"excerpt":{"rendered":"<p>Bah\u00e7e havuzunun y\u00fczeyi asla tamamen donmamal\u0131d\u0131r, aksi takdirde zehirli gazlar buzun alt\u0131nda hapsolur. EHEIM buz \u00f6nleyici, havuz y\u00fczeyinin donmas\u0131n\u0131 \u00f6nler (-20\u00b0C (-4\u02daF) kadar) ve zehirli gazlar\u0131n ka\u00e7mas\u0131n\u0131 ve havuz y\u00fczeyinde hayati gaz de\u011fi\u015fiminin ger\u00e7ekle\u015fmesini sa\u011flar. Bu sayede havuz suyunun biyolojik olarak kendi kendini temizleme ve detoksifikasyon \u00f6zelli\u011fi de\u011fi\u015fmeden kal\u0131r ve bal\u0131klar ile mikroorganizmalar oksijen almaya devam eder.<\/p>\n<p>K\u0131r\u0131lmaz paslanmaz \u00e7elik \u0131s\u0131t\u0131c\u0131 &#8211; havuz y\u00fczeyinin -20\u00b0C&#8217;ye kadar donmas\u0131n\u0131 \u00f6nler.<\/p>\n<p>    Havuz y\u00fczeyinde hayati gaz al\u0131\u015fveri\u015fini s\u00fcrd\u00fcr\u00fcr.<br \/>\n    Bal\u0131klar ve mikroorganizmalar i\u00e7in hayati oksijenin s\u00fcrekli temini.<br \/>\n    Havuz suyunun biyolojik olarak kendi kendini temizlemesi ve detoksifikasyonu de\u011fi\u015fmeden devam eder.<br \/>\n    Zehirli fermantasyon gazlar\u0131 d\u0131\u015far\u0131 \u00e7\u0131kabilir.<br \/>\n    Paslanmaz \u00e7elikten yap\u0131lm\u0131\u015f k\u0131r\u0131lmaz, sa\u011flam \u0131s\u0131t\u0131c\u0131.<br \/>\n    Havuz y\u00fczeyinin tamamen donmas\u0131n\u0131 \u00f6nler.<br \/>\n    -20 \u00b0C (-4\u02daF) s\u0131cakl\u0131\u011fa kadar buzlanmay\u0131 \u00f6nler.<br \/>\n    3 y\u0131l garanti.<\/p>","protected":false},"featured_media":42495,"comment_status":"open","ping_status":"closed","template":"","meta":{"_acf_changed":false},"product_brand":[],"product_cat":[2391],"product_tag":[],"class_list":{"0":"post-45165","1":"product","2":"type-product","3":"status-publish","4":"has-post-thumbnail","6":"product_cat-isiticilar","8":"first","9":"instock","10":"shipping-taxable","11":"product-type-simple"},"acf":[],"yoast_head":"<!-- This site is optimized with the Yoast SEO plugin v27.5 - https:\/\/yoast.com\/product\/yoast-seo-wordpress\/ -->\n<title>EHEIM Thermo Havuz Is\u0131t\u0131c\u0131s\u0131 200W - Anadolu Pet Grup<\/title>\n<meta name=\"robots\" content=\"index, follow, max-snippet:-1, max-image-preview:large, max-video-preview:-1\" \/>\n<link rel=\"canonical\" href=\"https:\/\/anadolupet.com.tr\/en\/product\/eheim-thermo-havuz-isiticisi-200w\/\" \/>\n<meta property=\"og:locale\" content=\"en_US\" \/>\n<meta property=\"og:type\" content=\"article\" \/>\n<meta property=\"og:title\" content=\"EHEIM Thermo Havuz Is\u0131t\u0131c\u0131s\u0131 200W - Anadolu Pet Grup\" \/>\n<meta property=\"og:description\" content=\"Bah\u00e7e havuzunun y\u00fczeyi asla tamamen donmamal\u0131d\u0131r, aksi takdirde zehirli gazlar buzun alt\u0131nda hapsolur. EHEIM buz \u00f6nleyici, havuz y\u00fczeyinin donmas\u0131n\u0131 \u00f6nler (-20\u00b0C (-4\u02daF) kadar) ve zehirli gazlar\u0131n ka\u00e7mas\u0131n\u0131 ve havuz y\u00fczeyinde hayati gaz de\u011fi\u015fiminin ger\u00e7ekle\u015fmesini sa\u011flar. Bu sayede havuz suyunun biyolojik olarak kendi kendini temizleme ve detoksifikasyon \u00f6zelli\u011fi de\u011fi\u015fmeden kal\u0131r ve bal\u0131klar ile mikroorganizmalar oksijen almaya devam eder. K\u0131r\u0131lmaz paslanmaz \u00e7elik \u0131s\u0131t\u0131c\u0131 - havuz y\u00fczeyinin -20\u00b0C&#039;ye kadar donmas\u0131n\u0131 \u00f6nler.   Havuz y\u00fczeyinde hayati gaz al\u0131\u015fveri\u015fini s\u00fcrd\u00fcr\u00fcr.   Bal\u0131klar ve mikroorganizmalar i\u00e7in hayati oksijenin s\u00fcrekli temini.   Havuz suyunun biyolojik olarak kendi kendini temizlemesi ve detoksifikasyonu de\u011fi\u015fmeden devam eder.   Zehirli fermantasyon gazlar\u0131 d\u0131\u015far\u0131 \u00e7\u0131kabilir.   Paslanmaz \u00e7elikten yap\u0131lm\u0131\u015f k\u0131r\u0131lmaz, sa\u011flam \u0131s\u0131t\u0131c\u0131.   Havuz y\u00fczeyinin tamamen donmas\u0131n\u0131 \u00f6nler.   -20 \u00b0C (-4\u02daF) s\u0131cakl\u0131\u011fa kadar buzlanmay\u0131 \u00f6nler.   3 y\u0131l garanti.\" \/>\n<meta property=\"og:url\" content=\"https:\/\/anadolupet.com.tr\/en\/product\/eheim-thermo-havuz-isiticisi-200w\/\" \/>\n<meta property=\"og:site_name\" content=\"Anadolu Pet Grup\" \/>\n<meta property=\"article:modified_time\" content=\"2026-02-23T12:48:28+00:00\" \/>\n<meta property=\"og:image\" content=\"https:\/\/anadolupet.com.tr\/wp-content\/uploads\/2026\/02\/105-5340010.jpg\" \/>\n\t<meta property=\"og:image:width\" content=\"750\" \/>\n\t<meta property=\"og:image:height\" content=\"750\" \/>\n\t<meta property=\"og:image:type\" content=\"image\/jpeg\" \/>\n<meta name=\"twitter:card\" content=\"summary_large_image\" \/>\n<script type=\"application\/ld+json\" class=\"yoast-schema-graph\">{\"@context\":\"https:\\\/\\\/schema.org\",\"@graph\":[{\"@type\":\"WebPage\",\"@id\":\"https:\\\/\\\/anadolupet.com.tr\\\/urun\\\/eheim-thermo-havuz-isiticisi-200w\\\/\",\"url\":\"https:\\\/\\\/anadolupet.com.tr\\\/urun\\\/eheim-thermo-havuz-isiticisi-200w\\\/\",\"name\":\"EHEIM Thermo Havuz Is\u0131t\u0131c\u0131s\u0131 200W - Anadolu Pet Grup\",\"isPartOf\":{\"@id\":\"https:\\\/\\\/anadolupet.com.tr\\\/#website\"},\"primaryImageOfPage\":{\"@id\":\"https:\\\/\\\/anadolupet.com.tr\\\/urun\\\/eheim-thermo-havuz-isiticisi-200w\\\/#primaryimage\"},\"image\":{\"@id\":\"https:\\\/\\\/anadolupet.com.tr\\\/urun\\\/eheim-thermo-havuz-isiticisi-200w\\\/#primaryimage\"},\"thumbnailUrl\":\"https:\\\/\\\/anadolupet.com.tr\\\/wp-content\\\/uploads\\\/2026\\\/02\\\/105-5340010.jpg\",\"datePublished\":\"2026-02-14T14:40:47+00:00\",\"dateModified\":\"2026-02-23T12:48:28+00:00\",\"breadcrumb\":{\"@id\":\"https:\\\/\\\/anadolupet.com.tr\\\/urun\\\/eheim-thermo-havuz-isiticisi-200w\\\/#breadcrumb\"},\"inLanguage\":\"en-US\",\"potentialAction\":[{\"@type\":\"ReadAction\",\"target\":[\"https:\\\/\\\/anadolupet.com.tr\\\/urun\\\/eheim-thermo-havuz-isiticisi-200w\\\/\"]}]},{\"@type\":\"ImageObject\",\"inLanguage\":\"en-US\",\"@id\":\"https:\\\/\\\/anadolupet.com.tr\\\/urun\\\/eheim-thermo-havuz-isiticisi-200w\\\/#primaryimage\",\"url\":\"https:\\\/\\\/anadolupet.com.tr\\\/wp-content\\\/uploads\\\/2026\\\/02\\\/105-5340010.jpg\",\"contentUrl\":\"https:\\\/\\\/anadolupet.com.tr\\\/wp-content\\\/uploads\\\/2026\\\/02\\\/105-5340010.jpg\",\"width\":750,\"height\":750},{\"@type\":\"BreadcrumbList\",\"@id\":\"https:\\\/\\\/anadolupet.com.tr\\\/urun\\\/eheim-thermo-havuz-isiticisi-200w\\\/#breadcrumb\",\"itemListElement\":[{\"@type\":\"ListItem\",\"position\":1,\"name\":\"Anasayfa\",\"item\":\"https:\\\/\\\/anadolupet.com.tr\\\/\"},{\"@type\":\"ListItem\",\"position\":2,\"name\":\"\u00dcr\u00fcnler\",\"item\":\"https:\\\/\\\/anadolupet.com.tr\\\/urunler\\\/\"},{\"@type\":\"ListItem\",\"position\":3,\"name\":\"EHEIM Thermo Havuz Is\u0131t\u0131c\u0131s\u0131 200W\"}]},{\"@type\":\"WebSite\",\"@id\":\"https:\\\/\\\/anadolupet.com.tr\\\/#website\",\"url\":\"https:\\\/\\\/anadolupet.com.tr\\\/\",\"name\":\"Anadolu Pet Grup\",\"description\":\"Her Can\u0131n \u0130yi Ya\u015fam\u0131 \u0130\u00e7in Biraraday\u0131z\",\"publisher\":{\"@id\":\"https:\\\/\\\/anadolupet.com.tr\\\/#organization\"},\"potentialAction\":[{\"@type\":\"SearchAction\",\"target\":{\"@type\":\"EntryPoint\",\"urlTemplate\":\"https:\\\/\\\/anadolupet.com.tr\\\/?s={search_term_string}\"},\"query-input\":{\"@type\":\"PropertyValueSpecification\",\"valueRequired\":true,\"valueName\":\"search_term_string\"}}],\"inLanguage\":\"en-US\"},{\"@type\":\"Organization\",\"@id\":\"https:\\\/\\\/anadolupet.com.tr\\\/#organization\",\"name\":\"Anadolu Pet Grup\",\"alternateName\":\"Anadolu Pet\",\"url\":\"https:\\\/\\\/anadolupet.com.tr\\\/\",\"logo\":{\"@type\":\"ImageObject\",\"inLanguage\":\"en-US\",\"@id\":\"https:\\\/\\\/anadolupet.com.tr\\\/#\\\/schema\\\/logo\\\/image\\\/\",\"url\":\"https:\\\/\\\/anadolupet.com.tr\\\/wp-content\\\/uploads\\\/2026\\\/03\\\/1614666743370.jpg\",\"contentUrl\":\"https:\\\/\\\/anadolupet.com.tr\\\/wp-content\\\/uploads\\\/2026\\\/03\\\/1614666743370.jpg\",\"width\":800,\"height\":571,\"caption\":\"Anadolu Pet Grup\"},\"image\":{\"@id\":\"https:\\\/\\\/anadolupet.com.tr\\\/#\\\/schema\\\/logo\\\/image\\\/\"}}]}<\/script>\n<!-- \/ Yoast SEO plugin. -->","yoast_head_json":{"title":"EHEIM Thermo Havuz Is\u0131t\u0131c\u0131s\u0131 200W - Anadolu Pet Grup","robots":{"index":"index","follow":"follow","max-snippet":"max-snippet:-1","max-image-preview":"max-image-preview:large","max-video-preview":"max-video-preview:-1"},"canonical":"https:\/\/anadolupet.com.tr\/en\/product\/eheim-thermo-havuz-isiticisi-200w\/","og_locale":"en_US","og_type":"article","og_title":"EHEIM Thermo Havuz Is\u0131t\u0131c\u0131s\u0131 200W - Anadolu Pet Grup","og_description":"Bah\u00e7e havuzunun y\u00fczeyi asla tamamen donmamal\u0131d\u0131r, aksi takdirde zehirli gazlar buzun alt\u0131nda hapsolur. EHEIM buz \u00f6nleyici, havuz y\u00fczeyinin donmas\u0131n\u0131 \u00f6nler (-20\u00b0C (-4\u02daF) kadar) ve zehirli gazlar\u0131n ka\u00e7mas\u0131n\u0131 ve havuz y\u00fczeyinde hayati gaz de\u011fi\u015fiminin ger\u00e7ekle\u015fmesini sa\u011flar. Bu sayede havuz suyunun biyolojik olarak kendi kendini temizleme ve detoksifikasyon \u00f6zelli\u011fi de\u011fi\u015fmeden kal\u0131r ve bal\u0131klar ile mikroorganizmalar oksijen almaya devam eder. K\u0131r\u0131lmaz paslanmaz \u00e7elik \u0131s\u0131t\u0131c\u0131 - havuz y\u00fczeyinin -20\u00b0C'ye kadar donmas\u0131n\u0131 \u00f6nler.   Havuz y\u00fczeyinde hayati gaz al\u0131\u015fveri\u015fini s\u00fcrd\u00fcr\u00fcr.   Bal\u0131klar ve mikroorganizmalar i\u00e7in hayati oksijenin s\u00fcrekli temini.   Havuz suyunun biyolojik olarak kendi kendini temizlemesi ve detoksifikasyonu de\u011fi\u015fmeden devam eder.   Zehirli fermantasyon gazlar\u0131 d\u0131\u015far\u0131 \u00e7\u0131kabilir.   Paslanmaz \u00e7elikten yap\u0131lm\u0131\u015f k\u0131r\u0131lmaz, sa\u011flam \u0131s\u0131t\u0131c\u0131.   Havuz y\u00fczeyinin tamamen donmas\u0131n\u0131 \u00f6nler.   -20 \u00b0C (-4\u02daF) s\u0131cakl\u0131\u011fa kadar buzlanmay\u0131 \u00f6nler.   3 y\u0131l garanti.","og_url":"https:\/\/anadolupet.com.tr\/en\/product\/eheim-thermo-havuz-isiticisi-200w\/","og_site_name":"Anadolu Pet Grup","article_modified_time":"2026-02-23T12:48:28+00:00","og_image":[{"width":750,"height":750,"url":"https:\/\/anadolupet.com.tr\/wp-content\/uploads\/2026\/02\/105-5340010.jpg","type":"image\/jpeg"}],"twitter_card":"summary_large_image","schema":{"@context":"https:\/\/schema.org","@graph":[{"@type":"WebPage","@id":"https:\/\/anadolupet.com.tr\/urun\/eheim-thermo-havuz-isiticisi-200w\/","url":"https:\/\/anadolupet.com.tr\/urun\/eheim-thermo-havuz-isiticisi-200w\/","name":"EHEIM Thermo Havuz Is\u0131t\u0131c\u0131s\u0131 200W - Anadolu Pet Grup","isPartOf":{"@id":"https:\/\/anadolupet.com.tr\/#website"},"primaryImageOfPage":{"@id":"https:\/\/anadolupet.com.tr\/urun\/eheim-thermo-havuz-isiticisi-200w\/#primaryimage"},"image":{"@id":"https:\/\/anadolupet.com.tr\/urun\/eheim-thermo-havuz-isiticisi-200w\/#primaryimage"},"thumbnailUrl":"https:\/\/anadolupet.com.tr\/wp-content\/uploads\/2026\/02\/105-5340010.jpg","datePublished":"2026-02-14T14:40:47+00:00","dateModified":"2026-02-23T12:48:28+00:00","breadcrumb":{"@id":"https:\/\/anadolupet.com.tr\/urun\/eheim-thermo-havuz-isiticisi-200w\/#breadcrumb"},"inLanguage":"en-US","potentialAction":[{"@type":"ReadAction","target":["https:\/\/anadolupet.com.tr\/urun\/eheim-thermo-havuz-isiticisi-200w\/"]}]},{"@type":"ImageObject","inLanguage":"en-US","@id":"https:\/\/anadolupet.com.tr\/urun\/eheim-thermo-havuz-isiticisi-200w\/#primaryimage","url":"https:\/\/anadolupet.com.tr\/wp-content\/uploads\/2026\/02\/105-5340010.jpg","contentUrl":"https:\/\/anadolupet.com.tr\/wp-content\/uploads\/2026\/02\/105-5340010.jpg","width":750,"height":750},{"@type":"BreadcrumbList","@id":"https:\/\/anadolupet.com.tr\/urun\/eheim-thermo-havuz-isiticisi-200w\/#breadcrumb","itemListElement":[{"@type":"ListItem","position":1,"name":"Anasayfa","item":"https:\/\/anadolupet.com.tr\/"},{"@type":"ListItem","position":2,"name":"\u00dcr\u00fcnler","item":"https:\/\/anadolupet.com.tr\/urunler\/"},{"@type":"ListItem","position":3,"name":"EHEIM Thermo Havuz Is\u0131t\u0131c\u0131s\u0131 200W"}]},{"@type":"WebSite","@id":"https:\/\/anadolupet.com.tr\/#website","url":"https:\/\/anadolupet.com.tr\/","name":"Anadolu Pet Group","description":"We Stand Together for the Well-Being of Every Life","publisher":{"@id":"https:\/\/anadolupet.com.tr\/#organization"},"potentialAction":[{"@type":"SearchAction","target":{"@type":"EntryPoint","urlTemplate":"https:\/\/anadolupet.com.tr\/?s={search_term_string}"},"query-input":{"@type":"PropertyValueSpecification","valueRequired":true,"valueName":"search_term_string"}}],"inLanguage":"en-US"},{"@type":"Organization","@id":"https:\/\/anadolupet.com.tr\/#organization","name":"Anadolu Pet Group","alternateName":"Anadolu Pet","url":"https:\/\/anadolupet.com.tr\/","logo":{"@type":"ImageObject","inLanguage":"en-US","@id":"https:\/\/anadolupet.com.tr\/#\/schema\/logo\/image\/","url":"https:\/\/anadolupet.com.tr\/wp-content\/uploads\/2026\/03\/1614666743370.jpg","contentUrl":"https:\/\/anadolupet.com.tr\/wp-content\/uploads\/2026\/03\/1614666743370.jpg","width":800,"height":571,"caption":"Anadolu Pet Grup"},"image":{"@id":"https:\/\/anadolupet.com.tr\/#\/schema\/logo\/image\/"}}]}},"_links":{"self":[{"href":"https:\/\/anadolupet.com.tr\/en\/wp-json\/wp\/v2\/product\/45165","targetHints":{"allow":["GET"]}}],"collection":[{"href":"https:\/\/anadolupet.com.tr\/en\/wp-json\/wp\/v2\/product"}],"about":[{"href":"https:\/\/anadolupet.com.tr\/en\/wp-json\/wp\/v2\/types\/product"}],"replies":[{"embeddable":true,"href":"https:\/\/anadolupet.com.tr\/en\/wp-json\/wp\/v2\/comments?post=45165"}],"wp:featuredmedia":[{"embeddable":true,"href":"https:\/\/anadolupet.com.tr\/en\/wp-json\/wp\/v2\/media\/42495"}],"wp:attachment":[{"href":"https:\/\/anadolupet.com.tr\/en\/wp-json\/wp\/v2\/media?parent=45165"}],"wp:term":[{"taxonomy":"product_brand","embeddable":true,"href":"https:\/\/anadolupet.com.tr\/en\/wp-json\/wp\/v2\/product_brand?post=45165"},{"taxonomy":"product_cat","embeddable":true,"href":"https:\/\/anadolupet.com.tr\/en\/wp-json\/wp\/v2\/product_cat?post=45165"},{"taxonomy":"product_tag","embeddable":true,"href":"https:\/\/anadolupet.com.tr\/en\/wp-json\/wp\/v2\/product_tag?post=45165"}],"curies":[{"name":"wp","href":"https:\/\/api.w.org\/{rel}","templated":true}]}}