{"id":45168,"date":"2026-02-14T14:40:47","date_gmt":"2026-02-14T14:40:47","guid":{"rendered":"https:\/\/anadolupet.com.tr\/urun\/eheim-thermocontrol-e-300-akvaryum-isiticisi\/"},"modified":"2026-02-23T12:48:29","modified_gmt":"2026-02-23T12:48:29","slug":"eheim-thermocontrol-e-300-akvaryum-isiticisi","status":"publish","type":"product","link":"https:\/\/anadolupet.com.tr\/en\/urun\/eheim-thermocontrol-e-300-akvaryum-isiticisi\/","title":{"rendered":"EHEIM thermoControl+ e 300 Akvaryum Is\u0131t\u0131c\u0131s\u0131"},"content":{"rendered":"","protected":false},"excerpt":{"rendered":"<p>EHEIM thermocontrol+ e ile size gelece\u011fin akvaryum \u0131s\u0131t\u0131c\u0131s\u0131n\u0131 sunuyoruz. Ak\u0131ll\u0131 ve ustaca tasarlanm\u0131\u015f.<\/p>\n<p>EHEIM thermocontrol+ e, WLAN \u00fczerinden dijital kontrol ile ayarlanabilen ilk \u0131s\u0131t\u0131c\u0131m\u0131zd\u0131r. Ak\u0131ll\u0131 telefon, tablet veya PC\/MAC \u00fczerinden 18 ila 32 \u00b0C aras\u0131nda hassas s\u0131cakl\u0131k ayar\u0131 yapabilirsiniz. Se\u00e7ilen s\u0131cakl\u0131k elektronik olarak hassas bir \u015fekilde \u00f6l\u00e7\u00fcl\u00fcr ve sabit tutulur. Ancak, s\u0131cakl\u0131k \u00b1 2 \u00b0C saparsa, e-posta ile hemen bilgilendirilirsiniz. Filtre aktivitesi veya ayd\u0131nlatma ile otomatik senkronizasyon da m\u00fcmk\u00fcnd\u00fcr, bu sayede EHEIM professionel 5e Filtre veya LEDcontrol+&#8217;a kablosuz olarak ba\u011flanabilirsiniz.<\/p>\n<p>Thermocontrol +e&#8217;nin yap\u0131s\u0131, kan\u0131tlanm\u0131\u015f thermocontrol \u0131s\u0131t\u0131c\u0131lar\u0131m\u0131z\u0131n yap\u0131s\u0131na uygundur. \u00d6zel laboratuvar cam\u0131 kapak, kusursuz y\u00fczey, y\u00fcksek kaliteli malzemeler ve mutlak g\u00fcvenilirli\u011fin birle\u015fimi, en \u00fcst\u00fcn \u0131s\u0131t\u0131c\u0131y\u0131 ortaya \u00e7\u0131kar\u0131r. Is\u0131t\u0131c\u0131lar 3 y\u0131l garantilidir ve 200 veya 1000 litrelik bir akvaryumu \u0131s\u0131tmak isteyip istemedi\u011finize ba\u011fl\u0131 olarak 4 farkl\u0131 boyutta se\u00e7ene\u011finiz vard\u0131r.<\/p>\n<p>EHEIM thermocontrol+ e&#8217;nin avantajlar\u0131<\/p>\n<p>Entegre WLAN i\u015flevi ve ak\u0131ll\u0131 telefon, tablet veya PC\/MAC \u00fczerinden dijital kontrol \u00f6zelli\u011fine sahip elektronik akvaryum \u0131s\u0131t\u0131c\u0131s\u0131.<br \/>\n18 ila 32 \u00b0C aras\u0131nda hassas s\u0131cakl\u0131k ayar\u0131<br \/>\n    Kontrol hassasiyeti \u00b1 0,5 \u00b0C<br \/>\n    G\u00f6sterge \u0131\u015f\u0131klar\u0131 \u0131s\u0131tma fonksiyonunu ve \u00e7al\u0131\u015fma durumunu g\u00f6sterir<br \/>\n    S\u0131cakl\u0131k \u00b1 2 \u00b0C sapma g\u00f6sterdi\u011finde kay\u0131tl\u0131 e-posta adresine bildirim g\u00f6nderilir<br \/>\n    EHEIM.digital ailesinin di\u011fer elektronik kontroll\u00fc cihazlar\u0131yla ak\u0131ll\u0131 ba\u011flant\u0131 Senkronizasyon: s\u0131cakl\u0131k su ak\u0131\u015f\u0131 ayar\u0131 veya gece ayarlanan s\u0131cakl\u0131\u011f\u0131 d\u00fc\u015f\u00fcrmek vb.<br \/>\n    Gerekirse, harici termometre ile ayarlama (uzman modu)<br \/>\n    Su ge\u00e7irmez (IPX8) &#8211; optimum wifi sinyali al\u0131m\u0131 i\u00e7in, \u0131s\u0131t\u0131c\u0131y\u0131 i\u015faretine kadar suya dald\u0131r\u0131n<br \/>\n    Kuru \u00e7al\u0131\u015fma korumas\u0131 (Thermo Safety Control)<br \/>\n    Yakla\u015f\u0131k 170 cm&#8217;lik kullan\u0131\u015fl\u0131 kablo uzunlu\u011fu<br \/>\n    \u00c7ift emi\u015fli tutucu dahildir<br \/>\n    200 ila 1000 litre aras\u0131 akvaryumlar i\u00e7in 4 boyut<br \/>\n    Hem tatl\u0131 su hem de deniz suyu i\u00e7in uygundur<br \/>\n    3 y\u0131l garanti ile en y\u00fcksek g\u00fcvenlik ve g\u00fcvenilirlik.<\/p>\n<p>Ak\u0131ll\u0131 telefon, tablet veya PC\/MAC \u00fczerinden dijital kontrol ve entegre WLAN i\u015flevine sahip ak\u0131ll\u0131 akvaryum \u0131s\u0131t\u0131c\u0131s\u0131.<\/p>\n<p>Ayar ve kontrol<br \/>\nEHEIM thermocontrol+ e akvaryum \u0131s\u0131t\u0131c\u0131s\u0131, thermocontrol e \u0131s\u0131t\u0131c\u0131s\u0131n\u0131n geli\u015fmi\u015f versiyonudur. \u0130kincisinden farkl\u0131 olarak, manuel olarak ayarlanmaz, ancak WLAN ve ak\u0131ll\u0131 telefon, tablet veya PC\/MAC \u00fczerinden kablosuz olarak programlan\u0131r ve izlenir.<br \/>\n18 ila 32 \u00b0C aras\u0131nda hassas bir \u015fekilde ayarlanabilir. Ayarlanan s\u0131cakl\u0131k +\/-2 derece saparsa, ilgili adresi kaydettiyseniz bir e-posta bildirimi al\u0131rs\u0131n\u0131z.<\/p>\n<p>Di\u011fer cihazlarla senkronizasyon<br \/>\n\u00d6zel bir \u00f6zellik, thermocontrol+ e&#8217;nin Eheim Digital Family&#8217;deki di\u011fer cihazlarla, \u00f6rne\u011fin EHEIM professionel 5e filtre veya LEDcontrol+ ayd\u0131nlatma kontrol\u00fc ile senkronize edilebilmesidir. B\u00f6ylece, \u00f6rne\u011fin filtre ak\u0131\u015f\u0131 (biyo modunda) artt\u0131\u011f\u0131nda veya azald\u0131\u011f\u0131nda veya LED ayd\u0131nlatma kapat\u0131ld\u0131\u011f\u0131nda veya a\u00e7\u0131ld\u0131\u011f\u0131nda ayarlanan s\u0131cakl\u0131\u011f\u0131n y\u00fckselmesini veya d\u00fc\u015fmesini belirtebilirsiniz.<br \/>\n\u00d6rnek: Gece filtre ak\u0131\u015f\u0131 art\u0131r\u0131l\u0131r ve ayd\u0131nlatma kapat\u0131l\u0131r. Ayarlanan s\u0131cakl\u0131k otomatik olarak buna g\u00f6re ayarlan\u0131r: G\u00fcnd\u00fcz 25 \u00b0C; gece 23 \u00b0C. (L\u00fctfen dikkat: Su so\u011futulmaz &#8211; \u0131s\u0131t\u0131c\u0131da entegre so\u011futma \u00f6zelli\u011fi yoktur).<\/p>\n<p>WLAN ba\u011flant\u0131s\u0131<br \/>\nthermocontrol+ e su ge\u00e7irmezdir ve tamamen suya dald\u0131r\u0131labilir. Ancak, optimum WLAN ba\u011flant\u0131s\u0131 i\u00e7in \u0131s\u0131t\u0131c\u0131 sadece &#8220;su seviyesi&#8221; i\u015faretine kadar dald\u0131r\u0131labilir.<\/p>\n<p>Cihaz\u0131n\u0131z\u0131n g\u00fcvenli\u011fi i\u00e7in, her EHEIM thermocontrol+ e fabrikadan \u015fifrelenmi\u015ftir (\u015fifre ayarlanabilir). \u0130stenen s\u0131cakl\u0131k ayarland\u0131ktan sonra wifi a\u011f\u0131 kapat\u0131labilir.<\/p>","protected":false},"featured_media":42435,"comment_status":"open","ping_status":"closed","template":"","meta":{"_acf_changed":false},"product_brand":[],"product_cat":[2386],"product_tag":[],"class_list":{"0":"post-45168","1":"product","2":"type-product","3":"status-publish","4":"has-post-thumbnail","6":"product_cat-eheim-dijital-merkez","8":"first","9":"instock","10":"shipping-taxable","11":"product-type-simple"},"acf":[],"yoast_head":"<!-- This site is optimized with the Yoast SEO plugin v27.4 - https:\/\/yoast.com\/product\/yoast-seo-wordpress\/ -->\n<title>EHEIM thermoControl+ e 300 Akvaryum Is\u0131t\u0131c\u0131s\u0131 - Anadolu Pet Grup<\/title>\n<meta name=\"robots\" content=\"index, follow, max-snippet:-1, max-image-preview:large, max-video-preview:-1\" \/>\n<link rel=\"canonical\" href=\"https:\/\/anadolupet.com.tr\/en\/product\/eheim-thermocontrol-e-300-akvaryum-isiticisi\/\" \/>\n<meta property=\"og:locale\" content=\"en_US\" \/>\n<meta property=\"og:type\" content=\"article\" \/>\n<meta property=\"og:title\" content=\"EHEIM thermoControl+ e 300 Akvaryum Is\u0131t\u0131c\u0131s\u0131 - Anadolu Pet Grup\" \/>\n<meta property=\"og:description\" content=\"EHEIM thermocontrol+ e ile size gelece\u011fin akvaryum \u0131s\u0131t\u0131c\u0131s\u0131n\u0131 sunuyoruz. Ak\u0131ll\u0131 ve ustaca tasarlanm\u0131\u015f. EHEIM thermocontrol+ e, WLAN \u00fczerinden dijital kontrol ile ayarlanabilen ilk \u0131s\u0131t\u0131c\u0131m\u0131zd\u0131r. Ak\u0131ll\u0131 telefon, tablet veya PC\/MAC \u00fczerinden 18 ila 32 \u00b0C aras\u0131nda hassas s\u0131cakl\u0131k ayar\u0131 yapabilirsiniz. Se\u00e7ilen s\u0131cakl\u0131k elektronik olarak hassas bir \u015fekilde \u00f6l\u00e7\u00fcl\u00fcr ve sabit tutulur. Ancak, s\u0131cakl\u0131k \u00b1 2 \u00b0C saparsa, e-posta ile hemen bilgilendirilirsiniz. Filtre aktivitesi veya ayd\u0131nlatma ile otomatik senkronizasyon da m\u00fcmk\u00fcnd\u00fcr, bu sayede EHEIM professionel 5e Filtre veya LEDcontrol+&#039;a kablosuz olarak ba\u011flanabilirsiniz. Thermocontrol +e&#039;nin yap\u0131s\u0131, kan\u0131tlanm\u0131\u015f thermocontrol \u0131s\u0131t\u0131c\u0131lar\u0131m\u0131z\u0131n yap\u0131s\u0131na uygundur. \u00d6zel laboratuvar cam\u0131 kapak, kusursuz y\u00fczey, y\u00fcksek kaliteli malzemeler ve mutlak g\u00fcvenilirli\u011fin birle\u015fimi, en \u00fcst\u00fcn \u0131s\u0131t\u0131c\u0131y\u0131 ortaya \u00e7\u0131kar\u0131r. Is\u0131t\u0131c\u0131lar 3 y\u0131l garantilidir ve 200 veya 1000 litrelik bir akvaryumu \u0131s\u0131tmak isteyip istemedi\u011finize ba\u011fl\u0131 olarak 4 farkl\u0131 boyutta se\u00e7ene\u011finiz vard\u0131r. EHEIM thermocontrol+ e&#039;nin avantajlar\u0131 Entegre WLAN i\u015flevi ve ak\u0131ll\u0131 telefon, tablet veya PC\/MAC \u00fczerinden dijital kontrol \u00f6zelli\u011fine sahip elektronik akvaryum \u0131s\u0131t\u0131c\u0131s\u0131. 18 ila 32 \u00b0C aras\u0131nda hassas s\u0131cakl\u0131k ayar\u0131   Kontrol hassasiyeti \u00b1 0,5 \u00b0C   G\u00f6sterge \u0131\u015f\u0131klar\u0131 \u0131s\u0131tma fonksiyonunu ve \u00e7al\u0131\u015fma durumunu g\u00f6sterir   S\u0131cakl\u0131k \u00b1 2 \u00b0C sapma g\u00f6sterdi\u011finde kay\u0131tl\u0131 e-posta adresine bildirim g\u00f6nderilir   EHEIM.digital ailesinin di\u011fer elektronik kontroll\u00fc cihazlar\u0131yla ak\u0131ll\u0131 ba\u011flant\u0131 Senkronizasyon: s\u0131cakl\u0131k su ak\u0131\u015f\u0131 ayar\u0131 veya gece ayarlanan s\u0131cakl\u0131\u011f\u0131 d\u00fc\u015f\u00fcrmek vb.   Gerekirse, harici termometre ile ayarlama (uzman modu)   Su ge\u00e7irmez (IPX8) - optimum wifi sinyali al\u0131m\u0131 i\u00e7in, \u0131s\u0131t\u0131c\u0131y\u0131 i\u015faretine kadar suya dald\u0131r\u0131n   Kuru \u00e7al\u0131\u015fma korumas\u0131 (Thermo Safety Control)   Yakla\u015f\u0131k 170 cm&#039;lik kullan\u0131\u015fl\u0131 kablo uzunlu\u011fu   \u00c7ift emi\u015fli tutucu dahildir   200 ila 1000 litre aras\u0131 akvaryumlar i\u00e7in 4 boyut   Hem tatl\u0131 su hem de deniz suyu i\u00e7in uygundur   3 y\u0131l garanti ile en y\u00fcksek g\u00fcvenlik ve g\u00fcvenilirlik.  Ak\u0131ll\u0131 telefon, tablet veya PC\/MAC \u00fczerinden dijital kontrol ve entegre WLAN i\u015flevine sahip ak\u0131ll\u0131 akvaryum \u0131s\u0131t\u0131c\u0131s\u0131. Ayar ve kontrol EHEIM thermocontrol+ e akvaryum \u0131s\u0131t\u0131c\u0131s\u0131, thermocontrol e \u0131s\u0131t\u0131c\u0131s\u0131n\u0131n geli\u015fmi\u015f versiyonudur. \u0130kincisinden farkl\u0131 olarak, manuel olarak ayarlanmaz, ancak WLAN ve ak\u0131ll\u0131 telefon, tablet veya PC\/MAC \u00fczerinden kablosuz olarak programlan\u0131r ve izlenir. 18 ila 32 \u00b0C aras\u0131nda hassas bir \u015fekilde ayarlanabilir. Ayarlanan s\u0131cakl\u0131k +\/-2 derece saparsa, ilgili adresi kaydettiyseniz bir e-posta bildirimi al\u0131rs\u0131n\u0131z. Di\u011fer cihazlarla senkronizasyon \u00d6zel bir \u00f6zellik, thermocontrol+ e&#039;nin Eheim Digital Family&#039;deki di\u011fer cihazlarla, \u00f6rne\u011fin EHEIM professionel 5e filtre veya LEDcontrol+ ayd\u0131nlatma kontrol\u00fc ile senkronize edilebilmesidir. B\u00f6ylece, \u00f6rne\u011fin filtre ak\u0131\u015f\u0131 (biyo modunda) artt\u0131\u011f\u0131nda veya azald\u0131\u011f\u0131nda veya LED ayd\u0131nlatma kapat\u0131ld\u0131\u011f\u0131nda veya a\u00e7\u0131ld\u0131\u011f\u0131nda ayarlanan s\u0131cakl\u0131\u011f\u0131n y\u00fckselmesini veya d\u00fc\u015fmesini belirtebilirsiniz. \u00d6rnek: Gece filtre ak\u0131\u015f\u0131 art\u0131r\u0131l\u0131r ve ayd\u0131nlatma kapat\u0131l\u0131r. Ayarlanan s\u0131cakl\u0131k otomatik olarak buna g\u00f6re ayarlan\u0131r: G\u00fcnd\u00fcz 25 \u00b0C; gece 23 \u00b0C. (L\u00fctfen dikkat: Su so\u011futulmaz - \u0131s\u0131t\u0131c\u0131da entegre so\u011futma \u00f6zelli\u011fi yoktur). WLAN ba\u011flant\u0131s\u0131 thermocontrol+ e su ge\u00e7irmezdir ve tamamen suya dald\u0131r\u0131labilir. Ancak, optimum WLAN ba\u011flant\u0131s\u0131 i\u00e7in \u0131s\u0131t\u0131c\u0131 sadece &quot;su seviyesi&quot; i\u015faretine kadar dald\u0131r\u0131labilir. Cihaz\u0131n\u0131z\u0131n g\u00fcvenli\u011fi i\u00e7in, her EHEIM thermocontrol+ e fabrikadan \u015fifrelenmi\u015ftir (\u015fifre ayarlanabilir). \u0130stenen s\u0131cakl\u0131k ayarland\u0131ktan sonra wifi a\u011f\u0131 kapat\u0131labilir.\" \/>\n<meta property=\"og:url\" content=\"https:\/\/anadolupet.com.tr\/en\/product\/eheim-thermocontrol-e-300-akvaryum-isiticisi\/\" \/>\n<meta property=\"og:site_name\" content=\"Anadolu Pet Grup\" \/>\n<meta property=\"article:modified_time\" content=\"2026-02-23T12:48:29+00:00\" \/>\n<meta property=\"og:image\" content=\"https:\/\/anadolupet.com.tr\/wp-content\/uploads\/2026\/02\/105-3669010-2.jpg\" \/>\n\t<meta property=\"og:image:width\" content=\"750\" \/>\n\t<meta property=\"og:image:height\" content=\"750\" \/>\n\t<meta property=\"og:image:type\" content=\"image\/jpeg\" \/>\n<meta name=\"twitter:card\" content=\"summary_large_image\" \/>\n<script type=\"application\/ld+json\" class=\"yoast-schema-graph\">{\"@context\":\"https:\\\/\\\/schema.org\",\"@graph\":[{\"@type\":\"WebPage\",\"@id\":\"https:\\\/\\\/anadolupet.com.tr\\\/urun\\\/eheim-thermocontrol-e-300-akvaryum-isiticisi\\\/\",\"url\":\"https:\\\/\\\/anadolupet.com.tr\\\/urun\\\/eheim-thermocontrol-e-300-akvaryum-isiticisi\\\/\",\"name\":\"EHEIM thermoControl+ e 300 Akvaryum Is\u0131t\u0131c\u0131s\u0131 - Anadolu Pet Grup\",\"isPartOf\":{\"@id\":\"https:\\\/\\\/anadolupet.com.tr\\\/#website\"},\"primaryImageOfPage\":{\"@id\":\"https:\\\/\\\/anadolupet.com.tr\\\/urun\\\/eheim-thermocontrol-e-300-akvaryum-isiticisi\\\/#primaryimage\"},\"image\":{\"@id\":\"https:\\\/\\\/anadolupet.com.tr\\\/urun\\\/eheim-thermocontrol-e-300-akvaryum-isiticisi\\\/#primaryimage\"},\"thumbnailUrl\":\"https:\\\/\\\/anadolupet.com.tr\\\/wp-content\\\/uploads\\\/2026\\\/02\\\/105-3669010-2.jpg\",\"datePublished\":\"2026-02-14T14:40:47+00:00\",\"dateModified\":\"2026-02-23T12:48:29+00:00\",\"breadcrumb\":{\"@id\":\"https:\\\/\\\/anadolupet.com.tr\\\/urun\\\/eheim-thermocontrol-e-300-akvaryum-isiticisi\\\/#breadcrumb\"},\"inLanguage\":\"en-US\",\"potentialAction\":[{\"@type\":\"ReadAction\",\"target\":[\"https:\\\/\\\/anadolupet.com.tr\\\/urun\\\/eheim-thermocontrol-e-300-akvaryum-isiticisi\\\/\"]}]},{\"@type\":\"ImageObject\",\"inLanguage\":\"en-US\",\"@id\":\"https:\\\/\\\/anadolupet.com.tr\\\/urun\\\/eheim-thermocontrol-e-300-akvaryum-isiticisi\\\/#primaryimage\",\"url\":\"https:\\\/\\\/anadolupet.com.tr\\\/wp-content\\\/uploads\\\/2026\\\/02\\\/105-3669010-2.jpg\",\"contentUrl\":\"https:\\\/\\\/anadolupet.com.tr\\\/wp-content\\\/uploads\\\/2026\\\/02\\\/105-3669010-2.jpg\",\"width\":750,\"height\":750},{\"@type\":\"BreadcrumbList\",\"@id\":\"https:\\\/\\\/anadolupet.com.tr\\\/urun\\\/eheim-thermocontrol-e-300-akvaryum-isiticisi\\\/#breadcrumb\",\"itemListElement\":[{\"@type\":\"ListItem\",\"position\":1,\"name\":\"Anasayfa\",\"item\":\"https:\\\/\\\/anadolupet.com.tr\\\/\"},{\"@type\":\"ListItem\",\"position\":2,\"name\":\"\u00dcr\u00fcnler\",\"item\":\"https:\\\/\\\/anadolupet.com.tr\\\/urunler\\\/\"},{\"@type\":\"ListItem\",\"position\":3,\"name\":\"EHEIM thermoControl+ e 300 Akvaryum Is\u0131t\u0131c\u0131s\u0131\"}]},{\"@type\":\"WebSite\",\"@id\":\"https:\\\/\\\/anadolupet.com.tr\\\/#website\",\"url\":\"https:\\\/\\\/anadolupet.com.tr\\\/\",\"name\":\"Anadolu Pet Grup\",\"description\":\"Her Can\u0131n \u0130yi Ya\u015fam\u0131 \u0130\u00e7in Biraraday\u0131z\",\"publisher\":{\"@id\":\"https:\\\/\\\/anadolupet.com.tr\\\/#organization\"},\"potentialAction\":[{\"@type\":\"SearchAction\",\"target\":{\"@type\":\"EntryPoint\",\"urlTemplate\":\"https:\\\/\\\/anadolupet.com.tr\\\/?s={search_term_string}\"},\"query-input\":{\"@type\":\"PropertyValueSpecification\",\"valueRequired\":true,\"valueName\":\"search_term_string\"}}],\"inLanguage\":\"en-US\"},{\"@type\":\"Organization\",\"@id\":\"https:\\\/\\\/anadolupet.com.tr\\\/#organization\",\"name\":\"Anadolu Pet Grup\",\"alternateName\":\"Anadolu Pet\",\"url\":\"https:\\\/\\\/anadolupet.com.tr\\\/\",\"logo\":{\"@type\":\"ImageObject\",\"inLanguage\":\"en-US\",\"@id\":\"https:\\\/\\\/anadolupet.com.tr\\\/#\\\/schema\\\/logo\\\/image\\\/\",\"url\":\"https:\\\/\\\/anadolupet.com.tr\\\/wp-content\\\/uploads\\\/2026\\\/03\\\/1614666743370.jpg\",\"contentUrl\":\"https:\\\/\\\/anadolupet.com.tr\\\/wp-content\\\/uploads\\\/2026\\\/03\\\/1614666743370.jpg\",\"width\":800,\"height\":571,\"caption\":\"Anadolu Pet Grup\"},\"image\":{\"@id\":\"https:\\\/\\\/anadolupet.com.tr\\\/#\\\/schema\\\/logo\\\/image\\\/\"}}]}<\/script>\n<!-- \/ Yoast SEO plugin. -->","yoast_head_json":{"title":"EHEIM thermoControl+ e 300 Akvaryum Is\u0131t\u0131c\u0131s\u0131 - Anadolu Pet Grup","robots":{"index":"index","follow":"follow","max-snippet":"max-snippet:-1","max-image-preview":"max-image-preview:large","max-video-preview":"max-video-preview:-1"},"canonical":"https:\/\/anadolupet.com.tr\/en\/product\/eheim-thermocontrol-e-300-akvaryum-isiticisi\/","og_locale":"en_US","og_type":"article","og_title":"EHEIM thermoControl+ e 300 Akvaryum Is\u0131t\u0131c\u0131s\u0131 - Anadolu Pet Grup","og_description":"EHEIM thermocontrol+ e ile size gelece\u011fin akvaryum \u0131s\u0131t\u0131c\u0131s\u0131n\u0131 sunuyoruz. Ak\u0131ll\u0131 ve ustaca tasarlanm\u0131\u015f. EHEIM thermocontrol+ e, WLAN \u00fczerinden dijital kontrol ile ayarlanabilen ilk \u0131s\u0131t\u0131c\u0131m\u0131zd\u0131r. Ak\u0131ll\u0131 telefon, tablet veya PC\/MAC \u00fczerinden 18 ila 32 \u00b0C aras\u0131nda hassas s\u0131cakl\u0131k ayar\u0131 yapabilirsiniz. Se\u00e7ilen s\u0131cakl\u0131k elektronik olarak hassas bir \u015fekilde \u00f6l\u00e7\u00fcl\u00fcr ve sabit tutulur. Ancak, s\u0131cakl\u0131k \u00b1 2 \u00b0C saparsa, e-posta ile hemen bilgilendirilirsiniz. Filtre aktivitesi veya ayd\u0131nlatma ile otomatik senkronizasyon da m\u00fcmk\u00fcnd\u00fcr, bu sayede EHEIM professionel 5e Filtre veya LEDcontrol+'a kablosuz olarak ba\u011flanabilirsiniz. Thermocontrol +e'nin yap\u0131s\u0131, kan\u0131tlanm\u0131\u015f thermocontrol \u0131s\u0131t\u0131c\u0131lar\u0131m\u0131z\u0131n yap\u0131s\u0131na uygundur. \u00d6zel laboratuvar cam\u0131 kapak, kusursuz y\u00fczey, y\u00fcksek kaliteli malzemeler ve mutlak g\u00fcvenilirli\u011fin birle\u015fimi, en \u00fcst\u00fcn \u0131s\u0131t\u0131c\u0131y\u0131 ortaya \u00e7\u0131kar\u0131r. Is\u0131t\u0131c\u0131lar 3 y\u0131l garantilidir ve 200 veya 1000 litrelik bir akvaryumu \u0131s\u0131tmak isteyip istemedi\u011finize ba\u011fl\u0131 olarak 4 farkl\u0131 boyutta se\u00e7ene\u011finiz vard\u0131r. EHEIM thermocontrol+ e'nin avantajlar\u0131 Entegre WLAN i\u015flevi ve ak\u0131ll\u0131 telefon, tablet veya PC\/MAC \u00fczerinden dijital kontrol \u00f6zelli\u011fine sahip elektronik akvaryum \u0131s\u0131t\u0131c\u0131s\u0131. 18 ila 32 \u00b0C aras\u0131nda hassas s\u0131cakl\u0131k ayar\u0131   Kontrol hassasiyeti \u00b1 0,5 \u00b0C   G\u00f6sterge \u0131\u015f\u0131klar\u0131 \u0131s\u0131tma fonksiyonunu ve \u00e7al\u0131\u015fma durumunu g\u00f6sterir   S\u0131cakl\u0131k \u00b1 2 \u00b0C sapma g\u00f6sterdi\u011finde kay\u0131tl\u0131 e-posta adresine bildirim g\u00f6nderilir   EHEIM.digital ailesinin di\u011fer elektronik kontroll\u00fc cihazlar\u0131yla ak\u0131ll\u0131 ba\u011flant\u0131 Senkronizasyon: s\u0131cakl\u0131k su ak\u0131\u015f\u0131 ayar\u0131 veya gece ayarlanan s\u0131cakl\u0131\u011f\u0131 d\u00fc\u015f\u00fcrmek vb.   Gerekirse, harici termometre ile ayarlama (uzman modu)   Su ge\u00e7irmez (IPX8) - optimum wifi sinyali al\u0131m\u0131 i\u00e7in, \u0131s\u0131t\u0131c\u0131y\u0131 i\u015faretine kadar suya dald\u0131r\u0131n   Kuru \u00e7al\u0131\u015fma korumas\u0131 (Thermo Safety Control)   Yakla\u015f\u0131k 170 cm'lik kullan\u0131\u015fl\u0131 kablo uzunlu\u011fu   \u00c7ift emi\u015fli tutucu dahildir   200 ila 1000 litre aras\u0131 akvaryumlar i\u00e7in 4 boyut   Hem tatl\u0131 su hem de deniz suyu i\u00e7in uygundur   3 y\u0131l garanti ile en y\u00fcksek g\u00fcvenlik ve g\u00fcvenilirlik.  Ak\u0131ll\u0131 telefon, tablet veya PC\/MAC \u00fczerinden dijital kontrol ve entegre WLAN i\u015flevine sahip ak\u0131ll\u0131 akvaryum \u0131s\u0131t\u0131c\u0131s\u0131. Ayar ve kontrol EHEIM thermocontrol+ e akvaryum \u0131s\u0131t\u0131c\u0131s\u0131, thermocontrol e \u0131s\u0131t\u0131c\u0131s\u0131n\u0131n geli\u015fmi\u015f versiyonudur. \u0130kincisinden farkl\u0131 olarak, manuel olarak ayarlanmaz, ancak WLAN ve ak\u0131ll\u0131 telefon, tablet veya PC\/MAC \u00fczerinden kablosuz olarak programlan\u0131r ve izlenir. 18 ila 32 \u00b0C aras\u0131nda hassas bir \u015fekilde ayarlanabilir. Ayarlanan s\u0131cakl\u0131k +\/-2 derece saparsa, ilgili adresi kaydettiyseniz bir e-posta bildirimi al\u0131rs\u0131n\u0131z. Di\u011fer cihazlarla senkronizasyon \u00d6zel bir \u00f6zellik, thermocontrol+ e'nin Eheim Digital Family'deki di\u011fer cihazlarla, \u00f6rne\u011fin EHEIM professionel 5e filtre veya LEDcontrol+ ayd\u0131nlatma kontrol\u00fc ile senkronize edilebilmesidir. B\u00f6ylece, \u00f6rne\u011fin filtre ak\u0131\u015f\u0131 (biyo modunda) artt\u0131\u011f\u0131nda veya azald\u0131\u011f\u0131nda veya LED ayd\u0131nlatma kapat\u0131ld\u0131\u011f\u0131nda veya a\u00e7\u0131ld\u0131\u011f\u0131nda ayarlanan s\u0131cakl\u0131\u011f\u0131n y\u00fckselmesini veya d\u00fc\u015fmesini belirtebilirsiniz. \u00d6rnek: Gece filtre ak\u0131\u015f\u0131 art\u0131r\u0131l\u0131r ve ayd\u0131nlatma kapat\u0131l\u0131r. Ayarlanan s\u0131cakl\u0131k otomatik olarak buna g\u00f6re ayarlan\u0131r: G\u00fcnd\u00fcz 25 \u00b0C; gece 23 \u00b0C. (L\u00fctfen dikkat: Su so\u011futulmaz - \u0131s\u0131t\u0131c\u0131da entegre so\u011futma \u00f6zelli\u011fi yoktur). WLAN ba\u011flant\u0131s\u0131 thermocontrol+ e su ge\u00e7irmezdir ve tamamen suya dald\u0131r\u0131labilir. Ancak, optimum WLAN ba\u011flant\u0131s\u0131 i\u00e7in \u0131s\u0131t\u0131c\u0131 sadece \"su seviyesi\" i\u015faretine kadar dald\u0131r\u0131labilir. Cihaz\u0131n\u0131z\u0131n g\u00fcvenli\u011fi i\u00e7in, her EHEIM thermocontrol+ e fabrikadan \u015fifrelenmi\u015ftir (\u015fifre ayarlanabilir). \u0130stenen s\u0131cakl\u0131k ayarland\u0131ktan sonra wifi a\u011f\u0131 kapat\u0131labilir.","og_url":"https:\/\/anadolupet.com.tr\/en\/product\/eheim-thermocontrol-e-300-akvaryum-isiticisi\/","og_site_name":"Anadolu Pet Grup","article_modified_time":"2026-02-23T12:48:29+00:00","og_image":[{"width":750,"height":750,"url":"https:\/\/anadolupet.com.tr\/wp-content\/uploads\/2026\/02\/105-3669010-2.jpg","type":"image\/jpeg"}],"twitter_card":"summary_large_image","schema":{"@context":"https:\/\/schema.org","@graph":[{"@type":"WebPage","@id":"https:\/\/anadolupet.com.tr\/urun\/eheim-thermocontrol-e-300-akvaryum-isiticisi\/","url":"https:\/\/anadolupet.com.tr\/urun\/eheim-thermocontrol-e-300-akvaryum-isiticisi\/","name":"EHEIM thermoControl+ e 300 Akvaryum Is\u0131t\u0131c\u0131s\u0131 - Anadolu Pet Grup","isPartOf":{"@id":"https:\/\/anadolupet.com.tr\/#website"},"primaryImageOfPage":{"@id":"https:\/\/anadolupet.com.tr\/urun\/eheim-thermocontrol-e-300-akvaryum-isiticisi\/#primaryimage"},"image":{"@id":"https:\/\/anadolupet.com.tr\/urun\/eheim-thermocontrol-e-300-akvaryum-isiticisi\/#primaryimage"},"thumbnailUrl":"https:\/\/anadolupet.com.tr\/wp-content\/uploads\/2026\/02\/105-3669010-2.jpg","datePublished":"2026-02-14T14:40:47+00:00","dateModified":"2026-02-23T12:48:29+00:00","breadcrumb":{"@id":"https:\/\/anadolupet.com.tr\/urun\/eheim-thermocontrol-e-300-akvaryum-isiticisi\/#breadcrumb"},"inLanguage":"en-US","potentialAction":[{"@type":"ReadAction","target":["https:\/\/anadolupet.com.tr\/urun\/eheim-thermocontrol-e-300-akvaryum-isiticisi\/"]}]},{"@type":"ImageObject","inLanguage":"en-US","@id":"https:\/\/anadolupet.com.tr\/urun\/eheim-thermocontrol-e-300-akvaryum-isiticisi\/#primaryimage","url":"https:\/\/anadolupet.com.tr\/wp-content\/uploads\/2026\/02\/105-3669010-2.jpg","contentUrl":"https:\/\/anadolupet.com.tr\/wp-content\/uploads\/2026\/02\/105-3669010-2.jpg","width":750,"height":750},{"@type":"BreadcrumbList","@id":"https:\/\/anadolupet.com.tr\/urun\/eheim-thermocontrol-e-300-akvaryum-isiticisi\/#breadcrumb","itemListElement":[{"@type":"ListItem","position":1,"name":"Anasayfa","item":"https:\/\/anadolupet.com.tr\/"},{"@type":"ListItem","position":2,"name":"\u00dcr\u00fcnler","item":"https:\/\/anadolupet.com.tr\/urunler\/"},{"@type":"ListItem","position":3,"name":"EHEIM thermoControl+ e 300 Akvaryum Is\u0131t\u0131c\u0131s\u0131"}]},{"@type":"WebSite","@id":"https:\/\/anadolupet.com.tr\/#website","url":"https:\/\/anadolupet.com.tr\/","name":"Anadolu Pet Group","description":"We Stand Together for the Well-Being of Every Life","publisher":{"@id":"https:\/\/anadolupet.com.tr\/#organization"},"potentialAction":[{"@type":"SearchAction","target":{"@type":"EntryPoint","urlTemplate":"https:\/\/anadolupet.com.tr\/?s={search_term_string}"},"query-input":{"@type":"PropertyValueSpecification","valueRequired":true,"valueName":"search_term_string"}}],"inLanguage":"en-US"},{"@type":"Organization","@id":"https:\/\/anadolupet.com.tr\/#organization","name":"Anadolu Pet Group","alternateName":"Anadolu Pet","url":"https:\/\/anadolupet.com.tr\/","logo":{"@type":"ImageObject","inLanguage":"en-US","@id":"https:\/\/anadolupet.com.tr\/#\/schema\/logo\/image\/","url":"https:\/\/anadolupet.com.tr\/wp-content\/uploads\/2026\/03\/1614666743370.jpg","contentUrl":"https:\/\/anadolupet.com.tr\/wp-content\/uploads\/2026\/03\/1614666743370.jpg","width":800,"height":571,"caption":"Anadolu Pet Grup"},"image":{"@id":"https:\/\/anadolupet.com.tr\/#\/schema\/logo\/image\/"}}]}},"_links":{"self":[{"href":"https:\/\/anadolupet.com.tr\/en\/wp-json\/wp\/v2\/product\/45168","targetHints":{"allow":["GET"]}}],"collection":[{"href":"https:\/\/anadolupet.com.tr\/en\/wp-json\/wp\/v2\/product"}],"about":[{"href":"https:\/\/anadolupet.com.tr\/en\/wp-json\/wp\/v2\/types\/product"}],"replies":[{"embeddable":true,"href":"https:\/\/anadolupet.com.tr\/en\/wp-json\/wp\/v2\/comments?post=45168"}],"wp:featuredmedia":[{"embeddable":true,"href":"https:\/\/anadolupet.com.tr\/en\/wp-json\/wp\/v2\/media\/42435"}],"wp:attachment":[{"href":"https:\/\/anadolupet.com.tr\/en\/wp-json\/wp\/v2\/media?parent=45168"}],"wp:term":[{"taxonomy":"product_brand","embeddable":true,"href":"https:\/\/anadolupet.com.tr\/en\/wp-json\/wp\/v2\/product_brand?post=45168"},{"taxonomy":"product_cat","embeddable":true,"href":"https:\/\/anadolupet.com.tr\/en\/wp-json\/wp\/v2\/product_cat?post=45168"},{"taxonomy":"product_tag","embeddable":true,"href":"https:\/\/anadolupet.com.tr\/en\/wp-json\/wp\/v2\/product_tag?post=45168"}],"curies":[{"name":"wp","href":"https:\/\/api.w.org\/{rel}","templated":true}]}}