{"id":45169,"date":"2026-02-14T14:40:48","date_gmt":"2026-02-14T14:40:48","guid":{"rendered":"https:\/\/anadolupet.com.tr\/urun\/eheim-turbin-carki-50-60hz\/"},"modified":"2026-02-23T12:48:29","modified_gmt":"2026-02-23T12:48:29","slug":"eheim-turbin-carki-50-60hz","status":"publish","type":"product","link":"https:\/\/anadolupet.com.tr\/en\/urun\/eheim-turbin-carki-50-60hz\/","title":{"rendered":"EHEIM T\u00fcrbin \u00c7ark\u0131 50-60hz"},"content":{"rendered":"","protected":false},"excerpt":{"rendered":"<p>EHEIM impeller (rotor\/t\u00fcrbin \u00e7ark\u0131), aqua160 ve aqua200 i\u00e7 filtre modelleri i\u00e7in \u00f6zel olarak \u00fcretilmi\u015f orijinal yedek par\u00e7ad\u0131r. Motor b\u00f6l\u00fcm\u00fcnde suyun ak\u0131\u015f\u0131n\u0131 sa\u011flayan kritik bile\u015fendir. Hem 50 Hz hem de 60 Hz elektrik sistemleriyle uyumludur, bu nedenle farkl\u0131 b\u00f6lgelerde g\u00fcvenle kullan\u0131labilir.<\/p>","protected":false},"featured_media":42731,"comment_status":"open","ping_status":"closed","template":"","meta":{"_acf_changed":false},"product_brand":[],"product_cat":[2392],"product_tag":[],"class_list":{"0":"post-45169","1":"product","2":"type-product","3":"status-publish","4":"has-post-thumbnail","6":"product_cat-ic-filtreler","8":"first","9":"instock","10":"shipping-taxable","11":"product-type-simple"},"acf":[],"yoast_head":"<!-- This site is optimized with the Yoast SEO plugin v27.5 - https:\/\/yoast.com\/product\/yoast-seo-wordpress\/ -->\n<title>EHEIM T\u00fcrbin \u00c7ark\u0131 50-60hz - Anadolu Pet Grup<\/title>\n<meta name=\"robots\" content=\"index, follow, max-snippet:-1, max-image-preview:large, max-video-preview:-1\" \/>\n<link rel=\"canonical\" href=\"https:\/\/anadolupet.com.tr\/en\/product\/eheim-turbin-carki-50-60hz\/\" \/>\n<meta property=\"og:locale\" content=\"en_US\" \/>\n<meta property=\"og:type\" content=\"article\" \/>\n<meta property=\"og:title\" content=\"EHEIM T\u00fcrbin \u00c7ark\u0131 50-60hz - Anadolu Pet Grup\" \/>\n<meta property=\"og:description\" content=\"EHEIM impeller (rotor\/t\u00fcrbin \u00e7ark\u0131), aqua160 ve aqua200 i\u00e7 filtre modelleri i\u00e7in \u00f6zel olarak \u00fcretilmi\u015f orijinal yedek par\u00e7ad\u0131r. Motor b\u00f6l\u00fcm\u00fcnde suyun ak\u0131\u015f\u0131n\u0131 sa\u011flayan kritik bile\u015fendir. Hem 50 Hz hem de 60 Hz elektrik sistemleriyle uyumludur, bu nedenle farkl\u0131 b\u00f6lgelerde g\u00fcvenle kullan\u0131labilir.\" \/>\n<meta property=\"og:url\" content=\"https:\/\/anadolupet.com.tr\/en\/product\/eheim-turbin-carki-50-60hz\/\" \/>\n<meta property=\"og:site_name\" content=\"Anadolu Pet Grup\" \/>\n<meta property=\"article:modified_time\" content=\"2026-02-23T12:48:29+00:00\" \/>\n<meta property=\"og:image\" content=\"https:\/\/anadolupet.com.tr\/wp-content\/uploads\/2026\/02\/110-7481728.jpg\" \/>\n\t<meta property=\"og:image:width\" content=\"750\" \/>\n\t<meta property=\"og:image:height\" content=\"750\" \/>\n\t<meta property=\"og:image:type\" content=\"image\/jpeg\" \/>\n<meta name=\"twitter:card\" content=\"summary_large_image\" \/>\n<script type=\"application\/ld+json\" class=\"yoast-schema-graph\">{\"@context\":\"https:\\\/\\\/schema.org\",\"@graph\":[{\"@type\":\"WebPage\",\"@id\":\"https:\\\/\\\/anadolupet.com.tr\\\/urun\\\/eheim-turbin-carki-50-60hz\\\/\",\"url\":\"https:\\\/\\\/anadolupet.com.tr\\\/urun\\\/eheim-turbin-carki-50-60hz\\\/\",\"name\":\"EHEIM T\u00fcrbin \u00c7ark\u0131 50-60hz - Anadolu Pet Grup\",\"isPartOf\":{\"@id\":\"https:\\\/\\\/anadolupet.com.tr\\\/#website\"},\"primaryImageOfPage\":{\"@id\":\"https:\\\/\\\/anadolupet.com.tr\\\/urun\\\/eheim-turbin-carki-50-60hz\\\/#primaryimage\"},\"image\":{\"@id\":\"https:\\\/\\\/anadolupet.com.tr\\\/urun\\\/eheim-turbin-carki-50-60hz\\\/#primaryimage\"},\"thumbnailUrl\":\"https:\\\/\\\/anadolupet.com.tr\\\/wp-content\\\/uploads\\\/2026\\\/02\\\/110-7481728.jpg\",\"datePublished\":\"2026-02-14T14:40:48+00:00\",\"dateModified\":\"2026-02-23T12:48:29+00:00\",\"breadcrumb\":{\"@id\":\"https:\\\/\\\/anadolupet.com.tr\\\/urun\\\/eheim-turbin-carki-50-60hz\\\/#breadcrumb\"},\"inLanguage\":\"en-US\",\"potentialAction\":[{\"@type\":\"ReadAction\",\"target\":[\"https:\\\/\\\/anadolupet.com.tr\\\/urun\\\/eheim-turbin-carki-50-60hz\\\/\"]}]},{\"@type\":\"ImageObject\",\"inLanguage\":\"en-US\",\"@id\":\"https:\\\/\\\/anadolupet.com.tr\\\/urun\\\/eheim-turbin-carki-50-60hz\\\/#primaryimage\",\"url\":\"https:\\\/\\\/anadolupet.com.tr\\\/wp-content\\\/uploads\\\/2026\\\/02\\\/110-7481728.jpg\",\"contentUrl\":\"https:\\\/\\\/anadolupet.com.tr\\\/wp-content\\\/uploads\\\/2026\\\/02\\\/110-7481728.jpg\",\"width\":750,\"height\":750},{\"@type\":\"BreadcrumbList\",\"@id\":\"https:\\\/\\\/anadolupet.com.tr\\\/urun\\\/eheim-turbin-carki-50-60hz\\\/#breadcrumb\",\"itemListElement\":[{\"@type\":\"ListItem\",\"position\":1,\"name\":\"Anasayfa\",\"item\":\"https:\\\/\\\/anadolupet.com.tr\\\/\"},{\"@type\":\"ListItem\",\"position\":2,\"name\":\"\u00dcr\u00fcnler\",\"item\":\"https:\\\/\\\/anadolupet.com.tr\\\/urunler\\\/\"},{\"@type\":\"ListItem\",\"position\":3,\"name\":\"EHEIM T\u00fcrbin \u00c7ark\u0131 50-60hz\"}]},{\"@type\":\"WebSite\",\"@id\":\"https:\\\/\\\/anadolupet.com.tr\\\/#website\",\"url\":\"https:\\\/\\\/anadolupet.com.tr\\\/\",\"name\":\"Anadolu Pet Grup\",\"description\":\"Her Can\u0131n \u0130yi Ya\u015fam\u0131 \u0130\u00e7in Biraraday\u0131z\",\"publisher\":{\"@id\":\"https:\\\/\\\/anadolupet.com.tr\\\/#organization\"},\"potentialAction\":[{\"@type\":\"SearchAction\",\"target\":{\"@type\":\"EntryPoint\",\"urlTemplate\":\"https:\\\/\\\/anadolupet.com.tr\\\/?s={search_term_string}\"},\"query-input\":{\"@type\":\"PropertyValueSpecification\",\"valueRequired\":true,\"valueName\":\"search_term_string\"}}],\"inLanguage\":\"en-US\"},{\"@type\":\"Organization\",\"@id\":\"https:\\\/\\\/anadolupet.com.tr\\\/#organization\",\"name\":\"Anadolu Pet Grup\",\"alternateName\":\"Anadolu Pet\",\"url\":\"https:\\\/\\\/anadolupet.com.tr\\\/\",\"logo\":{\"@type\":\"ImageObject\",\"inLanguage\":\"en-US\",\"@id\":\"https:\\\/\\\/anadolupet.com.tr\\\/#\\\/schema\\\/logo\\\/image\\\/\",\"url\":\"https:\\\/\\\/anadolupet.com.tr\\\/wp-content\\\/uploads\\\/2026\\\/03\\\/1614666743370.jpg\",\"contentUrl\":\"https:\\\/\\\/anadolupet.com.tr\\\/wp-content\\\/uploads\\\/2026\\\/03\\\/1614666743370.jpg\",\"width\":800,\"height\":571,\"caption\":\"Anadolu Pet Grup\"},\"image\":{\"@id\":\"https:\\\/\\\/anadolupet.com.tr\\\/#\\\/schema\\\/logo\\\/image\\\/\"}}]}<\/script>\n<!-- \/ Yoast SEO plugin. -->","yoast_head_json":{"title":"EHEIM T\u00fcrbin \u00c7ark\u0131 50-60hz - Anadolu Pet Grup","robots":{"index":"index","follow":"follow","max-snippet":"max-snippet:-1","max-image-preview":"max-image-preview:large","max-video-preview":"max-video-preview:-1"},"canonical":"https:\/\/anadolupet.com.tr\/en\/product\/eheim-turbin-carki-50-60hz\/","og_locale":"en_US","og_type":"article","og_title":"EHEIM T\u00fcrbin \u00c7ark\u0131 50-60hz - Anadolu Pet Grup","og_description":"EHEIM impeller (rotor\/t\u00fcrbin \u00e7ark\u0131), aqua160 ve aqua200 i\u00e7 filtre modelleri i\u00e7in \u00f6zel olarak \u00fcretilmi\u015f orijinal yedek par\u00e7ad\u0131r. Motor b\u00f6l\u00fcm\u00fcnde suyun ak\u0131\u015f\u0131n\u0131 sa\u011flayan kritik bile\u015fendir. Hem 50 Hz hem de 60 Hz elektrik sistemleriyle uyumludur, bu nedenle farkl\u0131 b\u00f6lgelerde g\u00fcvenle kullan\u0131labilir.","og_url":"https:\/\/anadolupet.com.tr\/en\/product\/eheim-turbin-carki-50-60hz\/","og_site_name":"Anadolu Pet Grup","article_modified_time":"2026-02-23T12:48:29+00:00","og_image":[{"width":750,"height":750,"url":"https:\/\/anadolupet.com.tr\/wp-content\/uploads\/2026\/02\/110-7481728.jpg","type":"image\/jpeg"}],"twitter_card":"summary_large_image","schema":{"@context":"https:\/\/schema.org","@graph":[{"@type":"WebPage","@id":"https:\/\/anadolupet.com.tr\/urun\/eheim-turbin-carki-50-60hz\/","url":"https:\/\/anadolupet.com.tr\/urun\/eheim-turbin-carki-50-60hz\/","name":"EHEIM T\u00fcrbin \u00c7ark\u0131 50-60hz - Anadolu Pet Grup","isPartOf":{"@id":"https:\/\/anadolupet.com.tr\/#website"},"primaryImageOfPage":{"@id":"https:\/\/anadolupet.com.tr\/urun\/eheim-turbin-carki-50-60hz\/#primaryimage"},"image":{"@id":"https:\/\/anadolupet.com.tr\/urun\/eheim-turbin-carki-50-60hz\/#primaryimage"},"thumbnailUrl":"https:\/\/anadolupet.com.tr\/wp-content\/uploads\/2026\/02\/110-7481728.jpg","datePublished":"2026-02-14T14:40:48+00:00","dateModified":"2026-02-23T12:48:29+00:00","breadcrumb":{"@id":"https:\/\/anadolupet.com.tr\/urun\/eheim-turbin-carki-50-60hz\/#breadcrumb"},"inLanguage":"en-US","potentialAction":[{"@type":"ReadAction","target":["https:\/\/anadolupet.com.tr\/urun\/eheim-turbin-carki-50-60hz\/"]}]},{"@type":"ImageObject","inLanguage":"en-US","@id":"https:\/\/anadolupet.com.tr\/urun\/eheim-turbin-carki-50-60hz\/#primaryimage","url":"https:\/\/anadolupet.com.tr\/wp-content\/uploads\/2026\/02\/110-7481728.jpg","contentUrl":"https:\/\/anadolupet.com.tr\/wp-content\/uploads\/2026\/02\/110-7481728.jpg","width":750,"height":750},{"@type":"BreadcrumbList","@id":"https:\/\/anadolupet.com.tr\/urun\/eheim-turbin-carki-50-60hz\/#breadcrumb","itemListElement":[{"@type":"ListItem","position":1,"name":"Anasayfa","item":"https:\/\/anadolupet.com.tr\/"},{"@type":"ListItem","position":2,"name":"\u00dcr\u00fcnler","item":"https:\/\/anadolupet.com.tr\/urunler\/"},{"@type":"ListItem","position":3,"name":"EHEIM T\u00fcrbin \u00c7ark\u0131 50-60hz"}]},{"@type":"WebSite","@id":"https:\/\/anadolupet.com.tr\/#website","url":"https:\/\/anadolupet.com.tr\/","name":"Anadolu Pet Group","description":"We Stand Together for the Well-Being of Every Life","publisher":{"@id":"https:\/\/anadolupet.com.tr\/#organization"},"potentialAction":[{"@type":"SearchAction","target":{"@type":"EntryPoint","urlTemplate":"https:\/\/anadolupet.com.tr\/?s={search_term_string}"},"query-input":{"@type":"PropertyValueSpecification","valueRequired":true,"valueName":"search_term_string"}}],"inLanguage":"en-US"},{"@type":"Organization","@id":"https:\/\/anadolupet.com.tr\/#organization","name":"Anadolu Pet Group","alternateName":"Anadolu Pet","url":"https:\/\/anadolupet.com.tr\/","logo":{"@type":"ImageObject","inLanguage":"en-US","@id":"https:\/\/anadolupet.com.tr\/#\/schema\/logo\/image\/","url":"https:\/\/anadolupet.com.tr\/wp-content\/uploads\/2026\/03\/1614666743370.jpg","contentUrl":"https:\/\/anadolupet.com.tr\/wp-content\/uploads\/2026\/03\/1614666743370.jpg","width":800,"height":571,"caption":"Anadolu Pet Grup"},"image":{"@id":"https:\/\/anadolupet.com.tr\/#\/schema\/logo\/image\/"}}]}},"_links":{"self":[{"href":"https:\/\/anadolupet.com.tr\/en\/wp-json\/wp\/v2\/product\/45169","targetHints":{"allow":["GET"]}}],"collection":[{"href":"https:\/\/anadolupet.com.tr\/en\/wp-json\/wp\/v2\/product"}],"about":[{"href":"https:\/\/anadolupet.com.tr\/en\/wp-json\/wp\/v2\/types\/product"}],"replies":[{"embeddable":true,"href":"https:\/\/anadolupet.com.tr\/en\/wp-json\/wp\/v2\/comments?post=45169"}],"wp:featuredmedia":[{"embeddable":true,"href":"https:\/\/anadolupet.com.tr\/en\/wp-json\/wp\/v2\/media\/42731"}],"wp:attachment":[{"href":"https:\/\/anadolupet.com.tr\/en\/wp-json\/wp\/v2\/media?parent=45169"}],"wp:term":[{"taxonomy":"product_brand","embeddable":true,"href":"https:\/\/anadolupet.com.tr\/en\/wp-json\/wp\/v2\/product_brand?post=45169"},{"taxonomy":"product_cat","embeddable":true,"href":"https:\/\/anadolupet.com.tr\/en\/wp-json\/wp\/v2\/product_cat?post=45169"},{"taxonomy":"product_tag","embeddable":true,"href":"https:\/\/anadolupet.com.tr\/en\/wp-json\/wp\/v2\/product_tag?post=45169"}],"curies":[{"name":"wp","href":"https:\/\/api.w.org\/{rel}","templated":true}]}}