{"id":45170,"date":"2026-02-14T14:40:48","date_gmt":"2026-02-14T14:40:48","guid":{"rendered":"https:\/\/anadolupet.com.tr\/urun\/eheim-tutuculu-valf\/"},"modified":"2026-02-23T12:48:29","modified_gmt":"2026-02-23T12:48:29","slug":"eheim-tutuculu-valf","status":"publish","type":"product","link":"https:\/\/anadolupet.com.tr\/en\/urun\/eheim-tutuculu-valf\/","title":{"rendered":"EHEIM Tutuculu Valf"},"content":{"rendered":"","protected":false},"excerpt":{"rendered":"<p>EHEIM orijinal tutuculu valf, d\u0131\u015f filtre hortum ba\u011flant\u0131lar\u0131nda g\u00fcvenli sabitleme ve s\u0131zd\u0131rmazl\u0131k sa\u011flar. Filtrenin bak\u0131m s\u0131ras\u0131nda kolayca ayr\u0131lmas\u0131na ve yeniden ba\u011flanmas\u0131na yard\u0131mc\u0131 olur. Tatl\u0131 ve tuzlu su akvaryumlar\u0131nda kullan\u0131labilir.<\/p>\n<p>Uyumlu Modeller:<\/p>\n<p>Professionel 3 Serisi: 250 \/ 350 \/ 600, 250T \/ 350T, 1200XL \/ 1200XLT<\/p>\n<p>Professionel 3e Serisi: 350 \/ 450 \/ 700, 600T<\/p>\n<p>Professionel 4+ Serisi: 250 \/ 350 \/ 600, 250T \/ 350T<\/p>\n<p>Professionel 4e+ Serisi: 350<\/p>\n<p>Professionel 5e Serisi: 350 \/ 450 \/ 700, 600T<\/p>\n<p>Di\u011fer Modeller: 2271 \/ 2273 \/ 2274 \/ 2275 \/ 2277, 2371 \/ 2373 \/ 2375, 2076 \/ 2078, 2178, 2080, 2180<\/p>","protected":false},"featured_media":42664,"comment_status":"open","ping_status":"closed","template":"","meta":{"_acf_changed":false},"product_brand":[],"product_cat":[2392],"product_tag":[],"class_list":{"0":"post-45170","1":"product","2":"type-product","3":"status-publish","4":"has-post-thumbnail","6":"product_cat-ic-filtreler","8":"first","9":"instock","10":"shipping-taxable","11":"product-type-simple"},"acf":[],"yoast_head":"<!-- This site is optimized with the Yoast SEO plugin v27.5 - https:\/\/yoast.com\/product\/yoast-seo-wordpress\/ -->\n<title>EHEIM Tutuculu Valf - Anadolu Pet Grup<\/title>\n<meta name=\"robots\" content=\"index, follow, max-snippet:-1, max-image-preview:large, max-video-preview:-1\" \/>\n<link rel=\"canonical\" href=\"https:\/\/anadolupet.com.tr\/en\/product\/eheim-tutuculu-valf\/\" \/>\n<meta property=\"og:locale\" content=\"en_US\" \/>\n<meta property=\"og:type\" content=\"article\" \/>\n<meta property=\"og:title\" content=\"EHEIM Tutuculu Valf - Anadolu Pet Grup\" \/>\n<meta property=\"og:description\" content=\"EHEIM orijinal tutuculu valf, d\u0131\u015f filtre hortum ba\u011flant\u0131lar\u0131nda g\u00fcvenli sabitleme ve s\u0131zd\u0131rmazl\u0131k sa\u011flar. Filtrenin bak\u0131m s\u0131ras\u0131nda kolayca ayr\u0131lmas\u0131na ve yeniden ba\u011flanmas\u0131na yard\u0131mc\u0131 olur. Tatl\u0131 ve tuzlu su akvaryumlar\u0131nda kullan\u0131labilir. Uyumlu Modeller: Professionel 3 Serisi: 250 \/ 350 \/ 600, 250T \/ 350T, 1200XL \/ 1200XLT Professionel 3e Serisi: 350 \/ 450 \/ 700, 600T Professionel 4+ Serisi: 250 \/ 350 \/ 600, 250T \/ 350T Professionel 4e+ Serisi: 350 Professionel 5e Serisi: 350 \/ 450 \/ 700, 600T Di\u011fer Modeller: 2271 \/ 2273 \/ 2274 \/ 2275 \/ 2277, 2371 \/ 2373 \/ 2375, 2076 \/ 2078, 2178, 2080, 2180\" \/>\n<meta property=\"og:url\" content=\"https:\/\/anadolupet.com.tr\/en\/product\/eheim-tutuculu-valf\/\" \/>\n<meta property=\"og:site_name\" content=\"Anadolu Pet Grup\" \/>\n<meta property=\"article:modified_time\" content=\"2026-02-23T12:48:29+00:00\" \/>\n<meta property=\"og:image\" content=\"https:\/\/anadolupet.com.tr\/wp-content\/uploads\/2026\/02\/110-7428580.jpg\" \/>\n\t<meta property=\"og:image:width\" content=\"750\" \/>\n\t<meta property=\"og:image:height\" content=\"750\" \/>\n\t<meta property=\"og:image:type\" content=\"image\/jpeg\" \/>\n<meta name=\"twitter:card\" content=\"summary_large_image\" \/>\n<script type=\"application\/ld+json\" class=\"yoast-schema-graph\">{\"@context\":\"https:\\\/\\\/schema.org\",\"@graph\":[{\"@type\":\"WebPage\",\"@id\":\"https:\\\/\\\/anadolupet.com.tr\\\/urun\\\/eheim-tutuculu-valf\\\/\",\"url\":\"https:\\\/\\\/anadolupet.com.tr\\\/urun\\\/eheim-tutuculu-valf\\\/\",\"name\":\"EHEIM Tutuculu Valf - Anadolu Pet Grup\",\"isPartOf\":{\"@id\":\"https:\\\/\\\/anadolupet.com.tr\\\/#website\"},\"primaryImageOfPage\":{\"@id\":\"https:\\\/\\\/anadolupet.com.tr\\\/urun\\\/eheim-tutuculu-valf\\\/#primaryimage\"},\"image\":{\"@id\":\"https:\\\/\\\/anadolupet.com.tr\\\/urun\\\/eheim-tutuculu-valf\\\/#primaryimage\"},\"thumbnailUrl\":\"https:\\\/\\\/anadolupet.com.tr\\\/wp-content\\\/uploads\\\/2026\\\/02\\\/110-7428580.jpg\",\"datePublished\":\"2026-02-14T14:40:48+00:00\",\"dateModified\":\"2026-02-23T12:48:29+00:00\",\"breadcrumb\":{\"@id\":\"https:\\\/\\\/anadolupet.com.tr\\\/urun\\\/eheim-tutuculu-valf\\\/#breadcrumb\"},\"inLanguage\":\"en-US\",\"potentialAction\":[{\"@type\":\"ReadAction\",\"target\":[\"https:\\\/\\\/anadolupet.com.tr\\\/urun\\\/eheim-tutuculu-valf\\\/\"]}]},{\"@type\":\"ImageObject\",\"inLanguage\":\"en-US\",\"@id\":\"https:\\\/\\\/anadolupet.com.tr\\\/urun\\\/eheim-tutuculu-valf\\\/#primaryimage\",\"url\":\"https:\\\/\\\/anadolupet.com.tr\\\/wp-content\\\/uploads\\\/2026\\\/02\\\/110-7428580.jpg\",\"contentUrl\":\"https:\\\/\\\/anadolupet.com.tr\\\/wp-content\\\/uploads\\\/2026\\\/02\\\/110-7428580.jpg\",\"width\":750,\"height\":750},{\"@type\":\"BreadcrumbList\",\"@id\":\"https:\\\/\\\/anadolupet.com.tr\\\/urun\\\/eheim-tutuculu-valf\\\/#breadcrumb\",\"itemListElement\":[{\"@type\":\"ListItem\",\"position\":1,\"name\":\"Anasayfa\",\"item\":\"https:\\\/\\\/anadolupet.com.tr\\\/\"},{\"@type\":\"ListItem\",\"position\":2,\"name\":\"\u00dcr\u00fcnler\",\"item\":\"https:\\\/\\\/anadolupet.com.tr\\\/urunler\\\/\"},{\"@type\":\"ListItem\",\"position\":3,\"name\":\"EHEIM Tutuculu Valf\"}]},{\"@type\":\"WebSite\",\"@id\":\"https:\\\/\\\/anadolupet.com.tr\\\/#website\",\"url\":\"https:\\\/\\\/anadolupet.com.tr\\\/\",\"name\":\"Anadolu Pet Grup\",\"description\":\"Her Can\u0131n \u0130yi Ya\u015fam\u0131 \u0130\u00e7in Biraraday\u0131z\",\"publisher\":{\"@id\":\"https:\\\/\\\/anadolupet.com.tr\\\/#organization\"},\"potentialAction\":[{\"@type\":\"SearchAction\",\"target\":{\"@type\":\"EntryPoint\",\"urlTemplate\":\"https:\\\/\\\/anadolupet.com.tr\\\/?s={search_term_string}\"},\"query-input\":{\"@type\":\"PropertyValueSpecification\",\"valueRequired\":true,\"valueName\":\"search_term_string\"}}],\"inLanguage\":\"en-US\"},{\"@type\":\"Organization\",\"@id\":\"https:\\\/\\\/anadolupet.com.tr\\\/#organization\",\"name\":\"Anadolu Pet Grup\",\"alternateName\":\"Anadolu Pet\",\"url\":\"https:\\\/\\\/anadolupet.com.tr\\\/\",\"logo\":{\"@type\":\"ImageObject\",\"inLanguage\":\"en-US\",\"@id\":\"https:\\\/\\\/anadolupet.com.tr\\\/#\\\/schema\\\/logo\\\/image\\\/\",\"url\":\"https:\\\/\\\/anadolupet.com.tr\\\/wp-content\\\/uploads\\\/2026\\\/03\\\/1614666743370.jpg\",\"contentUrl\":\"https:\\\/\\\/anadolupet.com.tr\\\/wp-content\\\/uploads\\\/2026\\\/03\\\/1614666743370.jpg\",\"width\":800,\"height\":571,\"caption\":\"Anadolu Pet Grup\"},\"image\":{\"@id\":\"https:\\\/\\\/anadolupet.com.tr\\\/#\\\/schema\\\/logo\\\/image\\\/\"}}]}<\/script>\n<!-- \/ Yoast SEO plugin. -->","yoast_head_json":{"title":"EHEIM Tutuculu Valf - Anadolu Pet Grup","robots":{"index":"index","follow":"follow","max-snippet":"max-snippet:-1","max-image-preview":"max-image-preview:large","max-video-preview":"max-video-preview:-1"},"canonical":"https:\/\/anadolupet.com.tr\/en\/product\/eheim-tutuculu-valf\/","og_locale":"en_US","og_type":"article","og_title":"EHEIM Tutuculu Valf - Anadolu Pet Grup","og_description":"EHEIM orijinal tutuculu valf, d\u0131\u015f filtre hortum ba\u011flant\u0131lar\u0131nda g\u00fcvenli sabitleme ve s\u0131zd\u0131rmazl\u0131k sa\u011flar. Filtrenin bak\u0131m s\u0131ras\u0131nda kolayca ayr\u0131lmas\u0131na ve yeniden ba\u011flanmas\u0131na yard\u0131mc\u0131 olur. Tatl\u0131 ve tuzlu su akvaryumlar\u0131nda kullan\u0131labilir. Uyumlu Modeller: Professionel 3 Serisi: 250 \/ 350 \/ 600, 250T \/ 350T, 1200XL \/ 1200XLT Professionel 3e Serisi: 350 \/ 450 \/ 700, 600T Professionel 4+ Serisi: 250 \/ 350 \/ 600, 250T \/ 350T Professionel 4e+ Serisi: 350 Professionel 5e Serisi: 350 \/ 450 \/ 700, 600T Di\u011fer Modeller: 2271 \/ 2273 \/ 2274 \/ 2275 \/ 2277, 2371 \/ 2373 \/ 2375, 2076 \/ 2078, 2178, 2080, 2180","og_url":"https:\/\/anadolupet.com.tr\/en\/product\/eheim-tutuculu-valf\/","og_site_name":"Anadolu Pet Grup","article_modified_time":"2026-02-23T12:48:29+00:00","og_image":[{"width":750,"height":750,"url":"https:\/\/anadolupet.com.tr\/wp-content\/uploads\/2026\/02\/110-7428580.jpg","type":"image\/jpeg"}],"twitter_card":"summary_large_image","schema":{"@context":"https:\/\/schema.org","@graph":[{"@type":"WebPage","@id":"https:\/\/anadolupet.com.tr\/urun\/eheim-tutuculu-valf\/","url":"https:\/\/anadolupet.com.tr\/urun\/eheim-tutuculu-valf\/","name":"EHEIM Tutuculu Valf - Anadolu Pet Grup","isPartOf":{"@id":"https:\/\/anadolupet.com.tr\/#website"},"primaryImageOfPage":{"@id":"https:\/\/anadolupet.com.tr\/urun\/eheim-tutuculu-valf\/#primaryimage"},"image":{"@id":"https:\/\/anadolupet.com.tr\/urun\/eheim-tutuculu-valf\/#primaryimage"},"thumbnailUrl":"https:\/\/anadolupet.com.tr\/wp-content\/uploads\/2026\/02\/110-7428580.jpg","datePublished":"2026-02-14T14:40:48+00:00","dateModified":"2026-02-23T12:48:29+00:00","breadcrumb":{"@id":"https:\/\/anadolupet.com.tr\/urun\/eheim-tutuculu-valf\/#breadcrumb"},"inLanguage":"en-US","potentialAction":[{"@type":"ReadAction","target":["https:\/\/anadolupet.com.tr\/urun\/eheim-tutuculu-valf\/"]}]},{"@type":"ImageObject","inLanguage":"en-US","@id":"https:\/\/anadolupet.com.tr\/urun\/eheim-tutuculu-valf\/#primaryimage","url":"https:\/\/anadolupet.com.tr\/wp-content\/uploads\/2026\/02\/110-7428580.jpg","contentUrl":"https:\/\/anadolupet.com.tr\/wp-content\/uploads\/2026\/02\/110-7428580.jpg","width":750,"height":750},{"@type":"BreadcrumbList","@id":"https:\/\/anadolupet.com.tr\/urun\/eheim-tutuculu-valf\/#breadcrumb","itemListElement":[{"@type":"ListItem","position":1,"name":"Anasayfa","item":"https:\/\/anadolupet.com.tr\/"},{"@type":"ListItem","position":2,"name":"\u00dcr\u00fcnler","item":"https:\/\/anadolupet.com.tr\/urunler\/"},{"@type":"ListItem","position":3,"name":"EHEIM Tutuculu Valf"}]},{"@type":"WebSite","@id":"https:\/\/anadolupet.com.tr\/#website","url":"https:\/\/anadolupet.com.tr\/","name":"Anadolu Pet Group","description":"We Stand Together for the Well-Being of Every Life","publisher":{"@id":"https:\/\/anadolupet.com.tr\/#organization"},"potentialAction":[{"@type":"SearchAction","target":{"@type":"EntryPoint","urlTemplate":"https:\/\/anadolupet.com.tr\/?s={search_term_string}"},"query-input":{"@type":"PropertyValueSpecification","valueRequired":true,"valueName":"search_term_string"}}],"inLanguage":"en-US"},{"@type":"Organization","@id":"https:\/\/anadolupet.com.tr\/#organization","name":"Anadolu Pet Group","alternateName":"Anadolu Pet","url":"https:\/\/anadolupet.com.tr\/","logo":{"@type":"ImageObject","inLanguage":"en-US","@id":"https:\/\/anadolupet.com.tr\/#\/schema\/logo\/image\/","url":"https:\/\/anadolupet.com.tr\/wp-content\/uploads\/2026\/03\/1614666743370.jpg","contentUrl":"https:\/\/anadolupet.com.tr\/wp-content\/uploads\/2026\/03\/1614666743370.jpg","width":800,"height":571,"caption":"Anadolu Pet Grup"},"image":{"@id":"https:\/\/anadolupet.com.tr\/#\/schema\/logo\/image\/"}}]}},"_links":{"self":[{"href":"https:\/\/anadolupet.com.tr\/en\/wp-json\/wp\/v2\/product\/45170","targetHints":{"allow":["GET"]}}],"collection":[{"href":"https:\/\/anadolupet.com.tr\/en\/wp-json\/wp\/v2\/product"}],"about":[{"href":"https:\/\/anadolupet.com.tr\/en\/wp-json\/wp\/v2\/types\/product"}],"replies":[{"embeddable":true,"href":"https:\/\/anadolupet.com.tr\/en\/wp-json\/wp\/v2\/comments?post=45170"}],"wp:featuredmedia":[{"embeddable":true,"href":"https:\/\/anadolupet.com.tr\/en\/wp-json\/wp\/v2\/media\/42664"}],"wp:attachment":[{"href":"https:\/\/anadolupet.com.tr\/en\/wp-json\/wp\/v2\/media?parent=45170"}],"wp:term":[{"taxonomy":"product_brand","embeddable":true,"href":"https:\/\/anadolupet.com.tr\/en\/wp-json\/wp\/v2\/product_brand?post=45170"},{"taxonomy":"product_cat","embeddable":true,"href":"https:\/\/anadolupet.com.tr\/en\/wp-json\/wp\/v2\/product_cat?post=45170"},{"taxonomy":"product_tag","embeddable":true,"href":"https:\/\/anadolupet.com.tr\/en\/wp-json\/wp\/v2\/product_tag?post=45170"}],"curies":[{"name":"wp","href":"https:\/\/api.w.org\/{rel}","templated":true}]}}