{"id":45176,"date":"2026-02-14T14:40:50","date_gmt":"2026-02-14T14:40:50","guid":{"rendered":"https:\/\/anadolupet.com.tr\/?post_type=product&#038;p=45176"},"modified":"2026-02-23T12:48:29","modified_gmt":"2026-02-23T12:48:29","slug":"eheim-vivalineled-150-led-akvaryum-antrasit","status":"publish","type":"product","link":"https:\/\/anadolupet.com.tr\/en\/urun\/eheim-vivalineled-150-led-akvaryum-antrasit\/","title":{"rendered":"EHEIM VivalineLED 150 LED Akvaryum Antrasit"},"content":{"rendered":"","protected":false},"excerpt":{"rendered":"<p>EHEIM VivalineLED serisi, akvaryum hobisine yeni ba\u015flayanlar ve profesyoneller i\u00e7in eksiksiz bir set sunar. Akvaryum, LED ayd\u0131nlatma, dolap, filtre, \u0131s\u0131t\u0131c\u0131 ve biyolojik filtre malzemeleri ile birlikte gelir. Tek yapman\u0131z gereken bal\u0131k ve bitkileri se\u00e7mektir.<\/p>\n<p>\u00d6ne \u00c7\u0131kan \u00d6zellikler:<\/p>\n<p>Enerji tasarruflu LED ayd\u0131nlatma (hareketli ve konumland\u0131r\u0131labilir)<\/p>\n<p>Dekoratif \u00f6n panel de\u011fi\u015ftirilebilir (dolap renkleri: antrasit, me\u015fe gri, beyaz; aksesuar renkleri: bordo, candy, limon, sky, urban gri)<\/p>\n<p>Kayd\u0131rmal\u0131 cam kapaklar (y\u00fcksek kaliteli al\u00fcminyum kompozit panellerden)<\/p>\n<p>\u00c7er\u00e7eve kablo giri\u015fleri i\u00e7in a\u00e7\u0131l\u0131\u015flarla sabit \u015fekilde yap\u0131\u015ft\u0131r\u0131lm\u0131\u015ft\u0131r<\/p>\n<p>Orijinal EHEIM filtre, \u0131s\u0131t\u0131c\u0131 ve biyolojik filtre malzemeleri dahil<\/p>\n<p>Made in Germany \u2013 uzun \u00f6m\u00fcrl\u00fc ve dayan\u0131kl\u0131 tasar\u0131m<\/p>\n<p>\u00d6l\u00e7\u00fcler (150 Litre Model):<\/p>\n<p>Geni\u015flik: 60 cm<\/p>\n<p>Derinlik: 50 cm<\/p>\n<p>Y\u00fckseklik: Standart seriye uygun<\/p>","protected":false},"featured_media":42788,"comment_status":"open","ping_status":"closed","template":"","meta":{"_acf_changed":false},"product_brand":[],"product_cat":[2400],"product_tag":[],"class_list":{"0":"post-45176","1":"product","2":"type-product","3":"status-publish","4":"has-post-thumbnail","6":"product_cat-mobilyali-akvaryumlar","8":"first","9":"instock","10":"shipping-taxable","11":"product-type-simple"},"acf":[],"yoast_head":"<!-- This site is optimized with the Yoast SEO plugin v27.5 - https:\/\/yoast.com\/product\/yoast-seo-wordpress\/ -->\n<title>EHEIM VivalineLED 150 LED Akvaryum Antrasit - Anadolu Pet Grup<\/title>\n<meta name=\"robots\" content=\"index, follow, max-snippet:-1, max-image-preview:large, max-video-preview:-1\" \/>\n<link rel=\"canonical\" href=\"https:\/\/anadolupet.com.tr\/en\/product\/eheim-vivalineled-150-led-akvaryum-antrasit\/\" \/>\n<meta property=\"og:locale\" content=\"en_US\" \/>\n<meta property=\"og:type\" content=\"article\" \/>\n<meta property=\"og:title\" content=\"EHEIM VivalineLED 150 LED Akvaryum Antrasit - Anadolu Pet Grup\" \/>\n<meta property=\"og:description\" content=\"EHEIM VivalineLED serisi, akvaryum hobisine yeni ba\u015flayanlar ve profesyoneller i\u00e7in eksiksiz bir set sunar. Akvaryum, LED ayd\u0131nlatma, dolap, filtre, \u0131s\u0131t\u0131c\u0131 ve biyolojik filtre malzemeleri ile birlikte gelir. Tek yapman\u0131z gereken bal\u0131k ve bitkileri se\u00e7mektir. \u00d6ne \u00c7\u0131kan \u00d6zellikler: Enerji tasarruflu LED ayd\u0131nlatma (hareketli ve konumland\u0131r\u0131labilir) Dekoratif \u00f6n panel de\u011fi\u015ftirilebilir (dolap renkleri: antrasit, me\u015fe gri, beyaz; aksesuar renkleri: bordo, candy, limon, sky, urban gri) Kayd\u0131rmal\u0131 cam kapaklar (y\u00fcksek kaliteli al\u00fcminyum kompozit panellerden) \u00c7er\u00e7eve kablo giri\u015fleri i\u00e7in a\u00e7\u0131l\u0131\u015flarla sabit \u015fekilde yap\u0131\u015ft\u0131r\u0131lm\u0131\u015ft\u0131r Orijinal EHEIM filtre, \u0131s\u0131t\u0131c\u0131 ve biyolojik filtre malzemeleri dahil Made in Germany \u2013 uzun \u00f6m\u00fcrl\u00fc ve dayan\u0131kl\u0131 tasar\u0131m \u00d6l\u00e7\u00fcler (150 Litre Model): Geni\u015flik: 60 cm Derinlik: 50 cm Y\u00fckseklik: Standart seriye uygun\" \/>\n<meta property=\"og:url\" content=\"https:\/\/anadolupet.com.tr\/en\/product\/eheim-vivalineled-150-led-akvaryum-antrasit\/\" \/>\n<meta property=\"og:site_name\" content=\"Anadolu Pet Grup\" \/>\n<meta property=\"article:modified_time\" content=\"2026-02-23T12:48:29+00:00\" \/>\n<meta property=\"og:image\" content=\"https:\/\/anadolupet.com.tr\/wp-content\/uploads\/2026\/02\/115-613029.jpg\" \/>\n\t<meta property=\"og:image:width\" content=\"750\" \/>\n\t<meta property=\"og:image:height\" content=\"750\" \/>\n\t<meta property=\"og:image:type\" content=\"image\/jpeg\" \/>\n<meta name=\"twitter:card\" content=\"summary_large_image\" \/>\n<script type=\"application\/ld+json\" class=\"yoast-schema-graph\">{\"@context\":\"https:\\\/\\\/schema.org\",\"@graph\":[{\"@type\":\"WebPage\",\"@id\":\"https:\\\/\\\/anadolupet.com.tr\\\/urun\\\/eheim-vivalineled-150-led-akvaryum-antrasit\\\/\",\"url\":\"https:\\\/\\\/anadolupet.com.tr\\\/urun\\\/eheim-vivalineled-150-led-akvaryum-antrasit\\\/\",\"name\":\"EHEIM VivalineLED 150 LED Akvaryum Antrasit - Anadolu Pet Grup\",\"isPartOf\":{\"@id\":\"https:\\\/\\\/anadolupet.com.tr\\\/#website\"},\"primaryImageOfPage\":{\"@id\":\"https:\\\/\\\/anadolupet.com.tr\\\/urun\\\/eheim-vivalineled-150-led-akvaryum-antrasit\\\/#primaryimage\"},\"image\":{\"@id\":\"https:\\\/\\\/anadolupet.com.tr\\\/urun\\\/eheim-vivalineled-150-led-akvaryum-antrasit\\\/#primaryimage\"},\"thumbnailUrl\":\"https:\\\/\\\/anadolupet.com.tr\\\/wp-content\\\/uploads\\\/2026\\\/02\\\/115-613029.jpg\",\"datePublished\":\"2026-02-14T14:40:50+00:00\",\"dateModified\":\"2026-02-23T12:48:29+00:00\",\"breadcrumb\":{\"@id\":\"https:\\\/\\\/anadolupet.com.tr\\\/urun\\\/eheim-vivalineled-150-led-akvaryum-antrasit\\\/#breadcrumb\"},\"inLanguage\":\"en-US\",\"potentialAction\":[{\"@type\":\"ReadAction\",\"target\":[\"https:\\\/\\\/anadolupet.com.tr\\\/urun\\\/eheim-vivalineled-150-led-akvaryum-antrasit\\\/\"]}]},{\"@type\":\"ImageObject\",\"inLanguage\":\"en-US\",\"@id\":\"https:\\\/\\\/anadolupet.com.tr\\\/urun\\\/eheim-vivalineled-150-led-akvaryum-antrasit\\\/#primaryimage\",\"url\":\"https:\\\/\\\/anadolupet.com.tr\\\/wp-content\\\/uploads\\\/2026\\\/02\\\/115-613029.jpg\",\"contentUrl\":\"https:\\\/\\\/anadolupet.com.tr\\\/wp-content\\\/uploads\\\/2026\\\/02\\\/115-613029.jpg\",\"width\":750,\"height\":750},{\"@type\":\"BreadcrumbList\",\"@id\":\"https:\\\/\\\/anadolupet.com.tr\\\/urun\\\/eheim-vivalineled-150-led-akvaryum-antrasit\\\/#breadcrumb\",\"itemListElement\":[{\"@type\":\"ListItem\",\"position\":1,\"name\":\"Anasayfa\",\"item\":\"https:\\\/\\\/anadolupet.com.tr\\\/\"},{\"@type\":\"ListItem\",\"position\":2,\"name\":\"\u00dcr\u00fcnler\",\"item\":\"https:\\\/\\\/anadolupet.com.tr\\\/urunler\\\/\"},{\"@type\":\"ListItem\",\"position\":3,\"name\":\"EHEIM VivalineLED 150 LED Akvaryum Antrasit\"}]},{\"@type\":\"WebSite\",\"@id\":\"https:\\\/\\\/anadolupet.com.tr\\\/#website\",\"url\":\"https:\\\/\\\/anadolupet.com.tr\\\/\",\"name\":\"Anadolu Pet Grup\",\"description\":\"Her Can\u0131n \u0130yi Ya\u015fam\u0131 \u0130\u00e7in Biraraday\u0131z\",\"publisher\":{\"@id\":\"https:\\\/\\\/anadolupet.com.tr\\\/#organization\"},\"potentialAction\":[{\"@type\":\"SearchAction\",\"target\":{\"@type\":\"EntryPoint\",\"urlTemplate\":\"https:\\\/\\\/anadolupet.com.tr\\\/?s={search_term_string}\"},\"query-input\":{\"@type\":\"PropertyValueSpecification\",\"valueRequired\":true,\"valueName\":\"search_term_string\"}}],\"inLanguage\":\"en-US\"},{\"@type\":\"Organization\",\"@id\":\"https:\\\/\\\/anadolupet.com.tr\\\/#organization\",\"name\":\"Anadolu Pet Grup\",\"alternateName\":\"Anadolu Pet\",\"url\":\"https:\\\/\\\/anadolupet.com.tr\\\/\",\"logo\":{\"@type\":\"ImageObject\",\"inLanguage\":\"en-US\",\"@id\":\"https:\\\/\\\/anadolupet.com.tr\\\/#\\\/schema\\\/logo\\\/image\\\/\",\"url\":\"https:\\\/\\\/anadolupet.com.tr\\\/wp-content\\\/uploads\\\/2026\\\/03\\\/1614666743370.jpg\",\"contentUrl\":\"https:\\\/\\\/anadolupet.com.tr\\\/wp-content\\\/uploads\\\/2026\\\/03\\\/1614666743370.jpg\",\"width\":800,\"height\":571,\"caption\":\"Anadolu Pet Grup\"},\"image\":{\"@id\":\"https:\\\/\\\/anadolupet.com.tr\\\/#\\\/schema\\\/logo\\\/image\\\/\"}}]}<\/script>\n<!-- \/ Yoast SEO plugin. -->","yoast_head_json":{"title":"EHEIM VivalineLED 150 LED Akvaryum Antrasit - Anadolu Pet Grup","robots":{"index":"index","follow":"follow","max-snippet":"max-snippet:-1","max-image-preview":"max-image-preview:large","max-video-preview":"max-video-preview:-1"},"canonical":"https:\/\/anadolupet.com.tr\/en\/product\/eheim-vivalineled-150-led-akvaryum-antrasit\/","og_locale":"en_US","og_type":"article","og_title":"EHEIM VivalineLED 150 LED Akvaryum Antrasit - Anadolu Pet Grup","og_description":"EHEIM VivalineLED serisi, akvaryum hobisine yeni ba\u015flayanlar ve profesyoneller i\u00e7in eksiksiz bir set sunar. Akvaryum, LED ayd\u0131nlatma, dolap, filtre, \u0131s\u0131t\u0131c\u0131 ve biyolojik filtre malzemeleri ile birlikte gelir. Tek yapman\u0131z gereken bal\u0131k ve bitkileri se\u00e7mektir. \u00d6ne \u00c7\u0131kan \u00d6zellikler: Enerji tasarruflu LED ayd\u0131nlatma (hareketli ve konumland\u0131r\u0131labilir) Dekoratif \u00f6n panel de\u011fi\u015ftirilebilir (dolap renkleri: antrasit, me\u015fe gri, beyaz; aksesuar renkleri: bordo, candy, limon, sky, urban gri) Kayd\u0131rmal\u0131 cam kapaklar (y\u00fcksek kaliteli al\u00fcminyum kompozit panellerden) \u00c7er\u00e7eve kablo giri\u015fleri i\u00e7in a\u00e7\u0131l\u0131\u015flarla sabit \u015fekilde yap\u0131\u015ft\u0131r\u0131lm\u0131\u015ft\u0131r Orijinal EHEIM filtre, \u0131s\u0131t\u0131c\u0131 ve biyolojik filtre malzemeleri dahil Made in Germany \u2013 uzun \u00f6m\u00fcrl\u00fc ve dayan\u0131kl\u0131 tasar\u0131m \u00d6l\u00e7\u00fcler (150 Litre Model): Geni\u015flik: 60 cm Derinlik: 50 cm Y\u00fckseklik: Standart seriye uygun","og_url":"https:\/\/anadolupet.com.tr\/en\/product\/eheim-vivalineled-150-led-akvaryum-antrasit\/","og_site_name":"Anadolu Pet Grup","article_modified_time":"2026-02-23T12:48:29+00:00","og_image":[{"width":750,"height":750,"url":"https:\/\/anadolupet.com.tr\/wp-content\/uploads\/2026\/02\/115-613029.jpg","type":"image\/jpeg"}],"twitter_card":"summary_large_image","schema":{"@context":"https:\/\/schema.org","@graph":[{"@type":"WebPage","@id":"https:\/\/anadolupet.com.tr\/urun\/eheim-vivalineled-150-led-akvaryum-antrasit\/","url":"https:\/\/anadolupet.com.tr\/urun\/eheim-vivalineled-150-led-akvaryum-antrasit\/","name":"EHEIM VivalineLED 150 LED Akvaryum Antrasit - Anadolu Pet Grup","isPartOf":{"@id":"https:\/\/anadolupet.com.tr\/#website"},"primaryImageOfPage":{"@id":"https:\/\/anadolupet.com.tr\/urun\/eheim-vivalineled-150-led-akvaryum-antrasit\/#primaryimage"},"image":{"@id":"https:\/\/anadolupet.com.tr\/urun\/eheim-vivalineled-150-led-akvaryum-antrasit\/#primaryimage"},"thumbnailUrl":"https:\/\/anadolupet.com.tr\/wp-content\/uploads\/2026\/02\/115-613029.jpg","datePublished":"2026-02-14T14:40:50+00:00","dateModified":"2026-02-23T12:48:29+00:00","breadcrumb":{"@id":"https:\/\/anadolupet.com.tr\/urun\/eheim-vivalineled-150-led-akvaryum-antrasit\/#breadcrumb"},"inLanguage":"en-US","potentialAction":[{"@type":"ReadAction","target":["https:\/\/anadolupet.com.tr\/urun\/eheim-vivalineled-150-led-akvaryum-antrasit\/"]}]},{"@type":"ImageObject","inLanguage":"en-US","@id":"https:\/\/anadolupet.com.tr\/urun\/eheim-vivalineled-150-led-akvaryum-antrasit\/#primaryimage","url":"https:\/\/anadolupet.com.tr\/wp-content\/uploads\/2026\/02\/115-613029.jpg","contentUrl":"https:\/\/anadolupet.com.tr\/wp-content\/uploads\/2026\/02\/115-613029.jpg","width":750,"height":750},{"@type":"BreadcrumbList","@id":"https:\/\/anadolupet.com.tr\/urun\/eheim-vivalineled-150-led-akvaryum-antrasit\/#breadcrumb","itemListElement":[{"@type":"ListItem","position":1,"name":"Anasayfa","item":"https:\/\/anadolupet.com.tr\/"},{"@type":"ListItem","position":2,"name":"\u00dcr\u00fcnler","item":"https:\/\/anadolupet.com.tr\/urunler\/"},{"@type":"ListItem","position":3,"name":"EHEIM VivalineLED 150 LED Akvaryum Antrasit"}]},{"@type":"WebSite","@id":"https:\/\/anadolupet.com.tr\/#website","url":"https:\/\/anadolupet.com.tr\/","name":"Anadolu Pet Group","description":"We Stand Together for the Well-Being of Every Life","publisher":{"@id":"https:\/\/anadolupet.com.tr\/#organization"},"potentialAction":[{"@type":"SearchAction","target":{"@type":"EntryPoint","urlTemplate":"https:\/\/anadolupet.com.tr\/?s={search_term_string}"},"query-input":{"@type":"PropertyValueSpecification","valueRequired":true,"valueName":"search_term_string"}}],"inLanguage":"en-US"},{"@type":"Organization","@id":"https:\/\/anadolupet.com.tr\/#organization","name":"Anadolu Pet Group","alternateName":"Anadolu Pet","url":"https:\/\/anadolupet.com.tr\/","logo":{"@type":"ImageObject","inLanguage":"en-US","@id":"https:\/\/anadolupet.com.tr\/#\/schema\/logo\/image\/","url":"https:\/\/anadolupet.com.tr\/wp-content\/uploads\/2026\/03\/1614666743370.jpg","contentUrl":"https:\/\/anadolupet.com.tr\/wp-content\/uploads\/2026\/03\/1614666743370.jpg","width":800,"height":571,"caption":"Anadolu Pet Grup"},"image":{"@id":"https:\/\/anadolupet.com.tr\/#\/schema\/logo\/image\/"}}]}},"_links":{"self":[{"href":"https:\/\/anadolupet.com.tr\/en\/wp-json\/wp\/v2\/product\/45176","targetHints":{"allow":["GET"]}}],"collection":[{"href":"https:\/\/anadolupet.com.tr\/en\/wp-json\/wp\/v2\/product"}],"about":[{"href":"https:\/\/anadolupet.com.tr\/en\/wp-json\/wp\/v2\/types\/product"}],"replies":[{"embeddable":true,"href":"https:\/\/anadolupet.com.tr\/en\/wp-json\/wp\/v2\/comments?post=45176"}],"wp:featuredmedia":[{"embeddable":true,"href":"https:\/\/anadolupet.com.tr\/en\/wp-json\/wp\/v2\/media\/42788"}],"wp:attachment":[{"href":"https:\/\/anadolupet.com.tr\/en\/wp-json\/wp\/v2\/media?parent=45176"}],"wp:term":[{"taxonomy":"product_brand","embeddable":true,"href":"https:\/\/anadolupet.com.tr\/en\/wp-json\/wp\/v2\/product_brand?post=45176"},{"taxonomy":"product_cat","embeddable":true,"href":"https:\/\/anadolupet.com.tr\/en\/wp-json\/wp\/v2\/product_cat?post=45176"},{"taxonomy":"product_tag","embeddable":true,"href":"https:\/\/anadolupet.com.tr\/en\/wp-json\/wp\/v2\/product_tag?post=45176"}],"curies":[{"name":"wp","href":"https:\/\/api.w.org\/{rel}","templated":true}]}}