{"id":45191,"date":"2026-02-14T14:40:51","date_gmt":"2026-02-14T14:40:51","guid":{"rendered":"https:\/\/anadolupet.com.tr\/?post_type=product&#038;p=45191"},"modified":"2026-02-23T12:48:31","modified_gmt":"2026-02-23T12:48:31","slug":"eheim-yedek-sunger-kalin-2li-2215","status":"publish","type":"product","link":"https:\/\/anadolupet.com.tr\/en\/urun\/eheim-yedek-sunger-kalin-2li-2215\/","title":{"rendered":"EHEIM Yedek S\u00fcnger Kal\u0131n 2&#8217;li (2215)"},"content":{"rendered":"","protected":false},"excerpt":{"rendered":"<p>EHEIM filtre pedleri, akvaryum suyunun temizli\u011fi i\u00e7in mekanik ve biyolojik filtrasyon sa\u011flar. G\u00f6zenekli yap\u0131s\u0131 sayesinde suyun e\u015fit \u015fekilde s\u00fcz\u00fclmesini sa\u011flar, hem b\u00fcy\u00fck hem k\u00fc\u00e7\u00fck kir par\u00e7ac\u0131klar\u0131n\u0131 yakalar. K\u0131sa bir kullan\u0131m s\u00fcresinden sonra \u00f6zel yap\u0131l\u0131 k\u00f6p\u00fck y\u00fczeyinde yararl\u0131 bakteriler kolonile\u015fir ve zararl\u0131 maddelerin biyolojik olarak par\u00e7alanmas\u0131na katk\u0131da bulunur.<br \/>\nDefalarca kullan\u0131labilir ve kolayca temizlenebilir. Temizlik s\u0131ras\u0131nda yaln\u0131zca durulay\u0131p s\u0131kmak yeterlidir, b\u00f6ylece bakteriler tamamen yok edilmez ve filtrasyon performans\u0131 korunur.<br \/>\n\u00d6ne \u00c7\u0131kan \u00d6zellikler<br \/>\nG\u00f6zenekli yap\u0131 ile b\u00fcy\u00fck ve k\u00fc\u00e7\u00fck kir par\u00e7ac\u0131klar\u0131n\u0131 etkili \u015fekilde tutar<br \/>\nYararl\u0131 bakteriler i\u00e7in ideal kolonile\u015fme y\u00fczeyi<br \/>\nDefalarca kullan\u0131labilir<br \/>\nKolay temizlik: sadece durulay\u0131p s\u0131kmak yeterlidir<\/p>","protected":false},"featured_media":42373,"comment_status":"open","ping_status":"closed","template":"","meta":{"_acf_changed":false},"product_brand":[],"product_cat":[2412],"product_tag":[],"class_list":{"0":"post-45191","1":"product","2":"type-product","3":"status-publish","4":"has-post-thumbnail","6":"product_cat-sunger-ve-elyaflar","8":"first","9":"instock","10":"shipping-taxable","11":"product-type-simple"},"acf":[],"yoast_head":"<!-- This site is optimized with the Yoast SEO plugin v27.5 - https:\/\/yoast.com\/product\/yoast-seo-wordpress\/ -->\n<title>EHEIM Yedek S\u00fcnger Kal\u0131n 2&#039;li (2215) - Anadolu Pet Grup<\/title>\n<meta name=\"robots\" content=\"index, follow, max-snippet:-1, max-image-preview:large, max-video-preview:-1\" \/>\n<link rel=\"canonical\" href=\"https:\/\/anadolupet.com.tr\/en\/product\/eheim-yedek-sunger-kalin-2li-2215\/\" \/>\n<meta property=\"og:locale\" content=\"en_US\" \/>\n<meta property=\"og:type\" content=\"article\" \/>\n<meta property=\"og:title\" content=\"EHEIM Yedek S\u00fcnger Kal\u0131n 2&#039;li (2215) - Anadolu Pet Grup\" \/>\n<meta property=\"og:description\" content=\"EHEIM filtre pedleri, akvaryum suyunun temizli\u011fi i\u00e7in mekanik ve biyolojik filtrasyon sa\u011flar. G\u00f6zenekli yap\u0131s\u0131 sayesinde suyun e\u015fit \u015fekilde s\u00fcz\u00fclmesini sa\u011flar, hem b\u00fcy\u00fck hem k\u00fc\u00e7\u00fck kir par\u00e7ac\u0131klar\u0131n\u0131 yakalar. K\u0131sa bir kullan\u0131m s\u00fcresinden sonra \u00f6zel yap\u0131l\u0131 k\u00f6p\u00fck y\u00fczeyinde yararl\u0131 bakteriler kolonile\u015fir ve zararl\u0131 maddelerin biyolojik olarak par\u00e7alanmas\u0131na katk\u0131da bulunur. Defalarca kullan\u0131labilir ve kolayca temizlenebilir. Temizlik s\u0131ras\u0131nda yaln\u0131zca durulay\u0131p s\u0131kmak yeterlidir, b\u00f6ylece bakteriler tamamen yok edilmez ve filtrasyon performans\u0131 korunur. \u00d6ne \u00c7\u0131kan \u00d6zellikler G\u00f6zenekli yap\u0131 ile b\u00fcy\u00fck ve k\u00fc\u00e7\u00fck kir par\u00e7ac\u0131klar\u0131n\u0131 etkili \u015fekilde tutar Yararl\u0131 bakteriler i\u00e7in ideal kolonile\u015fme y\u00fczeyi Defalarca kullan\u0131labilir Kolay temizlik: sadece durulay\u0131p s\u0131kmak yeterlidir\" \/>\n<meta property=\"og:url\" content=\"https:\/\/anadolupet.com.tr\/en\/product\/eheim-yedek-sunger-kalin-2li-2215\/\" \/>\n<meta property=\"og:site_name\" content=\"Anadolu Pet Grup\" \/>\n<meta property=\"article:modified_time\" content=\"2026-02-23T12:48:31+00:00\" \/>\n<meta property=\"og:image\" content=\"https:\/\/anadolupet.com.tr\/wp-content\/uploads\/2026\/02\/105-2616151.jpg\" \/>\n\t<meta property=\"og:image:width\" content=\"750\" \/>\n\t<meta property=\"og:image:height\" content=\"750\" \/>\n\t<meta property=\"og:image:type\" content=\"image\/jpeg\" \/>\n<meta name=\"twitter:card\" content=\"summary_large_image\" \/>\n<script type=\"application\/ld+json\" class=\"yoast-schema-graph\">{\"@context\":\"https:\\\/\\\/schema.org\",\"@graph\":[{\"@type\":\"WebPage\",\"@id\":\"https:\\\/\\\/anadolupet.com.tr\\\/urun\\\/eheim-yedek-sunger-kalin-2li-2215\\\/\",\"url\":\"https:\\\/\\\/anadolupet.com.tr\\\/urun\\\/eheim-yedek-sunger-kalin-2li-2215\\\/\",\"name\":\"EHEIM Yedek S\u00fcnger Kal\u0131n 2'li (2215) - Anadolu Pet Grup\",\"isPartOf\":{\"@id\":\"https:\\\/\\\/anadolupet.com.tr\\\/#website\"},\"primaryImageOfPage\":{\"@id\":\"https:\\\/\\\/anadolupet.com.tr\\\/urun\\\/eheim-yedek-sunger-kalin-2li-2215\\\/#primaryimage\"},\"image\":{\"@id\":\"https:\\\/\\\/anadolupet.com.tr\\\/urun\\\/eheim-yedek-sunger-kalin-2li-2215\\\/#primaryimage\"},\"thumbnailUrl\":\"https:\\\/\\\/anadolupet.com.tr\\\/wp-content\\\/uploads\\\/2026\\\/02\\\/105-2616151.jpg\",\"datePublished\":\"2026-02-14T14:40:51+00:00\",\"dateModified\":\"2026-02-23T12:48:31+00:00\",\"breadcrumb\":{\"@id\":\"https:\\\/\\\/anadolupet.com.tr\\\/urun\\\/eheim-yedek-sunger-kalin-2li-2215\\\/#breadcrumb\"},\"inLanguage\":\"en-US\",\"potentialAction\":[{\"@type\":\"ReadAction\",\"target\":[\"https:\\\/\\\/anadolupet.com.tr\\\/urun\\\/eheim-yedek-sunger-kalin-2li-2215\\\/\"]}]},{\"@type\":\"ImageObject\",\"inLanguage\":\"en-US\",\"@id\":\"https:\\\/\\\/anadolupet.com.tr\\\/urun\\\/eheim-yedek-sunger-kalin-2li-2215\\\/#primaryimage\",\"url\":\"https:\\\/\\\/anadolupet.com.tr\\\/wp-content\\\/uploads\\\/2026\\\/02\\\/105-2616151.jpg\",\"contentUrl\":\"https:\\\/\\\/anadolupet.com.tr\\\/wp-content\\\/uploads\\\/2026\\\/02\\\/105-2616151.jpg\",\"width\":750,\"height\":750},{\"@type\":\"BreadcrumbList\",\"@id\":\"https:\\\/\\\/anadolupet.com.tr\\\/urun\\\/eheim-yedek-sunger-kalin-2li-2215\\\/#breadcrumb\",\"itemListElement\":[{\"@type\":\"ListItem\",\"position\":1,\"name\":\"Anasayfa\",\"item\":\"https:\\\/\\\/anadolupet.com.tr\\\/\"},{\"@type\":\"ListItem\",\"position\":2,\"name\":\"\u00dcr\u00fcnler\",\"item\":\"https:\\\/\\\/anadolupet.com.tr\\\/urunler\\\/\"},{\"@type\":\"ListItem\",\"position\":3,\"name\":\"EHEIM Yedek S\u00fcnger Kal\u0131n 2&#8217;li (2215)\"}]},{\"@type\":\"WebSite\",\"@id\":\"https:\\\/\\\/anadolupet.com.tr\\\/#website\",\"url\":\"https:\\\/\\\/anadolupet.com.tr\\\/\",\"name\":\"Anadolu Pet Grup\",\"description\":\"Her Can\u0131n \u0130yi Ya\u015fam\u0131 \u0130\u00e7in Biraraday\u0131z\",\"publisher\":{\"@id\":\"https:\\\/\\\/anadolupet.com.tr\\\/#organization\"},\"potentialAction\":[{\"@type\":\"SearchAction\",\"target\":{\"@type\":\"EntryPoint\",\"urlTemplate\":\"https:\\\/\\\/anadolupet.com.tr\\\/?s={search_term_string}\"},\"query-input\":{\"@type\":\"PropertyValueSpecification\",\"valueRequired\":true,\"valueName\":\"search_term_string\"}}],\"inLanguage\":\"en-US\"},{\"@type\":\"Organization\",\"@id\":\"https:\\\/\\\/anadolupet.com.tr\\\/#organization\",\"name\":\"Anadolu Pet Grup\",\"alternateName\":\"Anadolu Pet\",\"url\":\"https:\\\/\\\/anadolupet.com.tr\\\/\",\"logo\":{\"@type\":\"ImageObject\",\"inLanguage\":\"en-US\",\"@id\":\"https:\\\/\\\/anadolupet.com.tr\\\/#\\\/schema\\\/logo\\\/image\\\/\",\"url\":\"https:\\\/\\\/anadolupet.com.tr\\\/wp-content\\\/uploads\\\/2026\\\/03\\\/1614666743370.jpg\",\"contentUrl\":\"https:\\\/\\\/anadolupet.com.tr\\\/wp-content\\\/uploads\\\/2026\\\/03\\\/1614666743370.jpg\",\"width\":800,\"height\":571,\"caption\":\"Anadolu Pet Grup\"},\"image\":{\"@id\":\"https:\\\/\\\/anadolupet.com.tr\\\/#\\\/schema\\\/logo\\\/image\\\/\"}}]}<\/script>\n<!-- \/ Yoast SEO plugin. -->","yoast_head_json":{"title":"EHEIM Yedek S\u00fcnger Kal\u0131n 2'li (2215) - Anadolu Pet Grup","robots":{"index":"index","follow":"follow","max-snippet":"max-snippet:-1","max-image-preview":"max-image-preview:large","max-video-preview":"max-video-preview:-1"},"canonical":"https:\/\/anadolupet.com.tr\/en\/product\/eheim-yedek-sunger-kalin-2li-2215\/","og_locale":"en_US","og_type":"article","og_title":"EHEIM Yedek S\u00fcnger Kal\u0131n 2'li (2215) - Anadolu Pet Grup","og_description":"EHEIM filtre pedleri, akvaryum suyunun temizli\u011fi i\u00e7in mekanik ve biyolojik filtrasyon sa\u011flar. G\u00f6zenekli yap\u0131s\u0131 sayesinde suyun e\u015fit \u015fekilde s\u00fcz\u00fclmesini sa\u011flar, hem b\u00fcy\u00fck hem k\u00fc\u00e7\u00fck kir par\u00e7ac\u0131klar\u0131n\u0131 yakalar. K\u0131sa bir kullan\u0131m s\u00fcresinden sonra \u00f6zel yap\u0131l\u0131 k\u00f6p\u00fck y\u00fczeyinde yararl\u0131 bakteriler kolonile\u015fir ve zararl\u0131 maddelerin biyolojik olarak par\u00e7alanmas\u0131na katk\u0131da bulunur. Defalarca kullan\u0131labilir ve kolayca temizlenebilir. Temizlik s\u0131ras\u0131nda yaln\u0131zca durulay\u0131p s\u0131kmak yeterlidir, b\u00f6ylece bakteriler tamamen yok edilmez ve filtrasyon performans\u0131 korunur. \u00d6ne \u00c7\u0131kan \u00d6zellikler G\u00f6zenekli yap\u0131 ile b\u00fcy\u00fck ve k\u00fc\u00e7\u00fck kir par\u00e7ac\u0131klar\u0131n\u0131 etkili \u015fekilde tutar Yararl\u0131 bakteriler i\u00e7in ideal kolonile\u015fme y\u00fczeyi Defalarca kullan\u0131labilir Kolay temizlik: sadece durulay\u0131p s\u0131kmak yeterlidir","og_url":"https:\/\/anadolupet.com.tr\/en\/product\/eheim-yedek-sunger-kalin-2li-2215\/","og_site_name":"Anadolu Pet Grup","article_modified_time":"2026-02-23T12:48:31+00:00","og_image":[{"width":750,"height":750,"url":"https:\/\/anadolupet.com.tr\/wp-content\/uploads\/2026\/02\/105-2616151.jpg","type":"image\/jpeg"}],"twitter_card":"summary_large_image","schema":{"@context":"https:\/\/schema.org","@graph":[{"@type":"WebPage","@id":"https:\/\/anadolupet.com.tr\/urun\/eheim-yedek-sunger-kalin-2li-2215\/","url":"https:\/\/anadolupet.com.tr\/urun\/eheim-yedek-sunger-kalin-2li-2215\/","name":"EHEIM Yedek S\u00fcnger Kal\u0131n 2'li (2215) - Anadolu Pet Grup","isPartOf":{"@id":"https:\/\/anadolupet.com.tr\/#website"},"primaryImageOfPage":{"@id":"https:\/\/anadolupet.com.tr\/urun\/eheim-yedek-sunger-kalin-2li-2215\/#primaryimage"},"image":{"@id":"https:\/\/anadolupet.com.tr\/urun\/eheim-yedek-sunger-kalin-2li-2215\/#primaryimage"},"thumbnailUrl":"https:\/\/anadolupet.com.tr\/wp-content\/uploads\/2026\/02\/105-2616151.jpg","datePublished":"2026-02-14T14:40:51+00:00","dateModified":"2026-02-23T12:48:31+00:00","breadcrumb":{"@id":"https:\/\/anadolupet.com.tr\/urun\/eheim-yedek-sunger-kalin-2li-2215\/#breadcrumb"},"inLanguage":"en-US","potentialAction":[{"@type":"ReadAction","target":["https:\/\/anadolupet.com.tr\/urun\/eheim-yedek-sunger-kalin-2li-2215\/"]}]},{"@type":"ImageObject","inLanguage":"en-US","@id":"https:\/\/anadolupet.com.tr\/urun\/eheim-yedek-sunger-kalin-2li-2215\/#primaryimage","url":"https:\/\/anadolupet.com.tr\/wp-content\/uploads\/2026\/02\/105-2616151.jpg","contentUrl":"https:\/\/anadolupet.com.tr\/wp-content\/uploads\/2026\/02\/105-2616151.jpg","width":750,"height":750},{"@type":"BreadcrumbList","@id":"https:\/\/anadolupet.com.tr\/urun\/eheim-yedek-sunger-kalin-2li-2215\/#breadcrumb","itemListElement":[{"@type":"ListItem","position":1,"name":"Anasayfa","item":"https:\/\/anadolupet.com.tr\/"},{"@type":"ListItem","position":2,"name":"\u00dcr\u00fcnler","item":"https:\/\/anadolupet.com.tr\/urunler\/"},{"@type":"ListItem","position":3,"name":"EHEIM Yedek S\u00fcnger Kal\u0131n 2&#8217;li (2215)"}]},{"@type":"WebSite","@id":"https:\/\/anadolupet.com.tr\/#website","url":"https:\/\/anadolupet.com.tr\/","name":"Anadolu Pet Group","description":"We Stand Together for the Well-Being of Every Life","publisher":{"@id":"https:\/\/anadolupet.com.tr\/#organization"},"potentialAction":[{"@type":"SearchAction","target":{"@type":"EntryPoint","urlTemplate":"https:\/\/anadolupet.com.tr\/?s={search_term_string}"},"query-input":{"@type":"PropertyValueSpecification","valueRequired":true,"valueName":"search_term_string"}}],"inLanguage":"en-US"},{"@type":"Organization","@id":"https:\/\/anadolupet.com.tr\/#organization","name":"Anadolu Pet Group","alternateName":"Anadolu Pet","url":"https:\/\/anadolupet.com.tr\/","logo":{"@type":"ImageObject","inLanguage":"en-US","@id":"https:\/\/anadolupet.com.tr\/#\/schema\/logo\/image\/","url":"https:\/\/anadolupet.com.tr\/wp-content\/uploads\/2026\/03\/1614666743370.jpg","contentUrl":"https:\/\/anadolupet.com.tr\/wp-content\/uploads\/2026\/03\/1614666743370.jpg","width":800,"height":571,"caption":"Anadolu Pet Grup"},"image":{"@id":"https:\/\/anadolupet.com.tr\/#\/schema\/logo\/image\/"}}]}},"_links":{"self":[{"href":"https:\/\/anadolupet.com.tr\/en\/wp-json\/wp\/v2\/product\/45191","targetHints":{"allow":["GET"]}}],"collection":[{"href":"https:\/\/anadolupet.com.tr\/en\/wp-json\/wp\/v2\/product"}],"about":[{"href":"https:\/\/anadolupet.com.tr\/en\/wp-json\/wp\/v2\/types\/product"}],"replies":[{"embeddable":true,"href":"https:\/\/anadolupet.com.tr\/en\/wp-json\/wp\/v2\/comments?post=45191"}],"wp:featuredmedia":[{"embeddable":true,"href":"https:\/\/anadolupet.com.tr\/en\/wp-json\/wp\/v2\/media\/42373"}],"wp:attachment":[{"href":"https:\/\/anadolupet.com.tr\/en\/wp-json\/wp\/v2\/media?parent=45191"}],"wp:term":[{"taxonomy":"product_brand","embeddable":true,"href":"https:\/\/anadolupet.com.tr\/en\/wp-json\/wp\/v2\/product_brand?post=45191"},{"taxonomy":"product_cat","embeddable":true,"href":"https:\/\/anadolupet.com.tr\/en\/wp-json\/wp\/v2\/product_cat?post=45191"},{"taxonomy":"product_tag","embeddable":true,"href":"https:\/\/anadolupet.com.tr\/en\/wp-json\/wp\/v2\/product_tag?post=45191"}],"curies":[{"name":"wp","href":"https:\/\/api.w.org\/{rel}","templated":true}]}}