{"id":45279,"date":"2026-02-14T14:41:10","date_gmt":"2026-02-14T14:41:10","guid":{"rendered":"https:\/\/anadolupet.com.tr\/?post_type=product&#038;p=45279"},"modified":"2026-02-23T12:48:40","modified_gmt":"2026-02-23T12:48:40","slug":"furminator-curry-kedi-ve-kopek-masaj-ve-yikama-fircasi","status":"publish","type":"product","link":"https:\/\/anadolupet.com.tr\/en\/urun\/furminator-curry-kedi-ve-kopek-masaj-ve-yikama-fircasi\/","title":{"rendered":"Furminator Curry Kedi Ve K\u00f6pek Masaj Ve Y\u0131kama F\u0131r\u00e7as\u0131"},"content":{"rendered":"","protected":false},"excerpt":{"rendered":"<p>G\u00fcnl\u00fck tarama, t\u00fcyleri d\u00f6k\u00fcnt\u00fclerden, dola\u015fmadan ve gev\u015fek y\u00fczeyleri ve son kat t\u00fcylerini kald\u0131rarak g\u00fczel g\u00f6r\u00fcnmesini sa\u011flar.<br \/>\nK\u00fcrk sa\u011fl\u0131\u011f\u0131n\u0131 geli\u015ftirmek i\u00e7in do\u011fal ya\u011f \u00fcretimini te\u015fvik etmek i\u00e7in kal\u0131planm\u0131\u015f kau\u00e7uk di\u015flere sahiptir<br \/>\n\u00d6zel yap\u0131s\u0131 sayesinde derideki kan ak\u0131\u015f\u0131n\u0131 destekler,bu sayede derinin ve k\u00fcrk\u00fcn beslenmesini sa\u011flar. Anti-mikrobiyal plastik, mikroplar\u0131 ve bakterileri minimumda tutmaya yard\u0131mc\u0131 olur.<br \/>\nErgonomik yap\u0131s\u0131 kolay bir kullan\u0131m sa\u011flar.<\/p>","protected":false},"featured_media":44123,"comment_status":"open","ping_status":"closed","template":"","meta":{"_acf_changed":false},"product_brand":[],"product_cat":[2446],"product_tag":[],"class_list":{"0":"post-45279","1":"product","2":"type-product","3":"status-publish","4":"has-post-thumbnail","6":"product_cat-fircalar-ve-taraklar-kopek","8":"first","9":"instock","10":"shipping-taxable","11":"product-type-simple"},"acf":[],"yoast_head":"<!-- This site is optimized with the Yoast SEO plugin v27.5 - https:\/\/yoast.com\/product\/yoast-seo-wordpress\/ -->\n<title>Furminator Curry Kedi Ve K\u00f6pek Masaj Ve Y\u0131kama F\u0131r\u00e7as\u0131 - Anadolu Pet Grup<\/title>\n<meta name=\"robots\" content=\"index, follow, max-snippet:-1, max-image-preview:large, max-video-preview:-1\" \/>\n<link rel=\"canonical\" href=\"https:\/\/anadolupet.com.tr\/en\/product\/furminator-curry-kedi-ve-kopek-masaj-ve-yikama-fircasi\/\" \/>\n<meta property=\"og:locale\" content=\"en_US\" \/>\n<meta property=\"og:type\" content=\"article\" \/>\n<meta property=\"og:title\" content=\"Furminator Curry Kedi Ve K\u00f6pek Masaj Ve Y\u0131kama F\u0131r\u00e7as\u0131 - Anadolu Pet Grup\" \/>\n<meta property=\"og:description\" content=\"G\u00fcnl\u00fck tarama, t\u00fcyleri d\u00f6k\u00fcnt\u00fclerden, dola\u015fmadan ve gev\u015fek y\u00fczeyleri ve son kat t\u00fcylerini kald\u0131rarak g\u00fczel g\u00f6r\u00fcnmesini sa\u011flar. K\u00fcrk sa\u011fl\u0131\u011f\u0131n\u0131 geli\u015ftirmek i\u00e7in do\u011fal ya\u011f \u00fcretimini te\u015fvik etmek i\u00e7in kal\u0131planm\u0131\u015f kau\u00e7uk di\u015flere sahiptir \u00d6zel yap\u0131s\u0131 sayesinde derideki kan ak\u0131\u015f\u0131n\u0131 destekler,bu sayede derinin ve k\u00fcrk\u00fcn beslenmesini sa\u011flar. Anti-mikrobiyal plastik, mikroplar\u0131 ve bakterileri minimumda tutmaya yard\u0131mc\u0131 olur. Ergonomik yap\u0131s\u0131 kolay bir kullan\u0131m sa\u011flar.\" \/>\n<meta property=\"og:url\" content=\"https:\/\/anadolupet.com.tr\/en\/product\/furminator-curry-kedi-ve-kopek-masaj-ve-yikama-fircasi\/\" \/>\n<meta property=\"og:site_name\" content=\"Anadolu Pet Grup\" \/>\n<meta property=\"article:modified_time\" content=\"2026-02-23T12:48:40+00:00\" \/>\n<meta property=\"og:image\" content=\"https:\/\/anadolupet.com.tr\/wp-content\/uploads\/2026\/02\/407-691047.jpg\" \/>\n\t<meta property=\"og:image:width\" content=\"750\" \/>\n\t<meta property=\"og:image:height\" content=\"750\" \/>\n\t<meta property=\"og:image:type\" content=\"image\/jpeg\" \/>\n<meta name=\"twitter:card\" content=\"summary_large_image\" \/>\n<script type=\"application\/ld+json\" class=\"yoast-schema-graph\">{\"@context\":\"https:\\\/\\\/schema.org\",\"@graph\":[{\"@type\":\"WebPage\",\"@id\":\"https:\\\/\\\/anadolupet.com.tr\\\/urun\\\/furminator-curry-kedi-ve-kopek-masaj-ve-yikama-fircasi\\\/\",\"url\":\"https:\\\/\\\/anadolupet.com.tr\\\/urun\\\/furminator-curry-kedi-ve-kopek-masaj-ve-yikama-fircasi\\\/\",\"name\":\"Furminator Curry Kedi Ve K\u00f6pek Masaj Ve Y\u0131kama F\u0131r\u00e7as\u0131 - Anadolu Pet Grup\",\"isPartOf\":{\"@id\":\"https:\\\/\\\/anadolupet.com.tr\\\/#website\"},\"primaryImageOfPage\":{\"@id\":\"https:\\\/\\\/anadolupet.com.tr\\\/urun\\\/furminator-curry-kedi-ve-kopek-masaj-ve-yikama-fircasi\\\/#primaryimage\"},\"image\":{\"@id\":\"https:\\\/\\\/anadolupet.com.tr\\\/urun\\\/furminator-curry-kedi-ve-kopek-masaj-ve-yikama-fircasi\\\/#primaryimage\"},\"thumbnailUrl\":\"https:\\\/\\\/anadolupet.com.tr\\\/wp-content\\\/uploads\\\/2026\\\/02\\\/407-691047.jpg\",\"datePublished\":\"2026-02-14T14:41:10+00:00\",\"dateModified\":\"2026-02-23T12:48:40+00:00\",\"breadcrumb\":{\"@id\":\"https:\\\/\\\/anadolupet.com.tr\\\/urun\\\/furminator-curry-kedi-ve-kopek-masaj-ve-yikama-fircasi\\\/#breadcrumb\"},\"inLanguage\":\"en-US\",\"potentialAction\":[{\"@type\":\"ReadAction\",\"target\":[\"https:\\\/\\\/anadolupet.com.tr\\\/urun\\\/furminator-curry-kedi-ve-kopek-masaj-ve-yikama-fircasi\\\/\"]}]},{\"@type\":\"ImageObject\",\"inLanguage\":\"en-US\",\"@id\":\"https:\\\/\\\/anadolupet.com.tr\\\/urun\\\/furminator-curry-kedi-ve-kopek-masaj-ve-yikama-fircasi\\\/#primaryimage\",\"url\":\"https:\\\/\\\/anadolupet.com.tr\\\/wp-content\\\/uploads\\\/2026\\\/02\\\/407-691047.jpg\",\"contentUrl\":\"https:\\\/\\\/anadolupet.com.tr\\\/wp-content\\\/uploads\\\/2026\\\/02\\\/407-691047.jpg\",\"width\":750,\"height\":750},{\"@type\":\"BreadcrumbList\",\"@id\":\"https:\\\/\\\/anadolupet.com.tr\\\/urun\\\/furminator-curry-kedi-ve-kopek-masaj-ve-yikama-fircasi\\\/#breadcrumb\",\"itemListElement\":[{\"@type\":\"ListItem\",\"position\":1,\"name\":\"Anasayfa\",\"item\":\"https:\\\/\\\/anadolupet.com.tr\\\/\"},{\"@type\":\"ListItem\",\"position\":2,\"name\":\"\u00dcr\u00fcnler\",\"item\":\"https:\\\/\\\/anadolupet.com.tr\\\/urunler\\\/\"},{\"@type\":\"ListItem\",\"position\":3,\"name\":\"Furminator Curry Kedi Ve K\u00f6pek Masaj Ve Y\u0131kama F\u0131r\u00e7as\u0131\"}]},{\"@type\":\"WebSite\",\"@id\":\"https:\\\/\\\/anadolupet.com.tr\\\/#website\",\"url\":\"https:\\\/\\\/anadolupet.com.tr\\\/\",\"name\":\"Anadolu Pet Grup\",\"description\":\"Her Can\u0131n \u0130yi Ya\u015fam\u0131 \u0130\u00e7in Biraraday\u0131z\",\"publisher\":{\"@id\":\"https:\\\/\\\/anadolupet.com.tr\\\/#organization\"},\"potentialAction\":[{\"@type\":\"SearchAction\",\"target\":{\"@type\":\"EntryPoint\",\"urlTemplate\":\"https:\\\/\\\/anadolupet.com.tr\\\/?s={search_term_string}\"},\"query-input\":{\"@type\":\"PropertyValueSpecification\",\"valueRequired\":true,\"valueName\":\"search_term_string\"}}],\"inLanguage\":\"en-US\"},{\"@type\":\"Organization\",\"@id\":\"https:\\\/\\\/anadolupet.com.tr\\\/#organization\",\"name\":\"Anadolu Pet Grup\",\"alternateName\":\"Anadolu Pet\",\"url\":\"https:\\\/\\\/anadolupet.com.tr\\\/\",\"logo\":{\"@type\":\"ImageObject\",\"inLanguage\":\"en-US\",\"@id\":\"https:\\\/\\\/anadolupet.com.tr\\\/#\\\/schema\\\/logo\\\/image\\\/\",\"url\":\"https:\\\/\\\/anadolupet.com.tr\\\/wp-content\\\/uploads\\\/2026\\\/03\\\/1614666743370.jpg\",\"contentUrl\":\"https:\\\/\\\/anadolupet.com.tr\\\/wp-content\\\/uploads\\\/2026\\\/03\\\/1614666743370.jpg\",\"width\":800,\"height\":571,\"caption\":\"Anadolu Pet Grup\"},\"image\":{\"@id\":\"https:\\\/\\\/anadolupet.com.tr\\\/#\\\/schema\\\/logo\\\/image\\\/\"}}]}<\/script>\n<!-- \/ Yoast SEO plugin. -->","yoast_head_json":{"title":"Furminator Curry Kedi Ve K\u00f6pek Masaj Ve Y\u0131kama F\u0131r\u00e7as\u0131 - Anadolu Pet Grup","robots":{"index":"index","follow":"follow","max-snippet":"max-snippet:-1","max-image-preview":"max-image-preview:large","max-video-preview":"max-video-preview:-1"},"canonical":"https:\/\/anadolupet.com.tr\/en\/product\/furminator-curry-kedi-ve-kopek-masaj-ve-yikama-fircasi\/","og_locale":"en_US","og_type":"article","og_title":"Furminator Curry Kedi Ve K\u00f6pek Masaj Ve Y\u0131kama F\u0131r\u00e7as\u0131 - Anadolu Pet Grup","og_description":"G\u00fcnl\u00fck tarama, t\u00fcyleri d\u00f6k\u00fcnt\u00fclerden, dola\u015fmadan ve gev\u015fek y\u00fczeyleri ve son kat t\u00fcylerini kald\u0131rarak g\u00fczel g\u00f6r\u00fcnmesini sa\u011flar. K\u00fcrk sa\u011fl\u0131\u011f\u0131n\u0131 geli\u015ftirmek i\u00e7in do\u011fal ya\u011f \u00fcretimini te\u015fvik etmek i\u00e7in kal\u0131planm\u0131\u015f kau\u00e7uk di\u015flere sahiptir \u00d6zel yap\u0131s\u0131 sayesinde derideki kan ak\u0131\u015f\u0131n\u0131 destekler,bu sayede derinin ve k\u00fcrk\u00fcn beslenmesini sa\u011flar. Anti-mikrobiyal plastik, mikroplar\u0131 ve bakterileri minimumda tutmaya yard\u0131mc\u0131 olur. Ergonomik yap\u0131s\u0131 kolay bir kullan\u0131m sa\u011flar.","og_url":"https:\/\/anadolupet.com.tr\/en\/product\/furminator-curry-kedi-ve-kopek-masaj-ve-yikama-fircasi\/","og_site_name":"Anadolu Pet Grup","article_modified_time":"2026-02-23T12:48:40+00:00","og_image":[{"width":750,"height":750,"url":"https:\/\/anadolupet.com.tr\/wp-content\/uploads\/2026\/02\/407-691047.jpg","type":"image\/jpeg"}],"twitter_card":"summary_large_image","schema":{"@context":"https:\/\/schema.org","@graph":[{"@type":"WebPage","@id":"https:\/\/anadolupet.com.tr\/urun\/furminator-curry-kedi-ve-kopek-masaj-ve-yikama-fircasi\/","url":"https:\/\/anadolupet.com.tr\/urun\/furminator-curry-kedi-ve-kopek-masaj-ve-yikama-fircasi\/","name":"Furminator Curry Kedi Ve K\u00f6pek Masaj Ve Y\u0131kama F\u0131r\u00e7as\u0131 - Anadolu Pet Grup","isPartOf":{"@id":"https:\/\/anadolupet.com.tr\/#website"},"primaryImageOfPage":{"@id":"https:\/\/anadolupet.com.tr\/urun\/furminator-curry-kedi-ve-kopek-masaj-ve-yikama-fircasi\/#primaryimage"},"image":{"@id":"https:\/\/anadolupet.com.tr\/urun\/furminator-curry-kedi-ve-kopek-masaj-ve-yikama-fircasi\/#primaryimage"},"thumbnailUrl":"https:\/\/anadolupet.com.tr\/wp-content\/uploads\/2026\/02\/407-691047.jpg","datePublished":"2026-02-14T14:41:10+00:00","dateModified":"2026-02-23T12:48:40+00:00","breadcrumb":{"@id":"https:\/\/anadolupet.com.tr\/urun\/furminator-curry-kedi-ve-kopek-masaj-ve-yikama-fircasi\/#breadcrumb"},"inLanguage":"en-US","potentialAction":[{"@type":"ReadAction","target":["https:\/\/anadolupet.com.tr\/urun\/furminator-curry-kedi-ve-kopek-masaj-ve-yikama-fircasi\/"]}]},{"@type":"ImageObject","inLanguage":"en-US","@id":"https:\/\/anadolupet.com.tr\/urun\/furminator-curry-kedi-ve-kopek-masaj-ve-yikama-fircasi\/#primaryimage","url":"https:\/\/anadolupet.com.tr\/wp-content\/uploads\/2026\/02\/407-691047.jpg","contentUrl":"https:\/\/anadolupet.com.tr\/wp-content\/uploads\/2026\/02\/407-691047.jpg","width":750,"height":750},{"@type":"BreadcrumbList","@id":"https:\/\/anadolupet.com.tr\/urun\/furminator-curry-kedi-ve-kopek-masaj-ve-yikama-fircasi\/#breadcrumb","itemListElement":[{"@type":"ListItem","position":1,"name":"Anasayfa","item":"https:\/\/anadolupet.com.tr\/"},{"@type":"ListItem","position":2,"name":"\u00dcr\u00fcnler","item":"https:\/\/anadolupet.com.tr\/urunler\/"},{"@type":"ListItem","position":3,"name":"Furminator Curry Kedi Ve K\u00f6pek Masaj Ve Y\u0131kama F\u0131r\u00e7as\u0131"}]},{"@type":"WebSite","@id":"https:\/\/anadolupet.com.tr\/#website","url":"https:\/\/anadolupet.com.tr\/","name":"Anadolu Pet Group","description":"We Stand Together for the Well-Being of Every Life","publisher":{"@id":"https:\/\/anadolupet.com.tr\/#organization"},"potentialAction":[{"@type":"SearchAction","target":{"@type":"EntryPoint","urlTemplate":"https:\/\/anadolupet.com.tr\/?s={search_term_string}"},"query-input":{"@type":"PropertyValueSpecification","valueRequired":true,"valueName":"search_term_string"}}],"inLanguage":"en-US"},{"@type":"Organization","@id":"https:\/\/anadolupet.com.tr\/#organization","name":"Anadolu Pet Group","alternateName":"Anadolu Pet","url":"https:\/\/anadolupet.com.tr\/","logo":{"@type":"ImageObject","inLanguage":"en-US","@id":"https:\/\/anadolupet.com.tr\/#\/schema\/logo\/image\/","url":"https:\/\/anadolupet.com.tr\/wp-content\/uploads\/2026\/03\/1614666743370.jpg","contentUrl":"https:\/\/anadolupet.com.tr\/wp-content\/uploads\/2026\/03\/1614666743370.jpg","width":800,"height":571,"caption":"Anadolu Pet Grup"},"image":{"@id":"https:\/\/anadolupet.com.tr\/#\/schema\/logo\/image\/"}}]}},"_links":{"self":[{"href":"https:\/\/anadolupet.com.tr\/en\/wp-json\/wp\/v2\/product\/45279","targetHints":{"allow":["GET"]}}],"collection":[{"href":"https:\/\/anadolupet.com.tr\/en\/wp-json\/wp\/v2\/product"}],"about":[{"href":"https:\/\/anadolupet.com.tr\/en\/wp-json\/wp\/v2\/types\/product"}],"replies":[{"embeddable":true,"href":"https:\/\/anadolupet.com.tr\/en\/wp-json\/wp\/v2\/comments?post=45279"}],"wp:featuredmedia":[{"embeddable":true,"href":"https:\/\/anadolupet.com.tr\/en\/wp-json\/wp\/v2\/media\/44123"}],"wp:attachment":[{"href":"https:\/\/anadolupet.com.tr\/en\/wp-json\/wp\/v2\/media?parent=45279"}],"wp:term":[{"taxonomy":"product_brand","embeddable":true,"href":"https:\/\/anadolupet.com.tr\/en\/wp-json\/wp\/v2\/product_brand?post=45279"},{"taxonomy":"product_cat","embeddable":true,"href":"https:\/\/anadolupet.com.tr\/en\/wp-json\/wp\/v2\/product_cat?post=45279"},{"taxonomy":"product_tag","embeddable":true,"href":"https:\/\/anadolupet.com.tr\/en\/wp-json\/wp\/v2\/product_tag?post=45279"}],"curies":[{"name":"wp","href":"https:\/\/api.w.org\/{rel}","templated":true}]}}