{"id":45293,"date":"2026-02-14T14:41:15","date_gmt":"2026-02-14T14:41:15","guid":{"rendered":"https:\/\/anadolupet.com.tr\/?post_type=product&#038;p=45293"},"modified":"2026-02-23T12:48:41","modified_gmt":"2026-02-23T12:48:41","slug":"furminator-kedi-taragi-uzun-tuylu-kediler-icin-s","status":"publish","type":"product","link":"https:\/\/anadolupet.com.tr\/en\/urun\/furminator-kedi-taragi-uzun-tuylu-kediler-icin-s\/","title":{"rendered":"Furminator Kedi Tara\u011f\u0131 &#8211; Uzun T\u00fcyl\u00fc Kediler i\u00e7in &#8211; S"},"content":{"rendered":"","protected":false},"excerpt":{"rendered":"<p>T\u00fcyl\u00fc dostlar\u0131m\u0131zda allerjiye yol a\u00e7t\u0131\u011f\u0131 bilinen sa\u00e7\u0131lmaya haz\u0131r cans\u0131z ve gev\u015fek t\u00fcyleri \u00e7abuk, kolayca ve<br \/>\nzarar vermeden al\u0131r.<br \/>\nUzun t\u00fcyl\u00fc kediler i\u00e7in uygundur. D\u00f6k\u00fclen \u00f6l\u00fc t\u00fcyleri t\u00fcyl\u00fc dostunuzun \u00fczerinden %99 oran\u0131nda toplar.<br \/>\nKau\u00e7uk tutma sap\u0131 ergonomik bir kullan\u0131m sa\u011flar.<br \/>\nTarak k\u0131sm\u0131 paslanmaz \u00e7eliktir. Bu sayede uzun \u00f6m\u00fcrl\u00fcd\u00fcr ve temizli\u011fi kolayd\u0131r.<br \/>\nBir d\u00fc\u011fmeye basarak \u00e7\u0131kar\u0131lan t\u00fcyleri kolayca atabileceksiniz!<\/p>","protected":false},"featured_media":44117,"comment_status":"open","ping_status":"closed","template":"","meta":{"_acf_changed":false},"product_brand":[],"product_cat":[2425],"product_tag":[],"class_list":{"0":"post-45293","1":"product","2":"type-product","3":"status-publish","4":"has-post-thumbnail","6":"product_cat-fircalar-ve-taraklar","8":"first","9":"instock","10":"shipping-taxable","11":"product-type-simple"},"acf":[],"yoast_head":"<!-- This site is optimized with the Yoast SEO plugin v27.5 - https:\/\/yoast.com\/product\/yoast-seo-wordpress\/ -->\n<title>Furminator Kedi Tara\u011f\u0131 - Uzun T\u00fcyl\u00fc Kediler i\u00e7in - S - Anadolu Pet Grup<\/title>\n<meta name=\"robots\" content=\"index, follow, max-snippet:-1, max-image-preview:large, max-video-preview:-1\" \/>\n<link rel=\"canonical\" href=\"https:\/\/anadolupet.com.tr\/en\/product\/furminator-kedi-taragi-uzun-tuylu-kediler-icin-s\/\" \/>\n<meta property=\"og:locale\" content=\"en_US\" \/>\n<meta property=\"og:type\" content=\"article\" \/>\n<meta property=\"og:title\" content=\"Furminator Kedi Tara\u011f\u0131 - Uzun T\u00fcyl\u00fc Kediler i\u00e7in - S - Anadolu Pet Grup\" \/>\n<meta property=\"og:description\" content=\"T\u00fcyl\u00fc dostlar\u0131m\u0131zda allerjiye yol a\u00e7t\u0131\u011f\u0131 bilinen sa\u00e7\u0131lmaya haz\u0131r cans\u0131z ve gev\u015fek t\u00fcyleri \u00e7abuk, kolayca ve zarar vermeden al\u0131r. Uzun t\u00fcyl\u00fc kediler i\u00e7in uygundur. D\u00f6k\u00fclen \u00f6l\u00fc t\u00fcyleri t\u00fcyl\u00fc dostunuzun \u00fczerinden %99 oran\u0131nda toplar. Kau\u00e7uk tutma sap\u0131 ergonomik bir kullan\u0131m sa\u011flar. Tarak k\u0131sm\u0131 paslanmaz \u00e7eliktir. Bu sayede uzun \u00f6m\u00fcrl\u00fcd\u00fcr ve temizli\u011fi kolayd\u0131r. Bir d\u00fc\u011fmeye basarak \u00e7\u0131kar\u0131lan t\u00fcyleri kolayca atabileceksiniz!\" \/>\n<meta property=\"og:url\" content=\"https:\/\/anadolupet.com.tr\/en\/product\/furminator-kedi-taragi-uzun-tuylu-kediler-icin-s\/\" \/>\n<meta property=\"og:site_name\" content=\"Anadolu Pet Grup\" \/>\n<meta property=\"article:modified_time\" content=\"2026-02-23T12:48:41+00:00\" \/>\n<meta property=\"og:image\" content=\"https:\/\/anadolupet.com.tr\/wp-content\/uploads\/2026\/02\/407-691019.jpg\" \/>\n\t<meta property=\"og:image:width\" content=\"750\" \/>\n\t<meta property=\"og:image:height\" content=\"750\" \/>\n\t<meta property=\"og:image:type\" content=\"image\/jpeg\" \/>\n<meta name=\"twitter:card\" content=\"summary_large_image\" \/>\n<script type=\"application\/ld+json\" class=\"yoast-schema-graph\">{\"@context\":\"https:\\\/\\\/schema.org\",\"@graph\":[{\"@type\":\"WebPage\",\"@id\":\"https:\\\/\\\/anadolupet.com.tr\\\/urun\\\/furminator-kedi-taragi-uzun-tuylu-kediler-icin-s\\\/\",\"url\":\"https:\\\/\\\/anadolupet.com.tr\\\/urun\\\/furminator-kedi-taragi-uzun-tuylu-kediler-icin-s\\\/\",\"name\":\"Furminator Kedi Tara\u011f\u0131 - Uzun T\u00fcyl\u00fc Kediler i\u00e7in - S - Anadolu Pet Grup\",\"isPartOf\":{\"@id\":\"https:\\\/\\\/anadolupet.com.tr\\\/#website\"},\"primaryImageOfPage\":{\"@id\":\"https:\\\/\\\/anadolupet.com.tr\\\/urun\\\/furminator-kedi-taragi-uzun-tuylu-kediler-icin-s\\\/#primaryimage\"},\"image\":{\"@id\":\"https:\\\/\\\/anadolupet.com.tr\\\/urun\\\/furminator-kedi-taragi-uzun-tuylu-kediler-icin-s\\\/#primaryimage\"},\"thumbnailUrl\":\"https:\\\/\\\/anadolupet.com.tr\\\/wp-content\\\/uploads\\\/2026\\\/02\\\/407-691019.jpg\",\"datePublished\":\"2026-02-14T14:41:15+00:00\",\"dateModified\":\"2026-02-23T12:48:41+00:00\",\"breadcrumb\":{\"@id\":\"https:\\\/\\\/anadolupet.com.tr\\\/urun\\\/furminator-kedi-taragi-uzun-tuylu-kediler-icin-s\\\/#breadcrumb\"},\"inLanguage\":\"en-US\",\"potentialAction\":[{\"@type\":\"ReadAction\",\"target\":[\"https:\\\/\\\/anadolupet.com.tr\\\/urun\\\/furminator-kedi-taragi-uzun-tuylu-kediler-icin-s\\\/\"]}]},{\"@type\":\"ImageObject\",\"inLanguage\":\"en-US\",\"@id\":\"https:\\\/\\\/anadolupet.com.tr\\\/urun\\\/furminator-kedi-taragi-uzun-tuylu-kediler-icin-s\\\/#primaryimage\",\"url\":\"https:\\\/\\\/anadolupet.com.tr\\\/wp-content\\\/uploads\\\/2026\\\/02\\\/407-691019.jpg\",\"contentUrl\":\"https:\\\/\\\/anadolupet.com.tr\\\/wp-content\\\/uploads\\\/2026\\\/02\\\/407-691019.jpg\",\"width\":750,\"height\":750},{\"@type\":\"BreadcrumbList\",\"@id\":\"https:\\\/\\\/anadolupet.com.tr\\\/urun\\\/furminator-kedi-taragi-uzun-tuylu-kediler-icin-s\\\/#breadcrumb\",\"itemListElement\":[{\"@type\":\"ListItem\",\"position\":1,\"name\":\"Anasayfa\",\"item\":\"https:\\\/\\\/anadolupet.com.tr\\\/\"},{\"@type\":\"ListItem\",\"position\":2,\"name\":\"\u00dcr\u00fcnler\",\"item\":\"https:\\\/\\\/anadolupet.com.tr\\\/urunler\\\/\"},{\"@type\":\"ListItem\",\"position\":3,\"name\":\"Furminator Kedi Tara\u011f\u0131 &#8211; Uzun T\u00fcyl\u00fc Kediler i\u00e7in &#8211; S\"}]},{\"@type\":\"WebSite\",\"@id\":\"https:\\\/\\\/anadolupet.com.tr\\\/#website\",\"url\":\"https:\\\/\\\/anadolupet.com.tr\\\/\",\"name\":\"Anadolu Pet Grup\",\"description\":\"Her Can\u0131n \u0130yi Ya\u015fam\u0131 \u0130\u00e7in Biraraday\u0131z\",\"publisher\":{\"@id\":\"https:\\\/\\\/anadolupet.com.tr\\\/#organization\"},\"potentialAction\":[{\"@type\":\"SearchAction\",\"target\":{\"@type\":\"EntryPoint\",\"urlTemplate\":\"https:\\\/\\\/anadolupet.com.tr\\\/?s={search_term_string}\"},\"query-input\":{\"@type\":\"PropertyValueSpecification\",\"valueRequired\":true,\"valueName\":\"search_term_string\"}}],\"inLanguage\":\"en-US\"},{\"@type\":\"Organization\",\"@id\":\"https:\\\/\\\/anadolupet.com.tr\\\/#organization\",\"name\":\"Anadolu Pet Grup\",\"alternateName\":\"Anadolu Pet\",\"url\":\"https:\\\/\\\/anadolupet.com.tr\\\/\",\"logo\":{\"@type\":\"ImageObject\",\"inLanguage\":\"en-US\",\"@id\":\"https:\\\/\\\/anadolupet.com.tr\\\/#\\\/schema\\\/logo\\\/image\\\/\",\"url\":\"https:\\\/\\\/anadolupet.com.tr\\\/wp-content\\\/uploads\\\/2026\\\/03\\\/1614666743370.jpg\",\"contentUrl\":\"https:\\\/\\\/anadolupet.com.tr\\\/wp-content\\\/uploads\\\/2026\\\/03\\\/1614666743370.jpg\",\"width\":800,\"height\":571,\"caption\":\"Anadolu Pet Grup\"},\"image\":{\"@id\":\"https:\\\/\\\/anadolupet.com.tr\\\/#\\\/schema\\\/logo\\\/image\\\/\"}}]}<\/script>\n<!-- \/ Yoast SEO plugin. -->","yoast_head_json":{"title":"Furminator Kedi Tara\u011f\u0131 - Uzun T\u00fcyl\u00fc Kediler i\u00e7in - S - Anadolu Pet Grup","robots":{"index":"index","follow":"follow","max-snippet":"max-snippet:-1","max-image-preview":"max-image-preview:large","max-video-preview":"max-video-preview:-1"},"canonical":"https:\/\/anadolupet.com.tr\/en\/product\/furminator-kedi-taragi-uzun-tuylu-kediler-icin-s\/","og_locale":"en_US","og_type":"article","og_title":"Furminator Kedi Tara\u011f\u0131 - Uzun T\u00fcyl\u00fc Kediler i\u00e7in - S - Anadolu Pet Grup","og_description":"T\u00fcyl\u00fc dostlar\u0131m\u0131zda allerjiye yol a\u00e7t\u0131\u011f\u0131 bilinen sa\u00e7\u0131lmaya haz\u0131r cans\u0131z ve gev\u015fek t\u00fcyleri \u00e7abuk, kolayca ve zarar vermeden al\u0131r. Uzun t\u00fcyl\u00fc kediler i\u00e7in uygundur. D\u00f6k\u00fclen \u00f6l\u00fc t\u00fcyleri t\u00fcyl\u00fc dostunuzun \u00fczerinden %99 oran\u0131nda toplar. Kau\u00e7uk tutma sap\u0131 ergonomik bir kullan\u0131m sa\u011flar. Tarak k\u0131sm\u0131 paslanmaz \u00e7eliktir. Bu sayede uzun \u00f6m\u00fcrl\u00fcd\u00fcr ve temizli\u011fi kolayd\u0131r. Bir d\u00fc\u011fmeye basarak \u00e7\u0131kar\u0131lan t\u00fcyleri kolayca atabileceksiniz!","og_url":"https:\/\/anadolupet.com.tr\/en\/product\/furminator-kedi-taragi-uzun-tuylu-kediler-icin-s\/","og_site_name":"Anadolu Pet Grup","article_modified_time":"2026-02-23T12:48:41+00:00","og_image":[{"width":750,"height":750,"url":"https:\/\/anadolupet.com.tr\/wp-content\/uploads\/2026\/02\/407-691019.jpg","type":"image\/jpeg"}],"twitter_card":"summary_large_image","schema":{"@context":"https:\/\/schema.org","@graph":[{"@type":"WebPage","@id":"https:\/\/anadolupet.com.tr\/urun\/furminator-kedi-taragi-uzun-tuylu-kediler-icin-s\/","url":"https:\/\/anadolupet.com.tr\/urun\/furminator-kedi-taragi-uzun-tuylu-kediler-icin-s\/","name":"Furminator Kedi Tara\u011f\u0131 - Uzun T\u00fcyl\u00fc Kediler i\u00e7in - S - Anadolu Pet Grup","isPartOf":{"@id":"https:\/\/anadolupet.com.tr\/#website"},"primaryImageOfPage":{"@id":"https:\/\/anadolupet.com.tr\/urun\/furminator-kedi-taragi-uzun-tuylu-kediler-icin-s\/#primaryimage"},"image":{"@id":"https:\/\/anadolupet.com.tr\/urun\/furminator-kedi-taragi-uzun-tuylu-kediler-icin-s\/#primaryimage"},"thumbnailUrl":"https:\/\/anadolupet.com.tr\/wp-content\/uploads\/2026\/02\/407-691019.jpg","datePublished":"2026-02-14T14:41:15+00:00","dateModified":"2026-02-23T12:48:41+00:00","breadcrumb":{"@id":"https:\/\/anadolupet.com.tr\/urun\/furminator-kedi-taragi-uzun-tuylu-kediler-icin-s\/#breadcrumb"},"inLanguage":"en-US","potentialAction":[{"@type":"ReadAction","target":["https:\/\/anadolupet.com.tr\/urun\/furminator-kedi-taragi-uzun-tuylu-kediler-icin-s\/"]}]},{"@type":"ImageObject","inLanguage":"en-US","@id":"https:\/\/anadolupet.com.tr\/urun\/furminator-kedi-taragi-uzun-tuylu-kediler-icin-s\/#primaryimage","url":"https:\/\/anadolupet.com.tr\/wp-content\/uploads\/2026\/02\/407-691019.jpg","contentUrl":"https:\/\/anadolupet.com.tr\/wp-content\/uploads\/2026\/02\/407-691019.jpg","width":750,"height":750},{"@type":"BreadcrumbList","@id":"https:\/\/anadolupet.com.tr\/urun\/furminator-kedi-taragi-uzun-tuylu-kediler-icin-s\/#breadcrumb","itemListElement":[{"@type":"ListItem","position":1,"name":"Anasayfa","item":"https:\/\/anadolupet.com.tr\/"},{"@type":"ListItem","position":2,"name":"\u00dcr\u00fcnler","item":"https:\/\/anadolupet.com.tr\/urunler\/"},{"@type":"ListItem","position":3,"name":"Furminator Kedi Tara\u011f\u0131 &#8211; Uzun T\u00fcyl\u00fc Kediler i\u00e7in &#8211; S"}]},{"@type":"WebSite","@id":"https:\/\/anadolupet.com.tr\/#website","url":"https:\/\/anadolupet.com.tr\/","name":"Anadolu Pet Group","description":"We Stand Together for the Well-Being of Every Life","publisher":{"@id":"https:\/\/anadolupet.com.tr\/#organization"},"potentialAction":[{"@type":"SearchAction","target":{"@type":"EntryPoint","urlTemplate":"https:\/\/anadolupet.com.tr\/?s={search_term_string}"},"query-input":{"@type":"PropertyValueSpecification","valueRequired":true,"valueName":"search_term_string"}}],"inLanguage":"en-US"},{"@type":"Organization","@id":"https:\/\/anadolupet.com.tr\/#organization","name":"Anadolu Pet Group","alternateName":"Anadolu Pet","url":"https:\/\/anadolupet.com.tr\/","logo":{"@type":"ImageObject","inLanguage":"en-US","@id":"https:\/\/anadolupet.com.tr\/#\/schema\/logo\/image\/","url":"https:\/\/anadolupet.com.tr\/wp-content\/uploads\/2026\/03\/1614666743370.jpg","contentUrl":"https:\/\/anadolupet.com.tr\/wp-content\/uploads\/2026\/03\/1614666743370.jpg","width":800,"height":571,"caption":"Anadolu Pet Grup"},"image":{"@id":"https:\/\/anadolupet.com.tr\/#\/schema\/logo\/image\/"}}]}},"_links":{"self":[{"href":"https:\/\/anadolupet.com.tr\/en\/wp-json\/wp\/v2\/product\/45293","targetHints":{"allow":["GET"]}}],"collection":[{"href":"https:\/\/anadolupet.com.tr\/en\/wp-json\/wp\/v2\/product"}],"about":[{"href":"https:\/\/anadolupet.com.tr\/en\/wp-json\/wp\/v2\/types\/product"}],"replies":[{"embeddable":true,"href":"https:\/\/anadolupet.com.tr\/en\/wp-json\/wp\/v2\/comments?post=45293"}],"wp:featuredmedia":[{"embeddable":true,"href":"https:\/\/anadolupet.com.tr\/en\/wp-json\/wp\/v2\/media\/44117"}],"wp:attachment":[{"href":"https:\/\/anadolupet.com.tr\/en\/wp-json\/wp\/v2\/media?parent=45293"}],"wp:term":[{"taxonomy":"product_brand","embeddable":true,"href":"https:\/\/anadolupet.com.tr\/en\/wp-json\/wp\/v2\/product_brand?post=45293"},{"taxonomy":"product_cat","embeddable":true,"href":"https:\/\/anadolupet.com.tr\/en\/wp-json\/wp\/v2\/product_cat?post=45293"},{"taxonomy":"product_tag","embeddable":true,"href":"https:\/\/anadolupet.com.tr\/en\/wp-json\/wp\/v2\/product_tag?post=45293"}],"curies":[{"name":"wp","href":"https:\/\/api.w.org\/{rel}","templated":true}]}}