{"id":45295,"date":"2026-02-14T14:41:15","date_gmt":"2026-02-14T14:41:15","guid":{"rendered":"https:\/\/anadolupet.com.tr\/?post_type=product&#038;p=45295"},"modified":"2026-02-23T12:48:41","modified_gmt":"2026-02-23T12:48:41","slug":"furminator-kedi-ve-kopek-cift-tarafli-firca-21cm","status":"publish","type":"product","link":"https:\/\/anadolupet.com.tr\/en\/urun\/furminator-kedi-ve-kopek-cift-tarafli-firca-21cm\/","title":{"rendered":"Furminator Kedi Ve K\u00f6pek \u00c7ift Tarafl\u0131 F\u0131r\u00e7a 21CM"},"content":{"rendered":"","protected":false},"excerpt":{"rendered":"<p>Metal k\u0131l taraf\u0131, evcil hayvan\u0131n cildine masaj yaparken gev\u015fek son kat t\u00fcylerini, kar\u0131\u015f\u0131kl\u0131klar\u0131 ve kal\u0131nt\u0131lar\u0131 giderir.<br \/>\n\u00d6zel dizayn edilmi\u015f yaban domuzu k\u0131llar\u0131ndan ol\u0131\u015fan taraf\u0131 ise t\u00fcyl\u00fc dostunuzun cildini yumu\u015fat\u0131r ve parlat\u0131r!<br \/>\nG\u00fcnl\u00fck kullan\u0131m ile harika sonu\u00e7lara ve evcil hayvan\u0131n\u0131z\u0131n mutlulu\u011funa tan\u0131kl\u0131k edeceksiniz!<br \/>\nErgonomik yap\u0131s\u0131 kolay bir kullan\u0131m sa\u011flar.<br \/>\nT\u00fcm kedi ve k\u00f6pekler i\u00e7in uygundur!<\/p>","protected":false},"featured_media":44121,"comment_status":"open","ping_status":"closed","template":"","meta":{"_acf_changed":false},"product_brand":[],"product_cat":[2446],"product_tag":[],"class_list":{"0":"post-45295","1":"product","2":"type-product","3":"status-publish","4":"has-post-thumbnail","6":"product_cat-fircalar-ve-taraklar-kopek","8":"first","9":"instock","10":"shipping-taxable","11":"product-type-simple"},"acf":[],"yoast_head":"<!-- This site is optimized with the Yoast SEO plugin v27.4 - https:\/\/yoast.com\/product\/yoast-seo-wordpress\/ -->\n<title>Furminator Kedi Ve K\u00f6pek \u00c7ift Tarafl\u0131 F\u0131r\u00e7a 21CM - Anadolu Pet Grup<\/title>\n<meta name=\"robots\" content=\"index, follow, max-snippet:-1, max-image-preview:large, max-video-preview:-1\" \/>\n<link rel=\"canonical\" href=\"https:\/\/anadolupet.com.tr\/en\/product\/furminator-kedi-ve-kopek-cift-tarafli-firca-21cm\/\" \/>\n<meta property=\"og:locale\" content=\"en_US\" \/>\n<meta property=\"og:type\" content=\"article\" \/>\n<meta property=\"og:title\" content=\"Furminator Kedi Ve K\u00f6pek \u00c7ift Tarafl\u0131 F\u0131r\u00e7a 21CM - Anadolu Pet Grup\" \/>\n<meta property=\"og:description\" content=\"Metal k\u0131l taraf\u0131, evcil hayvan\u0131n cildine masaj yaparken gev\u015fek son kat t\u00fcylerini, kar\u0131\u015f\u0131kl\u0131klar\u0131 ve kal\u0131nt\u0131lar\u0131 giderir. \u00d6zel dizayn edilmi\u015f yaban domuzu k\u0131llar\u0131ndan ol\u0131\u015fan taraf\u0131 ise t\u00fcyl\u00fc dostunuzun cildini yumu\u015fat\u0131r ve parlat\u0131r! G\u00fcnl\u00fck kullan\u0131m ile harika sonu\u00e7lara ve evcil hayvan\u0131n\u0131z\u0131n mutlulu\u011funa tan\u0131kl\u0131k edeceksiniz! Ergonomik yap\u0131s\u0131 kolay bir kullan\u0131m sa\u011flar. T\u00fcm kedi ve k\u00f6pekler i\u00e7in uygundur!\" \/>\n<meta property=\"og:url\" content=\"https:\/\/anadolupet.com.tr\/en\/product\/furminator-kedi-ve-kopek-cift-tarafli-firca-21cm\/\" \/>\n<meta property=\"og:site_name\" content=\"Anadolu Pet Grup\" \/>\n<meta property=\"article:modified_time\" content=\"2026-02-23T12:48:41+00:00\" \/>\n<meta property=\"og:image\" content=\"https:\/\/anadolupet.com.tr\/wp-content\/uploads\/2026\/02\/407-691045.jpg\" \/>\n\t<meta property=\"og:image:width\" content=\"750\" \/>\n\t<meta property=\"og:image:height\" content=\"750\" \/>\n\t<meta property=\"og:image:type\" content=\"image\/jpeg\" \/>\n<meta name=\"twitter:card\" content=\"summary_large_image\" \/>\n<script type=\"application\/ld+json\" class=\"yoast-schema-graph\">{\"@context\":\"https:\\\/\\\/schema.org\",\"@graph\":[{\"@type\":\"WebPage\",\"@id\":\"https:\\\/\\\/anadolupet.com.tr\\\/urun\\\/furminator-kedi-ve-kopek-cift-tarafli-firca-21cm\\\/\",\"url\":\"https:\\\/\\\/anadolupet.com.tr\\\/urun\\\/furminator-kedi-ve-kopek-cift-tarafli-firca-21cm\\\/\",\"name\":\"Furminator Kedi Ve K\u00f6pek \u00c7ift Tarafl\u0131 F\u0131r\u00e7a 21CM - Anadolu Pet Grup\",\"isPartOf\":{\"@id\":\"https:\\\/\\\/anadolupet.com.tr\\\/#website\"},\"primaryImageOfPage\":{\"@id\":\"https:\\\/\\\/anadolupet.com.tr\\\/urun\\\/furminator-kedi-ve-kopek-cift-tarafli-firca-21cm\\\/#primaryimage\"},\"image\":{\"@id\":\"https:\\\/\\\/anadolupet.com.tr\\\/urun\\\/furminator-kedi-ve-kopek-cift-tarafli-firca-21cm\\\/#primaryimage\"},\"thumbnailUrl\":\"https:\\\/\\\/anadolupet.com.tr\\\/wp-content\\\/uploads\\\/2026\\\/02\\\/407-691045.jpg\",\"datePublished\":\"2026-02-14T14:41:15+00:00\",\"dateModified\":\"2026-02-23T12:48:41+00:00\",\"breadcrumb\":{\"@id\":\"https:\\\/\\\/anadolupet.com.tr\\\/urun\\\/furminator-kedi-ve-kopek-cift-tarafli-firca-21cm\\\/#breadcrumb\"},\"inLanguage\":\"en-US\",\"potentialAction\":[{\"@type\":\"ReadAction\",\"target\":[\"https:\\\/\\\/anadolupet.com.tr\\\/urun\\\/furminator-kedi-ve-kopek-cift-tarafli-firca-21cm\\\/\"]}]},{\"@type\":\"ImageObject\",\"inLanguage\":\"en-US\",\"@id\":\"https:\\\/\\\/anadolupet.com.tr\\\/urun\\\/furminator-kedi-ve-kopek-cift-tarafli-firca-21cm\\\/#primaryimage\",\"url\":\"https:\\\/\\\/anadolupet.com.tr\\\/wp-content\\\/uploads\\\/2026\\\/02\\\/407-691045.jpg\",\"contentUrl\":\"https:\\\/\\\/anadolupet.com.tr\\\/wp-content\\\/uploads\\\/2026\\\/02\\\/407-691045.jpg\",\"width\":750,\"height\":750},{\"@type\":\"BreadcrumbList\",\"@id\":\"https:\\\/\\\/anadolupet.com.tr\\\/urun\\\/furminator-kedi-ve-kopek-cift-tarafli-firca-21cm\\\/#breadcrumb\",\"itemListElement\":[{\"@type\":\"ListItem\",\"position\":1,\"name\":\"Anasayfa\",\"item\":\"https:\\\/\\\/anadolupet.com.tr\\\/\"},{\"@type\":\"ListItem\",\"position\":2,\"name\":\"\u00dcr\u00fcnler\",\"item\":\"https:\\\/\\\/anadolupet.com.tr\\\/urunler\\\/\"},{\"@type\":\"ListItem\",\"position\":3,\"name\":\"Furminator Kedi Ve K\u00f6pek \u00c7ift Tarafl\u0131 F\u0131r\u00e7a 21CM\"}]},{\"@type\":\"WebSite\",\"@id\":\"https:\\\/\\\/anadolupet.com.tr\\\/#website\",\"url\":\"https:\\\/\\\/anadolupet.com.tr\\\/\",\"name\":\"Anadolu Pet Grup\",\"description\":\"Her Can\u0131n \u0130yi Ya\u015fam\u0131 \u0130\u00e7in Biraraday\u0131z\",\"publisher\":{\"@id\":\"https:\\\/\\\/anadolupet.com.tr\\\/#organization\"},\"potentialAction\":[{\"@type\":\"SearchAction\",\"target\":{\"@type\":\"EntryPoint\",\"urlTemplate\":\"https:\\\/\\\/anadolupet.com.tr\\\/?s={search_term_string}\"},\"query-input\":{\"@type\":\"PropertyValueSpecification\",\"valueRequired\":true,\"valueName\":\"search_term_string\"}}],\"inLanguage\":\"en-US\"},{\"@type\":\"Organization\",\"@id\":\"https:\\\/\\\/anadolupet.com.tr\\\/#organization\",\"name\":\"Anadolu Pet Grup\",\"alternateName\":\"Anadolu Pet\",\"url\":\"https:\\\/\\\/anadolupet.com.tr\\\/\",\"logo\":{\"@type\":\"ImageObject\",\"inLanguage\":\"en-US\",\"@id\":\"https:\\\/\\\/anadolupet.com.tr\\\/#\\\/schema\\\/logo\\\/image\\\/\",\"url\":\"https:\\\/\\\/anadolupet.com.tr\\\/wp-content\\\/uploads\\\/2026\\\/03\\\/1614666743370.jpg\",\"contentUrl\":\"https:\\\/\\\/anadolupet.com.tr\\\/wp-content\\\/uploads\\\/2026\\\/03\\\/1614666743370.jpg\",\"width\":800,\"height\":571,\"caption\":\"Anadolu Pet Grup\"},\"image\":{\"@id\":\"https:\\\/\\\/anadolupet.com.tr\\\/#\\\/schema\\\/logo\\\/image\\\/\"}}]}<\/script>\n<!-- \/ Yoast SEO plugin. -->","yoast_head_json":{"title":"Furminator Kedi Ve K\u00f6pek \u00c7ift Tarafl\u0131 F\u0131r\u00e7a 21CM - Anadolu Pet Grup","robots":{"index":"index","follow":"follow","max-snippet":"max-snippet:-1","max-image-preview":"max-image-preview:large","max-video-preview":"max-video-preview:-1"},"canonical":"https:\/\/anadolupet.com.tr\/en\/product\/furminator-kedi-ve-kopek-cift-tarafli-firca-21cm\/","og_locale":"en_US","og_type":"article","og_title":"Furminator Kedi Ve K\u00f6pek \u00c7ift Tarafl\u0131 F\u0131r\u00e7a 21CM - Anadolu Pet Grup","og_description":"Metal k\u0131l taraf\u0131, evcil hayvan\u0131n cildine masaj yaparken gev\u015fek son kat t\u00fcylerini, kar\u0131\u015f\u0131kl\u0131klar\u0131 ve kal\u0131nt\u0131lar\u0131 giderir. \u00d6zel dizayn edilmi\u015f yaban domuzu k\u0131llar\u0131ndan ol\u0131\u015fan taraf\u0131 ise t\u00fcyl\u00fc dostunuzun cildini yumu\u015fat\u0131r ve parlat\u0131r! G\u00fcnl\u00fck kullan\u0131m ile harika sonu\u00e7lara ve evcil hayvan\u0131n\u0131z\u0131n mutlulu\u011funa tan\u0131kl\u0131k edeceksiniz! Ergonomik yap\u0131s\u0131 kolay bir kullan\u0131m sa\u011flar. T\u00fcm kedi ve k\u00f6pekler i\u00e7in uygundur!","og_url":"https:\/\/anadolupet.com.tr\/en\/product\/furminator-kedi-ve-kopek-cift-tarafli-firca-21cm\/","og_site_name":"Anadolu Pet Grup","article_modified_time":"2026-02-23T12:48:41+00:00","og_image":[{"width":750,"height":750,"url":"https:\/\/anadolupet.com.tr\/wp-content\/uploads\/2026\/02\/407-691045.jpg","type":"image\/jpeg"}],"twitter_card":"summary_large_image","schema":{"@context":"https:\/\/schema.org","@graph":[{"@type":"WebPage","@id":"https:\/\/anadolupet.com.tr\/urun\/furminator-kedi-ve-kopek-cift-tarafli-firca-21cm\/","url":"https:\/\/anadolupet.com.tr\/urun\/furminator-kedi-ve-kopek-cift-tarafli-firca-21cm\/","name":"Furminator Kedi Ve K\u00f6pek \u00c7ift Tarafl\u0131 F\u0131r\u00e7a 21CM - Anadolu Pet Grup","isPartOf":{"@id":"https:\/\/anadolupet.com.tr\/#website"},"primaryImageOfPage":{"@id":"https:\/\/anadolupet.com.tr\/urun\/furminator-kedi-ve-kopek-cift-tarafli-firca-21cm\/#primaryimage"},"image":{"@id":"https:\/\/anadolupet.com.tr\/urun\/furminator-kedi-ve-kopek-cift-tarafli-firca-21cm\/#primaryimage"},"thumbnailUrl":"https:\/\/anadolupet.com.tr\/wp-content\/uploads\/2026\/02\/407-691045.jpg","datePublished":"2026-02-14T14:41:15+00:00","dateModified":"2026-02-23T12:48:41+00:00","breadcrumb":{"@id":"https:\/\/anadolupet.com.tr\/urun\/furminator-kedi-ve-kopek-cift-tarafli-firca-21cm\/#breadcrumb"},"inLanguage":"en-US","potentialAction":[{"@type":"ReadAction","target":["https:\/\/anadolupet.com.tr\/urun\/furminator-kedi-ve-kopek-cift-tarafli-firca-21cm\/"]}]},{"@type":"ImageObject","inLanguage":"en-US","@id":"https:\/\/anadolupet.com.tr\/urun\/furminator-kedi-ve-kopek-cift-tarafli-firca-21cm\/#primaryimage","url":"https:\/\/anadolupet.com.tr\/wp-content\/uploads\/2026\/02\/407-691045.jpg","contentUrl":"https:\/\/anadolupet.com.tr\/wp-content\/uploads\/2026\/02\/407-691045.jpg","width":750,"height":750},{"@type":"BreadcrumbList","@id":"https:\/\/anadolupet.com.tr\/urun\/furminator-kedi-ve-kopek-cift-tarafli-firca-21cm\/#breadcrumb","itemListElement":[{"@type":"ListItem","position":1,"name":"Anasayfa","item":"https:\/\/anadolupet.com.tr\/"},{"@type":"ListItem","position":2,"name":"\u00dcr\u00fcnler","item":"https:\/\/anadolupet.com.tr\/urunler\/"},{"@type":"ListItem","position":3,"name":"Furminator Kedi Ve K\u00f6pek \u00c7ift Tarafl\u0131 F\u0131r\u00e7a 21CM"}]},{"@type":"WebSite","@id":"https:\/\/anadolupet.com.tr\/#website","url":"https:\/\/anadolupet.com.tr\/","name":"Anadolu Pet Group","description":"We Stand Together for the Well-Being of Every Life","publisher":{"@id":"https:\/\/anadolupet.com.tr\/#organization"},"potentialAction":[{"@type":"SearchAction","target":{"@type":"EntryPoint","urlTemplate":"https:\/\/anadolupet.com.tr\/?s={search_term_string}"},"query-input":{"@type":"PropertyValueSpecification","valueRequired":true,"valueName":"search_term_string"}}],"inLanguage":"en-US"},{"@type":"Organization","@id":"https:\/\/anadolupet.com.tr\/#organization","name":"Anadolu Pet Group","alternateName":"Anadolu Pet","url":"https:\/\/anadolupet.com.tr\/","logo":{"@type":"ImageObject","inLanguage":"en-US","@id":"https:\/\/anadolupet.com.tr\/#\/schema\/logo\/image\/","url":"https:\/\/anadolupet.com.tr\/wp-content\/uploads\/2026\/03\/1614666743370.jpg","contentUrl":"https:\/\/anadolupet.com.tr\/wp-content\/uploads\/2026\/03\/1614666743370.jpg","width":800,"height":571,"caption":"Anadolu Pet Grup"},"image":{"@id":"https:\/\/anadolupet.com.tr\/#\/schema\/logo\/image\/"}}]}},"_links":{"self":[{"href":"https:\/\/anadolupet.com.tr\/en\/wp-json\/wp\/v2\/product\/45295","targetHints":{"allow":["GET"]}}],"collection":[{"href":"https:\/\/anadolupet.com.tr\/en\/wp-json\/wp\/v2\/product"}],"about":[{"href":"https:\/\/anadolupet.com.tr\/en\/wp-json\/wp\/v2\/types\/product"}],"replies":[{"embeddable":true,"href":"https:\/\/anadolupet.com.tr\/en\/wp-json\/wp\/v2\/comments?post=45295"}],"wp:featuredmedia":[{"embeddable":true,"href":"https:\/\/anadolupet.com.tr\/en\/wp-json\/wp\/v2\/media\/44121"}],"wp:attachment":[{"href":"https:\/\/anadolupet.com.tr\/en\/wp-json\/wp\/v2\/media?parent=45295"}],"wp:term":[{"taxonomy":"product_brand","embeddable":true,"href":"https:\/\/anadolupet.com.tr\/en\/wp-json\/wp\/v2\/product_brand?post=45295"},{"taxonomy":"product_cat","embeddable":true,"href":"https:\/\/anadolupet.com.tr\/en\/wp-json\/wp\/v2\/product_cat?post=45295"},{"taxonomy":"product_tag","embeddable":true,"href":"https:\/\/anadolupet.com.tr\/en\/wp-json\/wp\/v2\/product_tag?post=45295"}],"curies":[{"name":"wp","href":"https:\/\/api.w.org\/{rel}","templated":true}]}}