{"id":45299,"date":"2026-02-14T14:41:15","date_gmt":"2026-02-14T14:41:15","guid":{"rendered":"https:\/\/anadolupet.com.tr\/?post_type=product&#038;p=45299"},"modified":"2026-02-23T12:48:42","modified_gmt":"2026-02-23T12:48:42","slug":"furminator-kopek-taragi-kisa-tuylu-dev-irk-kopekler-icin-xl","status":"publish","type":"product","link":"https:\/\/anadolupet.com.tr\/en\/urun\/furminator-kopek-taragi-kisa-tuylu-dev-irk-kopekler-icin-xl\/","title":{"rendered":"Furminator K\u00f6pek Tara\u011f\u0131 &#8211; K\u0131sa T\u00fcyl\u00fc Dev Irk K\u00f6pekler i\u00e7in &#8211; XL"},"content":{"rendered":"","protected":false},"excerpt":{"rendered":"<p>T\u00fcyl\u00fc dostlar\u0131m\u0131zda allerjiye yol a\u00e7t\u0131\u011f\u0131 bilinen sa\u00e7\u0131lmaya haz\u0131r cans\u0131z ve gev\u015fek t\u00fcyleri \u00e7abuk, kolayca ve<br \/>\nzarar vermeden al\u0131r. Masaj etkisi ile kan dola\u015f\u0131m\u0131n\u0131 h\u0131zland\u0131r\u0131r ve sa\u011fl\u0131kl\u0131, canl\u0131, parlak t\u00fcylerin geli\u015fimine yard\u0131mc\u0131 olur. Her hafta 1 veya 2 kez kuru t\u00fcyler \u00fczerinde 10 ile 20 dakika uygulayabilirsiniz.<br \/>\nTarak k\u0131sm\u0131 14,5 cm paslanmaz \u00e7eliktir.<br \/>\n33 &#8211; 70 kg a\u011f\u0131rl\u0131\u011f\u0131ndaki k\u0131sa t\u00fcyl\u00fc k\u00f6pekler i\u00e7in uygundur.<br \/>\nD\u00f6k\u00fclen \u00f6l\u00fc t\u00fcyleri t\u00fcyl\u00fc dostunuzun \u00fczerinden %99 oran\u0131nda toplar.<br \/>\nKau\u00e7uk tutma sap\u0131 ergonomik bir kullan\u0131m sa\u011flar.<br \/>\nBir d\u00fc\u011fmeye basarak \u00e7\u0131kar\u0131lan t\u00fcyleri kolayca atabileceksiniz!<\/p>","protected":false},"featured_media":44113,"comment_status":"open","ping_status":"closed","template":"","meta":{"_acf_changed":false},"product_brand":[],"product_cat":[2446],"product_tag":[],"class_list":{"0":"post-45299","1":"product","2":"type-product","3":"status-publish","4":"has-post-thumbnail","6":"product_cat-fircalar-ve-taraklar-kopek","8":"first","9":"instock","10":"shipping-taxable","11":"product-type-simple"},"acf":[],"yoast_head":"<!-- This site is optimized with the Yoast SEO plugin v27.5 - https:\/\/yoast.com\/product\/yoast-seo-wordpress\/ -->\n<title>Furminator K\u00f6pek Tara\u011f\u0131 - K\u0131sa T\u00fcyl\u00fc Dev Irk K\u00f6pekler i\u00e7in - XL - Anadolu Pet Grup<\/title>\n<meta name=\"robots\" content=\"index, follow, max-snippet:-1, max-image-preview:large, max-video-preview:-1\" \/>\n<link rel=\"canonical\" href=\"https:\/\/anadolupet.com.tr\/en\/product\/furminator-kopek-taragi-kisa-tuylu-dev-irk-kopekler-icin-xl\/\" \/>\n<meta property=\"og:locale\" content=\"en_US\" \/>\n<meta property=\"og:type\" content=\"article\" \/>\n<meta property=\"og:title\" content=\"Furminator K\u00f6pek Tara\u011f\u0131 - K\u0131sa T\u00fcyl\u00fc Dev Irk K\u00f6pekler i\u00e7in - XL - Anadolu Pet Grup\" \/>\n<meta property=\"og:description\" content=\"T\u00fcyl\u00fc dostlar\u0131m\u0131zda allerjiye yol a\u00e7t\u0131\u011f\u0131 bilinen sa\u00e7\u0131lmaya haz\u0131r cans\u0131z ve gev\u015fek t\u00fcyleri \u00e7abuk, kolayca ve zarar vermeden al\u0131r. Masaj etkisi ile kan dola\u015f\u0131m\u0131n\u0131 h\u0131zland\u0131r\u0131r ve sa\u011fl\u0131kl\u0131, canl\u0131, parlak t\u00fcylerin geli\u015fimine yard\u0131mc\u0131 olur. Her hafta 1 veya 2 kez kuru t\u00fcyler \u00fczerinde 10 ile 20 dakika uygulayabilirsiniz. Tarak k\u0131sm\u0131 14,5 cm paslanmaz \u00e7eliktir. 33 - 70 kg a\u011f\u0131rl\u0131\u011f\u0131ndaki k\u0131sa t\u00fcyl\u00fc k\u00f6pekler i\u00e7in uygundur. D\u00f6k\u00fclen \u00f6l\u00fc t\u00fcyleri t\u00fcyl\u00fc dostunuzun \u00fczerinden %99 oran\u0131nda toplar. Kau\u00e7uk tutma sap\u0131 ergonomik bir kullan\u0131m sa\u011flar. Bir d\u00fc\u011fmeye basarak \u00e7\u0131kar\u0131lan t\u00fcyleri kolayca atabileceksiniz!\" \/>\n<meta property=\"og:url\" content=\"https:\/\/anadolupet.com.tr\/en\/product\/furminator-kopek-taragi-kisa-tuylu-dev-irk-kopekler-icin-xl\/\" \/>\n<meta property=\"og:site_name\" content=\"Anadolu Pet Grup\" \/>\n<meta property=\"article:modified_time\" content=\"2026-02-23T12:48:42+00:00\" \/>\n<meta property=\"og:image\" content=\"https:\/\/anadolupet.com.tr\/wp-content\/uploads\/2026\/02\/407-691015.jpg\" \/>\n\t<meta property=\"og:image:width\" content=\"750\" \/>\n\t<meta property=\"og:image:height\" content=\"750\" \/>\n\t<meta property=\"og:image:type\" content=\"image\/jpeg\" \/>\n<meta name=\"twitter:card\" content=\"summary_large_image\" \/>\n<script type=\"application\/ld+json\" class=\"yoast-schema-graph\">{\"@context\":\"https:\\\/\\\/schema.org\",\"@graph\":[{\"@type\":\"WebPage\",\"@id\":\"https:\\\/\\\/anadolupet.com.tr\\\/urun\\\/furminator-kopek-taragi-kisa-tuylu-dev-irk-kopekler-icin-xl\\\/\",\"url\":\"https:\\\/\\\/anadolupet.com.tr\\\/urun\\\/furminator-kopek-taragi-kisa-tuylu-dev-irk-kopekler-icin-xl\\\/\",\"name\":\"Furminator K\u00f6pek Tara\u011f\u0131 - K\u0131sa T\u00fcyl\u00fc Dev Irk K\u00f6pekler i\u00e7in - XL - Anadolu Pet Grup\",\"isPartOf\":{\"@id\":\"https:\\\/\\\/anadolupet.com.tr\\\/#website\"},\"primaryImageOfPage\":{\"@id\":\"https:\\\/\\\/anadolupet.com.tr\\\/urun\\\/furminator-kopek-taragi-kisa-tuylu-dev-irk-kopekler-icin-xl\\\/#primaryimage\"},\"image\":{\"@id\":\"https:\\\/\\\/anadolupet.com.tr\\\/urun\\\/furminator-kopek-taragi-kisa-tuylu-dev-irk-kopekler-icin-xl\\\/#primaryimage\"},\"thumbnailUrl\":\"https:\\\/\\\/anadolupet.com.tr\\\/wp-content\\\/uploads\\\/2026\\\/02\\\/407-691015.jpg\",\"datePublished\":\"2026-02-14T14:41:15+00:00\",\"dateModified\":\"2026-02-23T12:48:42+00:00\",\"breadcrumb\":{\"@id\":\"https:\\\/\\\/anadolupet.com.tr\\\/urun\\\/furminator-kopek-taragi-kisa-tuylu-dev-irk-kopekler-icin-xl\\\/#breadcrumb\"},\"inLanguage\":\"en-US\",\"potentialAction\":[{\"@type\":\"ReadAction\",\"target\":[\"https:\\\/\\\/anadolupet.com.tr\\\/urun\\\/furminator-kopek-taragi-kisa-tuylu-dev-irk-kopekler-icin-xl\\\/\"]}]},{\"@type\":\"ImageObject\",\"inLanguage\":\"en-US\",\"@id\":\"https:\\\/\\\/anadolupet.com.tr\\\/urun\\\/furminator-kopek-taragi-kisa-tuylu-dev-irk-kopekler-icin-xl\\\/#primaryimage\",\"url\":\"https:\\\/\\\/anadolupet.com.tr\\\/wp-content\\\/uploads\\\/2026\\\/02\\\/407-691015.jpg\",\"contentUrl\":\"https:\\\/\\\/anadolupet.com.tr\\\/wp-content\\\/uploads\\\/2026\\\/02\\\/407-691015.jpg\",\"width\":750,\"height\":750},{\"@type\":\"BreadcrumbList\",\"@id\":\"https:\\\/\\\/anadolupet.com.tr\\\/urun\\\/furminator-kopek-taragi-kisa-tuylu-dev-irk-kopekler-icin-xl\\\/#breadcrumb\",\"itemListElement\":[{\"@type\":\"ListItem\",\"position\":1,\"name\":\"Anasayfa\",\"item\":\"https:\\\/\\\/anadolupet.com.tr\\\/\"},{\"@type\":\"ListItem\",\"position\":2,\"name\":\"\u00dcr\u00fcnler\",\"item\":\"https:\\\/\\\/anadolupet.com.tr\\\/urunler\\\/\"},{\"@type\":\"ListItem\",\"position\":3,\"name\":\"Furminator K\u00f6pek Tara\u011f\u0131 &#8211; K\u0131sa T\u00fcyl\u00fc Dev Irk K\u00f6pekler i\u00e7in &#8211; XL\"}]},{\"@type\":\"WebSite\",\"@id\":\"https:\\\/\\\/anadolupet.com.tr\\\/#website\",\"url\":\"https:\\\/\\\/anadolupet.com.tr\\\/\",\"name\":\"Anadolu Pet Grup\",\"description\":\"Her Can\u0131n \u0130yi Ya\u015fam\u0131 \u0130\u00e7in Biraraday\u0131z\",\"publisher\":{\"@id\":\"https:\\\/\\\/anadolupet.com.tr\\\/#organization\"},\"potentialAction\":[{\"@type\":\"SearchAction\",\"target\":{\"@type\":\"EntryPoint\",\"urlTemplate\":\"https:\\\/\\\/anadolupet.com.tr\\\/?s={search_term_string}\"},\"query-input\":{\"@type\":\"PropertyValueSpecification\",\"valueRequired\":true,\"valueName\":\"search_term_string\"}}],\"inLanguage\":\"en-US\"},{\"@type\":\"Organization\",\"@id\":\"https:\\\/\\\/anadolupet.com.tr\\\/#organization\",\"name\":\"Anadolu Pet Grup\",\"alternateName\":\"Anadolu Pet\",\"url\":\"https:\\\/\\\/anadolupet.com.tr\\\/\",\"logo\":{\"@type\":\"ImageObject\",\"inLanguage\":\"en-US\",\"@id\":\"https:\\\/\\\/anadolupet.com.tr\\\/#\\\/schema\\\/logo\\\/image\\\/\",\"url\":\"https:\\\/\\\/anadolupet.com.tr\\\/wp-content\\\/uploads\\\/2026\\\/03\\\/1614666743370.jpg\",\"contentUrl\":\"https:\\\/\\\/anadolupet.com.tr\\\/wp-content\\\/uploads\\\/2026\\\/03\\\/1614666743370.jpg\",\"width\":800,\"height\":571,\"caption\":\"Anadolu Pet Grup\"},\"image\":{\"@id\":\"https:\\\/\\\/anadolupet.com.tr\\\/#\\\/schema\\\/logo\\\/image\\\/\"}}]}<\/script>\n<!-- \/ Yoast SEO plugin. -->","yoast_head_json":{"title":"Furminator K\u00f6pek Tara\u011f\u0131 - K\u0131sa T\u00fcyl\u00fc Dev Irk K\u00f6pekler i\u00e7in - XL - Anadolu Pet Grup","robots":{"index":"index","follow":"follow","max-snippet":"max-snippet:-1","max-image-preview":"max-image-preview:large","max-video-preview":"max-video-preview:-1"},"canonical":"https:\/\/anadolupet.com.tr\/en\/product\/furminator-kopek-taragi-kisa-tuylu-dev-irk-kopekler-icin-xl\/","og_locale":"en_US","og_type":"article","og_title":"Furminator K\u00f6pek Tara\u011f\u0131 - K\u0131sa T\u00fcyl\u00fc Dev Irk K\u00f6pekler i\u00e7in - XL - Anadolu Pet Grup","og_description":"T\u00fcyl\u00fc dostlar\u0131m\u0131zda allerjiye yol a\u00e7t\u0131\u011f\u0131 bilinen sa\u00e7\u0131lmaya haz\u0131r cans\u0131z ve gev\u015fek t\u00fcyleri \u00e7abuk, kolayca ve zarar vermeden al\u0131r. Masaj etkisi ile kan dola\u015f\u0131m\u0131n\u0131 h\u0131zland\u0131r\u0131r ve sa\u011fl\u0131kl\u0131, canl\u0131, parlak t\u00fcylerin geli\u015fimine yard\u0131mc\u0131 olur. Her hafta 1 veya 2 kez kuru t\u00fcyler \u00fczerinde 10 ile 20 dakika uygulayabilirsiniz. Tarak k\u0131sm\u0131 14,5 cm paslanmaz \u00e7eliktir. 33 - 70 kg a\u011f\u0131rl\u0131\u011f\u0131ndaki k\u0131sa t\u00fcyl\u00fc k\u00f6pekler i\u00e7in uygundur. D\u00f6k\u00fclen \u00f6l\u00fc t\u00fcyleri t\u00fcyl\u00fc dostunuzun \u00fczerinden %99 oran\u0131nda toplar. Kau\u00e7uk tutma sap\u0131 ergonomik bir kullan\u0131m sa\u011flar. Bir d\u00fc\u011fmeye basarak \u00e7\u0131kar\u0131lan t\u00fcyleri kolayca atabileceksiniz!","og_url":"https:\/\/anadolupet.com.tr\/en\/product\/furminator-kopek-taragi-kisa-tuylu-dev-irk-kopekler-icin-xl\/","og_site_name":"Anadolu Pet Grup","article_modified_time":"2026-02-23T12:48:42+00:00","og_image":[{"width":750,"height":750,"url":"https:\/\/anadolupet.com.tr\/wp-content\/uploads\/2026\/02\/407-691015.jpg","type":"image\/jpeg"}],"twitter_card":"summary_large_image","schema":{"@context":"https:\/\/schema.org","@graph":[{"@type":"WebPage","@id":"https:\/\/anadolupet.com.tr\/urun\/furminator-kopek-taragi-kisa-tuylu-dev-irk-kopekler-icin-xl\/","url":"https:\/\/anadolupet.com.tr\/urun\/furminator-kopek-taragi-kisa-tuylu-dev-irk-kopekler-icin-xl\/","name":"Furminator K\u00f6pek Tara\u011f\u0131 - K\u0131sa T\u00fcyl\u00fc Dev Irk K\u00f6pekler i\u00e7in - XL - Anadolu Pet Grup","isPartOf":{"@id":"https:\/\/anadolupet.com.tr\/#website"},"primaryImageOfPage":{"@id":"https:\/\/anadolupet.com.tr\/urun\/furminator-kopek-taragi-kisa-tuylu-dev-irk-kopekler-icin-xl\/#primaryimage"},"image":{"@id":"https:\/\/anadolupet.com.tr\/urun\/furminator-kopek-taragi-kisa-tuylu-dev-irk-kopekler-icin-xl\/#primaryimage"},"thumbnailUrl":"https:\/\/anadolupet.com.tr\/wp-content\/uploads\/2026\/02\/407-691015.jpg","datePublished":"2026-02-14T14:41:15+00:00","dateModified":"2026-02-23T12:48:42+00:00","breadcrumb":{"@id":"https:\/\/anadolupet.com.tr\/urun\/furminator-kopek-taragi-kisa-tuylu-dev-irk-kopekler-icin-xl\/#breadcrumb"},"inLanguage":"en-US","potentialAction":[{"@type":"ReadAction","target":["https:\/\/anadolupet.com.tr\/urun\/furminator-kopek-taragi-kisa-tuylu-dev-irk-kopekler-icin-xl\/"]}]},{"@type":"ImageObject","inLanguage":"en-US","@id":"https:\/\/anadolupet.com.tr\/urun\/furminator-kopek-taragi-kisa-tuylu-dev-irk-kopekler-icin-xl\/#primaryimage","url":"https:\/\/anadolupet.com.tr\/wp-content\/uploads\/2026\/02\/407-691015.jpg","contentUrl":"https:\/\/anadolupet.com.tr\/wp-content\/uploads\/2026\/02\/407-691015.jpg","width":750,"height":750},{"@type":"BreadcrumbList","@id":"https:\/\/anadolupet.com.tr\/urun\/furminator-kopek-taragi-kisa-tuylu-dev-irk-kopekler-icin-xl\/#breadcrumb","itemListElement":[{"@type":"ListItem","position":1,"name":"Anasayfa","item":"https:\/\/anadolupet.com.tr\/"},{"@type":"ListItem","position":2,"name":"\u00dcr\u00fcnler","item":"https:\/\/anadolupet.com.tr\/urunler\/"},{"@type":"ListItem","position":3,"name":"Furminator K\u00f6pek Tara\u011f\u0131 &#8211; K\u0131sa T\u00fcyl\u00fc Dev Irk K\u00f6pekler i\u00e7in &#8211; XL"}]},{"@type":"WebSite","@id":"https:\/\/anadolupet.com.tr\/#website","url":"https:\/\/anadolupet.com.tr\/","name":"Anadolu Pet Group","description":"We Stand Together for the Well-Being of Every Life","publisher":{"@id":"https:\/\/anadolupet.com.tr\/#organization"},"potentialAction":[{"@type":"SearchAction","target":{"@type":"EntryPoint","urlTemplate":"https:\/\/anadolupet.com.tr\/?s={search_term_string}"},"query-input":{"@type":"PropertyValueSpecification","valueRequired":true,"valueName":"search_term_string"}}],"inLanguage":"en-US"},{"@type":"Organization","@id":"https:\/\/anadolupet.com.tr\/#organization","name":"Anadolu Pet Group","alternateName":"Anadolu Pet","url":"https:\/\/anadolupet.com.tr\/","logo":{"@type":"ImageObject","inLanguage":"en-US","@id":"https:\/\/anadolupet.com.tr\/#\/schema\/logo\/image\/","url":"https:\/\/anadolupet.com.tr\/wp-content\/uploads\/2026\/03\/1614666743370.jpg","contentUrl":"https:\/\/anadolupet.com.tr\/wp-content\/uploads\/2026\/03\/1614666743370.jpg","width":800,"height":571,"caption":"Anadolu Pet Grup"},"image":{"@id":"https:\/\/anadolupet.com.tr\/#\/schema\/logo\/image\/"}}]}},"_links":{"self":[{"href":"https:\/\/anadolupet.com.tr\/en\/wp-json\/wp\/v2\/product\/45299","targetHints":{"allow":["GET"]}}],"collection":[{"href":"https:\/\/anadolupet.com.tr\/en\/wp-json\/wp\/v2\/product"}],"about":[{"href":"https:\/\/anadolupet.com.tr\/en\/wp-json\/wp\/v2\/types\/product"}],"replies":[{"embeddable":true,"href":"https:\/\/anadolupet.com.tr\/en\/wp-json\/wp\/v2\/comments?post=45299"}],"wp:featuredmedia":[{"embeddable":true,"href":"https:\/\/anadolupet.com.tr\/en\/wp-json\/wp\/v2\/media\/44113"}],"wp:attachment":[{"href":"https:\/\/anadolupet.com.tr\/en\/wp-json\/wp\/v2\/media?parent=45299"}],"wp:term":[{"taxonomy":"product_brand","embeddable":true,"href":"https:\/\/anadolupet.com.tr\/en\/wp-json\/wp\/v2\/product_brand?post=45299"},{"taxonomy":"product_cat","embeddable":true,"href":"https:\/\/anadolupet.com.tr\/en\/wp-json\/wp\/v2\/product_cat?post=45299"},{"taxonomy":"product_tag","embeddable":true,"href":"https:\/\/anadolupet.com.tr\/en\/wp-json\/wp\/v2\/product_tag?post=45299"}],"curies":[{"name":"wp","href":"https:\/\/api.w.org\/{rel}","templated":true}]}}