{"id":45300,"date":"2026-02-14T14:41:16","date_gmt":"2026-02-14T14:41:16","guid":{"rendered":"https:\/\/anadolupet.com.tr\/?post_type=product&#038;p=45300"},"modified":"2026-02-23T12:48:42","modified_gmt":"2026-02-23T12:48:42","slug":"furminator-kopek-taragi-kisa-tuylu-kucuk-irk-kopekler-icin-s","status":"publish","type":"product","link":"https:\/\/anadolupet.com.tr\/en\/urun\/furminator-kopek-taragi-kisa-tuylu-kucuk-irk-kopekler-icin-s\/","title":{"rendered":"Furminator K\u00f6pek Tara\u011f\u0131 &#8211; K\u0131sa T\u00fcyl\u00fc K\u00fc\u00e7\u00fck Irk K\u00f6pekler i\u00e7in &#8211; S"},"content":{"rendered":"","protected":false},"excerpt":{"rendered":"<p>T\u00fcyl\u00fc dostunuzun bak\u0131m s\u00fcrecinde 4,45 cm olan tarak genei\u015fli\u011fi sayesinde \u00fczerinde bulunan toz ve partik\u00fcller ile sa\u011fl\u0131kl\u0131 t\u00fcylerinin uzamas\u0131n\u0131 engelleyen \u00f6l\u00fc t\u00fcyleri toplayarak, deri \u00fczerindeki kan dola\u015f\u0131m\u0131n\u0131 kuvvetlendirir ve sa\u011fl\u0131kl\u0131 canl\u0131 parlak t\u00fcylerin geli\u015fimine yard\u0131mc\u0131 olur.<br \/>\nHer hafta 1 veya 2 kez kuru t\u00fcyler \u00fczerinde 10 ile 20 dakika uygulayabilirsiniz.<br \/>\nKau\u00e7uk tutma sap\u0131 ergonomik bir kullan\u0131m sa\u011flar.<br \/>\nBir d\u00fc\u011fmeye basarak \u00e7\u0131kar\u0131lan t\u00fcyleri kolayca atabileceksiniz!<\/p>","protected":false},"featured_media":44107,"comment_status":"open","ping_status":"closed","template":"","meta":{"_acf_changed":false},"product_brand":[],"product_cat":[2446],"product_tag":[],"class_list":{"0":"post-45300","1":"product","2":"type-product","3":"status-publish","4":"has-post-thumbnail","6":"product_cat-fircalar-ve-taraklar-kopek","8":"first","9":"instock","10":"shipping-taxable","11":"product-type-simple"},"acf":[],"yoast_head":"<!-- This site is optimized with the Yoast SEO plugin v27.5 - https:\/\/yoast.com\/product\/yoast-seo-wordpress\/ -->\n<title>Furminator K\u00f6pek Tara\u011f\u0131 - K\u0131sa T\u00fcyl\u00fc K\u00fc\u00e7\u00fck Irk K\u00f6pekler i\u00e7in - S - Anadolu Pet Grup<\/title>\n<meta name=\"robots\" content=\"index, follow, max-snippet:-1, max-image-preview:large, max-video-preview:-1\" \/>\n<link rel=\"canonical\" href=\"https:\/\/anadolupet.com.tr\/en\/product\/furminator-kopek-taragi-kisa-tuylu-kucuk-irk-kopekler-icin-s\/\" \/>\n<meta property=\"og:locale\" content=\"en_US\" \/>\n<meta property=\"og:type\" content=\"article\" \/>\n<meta property=\"og:title\" content=\"Furminator K\u00f6pek Tara\u011f\u0131 - K\u0131sa T\u00fcyl\u00fc K\u00fc\u00e7\u00fck Irk K\u00f6pekler i\u00e7in - S - Anadolu Pet Grup\" \/>\n<meta property=\"og:description\" content=\"T\u00fcyl\u00fc dostunuzun bak\u0131m s\u00fcrecinde 4,45 cm olan tarak genei\u015fli\u011fi sayesinde \u00fczerinde bulunan toz ve partik\u00fcller ile sa\u011fl\u0131kl\u0131 t\u00fcylerinin uzamas\u0131n\u0131 engelleyen \u00f6l\u00fc t\u00fcyleri toplayarak, deri \u00fczerindeki kan dola\u015f\u0131m\u0131n\u0131 kuvvetlendirir ve sa\u011fl\u0131kl\u0131 canl\u0131 parlak t\u00fcylerin geli\u015fimine yard\u0131mc\u0131 olur. Her hafta 1 veya 2 kez kuru t\u00fcyler \u00fczerinde 10 ile 20 dakika uygulayabilirsiniz. Kau\u00e7uk tutma sap\u0131 ergonomik bir kullan\u0131m sa\u011flar. Bir d\u00fc\u011fmeye basarak \u00e7\u0131kar\u0131lan t\u00fcyleri kolayca atabileceksiniz!\" \/>\n<meta property=\"og:url\" content=\"https:\/\/anadolupet.com.tr\/en\/product\/furminator-kopek-taragi-kisa-tuylu-kucuk-irk-kopekler-icin-s\/\" \/>\n<meta property=\"og:site_name\" content=\"Anadolu Pet Grup\" \/>\n<meta property=\"article:modified_time\" content=\"2026-02-23T12:48:42+00:00\" \/>\n<meta property=\"og:image\" content=\"https:\/\/anadolupet.com.tr\/wp-content\/uploads\/2026\/02\/407-691009.jpg\" \/>\n\t<meta property=\"og:image:width\" content=\"750\" \/>\n\t<meta property=\"og:image:height\" content=\"750\" \/>\n\t<meta property=\"og:image:type\" content=\"image\/jpeg\" \/>\n<meta name=\"twitter:card\" content=\"summary_large_image\" \/>\n<script type=\"application\/ld+json\" class=\"yoast-schema-graph\">{\"@context\":\"https:\\\/\\\/schema.org\",\"@graph\":[{\"@type\":\"WebPage\",\"@id\":\"https:\\\/\\\/anadolupet.com.tr\\\/urun\\\/furminator-kopek-taragi-kisa-tuylu-kucuk-irk-kopekler-icin-s\\\/\",\"url\":\"https:\\\/\\\/anadolupet.com.tr\\\/urun\\\/furminator-kopek-taragi-kisa-tuylu-kucuk-irk-kopekler-icin-s\\\/\",\"name\":\"Furminator K\u00f6pek Tara\u011f\u0131 - K\u0131sa T\u00fcyl\u00fc K\u00fc\u00e7\u00fck Irk K\u00f6pekler i\u00e7in - S - Anadolu Pet Grup\",\"isPartOf\":{\"@id\":\"https:\\\/\\\/anadolupet.com.tr\\\/#website\"},\"primaryImageOfPage\":{\"@id\":\"https:\\\/\\\/anadolupet.com.tr\\\/urun\\\/furminator-kopek-taragi-kisa-tuylu-kucuk-irk-kopekler-icin-s\\\/#primaryimage\"},\"image\":{\"@id\":\"https:\\\/\\\/anadolupet.com.tr\\\/urun\\\/furminator-kopek-taragi-kisa-tuylu-kucuk-irk-kopekler-icin-s\\\/#primaryimage\"},\"thumbnailUrl\":\"https:\\\/\\\/anadolupet.com.tr\\\/wp-content\\\/uploads\\\/2026\\\/02\\\/407-691009.jpg\",\"datePublished\":\"2026-02-14T14:41:16+00:00\",\"dateModified\":\"2026-02-23T12:48:42+00:00\",\"breadcrumb\":{\"@id\":\"https:\\\/\\\/anadolupet.com.tr\\\/urun\\\/furminator-kopek-taragi-kisa-tuylu-kucuk-irk-kopekler-icin-s\\\/#breadcrumb\"},\"inLanguage\":\"en-US\",\"potentialAction\":[{\"@type\":\"ReadAction\",\"target\":[\"https:\\\/\\\/anadolupet.com.tr\\\/urun\\\/furminator-kopek-taragi-kisa-tuylu-kucuk-irk-kopekler-icin-s\\\/\"]}]},{\"@type\":\"ImageObject\",\"inLanguage\":\"en-US\",\"@id\":\"https:\\\/\\\/anadolupet.com.tr\\\/urun\\\/furminator-kopek-taragi-kisa-tuylu-kucuk-irk-kopekler-icin-s\\\/#primaryimage\",\"url\":\"https:\\\/\\\/anadolupet.com.tr\\\/wp-content\\\/uploads\\\/2026\\\/02\\\/407-691009.jpg\",\"contentUrl\":\"https:\\\/\\\/anadolupet.com.tr\\\/wp-content\\\/uploads\\\/2026\\\/02\\\/407-691009.jpg\",\"width\":750,\"height\":750},{\"@type\":\"BreadcrumbList\",\"@id\":\"https:\\\/\\\/anadolupet.com.tr\\\/urun\\\/furminator-kopek-taragi-kisa-tuylu-kucuk-irk-kopekler-icin-s\\\/#breadcrumb\",\"itemListElement\":[{\"@type\":\"ListItem\",\"position\":1,\"name\":\"Anasayfa\",\"item\":\"https:\\\/\\\/anadolupet.com.tr\\\/\"},{\"@type\":\"ListItem\",\"position\":2,\"name\":\"\u00dcr\u00fcnler\",\"item\":\"https:\\\/\\\/anadolupet.com.tr\\\/urunler\\\/\"},{\"@type\":\"ListItem\",\"position\":3,\"name\":\"Furminator K\u00f6pek Tara\u011f\u0131 &#8211; K\u0131sa T\u00fcyl\u00fc K\u00fc\u00e7\u00fck Irk K\u00f6pekler i\u00e7in &#8211; S\"}]},{\"@type\":\"WebSite\",\"@id\":\"https:\\\/\\\/anadolupet.com.tr\\\/#website\",\"url\":\"https:\\\/\\\/anadolupet.com.tr\\\/\",\"name\":\"Anadolu Pet Grup\",\"description\":\"Her Can\u0131n \u0130yi Ya\u015fam\u0131 \u0130\u00e7in Biraraday\u0131z\",\"publisher\":{\"@id\":\"https:\\\/\\\/anadolupet.com.tr\\\/#organization\"},\"potentialAction\":[{\"@type\":\"SearchAction\",\"target\":{\"@type\":\"EntryPoint\",\"urlTemplate\":\"https:\\\/\\\/anadolupet.com.tr\\\/?s={search_term_string}\"},\"query-input\":{\"@type\":\"PropertyValueSpecification\",\"valueRequired\":true,\"valueName\":\"search_term_string\"}}],\"inLanguage\":\"en-US\"},{\"@type\":\"Organization\",\"@id\":\"https:\\\/\\\/anadolupet.com.tr\\\/#organization\",\"name\":\"Anadolu Pet Grup\",\"alternateName\":\"Anadolu Pet\",\"url\":\"https:\\\/\\\/anadolupet.com.tr\\\/\",\"logo\":{\"@type\":\"ImageObject\",\"inLanguage\":\"en-US\",\"@id\":\"https:\\\/\\\/anadolupet.com.tr\\\/#\\\/schema\\\/logo\\\/image\\\/\",\"url\":\"https:\\\/\\\/anadolupet.com.tr\\\/wp-content\\\/uploads\\\/2026\\\/03\\\/1614666743370.jpg\",\"contentUrl\":\"https:\\\/\\\/anadolupet.com.tr\\\/wp-content\\\/uploads\\\/2026\\\/03\\\/1614666743370.jpg\",\"width\":800,\"height\":571,\"caption\":\"Anadolu Pet Grup\"},\"image\":{\"@id\":\"https:\\\/\\\/anadolupet.com.tr\\\/#\\\/schema\\\/logo\\\/image\\\/\"}}]}<\/script>\n<!-- \/ Yoast SEO plugin. -->","yoast_head_json":{"title":"Furminator K\u00f6pek Tara\u011f\u0131 - K\u0131sa T\u00fcyl\u00fc K\u00fc\u00e7\u00fck Irk K\u00f6pekler i\u00e7in - S - Anadolu Pet Grup","robots":{"index":"index","follow":"follow","max-snippet":"max-snippet:-1","max-image-preview":"max-image-preview:large","max-video-preview":"max-video-preview:-1"},"canonical":"https:\/\/anadolupet.com.tr\/en\/product\/furminator-kopek-taragi-kisa-tuylu-kucuk-irk-kopekler-icin-s\/","og_locale":"en_US","og_type":"article","og_title":"Furminator K\u00f6pek Tara\u011f\u0131 - K\u0131sa T\u00fcyl\u00fc K\u00fc\u00e7\u00fck Irk K\u00f6pekler i\u00e7in - S - Anadolu Pet Grup","og_description":"T\u00fcyl\u00fc dostunuzun bak\u0131m s\u00fcrecinde 4,45 cm olan tarak genei\u015fli\u011fi sayesinde \u00fczerinde bulunan toz ve partik\u00fcller ile sa\u011fl\u0131kl\u0131 t\u00fcylerinin uzamas\u0131n\u0131 engelleyen \u00f6l\u00fc t\u00fcyleri toplayarak, deri \u00fczerindeki kan dola\u015f\u0131m\u0131n\u0131 kuvvetlendirir ve sa\u011fl\u0131kl\u0131 canl\u0131 parlak t\u00fcylerin geli\u015fimine yard\u0131mc\u0131 olur. Her hafta 1 veya 2 kez kuru t\u00fcyler \u00fczerinde 10 ile 20 dakika uygulayabilirsiniz. Kau\u00e7uk tutma sap\u0131 ergonomik bir kullan\u0131m sa\u011flar. Bir d\u00fc\u011fmeye basarak \u00e7\u0131kar\u0131lan t\u00fcyleri kolayca atabileceksiniz!","og_url":"https:\/\/anadolupet.com.tr\/en\/product\/furminator-kopek-taragi-kisa-tuylu-kucuk-irk-kopekler-icin-s\/","og_site_name":"Anadolu Pet Grup","article_modified_time":"2026-02-23T12:48:42+00:00","og_image":[{"width":750,"height":750,"url":"https:\/\/anadolupet.com.tr\/wp-content\/uploads\/2026\/02\/407-691009.jpg","type":"image\/jpeg"}],"twitter_card":"summary_large_image","schema":{"@context":"https:\/\/schema.org","@graph":[{"@type":"WebPage","@id":"https:\/\/anadolupet.com.tr\/urun\/furminator-kopek-taragi-kisa-tuylu-kucuk-irk-kopekler-icin-s\/","url":"https:\/\/anadolupet.com.tr\/urun\/furminator-kopek-taragi-kisa-tuylu-kucuk-irk-kopekler-icin-s\/","name":"Furminator K\u00f6pek Tara\u011f\u0131 - K\u0131sa T\u00fcyl\u00fc K\u00fc\u00e7\u00fck Irk K\u00f6pekler i\u00e7in - S - Anadolu Pet Grup","isPartOf":{"@id":"https:\/\/anadolupet.com.tr\/#website"},"primaryImageOfPage":{"@id":"https:\/\/anadolupet.com.tr\/urun\/furminator-kopek-taragi-kisa-tuylu-kucuk-irk-kopekler-icin-s\/#primaryimage"},"image":{"@id":"https:\/\/anadolupet.com.tr\/urun\/furminator-kopek-taragi-kisa-tuylu-kucuk-irk-kopekler-icin-s\/#primaryimage"},"thumbnailUrl":"https:\/\/anadolupet.com.tr\/wp-content\/uploads\/2026\/02\/407-691009.jpg","datePublished":"2026-02-14T14:41:16+00:00","dateModified":"2026-02-23T12:48:42+00:00","breadcrumb":{"@id":"https:\/\/anadolupet.com.tr\/urun\/furminator-kopek-taragi-kisa-tuylu-kucuk-irk-kopekler-icin-s\/#breadcrumb"},"inLanguage":"en-US","potentialAction":[{"@type":"ReadAction","target":["https:\/\/anadolupet.com.tr\/urun\/furminator-kopek-taragi-kisa-tuylu-kucuk-irk-kopekler-icin-s\/"]}]},{"@type":"ImageObject","inLanguage":"en-US","@id":"https:\/\/anadolupet.com.tr\/urun\/furminator-kopek-taragi-kisa-tuylu-kucuk-irk-kopekler-icin-s\/#primaryimage","url":"https:\/\/anadolupet.com.tr\/wp-content\/uploads\/2026\/02\/407-691009.jpg","contentUrl":"https:\/\/anadolupet.com.tr\/wp-content\/uploads\/2026\/02\/407-691009.jpg","width":750,"height":750},{"@type":"BreadcrumbList","@id":"https:\/\/anadolupet.com.tr\/urun\/furminator-kopek-taragi-kisa-tuylu-kucuk-irk-kopekler-icin-s\/#breadcrumb","itemListElement":[{"@type":"ListItem","position":1,"name":"Anasayfa","item":"https:\/\/anadolupet.com.tr\/"},{"@type":"ListItem","position":2,"name":"\u00dcr\u00fcnler","item":"https:\/\/anadolupet.com.tr\/urunler\/"},{"@type":"ListItem","position":3,"name":"Furminator K\u00f6pek Tara\u011f\u0131 &#8211; K\u0131sa T\u00fcyl\u00fc K\u00fc\u00e7\u00fck Irk K\u00f6pekler i\u00e7in &#8211; S"}]},{"@type":"WebSite","@id":"https:\/\/anadolupet.com.tr\/#website","url":"https:\/\/anadolupet.com.tr\/","name":"Anadolu Pet Group","description":"We Stand Together for the Well-Being of Every Life","publisher":{"@id":"https:\/\/anadolupet.com.tr\/#organization"},"potentialAction":[{"@type":"SearchAction","target":{"@type":"EntryPoint","urlTemplate":"https:\/\/anadolupet.com.tr\/?s={search_term_string}"},"query-input":{"@type":"PropertyValueSpecification","valueRequired":true,"valueName":"search_term_string"}}],"inLanguage":"en-US"},{"@type":"Organization","@id":"https:\/\/anadolupet.com.tr\/#organization","name":"Anadolu Pet Group","alternateName":"Anadolu Pet","url":"https:\/\/anadolupet.com.tr\/","logo":{"@type":"ImageObject","inLanguage":"en-US","@id":"https:\/\/anadolupet.com.tr\/#\/schema\/logo\/image\/","url":"https:\/\/anadolupet.com.tr\/wp-content\/uploads\/2026\/03\/1614666743370.jpg","contentUrl":"https:\/\/anadolupet.com.tr\/wp-content\/uploads\/2026\/03\/1614666743370.jpg","width":800,"height":571,"caption":"Anadolu Pet Grup"},"image":{"@id":"https:\/\/anadolupet.com.tr\/#\/schema\/logo\/image\/"}}]}},"_links":{"self":[{"href":"https:\/\/anadolupet.com.tr\/en\/wp-json\/wp\/v2\/product\/45300","targetHints":{"allow":["GET"]}}],"collection":[{"href":"https:\/\/anadolupet.com.tr\/en\/wp-json\/wp\/v2\/product"}],"about":[{"href":"https:\/\/anadolupet.com.tr\/en\/wp-json\/wp\/v2\/types\/product"}],"replies":[{"embeddable":true,"href":"https:\/\/anadolupet.com.tr\/en\/wp-json\/wp\/v2\/comments?post=45300"}],"wp:featuredmedia":[{"embeddable":true,"href":"https:\/\/anadolupet.com.tr\/en\/wp-json\/wp\/v2\/media\/44107"}],"wp:attachment":[{"href":"https:\/\/anadolupet.com.tr\/en\/wp-json\/wp\/v2\/media?parent=45300"}],"wp:term":[{"taxonomy":"product_brand","embeddable":true,"href":"https:\/\/anadolupet.com.tr\/en\/wp-json\/wp\/v2\/product_brand?post=45300"},{"taxonomy":"product_cat","embeddable":true,"href":"https:\/\/anadolupet.com.tr\/en\/wp-json\/wp\/v2\/product_cat?post=45300"},{"taxonomy":"product_tag","embeddable":true,"href":"https:\/\/anadolupet.com.tr\/en\/wp-json\/wp\/v2\/product_tag?post=45300"}],"curies":[{"name":"wp","href":"https:\/\/api.w.org\/{rel}","templated":true}]}}