{"id":45312,"date":"2026-02-14T14:41:19","date_gmt":"2026-02-14T14:41:19","guid":{"rendered":"https:\/\/anadolupet.com.tr\/urun\/hills-pd-a-d-kedi-kopek-konservesi-12x200gr\/"},"modified":"2026-02-23T12:48:43","modified_gmt":"2026-02-23T12:48:43","slug":"hills-pd-a-d-kedi-kopek-konservesi-12x200gr","status":"publish","type":"product","link":"https:\/\/anadolupet.com.tr\/en\/urun\/hills-pd-a-d-kedi-kopek-konservesi-12x200gr\/","title":{"rendered":"Hill&#8217;s PD A\/D Kedi\/K\u00f6pek Konservesi 12x200GR"},"content":{"rendered":"","protected":false},"excerpt":{"rendered":"<p>Hill&#8217;s Prescription Diet a\/d k\u00f6pek\/kedi mamas\u0131 evcil hayvan\u0131n\u0131za elinizden gelenin en iyisini verdi\u011finizden emin olabilmeniz i\u00e7in ameliyat, hastal\u0131k veya yaralanma sonras\u0131 iyile\u015fme s\u00fcrecindeki k\u00f6pekler ve kediler i\u00e7in \u00f6zel olarak form\u00fcle edilmi\u015f ve klinik olarak etkisi kan\u0131tlanm\u0131\u015f bir beslenmedir. Ciddi hastal\u0131k, kaza veya ameliyat sonras\u0131 iyile\u015fme s\u00fcrecindeki evcil hayvanlar i\u00e7in yemek yemeyi te\u015fvik eden ve besin deste\u011fi sa\u011flayan, kolay sindirilebilir bir k\u00f6pek\/kedi mamas\u0131d\u0131r. PRESCRIPTION DIET a\/d yaln\u0131zca d\u00f6nemsel besleme ama\u00e7l\u0131d\u0131r ve uzun s\u00fcreli beslenme (6 aydan fazla) i\u00e7in \u00f6nerilmez. Sindirimi kolay olan bu k\u00f6pek mamas\u0131 tavuk etinden yap\u0131l\u0131r ve kedi veya k\u00f6pe\u011finizin sevece\u011fi ve kar\u015f\u0131 koyamayaca\u011f\u0131, a\u011f\u0131z suland\u0131ran bir lezzete sahiptir.<br \/>\nKediler ve k\u00f6pekler ameliyattan, hastal\u0131ktan veya yaralanmadan sonra iyile\u015fme s\u00fcrecinde \u00f6nemli metabolik de\u011fi\u015fikliklere u\u011frayabilir. Bu stresli ko\u015fullar alt\u0131ndayken, evcil hayvan\u0131n\u0131z\u0131n g\u00fc\u00e7l\u00fc do\u011fal savunmas\u0131n\u0131 s\u00fcrd\u00fcrmesi gerekir, bu da evcil hayvan\u0131n\u0131z\u0131n bu zorlu durumlardan geri d\u00f6nmesine yard\u0131mc\u0131 olmak i\u00e7in do\u011fru mama kullanmay\u0131 daha da \u00f6nemli hale getirir.<br \/>\nBu \u00fcr\u00fcn yaln\u0131zca aral\u0131kl\u0131 besleme i\u00e7in tasarlanm\u0131\u015ft\u0131r. Yaln\u0131zca veteriner hekiminizin kontrol\u00fc alt\u0131nda kullan\u0131n.<br \/>\nEvcil hayvan\u0131n\u0131z\u0131n ya\u015fam\u0131n\u0131 d\u00f6n\u00fc\u015ft\u00fcrmeye yard\u0131mc\u0131 olan harika lezzetli mama. Onlar\u0131n size ihtiyac\u0131 var, bu nedenle onlara m\u00fcmk\u00fcn olan en iyi ve sa\u011fl\u0131kl\u0131 mamay\u0131 sa\u011flamaya \u00e7al\u0131\u015f\u0131yoruz. Evcil hayvanlar\u0131n\u0131z\u0131n benzersiz sa\u011fl\u0131k ihtiya\u00e7lar\u0131n\u0131 kar\u015f\u0131layan bilimsel form\u00fcllerin temel al\u0131nd\u0131\u011f\u0131 PRESCRIPTION DIET evcil hayvan mamas\u0131, kedilerin uzun ve mutlu bir ya\u015fam s\u00fcrmeleri i\u00e7in ihtiya\u00e7 duyduklar\u0131 her \u015feyi sunan bir besindir.<br \/>\nEvcil hayvan mamalar\u0131m\u0131z\u0131 en y\u00fcksek kaliteli malzemelerle \u00fcretiyoruz. Bu malzemeler, safl\u0131k ve besin i\u00e7eri\u011fi konusundaki kat\u0131 kriterlerimizi kar\u015f\u0131lamal\u0131d\u0131r.<br \/>\nBar\u0131naklarda ya\u015fayan evcil hayvanlar\u0131n hayat\u0131nda bir fark yaratabilirsiniz. Sat\u0131n ald\u0131\u011f\u0131n\u0131z her Hill&#8217;s PRESCRIPTION DIET evcil hayvan mamas\u0131yla, her g\u00fcn yani y\u0131l\u0131n 365 g\u00fcn\u00fc 100.000&#8217;den fazla evsiz hayvan\u0131 beslemeye yard\u0131mc\u0131 olabilirsiniz. Daha fazlas\u0131n\u0131 hillsfoodshelterlove.com adresinden \u00f6\u011frenebilirsiniz.<br \/>\nHill\u2019s PRESCRIPTION DIET evcil hayvan mamas\u0131, kedinizin benzersiz ihtiya\u00e7lar\u0131n\u0131 kar\u015f\u0131lamak i\u00e7in haz\u0131rlanan ve evcil hayvan\u0131n\u0131z\u0131n sevece\u011fi lezzetler i\u00e7eren \u00e7e\u015fitli kuru veya \u0131slak konserve mamalar sunmaktad\u0131r.<br \/>\n\u0130\u00c7\u0130NDEK\u0130LER: Et ve hayvansal t\u00fcrevler (tavuk %13), tah\u0131llar, kat\u0131 ve s\u0131v\u0131 ya\u011flar, mineraller, yumurta ve yumurta t\u00fcrevleri, \u00e7e\u015fitli \u015fekerler.<br \/>\nKG BA\u015eINA KATKI MADDELER\u0130: Besin katk\u0131 maddeleri: 3b103 (Demir) 22.4mg, 3b202 (\u0130yot) 0,7mg, 3b405 (Bak\u0131r) 2,8mg, 3b502 (Manganez) 8,6mg, 3b603 (\u00c7inko) 31,6mg. Metabolize olabilir enerji: 1.310 kcal\/kg.<br \/>\nANAL\u0130T\u0130K B\u0130LE\u015eENLER: Protein %12,9, Ya\u011f i\u00e7eri\u011fi %8,9, Ham sel\u00fcloz %0,05, Ham k\u00fcl %2,5, Nem %72,7, Kalsiyum %0,31, Fosfor %0,27, Sodyum %0,25, Potasyum %0,31, Magnezyum %0,03; kg ba\u015f\u0131na: A Vitamini 25.557IU, D3 Vitamini 368IU.<br \/>\nBESLEME TAL\u0130MATI: Bu \u00fcr\u00fcn yaln\u0131zca aral\u0131kl\u0131 besleme i\u00e7in tasarlanm\u0131\u015ft\u0131r. Yaln\u0131zca veteriner hekiminizin kontrol\u00fc alt\u0131nda kullan\u0131n.<\/p>","protected":false},"featured_media":44417,"comment_status":"open","ping_status":"closed","template":"","meta":{"_acf_changed":false},"product_brand":[],"product_cat":[2456],"product_tag":[],"class_list":{"0":"post-45312","1":"product","2":"type-product","3":"status-publish","4":"has-post-thumbnail","6":"product_cat-receteli-diyet-kopek-mamalari","8":"first","9":"instock","10":"shipping-taxable","11":"product-type-simple"},"acf":[],"yoast_head":"<!-- This site is optimized with the Yoast SEO plugin v27.5 - https:\/\/yoast.com\/product\/yoast-seo-wordpress\/ -->\n<title>Hill&#039;s PD A\/D Kedi\/K\u00f6pek Konservesi 12x200GR - Anadolu Pet Grup<\/title>\n<meta name=\"robots\" content=\"index, follow, max-snippet:-1, max-image-preview:large, max-video-preview:-1\" \/>\n<link rel=\"canonical\" href=\"https:\/\/anadolupet.com.tr\/en\/product\/hills-pd-a-d-kedi-kopek-konservesi-12x200gr\/\" \/>\n<meta property=\"og:locale\" content=\"en_US\" \/>\n<meta property=\"og:type\" content=\"article\" \/>\n<meta property=\"og:title\" content=\"Hill&#039;s PD A\/D Kedi\/K\u00f6pek Konservesi 12x200GR - Anadolu Pet Grup\" \/>\n<meta property=\"og:description\" content=\"Hill&#039;s Prescription Diet a\/d k\u00f6pek\/kedi mamas\u0131 evcil hayvan\u0131n\u0131za elinizden gelenin en iyisini verdi\u011finizden emin olabilmeniz i\u00e7in ameliyat, hastal\u0131k veya yaralanma sonras\u0131 iyile\u015fme s\u00fcrecindeki k\u00f6pekler ve kediler i\u00e7in \u00f6zel olarak form\u00fcle edilmi\u015f ve klinik olarak etkisi kan\u0131tlanm\u0131\u015f bir beslenmedir. Ciddi hastal\u0131k, kaza veya ameliyat sonras\u0131 iyile\u015fme s\u00fcrecindeki evcil hayvanlar i\u00e7in yemek yemeyi te\u015fvik eden ve besin deste\u011fi sa\u011flayan, kolay sindirilebilir bir k\u00f6pek\/kedi mamas\u0131d\u0131r. PRESCRIPTION DIET a\/d yaln\u0131zca d\u00f6nemsel besleme ama\u00e7l\u0131d\u0131r ve uzun s\u00fcreli beslenme (6 aydan fazla) i\u00e7in \u00f6nerilmez. Sindirimi kolay olan bu k\u00f6pek mamas\u0131 tavuk etinden yap\u0131l\u0131r ve kedi veya k\u00f6pe\u011finizin sevece\u011fi ve kar\u015f\u0131 koyamayaca\u011f\u0131, a\u011f\u0131z suland\u0131ran bir lezzete sahiptir. Kediler ve k\u00f6pekler ameliyattan, hastal\u0131ktan veya yaralanmadan sonra iyile\u015fme s\u00fcrecinde \u00f6nemli metabolik de\u011fi\u015fikliklere u\u011frayabilir. Bu stresli ko\u015fullar alt\u0131ndayken, evcil hayvan\u0131n\u0131z\u0131n g\u00fc\u00e7l\u00fc do\u011fal savunmas\u0131n\u0131 s\u00fcrd\u00fcrmesi gerekir, bu da evcil hayvan\u0131n\u0131z\u0131n bu zorlu durumlardan geri d\u00f6nmesine yard\u0131mc\u0131 olmak i\u00e7in do\u011fru mama kullanmay\u0131 daha da \u00f6nemli hale getirir. Bu \u00fcr\u00fcn yaln\u0131zca aral\u0131kl\u0131 besleme i\u00e7in tasarlanm\u0131\u015ft\u0131r. Yaln\u0131zca veteriner hekiminizin kontrol\u00fc alt\u0131nda kullan\u0131n. Evcil hayvan\u0131n\u0131z\u0131n ya\u015fam\u0131n\u0131 d\u00f6n\u00fc\u015ft\u00fcrmeye yard\u0131mc\u0131 olan harika lezzetli mama. Onlar\u0131n size ihtiyac\u0131 var, bu nedenle onlara m\u00fcmk\u00fcn olan en iyi ve sa\u011fl\u0131kl\u0131 mamay\u0131 sa\u011flamaya \u00e7al\u0131\u015f\u0131yoruz. Evcil hayvanlar\u0131n\u0131z\u0131n benzersiz sa\u011fl\u0131k ihtiya\u00e7lar\u0131n\u0131 kar\u015f\u0131layan bilimsel form\u00fcllerin temel al\u0131nd\u0131\u011f\u0131 PRESCRIPTION DIET evcil hayvan mamas\u0131, kedilerin uzun ve mutlu bir ya\u015fam s\u00fcrmeleri i\u00e7in ihtiya\u00e7 duyduklar\u0131 her \u015feyi sunan bir besindir. Evcil hayvan mamalar\u0131m\u0131z\u0131 en y\u00fcksek kaliteli malzemelerle \u00fcretiyoruz. Bu malzemeler, safl\u0131k ve besin i\u00e7eri\u011fi konusundaki kat\u0131 kriterlerimizi kar\u015f\u0131lamal\u0131d\u0131r. Bar\u0131naklarda ya\u015fayan evcil hayvanlar\u0131n hayat\u0131nda bir fark yaratabilirsiniz. Sat\u0131n ald\u0131\u011f\u0131n\u0131z her Hill&#039;s PRESCRIPTION DIET evcil hayvan mamas\u0131yla, her g\u00fcn yani y\u0131l\u0131n 365 g\u00fcn\u00fc 100.000&#039;den fazla evsiz hayvan\u0131 beslemeye yard\u0131mc\u0131 olabilirsiniz. Daha fazlas\u0131n\u0131 hillsfoodshelterlove.com adresinden \u00f6\u011frenebilirsiniz. Hill\u2019s PRESCRIPTION DIET evcil hayvan mamas\u0131, kedinizin benzersiz ihtiya\u00e7lar\u0131n\u0131 kar\u015f\u0131lamak i\u00e7in haz\u0131rlanan ve evcil hayvan\u0131n\u0131z\u0131n sevece\u011fi lezzetler i\u00e7eren \u00e7e\u015fitli kuru veya \u0131slak konserve mamalar sunmaktad\u0131r. \u0130\u00c7\u0130NDEK\u0130LER: Et ve hayvansal t\u00fcrevler (tavuk %13), tah\u0131llar, kat\u0131 ve s\u0131v\u0131 ya\u011flar, mineraller, yumurta ve yumurta t\u00fcrevleri, \u00e7e\u015fitli \u015fekerler. KG BA\u015eINA KATKI MADDELER\u0130: Besin katk\u0131 maddeleri: 3b103 (Demir) 22.4mg, 3b202 (\u0130yot) 0,7mg, 3b405 (Bak\u0131r) 2,8mg, 3b502 (Manganez) 8,6mg, 3b603 (\u00c7inko) 31,6mg. Metabolize olabilir enerji: 1.310 kcal\/kg. ANAL\u0130T\u0130K B\u0130LE\u015eENLER: Protein %12,9, Ya\u011f i\u00e7eri\u011fi %8,9, Ham sel\u00fcloz %0,05, Ham k\u00fcl %2,5, Nem %72,7, Kalsiyum %0,31, Fosfor %0,27, Sodyum %0,25, Potasyum %0,31, Magnezyum %0,03; kg ba\u015f\u0131na: A Vitamini 25.557IU, D3 Vitamini 368IU. BESLEME TAL\u0130MATI: Bu \u00fcr\u00fcn yaln\u0131zca aral\u0131kl\u0131 besleme i\u00e7in tasarlanm\u0131\u015ft\u0131r. Yaln\u0131zca veteriner hekiminizin kontrol\u00fc alt\u0131nda kullan\u0131n.\" \/>\n<meta property=\"og:url\" content=\"https:\/\/anadolupet.com.tr\/en\/product\/hills-pd-a-d-kedi-kopek-konservesi-12x200gr\/\" \/>\n<meta property=\"og:site_name\" content=\"Anadolu Pet Grup\" \/>\n<meta property=\"article:modified_time\" content=\"2026-02-23T12:48:43+00:00\" \/>\n<meta property=\"og:image\" content=\"https:\/\/anadolupet.com.tr\/wp-content\/uploads\/2026\/02\/645-608306.jpg\" \/>\n\t<meta property=\"og:image:width\" content=\"750\" \/>\n\t<meta property=\"og:image:height\" content=\"750\" \/>\n\t<meta property=\"og:image:type\" content=\"image\/jpeg\" \/>\n<meta name=\"twitter:card\" content=\"summary_large_image\" \/>\n<script type=\"application\/ld+json\" class=\"yoast-schema-graph\">{\"@context\":\"https:\\\/\\\/schema.org\",\"@graph\":[{\"@type\":\"WebPage\",\"@id\":\"https:\\\/\\\/anadolupet.com.tr\\\/urun\\\/hills-pd-a-d-kedi-kopek-konservesi-12x200gr\\\/\",\"url\":\"https:\\\/\\\/anadolupet.com.tr\\\/urun\\\/hills-pd-a-d-kedi-kopek-konservesi-12x200gr\\\/\",\"name\":\"Hill's PD A\\\/D Kedi\\\/K\u00f6pek Konservesi 12x200GR - Anadolu Pet Grup\",\"isPartOf\":{\"@id\":\"https:\\\/\\\/anadolupet.com.tr\\\/#website\"},\"primaryImageOfPage\":{\"@id\":\"https:\\\/\\\/anadolupet.com.tr\\\/urun\\\/hills-pd-a-d-kedi-kopek-konservesi-12x200gr\\\/#primaryimage\"},\"image\":{\"@id\":\"https:\\\/\\\/anadolupet.com.tr\\\/urun\\\/hills-pd-a-d-kedi-kopek-konservesi-12x200gr\\\/#primaryimage\"},\"thumbnailUrl\":\"https:\\\/\\\/anadolupet.com.tr\\\/wp-content\\\/uploads\\\/2026\\\/02\\\/645-608306.jpg\",\"datePublished\":\"2026-02-14T14:41:19+00:00\",\"dateModified\":\"2026-02-23T12:48:43+00:00\",\"breadcrumb\":{\"@id\":\"https:\\\/\\\/anadolupet.com.tr\\\/urun\\\/hills-pd-a-d-kedi-kopek-konservesi-12x200gr\\\/#breadcrumb\"},\"inLanguage\":\"en-US\",\"potentialAction\":[{\"@type\":\"ReadAction\",\"target\":[\"https:\\\/\\\/anadolupet.com.tr\\\/urun\\\/hills-pd-a-d-kedi-kopek-konservesi-12x200gr\\\/\"]}]},{\"@type\":\"ImageObject\",\"inLanguage\":\"en-US\",\"@id\":\"https:\\\/\\\/anadolupet.com.tr\\\/urun\\\/hills-pd-a-d-kedi-kopek-konservesi-12x200gr\\\/#primaryimage\",\"url\":\"https:\\\/\\\/anadolupet.com.tr\\\/wp-content\\\/uploads\\\/2026\\\/02\\\/645-608306.jpg\",\"contentUrl\":\"https:\\\/\\\/anadolupet.com.tr\\\/wp-content\\\/uploads\\\/2026\\\/02\\\/645-608306.jpg\",\"width\":750,\"height\":750},{\"@type\":\"BreadcrumbList\",\"@id\":\"https:\\\/\\\/anadolupet.com.tr\\\/urun\\\/hills-pd-a-d-kedi-kopek-konservesi-12x200gr\\\/#breadcrumb\",\"itemListElement\":[{\"@type\":\"ListItem\",\"position\":1,\"name\":\"Anasayfa\",\"item\":\"https:\\\/\\\/anadolupet.com.tr\\\/\"},{\"@type\":\"ListItem\",\"position\":2,\"name\":\"\u00dcr\u00fcnler\",\"item\":\"https:\\\/\\\/anadolupet.com.tr\\\/urunler\\\/\"},{\"@type\":\"ListItem\",\"position\":3,\"name\":\"Hill&#8217;s PD A\\\/D Kedi\\\/K\u00f6pek Konservesi 12x200GR\"}]},{\"@type\":\"WebSite\",\"@id\":\"https:\\\/\\\/anadolupet.com.tr\\\/#website\",\"url\":\"https:\\\/\\\/anadolupet.com.tr\\\/\",\"name\":\"Anadolu Pet Grup\",\"description\":\"Her Can\u0131n \u0130yi Ya\u015fam\u0131 \u0130\u00e7in Biraraday\u0131z\",\"publisher\":{\"@id\":\"https:\\\/\\\/anadolupet.com.tr\\\/#organization\"},\"potentialAction\":[{\"@type\":\"SearchAction\",\"target\":{\"@type\":\"EntryPoint\",\"urlTemplate\":\"https:\\\/\\\/anadolupet.com.tr\\\/?s={search_term_string}\"},\"query-input\":{\"@type\":\"PropertyValueSpecification\",\"valueRequired\":true,\"valueName\":\"search_term_string\"}}],\"inLanguage\":\"en-US\"},{\"@type\":\"Organization\",\"@id\":\"https:\\\/\\\/anadolupet.com.tr\\\/#organization\",\"name\":\"Anadolu Pet Grup\",\"alternateName\":\"Anadolu Pet\",\"url\":\"https:\\\/\\\/anadolupet.com.tr\\\/\",\"logo\":{\"@type\":\"ImageObject\",\"inLanguage\":\"en-US\",\"@id\":\"https:\\\/\\\/anadolupet.com.tr\\\/#\\\/schema\\\/logo\\\/image\\\/\",\"url\":\"https:\\\/\\\/anadolupet.com.tr\\\/wp-content\\\/uploads\\\/2026\\\/03\\\/1614666743370.jpg\",\"contentUrl\":\"https:\\\/\\\/anadolupet.com.tr\\\/wp-content\\\/uploads\\\/2026\\\/03\\\/1614666743370.jpg\",\"width\":800,\"height\":571,\"caption\":\"Anadolu Pet Grup\"},\"image\":{\"@id\":\"https:\\\/\\\/anadolupet.com.tr\\\/#\\\/schema\\\/logo\\\/image\\\/\"}}]}<\/script>\n<!-- \/ Yoast SEO plugin. -->","yoast_head_json":{"title":"Hill's PD A\/D Kedi\/K\u00f6pek Konservesi 12x200GR - Anadolu Pet Grup","robots":{"index":"index","follow":"follow","max-snippet":"max-snippet:-1","max-image-preview":"max-image-preview:large","max-video-preview":"max-video-preview:-1"},"canonical":"https:\/\/anadolupet.com.tr\/en\/product\/hills-pd-a-d-kedi-kopek-konservesi-12x200gr\/","og_locale":"en_US","og_type":"article","og_title":"Hill's PD A\/D Kedi\/K\u00f6pek Konservesi 12x200GR - Anadolu Pet Grup","og_description":"Hill's Prescription Diet a\/d k\u00f6pek\/kedi mamas\u0131 evcil hayvan\u0131n\u0131za elinizden gelenin en iyisini verdi\u011finizden emin olabilmeniz i\u00e7in ameliyat, hastal\u0131k veya yaralanma sonras\u0131 iyile\u015fme s\u00fcrecindeki k\u00f6pekler ve kediler i\u00e7in \u00f6zel olarak form\u00fcle edilmi\u015f ve klinik olarak etkisi kan\u0131tlanm\u0131\u015f bir beslenmedir. Ciddi hastal\u0131k, kaza veya ameliyat sonras\u0131 iyile\u015fme s\u00fcrecindeki evcil hayvanlar i\u00e7in yemek yemeyi te\u015fvik eden ve besin deste\u011fi sa\u011flayan, kolay sindirilebilir bir k\u00f6pek\/kedi mamas\u0131d\u0131r. PRESCRIPTION DIET a\/d yaln\u0131zca d\u00f6nemsel besleme ama\u00e7l\u0131d\u0131r ve uzun s\u00fcreli beslenme (6 aydan fazla) i\u00e7in \u00f6nerilmez. Sindirimi kolay olan bu k\u00f6pek mamas\u0131 tavuk etinden yap\u0131l\u0131r ve kedi veya k\u00f6pe\u011finizin sevece\u011fi ve kar\u015f\u0131 koyamayaca\u011f\u0131, a\u011f\u0131z suland\u0131ran bir lezzete sahiptir. Kediler ve k\u00f6pekler ameliyattan, hastal\u0131ktan veya yaralanmadan sonra iyile\u015fme s\u00fcrecinde \u00f6nemli metabolik de\u011fi\u015fikliklere u\u011frayabilir. Bu stresli ko\u015fullar alt\u0131ndayken, evcil hayvan\u0131n\u0131z\u0131n g\u00fc\u00e7l\u00fc do\u011fal savunmas\u0131n\u0131 s\u00fcrd\u00fcrmesi gerekir, bu da evcil hayvan\u0131n\u0131z\u0131n bu zorlu durumlardan geri d\u00f6nmesine yard\u0131mc\u0131 olmak i\u00e7in do\u011fru mama kullanmay\u0131 daha da \u00f6nemli hale getirir. Bu \u00fcr\u00fcn yaln\u0131zca aral\u0131kl\u0131 besleme i\u00e7in tasarlanm\u0131\u015ft\u0131r. Yaln\u0131zca veteriner hekiminizin kontrol\u00fc alt\u0131nda kullan\u0131n. Evcil hayvan\u0131n\u0131z\u0131n ya\u015fam\u0131n\u0131 d\u00f6n\u00fc\u015ft\u00fcrmeye yard\u0131mc\u0131 olan harika lezzetli mama. Onlar\u0131n size ihtiyac\u0131 var, bu nedenle onlara m\u00fcmk\u00fcn olan en iyi ve sa\u011fl\u0131kl\u0131 mamay\u0131 sa\u011flamaya \u00e7al\u0131\u015f\u0131yoruz. Evcil hayvanlar\u0131n\u0131z\u0131n benzersiz sa\u011fl\u0131k ihtiya\u00e7lar\u0131n\u0131 kar\u015f\u0131layan bilimsel form\u00fcllerin temel al\u0131nd\u0131\u011f\u0131 PRESCRIPTION DIET evcil hayvan mamas\u0131, kedilerin uzun ve mutlu bir ya\u015fam s\u00fcrmeleri i\u00e7in ihtiya\u00e7 duyduklar\u0131 her \u015feyi sunan bir besindir. Evcil hayvan mamalar\u0131m\u0131z\u0131 en y\u00fcksek kaliteli malzemelerle \u00fcretiyoruz. Bu malzemeler, safl\u0131k ve besin i\u00e7eri\u011fi konusundaki kat\u0131 kriterlerimizi kar\u015f\u0131lamal\u0131d\u0131r. Bar\u0131naklarda ya\u015fayan evcil hayvanlar\u0131n hayat\u0131nda bir fark yaratabilirsiniz. Sat\u0131n ald\u0131\u011f\u0131n\u0131z her Hill's PRESCRIPTION DIET evcil hayvan mamas\u0131yla, her g\u00fcn yani y\u0131l\u0131n 365 g\u00fcn\u00fc 100.000'den fazla evsiz hayvan\u0131 beslemeye yard\u0131mc\u0131 olabilirsiniz. Daha fazlas\u0131n\u0131 hillsfoodshelterlove.com adresinden \u00f6\u011frenebilirsiniz. Hill\u2019s PRESCRIPTION DIET evcil hayvan mamas\u0131, kedinizin benzersiz ihtiya\u00e7lar\u0131n\u0131 kar\u015f\u0131lamak i\u00e7in haz\u0131rlanan ve evcil hayvan\u0131n\u0131z\u0131n sevece\u011fi lezzetler i\u00e7eren \u00e7e\u015fitli kuru veya \u0131slak konserve mamalar sunmaktad\u0131r. \u0130\u00c7\u0130NDEK\u0130LER: Et ve hayvansal t\u00fcrevler (tavuk %13), tah\u0131llar, kat\u0131 ve s\u0131v\u0131 ya\u011flar, mineraller, yumurta ve yumurta t\u00fcrevleri, \u00e7e\u015fitli \u015fekerler. KG BA\u015eINA KATKI MADDELER\u0130: Besin katk\u0131 maddeleri: 3b103 (Demir) 22.4mg, 3b202 (\u0130yot) 0,7mg, 3b405 (Bak\u0131r) 2,8mg, 3b502 (Manganez) 8,6mg, 3b603 (\u00c7inko) 31,6mg. Metabolize olabilir enerji: 1.310 kcal\/kg. ANAL\u0130T\u0130K B\u0130LE\u015eENLER: Protein %12,9, Ya\u011f i\u00e7eri\u011fi %8,9, Ham sel\u00fcloz %0,05, Ham k\u00fcl %2,5, Nem %72,7, Kalsiyum %0,31, Fosfor %0,27, Sodyum %0,25, Potasyum %0,31, Magnezyum %0,03; kg ba\u015f\u0131na: A Vitamini 25.557IU, D3 Vitamini 368IU. BESLEME TAL\u0130MATI: Bu \u00fcr\u00fcn yaln\u0131zca aral\u0131kl\u0131 besleme i\u00e7in tasarlanm\u0131\u015ft\u0131r. Yaln\u0131zca veteriner hekiminizin kontrol\u00fc alt\u0131nda kullan\u0131n.","og_url":"https:\/\/anadolupet.com.tr\/en\/product\/hills-pd-a-d-kedi-kopek-konservesi-12x200gr\/","og_site_name":"Anadolu Pet Grup","article_modified_time":"2026-02-23T12:48:43+00:00","og_image":[{"width":750,"height":750,"url":"https:\/\/anadolupet.com.tr\/wp-content\/uploads\/2026\/02\/645-608306.jpg","type":"image\/jpeg"}],"twitter_card":"summary_large_image","schema":{"@context":"https:\/\/schema.org","@graph":[{"@type":"WebPage","@id":"https:\/\/anadolupet.com.tr\/urun\/hills-pd-a-d-kedi-kopek-konservesi-12x200gr\/","url":"https:\/\/anadolupet.com.tr\/urun\/hills-pd-a-d-kedi-kopek-konservesi-12x200gr\/","name":"Hill's PD A\/D Kedi\/K\u00f6pek Konservesi 12x200GR - Anadolu Pet Grup","isPartOf":{"@id":"https:\/\/anadolupet.com.tr\/#website"},"primaryImageOfPage":{"@id":"https:\/\/anadolupet.com.tr\/urun\/hills-pd-a-d-kedi-kopek-konservesi-12x200gr\/#primaryimage"},"image":{"@id":"https:\/\/anadolupet.com.tr\/urun\/hills-pd-a-d-kedi-kopek-konservesi-12x200gr\/#primaryimage"},"thumbnailUrl":"https:\/\/anadolupet.com.tr\/wp-content\/uploads\/2026\/02\/645-608306.jpg","datePublished":"2026-02-14T14:41:19+00:00","dateModified":"2026-02-23T12:48:43+00:00","breadcrumb":{"@id":"https:\/\/anadolupet.com.tr\/urun\/hills-pd-a-d-kedi-kopek-konservesi-12x200gr\/#breadcrumb"},"inLanguage":"en-US","potentialAction":[{"@type":"ReadAction","target":["https:\/\/anadolupet.com.tr\/urun\/hills-pd-a-d-kedi-kopek-konservesi-12x200gr\/"]}]},{"@type":"ImageObject","inLanguage":"en-US","@id":"https:\/\/anadolupet.com.tr\/urun\/hills-pd-a-d-kedi-kopek-konservesi-12x200gr\/#primaryimage","url":"https:\/\/anadolupet.com.tr\/wp-content\/uploads\/2026\/02\/645-608306.jpg","contentUrl":"https:\/\/anadolupet.com.tr\/wp-content\/uploads\/2026\/02\/645-608306.jpg","width":750,"height":750},{"@type":"BreadcrumbList","@id":"https:\/\/anadolupet.com.tr\/urun\/hills-pd-a-d-kedi-kopek-konservesi-12x200gr\/#breadcrumb","itemListElement":[{"@type":"ListItem","position":1,"name":"Anasayfa","item":"https:\/\/anadolupet.com.tr\/"},{"@type":"ListItem","position":2,"name":"\u00dcr\u00fcnler","item":"https:\/\/anadolupet.com.tr\/urunler\/"},{"@type":"ListItem","position":3,"name":"Hill&#8217;s PD A\/D Kedi\/K\u00f6pek Konservesi 12x200GR"}]},{"@type":"WebSite","@id":"https:\/\/anadolupet.com.tr\/#website","url":"https:\/\/anadolupet.com.tr\/","name":"Anadolu Pet Group","description":"We Stand Together for the Well-Being of Every Life","publisher":{"@id":"https:\/\/anadolupet.com.tr\/#organization"},"potentialAction":[{"@type":"SearchAction","target":{"@type":"EntryPoint","urlTemplate":"https:\/\/anadolupet.com.tr\/?s={search_term_string}"},"query-input":{"@type":"PropertyValueSpecification","valueRequired":true,"valueName":"search_term_string"}}],"inLanguage":"en-US"},{"@type":"Organization","@id":"https:\/\/anadolupet.com.tr\/#organization","name":"Anadolu Pet Group","alternateName":"Anadolu Pet","url":"https:\/\/anadolupet.com.tr\/","logo":{"@type":"ImageObject","inLanguage":"en-US","@id":"https:\/\/anadolupet.com.tr\/#\/schema\/logo\/image\/","url":"https:\/\/anadolupet.com.tr\/wp-content\/uploads\/2026\/03\/1614666743370.jpg","contentUrl":"https:\/\/anadolupet.com.tr\/wp-content\/uploads\/2026\/03\/1614666743370.jpg","width":800,"height":571,"caption":"Anadolu Pet Grup"},"image":{"@id":"https:\/\/anadolupet.com.tr\/#\/schema\/logo\/image\/"}}]}},"_links":{"self":[{"href":"https:\/\/anadolupet.com.tr\/en\/wp-json\/wp\/v2\/product\/45312","targetHints":{"allow":["GET"]}}],"collection":[{"href":"https:\/\/anadolupet.com.tr\/en\/wp-json\/wp\/v2\/product"}],"about":[{"href":"https:\/\/anadolupet.com.tr\/en\/wp-json\/wp\/v2\/types\/product"}],"replies":[{"embeddable":true,"href":"https:\/\/anadolupet.com.tr\/en\/wp-json\/wp\/v2\/comments?post=45312"}],"wp:featuredmedia":[{"embeddable":true,"href":"https:\/\/anadolupet.com.tr\/en\/wp-json\/wp\/v2\/media\/44417"}],"wp:attachment":[{"href":"https:\/\/anadolupet.com.tr\/en\/wp-json\/wp\/v2\/media?parent=45312"}],"wp:term":[{"taxonomy":"product_brand","embeddable":true,"href":"https:\/\/anadolupet.com.tr\/en\/wp-json\/wp\/v2\/product_brand?post=45312"},{"taxonomy":"product_cat","embeddable":true,"href":"https:\/\/anadolupet.com.tr\/en\/wp-json\/wp\/v2\/product_cat?post=45312"},{"taxonomy":"product_tag","embeddable":true,"href":"https:\/\/anadolupet.com.tr\/en\/wp-json\/wp\/v2\/product_tag?post=45312"}],"curies":[{"name":"wp","href":"https:\/\/api.w.org\/{rel}","templated":true}]}}