{"id":45315,"date":"2026-02-14T14:41:19","date_gmt":"2026-02-14T14:41:19","guid":{"rendered":"https:\/\/anadolupet.com.tr\/urun\/hills-pd-c-d-multicare-kopek-konservesi-12x370g\/"},"modified":"2026-02-23T12:48:43","modified_gmt":"2026-02-23T12:48:43","slug":"hills-pd-c-d-multicare-kopek-konservesi-12x370g","status":"publish","type":"product","link":"https:\/\/anadolupet.com.tr\/en\/urun\/hills-pd-c-d-multicare-kopek-konservesi-12x370g\/","title":{"rendered":"Hill&#8217;s PD C\/D MULTICARE K\u00f6pek Konservesi 12X370G"},"content":{"rendered":"","protected":false},"excerpt":{"rendered":"<p>Hill&#8217;s PRESCRIPTION DIET c\/d Multicare Dog Food with Chicken, yeti\u015fkin k\u00f6peklerde struvit ta\u015f\u0131 tekrar\u0131n\u0131n azalt\u0131lmas\u0131, struvit ta\u015flar\u0131n\u0131n \u00e7\u00f6z\u00fclmesi ve oksalat ta\u015f\u0131 olu\u015fumunun azalt\u0131lmas\u0131 i\u00e7in eksiksiz bir diyetetik evcil hayvan mamas\u0131d\u0131r. Bu g\u0131da, struvit i\u00e7in idrar\u0131 yetersiz doygunla\u015ft\u0131rma \u00f6zelliklerine, idrar alkalile\u015ftirme \u00f6zelliklerine, d\u00fc\u015f\u00fck seviyede magnezyum, kalsiyum ve D vitaminine sahiptir.<br \/>\nANAL\u0130T\u0130K B\u0130LE\u015eENLER: Protein 6,9%, Ya\u011f i\u00e7eri\u011fi 5,4%, Ham sel\u00fcloz 0,89%, Ham k\u00fcl 1,6%, Nem 70,2%, Klorid 0,14%, S\u00fclf\u00fcr 0,18%, Hidroksiprolin 0,03%, Kalsiyum 0,25%, Fosfor 0,15%, Sodyum 0,07%, Potasyum 0,26%, Magnezyum 0,02%; kg ba\u015f\u0131na: A Vitamini 19.244IU, D3 Vitamini 296IU.<br \/>\nKG BA\u015eINA KATKILAR: Besinsel katk\u0131lar: 3b103 (Demir) 20,3mg, 3b202 (\u0130yodin) 0,7mg, 3b405 (Bak\u0131r) 3,4mg, 3b502 (Manganez) 4,5mg, 3b603 (\u00c7inko) 52,3mg.<br \/>\n\u0130\u00c7\u0130NDEK\u0130LER: Et ve hayvan t\u00fcrevleri (tavuk 19%), tah\u0131llar, bitkisel orjinli t\u00fcrevler, mineraller, s\u0131v\u0131 ve kat\u0131 ya\u011flar, tohumlar, yumu\u015fak\u00e7alar ve kabuklular. \u0130drar alkalile\u015ftirici maddeler: Potasyum Sitrat (4,4 g\/kg).<br \/>\n\u00dcriner sistem semptomlar\u0131 d\u00fczeldikten sonra bile k\u00f6pe\u011finizin \u00fcriner sistem sa\u011fl\u0131\u011f\u0131n\u0131 korumaya yard\u0131mc\u0131 olmak i\u00e7in PRESCRIPTION DIET c\/d Multicare \u00dcriner Sistem Sa\u011fl\u0131\u011f\u0131 K\u00f6pek Mamas\u0131 ile beslemeye devam etmeniz \u00f6nemlidir. PRESCRIPTION DIET mamalar\u0131m\u0131z\u0131n, onlar\u0131n mutlu ve aktif bir ya\u015fam s\u00fcrmeye devam etmesine nas\u0131l yard\u0131mc\u0131 olabilece\u011fi hakk\u0131nda daha fazla bilgi i\u00e7in veterinerinize dan\u0131\u015f\u0131n.<\/p>","protected":false},"featured_media":44420,"comment_status":"open","ping_status":"closed","template":"","meta":{"_acf_changed":false},"product_brand":[],"product_cat":[2456],"product_tag":[],"class_list":{"0":"post-45315","1":"product","2":"type-product","3":"status-publish","4":"has-post-thumbnail","6":"product_cat-receteli-diyet-kopek-mamalari","8":"first","9":"instock","10":"shipping-taxable","11":"product-type-simple"},"acf":[],"yoast_head":"<!-- This site is optimized with the Yoast SEO plugin v27.5 - https:\/\/yoast.com\/product\/yoast-seo-wordpress\/ -->\n<title>Hill&#039;s PD C\/D MULTICARE K\u00f6pek Konservesi 12X370G - Anadolu Pet Grup<\/title>\n<meta name=\"robots\" content=\"index, follow, max-snippet:-1, max-image-preview:large, max-video-preview:-1\" \/>\n<link rel=\"canonical\" href=\"https:\/\/anadolupet.com.tr\/en\/product\/hills-pd-c-d-multicare-kopek-konservesi-12x370g\/\" \/>\n<meta property=\"og:locale\" content=\"en_US\" \/>\n<meta property=\"og:type\" content=\"article\" \/>\n<meta property=\"og:title\" content=\"Hill&#039;s PD C\/D MULTICARE K\u00f6pek Konservesi 12X370G - Anadolu Pet Grup\" \/>\n<meta property=\"og:description\" content=\"Hill&#039;s PRESCRIPTION DIET c\/d Multicare Dog Food with Chicken, yeti\u015fkin k\u00f6peklerde struvit ta\u015f\u0131 tekrar\u0131n\u0131n azalt\u0131lmas\u0131, struvit ta\u015flar\u0131n\u0131n \u00e7\u00f6z\u00fclmesi ve oksalat ta\u015f\u0131 olu\u015fumunun azalt\u0131lmas\u0131 i\u00e7in eksiksiz bir diyetetik evcil hayvan mamas\u0131d\u0131r. Bu g\u0131da, struvit i\u00e7in idrar\u0131 yetersiz doygunla\u015ft\u0131rma \u00f6zelliklerine, idrar alkalile\u015ftirme \u00f6zelliklerine, d\u00fc\u015f\u00fck seviyede magnezyum, kalsiyum ve D vitaminine sahiptir. ANAL\u0130T\u0130K B\u0130LE\u015eENLER: Protein 6,9%, Ya\u011f i\u00e7eri\u011fi 5,4%, Ham sel\u00fcloz 0,89%, Ham k\u00fcl 1,6%, Nem 70,2%, Klorid 0,14%, S\u00fclf\u00fcr 0,18%, Hidroksiprolin 0,03%, Kalsiyum 0,25%, Fosfor 0,15%, Sodyum 0,07%, Potasyum 0,26%, Magnezyum 0,02%; kg ba\u015f\u0131na: A Vitamini 19.244IU, D3 Vitamini 296IU. KG BA\u015eINA KATKILAR: Besinsel katk\u0131lar: 3b103 (Demir) 20,3mg, 3b202 (\u0130yodin) 0,7mg, 3b405 (Bak\u0131r) 3,4mg, 3b502 (Manganez) 4,5mg, 3b603 (\u00c7inko) 52,3mg. \u0130\u00c7\u0130NDEK\u0130LER: Et ve hayvan t\u00fcrevleri (tavuk 19%), tah\u0131llar, bitkisel orjinli t\u00fcrevler, mineraller, s\u0131v\u0131 ve kat\u0131 ya\u011flar, tohumlar, yumu\u015fak\u00e7alar ve kabuklular. \u0130drar alkalile\u015ftirici maddeler: Potasyum Sitrat (4,4 g\/kg). \u00dcriner sistem semptomlar\u0131 d\u00fczeldikten sonra bile k\u00f6pe\u011finizin \u00fcriner sistem sa\u011fl\u0131\u011f\u0131n\u0131 korumaya yard\u0131mc\u0131 olmak i\u00e7in PRESCRIPTION DIET c\/d Multicare \u00dcriner Sistem Sa\u011fl\u0131\u011f\u0131 K\u00f6pek Mamas\u0131 ile beslemeye devam etmeniz \u00f6nemlidir. PRESCRIPTION DIET mamalar\u0131m\u0131z\u0131n, onlar\u0131n mutlu ve aktif bir ya\u015fam s\u00fcrmeye devam etmesine nas\u0131l yard\u0131mc\u0131 olabilece\u011fi hakk\u0131nda daha fazla bilgi i\u00e7in veterinerinize dan\u0131\u015f\u0131n.\" \/>\n<meta property=\"og:url\" content=\"https:\/\/anadolupet.com.tr\/en\/product\/hills-pd-c-d-multicare-kopek-konservesi-12x370g\/\" \/>\n<meta property=\"og:site_name\" content=\"Anadolu Pet Grup\" \/>\n<meta property=\"article:modified_time\" content=\"2026-02-23T12:48:43+00:00\" \/>\n<meta property=\"og:image\" content=\"https:\/\/anadolupet.com.tr\/wp-content\/uploads\/2026\/02\/645-608530.jpg\" \/>\n\t<meta property=\"og:image:width\" content=\"750\" \/>\n\t<meta property=\"og:image:height\" content=\"750\" \/>\n\t<meta property=\"og:image:type\" content=\"image\/jpeg\" \/>\n<meta name=\"twitter:card\" content=\"summary_large_image\" \/>\n<script type=\"application\/ld+json\" class=\"yoast-schema-graph\">{\"@context\":\"https:\\\/\\\/schema.org\",\"@graph\":[{\"@type\":\"WebPage\",\"@id\":\"https:\\\/\\\/anadolupet.com.tr\\\/urun\\\/hills-pd-c-d-multicare-kopek-konservesi-12x370g\\\/\",\"url\":\"https:\\\/\\\/anadolupet.com.tr\\\/urun\\\/hills-pd-c-d-multicare-kopek-konservesi-12x370g\\\/\",\"name\":\"Hill's PD C\\\/D MULTICARE K\u00f6pek Konservesi 12X370G - Anadolu Pet Grup\",\"isPartOf\":{\"@id\":\"https:\\\/\\\/anadolupet.com.tr\\\/#website\"},\"primaryImageOfPage\":{\"@id\":\"https:\\\/\\\/anadolupet.com.tr\\\/urun\\\/hills-pd-c-d-multicare-kopek-konservesi-12x370g\\\/#primaryimage\"},\"image\":{\"@id\":\"https:\\\/\\\/anadolupet.com.tr\\\/urun\\\/hills-pd-c-d-multicare-kopek-konservesi-12x370g\\\/#primaryimage\"},\"thumbnailUrl\":\"https:\\\/\\\/anadolupet.com.tr\\\/wp-content\\\/uploads\\\/2026\\\/02\\\/645-608530.jpg\",\"datePublished\":\"2026-02-14T14:41:19+00:00\",\"dateModified\":\"2026-02-23T12:48:43+00:00\",\"breadcrumb\":{\"@id\":\"https:\\\/\\\/anadolupet.com.tr\\\/urun\\\/hills-pd-c-d-multicare-kopek-konservesi-12x370g\\\/#breadcrumb\"},\"inLanguage\":\"en-US\",\"potentialAction\":[{\"@type\":\"ReadAction\",\"target\":[\"https:\\\/\\\/anadolupet.com.tr\\\/urun\\\/hills-pd-c-d-multicare-kopek-konservesi-12x370g\\\/\"]}]},{\"@type\":\"ImageObject\",\"inLanguage\":\"en-US\",\"@id\":\"https:\\\/\\\/anadolupet.com.tr\\\/urun\\\/hills-pd-c-d-multicare-kopek-konservesi-12x370g\\\/#primaryimage\",\"url\":\"https:\\\/\\\/anadolupet.com.tr\\\/wp-content\\\/uploads\\\/2026\\\/02\\\/645-608530.jpg\",\"contentUrl\":\"https:\\\/\\\/anadolupet.com.tr\\\/wp-content\\\/uploads\\\/2026\\\/02\\\/645-608530.jpg\",\"width\":750,\"height\":750},{\"@type\":\"BreadcrumbList\",\"@id\":\"https:\\\/\\\/anadolupet.com.tr\\\/urun\\\/hills-pd-c-d-multicare-kopek-konservesi-12x370g\\\/#breadcrumb\",\"itemListElement\":[{\"@type\":\"ListItem\",\"position\":1,\"name\":\"Anasayfa\",\"item\":\"https:\\\/\\\/anadolupet.com.tr\\\/\"},{\"@type\":\"ListItem\",\"position\":2,\"name\":\"\u00dcr\u00fcnler\",\"item\":\"https:\\\/\\\/anadolupet.com.tr\\\/urunler\\\/\"},{\"@type\":\"ListItem\",\"position\":3,\"name\":\"Hill&#8217;s PD C\\\/D MULTICARE K\u00f6pek Konservesi 12X370G\"}]},{\"@type\":\"WebSite\",\"@id\":\"https:\\\/\\\/anadolupet.com.tr\\\/#website\",\"url\":\"https:\\\/\\\/anadolupet.com.tr\\\/\",\"name\":\"Anadolu Pet Grup\",\"description\":\"Her Can\u0131n \u0130yi Ya\u015fam\u0131 \u0130\u00e7in Biraraday\u0131z\",\"publisher\":{\"@id\":\"https:\\\/\\\/anadolupet.com.tr\\\/#organization\"},\"potentialAction\":[{\"@type\":\"SearchAction\",\"target\":{\"@type\":\"EntryPoint\",\"urlTemplate\":\"https:\\\/\\\/anadolupet.com.tr\\\/?s={search_term_string}\"},\"query-input\":{\"@type\":\"PropertyValueSpecification\",\"valueRequired\":true,\"valueName\":\"search_term_string\"}}],\"inLanguage\":\"en-US\"},{\"@type\":\"Organization\",\"@id\":\"https:\\\/\\\/anadolupet.com.tr\\\/#organization\",\"name\":\"Anadolu Pet Grup\",\"alternateName\":\"Anadolu Pet\",\"url\":\"https:\\\/\\\/anadolupet.com.tr\\\/\",\"logo\":{\"@type\":\"ImageObject\",\"inLanguage\":\"en-US\",\"@id\":\"https:\\\/\\\/anadolupet.com.tr\\\/#\\\/schema\\\/logo\\\/image\\\/\",\"url\":\"https:\\\/\\\/anadolupet.com.tr\\\/wp-content\\\/uploads\\\/2026\\\/03\\\/1614666743370.jpg\",\"contentUrl\":\"https:\\\/\\\/anadolupet.com.tr\\\/wp-content\\\/uploads\\\/2026\\\/03\\\/1614666743370.jpg\",\"width\":800,\"height\":571,\"caption\":\"Anadolu Pet Grup\"},\"image\":{\"@id\":\"https:\\\/\\\/anadolupet.com.tr\\\/#\\\/schema\\\/logo\\\/image\\\/\"}}]}<\/script>\n<!-- \/ Yoast SEO plugin. -->","yoast_head_json":{"title":"Hill's PD C\/D MULTICARE K\u00f6pek Konservesi 12X370G - Anadolu Pet Grup","robots":{"index":"index","follow":"follow","max-snippet":"max-snippet:-1","max-image-preview":"max-image-preview:large","max-video-preview":"max-video-preview:-1"},"canonical":"https:\/\/anadolupet.com.tr\/en\/product\/hills-pd-c-d-multicare-kopek-konservesi-12x370g\/","og_locale":"en_US","og_type":"article","og_title":"Hill's PD C\/D MULTICARE K\u00f6pek Konservesi 12X370G - Anadolu Pet Grup","og_description":"Hill's PRESCRIPTION DIET c\/d Multicare Dog Food with Chicken, yeti\u015fkin k\u00f6peklerde struvit ta\u015f\u0131 tekrar\u0131n\u0131n azalt\u0131lmas\u0131, struvit ta\u015flar\u0131n\u0131n \u00e7\u00f6z\u00fclmesi ve oksalat ta\u015f\u0131 olu\u015fumunun azalt\u0131lmas\u0131 i\u00e7in eksiksiz bir diyetetik evcil hayvan mamas\u0131d\u0131r. Bu g\u0131da, struvit i\u00e7in idrar\u0131 yetersiz doygunla\u015ft\u0131rma \u00f6zelliklerine, idrar alkalile\u015ftirme \u00f6zelliklerine, d\u00fc\u015f\u00fck seviyede magnezyum, kalsiyum ve D vitaminine sahiptir. ANAL\u0130T\u0130K B\u0130LE\u015eENLER: Protein 6,9%, Ya\u011f i\u00e7eri\u011fi 5,4%, Ham sel\u00fcloz 0,89%, Ham k\u00fcl 1,6%, Nem 70,2%, Klorid 0,14%, S\u00fclf\u00fcr 0,18%, Hidroksiprolin 0,03%, Kalsiyum 0,25%, Fosfor 0,15%, Sodyum 0,07%, Potasyum 0,26%, Magnezyum 0,02%; kg ba\u015f\u0131na: A Vitamini 19.244IU, D3 Vitamini 296IU. KG BA\u015eINA KATKILAR: Besinsel katk\u0131lar: 3b103 (Demir) 20,3mg, 3b202 (\u0130yodin) 0,7mg, 3b405 (Bak\u0131r) 3,4mg, 3b502 (Manganez) 4,5mg, 3b603 (\u00c7inko) 52,3mg. \u0130\u00c7\u0130NDEK\u0130LER: Et ve hayvan t\u00fcrevleri (tavuk 19%), tah\u0131llar, bitkisel orjinli t\u00fcrevler, mineraller, s\u0131v\u0131 ve kat\u0131 ya\u011flar, tohumlar, yumu\u015fak\u00e7alar ve kabuklular. \u0130drar alkalile\u015ftirici maddeler: Potasyum Sitrat (4,4 g\/kg). \u00dcriner sistem semptomlar\u0131 d\u00fczeldikten sonra bile k\u00f6pe\u011finizin \u00fcriner sistem sa\u011fl\u0131\u011f\u0131n\u0131 korumaya yard\u0131mc\u0131 olmak i\u00e7in PRESCRIPTION DIET c\/d Multicare \u00dcriner Sistem Sa\u011fl\u0131\u011f\u0131 K\u00f6pek Mamas\u0131 ile beslemeye devam etmeniz \u00f6nemlidir. PRESCRIPTION DIET mamalar\u0131m\u0131z\u0131n, onlar\u0131n mutlu ve aktif bir ya\u015fam s\u00fcrmeye devam etmesine nas\u0131l yard\u0131mc\u0131 olabilece\u011fi hakk\u0131nda daha fazla bilgi i\u00e7in veterinerinize dan\u0131\u015f\u0131n.","og_url":"https:\/\/anadolupet.com.tr\/en\/product\/hills-pd-c-d-multicare-kopek-konservesi-12x370g\/","og_site_name":"Anadolu Pet Grup","article_modified_time":"2026-02-23T12:48:43+00:00","og_image":[{"width":750,"height":750,"url":"https:\/\/anadolupet.com.tr\/wp-content\/uploads\/2026\/02\/645-608530.jpg","type":"image\/jpeg"}],"twitter_card":"summary_large_image","schema":{"@context":"https:\/\/schema.org","@graph":[{"@type":"WebPage","@id":"https:\/\/anadolupet.com.tr\/urun\/hills-pd-c-d-multicare-kopek-konservesi-12x370g\/","url":"https:\/\/anadolupet.com.tr\/urun\/hills-pd-c-d-multicare-kopek-konservesi-12x370g\/","name":"Hill's PD C\/D MULTICARE K\u00f6pek Konservesi 12X370G - Anadolu Pet Grup","isPartOf":{"@id":"https:\/\/anadolupet.com.tr\/#website"},"primaryImageOfPage":{"@id":"https:\/\/anadolupet.com.tr\/urun\/hills-pd-c-d-multicare-kopek-konservesi-12x370g\/#primaryimage"},"image":{"@id":"https:\/\/anadolupet.com.tr\/urun\/hills-pd-c-d-multicare-kopek-konservesi-12x370g\/#primaryimage"},"thumbnailUrl":"https:\/\/anadolupet.com.tr\/wp-content\/uploads\/2026\/02\/645-608530.jpg","datePublished":"2026-02-14T14:41:19+00:00","dateModified":"2026-02-23T12:48:43+00:00","breadcrumb":{"@id":"https:\/\/anadolupet.com.tr\/urun\/hills-pd-c-d-multicare-kopek-konservesi-12x370g\/#breadcrumb"},"inLanguage":"en-US","potentialAction":[{"@type":"ReadAction","target":["https:\/\/anadolupet.com.tr\/urun\/hills-pd-c-d-multicare-kopek-konservesi-12x370g\/"]}]},{"@type":"ImageObject","inLanguage":"en-US","@id":"https:\/\/anadolupet.com.tr\/urun\/hills-pd-c-d-multicare-kopek-konservesi-12x370g\/#primaryimage","url":"https:\/\/anadolupet.com.tr\/wp-content\/uploads\/2026\/02\/645-608530.jpg","contentUrl":"https:\/\/anadolupet.com.tr\/wp-content\/uploads\/2026\/02\/645-608530.jpg","width":750,"height":750},{"@type":"BreadcrumbList","@id":"https:\/\/anadolupet.com.tr\/urun\/hills-pd-c-d-multicare-kopek-konservesi-12x370g\/#breadcrumb","itemListElement":[{"@type":"ListItem","position":1,"name":"Anasayfa","item":"https:\/\/anadolupet.com.tr\/"},{"@type":"ListItem","position":2,"name":"\u00dcr\u00fcnler","item":"https:\/\/anadolupet.com.tr\/urunler\/"},{"@type":"ListItem","position":3,"name":"Hill&#8217;s PD C\/D MULTICARE K\u00f6pek Konservesi 12X370G"}]},{"@type":"WebSite","@id":"https:\/\/anadolupet.com.tr\/#website","url":"https:\/\/anadolupet.com.tr\/","name":"Anadolu Pet Group","description":"We Stand Together for the Well-Being of Every Life","publisher":{"@id":"https:\/\/anadolupet.com.tr\/#organization"},"potentialAction":[{"@type":"SearchAction","target":{"@type":"EntryPoint","urlTemplate":"https:\/\/anadolupet.com.tr\/?s={search_term_string}"},"query-input":{"@type":"PropertyValueSpecification","valueRequired":true,"valueName":"search_term_string"}}],"inLanguage":"en-US"},{"@type":"Organization","@id":"https:\/\/anadolupet.com.tr\/#organization","name":"Anadolu Pet Group","alternateName":"Anadolu Pet","url":"https:\/\/anadolupet.com.tr\/","logo":{"@type":"ImageObject","inLanguage":"en-US","@id":"https:\/\/anadolupet.com.tr\/#\/schema\/logo\/image\/","url":"https:\/\/anadolupet.com.tr\/wp-content\/uploads\/2026\/03\/1614666743370.jpg","contentUrl":"https:\/\/anadolupet.com.tr\/wp-content\/uploads\/2026\/03\/1614666743370.jpg","width":800,"height":571,"caption":"Anadolu Pet Grup"},"image":{"@id":"https:\/\/anadolupet.com.tr\/#\/schema\/logo\/image\/"}}]}},"_links":{"self":[{"href":"https:\/\/anadolupet.com.tr\/en\/wp-json\/wp\/v2\/product\/45315","targetHints":{"allow":["GET"]}}],"collection":[{"href":"https:\/\/anadolupet.com.tr\/en\/wp-json\/wp\/v2\/product"}],"about":[{"href":"https:\/\/anadolupet.com.tr\/en\/wp-json\/wp\/v2\/types\/product"}],"replies":[{"embeddable":true,"href":"https:\/\/anadolupet.com.tr\/en\/wp-json\/wp\/v2\/comments?post=45315"}],"wp:featuredmedia":[{"embeddable":true,"href":"https:\/\/anadolupet.com.tr\/en\/wp-json\/wp\/v2\/media\/44420"}],"wp:attachment":[{"href":"https:\/\/anadolupet.com.tr\/en\/wp-json\/wp\/v2\/media?parent=45315"}],"wp:term":[{"taxonomy":"product_brand","embeddable":true,"href":"https:\/\/anadolupet.com.tr\/en\/wp-json\/wp\/v2\/product_brand?post=45315"},{"taxonomy":"product_cat","embeddable":true,"href":"https:\/\/anadolupet.com.tr\/en\/wp-json\/wp\/v2\/product_cat?post=45315"},{"taxonomy":"product_tag","embeddable":true,"href":"https:\/\/anadolupet.com.tr\/en\/wp-json\/wp\/v2\/product_tag?post=45315"}],"curies":[{"name":"wp","href":"https:\/\/api.w.org\/{rel}","templated":true}]}}