{"id":45317,"date":"2026-02-14T14:41:20","date_gmt":"2026-02-14T14:41:20","guid":{"rendered":"https:\/\/anadolupet.com.tr\/urun\/hills-pd-c-d-multicare-stress-metabolic-tavuklu-kedi-pouch-12x85g\/"},"modified":"2026-02-23T12:48:43","modified_gmt":"2026-02-23T12:48:43","slug":"hills-pd-c-d-multicare-stress-metabolic-tavuklu-kedi-pouch-12x85g","status":"publish","type":"product","link":"https:\/\/anadolupet.com.tr\/en\/urun\/hills-pd-c-d-multicare-stress-metabolic-tavuklu-kedi-pouch-12x85g\/","title":{"rendered":"Hill&#8217;s PD C\/D Multicare Stress + Metabolic Tavuklu Kedi Pouch 12X85G"},"content":{"rendered":"","protected":false},"excerpt":{"rendered":"<p>Yeti\u015fkin kedilerde oksalat ve sitr\u00fcvit ta\u015flar\u0131n\u0131n tekrarlanmas\u0131n\u0131n azalt\u0131lmas\u0131 (kedi alt idrar yolu hastal\u0131\u011f\u0131n\u0131n, FLUTD, nedeni), sitr\u00fcvit ta\u015flar\u0131n\u0131n \u00e7\u00f6z\u00fcnd\u00fcr\u00fclmesi ve a\u015f\u0131r\u0131 v\u00fccut a\u011f\u0131rl\u0131\u011f\u0131n\u0131n azalt\u0131lmas\u0131 i\u00e7in haz\u0131rlanm\u0131\u015f tam ve dengeli diyetetik bir evcil hayvan mamas\u0131d\u0131r. Bu mama d\u00fc\u015f\u00fck enerji yo\u011funlu\u011funa, idrar\u0131 sitr\u00fcvit y\u00f6n\u00fcnden daha az doyurucu ve alkalize edici \u00f6zelliklere ve d\u00fc\u015f\u00fck d\u00fczeyde magnezyum, kalsiyum ve D vitaminine sahiptir.<br \/>\nANAL\u0130T\u0130K B\u0130LE\u015eENLER: Protein %7,7, Ya\u011f i\u00e7eri\u011fi %2,8, Ham sel\u00fcloz %2,3, Ham k\u00fcl %1,1, Nem %81,0, Klor\u00fcr %0,17, K\u00fck\u00fcrt %0,15, Hidroksiprolin %0,05, L-triptofan %0,08, Kalsiyum %0,16, Fosfor %0,15, Sodyum %0,07, Potasyum %0,13, Magnezyum %0,01; kg ba\u015f\u0131na: A Vitamini 30.951IU, D3 Vitamini 245IU, E Vitamini 190mg, Beta-karoten 0,8mg, Tripsin hidrolize s\u0131\u011f\u0131r kazeini 244mg.<br \/>\nKG BA\u015eINA KATKI MADDELER\u0130: Besinsel katk\u0131 maddeleri: 3b103 (Demir) 10,4mg, 3b202 (\u0130yot) 0,3mg, 3b405 (Bak\u0131r) 1,7mg, 3b502 (Manganez) 2,3mg, 3b603 (\u00c7inko) 26,8mg, do\u011fal karamelle renklendirilmi\u015ftir. Metabolize edilebilir enerji: 685 kcal\/kg.<br \/>\nTavuk: Tavuk (%27), domuz eti, sel\u00fcloz, m\u0131s\u0131r ni\u015fastas\u0131, \u00e7e\u015fitli \u015fekerler, kurutulmu\u015f domates posas\u0131, kurutulmu\u015f yumurta beyaz\u0131, bu\u011fday unu, bezelye proteini, hindistancevizi ya\u011f\u0131, mineraller, keten tohumu ya\u011f\u0131, bal\u0131k ya\u011f\u0131, ay\u00e7i\u00e7ek ya\u011f\u0131, kurutulmu\u015f havu\u00e7, m\u0131s\u0131r dekstrini, kurutulmu\u015f domuz proteini, vitaminler, iz mineraller, taurin, s\u00fct proteini hidrolizat\u0131 ve beta-karoten. Do\u011fal karamelle renklendirilmi\u015ftir.<br \/>\n\u0130\u00c7\u0130NDEK\u0130LER: Et ve hayvansal t\u00fcrevler (tavuk %27), bitkisel orjinli t\u00fcrevler, \u00e7e\u015fitli \u015fekerler, sebzeler, s\u0131v\u0131 ve kat\u0131 ya\u011flar, yumurta ve yumurta t\u00fcrevleri, tah\u0131llar, bitkisel protein ekstraktlar\u0131, mineraller, s\u00fct ve s\u00fct t\u00fcrevleri. \u0130drar\u0131 alkalize edici malzemeler: Potasyum sitrat (0,5 g\/kg), potasyum klor\u00fcr (0,2 g\/kg), L-sistein (1 g\/kg).<\/p>","protected":false},"featured_media":44348,"comment_status":"open","ping_status":"closed","template":"","meta":{"_acf_changed":false},"product_brand":[],"product_cat":[2456],"product_tag":[],"class_list":{"0":"post-45317","1":"product","2":"type-product","3":"status-publish","4":"has-post-thumbnail","6":"product_cat-receteli-diyet-kopek-mamalari","8":"first","9":"instock","10":"shipping-taxable","11":"product-type-simple"},"acf":[],"yoast_head":"<!-- This site is optimized with the Yoast SEO plugin v27.5 - https:\/\/yoast.com\/product\/yoast-seo-wordpress\/ -->\n<title>Hill&#039;s PD C\/D Multicare Stress + Metabolic Tavuklu Kedi Pouch 12X85G - Anadolu Pet Grup<\/title>\n<meta name=\"robots\" content=\"index, follow, max-snippet:-1, max-image-preview:large, max-video-preview:-1\" \/>\n<link rel=\"canonical\" href=\"https:\/\/anadolupet.com.tr\/en\/product\/hills-pd-c-d-multicare-stress-metabolic-tavuklu-kedi-pouch-12x85g\/\" \/>\n<meta property=\"og:locale\" content=\"en_US\" \/>\n<meta property=\"og:type\" content=\"article\" \/>\n<meta property=\"og:title\" content=\"Hill&#039;s PD C\/D Multicare Stress + Metabolic Tavuklu Kedi Pouch 12X85G - Anadolu Pet Grup\" \/>\n<meta property=\"og:description\" content=\"Yeti\u015fkin kedilerde oksalat ve sitr\u00fcvit ta\u015flar\u0131n\u0131n tekrarlanmas\u0131n\u0131n azalt\u0131lmas\u0131 (kedi alt idrar yolu hastal\u0131\u011f\u0131n\u0131n, FLUTD, nedeni), sitr\u00fcvit ta\u015flar\u0131n\u0131n \u00e7\u00f6z\u00fcnd\u00fcr\u00fclmesi ve a\u015f\u0131r\u0131 v\u00fccut a\u011f\u0131rl\u0131\u011f\u0131n\u0131n azalt\u0131lmas\u0131 i\u00e7in haz\u0131rlanm\u0131\u015f tam ve dengeli diyetetik bir evcil hayvan mamas\u0131d\u0131r. Bu mama d\u00fc\u015f\u00fck enerji yo\u011funlu\u011funa, idrar\u0131 sitr\u00fcvit y\u00f6n\u00fcnden daha az doyurucu ve alkalize edici \u00f6zelliklere ve d\u00fc\u015f\u00fck d\u00fczeyde magnezyum, kalsiyum ve D vitaminine sahiptir. ANAL\u0130T\u0130K B\u0130LE\u015eENLER: Protein %7,7, Ya\u011f i\u00e7eri\u011fi %2,8, Ham sel\u00fcloz %2,3, Ham k\u00fcl %1,1, Nem %81,0, Klor\u00fcr %0,17, K\u00fck\u00fcrt %0,15, Hidroksiprolin %0,05, L-triptofan %0,08, Kalsiyum %0,16, Fosfor %0,15, Sodyum %0,07, Potasyum %0,13, Magnezyum %0,01; kg ba\u015f\u0131na: A Vitamini 30.951IU, D3 Vitamini 245IU, E Vitamini 190mg, Beta-karoten 0,8mg, Tripsin hidrolize s\u0131\u011f\u0131r kazeini 244mg. KG BA\u015eINA KATKI MADDELER\u0130: Besinsel katk\u0131 maddeleri: 3b103 (Demir) 10,4mg, 3b202 (\u0130yot) 0,3mg, 3b405 (Bak\u0131r) 1,7mg, 3b502 (Manganez) 2,3mg, 3b603 (\u00c7inko) 26,8mg, do\u011fal karamelle renklendirilmi\u015ftir. Metabolize edilebilir enerji: 685 kcal\/kg. Tavuk: Tavuk (%27), domuz eti, sel\u00fcloz, m\u0131s\u0131r ni\u015fastas\u0131, \u00e7e\u015fitli \u015fekerler, kurutulmu\u015f domates posas\u0131, kurutulmu\u015f yumurta beyaz\u0131, bu\u011fday unu, bezelye proteini, hindistancevizi ya\u011f\u0131, mineraller, keten tohumu ya\u011f\u0131, bal\u0131k ya\u011f\u0131, ay\u00e7i\u00e7ek ya\u011f\u0131, kurutulmu\u015f havu\u00e7, m\u0131s\u0131r dekstrini, kurutulmu\u015f domuz proteini, vitaminler, iz mineraller, taurin, s\u00fct proteini hidrolizat\u0131 ve beta-karoten. Do\u011fal karamelle renklendirilmi\u015ftir. \u0130\u00c7\u0130NDEK\u0130LER: Et ve hayvansal t\u00fcrevler (tavuk %27), bitkisel orjinli t\u00fcrevler, \u00e7e\u015fitli \u015fekerler, sebzeler, s\u0131v\u0131 ve kat\u0131 ya\u011flar, yumurta ve yumurta t\u00fcrevleri, tah\u0131llar, bitkisel protein ekstraktlar\u0131, mineraller, s\u00fct ve s\u00fct t\u00fcrevleri. \u0130drar\u0131 alkalize edici malzemeler: Potasyum sitrat (0,5 g\/kg), potasyum klor\u00fcr (0,2 g\/kg), L-sistein (1 g\/kg).\" \/>\n<meta property=\"og:url\" content=\"https:\/\/anadolupet.com.tr\/en\/product\/hills-pd-c-d-multicare-stress-metabolic-tavuklu-kedi-pouch-12x85g\/\" \/>\n<meta property=\"og:site_name\" content=\"Anadolu Pet Grup\" \/>\n<meta property=\"article:modified_time\" content=\"2026-02-23T12:48:43+00:00\" \/>\n<meta property=\"og:image\" content=\"https:\/\/anadolupet.com.tr\/wp-content\/uploads\/2026\/02\/635-607549.jpg\" \/>\n\t<meta property=\"og:image:width\" content=\"750\" \/>\n\t<meta property=\"og:image:height\" content=\"750\" \/>\n\t<meta property=\"og:image:type\" content=\"image\/jpeg\" \/>\n<meta name=\"twitter:card\" content=\"summary_large_image\" \/>\n<script type=\"application\/ld+json\" class=\"yoast-schema-graph\">{\"@context\":\"https:\\\/\\\/schema.org\",\"@graph\":[{\"@type\":\"WebPage\",\"@id\":\"https:\\\/\\\/anadolupet.com.tr\\\/urun\\\/hills-pd-c-d-multicare-stress-metabolic-tavuklu-kedi-pouch-12x85g\\\/\",\"url\":\"https:\\\/\\\/anadolupet.com.tr\\\/urun\\\/hills-pd-c-d-multicare-stress-metabolic-tavuklu-kedi-pouch-12x85g\\\/\",\"name\":\"Hill's PD C\\\/D Multicare Stress + Metabolic Tavuklu Kedi Pouch 12X85G - Anadolu Pet Grup\",\"isPartOf\":{\"@id\":\"https:\\\/\\\/anadolupet.com.tr\\\/#website\"},\"primaryImageOfPage\":{\"@id\":\"https:\\\/\\\/anadolupet.com.tr\\\/urun\\\/hills-pd-c-d-multicare-stress-metabolic-tavuklu-kedi-pouch-12x85g\\\/#primaryimage\"},\"image\":{\"@id\":\"https:\\\/\\\/anadolupet.com.tr\\\/urun\\\/hills-pd-c-d-multicare-stress-metabolic-tavuklu-kedi-pouch-12x85g\\\/#primaryimage\"},\"thumbnailUrl\":\"https:\\\/\\\/anadolupet.com.tr\\\/wp-content\\\/uploads\\\/2026\\\/02\\\/635-607549.jpg\",\"datePublished\":\"2026-02-14T14:41:20+00:00\",\"dateModified\":\"2026-02-23T12:48:43+00:00\",\"breadcrumb\":{\"@id\":\"https:\\\/\\\/anadolupet.com.tr\\\/urun\\\/hills-pd-c-d-multicare-stress-metabolic-tavuklu-kedi-pouch-12x85g\\\/#breadcrumb\"},\"inLanguage\":\"en-US\",\"potentialAction\":[{\"@type\":\"ReadAction\",\"target\":[\"https:\\\/\\\/anadolupet.com.tr\\\/urun\\\/hills-pd-c-d-multicare-stress-metabolic-tavuklu-kedi-pouch-12x85g\\\/\"]}]},{\"@type\":\"ImageObject\",\"inLanguage\":\"en-US\",\"@id\":\"https:\\\/\\\/anadolupet.com.tr\\\/urun\\\/hills-pd-c-d-multicare-stress-metabolic-tavuklu-kedi-pouch-12x85g\\\/#primaryimage\",\"url\":\"https:\\\/\\\/anadolupet.com.tr\\\/wp-content\\\/uploads\\\/2026\\\/02\\\/635-607549.jpg\",\"contentUrl\":\"https:\\\/\\\/anadolupet.com.tr\\\/wp-content\\\/uploads\\\/2026\\\/02\\\/635-607549.jpg\",\"width\":750,\"height\":750},{\"@type\":\"BreadcrumbList\",\"@id\":\"https:\\\/\\\/anadolupet.com.tr\\\/urun\\\/hills-pd-c-d-multicare-stress-metabolic-tavuklu-kedi-pouch-12x85g\\\/#breadcrumb\",\"itemListElement\":[{\"@type\":\"ListItem\",\"position\":1,\"name\":\"Anasayfa\",\"item\":\"https:\\\/\\\/anadolupet.com.tr\\\/\"},{\"@type\":\"ListItem\",\"position\":2,\"name\":\"\u00dcr\u00fcnler\",\"item\":\"https:\\\/\\\/anadolupet.com.tr\\\/urunler\\\/\"},{\"@type\":\"ListItem\",\"position\":3,\"name\":\"Hill&#8217;s PD C\\\/D Multicare Stress + Metabolic Tavuklu Kedi Pouch 12X85G\"}]},{\"@type\":\"WebSite\",\"@id\":\"https:\\\/\\\/anadolupet.com.tr\\\/#website\",\"url\":\"https:\\\/\\\/anadolupet.com.tr\\\/\",\"name\":\"Anadolu Pet Grup\",\"description\":\"Her Can\u0131n \u0130yi Ya\u015fam\u0131 \u0130\u00e7in Biraraday\u0131z\",\"publisher\":{\"@id\":\"https:\\\/\\\/anadolupet.com.tr\\\/#organization\"},\"potentialAction\":[{\"@type\":\"SearchAction\",\"target\":{\"@type\":\"EntryPoint\",\"urlTemplate\":\"https:\\\/\\\/anadolupet.com.tr\\\/?s={search_term_string}\"},\"query-input\":{\"@type\":\"PropertyValueSpecification\",\"valueRequired\":true,\"valueName\":\"search_term_string\"}}],\"inLanguage\":\"en-US\"},{\"@type\":\"Organization\",\"@id\":\"https:\\\/\\\/anadolupet.com.tr\\\/#organization\",\"name\":\"Anadolu Pet Grup\",\"alternateName\":\"Anadolu Pet\",\"url\":\"https:\\\/\\\/anadolupet.com.tr\\\/\",\"logo\":{\"@type\":\"ImageObject\",\"inLanguage\":\"en-US\",\"@id\":\"https:\\\/\\\/anadolupet.com.tr\\\/#\\\/schema\\\/logo\\\/image\\\/\",\"url\":\"https:\\\/\\\/anadolupet.com.tr\\\/wp-content\\\/uploads\\\/2026\\\/03\\\/1614666743370.jpg\",\"contentUrl\":\"https:\\\/\\\/anadolupet.com.tr\\\/wp-content\\\/uploads\\\/2026\\\/03\\\/1614666743370.jpg\",\"width\":800,\"height\":571,\"caption\":\"Anadolu Pet Grup\"},\"image\":{\"@id\":\"https:\\\/\\\/anadolupet.com.tr\\\/#\\\/schema\\\/logo\\\/image\\\/\"}}]}<\/script>\n<!-- \/ Yoast SEO plugin. -->","yoast_head_json":{"title":"Hill's PD C\/D Multicare Stress + Metabolic Tavuklu Kedi Pouch 12X85G - Anadolu Pet Grup","robots":{"index":"index","follow":"follow","max-snippet":"max-snippet:-1","max-image-preview":"max-image-preview:large","max-video-preview":"max-video-preview:-1"},"canonical":"https:\/\/anadolupet.com.tr\/en\/product\/hills-pd-c-d-multicare-stress-metabolic-tavuklu-kedi-pouch-12x85g\/","og_locale":"en_US","og_type":"article","og_title":"Hill's PD C\/D Multicare Stress + Metabolic Tavuklu Kedi Pouch 12X85G - Anadolu Pet Grup","og_description":"Yeti\u015fkin kedilerde oksalat ve sitr\u00fcvit ta\u015flar\u0131n\u0131n tekrarlanmas\u0131n\u0131n azalt\u0131lmas\u0131 (kedi alt idrar yolu hastal\u0131\u011f\u0131n\u0131n, FLUTD, nedeni), sitr\u00fcvit ta\u015flar\u0131n\u0131n \u00e7\u00f6z\u00fcnd\u00fcr\u00fclmesi ve a\u015f\u0131r\u0131 v\u00fccut a\u011f\u0131rl\u0131\u011f\u0131n\u0131n azalt\u0131lmas\u0131 i\u00e7in haz\u0131rlanm\u0131\u015f tam ve dengeli diyetetik bir evcil hayvan mamas\u0131d\u0131r. Bu mama d\u00fc\u015f\u00fck enerji yo\u011funlu\u011funa, idrar\u0131 sitr\u00fcvit y\u00f6n\u00fcnden daha az doyurucu ve alkalize edici \u00f6zelliklere ve d\u00fc\u015f\u00fck d\u00fczeyde magnezyum, kalsiyum ve D vitaminine sahiptir. ANAL\u0130T\u0130K B\u0130LE\u015eENLER: Protein %7,7, Ya\u011f i\u00e7eri\u011fi %2,8, Ham sel\u00fcloz %2,3, Ham k\u00fcl %1,1, Nem %81,0, Klor\u00fcr %0,17, K\u00fck\u00fcrt %0,15, Hidroksiprolin %0,05, L-triptofan %0,08, Kalsiyum %0,16, Fosfor %0,15, Sodyum %0,07, Potasyum %0,13, Magnezyum %0,01; kg ba\u015f\u0131na: A Vitamini 30.951IU, D3 Vitamini 245IU, E Vitamini 190mg, Beta-karoten 0,8mg, Tripsin hidrolize s\u0131\u011f\u0131r kazeini 244mg. KG BA\u015eINA KATKI MADDELER\u0130: Besinsel katk\u0131 maddeleri: 3b103 (Demir) 10,4mg, 3b202 (\u0130yot) 0,3mg, 3b405 (Bak\u0131r) 1,7mg, 3b502 (Manganez) 2,3mg, 3b603 (\u00c7inko) 26,8mg, do\u011fal karamelle renklendirilmi\u015ftir. Metabolize edilebilir enerji: 685 kcal\/kg. Tavuk: Tavuk (%27), domuz eti, sel\u00fcloz, m\u0131s\u0131r ni\u015fastas\u0131, \u00e7e\u015fitli \u015fekerler, kurutulmu\u015f domates posas\u0131, kurutulmu\u015f yumurta beyaz\u0131, bu\u011fday unu, bezelye proteini, hindistancevizi ya\u011f\u0131, mineraller, keten tohumu ya\u011f\u0131, bal\u0131k ya\u011f\u0131, ay\u00e7i\u00e7ek ya\u011f\u0131, kurutulmu\u015f havu\u00e7, m\u0131s\u0131r dekstrini, kurutulmu\u015f domuz proteini, vitaminler, iz mineraller, taurin, s\u00fct proteini hidrolizat\u0131 ve beta-karoten. Do\u011fal karamelle renklendirilmi\u015ftir. \u0130\u00c7\u0130NDEK\u0130LER: Et ve hayvansal t\u00fcrevler (tavuk %27), bitkisel orjinli t\u00fcrevler, \u00e7e\u015fitli \u015fekerler, sebzeler, s\u0131v\u0131 ve kat\u0131 ya\u011flar, yumurta ve yumurta t\u00fcrevleri, tah\u0131llar, bitkisel protein ekstraktlar\u0131, mineraller, s\u00fct ve s\u00fct t\u00fcrevleri. \u0130drar\u0131 alkalize edici malzemeler: Potasyum sitrat (0,5 g\/kg), potasyum klor\u00fcr (0,2 g\/kg), L-sistein (1 g\/kg).","og_url":"https:\/\/anadolupet.com.tr\/en\/product\/hills-pd-c-d-multicare-stress-metabolic-tavuklu-kedi-pouch-12x85g\/","og_site_name":"Anadolu Pet Grup","article_modified_time":"2026-02-23T12:48:43+00:00","og_image":[{"width":750,"height":750,"url":"https:\/\/anadolupet.com.tr\/wp-content\/uploads\/2026\/02\/635-607549.jpg","type":"image\/jpeg"}],"twitter_card":"summary_large_image","schema":{"@context":"https:\/\/schema.org","@graph":[{"@type":"WebPage","@id":"https:\/\/anadolupet.com.tr\/urun\/hills-pd-c-d-multicare-stress-metabolic-tavuklu-kedi-pouch-12x85g\/","url":"https:\/\/anadolupet.com.tr\/urun\/hills-pd-c-d-multicare-stress-metabolic-tavuklu-kedi-pouch-12x85g\/","name":"Hill's PD C\/D Multicare Stress + Metabolic Tavuklu Kedi Pouch 12X85G - Anadolu Pet Grup","isPartOf":{"@id":"https:\/\/anadolupet.com.tr\/#website"},"primaryImageOfPage":{"@id":"https:\/\/anadolupet.com.tr\/urun\/hills-pd-c-d-multicare-stress-metabolic-tavuklu-kedi-pouch-12x85g\/#primaryimage"},"image":{"@id":"https:\/\/anadolupet.com.tr\/urun\/hills-pd-c-d-multicare-stress-metabolic-tavuklu-kedi-pouch-12x85g\/#primaryimage"},"thumbnailUrl":"https:\/\/anadolupet.com.tr\/wp-content\/uploads\/2026\/02\/635-607549.jpg","datePublished":"2026-02-14T14:41:20+00:00","dateModified":"2026-02-23T12:48:43+00:00","breadcrumb":{"@id":"https:\/\/anadolupet.com.tr\/urun\/hills-pd-c-d-multicare-stress-metabolic-tavuklu-kedi-pouch-12x85g\/#breadcrumb"},"inLanguage":"en-US","potentialAction":[{"@type":"ReadAction","target":["https:\/\/anadolupet.com.tr\/urun\/hills-pd-c-d-multicare-stress-metabolic-tavuklu-kedi-pouch-12x85g\/"]}]},{"@type":"ImageObject","inLanguage":"en-US","@id":"https:\/\/anadolupet.com.tr\/urun\/hills-pd-c-d-multicare-stress-metabolic-tavuklu-kedi-pouch-12x85g\/#primaryimage","url":"https:\/\/anadolupet.com.tr\/wp-content\/uploads\/2026\/02\/635-607549.jpg","contentUrl":"https:\/\/anadolupet.com.tr\/wp-content\/uploads\/2026\/02\/635-607549.jpg","width":750,"height":750},{"@type":"BreadcrumbList","@id":"https:\/\/anadolupet.com.tr\/urun\/hills-pd-c-d-multicare-stress-metabolic-tavuklu-kedi-pouch-12x85g\/#breadcrumb","itemListElement":[{"@type":"ListItem","position":1,"name":"Anasayfa","item":"https:\/\/anadolupet.com.tr\/"},{"@type":"ListItem","position":2,"name":"\u00dcr\u00fcnler","item":"https:\/\/anadolupet.com.tr\/urunler\/"},{"@type":"ListItem","position":3,"name":"Hill&#8217;s PD C\/D Multicare Stress + Metabolic Tavuklu Kedi Pouch 12X85G"}]},{"@type":"WebSite","@id":"https:\/\/anadolupet.com.tr\/#website","url":"https:\/\/anadolupet.com.tr\/","name":"Anadolu Pet Group","description":"We Stand Together for the Well-Being of Every Life","publisher":{"@id":"https:\/\/anadolupet.com.tr\/#organization"},"potentialAction":[{"@type":"SearchAction","target":{"@type":"EntryPoint","urlTemplate":"https:\/\/anadolupet.com.tr\/?s={search_term_string}"},"query-input":{"@type":"PropertyValueSpecification","valueRequired":true,"valueName":"search_term_string"}}],"inLanguage":"en-US"},{"@type":"Organization","@id":"https:\/\/anadolupet.com.tr\/#organization","name":"Anadolu Pet Group","alternateName":"Anadolu Pet","url":"https:\/\/anadolupet.com.tr\/","logo":{"@type":"ImageObject","inLanguage":"en-US","@id":"https:\/\/anadolupet.com.tr\/#\/schema\/logo\/image\/","url":"https:\/\/anadolupet.com.tr\/wp-content\/uploads\/2026\/03\/1614666743370.jpg","contentUrl":"https:\/\/anadolupet.com.tr\/wp-content\/uploads\/2026\/03\/1614666743370.jpg","width":800,"height":571,"caption":"Anadolu Pet Grup"},"image":{"@id":"https:\/\/anadolupet.com.tr\/#\/schema\/logo\/image\/"}}]}},"_links":{"self":[{"href":"https:\/\/anadolupet.com.tr\/en\/wp-json\/wp\/v2\/product\/45317","targetHints":{"allow":["GET"]}}],"collection":[{"href":"https:\/\/anadolupet.com.tr\/en\/wp-json\/wp\/v2\/product"}],"about":[{"href":"https:\/\/anadolupet.com.tr\/en\/wp-json\/wp\/v2\/types\/product"}],"replies":[{"embeddable":true,"href":"https:\/\/anadolupet.com.tr\/en\/wp-json\/wp\/v2\/comments?post=45317"}],"wp:featuredmedia":[{"embeddable":true,"href":"https:\/\/anadolupet.com.tr\/en\/wp-json\/wp\/v2\/media\/44348"}],"wp:attachment":[{"href":"https:\/\/anadolupet.com.tr\/en\/wp-json\/wp\/v2\/media?parent=45317"}],"wp:term":[{"taxonomy":"product_brand","embeddable":true,"href":"https:\/\/anadolupet.com.tr\/en\/wp-json\/wp\/v2\/product_brand?post=45317"},{"taxonomy":"product_cat","embeddable":true,"href":"https:\/\/anadolupet.com.tr\/en\/wp-json\/wp\/v2\/product_cat?post=45317"},{"taxonomy":"product_tag","embeddable":true,"href":"https:\/\/anadolupet.com.tr\/en\/wp-json\/wp\/v2\/product_tag?post=45317"}],"curies":[{"name":"wp","href":"https:\/\/api.w.org\/{rel}","templated":true}]}}