{"id":45325,"date":"2026-02-14T14:41:21","date_gmt":"2026-02-14T14:41:21","guid":{"rendered":"https:\/\/anadolupet.com.tr\/?post_type=product&#038;p=45325"},"modified":"2026-02-23T12:48:44","modified_gmt":"2026-02-23T12:48:44","slug":"hills-pd-gi-biome-kopek-mamasi-15kg","status":"publish","type":"product","link":"https:\/\/anadolupet.com.tr\/en\/urun\/hills-pd-gi-biome-kopek-mamasi-15kg\/","title":{"rendered":"Hill&#8217;s PD GI BIOME K\u00f6pek Mamas\u0131 1,5KG"},"content":{"rendered":"","protected":false},"excerpt":{"rendered":"<p>Hill&#8217;s PRESCRIPTION DIET GI dog food, klinik olarak, 24 saat gibi k\u0131sa bir s\u00fcrede d\u00fczenli ve sa\u011fl\u0131kl\u0131 d\u0131\u015fk\u0131y\u0131 destekledi\u011fi ve tekrarlama riskini azaltmaya yard\u0131mc\u0131 oldu\u011fu kan\u0131tlanm\u0131\u015f \u00f6zel bir prebiyotik kar\u0131\u015f\u0131m\u0131na sahip y\u00fcksek lifli k\u00f6pek mamas\u0131d\u0131r. Sa\u011fl\u0131kl\u0131 d\u0131\u015fk\u0131y\u0131 ve genel sindirim sistemi sa\u011fl\u0131\u011f\u0131n\u0131 desteklemek i\u00e7in \u00f6zel olarak form\u00fcle edilmi\u015f, hassas mideye sahip k\u00f6pekler i\u00e7in \u00fcretilmi\u015f bir mamad\u0131r. Bu kuru k\u00f6pek mamas\u0131 tavuklu olup k\u00f6pe\u011finizin sevece\u011fi harika bir lezzete sahiptir. K\u00f6pe\u011finizin sindirim sistemi sa\u011fl\u0131\u011f\u0131, pek \u00e7ok \u015feyden olumsuz etkilenebilir ve k\u00f6pe\u011finizin sindirim sistemi sorunu oldu\u011funda, bu durum ilgili herkes i\u00e7in tamamen tats\u0131z bir deneyimdir. \u0130yi haber \u015fu ki; mikrobiyom sa\u011fl\u0131\u011f\u0131n\u0131 &#8211; evcil hayvan\u0131n\u0131z\u0131n benzersiz ba\u011f\u0131rsak ekosistemini &#8211; GI bak\u0131m\u0131n\u0131n \u00f6n saflar\u0131na koyarak, liflere duyarl\u0131 GI sorunlar\u0131na yakla\u015f\u0131mda devrim yaratan bir mamayla, k\u00f6pe\u011finizin daha iyi hissetmesine yard\u0131mc\u0131 olabilirsiniz. Semptomlar\u0131 d\u00fczeldikten sonra bile k\u00f6pe\u011finizin sindirim sistemi sa\u011fl\u0131\u011f\u0131n\u0131 korumaya yard\u0131mc\u0131 olmak i\u00e7in PRESCRIPTION DIET Gastrointestinal Biome Digestive Care Dog Food K\u00f6pek Mamas\u0131 ile beslemeye devam etmek \u00f6nemlidir. PRESCRIPTION DIET mamalar\u0131n\u0131n k\u00f6pe\u011finizin mutlu ve aktif bir ya\u015fam s\u00fcrmeye devam etmesine nas\u0131l yard\u0131mc\u0131 olabilece\u011fi hakk\u0131nda daha fazla bilgi almak i\u00e7in veteriner hekiminize dan\u0131\u015f\u0131n.<br \/>\nEvcil hayvan\u0131n\u0131z\u0131n ya\u015fam\u0131n\u0131 de\u011fi\u015ftirmeye yard\u0131mc\u0131 olan harika bir lezzete sahip beslenme. Size ba\u011fl\u0131 olduklar\u0131 i\u00e7in, onlara m\u00fcmk\u00fcn olan en iyi mamay\u0131 sa\u011flamaya \u00e7al\u0131\u015f\u0131yoruz. PRESCRIPTION DIET k\u00f6pek mamas\u0131, k\u00f6pe\u011finizin benzersiz sa\u011fl\u0131k ihtiya\u00e7lar\u0131n\u0131 kar\u015f\u0131lamak i\u00e7in bilimi temel alan form\u00fclleriyle, uzun ve mutlu bir ya\u015fam s\u00fcrmeleri i\u00e7in ihtiya\u00e7 duyduklar\u0131 hedeflenen beslenmedir. Evcil hayvan mamalar\u0131m\u0131z\u0131 en kaliteli malzemelerle \u00fcretiyoruz. Bu malzemeler, safl\u0131k ve besin i\u00e7eri\u011fi i\u00e7in kat\u0131 gereksinimlerimizi kar\u015f\u0131lamal\u0131d\u0131r.<br \/>\nBar\u0131nak hayvanlar\u0131n\u0131n ya\u015famlar\u0131nda bir fark yaratabilirsiniz. Sat\u0131n ald\u0131\u011f\u0131n\u0131z her Hill&#8217;s PRESCRIPTION DIET evcil hayvan mamas\u0131yla, y\u0131lda 365 g\u00fcn, yani her g\u00fcn 100.000&#8217;den fazla evsiz evcil hayvan\u0131n beslenmesine yard\u0131mc\u0131 olursunuz. hillsfoodshelterlove.com adresinden daha fazla bilgi edinin. Hill&#8217;s PRESCRIPTION DIET k\u00f6pek mamas\u0131, k\u00f6pe\u011finizin benzersiz ihtiya\u00e7lar\u0131 i\u00e7in k\u00f6pe\u011finizin bay\u0131larak yiyece\u011fi \u00e7e\u015fitli kuru ve ya\u015f mama se\u00e7enekleri sunmaktad\u0131r.<br \/>\n\u0130\u00c7\u0130NDEK\u0130LER: Tah\u0131llar, et ve hayvan t\u00fcrevleri (tavuk 9%), bitkisel orjinli t\u00fcrevler, s\u0131v\u0131 ve kat\u0131 ya\u011flar, bitkisel protein ekstrat\u0131, meyve, tohumlar, mineraller, sebzeler. Y\u00fcksek sindirilebilirli\u011fe sahip i\u00e7erikler: Tavuk ve hindi unu, k\u0131r\u0131k pirin\u00e7, m\u0131s\u0131r, m\u0131s\u0131r gluteni unu, hayvansal ya\u011f, bitkisel ya\u011f, bal\u0131k ya\u011f\u0131. ActivBiome+ prebiyotik kar\u0131\u015f\u0131m\u0131 (%14,6): \u00d6\u011f\u00fct\u00fclm\u00fc\u015f pekan kabu\u011fu, kurutulmu\u015f pancar k\u00fcspesi, keten tohumu, kurutulmu\u015f turu\u00e7giller posas\u0131, kurutulmu\u015f k\u0131z\u0131lc\u0131k.<br \/>\nKG BA\u015eINA KATKILAR: Besinsel katk\u0131lar: 3b103 (Demir) 84,6mg, 3b202 (\u0130yodin) 2,1mg, 3b405 (Bak\u0131r) 8,3mg, 3b502 (Manganez) 8,7mg, 3b603 (\u00c7inko) 148mg, 3b801 (Selenyum) 0,2mg, do\u011fal antioksidan ile.<br \/>\nANAL\u0130T\u0130K B\u0130LE\u015eENLER: Protein 21,3%, Ya\u011f i\u00e7eri\u011fi 13,2%, Ham sel\u00fcloz 7,0%, Ham k\u00fcl 5,9%, Kalsiyum 0,95%, Fosfor 0,65%, Sodyum 0,35%, Potasyum 0,83%, Magnezyum 0,10%; kg ba\u015f\u0131na: A Vitamini 10.209IU, D3 Vitamini 781IU, E Vitamini 728mg, C Vitamini 114mg, Beta-karoten 1,4mg.<br \/>\nBESLEME TAL\u0130MATI: Yaln\u0131zca \u00f6nerilen PRESCRIPTION DIET mama ile besleyin. Kullanmadan \u00f6nce veteriner hekiminizden evcil hayvan\u0131n\u0131z i\u00e7in \u00f6zel besleme talimatlar\u0131n\u0131 isteyin. B\u00fct\u00fcn besleme talimatlar\u0131 i\u00e7in l\u00fctfen ambalaja bak\u0131n. Mama miktar\u0131n\u0131 ideal kiloyu koruyacak \u015fekilde ayarlay\u0131n. Emin de\u011filseniz veteriner hekiminize sorun. Bu mamay\u0131 ilk defa m\u0131 kullan\u0131yorsunuz? 7 g\u00fcnl\u00fck bir s\u00fcre boyunca eski mama miktar\u0131n\u0131 bir kar\u0131\u015f\u0131m i\u00e7erisinde kademeli olarak azalt\u0131p yeni mamay\u0131 kademeli olarak art\u0131r\u0131n. Temiz ve taze suyu daima haz\u0131r bulundurun! Evcil hayvan\u0131n\u0131z\u0131n beslenme ihtiya\u00e7lar\u0131 ya\u015fland\u0131k\u00e7a de\u011fi\u015febilir. Her muayenede veteriner hekiminize sorun.<\/p>","protected":false},"featured_media":44353,"comment_status":"open","ping_status":"closed","template":"","meta":{"_acf_changed":false},"product_brand":[],"product_cat":[2456],"product_tag":[],"class_list":{"0":"post-45325","1":"product","2":"type-product","3":"status-publish","4":"has-post-thumbnail","6":"product_cat-receteli-diyet-kopek-mamalari","8":"first","9":"instock","10":"shipping-taxable","11":"product-type-simple"},"acf":[],"yoast_head":"<!-- This site is optimized with the Yoast SEO plugin v27.5 - https:\/\/yoast.com\/product\/yoast-seo-wordpress\/ -->\n<title>Hill&#039;s PD GI BIOME K\u00f6pek Mamas\u0131 1,5KG - Anadolu Pet Grup<\/title>\n<meta name=\"robots\" content=\"index, follow, max-snippet:-1, max-image-preview:large, max-video-preview:-1\" \/>\n<link rel=\"canonical\" href=\"https:\/\/anadolupet.com.tr\/en\/product\/hills-pd-gi-biome-kopek-mamasi-15kg\/\" \/>\n<meta property=\"og:locale\" content=\"en_US\" \/>\n<meta property=\"og:type\" content=\"article\" \/>\n<meta property=\"og:title\" content=\"Hill&#039;s PD GI BIOME K\u00f6pek Mamas\u0131 1,5KG - Anadolu Pet Grup\" \/>\n<meta property=\"og:description\" content=\"Hill&#039;s PRESCRIPTION DIET GI dog food, klinik olarak, 24 saat gibi k\u0131sa bir s\u00fcrede d\u00fczenli ve sa\u011fl\u0131kl\u0131 d\u0131\u015fk\u0131y\u0131 destekledi\u011fi ve tekrarlama riskini azaltmaya yard\u0131mc\u0131 oldu\u011fu kan\u0131tlanm\u0131\u015f \u00f6zel bir prebiyotik kar\u0131\u015f\u0131m\u0131na sahip y\u00fcksek lifli k\u00f6pek mamas\u0131d\u0131r. Sa\u011fl\u0131kl\u0131 d\u0131\u015fk\u0131y\u0131 ve genel sindirim sistemi sa\u011fl\u0131\u011f\u0131n\u0131 desteklemek i\u00e7in \u00f6zel olarak form\u00fcle edilmi\u015f, hassas mideye sahip k\u00f6pekler i\u00e7in \u00fcretilmi\u015f bir mamad\u0131r. Bu kuru k\u00f6pek mamas\u0131 tavuklu olup k\u00f6pe\u011finizin sevece\u011fi harika bir lezzete sahiptir. K\u00f6pe\u011finizin sindirim sistemi sa\u011fl\u0131\u011f\u0131, pek \u00e7ok \u015feyden olumsuz etkilenebilir ve k\u00f6pe\u011finizin sindirim sistemi sorunu oldu\u011funda, bu durum ilgili herkes i\u00e7in tamamen tats\u0131z bir deneyimdir. \u0130yi haber \u015fu ki; mikrobiyom sa\u011fl\u0131\u011f\u0131n\u0131 - evcil hayvan\u0131n\u0131z\u0131n benzersiz ba\u011f\u0131rsak ekosistemini - GI bak\u0131m\u0131n\u0131n \u00f6n saflar\u0131na koyarak, liflere duyarl\u0131 GI sorunlar\u0131na yakla\u015f\u0131mda devrim yaratan bir mamayla, k\u00f6pe\u011finizin daha iyi hissetmesine yard\u0131mc\u0131 olabilirsiniz. Semptomlar\u0131 d\u00fczeldikten sonra bile k\u00f6pe\u011finizin sindirim sistemi sa\u011fl\u0131\u011f\u0131n\u0131 korumaya yard\u0131mc\u0131 olmak i\u00e7in PRESCRIPTION DIET Gastrointestinal Biome Digestive Care Dog Food K\u00f6pek Mamas\u0131 ile beslemeye devam etmek \u00f6nemlidir. PRESCRIPTION DIET mamalar\u0131n\u0131n k\u00f6pe\u011finizin mutlu ve aktif bir ya\u015fam s\u00fcrmeye devam etmesine nas\u0131l yard\u0131mc\u0131 olabilece\u011fi hakk\u0131nda daha fazla bilgi almak i\u00e7in veteriner hekiminize dan\u0131\u015f\u0131n. Evcil hayvan\u0131n\u0131z\u0131n ya\u015fam\u0131n\u0131 de\u011fi\u015ftirmeye yard\u0131mc\u0131 olan harika bir lezzete sahip beslenme. Size ba\u011fl\u0131 olduklar\u0131 i\u00e7in, onlara m\u00fcmk\u00fcn olan en iyi mamay\u0131 sa\u011flamaya \u00e7al\u0131\u015f\u0131yoruz. PRESCRIPTION DIET k\u00f6pek mamas\u0131, k\u00f6pe\u011finizin benzersiz sa\u011fl\u0131k ihtiya\u00e7lar\u0131n\u0131 kar\u015f\u0131lamak i\u00e7in bilimi temel alan form\u00fclleriyle, uzun ve mutlu bir ya\u015fam s\u00fcrmeleri i\u00e7in ihtiya\u00e7 duyduklar\u0131 hedeflenen beslenmedir. Evcil hayvan mamalar\u0131m\u0131z\u0131 en kaliteli malzemelerle \u00fcretiyoruz. Bu malzemeler, safl\u0131k ve besin i\u00e7eri\u011fi i\u00e7in kat\u0131 gereksinimlerimizi kar\u015f\u0131lamal\u0131d\u0131r. Bar\u0131nak hayvanlar\u0131n\u0131n ya\u015famlar\u0131nda bir fark yaratabilirsiniz. Sat\u0131n ald\u0131\u011f\u0131n\u0131z her Hill&#039;s PRESCRIPTION DIET evcil hayvan mamas\u0131yla, y\u0131lda 365 g\u00fcn, yani her g\u00fcn 100.000&#039;den fazla evsiz evcil hayvan\u0131n beslenmesine yard\u0131mc\u0131 olursunuz. hillsfoodshelterlove.com adresinden daha fazla bilgi edinin. Hill&#039;s PRESCRIPTION DIET k\u00f6pek mamas\u0131, k\u00f6pe\u011finizin benzersiz ihtiya\u00e7lar\u0131 i\u00e7in k\u00f6pe\u011finizin bay\u0131larak yiyece\u011fi \u00e7e\u015fitli kuru ve ya\u015f mama se\u00e7enekleri sunmaktad\u0131r. \u0130\u00c7\u0130NDEK\u0130LER: Tah\u0131llar, et ve hayvan t\u00fcrevleri (tavuk 9%), bitkisel orjinli t\u00fcrevler, s\u0131v\u0131 ve kat\u0131 ya\u011flar, bitkisel protein ekstrat\u0131, meyve, tohumlar, mineraller, sebzeler. Y\u00fcksek sindirilebilirli\u011fe sahip i\u00e7erikler: Tavuk ve hindi unu, k\u0131r\u0131k pirin\u00e7, m\u0131s\u0131r, m\u0131s\u0131r gluteni unu, hayvansal ya\u011f, bitkisel ya\u011f, bal\u0131k ya\u011f\u0131. ActivBiome+ prebiyotik kar\u0131\u015f\u0131m\u0131 (%14,6): \u00d6\u011f\u00fct\u00fclm\u00fc\u015f pekan kabu\u011fu, kurutulmu\u015f pancar k\u00fcspesi, keten tohumu, kurutulmu\u015f turu\u00e7giller posas\u0131, kurutulmu\u015f k\u0131z\u0131lc\u0131k. KG BA\u015eINA KATKILAR: Besinsel katk\u0131lar: 3b103 (Demir) 84,6mg, 3b202 (\u0130yodin) 2,1mg, 3b405 (Bak\u0131r) 8,3mg, 3b502 (Manganez) 8,7mg, 3b603 (\u00c7inko) 148mg, 3b801 (Selenyum) 0,2mg, do\u011fal antioksidan ile. ANAL\u0130T\u0130K B\u0130LE\u015eENLER: Protein 21,3%, Ya\u011f i\u00e7eri\u011fi 13,2%, Ham sel\u00fcloz 7,0%, Ham k\u00fcl 5,9%, Kalsiyum 0,95%, Fosfor 0,65%, Sodyum 0,35%, Potasyum 0,83%, Magnezyum 0,10%; kg ba\u015f\u0131na: A Vitamini 10.209IU, D3 Vitamini 781IU, E Vitamini 728mg, C Vitamini 114mg, Beta-karoten 1,4mg. BESLEME TAL\u0130MATI: Yaln\u0131zca \u00f6nerilen PRESCRIPTION DIET mama ile besleyin. Kullanmadan \u00f6nce veteriner hekiminizden evcil hayvan\u0131n\u0131z i\u00e7in \u00f6zel besleme talimatlar\u0131n\u0131 isteyin. B\u00fct\u00fcn besleme talimatlar\u0131 i\u00e7in l\u00fctfen ambalaja bak\u0131n. Mama miktar\u0131n\u0131 ideal kiloyu koruyacak \u015fekilde ayarlay\u0131n. Emin de\u011filseniz veteriner hekiminize sorun. Bu mamay\u0131 ilk defa m\u0131 kullan\u0131yorsunuz? 7 g\u00fcnl\u00fck bir s\u00fcre boyunca eski mama miktar\u0131n\u0131 bir kar\u0131\u015f\u0131m i\u00e7erisinde kademeli olarak azalt\u0131p yeni mamay\u0131 kademeli olarak art\u0131r\u0131n. Temiz ve taze suyu daima haz\u0131r bulundurun! Evcil hayvan\u0131n\u0131z\u0131n beslenme ihtiya\u00e7lar\u0131 ya\u015fland\u0131k\u00e7a de\u011fi\u015febilir. Her muayenede veteriner hekiminize sorun.\" \/>\n<meta property=\"og:url\" content=\"https:\/\/anadolupet.com.tr\/en\/product\/hills-pd-gi-biome-kopek-mamasi-15kg\/\" \/>\n<meta property=\"og:site_name\" content=\"Anadolu Pet Grup\" \/>\n<meta property=\"article:modified_time\" content=\"2026-02-23T12:48:44+00:00\" \/>\n<meta property=\"og:image\" content=\"https:\/\/anadolupet.com.tr\/wp-content\/uploads\/2026\/02\/640-605843.jpg\" \/>\n\t<meta property=\"og:image:width\" content=\"750\" \/>\n\t<meta property=\"og:image:height\" content=\"750\" \/>\n\t<meta property=\"og:image:type\" content=\"image\/jpeg\" \/>\n<meta name=\"twitter:card\" content=\"summary_large_image\" \/>\n<script type=\"application\/ld+json\" class=\"yoast-schema-graph\">{\"@context\":\"https:\\\/\\\/schema.org\",\"@graph\":[{\"@type\":\"WebPage\",\"@id\":\"https:\\\/\\\/anadolupet.com.tr\\\/urun\\\/hills-pd-gi-biome-kopek-mamasi-15kg\\\/\",\"url\":\"https:\\\/\\\/anadolupet.com.tr\\\/urun\\\/hills-pd-gi-biome-kopek-mamasi-15kg\\\/\",\"name\":\"Hill's PD GI BIOME K\u00f6pek Mamas\u0131 1,5KG - Anadolu Pet Grup\",\"isPartOf\":{\"@id\":\"https:\\\/\\\/anadolupet.com.tr\\\/#website\"},\"primaryImageOfPage\":{\"@id\":\"https:\\\/\\\/anadolupet.com.tr\\\/urun\\\/hills-pd-gi-biome-kopek-mamasi-15kg\\\/#primaryimage\"},\"image\":{\"@id\":\"https:\\\/\\\/anadolupet.com.tr\\\/urun\\\/hills-pd-gi-biome-kopek-mamasi-15kg\\\/#primaryimage\"},\"thumbnailUrl\":\"https:\\\/\\\/anadolupet.com.tr\\\/wp-content\\\/uploads\\\/2026\\\/02\\\/640-605843.jpg\",\"datePublished\":\"2026-02-14T14:41:21+00:00\",\"dateModified\":\"2026-02-23T12:48:44+00:00\",\"breadcrumb\":{\"@id\":\"https:\\\/\\\/anadolupet.com.tr\\\/urun\\\/hills-pd-gi-biome-kopek-mamasi-15kg\\\/#breadcrumb\"},\"inLanguage\":\"en-US\",\"potentialAction\":[{\"@type\":\"ReadAction\",\"target\":[\"https:\\\/\\\/anadolupet.com.tr\\\/urun\\\/hills-pd-gi-biome-kopek-mamasi-15kg\\\/\"]}]},{\"@type\":\"ImageObject\",\"inLanguage\":\"en-US\",\"@id\":\"https:\\\/\\\/anadolupet.com.tr\\\/urun\\\/hills-pd-gi-biome-kopek-mamasi-15kg\\\/#primaryimage\",\"url\":\"https:\\\/\\\/anadolupet.com.tr\\\/wp-content\\\/uploads\\\/2026\\\/02\\\/640-605843.jpg\",\"contentUrl\":\"https:\\\/\\\/anadolupet.com.tr\\\/wp-content\\\/uploads\\\/2026\\\/02\\\/640-605843.jpg\",\"width\":750,\"height\":750},{\"@type\":\"BreadcrumbList\",\"@id\":\"https:\\\/\\\/anadolupet.com.tr\\\/urun\\\/hills-pd-gi-biome-kopek-mamasi-15kg\\\/#breadcrumb\",\"itemListElement\":[{\"@type\":\"ListItem\",\"position\":1,\"name\":\"Anasayfa\",\"item\":\"https:\\\/\\\/anadolupet.com.tr\\\/\"},{\"@type\":\"ListItem\",\"position\":2,\"name\":\"\u00dcr\u00fcnler\",\"item\":\"https:\\\/\\\/anadolupet.com.tr\\\/urunler\\\/\"},{\"@type\":\"ListItem\",\"position\":3,\"name\":\"Hill&#8217;s PD GI BIOME K\u00f6pek Mamas\u0131 1,5KG\"}]},{\"@type\":\"WebSite\",\"@id\":\"https:\\\/\\\/anadolupet.com.tr\\\/#website\",\"url\":\"https:\\\/\\\/anadolupet.com.tr\\\/\",\"name\":\"Anadolu Pet Grup\",\"description\":\"Her Can\u0131n \u0130yi Ya\u015fam\u0131 \u0130\u00e7in Biraraday\u0131z\",\"publisher\":{\"@id\":\"https:\\\/\\\/anadolupet.com.tr\\\/#organization\"},\"potentialAction\":[{\"@type\":\"SearchAction\",\"target\":{\"@type\":\"EntryPoint\",\"urlTemplate\":\"https:\\\/\\\/anadolupet.com.tr\\\/?s={search_term_string}\"},\"query-input\":{\"@type\":\"PropertyValueSpecification\",\"valueRequired\":true,\"valueName\":\"search_term_string\"}}],\"inLanguage\":\"en-US\"},{\"@type\":\"Organization\",\"@id\":\"https:\\\/\\\/anadolupet.com.tr\\\/#organization\",\"name\":\"Anadolu Pet Grup\",\"alternateName\":\"Anadolu Pet\",\"url\":\"https:\\\/\\\/anadolupet.com.tr\\\/\",\"logo\":{\"@type\":\"ImageObject\",\"inLanguage\":\"en-US\",\"@id\":\"https:\\\/\\\/anadolupet.com.tr\\\/#\\\/schema\\\/logo\\\/image\\\/\",\"url\":\"https:\\\/\\\/anadolupet.com.tr\\\/wp-content\\\/uploads\\\/2026\\\/03\\\/1614666743370.jpg\",\"contentUrl\":\"https:\\\/\\\/anadolupet.com.tr\\\/wp-content\\\/uploads\\\/2026\\\/03\\\/1614666743370.jpg\",\"width\":800,\"height\":571,\"caption\":\"Anadolu Pet Grup\"},\"image\":{\"@id\":\"https:\\\/\\\/anadolupet.com.tr\\\/#\\\/schema\\\/logo\\\/image\\\/\"}}]}<\/script>\n<!-- \/ Yoast SEO plugin. -->","yoast_head_json":{"title":"Hill's PD GI BIOME K\u00f6pek Mamas\u0131 1,5KG - Anadolu Pet Grup","robots":{"index":"index","follow":"follow","max-snippet":"max-snippet:-1","max-image-preview":"max-image-preview:large","max-video-preview":"max-video-preview:-1"},"canonical":"https:\/\/anadolupet.com.tr\/en\/product\/hills-pd-gi-biome-kopek-mamasi-15kg\/","og_locale":"en_US","og_type":"article","og_title":"Hill's PD GI BIOME K\u00f6pek Mamas\u0131 1,5KG - Anadolu Pet Grup","og_description":"Hill's PRESCRIPTION DIET GI dog food, klinik olarak, 24 saat gibi k\u0131sa bir s\u00fcrede d\u00fczenli ve sa\u011fl\u0131kl\u0131 d\u0131\u015fk\u0131y\u0131 destekledi\u011fi ve tekrarlama riskini azaltmaya yard\u0131mc\u0131 oldu\u011fu kan\u0131tlanm\u0131\u015f \u00f6zel bir prebiyotik kar\u0131\u015f\u0131m\u0131na sahip y\u00fcksek lifli k\u00f6pek mamas\u0131d\u0131r. Sa\u011fl\u0131kl\u0131 d\u0131\u015fk\u0131y\u0131 ve genel sindirim sistemi sa\u011fl\u0131\u011f\u0131n\u0131 desteklemek i\u00e7in \u00f6zel olarak form\u00fcle edilmi\u015f, hassas mideye sahip k\u00f6pekler i\u00e7in \u00fcretilmi\u015f bir mamad\u0131r. Bu kuru k\u00f6pek mamas\u0131 tavuklu olup k\u00f6pe\u011finizin sevece\u011fi harika bir lezzete sahiptir. K\u00f6pe\u011finizin sindirim sistemi sa\u011fl\u0131\u011f\u0131, pek \u00e7ok \u015feyden olumsuz etkilenebilir ve k\u00f6pe\u011finizin sindirim sistemi sorunu oldu\u011funda, bu durum ilgili herkes i\u00e7in tamamen tats\u0131z bir deneyimdir. \u0130yi haber \u015fu ki; mikrobiyom sa\u011fl\u0131\u011f\u0131n\u0131 - evcil hayvan\u0131n\u0131z\u0131n benzersiz ba\u011f\u0131rsak ekosistemini - GI bak\u0131m\u0131n\u0131n \u00f6n saflar\u0131na koyarak, liflere duyarl\u0131 GI sorunlar\u0131na yakla\u015f\u0131mda devrim yaratan bir mamayla, k\u00f6pe\u011finizin daha iyi hissetmesine yard\u0131mc\u0131 olabilirsiniz. Semptomlar\u0131 d\u00fczeldikten sonra bile k\u00f6pe\u011finizin sindirim sistemi sa\u011fl\u0131\u011f\u0131n\u0131 korumaya yard\u0131mc\u0131 olmak i\u00e7in PRESCRIPTION DIET Gastrointestinal Biome Digestive Care Dog Food K\u00f6pek Mamas\u0131 ile beslemeye devam etmek \u00f6nemlidir. PRESCRIPTION DIET mamalar\u0131n\u0131n k\u00f6pe\u011finizin mutlu ve aktif bir ya\u015fam s\u00fcrmeye devam etmesine nas\u0131l yard\u0131mc\u0131 olabilece\u011fi hakk\u0131nda daha fazla bilgi almak i\u00e7in veteriner hekiminize dan\u0131\u015f\u0131n. Evcil hayvan\u0131n\u0131z\u0131n ya\u015fam\u0131n\u0131 de\u011fi\u015ftirmeye yard\u0131mc\u0131 olan harika bir lezzete sahip beslenme. Size ba\u011fl\u0131 olduklar\u0131 i\u00e7in, onlara m\u00fcmk\u00fcn olan en iyi mamay\u0131 sa\u011flamaya \u00e7al\u0131\u015f\u0131yoruz. PRESCRIPTION DIET k\u00f6pek mamas\u0131, k\u00f6pe\u011finizin benzersiz sa\u011fl\u0131k ihtiya\u00e7lar\u0131n\u0131 kar\u015f\u0131lamak i\u00e7in bilimi temel alan form\u00fclleriyle, uzun ve mutlu bir ya\u015fam s\u00fcrmeleri i\u00e7in ihtiya\u00e7 duyduklar\u0131 hedeflenen beslenmedir. Evcil hayvan mamalar\u0131m\u0131z\u0131 en kaliteli malzemelerle \u00fcretiyoruz. Bu malzemeler, safl\u0131k ve besin i\u00e7eri\u011fi i\u00e7in kat\u0131 gereksinimlerimizi kar\u015f\u0131lamal\u0131d\u0131r. Bar\u0131nak hayvanlar\u0131n\u0131n ya\u015famlar\u0131nda bir fark yaratabilirsiniz. Sat\u0131n ald\u0131\u011f\u0131n\u0131z her Hill's PRESCRIPTION DIET evcil hayvan mamas\u0131yla, y\u0131lda 365 g\u00fcn, yani her g\u00fcn 100.000'den fazla evsiz evcil hayvan\u0131n beslenmesine yard\u0131mc\u0131 olursunuz. hillsfoodshelterlove.com adresinden daha fazla bilgi edinin. Hill's PRESCRIPTION DIET k\u00f6pek mamas\u0131, k\u00f6pe\u011finizin benzersiz ihtiya\u00e7lar\u0131 i\u00e7in k\u00f6pe\u011finizin bay\u0131larak yiyece\u011fi \u00e7e\u015fitli kuru ve ya\u015f mama se\u00e7enekleri sunmaktad\u0131r. \u0130\u00c7\u0130NDEK\u0130LER: Tah\u0131llar, et ve hayvan t\u00fcrevleri (tavuk 9%), bitkisel orjinli t\u00fcrevler, s\u0131v\u0131 ve kat\u0131 ya\u011flar, bitkisel protein ekstrat\u0131, meyve, tohumlar, mineraller, sebzeler. Y\u00fcksek sindirilebilirli\u011fe sahip i\u00e7erikler: Tavuk ve hindi unu, k\u0131r\u0131k pirin\u00e7, m\u0131s\u0131r, m\u0131s\u0131r gluteni unu, hayvansal ya\u011f, bitkisel ya\u011f, bal\u0131k ya\u011f\u0131. ActivBiome+ prebiyotik kar\u0131\u015f\u0131m\u0131 (%14,6): \u00d6\u011f\u00fct\u00fclm\u00fc\u015f pekan kabu\u011fu, kurutulmu\u015f pancar k\u00fcspesi, keten tohumu, kurutulmu\u015f turu\u00e7giller posas\u0131, kurutulmu\u015f k\u0131z\u0131lc\u0131k. KG BA\u015eINA KATKILAR: Besinsel katk\u0131lar: 3b103 (Demir) 84,6mg, 3b202 (\u0130yodin) 2,1mg, 3b405 (Bak\u0131r) 8,3mg, 3b502 (Manganez) 8,7mg, 3b603 (\u00c7inko) 148mg, 3b801 (Selenyum) 0,2mg, do\u011fal antioksidan ile. ANAL\u0130T\u0130K B\u0130LE\u015eENLER: Protein 21,3%, Ya\u011f i\u00e7eri\u011fi 13,2%, Ham sel\u00fcloz 7,0%, Ham k\u00fcl 5,9%, Kalsiyum 0,95%, Fosfor 0,65%, Sodyum 0,35%, Potasyum 0,83%, Magnezyum 0,10%; kg ba\u015f\u0131na: A Vitamini 10.209IU, D3 Vitamini 781IU, E Vitamini 728mg, C Vitamini 114mg, Beta-karoten 1,4mg. BESLEME TAL\u0130MATI: Yaln\u0131zca \u00f6nerilen PRESCRIPTION DIET mama ile besleyin. Kullanmadan \u00f6nce veteriner hekiminizden evcil hayvan\u0131n\u0131z i\u00e7in \u00f6zel besleme talimatlar\u0131n\u0131 isteyin. B\u00fct\u00fcn besleme talimatlar\u0131 i\u00e7in l\u00fctfen ambalaja bak\u0131n. Mama miktar\u0131n\u0131 ideal kiloyu koruyacak \u015fekilde ayarlay\u0131n. Emin de\u011filseniz veteriner hekiminize sorun. Bu mamay\u0131 ilk defa m\u0131 kullan\u0131yorsunuz? 7 g\u00fcnl\u00fck bir s\u00fcre boyunca eski mama miktar\u0131n\u0131 bir kar\u0131\u015f\u0131m i\u00e7erisinde kademeli olarak azalt\u0131p yeni mamay\u0131 kademeli olarak art\u0131r\u0131n. Temiz ve taze suyu daima haz\u0131r bulundurun! Evcil hayvan\u0131n\u0131z\u0131n beslenme ihtiya\u00e7lar\u0131 ya\u015fland\u0131k\u00e7a de\u011fi\u015febilir. Her muayenede veteriner hekiminize sorun.","og_url":"https:\/\/anadolupet.com.tr\/en\/product\/hills-pd-gi-biome-kopek-mamasi-15kg\/","og_site_name":"Anadolu Pet Grup","article_modified_time":"2026-02-23T12:48:44+00:00","og_image":[{"width":750,"height":750,"url":"https:\/\/anadolupet.com.tr\/wp-content\/uploads\/2026\/02\/640-605843.jpg","type":"image\/jpeg"}],"twitter_card":"summary_large_image","schema":{"@context":"https:\/\/schema.org","@graph":[{"@type":"WebPage","@id":"https:\/\/anadolupet.com.tr\/urun\/hills-pd-gi-biome-kopek-mamasi-15kg\/","url":"https:\/\/anadolupet.com.tr\/urun\/hills-pd-gi-biome-kopek-mamasi-15kg\/","name":"Hill's PD GI BIOME K\u00f6pek Mamas\u0131 1,5KG - Anadolu Pet Grup","isPartOf":{"@id":"https:\/\/anadolupet.com.tr\/#website"},"primaryImageOfPage":{"@id":"https:\/\/anadolupet.com.tr\/urun\/hills-pd-gi-biome-kopek-mamasi-15kg\/#primaryimage"},"image":{"@id":"https:\/\/anadolupet.com.tr\/urun\/hills-pd-gi-biome-kopek-mamasi-15kg\/#primaryimage"},"thumbnailUrl":"https:\/\/anadolupet.com.tr\/wp-content\/uploads\/2026\/02\/640-605843.jpg","datePublished":"2026-02-14T14:41:21+00:00","dateModified":"2026-02-23T12:48:44+00:00","breadcrumb":{"@id":"https:\/\/anadolupet.com.tr\/urun\/hills-pd-gi-biome-kopek-mamasi-15kg\/#breadcrumb"},"inLanguage":"en-US","potentialAction":[{"@type":"ReadAction","target":["https:\/\/anadolupet.com.tr\/urun\/hills-pd-gi-biome-kopek-mamasi-15kg\/"]}]},{"@type":"ImageObject","inLanguage":"en-US","@id":"https:\/\/anadolupet.com.tr\/urun\/hills-pd-gi-biome-kopek-mamasi-15kg\/#primaryimage","url":"https:\/\/anadolupet.com.tr\/wp-content\/uploads\/2026\/02\/640-605843.jpg","contentUrl":"https:\/\/anadolupet.com.tr\/wp-content\/uploads\/2026\/02\/640-605843.jpg","width":750,"height":750},{"@type":"BreadcrumbList","@id":"https:\/\/anadolupet.com.tr\/urun\/hills-pd-gi-biome-kopek-mamasi-15kg\/#breadcrumb","itemListElement":[{"@type":"ListItem","position":1,"name":"Anasayfa","item":"https:\/\/anadolupet.com.tr\/"},{"@type":"ListItem","position":2,"name":"\u00dcr\u00fcnler","item":"https:\/\/anadolupet.com.tr\/urunler\/"},{"@type":"ListItem","position":3,"name":"Hill&#8217;s PD GI BIOME K\u00f6pek Mamas\u0131 1,5KG"}]},{"@type":"WebSite","@id":"https:\/\/anadolupet.com.tr\/#website","url":"https:\/\/anadolupet.com.tr\/","name":"Anadolu Pet Group","description":"We Stand Together for the Well-Being of Every Life","publisher":{"@id":"https:\/\/anadolupet.com.tr\/#organization"},"potentialAction":[{"@type":"SearchAction","target":{"@type":"EntryPoint","urlTemplate":"https:\/\/anadolupet.com.tr\/?s={search_term_string}"},"query-input":{"@type":"PropertyValueSpecification","valueRequired":true,"valueName":"search_term_string"}}],"inLanguage":"en-US"},{"@type":"Organization","@id":"https:\/\/anadolupet.com.tr\/#organization","name":"Anadolu Pet Group","alternateName":"Anadolu Pet","url":"https:\/\/anadolupet.com.tr\/","logo":{"@type":"ImageObject","inLanguage":"en-US","@id":"https:\/\/anadolupet.com.tr\/#\/schema\/logo\/image\/","url":"https:\/\/anadolupet.com.tr\/wp-content\/uploads\/2026\/03\/1614666743370.jpg","contentUrl":"https:\/\/anadolupet.com.tr\/wp-content\/uploads\/2026\/03\/1614666743370.jpg","width":800,"height":571,"caption":"Anadolu Pet Grup"},"image":{"@id":"https:\/\/anadolupet.com.tr\/#\/schema\/logo\/image\/"}}]}},"_links":{"self":[{"href":"https:\/\/anadolupet.com.tr\/en\/wp-json\/wp\/v2\/product\/45325","targetHints":{"allow":["GET"]}}],"collection":[{"href":"https:\/\/anadolupet.com.tr\/en\/wp-json\/wp\/v2\/product"}],"about":[{"href":"https:\/\/anadolupet.com.tr\/en\/wp-json\/wp\/v2\/types\/product"}],"replies":[{"embeddable":true,"href":"https:\/\/anadolupet.com.tr\/en\/wp-json\/wp\/v2\/comments?post=45325"}],"wp:featuredmedia":[{"embeddable":true,"href":"https:\/\/anadolupet.com.tr\/en\/wp-json\/wp\/v2\/media\/44353"}],"wp:attachment":[{"href":"https:\/\/anadolupet.com.tr\/en\/wp-json\/wp\/v2\/media?parent=45325"}],"wp:term":[{"taxonomy":"product_brand","embeddable":true,"href":"https:\/\/anadolupet.com.tr\/en\/wp-json\/wp\/v2\/product_brand?post=45325"},{"taxonomy":"product_cat","embeddable":true,"href":"https:\/\/anadolupet.com.tr\/en\/wp-json\/wp\/v2\/product_cat?post=45325"},{"taxonomy":"product_tag","embeddable":true,"href":"https:\/\/anadolupet.com.tr\/en\/wp-json\/wp\/v2\/product_tag?post=45325"}],"curies":[{"name":"wp","href":"https:\/\/api.w.org\/{rel}","templated":true}]}}