{"id":45328,"date":"2026-02-14T14:41:21","date_gmt":"2026-02-14T14:41:21","guid":{"rendered":"https:\/\/anadolupet.com.tr\/?post_type=product&#038;p=45328"},"modified":"2026-02-23T12:48:44","modified_gmt":"2026-02-23T12:48:44","slug":"hills-pd-i-d-stress-mini-irk-kopek-mamasi-1kg","status":"publish","type":"product","link":"https:\/\/anadolupet.com.tr\/en\/urun\/hills-pd-i-d-stress-mini-irk-kopek-mamasi-1kg\/","title":{"rendered":"Hill&#8217;s PD I\/D STRESS Mini Irk K\u00f6pek Mamas\u0131 1KG"},"content":{"rendered":"","protected":false},"excerpt":{"rendered":"<p>L\u00fctfen unutmay\u0131n &#8211; ActivBiome+ teknolojisinin eklenmesinden \u00f6nce bu mamay\u0131 daha \u00f6nce kullanm\u0131\u015f olan m\u00fc\u015fteriler i\u00e7in evcil hayvan\u0131n\u0131z\u0131 7 g\u00fcnl\u00fck bir s\u00fcre i\u00e7inde y\u00fckseltilmi\u015f form\u00fcle ge\u00e7irmeniz \u00f6nerilir. Herhangi bir ek bilgi i\u00e7in l\u00fctfen veteriner hekiminize dan\u0131\u015f\u0131n.<br \/>\nHill&#8217;s PRESCRIPTION DIET i\/d Stress Digestive Care dog food, 14 kg&#8217;a kadar olan k\u00f6peklerde sindirim sistemi bozukluklar\u0131 da dahil olmak \u00fczere stresle ilgili davran\u0131\u015flar\u0131n y\u00f6netilmesine yard\u0131mc\u0131 olan klinik beslenmedir. K\u00f6pe\u011finizin strese ba\u011fl\u0131 sindirim sistemi rahats\u0131zl\u0131\u011f\u0131 d\u00f6nemlerinde ihtiya\u00e7 duydu\u011fu t\u00fcm besinleri sa\u011flayan ve uzun s\u00fcreli kullan\u0131labilen, kolay sindirilebilir bir k\u00f6pek mamas\u0131d\u0131r. Bu kuru k\u00f6pek mamas\u0131 tavukla yap\u0131l\u0131r ve k\u00f6pe\u011finizin sevece\u011fi lezzetli bir tada sahiptir.<br \/>\nT\u0131pk\u0131 insanlar gibi, baz\u0131 k\u00f6pekler de genel sa\u011fl\u0131klar\u0131n\u0131 olumsuz y\u00f6nde etkileyebilecek stres ya\u015farlar. Stres, ba\u011f\u0131rsak mikrobiyomunun dengesizli\u011fine ve ba\u011f\u0131rsak hareketlili\u011finin artmas\u0131na neden olarak sindirim sistemi rahats\u0131zl\u0131\u011f\u0131na neden olabilir, bu da dahil olan herkes i\u00e7in tamamen tats\u0131z bir deneyimdir.<br \/>\nSemptomlar\u0131 d\u00fczeldikten sonra bile k\u00f6pe\u011finizin sindirim sistemi sa\u011fl\u0131\u011f\u0131n\u0131 korumaya yard\u0131mc\u0131 olmak i\u00e7in PRESCRIPTION DIET i\/d Stress Digestive Care Dog Food ile beslemeye devam etmek \u00f6nemlidir. PRESCRIPTION DIET mamalar\u0131n\u0131n k\u00f6pe\u011finizin mutlu ve aktif bir ya\u015fam s\u00fcrmeye devam etmesine nas\u0131l yard\u0131mc\u0131 olabilece\u011fi hakk\u0131nda daha fazla bilgi almak i\u00e7in veteriner hekiminize dan\u0131\u015f\u0131n.<br \/>\nEvcil hayvan\u0131n\u0131z\u0131n ya\u015fam\u0131n\u0131 de\u011fi\u015ftirmeye yard\u0131mc\u0131 olan harika bir lezzete sahip beslenme. Size ba\u011fl\u0131 olduklar\u0131 i\u00e7in, onlara m\u00fcmk\u00fcn olan en iyi mamay\u0131 sa\u011flamaya \u00e7al\u0131\u015f\u0131yoruz. PRESCRIPTION DIET k\u00f6pek mamas\u0131, k\u00f6pe\u011finizin benzersiz sa\u011fl\u0131k ihtiya\u00e7lar\u0131n\u0131 kar\u015f\u0131lamak i\u00e7in bilimi temel alan form\u00fclleriyle, uzun ve mutlu bir ya\u015fam s\u00fcrmeleri i\u00e7in ihtiya\u00e7 duyduklar\u0131 hedeflenen beslenmedir.<br \/>\nEvcil hayvan mamalar\u0131m\u0131z\u0131 en kaliteli malzemelerle \u00fcretiyoruz. Bu malzemeler, safl\u0131k ve besin i\u00e7eri\u011fi i\u00e7in kat\u0131 gereksinimlerimizi kar\u015f\u0131lamal\u0131d\u0131r.<br \/>\nBar\u0131nak hayvanlar\u0131n\u0131n ya\u015famlar\u0131nda bir fark yaratabilirsiniz. Sat\u0131n ald\u0131\u011f\u0131n\u0131z her Hill&#8217;s PRESCRIPTION DIET evcil hayvan mamas\u0131yla, y\u0131lda 365 g\u00fcn, yani her g\u00fcn 100.000&#8217;den fazla evsiz evcil hayvan\u0131n beslenmesine yard\u0131mc\u0131 olursunuz. hillsfoodshelterlove.com adresinden daha fazla bilgi edinin.<br \/>\nHill&#8217;s PRESCRIPTION DIET k\u00f6pek mamas\u0131, k\u00f6pe\u011finizin benzersiz ihtiya\u00e7lar\u0131 i\u00e7in k\u00f6pe\u011finizin bay\u0131larak yiyece\u011fi \u00e7e\u015fitli kuru ve ya\u015f mama se\u00e7enekleri sunmaktad\u0131r.<br \/>\n\u0130\u00c7\u0130NDEK\u0130LER: Tah\u0131llar, et ve hayvan t\u00fcrevleri (tavuk 9%), bitkisel protein ekstrat\u0131, s\u0131v\u0131 ve kat\u0131 ya\u011flar, bitkisel orjinli t\u00fcrevler, tohumlar, mineraller, sebzeler (zencefil 1%), meyve, s\u00fct ve s\u00fct t\u00fcrevleri (hidrolize s\u00fct proteini 0,1%). Y\u00fcksek sindirilebilirli\u011fe sahip i\u00e7erikler: K\u0131r\u0131k pirin\u00e7, tavuk ve hindi unu, m\u0131s\u0131r gluteni unu, hayvansal ya\u011f, bal\u0131k ya\u011f\u0131.<br \/>\nKG BA\u015eINA KATKILAR:3b103 (Demir) 73,2mg, 3b202 (\u0130yodin) 1,8mg, 3b405 (Bak\u0131r) 7,2mg, 3b502 (Manganez) 7,6mg, 3b603 (\u00c7inko) 152mg, 3b801 (Selenyum) 0,2mg, do\u011fal antioksidan ile.<br \/>\nANAL\u0130T\u0130K B\u0130LE\u015eENLER: Protein 23,9%, Ya\u011f i\u00e7eri\u011fi 8,2%, Ham sel\u00fcloz 2,2%, Ham k\u00fcl 5,4%, Omega-3 ya\u011f asitleri 0,7%, Kalsiyum 0,81%, Fosfor 0,58%, Sodyum 0,41%, Potasyum 0,74%, Magnezyum 0,08%; kg ba\u015f\u0131na: A Vitamini 7.836IU, D3 Vitamini 721IU, E Vitamini 600mg, C Vitamini 100mg, Beta-karoten 1,5mg, Tripsin-hidrolize bovine kazein 1.052mg. BESLEME TAL\u0130MATI: Yaln\u0131zca \u00f6nerilen PRESCRIPTION DIET mama ile besleyin. Kullanmadan \u00f6nce veteriner hekiminizden evcil hayvan\u0131n\u0131z i\u00e7in \u00f6zel besleme talimatlar\u0131n\u0131 isteyin. B\u00fct\u00fcn besleme talimatlar\u0131 i\u00e7in l\u00fctfen ambalaja bak\u0131n. Mama miktar\u0131n\u0131 ideal kiloyu koruyacak \u015fekilde ayarlay\u0131n. Emin de\u011filseniz veteriner hekiminize sorun. Gram en do\u011fru \u00f6l\u00e7\u00fcm \u015feklidir; bardaklar gram cinsinden tahmin edilir. Bu mamay\u0131 ilk defa m\u0131 kullan\u0131yorsunuz? 7 g\u00fcnl\u00fck bir s\u00fcre boyunca eski mama miktar\u0131n\u0131 bir kar\u0131\u015f\u0131m i\u00e7erisinde kademeli olarak azalt\u0131p yeni mamay\u0131 kademeli olarak art\u0131r\u0131n. Temiz ve taze suyu daima haz\u0131r bulundurun! Evcil hayvan\u0131n\u0131z\u0131n beslenme ihtiya\u00e7lar\u0131 ya\u015fland\u0131k\u00e7a de\u011fi\u015febilir. Her muayenede veteriner hekiminize sorun.<\/p>","protected":false},"featured_media":44391,"comment_status":"open","ping_status":"closed","template":"","meta":{"_acf_changed":false},"product_brand":[],"product_cat":[2456],"product_tag":[],"class_list":{"0":"post-45328","1":"product","2":"type-product","3":"status-publish","4":"has-post-thumbnail","6":"product_cat-receteli-diyet-kopek-mamalari","8":"first","9":"instock","10":"shipping-taxable","11":"product-type-simple"},"acf":[],"yoast_head":"<!-- This site is optimized with the Yoast SEO plugin v27.5 - https:\/\/yoast.com\/product\/yoast-seo-wordpress\/ -->\n<title>Hill&#039;s PD I\/D STRESS Mini Irk K\u00f6pek Mamas\u0131 1KG - Anadolu Pet Grup<\/title>\n<meta name=\"robots\" content=\"index, follow, max-snippet:-1, max-image-preview:large, max-video-preview:-1\" \/>\n<link rel=\"canonical\" href=\"https:\/\/anadolupet.com.tr\/en\/product\/hills-pd-i-d-stress-mini-irk-kopek-mamasi-1kg\/\" \/>\n<meta property=\"og:locale\" content=\"en_US\" \/>\n<meta property=\"og:type\" content=\"article\" \/>\n<meta property=\"og:title\" content=\"Hill&#039;s PD I\/D STRESS Mini Irk K\u00f6pek Mamas\u0131 1KG - Anadolu Pet Grup\" \/>\n<meta property=\"og:description\" content=\"L\u00fctfen unutmay\u0131n - ActivBiome+ teknolojisinin eklenmesinden \u00f6nce bu mamay\u0131 daha \u00f6nce kullanm\u0131\u015f olan m\u00fc\u015fteriler i\u00e7in evcil hayvan\u0131n\u0131z\u0131 7 g\u00fcnl\u00fck bir s\u00fcre i\u00e7inde y\u00fckseltilmi\u015f form\u00fcle ge\u00e7irmeniz \u00f6nerilir. Herhangi bir ek bilgi i\u00e7in l\u00fctfen veteriner hekiminize dan\u0131\u015f\u0131n. Hill&#039;s PRESCRIPTION DIET i\/d Stress Digestive Care dog food, 14 kg&#039;a kadar olan k\u00f6peklerde sindirim sistemi bozukluklar\u0131 da dahil olmak \u00fczere stresle ilgili davran\u0131\u015flar\u0131n y\u00f6netilmesine yard\u0131mc\u0131 olan klinik beslenmedir. K\u00f6pe\u011finizin strese ba\u011fl\u0131 sindirim sistemi rahats\u0131zl\u0131\u011f\u0131 d\u00f6nemlerinde ihtiya\u00e7 duydu\u011fu t\u00fcm besinleri sa\u011flayan ve uzun s\u00fcreli kullan\u0131labilen, kolay sindirilebilir bir k\u00f6pek mamas\u0131d\u0131r. Bu kuru k\u00f6pek mamas\u0131 tavukla yap\u0131l\u0131r ve k\u00f6pe\u011finizin sevece\u011fi lezzetli bir tada sahiptir. T\u0131pk\u0131 insanlar gibi, baz\u0131 k\u00f6pekler de genel sa\u011fl\u0131klar\u0131n\u0131 olumsuz y\u00f6nde etkileyebilecek stres ya\u015farlar. Stres, ba\u011f\u0131rsak mikrobiyomunun dengesizli\u011fine ve ba\u011f\u0131rsak hareketlili\u011finin artmas\u0131na neden olarak sindirim sistemi rahats\u0131zl\u0131\u011f\u0131na neden olabilir, bu da dahil olan herkes i\u00e7in tamamen tats\u0131z bir deneyimdir. Semptomlar\u0131 d\u00fczeldikten sonra bile k\u00f6pe\u011finizin sindirim sistemi sa\u011fl\u0131\u011f\u0131n\u0131 korumaya yard\u0131mc\u0131 olmak i\u00e7in PRESCRIPTION DIET i\/d Stress Digestive Care Dog Food ile beslemeye devam etmek \u00f6nemlidir. PRESCRIPTION DIET mamalar\u0131n\u0131n k\u00f6pe\u011finizin mutlu ve aktif bir ya\u015fam s\u00fcrmeye devam etmesine nas\u0131l yard\u0131mc\u0131 olabilece\u011fi hakk\u0131nda daha fazla bilgi almak i\u00e7in veteriner hekiminize dan\u0131\u015f\u0131n. Evcil hayvan\u0131n\u0131z\u0131n ya\u015fam\u0131n\u0131 de\u011fi\u015ftirmeye yard\u0131mc\u0131 olan harika bir lezzete sahip beslenme. Size ba\u011fl\u0131 olduklar\u0131 i\u00e7in, onlara m\u00fcmk\u00fcn olan en iyi mamay\u0131 sa\u011flamaya \u00e7al\u0131\u015f\u0131yoruz. PRESCRIPTION DIET k\u00f6pek mamas\u0131, k\u00f6pe\u011finizin benzersiz sa\u011fl\u0131k ihtiya\u00e7lar\u0131n\u0131 kar\u015f\u0131lamak i\u00e7in bilimi temel alan form\u00fclleriyle, uzun ve mutlu bir ya\u015fam s\u00fcrmeleri i\u00e7in ihtiya\u00e7 duyduklar\u0131 hedeflenen beslenmedir. Evcil hayvan mamalar\u0131m\u0131z\u0131 en kaliteli malzemelerle \u00fcretiyoruz. Bu malzemeler, safl\u0131k ve besin i\u00e7eri\u011fi i\u00e7in kat\u0131 gereksinimlerimizi kar\u015f\u0131lamal\u0131d\u0131r. Bar\u0131nak hayvanlar\u0131n\u0131n ya\u015famlar\u0131nda bir fark yaratabilirsiniz. Sat\u0131n ald\u0131\u011f\u0131n\u0131z her Hill&#039;s PRESCRIPTION DIET evcil hayvan mamas\u0131yla, y\u0131lda 365 g\u00fcn, yani her g\u00fcn 100.000&#039;den fazla evsiz evcil hayvan\u0131n beslenmesine yard\u0131mc\u0131 olursunuz. hillsfoodshelterlove.com adresinden daha fazla bilgi edinin. Hill&#039;s PRESCRIPTION DIET k\u00f6pek mamas\u0131, k\u00f6pe\u011finizin benzersiz ihtiya\u00e7lar\u0131 i\u00e7in k\u00f6pe\u011finizin bay\u0131larak yiyece\u011fi \u00e7e\u015fitli kuru ve ya\u015f mama se\u00e7enekleri sunmaktad\u0131r. \u0130\u00c7\u0130NDEK\u0130LER: Tah\u0131llar, et ve hayvan t\u00fcrevleri (tavuk 9%), bitkisel protein ekstrat\u0131, s\u0131v\u0131 ve kat\u0131 ya\u011flar, bitkisel orjinli t\u00fcrevler, tohumlar, mineraller, sebzeler (zencefil 1%), meyve, s\u00fct ve s\u00fct t\u00fcrevleri (hidrolize s\u00fct proteini 0,1%). Y\u00fcksek sindirilebilirli\u011fe sahip i\u00e7erikler: K\u0131r\u0131k pirin\u00e7, tavuk ve hindi unu, m\u0131s\u0131r gluteni unu, hayvansal ya\u011f, bal\u0131k ya\u011f\u0131. KG BA\u015eINA KATKILAR:3b103 (Demir) 73,2mg, 3b202 (\u0130yodin) 1,8mg, 3b405 (Bak\u0131r) 7,2mg, 3b502 (Manganez) 7,6mg, 3b603 (\u00c7inko) 152mg, 3b801 (Selenyum) 0,2mg, do\u011fal antioksidan ile. ANAL\u0130T\u0130K B\u0130LE\u015eENLER: Protein 23,9%, Ya\u011f i\u00e7eri\u011fi 8,2%, Ham sel\u00fcloz 2,2%, Ham k\u00fcl 5,4%, Omega-3 ya\u011f asitleri 0,7%, Kalsiyum 0,81%, Fosfor 0,58%, Sodyum 0,41%, Potasyum 0,74%, Magnezyum 0,08%; kg ba\u015f\u0131na: A Vitamini 7.836IU, D3 Vitamini 721IU, E Vitamini 600mg, C Vitamini 100mg, Beta-karoten 1,5mg, Tripsin-hidrolize bovine kazein 1.052mg. BESLEME TAL\u0130MATI: Yaln\u0131zca \u00f6nerilen PRESCRIPTION DIET mama ile besleyin. Kullanmadan \u00f6nce veteriner hekiminizden evcil hayvan\u0131n\u0131z i\u00e7in \u00f6zel besleme talimatlar\u0131n\u0131 isteyin. B\u00fct\u00fcn besleme talimatlar\u0131 i\u00e7in l\u00fctfen ambalaja bak\u0131n. Mama miktar\u0131n\u0131 ideal kiloyu koruyacak \u015fekilde ayarlay\u0131n. Emin de\u011filseniz veteriner hekiminize sorun. Gram en do\u011fru \u00f6l\u00e7\u00fcm \u015feklidir; bardaklar gram cinsinden tahmin edilir. Bu mamay\u0131 ilk defa m\u0131 kullan\u0131yorsunuz? 7 g\u00fcnl\u00fck bir s\u00fcre boyunca eski mama miktar\u0131n\u0131 bir kar\u0131\u015f\u0131m i\u00e7erisinde kademeli olarak azalt\u0131p yeni mamay\u0131 kademeli olarak art\u0131r\u0131n. Temiz ve taze suyu daima haz\u0131r bulundurun! Evcil hayvan\u0131n\u0131z\u0131n beslenme ihtiya\u00e7lar\u0131 ya\u015fland\u0131k\u00e7a de\u011fi\u015febilir. Her muayenede veteriner hekiminize sorun.\" \/>\n<meta property=\"og:url\" content=\"https:\/\/anadolupet.com.tr\/en\/product\/hills-pd-i-d-stress-mini-irk-kopek-mamasi-1kg\/\" \/>\n<meta property=\"og:site_name\" content=\"Anadolu Pet Grup\" \/>\n<meta property=\"article:modified_time\" content=\"2026-02-23T12:48:44+00:00\" \/>\n<meta property=\"og:image\" content=\"https:\/\/anadolupet.com.tr\/wp-content\/uploads\/2026\/02\/640-606379.jpg\" \/>\n\t<meta property=\"og:image:width\" content=\"750\" \/>\n\t<meta property=\"og:image:height\" content=\"750\" \/>\n\t<meta property=\"og:image:type\" content=\"image\/jpeg\" \/>\n<meta name=\"twitter:card\" content=\"summary_large_image\" \/>\n<script type=\"application\/ld+json\" class=\"yoast-schema-graph\">{\"@context\":\"https:\\\/\\\/schema.org\",\"@graph\":[{\"@type\":\"WebPage\",\"@id\":\"https:\\\/\\\/anadolupet.com.tr\\\/urun\\\/hills-pd-i-d-stress-mini-irk-kopek-mamasi-1kg\\\/\",\"url\":\"https:\\\/\\\/anadolupet.com.tr\\\/urun\\\/hills-pd-i-d-stress-mini-irk-kopek-mamasi-1kg\\\/\",\"name\":\"Hill's PD I\\\/D STRESS Mini Irk K\u00f6pek Mamas\u0131 1KG - Anadolu Pet Grup\",\"isPartOf\":{\"@id\":\"https:\\\/\\\/anadolupet.com.tr\\\/#website\"},\"primaryImageOfPage\":{\"@id\":\"https:\\\/\\\/anadolupet.com.tr\\\/urun\\\/hills-pd-i-d-stress-mini-irk-kopek-mamasi-1kg\\\/#primaryimage\"},\"image\":{\"@id\":\"https:\\\/\\\/anadolupet.com.tr\\\/urun\\\/hills-pd-i-d-stress-mini-irk-kopek-mamasi-1kg\\\/#primaryimage\"},\"thumbnailUrl\":\"https:\\\/\\\/anadolupet.com.tr\\\/wp-content\\\/uploads\\\/2026\\\/02\\\/640-606379.jpg\",\"datePublished\":\"2026-02-14T14:41:21+00:00\",\"dateModified\":\"2026-02-23T12:48:44+00:00\",\"breadcrumb\":{\"@id\":\"https:\\\/\\\/anadolupet.com.tr\\\/urun\\\/hills-pd-i-d-stress-mini-irk-kopek-mamasi-1kg\\\/#breadcrumb\"},\"inLanguage\":\"en-US\",\"potentialAction\":[{\"@type\":\"ReadAction\",\"target\":[\"https:\\\/\\\/anadolupet.com.tr\\\/urun\\\/hills-pd-i-d-stress-mini-irk-kopek-mamasi-1kg\\\/\"]}]},{\"@type\":\"ImageObject\",\"inLanguage\":\"en-US\",\"@id\":\"https:\\\/\\\/anadolupet.com.tr\\\/urun\\\/hills-pd-i-d-stress-mini-irk-kopek-mamasi-1kg\\\/#primaryimage\",\"url\":\"https:\\\/\\\/anadolupet.com.tr\\\/wp-content\\\/uploads\\\/2026\\\/02\\\/640-606379.jpg\",\"contentUrl\":\"https:\\\/\\\/anadolupet.com.tr\\\/wp-content\\\/uploads\\\/2026\\\/02\\\/640-606379.jpg\",\"width\":750,\"height\":750},{\"@type\":\"BreadcrumbList\",\"@id\":\"https:\\\/\\\/anadolupet.com.tr\\\/urun\\\/hills-pd-i-d-stress-mini-irk-kopek-mamasi-1kg\\\/#breadcrumb\",\"itemListElement\":[{\"@type\":\"ListItem\",\"position\":1,\"name\":\"Anasayfa\",\"item\":\"https:\\\/\\\/anadolupet.com.tr\\\/\"},{\"@type\":\"ListItem\",\"position\":2,\"name\":\"\u00dcr\u00fcnler\",\"item\":\"https:\\\/\\\/anadolupet.com.tr\\\/urunler\\\/\"},{\"@type\":\"ListItem\",\"position\":3,\"name\":\"Hill&#8217;s PD I\\\/D STRESS Mini Irk K\u00f6pek Mamas\u0131 1KG\"}]},{\"@type\":\"WebSite\",\"@id\":\"https:\\\/\\\/anadolupet.com.tr\\\/#website\",\"url\":\"https:\\\/\\\/anadolupet.com.tr\\\/\",\"name\":\"Anadolu Pet Grup\",\"description\":\"Her Can\u0131n \u0130yi Ya\u015fam\u0131 \u0130\u00e7in Biraraday\u0131z\",\"publisher\":{\"@id\":\"https:\\\/\\\/anadolupet.com.tr\\\/#organization\"},\"potentialAction\":[{\"@type\":\"SearchAction\",\"target\":{\"@type\":\"EntryPoint\",\"urlTemplate\":\"https:\\\/\\\/anadolupet.com.tr\\\/?s={search_term_string}\"},\"query-input\":{\"@type\":\"PropertyValueSpecification\",\"valueRequired\":true,\"valueName\":\"search_term_string\"}}],\"inLanguage\":\"en-US\"},{\"@type\":\"Organization\",\"@id\":\"https:\\\/\\\/anadolupet.com.tr\\\/#organization\",\"name\":\"Anadolu Pet Grup\",\"alternateName\":\"Anadolu Pet\",\"url\":\"https:\\\/\\\/anadolupet.com.tr\\\/\",\"logo\":{\"@type\":\"ImageObject\",\"inLanguage\":\"en-US\",\"@id\":\"https:\\\/\\\/anadolupet.com.tr\\\/#\\\/schema\\\/logo\\\/image\\\/\",\"url\":\"https:\\\/\\\/anadolupet.com.tr\\\/wp-content\\\/uploads\\\/2026\\\/03\\\/1614666743370.jpg\",\"contentUrl\":\"https:\\\/\\\/anadolupet.com.tr\\\/wp-content\\\/uploads\\\/2026\\\/03\\\/1614666743370.jpg\",\"width\":800,\"height\":571,\"caption\":\"Anadolu Pet Grup\"},\"image\":{\"@id\":\"https:\\\/\\\/anadolupet.com.tr\\\/#\\\/schema\\\/logo\\\/image\\\/\"}}]}<\/script>\n<!-- \/ Yoast SEO plugin. -->","yoast_head_json":{"title":"Hill's PD I\/D STRESS Mini Irk K\u00f6pek Mamas\u0131 1KG - Anadolu Pet Grup","robots":{"index":"index","follow":"follow","max-snippet":"max-snippet:-1","max-image-preview":"max-image-preview:large","max-video-preview":"max-video-preview:-1"},"canonical":"https:\/\/anadolupet.com.tr\/en\/product\/hills-pd-i-d-stress-mini-irk-kopek-mamasi-1kg\/","og_locale":"en_US","og_type":"article","og_title":"Hill's PD I\/D STRESS Mini Irk K\u00f6pek Mamas\u0131 1KG - Anadolu Pet Grup","og_description":"L\u00fctfen unutmay\u0131n - ActivBiome+ teknolojisinin eklenmesinden \u00f6nce bu mamay\u0131 daha \u00f6nce kullanm\u0131\u015f olan m\u00fc\u015fteriler i\u00e7in evcil hayvan\u0131n\u0131z\u0131 7 g\u00fcnl\u00fck bir s\u00fcre i\u00e7inde y\u00fckseltilmi\u015f form\u00fcle ge\u00e7irmeniz \u00f6nerilir. Herhangi bir ek bilgi i\u00e7in l\u00fctfen veteriner hekiminize dan\u0131\u015f\u0131n. Hill's PRESCRIPTION DIET i\/d Stress Digestive Care dog food, 14 kg'a kadar olan k\u00f6peklerde sindirim sistemi bozukluklar\u0131 da dahil olmak \u00fczere stresle ilgili davran\u0131\u015flar\u0131n y\u00f6netilmesine yard\u0131mc\u0131 olan klinik beslenmedir. K\u00f6pe\u011finizin strese ba\u011fl\u0131 sindirim sistemi rahats\u0131zl\u0131\u011f\u0131 d\u00f6nemlerinde ihtiya\u00e7 duydu\u011fu t\u00fcm besinleri sa\u011flayan ve uzun s\u00fcreli kullan\u0131labilen, kolay sindirilebilir bir k\u00f6pek mamas\u0131d\u0131r. Bu kuru k\u00f6pek mamas\u0131 tavukla yap\u0131l\u0131r ve k\u00f6pe\u011finizin sevece\u011fi lezzetli bir tada sahiptir. T\u0131pk\u0131 insanlar gibi, baz\u0131 k\u00f6pekler de genel sa\u011fl\u0131klar\u0131n\u0131 olumsuz y\u00f6nde etkileyebilecek stres ya\u015farlar. Stres, ba\u011f\u0131rsak mikrobiyomunun dengesizli\u011fine ve ba\u011f\u0131rsak hareketlili\u011finin artmas\u0131na neden olarak sindirim sistemi rahats\u0131zl\u0131\u011f\u0131na neden olabilir, bu da dahil olan herkes i\u00e7in tamamen tats\u0131z bir deneyimdir. Semptomlar\u0131 d\u00fczeldikten sonra bile k\u00f6pe\u011finizin sindirim sistemi sa\u011fl\u0131\u011f\u0131n\u0131 korumaya yard\u0131mc\u0131 olmak i\u00e7in PRESCRIPTION DIET i\/d Stress Digestive Care Dog Food ile beslemeye devam etmek \u00f6nemlidir. PRESCRIPTION DIET mamalar\u0131n\u0131n k\u00f6pe\u011finizin mutlu ve aktif bir ya\u015fam s\u00fcrmeye devam etmesine nas\u0131l yard\u0131mc\u0131 olabilece\u011fi hakk\u0131nda daha fazla bilgi almak i\u00e7in veteriner hekiminize dan\u0131\u015f\u0131n. Evcil hayvan\u0131n\u0131z\u0131n ya\u015fam\u0131n\u0131 de\u011fi\u015ftirmeye yard\u0131mc\u0131 olan harika bir lezzete sahip beslenme. Size ba\u011fl\u0131 olduklar\u0131 i\u00e7in, onlara m\u00fcmk\u00fcn olan en iyi mamay\u0131 sa\u011flamaya \u00e7al\u0131\u015f\u0131yoruz. PRESCRIPTION DIET k\u00f6pek mamas\u0131, k\u00f6pe\u011finizin benzersiz sa\u011fl\u0131k ihtiya\u00e7lar\u0131n\u0131 kar\u015f\u0131lamak i\u00e7in bilimi temel alan form\u00fclleriyle, uzun ve mutlu bir ya\u015fam s\u00fcrmeleri i\u00e7in ihtiya\u00e7 duyduklar\u0131 hedeflenen beslenmedir. Evcil hayvan mamalar\u0131m\u0131z\u0131 en kaliteli malzemelerle \u00fcretiyoruz. Bu malzemeler, safl\u0131k ve besin i\u00e7eri\u011fi i\u00e7in kat\u0131 gereksinimlerimizi kar\u015f\u0131lamal\u0131d\u0131r. Bar\u0131nak hayvanlar\u0131n\u0131n ya\u015famlar\u0131nda bir fark yaratabilirsiniz. Sat\u0131n ald\u0131\u011f\u0131n\u0131z her Hill's PRESCRIPTION DIET evcil hayvan mamas\u0131yla, y\u0131lda 365 g\u00fcn, yani her g\u00fcn 100.000'den fazla evsiz evcil hayvan\u0131n beslenmesine yard\u0131mc\u0131 olursunuz. hillsfoodshelterlove.com adresinden daha fazla bilgi edinin. Hill's PRESCRIPTION DIET k\u00f6pek mamas\u0131, k\u00f6pe\u011finizin benzersiz ihtiya\u00e7lar\u0131 i\u00e7in k\u00f6pe\u011finizin bay\u0131larak yiyece\u011fi \u00e7e\u015fitli kuru ve ya\u015f mama se\u00e7enekleri sunmaktad\u0131r. \u0130\u00c7\u0130NDEK\u0130LER: Tah\u0131llar, et ve hayvan t\u00fcrevleri (tavuk 9%), bitkisel protein ekstrat\u0131, s\u0131v\u0131 ve kat\u0131 ya\u011flar, bitkisel orjinli t\u00fcrevler, tohumlar, mineraller, sebzeler (zencefil 1%), meyve, s\u00fct ve s\u00fct t\u00fcrevleri (hidrolize s\u00fct proteini 0,1%). Y\u00fcksek sindirilebilirli\u011fe sahip i\u00e7erikler: K\u0131r\u0131k pirin\u00e7, tavuk ve hindi unu, m\u0131s\u0131r gluteni unu, hayvansal ya\u011f, bal\u0131k ya\u011f\u0131. KG BA\u015eINA KATKILAR:3b103 (Demir) 73,2mg, 3b202 (\u0130yodin) 1,8mg, 3b405 (Bak\u0131r) 7,2mg, 3b502 (Manganez) 7,6mg, 3b603 (\u00c7inko) 152mg, 3b801 (Selenyum) 0,2mg, do\u011fal antioksidan ile. ANAL\u0130T\u0130K B\u0130LE\u015eENLER: Protein 23,9%, Ya\u011f i\u00e7eri\u011fi 8,2%, Ham sel\u00fcloz 2,2%, Ham k\u00fcl 5,4%, Omega-3 ya\u011f asitleri 0,7%, Kalsiyum 0,81%, Fosfor 0,58%, Sodyum 0,41%, Potasyum 0,74%, Magnezyum 0,08%; kg ba\u015f\u0131na: A Vitamini 7.836IU, D3 Vitamini 721IU, E Vitamini 600mg, C Vitamini 100mg, Beta-karoten 1,5mg, Tripsin-hidrolize bovine kazein 1.052mg. BESLEME TAL\u0130MATI: Yaln\u0131zca \u00f6nerilen PRESCRIPTION DIET mama ile besleyin. Kullanmadan \u00f6nce veteriner hekiminizden evcil hayvan\u0131n\u0131z i\u00e7in \u00f6zel besleme talimatlar\u0131n\u0131 isteyin. B\u00fct\u00fcn besleme talimatlar\u0131 i\u00e7in l\u00fctfen ambalaja bak\u0131n. Mama miktar\u0131n\u0131 ideal kiloyu koruyacak \u015fekilde ayarlay\u0131n. Emin de\u011filseniz veteriner hekiminize sorun. Gram en do\u011fru \u00f6l\u00e7\u00fcm \u015feklidir; bardaklar gram cinsinden tahmin edilir. Bu mamay\u0131 ilk defa m\u0131 kullan\u0131yorsunuz? 7 g\u00fcnl\u00fck bir s\u00fcre boyunca eski mama miktar\u0131n\u0131 bir kar\u0131\u015f\u0131m i\u00e7erisinde kademeli olarak azalt\u0131p yeni mamay\u0131 kademeli olarak art\u0131r\u0131n. Temiz ve taze suyu daima haz\u0131r bulundurun! Evcil hayvan\u0131n\u0131z\u0131n beslenme ihtiya\u00e7lar\u0131 ya\u015fland\u0131k\u00e7a de\u011fi\u015febilir. Her muayenede veteriner hekiminize sorun.","og_url":"https:\/\/anadolupet.com.tr\/en\/product\/hills-pd-i-d-stress-mini-irk-kopek-mamasi-1kg\/","og_site_name":"Anadolu Pet Grup","article_modified_time":"2026-02-23T12:48:44+00:00","og_image":[{"width":750,"height":750,"url":"https:\/\/anadolupet.com.tr\/wp-content\/uploads\/2026\/02\/640-606379.jpg","type":"image\/jpeg"}],"twitter_card":"summary_large_image","schema":{"@context":"https:\/\/schema.org","@graph":[{"@type":"WebPage","@id":"https:\/\/anadolupet.com.tr\/urun\/hills-pd-i-d-stress-mini-irk-kopek-mamasi-1kg\/","url":"https:\/\/anadolupet.com.tr\/urun\/hills-pd-i-d-stress-mini-irk-kopek-mamasi-1kg\/","name":"Hill's PD I\/D STRESS Mini Irk K\u00f6pek Mamas\u0131 1KG - Anadolu Pet Grup","isPartOf":{"@id":"https:\/\/anadolupet.com.tr\/#website"},"primaryImageOfPage":{"@id":"https:\/\/anadolupet.com.tr\/urun\/hills-pd-i-d-stress-mini-irk-kopek-mamasi-1kg\/#primaryimage"},"image":{"@id":"https:\/\/anadolupet.com.tr\/urun\/hills-pd-i-d-stress-mini-irk-kopek-mamasi-1kg\/#primaryimage"},"thumbnailUrl":"https:\/\/anadolupet.com.tr\/wp-content\/uploads\/2026\/02\/640-606379.jpg","datePublished":"2026-02-14T14:41:21+00:00","dateModified":"2026-02-23T12:48:44+00:00","breadcrumb":{"@id":"https:\/\/anadolupet.com.tr\/urun\/hills-pd-i-d-stress-mini-irk-kopek-mamasi-1kg\/#breadcrumb"},"inLanguage":"en-US","potentialAction":[{"@type":"ReadAction","target":["https:\/\/anadolupet.com.tr\/urun\/hills-pd-i-d-stress-mini-irk-kopek-mamasi-1kg\/"]}]},{"@type":"ImageObject","inLanguage":"en-US","@id":"https:\/\/anadolupet.com.tr\/urun\/hills-pd-i-d-stress-mini-irk-kopek-mamasi-1kg\/#primaryimage","url":"https:\/\/anadolupet.com.tr\/wp-content\/uploads\/2026\/02\/640-606379.jpg","contentUrl":"https:\/\/anadolupet.com.tr\/wp-content\/uploads\/2026\/02\/640-606379.jpg","width":750,"height":750},{"@type":"BreadcrumbList","@id":"https:\/\/anadolupet.com.tr\/urun\/hills-pd-i-d-stress-mini-irk-kopek-mamasi-1kg\/#breadcrumb","itemListElement":[{"@type":"ListItem","position":1,"name":"Anasayfa","item":"https:\/\/anadolupet.com.tr\/"},{"@type":"ListItem","position":2,"name":"\u00dcr\u00fcnler","item":"https:\/\/anadolupet.com.tr\/urunler\/"},{"@type":"ListItem","position":3,"name":"Hill&#8217;s PD I\/D STRESS Mini Irk K\u00f6pek Mamas\u0131 1KG"}]},{"@type":"WebSite","@id":"https:\/\/anadolupet.com.tr\/#website","url":"https:\/\/anadolupet.com.tr\/","name":"Anadolu Pet Group","description":"We Stand Together for the Well-Being of Every Life","publisher":{"@id":"https:\/\/anadolupet.com.tr\/#organization"},"potentialAction":[{"@type":"SearchAction","target":{"@type":"EntryPoint","urlTemplate":"https:\/\/anadolupet.com.tr\/?s={search_term_string}"},"query-input":{"@type":"PropertyValueSpecification","valueRequired":true,"valueName":"search_term_string"}}],"inLanguage":"en-US"},{"@type":"Organization","@id":"https:\/\/anadolupet.com.tr\/#organization","name":"Anadolu Pet Group","alternateName":"Anadolu Pet","url":"https:\/\/anadolupet.com.tr\/","logo":{"@type":"ImageObject","inLanguage":"en-US","@id":"https:\/\/anadolupet.com.tr\/#\/schema\/logo\/image\/","url":"https:\/\/anadolupet.com.tr\/wp-content\/uploads\/2026\/03\/1614666743370.jpg","contentUrl":"https:\/\/anadolupet.com.tr\/wp-content\/uploads\/2026\/03\/1614666743370.jpg","width":800,"height":571,"caption":"Anadolu Pet Grup"},"image":{"@id":"https:\/\/anadolupet.com.tr\/#\/schema\/logo\/image\/"}}]}},"_links":{"self":[{"href":"https:\/\/anadolupet.com.tr\/en\/wp-json\/wp\/v2\/product\/45328","targetHints":{"allow":["GET"]}}],"collection":[{"href":"https:\/\/anadolupet.com.tr\/en\/wp-json\/wp\/v2\/product"}],"about":[{"href":"https:\/\/anadolupet.com.tr\/en\/wp-json\/wp\/v2\/types\/product"}],"replies":[{"embeddable":true,"href":"https:\/\/anadolupet.com.tr\/en\/wp-json\/wp\/v2\/comments?post=45328"}],"wp:featuredmedia":[{"embeddable":true,"href":"https:\/\/anadolupet.com.tr\/en\/wp-json\/wp\/v2\/media\/44391"}],"wp:attachment":[{"href":"https:\/\/anadolupet.com.tr\/en\/wp-json\/wp\/v2\/media?parent=45328"}],"wp:term":[{"taxonomy":"product_brand","embeddable":true,"href":"https:\/\/anadolupet.com.tr\/en\/wp-json\/wp\/v2\/product_brand?post=45328"},{"taxonomy":"product_cat","embeddable":true,"href":"https:\/\/anadolupet.com.tr\/en\/wp-json\/wp\/v2\/product_cat?post=45328"},{"taxonomy":"product_tag","embeddable":true,"href":"https:\/\/anadolupet.com.tr\/en\/wp-json\/wp\/v2\/product_tag?post=45328"}],"curies":[{"name":"wp","href":"https:\/\/api.w.org\/{rel}","templated":true}]}}