{"id":45332,"date":"2026-02-14T14:41:22","date_gmt":"2026-02-14T14:41:22","guid":{"rendered":"https:\/\/anadolupet.com.tr\/urun\/hills-pd-derm-complete-kopek-konservesi-12x370g\/"},"modified":"2026-02-23T12:48:44","modified_gmt":"2026-02-23T12:48:44","slug":"hills-pd-derm-complete-kopek-konservesi-12x370g","status":"publish","type":"product","link":"https:\/\/anadolupet.com.tr\/en\/urun\/hills-pd-derm-complete-kopek-konservesi-12x370g\/","title":{"rendered":"Hill&#8217;s PD DERM COMPLETE K\u00f6pek Konservesi 12x370G"},"content":{"rendered":"","protected":false},"excerpt":{"rendered":"<p>Hill&#8217;s PRESCRIPTION DIET Derm Complete Konserve K\u00f6pek Mamas\u0131 k\u00f6pe\u011finizin ihtiya\u00e7 duydu\u011fu t\u00fcm besinleri sa\u011flar ve uzun s\u00fcre kullan\u0131labilir. Prescription Diet mamalar\u0131m\u0131z\u0131n k\u00f6pe\u011finizin mutlu ve aktif bir ya\u015fam s\u00fcrmeye devam etmesine nas\u0131l yard\u0131mc\u0131 olabilece\u011fi hakk\u0131nda daha fazla bilgi i\u00e7in l\u00fctfen veteriner hekiminize dan\u0131\u015f\u0131n. Bu Islak Mama lezzetli malzemelerle yap\u0131l\u0131r ve k\u00f6peklerin bay\u0131laca\u011f\u0131 ve kar\u015f\u0131 koyamayaca\u011f\u0131 bir tada sahiptir.<br \/>\nNASIL \u00c7ALI\u015eIR?<br \/>\nTek kaynaktan al\u0131nan bozulmam\u0131\u015f hayvan proteini ile s\u0131n\u0131rl\u0131 i\u00e7erikli beslenme<br \/>\nHistaguard Complex i\u00e7eren, biyoaktif maddeler ve bitkisel g\u0131da maddeleri kompleksi<br \/>\nY\u00fcksek seviyelerde esansiyel ya\u011f asitleri<br \/>\nNASIL YARDIMCI OLUR?<br \/>\nDeri bariyerini g\u00fc\u00e7lendirmeye yard\u0131m eder<br \/>\nNegatif g\u0131da reaksiyonlar\u0131n\u0131 \u00f6nler<br \/>\nBa\u011f\u0131\u015f\u0131kl\u0131k sisteminin \u00e7evresel alerjenlere kar\u015f\u0131 tepkisini azaltt\u0131\u011f\u0131 ortaya koyulan beslenme<br \/>\n\u00c7evresel alerjilerle ili\u015fkili ka\u015f\u0131ma ve di\u011fer belirtileri y\u00f6netir ve deri iyile\u015fmesini destekler<br \/>\nS+OXSHIELD: Str\u00fcvit ve kalsiyum oksalat kristalleri olu\u015fma riskini azaltacak bir idrar ortam\u0131n\u0131 desteklemek amac\u0131yla form\u00fcle edilmi\u015ftir<br \/>\nHill&#8217;s PRESCRIPTION DIET Derm Complete Konserve K\u00f6pek Mamas\u0131 k\u00f6pe\u011finizin ihtiya\u00e7 duydu\u011fu t\u00fcm besinleri sa\u011flar ve uzun s\u00fcre kullan\u0131labilir. Prescription Diet mamalar\u0131m\u0131z\u0131n k\u00f6pe\u011finizin mutlu ve aktif bir ya\u015fam s\u00fcrmeye devam etmesine nas\u0131l yard\u0131mc\u0131 olabilece\u011fi hakk\u0131nda daha fazla bilgi i\u00e7in l\u00fctfen veteriner hekiminize dan\u0131\u015f\u0131n.<br \/>\n\u0130\u00c7\u0130NDEK\u0130LER: Tah\u0131llar, s\u0131v\u0131 ve kat\u0131 ya\u011flar, bitkisel protein ekstraktlar\u0131, yumurta ve yumurta yan \u00fcr\u00fcnleri, tohumlar, mineraller, et ve hayvansal yan \u00fcr\u00fcnler, bitkisel k\u00f6kenli yan \u00fcr\u00fcnler, sebzeler, meyveler. Karbonhidrat kayna\u011f\u0131: Pirin\u00e7. Protein kaynaklar\u0131: Pirin\u00e7 proteini konsantresi, kurutulmu\u015f b\u00fct\u00fcn yumurta.<br \/>\nVeterinerinizden evcil hayvan\u0131n\u0131z i\u00e7in \u00f6zel beslenme talimatlar\u0131 isteyin.<br \/>\nG\u00fcnl\u00fck Beslenme \u00d6nerileri sadece bir k\u0131lavuzdur ve ba\u015flang\u0131\u00e7 noktas\u0131n\u0131 ifade eder.<br \/>\nEn iyi sonu\u00e7lar i\u00e7in:<br \/>\n\u2013 Bu yeni mamaya 7 g\u00fcn veya daha uzun s\u00fcrede kademeli olarak ge\u00e7i\u015f yap\u0131n.<br \/>\n\u2013 Yaln\u0131zca \u00f6nerilen Prescription Diet kuru ve Islak Mamalarla besleyin.<br \/>\n\u2013 Temiz ve taze suyu daima haz\u0131r bulundurun.<br \/>\n\u2013 Veterinerinizin evcil hayvan\u0131n\u0131z\u0131n durumunu takip etmesini sa\u011flay\u0131n.<br \/>\n\u2013 Bo\u011fulmay\u0131 \u00f6nlemek i\u00e7in, mama ambalaj\u0131n\u0131 evcil hayvanlar\u0131n ve \u00e7ocuklar\u0131n eri\u015femeyece\u011fi yerlerde saklay\u0131n.<\/p>","protected":false},"featured_media":44419,"comment_status":"open","ping_status":"closed","template":"","meta":{"_acf_changed":false},"product_brand":[],"product_cat":[2456],"product_tag":[],"class_list":{"0":"post-45332","1":"product","2":"type-product","3":"status-publish","4":"has-post-thumbnail","6":"product_cat-receteli-diyet-kopek-mamalari","8":"first","9":"instock","10":"shipping-taxable","11":"product-type-simple"},"acf":[],"yoast_head":"<!-- This site is optimized with the Yoast SEO plugin v27.5 - https:\/\/yoast.com\/product\/yoast-seo-wordpress\/ -->\n<title>Hill&#039;s PD DERM COMPLETE K\u00f6pek Konservesi 12x370G - Anadolu Pet Grup<\/title>\n<meta name=\"robots\" content=\"index, follow, max-snippet:-1, max-image-preview:large, max-video-preview:-1\" \/>\n<link rel=\"canonical\" href=\"https:\/\/anadolupet.com.tr\/en\/product\/hills-pd-derm-complete-kopek-konservesi-12x370g\/\" \/>\n<meta property=\"og:locale\" content=\"en_US\" \/>\n<meta property=\"og:type\" content=\"article\" \/>\n<meta property=\"og:title\" content=\"Hill&#039;s PD DERM COMPLETE K\u00f6pek Konservesi 12x370G - Anadolu Pet Grup\" \/>\n<meta property=\"og:description\" content=\"Hill&#039;s PRESCRIPTION DIET Derm Complete Konserve K\u00f6pek Mamas\u0131 k\u00f6pe\u011finizin ihtiya\u00e7 duydu\u011fu t\u00fcm besinleri sa\u011flar ve uzun s\u00fcre kullan\u0131labilir. Prescription Diet mamalar\u0131m\u0131z\u0131n k\u00f6pe\u011finizin mutlu ve aktif bir ya\u015fam s\u00fcrmeye devam etmesine nas\u0131l yard\u0131mc\u0131 olabilece\u011fi hakk\u0131nda daha fazla bilgi i\u00e7in l\u00fctfen veteriner hekiminize dan\u0131\u015f\u0131n. Bu Islak Mama lezzetli malzemelerle yap\u0131l\u0131r ve k\u00f6peklerin bay\u0131laca\u011f\u0131 ve kar\u015f\u0131 koyamayaca\u011f\u0131 bir tada sahiptir. NASIL \u00c7ALI\u015eIR? Tek kaynaktan al\u0131nan bozulmam\u0131\u015f hayvan proteini ile s\u0131n\u0131rl\u0131 i\u00e7erikli beslenme Histaguard Complex i\u00e7eren, biyoaktif maddeler ve bitkisel g\u0131da maddeleri kompleksi Y\u00fcksek seviyelerde esansiyel ya\u011f asitleri NASIL YARDIMCI OLUR? Deri bariyerini g\u00fc\u00e7lendirmeye yard\u0131m eder Negatif g\u0131da reaksiyonlar\u0131n\u0131 \u00f6nler Ba\u011f\u0131\u015f\u0131kl\u0131k sisteminin \u00e7evresel alerjenlere kar\u015f\u0131 tepkisini azaltt\u0131\u011f\u0131 ortaya koyulan beslenme \u00c7evresel alerjilerle ili\u015fkili ka\u015f\u0131ma ve di\u011fer belirtileri y\u00f6netir ve deri iyile\u015fmesini destekler S+OXSHIELD: Str\u00fcvit ve kalsiyum oksalat kristalleri olu\u015fma riskini azaltacak bir idrar ortam\u0131n\u0131 desteklemek amac\u0131yla form\u00fcle edilmi\u015ftir Hill&#039;s PRESCRIPTION DIET Derm Complete Konserve K\u00f6pek Mamas\u0131 k\u00f6pe\u011finizin ihtiya\u00e7 duydu\u011fu t\u00fcm besinleri sa\u011flar ve uzun s\u00fcre kullan\u0131labilir. Prescription Diet mamalar\u0131m\u0131z\u0131n k\u00f6pe\u011finizin mutlu ve aktif bir ya\u015fam s\u00fcrmeye devam etmesine nas\u0131l yard\u0131mc\u0131 olabilece\u011fi hakk\u0131nda daha fazla bilgi i\u00e7in l\u00fctfen veteriner hekiminize dan\u0131\u015f\u0131n. \u0130\u00c7\u0130NDEK\u0130LER: Tah\u0131llar, s\u0131v\u0131 ve kat\u0131 ya\u011flar, bitkisel protein ekstraktlar\u0131, yumurta ve yumurta yan \u00fcr\u00fcnleri, tohumlar, mineraller, et ve hayvansal yan \u00fcr\u00fcnler, bitkisel k\u00f6kenli yan \u00fcr\u00fcnler, sebzeler, meyveler. Karbonhidrat kayna\u011f\u0131: Pirin\u00e7. Protein kaynaklar\u0131: Pirin\u00e7 proteini konsantresi, kurutulmu\u015f b\u00fct\u00fcn yumurta. Veterinerinizden evcil hayvan\u0131n\u0131z i\u00e7in \u00f6zel beslenme talimatlar\u0131 isteyin. G\u00fcnl\u00fck Beslenme \u00d6nerileri sadece bir k\u0131lavuzdur ve ba\u015flang\u0131\u00e7 noktas\u0131n\u0131 ifade eder. En iyi sonu\u00e7lar i\u00e7in: \u2013 Bu yeni mamaya 7 g\u00fcn veya daha uzun s\u00fcrede kademeli olarak ge\u00e7i\u015f yap\u0131n. \u2013 Yaln\u0131zca \u00f6nerilen Prescription Diet kuru ve Islak Mamalarla besleyin. \u2013 Temiz ve taze suyu daima haz\u0131r bulundurun. \u2013 Veterinerinizin evcil hayvan\u0131n\u0131z\u0131n durumunu takip etmesini sa\u011flay\u0131n. \u2013 Bo\u011fulmay\u0131 \u00f6nlemek i\u00e7in, mama ambalaj\u0131n\u0131 evcil hayvanlar\u0131n ve \u00e7ocuklar\u0131n eri\u015femeyece\u011fi yerlerde saklay\u0131n.\" \/>\n<meta property=\"og:url\" content=\"https:\/\/anadolupet.com.tr\/en\/product\/hills-pd-derm-complete-kopek-konservesi-12x370g\/\" \/>\n<meta property=\"og:site_name\" content=\"Anadolu Pet Grup\" \/>\n<meta property=\"article:modified_time\" content=\"2026-02-23T12:48:44+00:00\" \/>\n<meta property=\"og:image\" content=\"https:\/\/anadolupet.com.tr\/wp-content\/uploads\/2026\/02\/645-608529.jpg\" \/>\n\t<meta property=\"og:image:width\" content=\"750\" \/>\n\t<meta property=\"og:image:height\" content=\"750\" \/>\n\t<meta property=\"og:image:type\" content=\"image\/jpeg\" \/>\n<meta name=\"twitter:card\" content=\"summary_large_image\" \/>\n<script type=\"application\/ld+json\" class=\"yoast-schema-graph\">{\"@context\":\"https:\\\/\\\/schema.org\",\"@graph\":[{\"@type\":\"WebPage\",\"@id\":\"https:\\\/\\\/anadolupet.com.tr\\\/urun\\\/hills-pd-derm-complete-kopek-konservesi-12x370g\\\/\",\"url\":\"https:\\\/\\\/anadolupet.com.tr\\\/urun\\\/hills-pd-derm-complete-kopek-konservesi-12x370g\\\/\",\"name\":\"Hill's PD DERM COMPLETE K\u00f6pek Konservesi 12x370G - Anadolu Pet Grup\",\"isPartOf\":{\"@id\":\"https:\\\/\\\/anadolupet.com.tr\\\/#website\"},\"primaryImageOfPage\":{\"@id\":\"https:\\\/\\\/anadolupet.com.tr\\\/urun\\\/hills-pd-derm-complete-kopek-konservesi-12x370g\\\/#primaryimage\"},\"image\":{\"@id\":\"https:\\\/\\\/anadolupet.com.tr\\\/urun\\\/hills-pd-derm-complete-kopek-konservesi-12x370g\\\/#primaryimage\"},\"thumbnailUrl\":\"https:\\\/\\\/anadolupet.com.tr\\\/wp-content\\\/uploads\\\/2026\\\/02\\\/645-608529.jpg\",\"datePublished\":\"2026-02-14T14:41:22+00:00\",\"dateModified\":\"2026-02-23T12:48:44+00:00\",\"breadcrumb\":{\"@id\":\"https:\\\/\\\/anadolupet.com.tr\\\/urun\\\/hills-pd-derm-complete-kopek-konservesi-12x370g\\\/#breadcrumb\"},\"inLanguage\":\"en-US\",\"potentialAction\":[{\"@type\":\"ReadAction\",\"target\":[\"https:\\\/\\\/anadolupet.com.tr\\\/urun\\\/hills-pd-derm-complete-kopek-konservesi-12x370g\\\/\"]}]},{\"@type\":\"ImageObject\",\"inLanguage\":\"en-US\",\"@id\":\"https:\\\/\\\/anadolupet.com.tr\\\/urun\\\/hills-pd-derm-complete-kopek-konservesi-12x370g\\\/#primaryimage\",\"url\":\"https:\\\/\\\/anadolupet.com.tr\\\/wp-content\\\/uploads\\\/2026\\\/02\\\/645-608529.jpg\",\"contentUrl\":\"https:\\\/\\\/anadolupet.com.tr\\\/wp-content\\\/uploads\\\/2026\\\/02\\\/645-608529.jpg\",\"width\":750,\"height\":750},{\"@type\":\"BreadcrumbList\",\"@id\":\"https:\\\/\\\/anadolupet.com.tr\\\/urun\\\/hills-pd-derm-complete-kopek-konservesi-12x370g\\\/#breadcrumb\",\"itemListElement\":[{\"@type\":\"ListItem\",\"position\":1,\"name\":\"Anasayfa\",\"item\":\"https:\\\/\\\/anadolupet.com.tr\\\/\"},{\"@type\":\"ListItem\",\"position\":2,\"name\":\"\u00dcr\u00fcnler\",\"item\":\"https:\\\/\\\/anadolupet.com.tr\\\/urunler\\\/\"},{\"@type\":\"ListItem\",\"position\":3,\"name\":\"Hill&#8217;s PD DERM COMPLETE K\u00f6pek Konservesi 12x370G\"}]},{\"@type\":\"WebSite\",\"@id\":\"https:\\\/\\\/anadolupet.com.tr\\\/#website\",\"url\":\"https:\\\/\\\/anadolupet.com.tr\\\/\",\"name\":\"Anadolu Pet Grup\",\"description\":\"Her Can\u0131n \u0130yi Ya\u015fam\u0131 \u0130\u00e7in Biraraday\u0131z\",\"publisher\":{\"@id\":\"https:\\\/\\\/anadolupet.com.tr\\\/#organization\"},\"potentialAction\":[{\"@type\":\"SearchAction\",\"target\":{\"@type\":\"EntryPoint\",\"urlTemplate\":\"https:\\\/\\\/anadolupet.com.tr\\\/?s={search_term_string}\"},\"query-input\":{\"@type\":\"PropertyValueSpecification\",\"valueRequired\":true,\"valueName\":\"search_term_string\"}}],\"inLanguage\":\"en-US\"},{\"@type\":\"Organization\",\"@id\":\"https:\\\/\\\/anadolupet.com.tr\\\/#organization\",\"name\":\"Anadolu Pet Grup\",\"alternateName\":\"Anadolu Pet\",\"url\":\"https:\\\/\\\/anadolupet.com.tr\\\/\",\"logo\":{\"@type\":\"ImageObject\",\"inLanguage\":\"en-US\",\"@id\":\"https:\\\/\\\/anadolupet.com.tr\\\/#\\\/schema\\\/logo\\\/image\\\/\",\"url\":\"https:\\\/\\\/anadolupet.com.tr\\\/wp-content\\\/uploads\\\/2026\\\/03\\\/1614666743370.jpg\",\"contentUrl\":\"https:\\\/\\\/anadolupet.com.tr\\\/wp-content\\\/uploads\\\/2026\\\/03\\\/1614666743370.jpg\",\"width\":800,\"height\":571,\"caption\":\"Anadolu Pet Grup\"},\"image\":{\"@id\":\"https:\\\/\\\/anadolupet.com.tr\\\/#\\\/schema\\\/logo\\\/image\\\/\"}}]}<\/script>\n<!-- \/ Yoast SEO plugin. -->","yoast_head_json":{"title":"Hill's PD DERM COMPLETE K\u00f6pek Konservesi 12x370G - Anadolu Pet Grup","robots":{"index":"index","follow":"follow","max-snippet":"max-snippet:-1","max-image-preview":"max-image-preview:large","max-video-preview":"max-video-preview:-1"},"canonical":"https:\/\/anadolupet.com.tr\/en\/product\/hills-pd-derm-complete-kopek-konservesi-12x370g\/","og_locale":"en_US","og_type":"article","og_title":"Hill's PD DERM COMPLETE K\u00f6pek Konservesi 12x370G - Anadolu Pet Grup","og_description":"Hill's PRESCRIPTION DIET Derm Complete Konserve K\u00f6pek Mamas\u0131 k\u00f6pe\u011finizin ihtiya\u00e7 duydu\u011fu t\u00fcm besinleri sa\u011flar ve uzun s\u00fcre kullan\u0131labilir. Prescription Diet mamalar\u0131m\u0131z\u0131n k\u00f6pe\u011finizin mutlu ve aktif bir ya\u015fam s\u00fcrmeye devam etmesine nas\u0131l yard\u0131mc\u0131 olabilece\u011fi hakk\u0131nda daha fazla bilgi i\u00e7in l\u00fctfen veteriner hekiminize dan\u0131\u015f\u0131n. Bu Islak Mama lezzetli malzemelerle yap\u0131l\u0131r ve k\u00f6peklerin bay\u0131laca\u011f\u0131 ve kar\u015f\u0131 koyamayaca\u011f\u0131 bir tada sahiptir. NASIL \u00c7ALI\u015eIR? Tek kaynaktan al\u0131nan bozulmam\u0131\u015f hayvan proteini ile s\u0131n\u0131rl\u0131 i\u00e7erikli beslenme Histaguard Complex i\u00e7eren, biyoaktif maddeler ve bitkisel g\u0131da maddeleri kompleksi Y\u00fcksek seviyelerde esansiyel ya\u011f asitleri NASIL YARDIMCI OLUR? Deri bariyerini g\u00fc\u00e7lendirmeye yard\u0131m eder Negatif g\u0131da reaksiyonlar\u0131n\u0131 \u00f6nler Ba\u011f\u0131\u015f\u0131kl\u0131k sisteminin \u00e7evresel alerjenlere kar\u015f\u0131 tepkisini azaltt\u0131\u011f\u0131 ortaya koyulan beslenme \u00c7evresel alerjilerle ili\u015fkili ka\u015f\u0131ma ve di\u011fer belirtileri y\u00f6netir ve deri iyile\u015fmesini destekler S+OXSHIELD: Str\u00fcvit ve kalsiyum oksalat kristalleri olu\u015fma riskini azaltacak bir idrar ortam\u0131n\u0131 desteklemek amac\u0131yla form\u00fcle edilmi\u015ftir Hill's PRESCRIPTION DIET Derm Complete Konserve K\u00f6pek Mamas\u0131 k\u00f6pe\u011finizin ihtiya\u00e7 duydu\u011fu t\u00fcm besinleri sa\u011flar ve uzun s\u00fcre kullan\u0131labilir. Prescription Diet mamalar\u0131m\u0131z\u0131n k\u00f6pe\u011finizin mutlu ve aktif bir ya\u015fam s\u00fcrmeye devam etmesine nas\u0131l yard\u0131mc\u0131 olabilece\u011fi hakk\u0131nda daha fazla bilgi i\u00e7in l\u00fctfen veteriner hekiminize dan\u0131\u015f\u0131n. \u0130\u00c7\u0130NDEK\u0130LER: Tah\u0131llar, s\u0131v\u0131 ve kat\u0131 ya\u011flar, bitkisel protein ekstraktlar\u0131, yumurta ve yumurta yan \u00fcr\u00fcnleri, tohumlar, mineraller, et ve hayvansal yan \u00fcr\u00fcnler, bitkisel k\u00f6kenli yan \u00fcr\u00fcnler, sebzeler, meyveler. Karbonhidrat kayna\u011f\u0131: Pirin\u00e7. Protein kaynaklar\u0131: Pirin\u00e7 proteini konsantresi, kurutulmu\u015f b\u00fct\u00fcn yumurta. Veterinerinizden evcil hayvan\u0131n\u0131z i\u00e7in \u00f6zel beslenme talimatlar\u0131 isteyin. G\u00fcnl\u00fck Beslenme \u00d6nerileri sadece bir k\u0131lavuzdur ve ba\u015flang\u0131\u00e7 noktas\u0131n\u0131 ifade eder. En iyi sonu\u00e7lar i\u00e7in: \u2013 Bu yeni mamaya 7 g\u00fcn veya daha uzun s\u00fcrede kademeli olarak ge\u00e7i\u015f yap\u0131n. \u2013 Yaln\u0131zca \u00f6nerilen Prescription Diet kuru ve Islak Mamalarla besleyin. \u2013 Temiz ve taze suyu daima haz\u0131r bulundurun. \u2013 Veterinerinizin evcil hayvan\u0131n\u0131z\u0131n durumunu takip etmesini sa\u011flay\u0131n. \u2013 Bo\u011fulmay\u0131 \u00f6nlemek i\u00e7in, mama ambalaj\u0131n\u0131 evcil hayvanlar\u0131n ve \u00e7ocuklar\u0131n eri\u015femeyece\u011fi yerlerde saklay\u0131n.","og_url":"https:\/\/anadolupet.com.tr\/en\/product\/hills-pd-derm-complete-kopek-konservesi-12x370g\/","og_site_name":"Anadolu Pet Grup","article_modified_time":"2026-02-23T12:48:44+00:00","og_image":[{"width":750,"height":750,"url":"https:\/\/anadolupet.com.tr\/wp-content\/uploads\/2026\/02\/645-608529.jpg","type":"image\/jpeg"}],"twitter_card":"summary_large_image","schema":{"@context":"https:\/\/schema.org","@graph":[{"@type":"WebPage","@id":"https:\/\/anadolupet.com.tr\/urun\/hills-pd-derm-complete-kopek-konservesi-12x370g\/","url":"https:\/\/anadolupet.com.tr\/urun\/hills-pd-derm-complete-kopek-konservesi-12x370g\/","name":"Hill's PD DERM COMPLETE K\u00f6pek Konservesi 12x370G - Anadolu Pet Grup","isPartOf":{"@id":"https:\/\/anadolupet.com.tr\/#website"},"primaryImageOfPage":{"@id":"https:\/\/anadolupet.com.tr\/urun\/hills-pd-derm-complete-kopek-konservesi-12x370g\/#primaryimage"},"image":{"@id":"https:\/\/anadolupet.com.tr\/urun\/hills-pd-derm-complete-kopek-konservesi-12x370g\/#primaryimage"},"thumbnailUrl":"https:\/\/anadolupet.com.tr\/wp-content\/uploads\/2026\/02\/645-608529.jpg","datePublished":"2026-02-14T14:41:22+00:00","dateModified":"2026-02-23T12:48:44+00:00","breadcrumb":{"@id":"https:\/\/anadolupet.com.tr\/urun\/hills-pd-derm-complete-kopek-konservesi-12x370g\/#breadcrumb"},"inLanguage":"en-US","potentialAction":[{"@type":"ReadAction","target":["https:\/\/anadolupet.com.tr\/urun\/hills-pd-derm-complete-kopek-konservesi-12x370g\/"]}]},{"@type":"ImageObject","inLanguage":"en-US","@id":"https:\/\/anadolupet.com.tr\/urun\/hills-pd-derm-complete-kopek-konservesi-12x370g\/#primaryimage","url":"https:\/\/anadolupet.com.tr\/wp-content\/uploads\/2026\/02\/645-608529.jpg","contentUrl":"https:\/\/anadolupet.com.tr\/wp-content\/uploads\/2026\/02\/645-608529.jpg","width":750,"height":750},{"@type":"BreadcrumbList","@id":"https:\/\/anadolupet.com.tr\/urun\/hills-pd-derm-complete-kopek-konservesi-12x370g\/#breadcrumb","itemListElement":[{"@type":"ListItem","position":1,"name":"Anasayfa","item":"https:\/\/anadolupet.com.tr\/"},{"@type":"ListItem","position":2,"name":"\u00dcr\u00fcnler","item":"https:\/\/anadolupet.com.tr\/urunler\/"},{"@type":"ListItem","position":3,"name":"Hill&#8217;s PD DERM COMPLETE K\u00f6pek Konservesi 12x370G"}]},{"@type":"WebSite","@id":"https:\/\/anadolupet.com.tr\/#website","url":"https:\/\/anadolupet.com.tr\/","name":"Anadolu Pet Group","description":"We Stand Together for the Well-Being of Every Life","publisher":{"@id":"https:\/\/anadolupet.com.tr\/#organization"},"potentialAction":[{"@type":"SearchAction","target":{"@type":"EntryPoint","urlTemplate":"https:\/\/anadolupet.com.tr\/?s={search_term_string}"},"query-input":{"@type":"PropertyValueSpecification","valueRequired":true,"valueName":"search_term_string"}}],"inLanguage":"en-US"},{"@type":"Organization","@id":"https:\/\/anadolupet.com.tr\/#organization","name":"Anadolu Pet Group","alternateName":"Anadolu Pet","url":"https:\/\/anadolupet.com.tr\/","logo":{"@type":"ImageObject","inLanguage":"en-US","@id":"https:\/\/anadolupet.com.tr\/#\/schema\/logo\/image\/","url":"https:\/\/anadolupet.com.tr\/wp-content\/uploads\/2026\/03\/1614666743370.jpg","contentUrl":"https:\/\/anadolupet.com.tr\/wp-content\/uploads\/2026\/03\/1614666743370.jpg","width":800,"height":571,"caption":"Anadolu Pet Grup"},"image":{"@id":"https:\/\/anadolupet.com.tr\/#\/schema\/logo\/image\/"}}]}},"_links":{"self":[{"href":"https:\/\/anadolupet.com.tr\/en\/wp-json\/wp\/v2\/product\/45332","targetHints":{"allow":["GET"]}}],"collection":[{"href":"https:\/\/anadolupet.com.tr\/en\/wp-json\/wp\/v2\/product"}],"about":[{"href":"https:\/\/anadolupet.com.tr\/en\/wp-json\/wp\/v2\/types\/product"}],"replies":[{"embeddable":true,"href":"https:\/\/anadolupet.com.tr\/en\/wp-json\/wp\/v2\/comments?post=45332"}],"wp:featuredmedia":[{"embeddable":true,"href":"https:\/\/anadolupet.com.tr\/en\/wp-json\/wp\/v2\/media\/44419"}],"wp:attachment":[{"href":"https:\/\/anadolupet.com.tr\/en\/wp-json\/wp\/v2\/media?parent=45332"}],"wp:term":[{"taxonomy":"product_brand","embeddable":true,"href":"https:\/\/anadolupet.com.tr\/en\/wp-json\/wp\/v2\/product_brand?post=45332"},{"taxonomy":"product_cat","embeddable":true,"href":"https:\/\/anadolupet.com.tr\/en\/wp-json\/wp\/v2\/product_cat?post=45332"},{"taxonomy":"product_tag","embeddable":true,"href":"https:\/\/anadolupet.com.tr\/en\/wp-json\/wp\/v2\/product_tag?post=45332"}],"curies":[{"name":"wp","href":"https:\/\/api.w.org\/{rel}","templated":true}]}}