{"id":45334,"date":"2026-02-14T14:41:22","date_gmt":"2026-02-14T14:41:22","guid":{"rendered":"https:\/\/anadolupet.com.tr\/urun\/hills-pd-derm-complete-mini-irk-kopek-mamasi-1-kg\/"},"modified":"2026-02-23T12:48:45","modified_gmt":"2026-02-23T12:48:45","slug":"hills-pd-derm-complete-mini-irk-kopek-mamasi-1-kg","status":"publish","type":"product","link":"https:\/\/anadolupet.com.tr\/en\/urun\/hills-pd-derm-complete-mini-irk-kopek-mamasi-1-kg\/","title":{"rendered":"Hill&#8217;s PD DERM COMPLETE Mini Irk K\u00f6pek Mamas\u0131 1 KG"},"content":{"rendered":"","protected":false},"excerpt":{"rendered":"<p>Hill&#8217;s PRESCRIPTION DIET Derm Complete Mini k\u00f6pek mamas\u0131, hem g\u0131da hem de \u00e7evresel alerjiler i\u00e7in klinik olarak kan\u0131tlanm\u0131\u015f tek mamad\u0131r. Bu deri k\u00f6pek mamas\u0131, k\u00f6peklerde hem g\u0131da hem de \u00e7evresel alerjiler i\u00e7in \u00fc\u00e7 klinik \u00e7al\u0131\u015fma taraf\u0131ndan desteklenen tek diyetetik beslenme \u00e7\u00f6z\u00fcm\u00fcd\u00fcr. K\u00f6peklerde alerjiyi, kuru deriyi, ka\u015f\u0131nt\u0131y\u0131 ve ka\u015f\u0131nmay\u0131 y\u00f6netmeye yard\u0131mc\u0131 olan s\u0131n\u0131rl\u0131 malzeme i\u00e7eri\u011fine sahip k\u00f6pek mamas\u0131d\u0131r. Bu kuru k\u00f6pek mamas\u0131 pirin\u00e7li ve yumurtal\u0131 olup, k\u00f6pe\u011finizin sevece\u011fi harika bir lezzete sahiptir.<br \/>\nSemptomlar\u0131 iyile\u015ftikten sonra bile k\u00f6pe\u011finizin deri sa\u011fl\u0131\u011f\u0131n\u0131 korumaya yard\u0131mc\u0131 olmak i\u00e7in PRESCRIPTION DIET Derm Complete Mini Environmenta Skin Sensitivities K\u00f6pek Mamas\u0131 ile beslemeye devam etmek \u00f6nemlidir. PRESCRIPTION DIET mamalar\u0131n evcil hayvan\u0131n\u0131z\u0131n mutlu ve aktif bir ya\u015fam s\u00fcrmesine nas\u0131l yard\u0131mc\u0131 olabilece\u011fi hakk\u0131nda daha fazla bilgi almak i\u00e7in veteriner hekiminize dan\u0131\u015f\u0131n.<br \/>\nEvcil hayvan\u0131n\u0131z\u0131n ya\u015fam\u0131n\u0131 de\u011fi\u015ftirmeye yard\u0131mc\u0131 olan harika ve lezzetli beslenme. Bilimi \u00f6n planda tutarak geli\u015ftirilen PRESCRIPTION DIET k\u00f6pek mamas\u0131 form\u00fcllerimiz, k\u00f6pe\u011finizin uzun ve mutlu bir ya\u015fam s\u00fcrebilmesi i\u00e7in gereksinim duydu\u011fu benzersiz sa\u011fl\u0131k ihtiya\u00e7lar\u0131n\u0131 kar\u015f\u0131lamaktad\u0131r.<br \/>\nEvcil hayvan mamalar\u0131m\u0131z\u0131 en kaliteli malzemelerden \u00fcretiyoruz. Bu malzemeler, besinsel i\u00e7erik ve safl\u0131k noktas\u0131nda en kat\u0131 gereksinimlerimizi kar\u015f\u0131lamak zorundad\u0131r.<br \/>\nHill\u2019s PRESCRIPTION DIET k\u00f6pek mamas\u0131n\u0131n, k\u00f6pe\u011finizin e\u015fsiz ihtiya\u00e7lar\u0131 i\u00e7in haz\u0131rlanm\u0131\u015f \u00e7e\u015fitli kuru mama se\u00e7enekleri ile k\u00f6pe\u011finizin bay\u0131larak yiyece\u011fi bir\u00e7ok farkl\u0131 aromas\u0131 bulunan ya\u015f mama se\u00e7enekleri mevcuttur.<br \/>\n\u0130\u00c7\u0130NDEK\u0130LER: Tah\u0131llar, s\u0131v\u0131 ve kat\u0131 ya\u011flar (bal\u0131k ya\u011f\u0131 %1,8), yumurta ve yumurta t\u00fcrevleri, et ve hayvansal t\u00fcrevler, bitkisel protein ekstratlar\u0131, tohumlar, mineraller, bitkisel k\u00f6kenli t\u00fcrevler, sebzeler, meyveler. Karbonhidrat kaynaklar\u0131: K\u0131r\u0131k pirin\u00e7, kahverengi pirin\u00e7. Protein kaynaklar\u0131: Kurutulmu\u015f b\u00fct\u00fcn yumurta, pirin\u00e7 proteini.<br \/>\nKG BA\u015eINA KATKI MADDELER\u0130: Besin katk\u0131 maddeleri: 3b103 (Demir) 77,5mg, 3b202 (\u0130yot) 1,9mg, 3b405 (Bak\u0131r) 7,6mg, 3b502 (Manganez) 8,0mg, 3b603 (\u00c7inko) 136mg, 3b801 (Selenyum) 0,2mg, do\u011fal anti-oksidan i\u00e7erir.<br \/>\nANAL\u0130T\u0130K B\u0130LE\u015eENLER: Protein %16,9, Ya\u011f %15,2, Ham sel\u00fcloz %1,4, Ham k\u00fcl %5,4, Linoleik asit %3,5, EPA+DHA %0,52, Omega-3 ya\u011f asitleri %1,7, Kalsiyum %0,68, Fosfor %0,57, Sodyum %0,31, Potasyum %0,84, Magnezyum %0,09; kg ba\u015f\u0131na: Vitamin A 8.211IU, Vitamin D3 693IU, Vitamin E 800mg, Vitamin C 100mg, Beta-karoten 1,5mg.<br \/>\nHill&#8217;s PRESCRIPTION DIET Derm Complete Mini Irk K\u00f6pek Mamas\u0131, dermatoz ve a\u015f\u0131r\u0131 t\u00fcy d\u00f6k\u00fclmesi durumlar\u0131nda deri fonksiyonunu desteklemek ve yeti\u015fkin k\u00f6peklerde i\u00e7erik ve besin intoleranslar\u0131n\u0131 azaltmak i\u00e7in eksiksiz bir diyetetik evcil hayvan mamas\u0131d\u0131r. Bu mama, y\u00fcksek seviyelerde linoleik asit (LA) ve bir miktar eikosapentaenoik asit (EPA) ve dokosaheksaenoik asit (DHA) ve ayr\u0131ca se\u00e7ilmi\u015f ve s\u0131n\u0131rl\u0131 miktarda protein ve karbonhidrat kayna\u011f\u0131 i\u00e7erir.<br \/>\nBESLEME TAL\u0130MATI: Yaln\u0131zca \u00f6nerilen PRESCRIPTION DIET mamas\u0131 ile besleyin. Kullanmadan \u00f6nce veteriner hekiminizden evcil hayvan\u0131n\u0131z i\u00e7in \u00f6zel besleme talimatlar\u0131n\u0131 isteyin. T\u00fcm besleme talimatlar\u0131 i\u00e7in l\u00fctfen pakete bak\u0131n. G\u00fcnl\u00fck Besleme \u00d6nerileri yaln\u0131zca bir rehber niteli\u011finde olup, sadece ba\u015flamak noktas\u0131n\u0131 ifade eder. Emin de\u011filseniz, veteriner hekiminize sorun. Taze ve temiz su her zaman mevcut olmal\u0131d\u0131r.<br \/>\nBu mamay\u0131 ilk defa m\u0131 kullan\u0131yorsunuz? Eski maman\u0131n miktar\u0131n\u0131 azaltt\u0131\u011f\u0131n\u0131z, yeni maman\u0131n ise miktar\u0131n\u0131 art\u0131rd\u0131\u011f\u0131n\u0131z bir kar\u0131\u015f\u0131m haz\u0131rlayarak kademeli bir \u015fekilde 7 g\u00fcn veya daha uzun s\u00fcrede tamamen yeni mamaya ge\u00e7i\u015f yap\u0131n\u0131z. Her zaman taze ve temiz su bulundurun! Evcil hayvan\u0131n\u0131z\u0131n beslenme ihtiya\u00e7lar\u0131 ya\u015fland\u0131k\u00e7a de\u011fi\u015febilir. Her kontrolde veteriner hekiminize sorun.<\/p>","protected":false},"featured_media":44395,"comment_status":"open","ping_status":"closed","template":"","meta":{"_acf_changed":false},"product_brand":[],"product_cat":[2456],"product_tag":[],"class_list":{"0":"post-45334","1":"product","2":"type-product","3":"status-publish","4":"has-post-thumbnail","6":"product_cat-receteli-diyet-kopek-mamalari","8":"first","9":"instock","10":"shipping-taxable","11":"product-type-simple"},"acf":[],"yoast_head":"<!-- This site is optimized with the Yoast SEO plugin v27.4 - https:\/\/yoast.com\/product\/yoast-seo-wordpress\/ -->\n<title>Hill&#039;s PD DERM COMPLETE Mini Irk K\u00f6pek Mamas\u0131 1 KG - Anadolu Pet Grup<\/title>\n<meta name=\"robots\" content=\"index, follow, max-snippet:-1, max-image-preview:large, max-video-preview:-1\" \/>\n<link rel=\"canonical\" href=\"https:\/\/anadolupet.com.tr\/en\/product\/hills-pd-derm-complete-mini-irk-kopek-mamasi-1-kg\/\" \/>\n<meta property=\"og:locale\" content=\"en_US\" \/>\n<meta property=\"og:type\" content=\"article\" \/>\n<meta property=\"og:title\" content=\"Hill&#039;s PD DERM COMPLETE Mini Irk K\u00f6pek Mamas\u0131 1 KG - Anadolu Pet Grup\" \/>\n<meta property=\"og:description\" content=\"Hill&#039;s PRESCRIPTION DIET Derm Complete Mini k\u00f6pek mamas\u0131, hem g\u0131da hem de \u00e7evresel alerjiler i\u00e7in klinik olarak kan\u0131tlanm\u0131\u015f tek mamad\u0131r. Bu deri k\u00f6pek mamas\u0131, k\u00f6peklerde hem g\u0131da hem de \u00e7evresel alerjiler i\u00e7in \u00fc\u00e7 klinik \u00e7al\u0131\u015fma taraf\u0131ndan desteklenen tek diyetetik beslenme \u00e7\u00f6z\u00fcm\u00fcd\u00fcr. K\u00f6peklerde alerjiyi, kuru deriyi, ka\u015f\u0131nt\u0131y\u0131 ve ka\u015f\u0131nmay\u0131 y\u00f6netmeye yard\u0131mc\u0131 olan s\u0131n\u0131rl\u0131 malzeme i\u00e7eri\u011fine sahip k\u00f6pek mamas\u0131d\u0131r. Bu kuru k\u00f6pek mamas\u0131 pirin\u00e7li ve yumurtal\u0131 olup, k\u00f6pe\u011finizin sevece\u011fi harika bir lezzete sahiptir. Semptomlar\u0131 iyile\u015ftikten sonra bile k\u00f6pe\u011finizin deri sa\u011fl\u0131\u011f\u0131n\u0131 korumaya yard\u0131mc\u0131 olmak i\u00e7in PRESCRIPTION DIET Derm Complete Mini Environmenta Skin Sensitivities K\u00f6pek Mamas\u0131 ile beslemeye devam etmek \u00f6nemlidir. PRESCRIPTION DIET mamalar\u0131n evcil hayvan\u0131n\u0131z\u0131n mutlu ve aktif bir ya\u015fam s\u00fcrmesine nas\u0131l yard\u0131mc\u0131 olabilece\u011fi hakk\u0131nda daha fazla bilgi almak i\u00e7in veteriner hekiminize dan\u0131\u015f\u0131n. Evcil hayvan\u0131n\u0131z\u0131n ya\u015fam\u0131n\u0131 de\u011fi\u015ftirmeye yard\u0131mc\u0131 olan harika ve lezzetli beslenme. Bilimi \u00f6n planda tutarak geli\u015ftirilen PRESCRIPTION DIET k\u00f6pek mamas\u0131 form\u00fcllerimiz, k\u00f6pe\u011finizin uzun ve mutlu bir ya\u015fam s\u00fcrebilmesi i\u00e7in gereksinim duydu\u011fu benzersiz sa\u011fl\u0131k ihtiya\u00e7lar\u0131n\u0131 kar\u015f\u0131lamaktad\u0131r. Evcil hayvan mamalar\u0131m\u0131z\u0131 en kaliteli malzemelerden \u00fcretiyoruz. Bu malzemeler, besinsel i\u00e7erik ve safl\u0131k noktas\u0131nda en kat\u0131 gereksinimlerimizi kar\u015f\u0131lamak zorundad\u0131r. Hill\u2019s PRESCRIPTION DIET k\u00f6pek mamas\u0131n\u0131n, k\u00f6pe\u011finizin e\u015fsiz ihtiya\u00e7lar\u0131 i\u00e7in haz\u0131rlanm\u0131\u015f \u00e7e\u015fitli kuru mama se\u00e7enekleri ile k\u00f6pe\u011finizin bay\u0131larak yiyece\u011fi bir\u00e7ok farkl\u0131 aromas\u0131 bulunan ya\u015f mama se\u00e7enekleri mevcuttur. \u0130\u00c7\u0130NDEK\u0130LER: Tah\u0131llar, s\u0131v\u0131 ve kat\u0131 ya\u011flar (bal\u0131k ya\u011f\u0131 %1,8), yumurta ve yumurta t\u00fcrevleri, et ve hayvansal t\u00fcrevler, bitkisel protein ekstratlar\u0131, tohumlar, mineraller, bitkisel k\u00f6kenli t\u00fcrevler, sebzeler, meyveler. Karbonhidrat kaynaklar\u0131: K\u0131r\u0131k pirin\u00e7, kahverengi pirin\u00e7. Protein kaynaklar\u0131: Kurutulmu\u015f b\u00fct\u00fcn yumurta, pirin\u00e7 proteini. KG BA\u015eINA KATKI MADDELER\u0130: Besin katk\u0131 maddeleri: 3b103 (Demir) 77,5mg, 3b202 (\u0130yot) 1,9mg, 3b405 (Bak\u0131r) 7,6mg, 3b502 (Manganez) 8,0mg, 3b603 (\u00c7inko) 136mg, 3b801 (Selenyum) 0,2mg, do\u011fal anti-oksidan i\u00e7erir. ANAL\u0130T\u0130K B\u0130LE\u015eENLER: Protein %16,9, Ya\u011f %15,2, Ham sel\u00fcloz %1,4, Ham k\u00fcl %5,4, Linoleik asit %3,5, EPA+DHA %0,52, Omega-3 ya\u011f asitleri %1,7, Kalsiyum %0,68, Fosfor %0,57, Sodyum %0,31, Potasyum %0,84, Magnezyum %0,09; kg ba\u015f\u0131na: Vitamin A 8.211IU, Vitamin D3 693IU, Vitamin E 800mg, Vitamin C 100mg, Beta-karoten 1,5mg. Hill&#039;s PRESCRIPTION DIET Derm Complete Mini Irk K\u00f6pek Mamas\u0131, dermatoz ve a\u015f\u0131r\u0131 t\u00fcy d\u00f6k\u00fclmesi durumlar\u0131nda deri fonksiyonunu desteklemek ve yeti\u015fkin k\u00f6peklerde i\u00e7erik ve besin intoleranslar\u0131n\u0131 azaltmak i\u00e7in eksiksiz bir diyetetik evcil hayvan mamas\u0131d\u0131r. Bu mama, y\u00fcksek seviyelerde linoleik asit (LA) ve bir miktar eikosapentaenoik asit (EPA) ve dokosaheksaenoik asit (DHA) ve ayr\u0131ca se\u00e7ilmi\u015f ve s\u0131n\u0131rl\u0131 miktarda protein ve karbonhidrat kayna\u011f\u0131 i\u00e7erir. BESLEME TAL\u0130MATI: Yaln\u0131zca \u00f6nerilen PRESCRIPTION DIET mamas\u0131 ile besleyin. Kullanmadan \u00f6nce veteriner hekiminizden evcil hayvan\u0131n\u0131z i\u00e7in \u00f6zel besleme talimatlar\u0131n\u0131 isteyin. T\u00fcm besleme talimatlar\u0131 i\u00e7in l\u00fctfen pakete bak\u0131n. G\u00fcnl\u00fck Besleme \u00d6nerileri yaln\u0131zca bir rehber niteli\u011finde olup, sadece ba\u015flamak noktas\u0131n\u0131 ifade eder. Emin de\u011filseniz, veteriner hekiminize sorun. Taze ve temiz su her zaman mevcut olmal\u0131d\u0131r. Bu mamay\u0131 ilk defa m\u0131 kullan\u0131yorsunuz? Eski maman\u0131n miktar\u0131n\u0131 azaltt\u0131\u011f\u0131n\u0131z, yeni maman\u0131n ise miktar\u0131n\u0131 art\u0131rd\u0131\u011f\u0131n\u0131z bir kar\u0131\u015f\u0131m haz\u0131rlayarak kademeli bir \u015fekilde 7 g\u00fcn veya daha uzun s\u00fcrede tamamen yeni mamaya ge\u00e7i\u015f yap\u0131n\u0131z. Her zaman taze ve temiz su bulundurun! Evcil hayvan\u0131n\u0131z\u0131n beslenme ihtiya\u00e7lar\u0131 ya\u015fland\u0131k\u00e7a de\u011fi\u015febilir. Her kontrolde veteriner hekiminize sorun.\" \/>\n<meta property=\"og:url\" content=\"https:\/\/anadolupet.com.tr\/en\/product\/hills-pd-derm-complete-mini-irk-kopek-mamasi-1-kg\/\" \/>\n<meta property=\"og:site_name\" content=\"Anadolu Pet Grup\" \/>\n<meta property=\"article:modified_time\" content=\"2026-02-23T12:48:45+00:00\" \/>\n<meta property=\"og:image\" content=\"https:\/\/anadolupet.com.tr\/wp-content\/uploads\/2026\/02\/640-606429.jpg\" \/>\n\t<meta property=\"og:image:width\" content=\"750\" \/>\n\t<meta property=\"og:image:height\" content=\"750\" \/>\n\t<meta property=\"og:image:type\" content=\"image\/jpeg\" \/>\n<meta name=\"twitter:card\" content=\"summary_large_image\" \/>\n<script type=\"application\/ld+json\" class=\"yoast-schema-graph\">{\"@context\":\"https:\\\/\\\/schema.org\",\"@graph\":[{\"@type\":\"WebPage\",\"@id\":\"https:\\\/\\\/anadolupet.com.tr\\\/urun\\\/hills-pd-derm-complete-mini-irk-kopek-mamasi-1-kg\\\/\",\"url\":\"https:\\\/\\\/anadolupet.com.tr\\\/urun\\\/hills-pd-derm-complete-mini-irk-kopek-mamasi-1-kg\\\/\",\"name\":\"Hill's PD DERM COMPLETE Mini Irk K\u00f6pek Mamas\u0131 1 KG - Anadolu Pet Grup\",\"isPartOf\":{\"@id\":\"https:\\\/\\\/anadolupet.com.tr\\\/#website\"},\"primaryImageOfPage\":{\"@id\":\"https:\\\/\\\/anadolupet.com.tr\\\/urun\\\/hills-pd-derm-complete-mini-irk-kopek-mamasi-1-kg\\\/#primaryimage\"},\"image\":{\"@id\":\"https:\\\/\\\/anadolupet.com.tr\\\/urun\\\/hills-pd-derm-complete-mini-irk-kopek-mamasi-1-kg\\\/#primaryimage\"},\"thumbnailUrl\":\"https:\\\/\\\/anadolupet.com.tr\\\/wp-content\\\/uploads\\\/2026\\\/02\\\/640-606429.jpg\",\"datePublished\":\"2026-02-14T14:41:22+00:00\",\"dateModified\":\"2026-02-23T12:48:45+00:00\",\"breadcrumb\":{\"@id\":\"https:\\\/\\\/anadolupet.com.tr\\\/urun\\\/hills-pd-derm-complete-mini-irk-kopek-mamasi-1-kg\\\/#breadcrumb\"},\"inLanguage\":\"en-US\",\"potentialAction\":[{\"@type\":\"ReadAction\",\"target\":[\"https:\\\/\\\/anadolupet.com.tr\\\/urun\\\/hills-pd-derm-complete-mini-irk-kopek-mamasi-1-kg\\\/\"]}]},{\"@type\":\"ImageObject\",\"inLanguage\":\"en-US\",\"@id\":\"https:\\\/\\\/anadolupet.com.tr\\\/urun\\\/hills-pd-derm-complete-mini-irk-kopek-mamasi-1-kg\\\/#primaryimage\",\"url\":\"https:\\\/\\\/anadolupet.com.tr\\\/wp-content\\\/uploads\\\/2026\\\/02\\\/640-606429.jpg\",\"contentUrl\":\"https:\\\/\\\/anadolupet.com.tr\\\/wp-content\\\/uploads\\\/2026\\\/02\\\/640-606429.jpg\",\"width\":750,\"height\":750},{\"@type\":\"BreadcrumbList\",\"@id\":\"https:\\\/\\\/anadolupet.com.tr\\\/urun\\\/hills-pd-derm-complete-mini-irk-kopek-mamasi-1-kg\\\/#breadcrumb\",\"itemListElement\":[{\"@type\":\"ListItem\",\"position\":1,\"name\":\"Anasayfa\",\"item\":\"https:\\\/\\\/anadolupet.com.tr\\\/\"},{\"@type\":\"ListItem\",\"position\":2,\"name\":\"\u00dcr\u00fcnler\",\"item\":\"https:\\\/\\\/anadolupet.com.tr\\\/urunler\\\/\"},{\"@type\":\"ListItem\",\"position\":3,\"name\":\"Hill&#8217;s PD DERM COMPLETE Mini Irk K\u00f6pek Mamas\u0131 1 KG\"}]},{\"@type\":\"WebSite\",\"@id\":\"https:\\\/\\\/anadolupet.com.tr\\\/#website\",\"url\":\"https:\\\/\\\/anadolupet.com.tr\\\/\",\"name\":\"Anadolu Pet Grup\",\"description\":\"Her Can\u0131n \u0130yi Ya\u015fam\u0131 \u0130\u00e7in Biraraday\u0131z\",\"publisher\":{\"@id\":\"https:\\\/\\\/anadolupet.com.tr\\\/#organization\"},\"potentialAction\":[{\"@type\":\"SearchAction\",\"target\":{\"@type\":\"EntryPoint\",\"urlTemplate\":\"https:\\\/\\\/anadolupet.com.tr\\\/?s={search_term_string}\"},\"query-input\":{\"@type\":\"PropertyValueSpecification\",\"valueRequired\":true,\"valueName\":\"search_term_string\"}}],\"inLanguage\":\"en-US\"},{\"@type\":\"Organization\",\"@id\":\"https:\\\/\\\/anadolupet.com.tr\\\/#organization\",\"name\":\"Anadolu Pet Grup\",\"alternateName\":\"Anadolu Pet\",\"url\":\"https:\\\/\\\/anadolupet.com.tr\\\/\",\"logo\":{\"@type\":\"ImageObject\",\"inLanguage\":\"en-US\",\"@id\":\"https:\\\/\\\/anadolupet.com.tr\\\/#\\\/schema\\\/logo\\\/image\\\/\",\"url\":\"https:\\\/\\\/anadolupet.com.tr\\\/wp-content\\\/uploads\\\/2026\\\/03\\\/1614666743370.jpg\",\"contentUrl\":\"https:\\\/\\\/anadolupet.com.tr\\\/wp-content\\\/uploads\\\/2026\\\/03\\\/1614666743370.jpg\",\"width\":800,\"height\":571,\"caption\":\"Anadolu Pet Grup\"},\"image\":{\"@id\":\"https:\\\/\\\/anadolupet.com.tr\\\/#\\\/schema\\\/logo\\\/image\\\/\"}}]}<\/script>\n<!-- \/ Yoast SEO plugin. -->","yoast_head_json":{"title":"Hill's PD DERM COMPLETE Mini Irk K\u00f6pek Mamas\u0131 1 KG - Anadolu Pet Grup","robots":{"index":"index","follow":"follow","max-snippet":"max-snippet:-1","max-image-preview":"max-image-preview:large","max-video-preview":"max-video-preview:-1"},"canonical":"https:\/\/anadolupet.com.tr\/en\/product\/hills-pd-derm-complete-mini-irk-kopek-mamasi-1-kg\/","og_locale":"en_US","og_type":"article","og_title":"Hill's PD DERM COMPLETE Mini Irk K\u00f6pek Mamas\u0131 1 KG - Anadolu Pet Grup","og_description":"Hill's PRESCRIPTION DIET Derm Complete Mini k\u00f6pek mamas\u0131, hem g\u0131da hem de \u00e7evresel alerjiler i\u00e7in klinik olarak kan\u0131tlanm\u0131\u015f tek mamad\u0131r. Bu deri k\u00f6pek mamas\u0131, k\u00f6peklerde hem g\u0131da hem de \u00e7evresel alerjiler i\u00e7in \u00fc\u00e7 klinik \u00e7al\u0131\u015fma taraf\u0131ndan desteklenen tek diyetetik beslenme \u00e7\u00f6z\u00fcm\u00fcd\u00fcr. K\u00f6peklerde alerjiyi, kuru deriyi, ka\u015f\u0131nt\u0131y\u0131 ve ka\u015f\u0131nmay\u0131 y\u00f6netmeye yard\u0131mc\u0131 olan s\u0131n\u0131rl\u0131 malzeme i\u00e7eri\u011fine sahip k\u00f6pek mamas\u0131d\u0131r. Bu kuru k\u00f6pek mamas\u0131 pirin\u00e7li ve yumurtal\u0131 olup, k\u00f6pe\u011finizin sevece\u011fi harika bir lezzete sahiptir. Semptomlar\u0131 iyile\u015ftikten sonra bile k\u00f6pe\u011finizin deri sa\u011fl\u0131\u011f\u0131n\u0131 korumaya yard\u0131mc\u0131 olmak i\u00e7in PRESCRIPTION DIET Derm Complete Mini Environmenta Skin Sensitivities K\u00f6pek Mamas\u0131 ile beslemeye devam etmek \u00f6nemlidir. PRESCRIPTION DIET mamalar\u0131n evcil hayvan\u0131n\u0131z\u0131n mutlu ve aktif bir ya\u015fam s\u00fcrmesine nas\u0131l yard\u0131mc\u0131 olabilece\u011fi hakk\u0131nda daha fazla bilgi almak i\u00e7in veteriner hekiminize dan\u0131\u015f\u0131n. Evcil hayvan\u0131n\u0131z\u0131n ya\u015fam\u0131n\u0131 de\u011fi\u015ftirmeye yard\u0131mc\u0131 olan harika ve lezzetli beslenme. Bilimi \u00f6n planda tutarak geli\u015ftirilen PRESCRIPTION DIET k\u00f6pek mamas\u0131 form\u00fcllerimiz, k\u00f6pe\u011finizin uzun ve mutlu bir ya\u015fam s\u00fcrebilmesi i\u00e7in gereksinim duydu\u011fu benzersiz sa\u011fl\u0131k ihtiya\u00e7lar\u0131n\u0131 kar\u015f\u0131lamaktad\u0131r. Evcil hayvan mamalar\u0131m\u0131z\u0131 en kaliteli malzemelerden \u00fcretiyoruz. Bu malzemeler, besinsel i\u00e7erik ve safl\u0131k noktas\u0131nda en kat\u0131 gereksinimlerimizi kar\u015f\u0131lamak zorundad\u0131r. Hill\u2019s PRESCRIPTION DIET k\u00f6pek mamas\u0131n\u0131n, k\u00f6pe\u011finizin e\u015fsiz ihtiya\u00e7lar\u0131 i\u00e7in haz\u0131rlanm\u0131\u015f \u00e7e\u015fitli kuru mama se\u00e7enekleri ile k\u00f6pe\u011finizin bay\u0131larak yiyece\u011fi bir\u00e7ok farkl\u0131 aromas\u0131 bulunan ya\u015f mama se\u00e7enekleri mevcuttur. \u0130\u00c7\u0130NDEK\u0130LER: Tah\u0131llar, s\u0131v\u0131 ve kat\u0131 ya\u011flar (bal\u0131k ya\u011f\u0131 %1,8), yumurta ve yumurta t\u00fcrevleri, et ve hayvansal t\u00fcrevler, bitkisel protein ekstratlar\u0131, tohumlar, mineraller, bitkisel k\u00f6kenli t\u00fcrevler, sebzeler, meyveler. Karbonhidrat kaynaklar\u0131: K\u0131r\u0131k pirin\u00e7, kahverengi pirin\u00e7. Protein kaynaklar\u0131: Kurutulmu\u015f b\u00fct\u00fcn yumurta, pirin\u00e7 proteini. KG BA\u015eINA KATKI MADDELER\u0130: Besin katk\u0131 maddeleri: 3b103 (Demir) 77,5mg, 3b202 (\u0130yot) 1,9mg, 3b405 (Bak\u0131r) 7,6mg, 3b502 (Manganez) 8,0mg, 3b603 (\u00c7inko) 136mg, 3b801 (Selenyum) 0,2mg, do\u011fal anti-oksidan i\u00e7erir. ANAL\u0130T\u0130K B\u0130LE\u015eENLER: Protein %16,9, Ya\u011f %15,2, Ham sel\u00fcloz %1,4, Ham k\u00fcl %5,4, Linoleik asit %3,5, EPA+DHA %0,52, Omega-3 ya\u011f asitleri %1,7, Kalsiyum %0,68, Fosfor %0,57, Sodyum %0,31, Potasyum %0,84, Magnezyum %0,09; kg ba\u015f\u0131na: Vitamin A 8.211IU, Vitamin D3 693IU, Vitamin E 800mg, Vitamin C 100mg, Beta-karoten 1,5mg. Hill's PRESCRIPTION DIET Derm Complete Mini Irk K\u00f6pek Mamas\u0131, dermatoz ve a\u015f\u0131r\u0131 t\u00fcy d\u00f6k\u00fclmesi durumlar\u0131nda deri fonksiyonunu desteklemek ve yeti\u015fkin k\u00f6peklerde i\u00e7erik ve besin intoleranslar\u0131n\u0131 azaltmak i\u00e7in eksiksiz bir diyetetik evcil hayvan mamas\u0131d\u0131r. Bu mama, y\u00fcksek seviyelerde linoleik asit (LA) ve bir miktar eikosapentaenoik asit (EPA) ve dokosaheksaenoik asit (DHA) ve ayr\u0131ca se\u00e7ilmi\u015f ve s\u0131n\u0131rl\u0131 miktarda protein ve karbonhidrat kayna\u011f\u0131 i\u00e7erir. BESLEME TAL\u0130MATI: Yaln\u0131zca \u00f6nerilen PRESCRIPTION DIET mamas\u0131 ile besleyin. Kullanmadan \u00f6nce veteriner hekiminizden evcil hayvan\u0131n\u0131z i\u00e7in \u00f6zel besleme talimatlar\u0131n\u0131 isteyin. T\u00fcm besleme talimatlar\u0131 i\u00e7in l\u00fctfen pakete bak\u0131n. G\u00fcnl\u00fck Besleme \u00d6nerileri yaln\u0131zca bir rehber niteli\u011finde olup, sadece ba\u015flamak noktas\u0131n\u0131 ifade eder. Emin de\u011filseniz, veteriner hekiminize sorun. Taze ve temiz su her zaman mevcut olmal\u0131d\u0131r. Bu mamay\u0131 ilk defa m\u0131 kullan\u0131yorsunuz? Eski maman\u0131n miktar\u0131n\u0131 azaltt\u0131\u011f\u0131n\u0131z, yeni maman\u0131n ise miktar\u0131n\u0131 art\u0131rd\u0131\u011f\u0131n\u0131z bir kar\u0131\u015f\u0131m haz\u0131rlayarak kademeli bir \u015fekilde 7 g\u00fcn veya daha uzun s\u00fcrede tamamen yeni mamaya ge\u00e7i\u015f yap\u0131n\u0131z. Her zaman taze ve temiz su bulundurun! Evcil hayvan\u0131n\u0131z\u0131n beslenme ihtiya\u00e7lar\u0131 ya\u015fland\u0131k\u00e7a de\u011fi\u015febilir. Her kontrolde veteriner hekiminize sorun.","og_url":"https:\/\/anadolupet.com.tr\/en\/product\/hills-pd-derm-complete-mini-irk-kopek-mamasi-1-kg\/","og_site_name":"Anadolu Pet Grup","article_modified_time":"2026-02-23T12:48:45+00:00","og_image":[{"width":750,"height":750,"url":"https:\/\/anadolupet.com.tr\/wp-content\/uploads\/2026\/02\/640-606429.jpg","type":"image\/jpeg"}],"twitter_card":"summary_large_image","schema":{"@context":"https:\/\/schema.org","@graph":[{"@type":"WebPage","@id":"https:\/\/anadolupet.com.tr\/urun\/hills-pd-derm-complete-mini-irk-kopek-mamasi-1-kg\/","url":"https:\/\/anadolupet.com.tr\/urun\/hills-pd-derm-complete-mini-irk-kopek-mamasi-1-kg\/","name":"Hill's PD DERM COMPLETE Mini Irk K\u00f6pek Mamas\u0131 1 KG - Anadolu Pet Grup","isPartOf":{"@id":"https:\/\/anadolupet.com.tr\/#website"},"primaryImageOfPage":{"@id":"https:\/\/anadolupet.com.tr\/urun\/hills-pd-derm-complete-mini-irk-kopek-mamasi-1-kg\/#primaryimage"},"image":{"@id":"https:\/\/anadolupet.com.tr\/urun\/hills-pd-derm-complete-mini-irk-kopek-mamasi-1-kg\/#primaryimage"},"thumbnailUrl":"https:\/\/anadolupet.com.tr\/wp-content\/uploads\/2026\/02\/640-606429.jpg","datePublished":"2026-02-14T14:41:22+00:00","dateModified":"2026-02-23T12:48:45+00:00","breadcrumb":{"@id":"https:\/\/anadolupet.com.tr\/urun\/hills-pd-derm-complete-mini-irk-kopek-mamasi-1-kg\/#breadcrumb"},"inLanguage":"en-US","potentialAction":[{"@type":"ReadAction","target":["https:\/\/anadolupet.com.tr\/urun\/hills-pd-derm-complete-mini-irk-kopek-mamasi-1-kg\/"]}]},{"@type":"ImageObject","inLanguage":"en-US","@id":"https:\/\/anadolupet.com.tr\/urun\/hills-pd-derm-complete-mini-irk-kopek-mamasi-1-kg\/#primaryimage","url":"https:\/\/anadolupet.com.tr\/wp-content\/uploads\/2026\/02\/640-606429.jpg","contentUrl":"https:\/\/anadolupet.com.tr\/wp-content\/uploads\/2026\/02\/640-606429.jpg","width":750,"height":750},{"@type":"BreadcrumbList","@id":"https:\/\/anadolupet.com.tr\/urun\/hills-pd-derm-complete-mini-irk-kopek-mamasi-1-kg\/#breadcrumb","itemListElement":[{"@type":"ListItem","position":1,"name":"Anasayfa","item":"https:\/\/anadolupet.com.tr\/"},{"@type":"ListItem","position":2,"name":"\u00dcr\u00fcnler","item":"https:\/\/anadolupet.com.tr\/urunler\/"},{"@type":"ListItem","position":3,"name":"Hill&#8217;s PD DERM COMPLETE Mini Irk K\u00f6pek Mamas\u0131 1 KG"}]},{"@type":"WebSite","@id":"https:\/\/anadolupet.com.tr\/#website","url":"https:\/\/anadolupet.com.tr\/","name":"Anadolu Pet Group","description":"We Stand Together for the Well-Being of Every Life","publisher":{"@id":"https:\/\/anadolupet.com.tr\/#organization"},"potentialAction":[{"@type":"SearchAction","target":{"@type":"EntryPoint","urlTemplate":"https:\/\/anadolupet.com.tr\/?s={search_term_string}"},"query-input":{"@type":"PropertyValueSpecification","valueRequired":true,"valueName":"search_term_string"}}],"inLanguage":"en-US"},{"@type":"Organization","@id":"https:\/\/anadolupet.com.tr\/#organization","name":"Anadolu Pet Group","alternateName":"Anadolu Pet","url":"https:\/\/anadolupet.com.tr\/","logo":{"@type":"ImageObject","inLanguage":"en-US","@id":"https:\/\/anadolupet.com.tr\/#\/schema\/logo\/image\/","url":"https:\/\/anadolupet.com.tr\/wp-content\/uploads\/2026\/03\/1614666743370.jpg","contentUrl":"https:\/\/anadolupet.com.tr\/wp-content\/uploads\/2026\/03\/1614666743370.jpg","width":800,"height":571,"caption":"Anadolu Pet Grup"},"image":{"@id":"https:\/\/anadolupet.com.tr\/#\/schema\/logo\/image\/"}}]}},"_links":{"self":[{"href":"https:\/\/anadolupet.com.tr\/en\/wp-json\/wp\/v2\/product\/45334","targetHints":{"allow":["GET"]}}],"collection":[{"href":"https:\/\/anadolupet.com.tr\/en\/wp-json\/wp\/v2\/product"}],"about":[{"href":"https:\/\/anadolupet.com.tr\/en\/wp-json\/wp\/v2\/types\/product"}],"replies":[{"embeddable":true,"href":"https:\/\/anadolupet.com.tr\/en\/wp-json\/wp\/v2\/comments?post=45334"}],"wp:featuredmedia":[{"embeddable":true,"href":"https:\/\/anadolupet.com.tr\/en\/wp-json\/wp\/v2\/media\/44395"}],"wp:attachment":[{"href":"https:\/\/anadolupet.com.tr\/en\/wp-json\/wp\/v2\/media?parent=45334"}],"wp:term":[{"taxonomy":"product_brand","embeddable":true,"href":"https:\/\/anadolupet.com.tr\/en\/wp-json\/wp\/v2\/product_brand?post=45334"},{"taxonomy":"product_cat","embeddable":true,"href":"https:\/\/anadolupet.com.tr\/en\/wp-json\/wp\/v2\/product_cat?post=45334"},{"taxonomy":"product_tag","embeddable":true,"href":"https:\/\/anadolupet.com.tr\/en\/wp-json\/wp\/v2\/product_tag?post=45334"}],"curies":[{"name":"wp","href":"https:\/\/api.w.org\/{rel}","templated":true}]}}