{"id":45335,"date":"2026-02-14T14:41:23","date_gmt":"2026-02-14T14:41:23","guid":{"rendered":"https:\/\/anadolupet.com.tr\/urun\/hills-pd-derm-complete-yavru-kopek-mamasi-4kg\/"},"modified":"2026-02-23T12:48:45","modified_gmt":"2026-02-23T12:48:45","slug":"hills-pd-derm-complete-yavru-kopek-mamasi-4kg","status":"publish","type":"product","link":"https:\/\/anadolupet.com.tr\/en\/urun\/hills-pd-derm-complete-yavru-kopek-mamasi-4kg\/","title":{"rendered":"Hill&#8217;s PD DERM COMPLETE Yavru K\u00f6pek Mamas\u0131 4KG"},"content":{"rendered":"","protected":false},"excerpt":{"rendered":"<p>Hill&#8217;s Prescription Diet Derm Complete Yavru K\u00f6pek Mamas\u0131, g\u0131da ve \u00e7evresel alerjileri olan yavru k\u00f6peklere yard\u0131mc\u0131 olmak i\u00e7in \u00f6zel olarak form\u00fcle edilmi\u015ftir. Baz\u0131 k\u00f6pekler, \u00e7evrelerindeki polen, toz akarlar\u0131 ve k\u00fcf gibi maddelere kar\u015f\u0131 a\u015f\u0131r\u0131 hassasiyet ya\u015farlar. Daha seyrek olmakla birlikte, baz\u0131 k\u00f6pekler mamalar\u0131nda bulunan tavuk veya s\u0131\u011f\u0131r eti gibi protein kaynaklar\u0131na \u200b\u200breaksiyon g\u00f6sterebilir. Derm Complete Yavru K\u00f6pek Mamas\u0131, yavru k\u00f6pe\u011finizin hassasiyetlerini kontrol etmeye yard\u0131mc\u0131 olmak i\u00e7in yeni bir proteinin yan\u0131 s\u0131ra biyoaktifler ve bitkisel besinlerin patentli kar\u0131\u015f\u0131m\u0131 olan Histaguard Kompleksi ile form\u00fcle edilmi\u015ftir.<br \/>\n\u0130\u00c7\u0130NDEK\u0130LER: Tah\u0131llar, yumurta ve yumurta t\u00fcrevleri, bitkisel protein ekstraktlar\u0131, s\u0131v\u0131 ve kat\u0131 ya\u011flar, mineraller, et ve hayvansal t\u00fcrevler, tohumlar, bitkisel k\u00f6kenli t\u00fcrevler. Karbonhidrat kayna\u011f\u0131: K\u0131r\u0131k pirin\u00e7. Protein kaynaklar\u0131: kurutulmu\u015f b\u00fct\u00fcn yumurta, pirin\u00e7 protein konsantresi.<br \/>\nKG BA\u015eINA KATKI MADDELER\u0130: Besin katk\u0131 maddeleri: 3b103 (Demir) 93,0mg, 3b202 (\u0130yot) 4,1mg, 3b405 (Bak\u0131r) 10,9mg, 3b502 (Manganez) 9,6mg, 3b603 (\u00c7inko) 144mg, do\u011fal antioksidan.<br \/>\nANAL\u0130T\u0130K B\u0130LE\u015eENLER: Protein %23,4, Ya\u011f i\u00e7eri\u011fi %16,2, Ham sel\u00fcloz %1,3, Ham k\u00fcl %7,1, Omega-3 ya\u011f asitleri %1,8, Omega-6 ya\u011f asitleri %3,6, Linoleik asit %3,4, EPA+DHA %0,59, Kalsiyum %1,1, Fosfor %0,94, Sodyum %0,49, Potasyum %0,73, Magnezyum %0,10; kg ba\u015f\u0131na: Vitamin A 8.686IU, Vitamin D3 696IU, Vitamin E 820mg, Vitamin C 115mg, Beta-karoten 2,5mg.<br \/>\nHill&#8217;s PRESCRIPTION DIET Derm Complete Yavru K\u00f6pek Mamas\u0131, dermatoz ve a\u015f\u0131r\u0131 t\u00fcy d\u00f6k\u00fclmesi vakalar\u0131nda deri fonksiyonunu desteklemek ve yavru k\u00f6peklerde i\u00e7erik ve besin intoleranslar\u0131n\u0131 azaltmak i\u00e7in eksiksiz bir diyetetik evcil hayvan mamas\u0131d\u0131r. Bu mama, y\u00fcksek seviyelerde linoleik asit (LA) ve bir miktar eikosapentaenoik asit (EPA) ve dokosaheksaenoik asit (DHA) ve ayr\u0131ca se\u00e7ilmi\u015f ve s\u0131n\u0131rl\u0131 miktarda protein ve karbonhidrat kayna\u011f\u0131 i\u00e7erir.<br \/>\nBESLEME TAL\u0130MATI: Yaln\u0131zca \u00f6nerilen PRESCRIPTION DIET mamalarla besleyin. Kullan\u0131m \u00f6ncesinde veterinerinizden evcil hayvan\u0131n\u0131z i\u00e7in \u00f6zel beslenme talimatlar\u0131 isteyin. Komple besleme talimatlar\u0131 i\u00e7in l\u00fctfen ambalaja bak\u0131n. G\u00fcnl\u00fck Beslenme \u00d6nerileri sadece k\u0131lavuz niteli\u011findedir ve ba\u015flang\u0131\u00e7 noktas\u0131n\u0131 ifade eder. Emin olmak i\u00e7in veteriner hekiminize sorun. Temiz su daima mevcut olmal\u0131d\u0131r.<br \/>\nBu mama yeni mi? Eski mama miktar\u0131n\u0131 bir kar\u0131\u015f\u0131m i\u00e7erisinde 7 g\u00fcn veya daha uzun bir s\u00fcre boyunca kademeli olarak azalt\u0131p yeni mamay\u0131 bu s\u00fcrede kademeli olarak art\u0131r\u0131n. Temiz ve taze suyu daima haz\u0131r bulundurun! Evcil hayvan\u0131n\u0131z\u0131n beslenme ihtiya\u00e7lar\u0131 ya\u015fland\u0131k\u00e7a de\u011fi\u015febilir. Her muayenede veteriner hekiminize sorun.<\/p>","protected":false},"featured_media":44403,"comment_status":"open","ping_status":"closed","template":"","meta":{"_acf_changed":false},"product_brand":[],"product_cat":[2456],"product_tag":[],"class_list":{"0":"post-45335","1":"product","2":"type-product","3":"status-publish","4":"has-post-thumbnail","6":"product_cat-receteli-diyet-kopek-mamalari","8":"first","9":"instock","10":"shipping-taxable","11":"product-type-simple"},"acf":[],"yoast_head":"<!-- This site is optimized with the Yoast SEO plugin v27.5 - https:\/\/yoast.com\/product\/yoast-seo-wordpress\/ -->\n<title>Hill&#039;s PD DERM COMPLETE Yavru K\u00f6pek Mamas\u0131 4KG - Anadolu Pet Grup<\/title>\n<meta name=\"robots\" content=\"index, follow, max-snippet:-1, max-image-preview:large, max-video-preview:-1\" \/>\n<link rel=\"canonical\" href=\"https:\/\/anadolupet.com.tr\/en\/product\/hills-pd-derm-complete-yavru-kopek-mamasi-4kg\/\" \/>\n<meta property=\"og:locale\" content=\"en_US\" \/>\n<meta property=\"og:type\" content=\"article\" \/>\n<meta property=\"og:title\" content=\"Hill&#039;s PD DERM COMPLETE Yavru K\u00f6pek Mamas\u0131 4KG - Anadolu Pet Grup\" \/>\n<meta property=\"og:description\" content=\"Hill&#039;s Prescription Diet Derm Complete Yavru K\u00f6pek Mamas\u0131, g\u0131da ve \u00e7evresel alerjileri olan yavru k\u00f6peklere yard\u0131mc\u0131 olmak i\u00e7in \u00f6zel olarak form\u00fcle edilmi\u015ftir. Baz\u0131 k\u00f6pekler, \u00e7evrelerindeki polen, toz akarlar\u0131 ve k\u00fcf gibi maddelere kar\u015f\u0131 a\u015f\u0131r\u0131 hassasiyet ya\u015farlar. Daha seyrek olmakla birlikte, baz\u0131 k\u00f6pekler mamalar\u0131nda bulunan tavuk veya s\u0131\u011f\u0131r eti gibi protein kaynaklar\u0131na \u200b\u200breaksiyon g\u00f6sterebilir. Derm Complete Yavru K\u00f6pek Mamas\u0131, yavru k\u00f6pe\u011finizin hassasiyetlerini kontrol etmeye yard\u0131mc\u0131 olmak i\u00e7in yeni bir proteinin yan\u0131 s\u0131ra biyoaktifler ve bitkisel besinlerin patentli kar\u0131\u015f\u0131m\u0131 olan Histaguard Kompleksi ile form\u00fcle edilmi\u015ftir. \u0130\u00c7\u0130NDEK\u0130LER: Tah\u0131llar, yumurta ve yumurta t\u00fcrevleri, bitkisel protein ekstraktlar\u0131, s\u0131v\u0131 ve kat\u0131 ya\u011flar, mineraller, et ve hayvansal t\u00fcrevler, tohumlar, bitkisel k\u00f6kenli t\u00fcrevler. Karbonhidrat kayna\u011f\u0131: K\u0131r\u0131k pirin\u00e7. Protein kaynaklar\u0131: kurutulmu\u015f b\u00fct\u00fcn yumurta, pirin\u00e7 protein konsantresi. KG BA\u015eINA KATKI MADDELER\u0130: Besin katk\u0131 maddeleri: 3b103 (Demir) 93,0mg, 3b202 (\u0130yot) 4,1mg, 3b405 (Bak\u0131r) 10,9mg, 3b502 (Manganez) 9,6mg, 3b603 (\u00c7inko) 144mg, do\u011fal antioksidan. ANAL\u0130T\u0130K B\u0130LE\u015eENLER: Protein %23,4, Ya\u011f i\u00e7eri\u011fi %16,2, Ham sel\u00fcloz %1,3, Ham k\u00fcl %7,1, Omega-3 ya\u011f asitleri %1,8, Omega-6 ya\u011f asitleri %3,6, Linoleik asit %3,4, EPA+DHA %0,59, Kalsiyum %1,1, Fosfor %0,94, Sodyum %0,49, Potasyum %0,73, Magnezyum %0,10; kg ba\u015f\u0131na: Vitamin A 8.686IU, Vitamin D3 696IU, Vitamin E 820mg, Vitamin C 115mg, Beta-karoten 2,5mg. Hill&#039;s PRESCRIPTION DIET Derm Complete Yavru K\u00f6pek Mamas\u0131, dermatoz ve a\u015f\u0131r\u0131 t\u00fcy d\u00f6k\u00fclmesi vakalar\u0131nda deri fonksiyonunu desteklemek ve yavru k\u00f6peklerde i\u00e7erik ve besin intoleranslar\u0131n\u0131 azaltmak i\u00e7in eksiksiz bir diyetetik evcil hayvan mamas\u0131d\u0131r. Bu mama, y\u00fcksek seviyelerde linoleik asit (LA) ve bir miktar eikosapentaenoik asit (EPA) ve dokosaheksaenoik asit (DHA) ve ayr\u0131ca se\u00e7ilmi\u015f ve s\u0131n\u0131rl\u0131 miktarda protein ve karbonhidrat kayna\u011f\u0131 i\u00e7erir. BESLEME TAL\u0130MATI: Yaln\u0131zca \u00f6nerilen PRESCRIPTION DIET mamalarla besleyin. Kullan\u0131m \u00f6ncesinde veterinerinizden evcil hayvan\u0131n\u0131z i\u00e7in \u00f6zel beslenme talimatlar\u0131 isteyin. Komple besleme talimatlar\u0131 i\u00e7in l\u00fctfen ambalaja bak\u0131n. G\u00fcnl\u00fck Beslenme \u00d6nerileri sadece k\u0131lavuz niteli\u011findedir ve ba\u015flang\u0131\u00e7 noktas\u0131n\u0131 ifade eder. Emin olmak i\u00e7in veteriner hekiminize sorun. Temiz su daima mevcut olmal\u0131d\u0131r. Bu mama yeni mi? Eski mama miktar\u0131n\u0131 bir kar\u0131\u015f\u0131m i\u00e7erisinde 7 g\u00fcn veya daha uzun bir s\u00fcre boyunca kademeli olarak azalt\u0131p yeni mamay\u0131 bu s\u00fcrede kademeli olarak art\u0131r\u0131n. Temiz ve taze suyu daima haz\u0131r bulundurun! Evcil hayvan\u0131n\u0131z\u0131n beslenme ihtiya\u00e7lar\u0131 ya\u015fland\u0131k\u00e7a de\u011fi\u015febilir. Her muayenede veteriner hekiminize sorun.\" \/>\n<meta property=\"og:url\" content=\"https:\/\/anadolupet.com.tr\/en\/product\/hills-pd-derm-complete-yavru-kopek-mamasi-4kg\/\" \/>\n<meta property=\"og:site_name\" content=\"Anadolu Pet Grup\" \/>\n<meta property=\"article:modified_time\" content=\"2026-02-23T12:48:45+00:00\" \/>\n<meta property=\"og:image\" content=\"https:\/\/anadolupet.com.tr\/wp-content\/uploads\/2026\/02\/640-607780.jpg\" \/>\n\t<meta property=\"og:image:width\" content=\"750\" \/>\n\t<meta property=\"og:image:height\" content=\"750\" \/>\n\t<meta property=\"og:image:type\" content=\"image\/jpeg\" \/>\n<meta name=\"twitter:card\" content=\"summary_large_image\" \/>\n<script type=\"application\/ld+json\" class=\"yoast-schema-graph\">{\"@context\":\"https:\\\/\\\/schema.org\",\"@graph\":[{\"@type\":\"WebPage\",\"@id\":\"https:\\\/\\\/anadolupet.com.tr\\\/urun\\\/hills-pd-derm-complete-yavru-kopek-mamasi-4kg\\\/\",\"url\":\"https:\\\/\\\/anadolupet.com.tr\\\/urun\\\/hills-pd-derm-complete-yavru-kopek-mamasi-4kg\\\/\",\"name\":\"Hill's PD DERM COMPLETE Yavru K\u00f6pek Mamas\u0131 4KG - Anadolu Pet Grup\",\"isPartOf\":{\"@id\":\"https:\\\/\\\/anadolupet.com.tr\\\/#website\"},\"primaryImageOfPage\":{\"@id\":\"https:\\\/\\\/anadolupet.com.tr\\\/urun\\\/hills-pd-derm-complete-yavru-kopek-mamasi-4kg\\\/#primaryimage\"},\"image\":{\"@id\":\"https:\\\/\\\/anadolupet.com.tr\\\/urun\\\/hills-pd-derm-complete-yavru-kopek-mamasi-4kg\\\/#primaryimage\"},\"thumbnailUrl\":\"https:\\\/\\\/anadolupet.com.tr\\\/wp-content\\\/uploads\\\/2026\\\/02\\\/640-607780.jpg\",\"datePublished\":\"2026-02-14T14:41:23+00:00\",\"dateModified\":\"2026-02-23T12:48:45+00:00\",\"breadcrumb\":{\"@id\":\"https:\\\/\\\/anadolupet.com.tr\\\/urun\\\/hills-pd-derm-complete-yavru-kopek-mamasi-4kg\\\/#breadcrumb\"},\"inLanguage\":\"en-US\",\"potentialAction\":[{\"@type\":\"ReadAction\",\"target\":[\"https:\\\/\\\/anadolupet.com.tr\\\/urun\\\/hills-pd-derm-complete-yavru-kopek-mamasi-4kg\\\/\"]}]},{\"@type\":\"ImageObject\",\"inLanguage\":\"en-US\",\"@id\":\"https:\\\/\\\/anadolupet.com.tr\\\/urun\\\/hills-pd-derm-complete-yavru-kopek-mamasi-4kg\\\/#primaryimage\",\"url\":\"https:\\\/\\\/anadolupet.com.tr\\\/wp-content\\\/uploads\\\/2026\\\/02\\\/640-607780.jpg\",\"contentUrl\":\"https:\\\/\\\/anadolupet.com.tr\\\/wp-content\\\/uploads\\\/2026\\\/02\\\/640-607780.jpg\",\"width\":750,\"height\":750},{\"@type\":\"BreadcrumbList\",\"@id\":\"https:\\\/\\\/anadolupet.com.tr\\\/urun\\\/hills-pd-derm-complete-yavru-kopek-mamasi-4kg\\\/#breadcrumb\",\"itemListElement\":[{\"@type\":\"ListItem\",\"position\":1,\"name\":\"Anasayfa\",\"item\":\"https:\\\/\\\/anadolupet.com.tr\\\/\"},{\"@type\":\"ListItem\",\"position\":2,\"name\":\"\u00dcr\u00fcnler\",\"item\":\"https:\\\/\\\/anadolupet.com.tr\\\/urunler\\\/\"},{\"@type\":\"ListItem\",\"position\":3,\"name\":\"Hill&#8217;s PD DERM COMPLETE Yavru K\u00f6pek Mamas\u0131 4KG\"}]},{\"@type\":\"WebSite\",\"@id\":\"https:\\\/\\\/anadolupet.com.tr\\\/#website\",\"url\":\"https:\\\/\\\/anadolupet.com.tr\\\/\",\"name\":\"Anadolu Pet Grup\",\"description\":\"Her Can\u0131n \u0130yi Ya\u015fam\u0131 \u0130\u00e7in Biraraday\u0131z\",\"publisher\":{\"@id\":\"https:\\\/\\\/anadolupet.com.tr\\\/#organization\"},\"potentialAction\":[{\"@type\":\"SearchAction\",\"target\":{\"@type\":\"EntryPoint\",\"urlTemplate\":\"https:\\\/\\\/anadolupet.com.tr\\\/?s={search_term_string}\"},\"query-input\":{\"@type\":\"PropertyValueSpecification\",\"valueRequired\":true,\"valueName\":\"search_term_string\"}}],\"inLanguage\":\"en-US\"},{\"@type\":\"Organization\",\"@id\":\"https:\\\/\\\/anadolupet.com.tr\\\/#organization\",\"name\":\"Anadolu Pet Grup\",\"alternateName\":\"Anadolu Pet\",\"url\":\"https:\\\/\\\/anadolupet.com.tr\\\/\",\"logo\":{\"@type\":\"ImageObject\",\"inLanguage\":\"en-US\",\"@id\":\"https:\\\/\\\/anadolupet.com.tr\\\/#\\\/schema\\\/logo\\\/image\\\/\",\"url\":\"https:\\\/\\\/anadolupet.com.tr\\\/wp-content\\\/uploads\\\/2026\\\/03\\\/1614666743370.jpg\",\"contentUrl\":\"https:\\\/\\\/anadolupet.com.tr\\\/wp-content\\\/uploads\\\/2026\\\/03\\\/1614666743370.jpg\",\"width\":800,\"height\":571,\"caption\":\"Anadolu Pet Grup\"},\"image\":{\"@id\":\"https:\\\/\\\/anadolupet.com.tr\\\/#\\\/schema\\\/logo\\\/image\\\/\"}}]}<\/script>\n<!-- \/ Yoast SEO plugin. -->","yoast_head_json":{"title":"Hill's PD DERM COMPLETE Yavru K\u00f6pek Mamas\u0131 4KG - Anadolu Pet Grup","robots":{"index":"index","follow":"follow","max-snippet":"max-snippet:-1","max-image-preview":"max-image-preview:large","max-video-preview":"max-video-preview:-1"},"canonical":"https:\/\/anadolupet.com.tr\/en\/product\/hills-pd-derm-complete-yavru-kopek-mamasi-4kg\/","og_locale":"en_US","og_type":"article","og_title":"Hill's PD DERM COMPLETE Yavru K\u00f6pek Mamas\u0131 4KG - Anadolu Pet Grup","og_description":"Hill's Prescription Diet Derm Complete Yavru K\u00f6pek Mamas\u0131, g\u0131da ve \u00e7evresel alerjileri olan yavru k\u00f6peklere yard\u0131mc\u0131 olmak i\u00e7in \u00f6zel olarak form\u00fcle edilmi\u015ftir. Baz\u0131 k\u00f6pekler, \u00e7evrelerindeki polen, toz akarlar\u0131 ve k\u00fcf gibi maddelere kar\u015f\u0131 a\u015f\u0131r\u0131 hassasiyet ya\u015farlar. Daha seyrek olmakla birlikte, baz\u0131 k\u00f6pekler mamalar\u0131nda bulunan tavuk veya s\u0131\u011f\u0131r eti gibi protein kaynaklar\u0131na \u200b\u200breaksiyon g\u00f6sterebilir. Derm Complete Yavru K\u00f6pek Mamas\u0131, yavru k\u00f6pe\u011finizin hassasiyetlerini kontrol etmeye yard\u0131mc\u0131 olmak i\u00e7in yeni bir proteinin yan\u0131 s\u0131ra biyoaktifler ve bitkisel besinlerin patentli kar\u0131\u015f\u0131m\u0131 olan Histaguard Kompleksi ile form\u00fcle edilmi\u015ftir. \u0130\u00c7\u0130NDEK\u0130LER: Tah\u0131llar, yumurta ve yumurta t\u00fcrevleri, bitkisel protein ekstraktlar\u0131, s\u0131v\u0131 ve kat\u0131 ya\u011flar, mineraller, et ve hayvansal t\u00fcrevler, tohumlar, bitkisel k\u00f6kenli t\u00fcrevler. Karbonhidrat kayna\u011f\u0131: K\u0131r\u0131k pirin\u00e7. Protein kaynaklar\u0131: kurutulmu\u015f b\u00fct\u00fcn yumurta, pirin\u00e7 protein konsantresi. KG BA\u015eINA KATKI MADDELER\u0130: Besin katk\u0131 maddeleri: 3b103 (Demir) 93,0mg, 3b202 (\u0130yot) 4,1mg, 3b405 (Bak\u0131r) 10,9mg, 3b502 (Manganez) 9,6mg, 3b603 (\u00c7inko) 144mg, do\u011fal antioksidan. ANAL\u0130T\u0130K B\u0130LE\u015eENLER: Protein %23,4, Ya\u011f i\u00e7eri\u011fi %16,2, Ham sel\u00fcloz %1,3, Ham k\u00fcl %7,1, Omega-3 ya\u011f asitleri %1,8, Omega-6 ya\u011f asitleri %3,6, Linoleik asit %3,4, EPA+DHA %0,59, Kalsiyum %1,1, Fosfor %0,94, Sodyum %0,49, Potasyum %0,73, Magnezyum %0,10; kg ba\u015f\u0131na: Vitamin A 8.686IU, Vitamin D3 696IU, Vitamin E 820mg, Vitamin C 115mg, Beta-karoten 2,5mg. Hill's PRESCRIPTION DIET Derm Complete Yavru K\u00f6pek Mamas\u0131, dermatoz ve a\u015f\u0131r\u0131 t\u00fcy d\u00f6k\u00fclmesi vakalar\u0131nda deri fonksiyonunu desteklemek ve yavru k\u00f6peklerde i\u00e7erik ve besin intoleranslar\u0131n\u0131 azaltmak i\u00e7in eksiksiz bir diyetetik evcil hayvan mamas\u0131d\u0131r. Bu mama, y\u00fcksek seviyelerde linoleik asit (LA) ve bir miktar eikosapentaenoik asit (EPA) ve dokosaheksaenoik asit (DHA) ve ayr\u0131ca se\u00e7ilmi\u015f ve s\u0131n\u0131rl\u0131 miktarda protein ve karbonhidrat kayna\u011f\u0131 i\u00e7erir. BESLEME TAL\u0130MATI: Yaln\u0131zca \u00f6nerilen PRESCRIPTION DIET mamalarla besleyin. Kullan\u0131m \u00f6ncesinde veterinerinizden evcil hayvan\u0131n\u0131z i\u00e7in \u00f6zel beslenme talimatlar\u0131 isteyin. Komple besleme talimatlar\u0131 i\u00e7in l\u00fctfen ambalaja bak\u0131n. G\u00fcnl\u00fck Beslenme \u00d6nerileri sadece k\u0131lavuz niteli\u011findedir ve ba\u015flang\u0131\u00e7 noktas\u0131n\u0131 ifade eder. Emin olmak i\u00e7in veteriner hekiminize sorun. Temiz su daima mevcut olmal\u0131d\u0131r. Bu mama yeni mi? Eski mama miktar\u0131n\u0131 bir kar\u0131\u015f\u0131m i\u00e7erisinde 7 g\u00fcn veya daha uzun bir s\u00fcre boyunca kademeli olarak azalt\u0131p yeni mamay\u0131 bu s\u00fcrede kademeli olarak art\u0131r\u0131n. Temiz ve taze suyu daima haz\u0131r bulundurun! Evcil hayvan\u0131n\u0131z\u0131n beslenme ihtiya\u00e7lar\u0131 ya\u015fland\u0131k\u00e7a de\u011fi\u015febilir. Her muayenede veteriner hekiminize sorun.","og_url":"https:\/\/anadolupet.com.tr\/en\/product\/hills-pd-derm-complete-yavru-kopek-mamasi-4kg\/","og_site_name":"Anadolu Pet Grup","article_modified_time":"2026-02-23T12:48:45+00:00","og_image":[{"width":750,"height":750,"url":"https:\/\/anadolupet.com.tr\/wp-content\/uploads\/2026\/02\/640-607780.jpg","type":"image\/jpeg"}],"twitter_card":"summary_large_image","schema":{"@context":"https:\/\/schema.org","@graph":[{"@type":"WebPage","@id":"https:\/\/anadolupet.com.tr\/urun\/hills-pd-derm-complete-yavru-kopek-mamasi-4kg\/","url":"https:\/\/anadolupet.com.tr\/urun\/hills-pd-derm-complete-yavru-kopek-mamasi-4kg\/","name":"Hill's PD DERM COMPLETE Yavru K\u00f6pek Mamas\u0131 4KG - Anadolu Pet Grup","isPartOf":{"@id":"https:\/\/anadolupet.com.tr\/#website"},"primaryImageOfPage":{"@id":"https:\/\/anadolupet.com.tr\/urun\/hills-pd-derm-complete-yavru-kopek-mamasi-4kg\/#primaryimage"},"image":{"@id":"https:\/\/anadolupet.com.tr\/urun\/hills-pd-derm-complete-yavru-kopek-mamasi-4kg\/#primaryimage"},"thumbnailUrl":"https:\/\/anadolupet.com.tr\/wp-content\/uploads\/2026\/02\/640-607780.jpg","datePublished":"2026-02-14T14:41:23+00:00","dateModified":"2026-02-23T12:48:45+00:00","breadcrumb":{"@id":"https:\/\/anadolupet.com.tr\/urun\/hills-pd-derm-complete-yavru-kopek-mamasi-4kg\/#breadcrumb"},"inLanguage":"en-US","potentialAction":[{"@type":"ReadAction","target":["https:\/\/anadolupet.com.tr\/urun\/hills-pd-derm-complete-yavru-kopek-mamasi-4kg\/"]}]},{"@type":"ImageObject","inLanguage":"en-US","@id":"https:\/\/anadolupet.com.tr\/urun\/hills-pd-derm-complete-yavru-kopek-mamasi-4kg\/#primaryimage","url":"https:\/\/anadolupet.com.tr\/wp-content\/uploads\/2026\/02\/640-607780.jpg","contentUrl":"https:\/\/anadolupet.com.tr\/wp-content\/uploads\/2026\/02\/640-607780.jpg","width":750,"height":750},{"@type":"BreadcrumbList","@id":"https:\/\/anadolupet.com.tr\/urun\/hills-pd-derm-complete-yavru-kopek-mamasi-4kg\/#breadcrumb","itemListElement":[{"@type":"ListItem","position":1,"name":"Anasayfa","item":"https:\/\/anadolupet.com.tr\/"},{"@type":"ListItem","position":2,"name":"\u00dcr\u00fcnler","item":"https:\/\/anadolupet.com.tr\/urunler\/"},{"@type":"ListItem","position":3,"name":"Hill&#8217;s PD DERM COMPLETE Yavru K\u00f6pek Mamas\u0131 4KG"}]},{"@type":"WebSite","@id":"https:\/\/anadolupet.com.tr\/#website","url":"https:\/\/anadolupet.com.tr\/","name":"Anadolu Pet Group","description":"We Stand Together for the Well-Being of Every Life","publisher":{"@id":"https:\/\/anadolupet.com.tr\/#organization"},"potentialAction":[{"@type":"SearchAction","target":{"@type":"EntryPoint","urlTemplate":"https:\/\/anadolupet.com.tr\/?s={search_term_string}"},"query-input":{"@type":"PropertyValueSpecification","valueRequired":true,"valueName":"search_term_string"}}],"inLanguage":"en-US"},{"@type":"Organization","@id":"https:\/\/anadolupet.com.tr\/#organization","name":"Anadolu Pet Group","alternateName":"Anadolu Pet","url":"https:\/\/anadolupet.com.tr\/","logo":{"@type":"ImageObject","inLanguage":"en-US","@id":"https:\/\/anadolupet.com.tr\/#\/schema\/logo\/image\/","url":"https:\/\/anadolupet.com.tr\/wp-content\/uploads\/2026\/03\/1614666743370.jpg","contentUrl":"https:\/\/anadolupet.com.tr\/wp-content\/uploads\/2026\/03\/1614666743370.jpg","width":800,"height":571,"caption":"Anadolu Pet Grup"},"image":{"@id":"https:\/\/anadolupet.com.tr\/#\/schema\/logo\/image\/"}}]}},"_links":{"self":[{"href":"https:\/\/anadolupet.com.tr\/en\/wp-json\/wp\/v2\/product\/45335","targetHints":{"allow":["GET"]}}],"collection":[{"href":"https:\/\/anadolupet.com.tr\/en\/wp-json\/wp\/v2\/product"}],"about":[{"href":"https:\/\/anadolupet.com.tr\/en\/wp-json\/wp\/v2\/types\/product"}],"replies":[{"embeddable":true,"href":"https:\/\/anadolupet.com.tr\/en\/wp-json\/wp\/v2\/comments?post=45335"}],"wp:featuredmedia":[{"embeddable":true,"href":"https:\/\/anadolupet.com.tr\/en\/wp-json\/wp\/v2\/media\/44403"}],"wp:attachment":[{"href":"https:\/\/anadolupet.com.tr\/en\/wp-json\/wp\/v2\/media?parent=45335"}],"wp:term":[{"taxonomy":"product_brand","embeddable":true,"href":"https:\/\/anadolupet.com.tr\/en\/wp-json\/wp\/v2\/product_brand?post=45335"},{"taxonomy":"product_cat","embeddable":true,"href":"https:\/\/anadolupet.com.tr\/en\/wp-json\/wp\/v2\/product_cat?post=45335"},{"taxonomy":"product_tag","embeddable":true,"href":"https:\/\/anadolupet.com.tr\/en\/wp-json\/wp\/v2\/product_tag?post=45335"}],"curies":[{"name":"wp","href":"https:\/\/api.w.org\/{rel}","templated":true}]}}