{"id":45341,"date":"2026-02-14T14:41:23","date_gmt":"2026-02-14T14:41:23","guid":{"rendered":"https:\/\/anadolupet.com.tr\/urun\/hills-pd-gi-biome-mini-irk-kopek-mamasi-3kg\/"},"modified":"2026-02-23T12:48:45","modified_gmt":"2026-02-23T12:48:45","slug":"hills-pd-gi-biome-mini-irk-kopek-mamasi-3kg","status":"publish","type":"product","link":"https:\/\/anadolupet.com.tr\/en\/urun\/hills-pd-gi-biome-mini-irk-kopek-mamasi-3kg\/","title":{"rendered":"Hill&#8217;s PD GI BIOME Mini Irk K\u00f6pek Mamas\u0131 3KG"},"content":{"rendered":"","protected":false},"excerpt":{"rendered":"<p>Hill&#8217;s PRESCRIPTION DIET Mini Irk GI k\u00f6pek mamas\u0131, prebiyotiklerin tescilli bir kar\u0131\u015f\u0131m\u0131 olan ActivBiome+ teknolojisi ile form\u00fcle edilmi\u015ftir ve klinik olarak 24 saat i\u00e7inde sert, gev\u015fek d\u0131\u015fk\u0131ya yard\u0131mc\u0131 oldu\u011fu ve tekrarlama riskini azaltt\u0131\u011f\u0131 g\u00f6sterilmi\u015ftir. Sa\u011fl\u0131kl\u0131 d\u0131\u015fk\u0131y\u0131 olu\u015fumunu ve genel sindirim sa\u011fl\u0131\u011f\u0131n\u0131 desteklemek i\u00e7in \u00f6zel olarak form\u00fcle edilmi\u015f hassas bir mini \u0131rk k\u00f6pek mamas\u0131d\u0131r. Bu kuru k\u00f6pek mamas\u0131 tavuklu i\u00e7eri\u011fe ve mini \u0131rk k\u00f6pe\u011finizin sevece\u011fi lezzetli bir tada sahiptir. K\u00f6pe\u011finizin sindirim sa\u011fl\u0131\u011f\u0131 pek \u00e7ok \u015feyden olumsuz etkilenebilir ve k\u00f6pe\u011finizin sindirim bozukluklar\u0131 oldu\u011funda, ilgili herkes i\u00e7in tamamen tats\u0131z bir deneyimdir. \u0130yi haber \u015fu ki, mikrobiyom sa\u011fl\u0131\u011f\u0131n\u0131 &#8211; evcil hayvan\u0131n\u0131z\u0131n benzersiz ba\u011f\u0131rsak ekosistemini &#8211; GI bak\u0131m\u0131n\u0131n \u00f6n saflar\u0131na koyarak, liflere duyarl\u0131 GI sorunlar\u0131na yakla\u015fma yolunda devrim yaratan bir mamayla, k\u00f6pe\u011finizin daha iyi hissetmesine yard\u0131mc\u0131 olabilirsiniz. Semptomlar\u0131 d\u00fczeldikten sonra bile k\u00fc\u00e7\u00fck k\u00f6pe\u011finizin sindirim sa\u011fl\u0131\u011f\u0131n\u0131n korunmas\u0131na yard\u0131mc\u0131 olmak i\u00e7in PRESCRIPTION DIET Mini Gastrointestinal Biome Digestive Care Dog Food ile beslemeye devam etmek son derece \u00f6nemlidir. PRESCRIPTION DIET mamalar\u0131n\u0131n, k\u00f6pe\u011finizin mutlu ve aktif bir ya\u015fam s\u00fcrmeye devam etmesine nas\u0131l yard\u0131mc\u0131 olabilece\u011fi hakk\u0131nda daha fazla bilgi i\u00e7in veteriner hekiminize dan\u0131\u015f\u0131n. Evcil hayvan\u0131n\u0131z\u0131n hayat\u0131n\u0131 de\u011fi\u015ftirmeye yard\u0131mc\u0131 olan harika tada sahip beslenme. Size sorumluluklar\u0131n\u0131zda olduklar\u0131 i\u00e7in, insanca, m\u00fcmk\u00fcn olan en iyi mamay\u0131 sa\u011flamaya \u00e7al\u0131\u015f\u0131yoruz. K\u00f6pe\u011finizin benzersiz sa\u011fl\u0131k ihtiya\u00e7lar\u0131n\u0131 kar\u015f\u0131lamak i\u00e7in bilime \u00f6ncelik veren form\u00fcllerle, PRESCRIPTION DIET k\u00f6pek mamas\u0131, uzun ve mutlu bir ya\u015fam s\u00fcrmeleri i\u00e7in ihtiya\u00e7 duyduklar\u0131 hedeflenen beslenmedir. Evcil hayvan mamalar\u0131m\u0131z\u0131 en y\u00fcksek kaliteli malzemelerle \u00fcretiyoruz. Bu malzemeler, safl\u0131k ve besin i\u00e7eri\u011fi konusundaki kat\u0131 kriterlerimizi kar\u015f\u0131lar. Bar\u0131naklarda ya\u015fayan evcil hayvanlar\u0131n hayat\u0131nda bir fark yaratabilirsiniz. Sat\u0131n ald\u0131\u011f\u0131n\u0131z her Hill&#8217;s PRESCRIPTION DIET mamas\u0131yla, her g\u00fcn yani y\u0131l\u0131n 365 g\u00fcn\u00fc 100.000&#8217;den fazla evsiz hayvan\u0131 beslemeye yard\u0131mc\u0131 oluyorsunuz. Daha fazlas\u0131n\u0131 hillsfoodshelterlove.com adresinden \u00f6\u011frenebilirsiniz. Hill&#8217;s PRESCRIPTION DIET evcil hayvan mamalar\u0131 ve \u00f6d\u00fcl mamalar\u0131, k\u00f6pe\u011finizin benzersiz ihtiya\u00e7lar\u0131n\u0131 kar\u015f\u0131lamak i\u00e7in haz\u0131rlanan ve k\u00f6pe\u011finizin bay\u0131laca\u011f\u0131 lezzetler i\u00e7eren, \u00e7e\u015fitli kuru ve \u0131slak konserve mamalar sunmaktad\u0131r.<br \/>\n\u0130\u00c7\u0130NDEK\u0130LER: Tah\u0131llar, et ve hayvansal t\u00fcrevler (tavuk %9), bitkisel orjinli t\u00fcrevler, s\u0131v\u0131 ve kat\u0131 ya\u011flar, bitkisel protein ekstraktlar\u0131, meyveler, tohumlar, mineraller, sebzeler. Sindirilebilirli\u011fi y\u00fcksek malzemeler: Tavuk ve hindi unu, pirin\u00e7, m\u0131s\u0131r, m\u0131s\u0131r gl\u00fcteni unu, hayvansal ya\u011f, bitkisel ya\u011f. KG BA\u015eINA KATKI MADDELER\u0130: Besinsel katk\u0131 maddeleri: 3b103 (Demir) 84,5mg, 3b202 (\u0130yot) 2,1mg, 3b405 (Bak\u0131r) 8,3mg, 3b502 (Manganez) 8,7mg, 3b603 (\u00c7inko) 148mg, 3b801 (Selenyum) 0,2mg, do\u011fal antioksidan i\u00e7erir. ANAL\u0130T\u0130K B\u0130LE\u015eENLER: Protein %21,4, Ya\u011f i\u00e7eri\u011fi %13,2, Ham sel\u00fcloz %6,9, Ham k\u00fcl %5,9, Kalsiyum %0,96, Fosfor %0,66, Sodyum %0,35, Potasyum %0,85, Magnezyum %0,10; kg ba\u015f\u0131na: Vitamin A 9.618IU, Vitamin D3 703IU, Vitamin E 700mg, Vitamin C 110mg, Beta-karoten 1,5mg. BESLEME TAL\u0130MATI: B\u00fct\u00fcn besleme talimatlar\u0131 i\u00e7in l\u00fctfen ambalaja bak\u0131n. Mama miktar\u0131n\u0131 ideal kiloyu koruyacak \u015fekilde ayarlay\u0131n. Emin de\u011filseniz veteriner hekiminize sorun. Bu mamay\u0131 ilk defa m\u0131 kullan\u0131yorsunuz? 7 g\u00fcnl\u00fck bir s\u00fcre boyunca eski mama miktar\u0131n\u0131 bir kar\u0131\u015f\u0131m i\u00e7erisinde kademeli olarak azalt\u0131p yeni mamay\u0131 kademeli olarak art\u0131r\u0131n. Temiz ve taze suyu daima haz\u0131r bulundurun! Evcil hayvan\u0131n\u0131z\u0131n beslenme ihtiya\u00e7lar\u0131 ya\u015fland\u0131k\u00e7a de\u011fi\u015febilir. Her muayenede veteriner hekiminize sorun.<\/p>","protected":false},"featured_media":44386,"comment_status":"open","ping_status":"closed","template":"","meta":{"_acf_changed":false},"product_brand":[],"product_cat":[2456],"product_tag":[],"class_list":{"0":"post-45341","1":"product","2":"type-product","3":"status-publish","4":"has-post-thumbnail","6":"product_cat-receteli-diyet-kopek-mamalari","8":"first","9":"instock","10":"shipping-taxable","11":"product-type-simple"},"acf":[],"yoast_head":"<!-- This site is optimized with the Yoast SEO plugin v27.5 - https:\/\/yoast.com\/product\/yoast-seo-wordpress\/ -->\n<title>Hill&#039;s PD GI BIOME Mini Irk K\u00f6pek Mamas\u0131 3KG - Anadolu Pet Grup<\/title>\n<meta name=\"robots\" content=\"index, follow, max-snippet:-1, max-image-preview:large, max-video-preview:-1\" \/>\n<link rel=\"canonical\" href=\"https:\/\/anadolupet.com.tr\/en\/product\/hills-pd-gi-biome-mini-irk-kopek-mamasi-3kg\/\" \/>\n<meta property=\"og:locale\" content=\"en_US\" \/>\n<meta property=\"og:type\" content=\"article\" \/>\n<meta property=\"og:title\" content=\"Hill&#039;s PD GI BIOME Mini Irk K\u00f6pek Mamas\u0131 3KG - Anadolu Pet Grup\" \/>\n<meta property=\"og:description\" content=\"Hill&#039;s PRESCRIPTION DIET Mini Irk GI k\u00f6pek mamas\u0131, prebiyotiklerin tescilli bir kar\u0131\u015f\u0131m\u0131 olan ActivBiome+ teknolojisi ile form\u00fcle edilmi\u015ftir ve klinik olarak 24 saat i\u00e7inde sert, gev\u015fek d\u0131\u015fk\u0131ya yard\u0131mc\u0131 oldu\u011fu ve tekrarlama riskini azaltt\u0131\u011f\u0131 g\u00f6sterilmi\u015ftir. Sa\u011fl\u0131kl\u0131 d\u0131\u015fk\u0131y\u0131 olu\u015fumunu ve genel sindirim sa\u011fl\u0131\u011f\u0131n\u0131 desteklemek i\u00e7in \u00f6zel olarak form\u00fcle edilmi\u015f hassas bir mini \u0131rk k\u00f6pek mamas\u0131d\u0131r. Bu kuru k\u00f6pek mamas\u0131 tavuklu i\u00e7eri\u011fe ve mini \u0131rk k\u00f6pe\u011finizin sevece\u011fi lezzetli bir tada sahiptir. K\u00f6pe\u011finizin sindirim sa\u011fl\u0131\u011f\u0131 pek \u00e7ok \u015feyden olumsuz etkilenebilir ve k\u00f6pe\u011finizin sindirim bozukluklar\u0131 oldu\u011funda, ilgili herkes i\u00e7in tamamen tats\u0131z bir deneyimdir. \u0130yi haber \u015fu ki, mikrobiyom sa\u011fl\u0131\u011f\u0131n\u0131 - evcil hayvan\u0131n\u0131z\u0131n benzersiz ba\u011f\u0131rsak ekosistemini - GI bak\u0131m\u0131n\u0131n \u00f6n saflar\u0131na koyarak, liflere duyarl\u0131 GI sorunlar\u0131na yakla\u015fma yolunda devrim yaratan bir mamayla, k\u00f6pe\u011finizin daha iyi hissetmesine yard\u0131mc\u0131 olabilirsiniz. Semptomlar\u0131 d\u00fczeldikten sonra bile k\u00fc\u00e7\u00fck k\u00f6pe\u011finizin sindirim sa\u011fl\u0131\u011f\u0131n\u0131n korunmas\u0131na yard\u0131mc\u0131 olmak i\u00e7in PRESCRIPTION DIET Mini Gastrointestinal Biome Digestive Care Dog Food ile beslemeye devam etmek son derece \u00f6nemlidir. PRESCRIPTION DIET mamalar\u0131n\u0131n, k\u00f6pe\u011finizin mutlu ve aktif bir ya\u015fam s\u00fcrmeye devam etmesine nas\u0131l yard\u0131mc\u0131 olabilece\u011fi hakk\u0131nda daha fazla bilgi i\u00e7in veteriner hekiminize dan\u0131\u015f\u0131n. Evcil hayvan\u0131n\u0131z\u0131n hayat\u0131n\u0131 de\u011fi\u015ftirmeye yard\u0131mc\u0131 olan harika tada sahip beslenme. Size sorumluluklar\u0131n\u0131zda olduklar\u0131 i\u00e7in, insanca, m\u00fcmk\u00fcn olan en iyi mamay\u0131 sa\u011flamaya \u00e7al\u0131\u015f\u0131yoruz. K\u00f6pe\u011finizin benzersiz sa\u011fl\u0131k ihtiya\u00e7lar\u0131n\u0131 kar\u015f\u0131lamak i\u00e7in bilime \u00f6ncelik veren form\u00fcllerle, PRESCRIPTION DIET k\u00f6pek mamas\u0131, uzun ve mutlu bir ya\u015fam s\u00fcrmeleri i\u00e7in ihtiya\u00e7 duyduklar\u0131 hedeflenen beslenmedir. Evcil hayvan mamalar\u0131m\u0131z\u0131 en y\u00fcksek kaliteli malzemelerle \u00fcretiyoruz. Bu malzemeler, safl\u0131k ve besin i\u00e7eri\u011fi konusundaki kat\u0131 kriterlerimizi kar\u015f\u0131lar. Bar\u0131naklarda ya\u015fayan evcil hayvanlar\u0131n hayat\u0131nda bir fark yaratabilirsiniz. Sat\u0131n ald\u0131\u011f\u0131n\u0131z her Hill&#039;s PRESCRIPTION DIET mamas\u0131yla, her g\u00fcn yani y\u0131l\u0131n 365 g\u00fcn\u00fc 100.000&#039;den fazla evsiz hayvan\u0131 beslemeye yard\u0131mc\u0131 oluyorsunuz. Daha fazlas\u0131n\u0131 hillsfoodshelterlove.com adresinden \u00f6\u011frenebilirsiniz. Hill&#039;s PRESCRIPTION DIET evcil hayvan mamalar\u0131 ve \u00f6d\u00fcl mamalar\u0131, k\u00f6pe\u011finizin benzersiz ihtiya\u00e7lar\u0131n\u0131 kar\u015f\u0131lamak i\u00e7in haz\u0131rlanan ve k\u00f6pe\u011finizin bay\u0131laca\u011f\u0131 lezzetler i\u00e7eren, \u00e7e\u015fitli kuru ve \u0131slak konserve mamalar sunmaktad\u0131r. \u0130\u00c7\u0130NDEK\u0130LER: Tah\u0131llar, et ve hayvansal t\u00fcrevler (tavuk %9), bitkisel orjinli t\u00fcrevler, s\u0131v\u0131 ve kat\u0131 ya\u011flar, bitkisel protein ekstraktlar\u0131, meyveler, tohumlar, mineraller, sebzeler. Sindirilebilirli\u011fi y\u00fcksek malzemeler: Tavuk ve hindi unu, pirin\u00e7, m\u0131s\u0131r, m\u0131s\u0131r gl\u00fcteni unu, hayvansal ya\u011f, bitkisel ya\u011f. KG BA\u015eINA KATKI MADDELER\u0130: Besinsel katk\u0131 maddeleri: 3b103 (Demir) 84,5mg, 3b202 (\u0130yot) 2,1mg, 3b405 (Bak\u0131r) 8,3mg, 3b502 (Manganez) 8,7mg, 3b603 (\u00c7inko) 148mg, 3b801 (Selenyum) 0,2mg, do\u011fal antioksidan i\u00e7erir. ANAL\u0130T\u0130K B\u0130LE\u015eENLER: Protein %21,4, Ya\u011f i\u00e7eri\u011fi %13,2, Ham sel\u00fcloz %6,9, Ham k\u00fcl %5,9, Kalsiyum %0,96, Fosfor %0,66, Sodyum %0,35, Potasyum %0,85, Magnezyum %0,10; kg ba\u015f\u0131na: Vitamin A 9.618IU, Vitamin D3 703IU, Vitamin E 700mg, Vitamin C 110mg, Beta-karoten 1,5mg. BESLEME TAL\u0130MATI: B\u00fct\u00fcn besleme talimatlar\u0131 i\u00e7in l\u00fctfen ambalaja bak\u0131n. Mama miktar\u0131n\u0131 ideal kiloyu koruyacak \u015fekilde ayarlay\u0131n. Emin de\u011filseniz veteriner hekiminize sorun. Bu mamay\u0131 ilk defa m\u0131 kullan\u0131yorsunuz? 7 g\u00fcnl\u00fck bir s\u00fcre boyunca eski mama miktar\u0131n\u0131 bir kar\u0131\u015f\u0131m i\u00e7erisinde kademeli olarak azalt\u0131p yeni mamay\u0131 kademeli olarak art\u0131r\u0131n. Temiz ve taze suyu daima haz\u0131r bulundurun! Evcil hayvan\u0131n\u0131z\u0131n beslenme ihtiya\u00e7lar\u0131 ya\u015fland\u0131k\u00e7a de\u011fi\u015febilir. Her muayenede veteriner hekiminize sorun.\" \/>\n<meta property=\"og:url\" content=\"https:\/\/anadolupet.com.tr\/en\/product\/hills-pd-gi-biome-mini-irk-kopek-mamasi-3kg\/\" \/>\n<meta property=\"og:site_name\" content=\"Anadolu Pet Grup\" \/>\n<meta property=\"article:modified_time\" content=\"2026-02-23T12:48:45+00:00\" \/>\n<meta property=\"og:image\" content=\"https:\/\/anadolupet.com.tr\/wp-content\/uploads\/2026\/02\/640-606202.jpg\" \/>\n\t<meta property=\"og:image:width\" content=\"750\" \/>\n\t<meta property=\"og:image:height\" content=\"750\" \/>\n\t<meta property=\"og:image:type\" content=\"image\/jpeg\" \/>\n<meta name=\"twitter:card\" content=\"summary_large_image\" \/>\n<script type=\"application\/ld+json\" class=\"yoast-schema-graph\">{\"@context\":\"https:\\\/\\\/schema.org\",\"@graph\":[{\"@type\":\"WebPage\",\"@id\":\"https:\\\/\\\/anadolupet.com.tr\\\/urun\\\/hills-pd-gi-biome-mini-irk-kopek-mamasi-3kg\\\/\",\"url\":\"https:\\\/\\\/anadolupet.com.tr\\\/urun\\\/hills-pd-gi-biome-mini-irk-kopek-mamasi-3kg\\\/\",\"name\":\"Hill's PD GI BIOME Mini Irk K\u00f6pek Mamas\u0131 3KG - Anadolu Pet Grup\",\"isPartOf\":{\"@id\":\"https:\\\/\\\/anadolupet.com.tr\\\/#website\"},\"primaryImageOfPage\":{\"@id\":\"https:\\\/\\\/anadolupet.com.tr\\\/urun\\\/hills-pd-gi-biome-mini-irk-kopek-mamasi-3kg\\\/#primaryimage\"},\"image\":{\"@id\":\"https:\\\/\\\/anadolupet.com.tr\\\/urun\\\/hills-pd-gi-biome-mini-irk-kopek-mamasi-3kg\\\/#primaryimage\"},\"thumbnailUrl\":\"https:\\\/\\\/anadolupet.com.tr\\\/wp-content\\\/uploads\\\/2026\\\/02\\\/640-606202.jpg\",\"datePublished\":\"2026-02-14T14:41:23+00:00\",\"dateModified\":\"2026-02-23T12:48:45+00:00\",\"breadcrumb\":{\"@id\":\"https:\\\/\\\/anadolupet.com.tr\\\/urun\\\/hills-pd-gi-biome-mini-irk-kopek-mamasi-3kg\\\/#breadcrumb\"},\"inLanguage\":\"en-US\",\"potentialAction\":[{\"@type\":\"ReadAction\",\"target\":[\"https:\\\/\\\/anadolupet.com.tr\\\/urun\\\/hills-pd-gi-biome-mini-irk-kopek-mamasi-3kg\\\/\"]}]},{\"@type\":\"ImageObject\",\"inLanguage\":\"en-US\",\"@id\":\"https:\\\/\\\/anadolupet.com.tr\\\/urun\\\/hills-pd-gi-biome-mini-irk-kopek-mamasi-3kg\\\/#primaryimage\",\"url\":\"https:\\\/\\\/anadolupet.com.tr\\\/wp-content\\\/uploads\\\/2026\\\/02\\\/640-606202.jpg\",\"contentUrl\":\"https:\\\/\\\/anadolupet.com.tr\\\/wp-content\\\/uploads\\\/2026\\\/02\\\/640-606202.jpg\",\"width\":750,\"height\":750},{\"@type\":\"BreadcrumbList\",\"@id\":\"https:\\\/\\\/anadolupet.com.tr\\\/urun\\\/hills-pd-gi-biome-mini-irk-kopek-mamasi-3kg\\\/#breadcrumb\",\"itemListElement\":[{\"@type\":\"ListItem\",\"position\":1,\"name\":\"Anasayfa\",\"item\":\"https:\\\/\\\/anadolupet.com.tr\\\/\"},{\"@type\":\"ListItem\",\"position\":2,\"name\":\"\u00dcr\u00fcnler\",\"item\":\"https:\\\/\\\/anadolupet.com.tr\\\/urunler\\\/\"},{\"@type\":\"ListItem\",\"position\":3,\"name\":\"Hill&#8217;s PD GI BIOME Mini Irk K\u00f6pek Mamas\u0131 3KG\"}]},{\"@type\":\"WebSite\",\"@id\":\"https:\\\/\\\/anadolupet.com.tr\\\/#website\",\"url\":\"https:\\\/\\\/anadolupet.com.tr\\\/\",\"name\":\"Anadolu Pet Grup\",\"description\":\"Her Can\u0131n \u0130yi Ya\u015fam\u0131 \u0130\u00e7in Biraraday\u0131z\",\"publisher\":{\"@id\":\"https:\\\/\\\/anadolupet.com.tr\\\/#organization\"},\"potentialAction\":[{\"@type\":\"SearchAction\",\"target\":{\"@type\":\"EntryPoint\",\"urlTemplate\":\"https:\\\/\\\/anadolupet.com.tr\\\/?s={search_term_string}\"},\"query-input\":{\"@type\":\"PropertyValueSpecification\",\"valueRequired\":true,\"valueName\":\"search_term_string\"}}],\"inLanguage\":\"en-US\"},{\"@type\":\"Organization\",\"@id\":\"https:\\\/\\\/anadolupet.com.tr\\\/#organization\",\"name\":\"Anadolu Pet Grup\",\"alternateName\":\"Anadolu Pet\",\"url\":\"https:\\\/\\\/anadolupet.com.tr\\\/\",\"logo\":{\"@type\":\"ImageObject\",\"inLanguage\":\"en-US\",\"@id\":\"https:\\\/\\\/anadolupet.com.tr\\\/#\\\/schema\\\/logo\\\/image\\\/\",\"url\":\"https:\\\/\\\/anadolupet.com.tr\\\/wp-content\\\/uploads\\\/2026\\\/03\\\/1614666743370.jpg\",\"contentUrl\":\"https:\\\/\\\/anadolupet.com.tr\\\/wp-content\\\/uploads\\\/2026\\\/03\\\/1614666743370.jpg\",\"width\":800,\"height\":571,\"caption\":\"Anadolu Pet Grup\"},\"image\":{\"@id\":\"https:\\\/\\\/anadolupet.com.tr\\\/#\\\/schema\\\/logo\\\/image\\\/\"}}]}<\/script>\n<!-- \/ Yoast SEO plugin. -->","yoast_head_json":{"title":"Hill's PD GI BIOME Mini Irk K\u00f6pek Mamas\u0131 3KG - Anadolu Pet Grup","robots":{"index":"index","follow":"follow","max-snippet":"max-snippet:-1","max-image-preview":"max-image-preview:large","max-video-preview":"max-video-preview:-1"},"canonical":"https:\/\/anadolupet.com.tr\/en\/product\/hills-pd-gi-biome-mini-irk-kopek-mamasi-3kg\/","og_locale":"en_US","og_type":"article","og_title":"Hill's PD GI BIOME Mini Irk K\u00f6pek Mamas\u0131 3KG - Anadolu Pet Grup","og_description":"Hill's PRESCRIPTION DIET Mini Irk GI k\u00f6pek mamas\u0131, prebiyotiklerin tescilli bir kar\u0131\u015f\u0131m\u0131 olan ActivBiome+ teknolojisi ile form\u00fcle edilmi\u015ftir ve klinik olarak 24 saat i\u00e7inde sert, gev\u015fek d\u0131\u015fk\u0131ya yard\u0131mc\u0131 oldu\u011fu ve tekrarlama riskini azaltt\u0131\u011f\u0131 g\u00f6sterilmi\u015ftir. Sa\u011fl\u0131kl\u0131 d\u0131\u015fk\u0131y\u0131 olu\u015fumunu ve genel sindirim sa\u011fl\u0131\u011f\u0131n\u0131 desteklemek i\u00e7in \u00f6zel olarak form\u00fcle edilmi\u015f hassas bir mini \u0131rk k\u00f6pek mamas\u0131d\u0131r. Bu kuru k\u00f6pek mamas\u0131 tavuklu i\u00e7eri\u011fe ve mini \u0131rk k\u00f6pe\u011finizin sevece\u011fi lezzetli bir tada sahiptir. K\u00f6pe\u011finizin sindirim sa\u011fl\u0131\u011f\u0131 pek \u00e7ok \u015feyden olumsuz etkilenebilir ve k\u00f6pe\u011finizin sindirim bozukluklar\u0131 oldu\u011funda, ilgili herkes i\u00e7in tamamen tats\u0131z bir deneyimdir. \u0130yi haber \u015fu ki, mikrobiyom sa\u011fl\u0131\u011f\u0131n\u0131 - evcil hayvan\u0131n\u0131z\u0131n benzersiz ba\u011f\u0131rsak ekosistemini - GI bak\u0131m\u0131n\u0131n \u00f6n saflar\u0131na koyarak, liflere duyarl\u0131 GI sorunlar\u0131na yakla\u015fma yolunda devrim yaratan bir mamayla, k\u00f6pe\u011finizin daha iyi hissetmesine yard\u0131mc\u0131 olabilirsiniz. Semptomlar\u0131 d\u00fczeldikten sonra bile k\u00fc\u00e7\u00fck k\u00f6pe\u011finizin sindirim sa\u011fl\u0131\u011f\u0131n\u0131n korunmas\u0131na yard\u0131mc\u0131 olmak i\u00e7in PRESCRIPTION DIET Mini Gastrointestinal Biome Digestive Care Dog Food ile beslemeye devam etmek son derece \u00f6nemlidir. PRESCRIPTION DIET mamalar\u0131n\u0131n, k\u00f6pe\u011finizin mutlu ve aktif bir ya\u015fam s\u00fcrmeye devam etmesine nas\u0131l yard\u0131mc\u0131 olabilece\u011fi hakk\u0131nda daha fazla bilgi i\u00e7in veteriner hekiminize dan\u0131\u015f\u0131n. Evcil hayvan\u0131n\u0131z\u0131n hayat\u0131n\u0131 de\u011fi\u015ftirmeye yard\u0131mc\u0131 olan harika tada sahip beslenme. Size sorumluluklar\u0131n\u0131zda olduklar\u0131 i\u00e7in, insanca, m\u00fcmk\u00fcn olan en iyi mamay\u0131 sa\u011flamaya \u00e7al\u0131\u015f\u0131yoruz. K\u00f6pe\u011finizin benzersiz sa\u011fl\u0131k ihtiya\u00e7lar\u0131n\u0131 kar\u015f\u0131lamak i\u00e7in bilime \u00f6ncelik veren form\u00fcllerle, PRESCRIPTION DIET k\u00f6pek mamas\u0131, uzun ve mutlu bir ya\u015fam s\u00fcrmeleri i\u00e7in ihtiya\u00e7 duyduklar\u0131 hedeflenen beslenmedir. Evcil hayvan mamalar\u0131m\u0131z\u0131 en y\u00fcksek kaliteli malzemelerle \u00fcretiyoruz. Bu malzemeler, safl\u0131k ve besin i\u00e7eri\u011fi konusundaki kat\u0131 kriterlerimizi kar\u015f\u0131lar. Bar\u0131naklarda ya\u015fayan evcil hayvanlar\u0131n hayat\u0131nda bir fark yaratabilirsiniz. Sat\u0131n ald\u0131\u011f\u0131n\u0131z her Hill's PRESCRIPTION DIET mamas\u0131yla, her g\u00fcn yani y\u0131l\u0131n 365 g\u00fcn\u00fc 100.000'den fazla evsiz hayvan\u0131 beslemeye yard\u0131mc\u0131 oluyorsunuz. Daha fazlas\u0131n\u0131 hillsfoodshelterlove.com adresinden \u00f6\u011frenebilirsiniz. Hill's PRESCRIPTION DIET evcil hayvan mamalar\u0131 ve \u00f6d\u00fcl mamalar\u0131, k\u00f6pe\u011finizin benzersiz ihtiya\u00e7lar\u0131n\u0131 kar\u015f\u0131lamak i\u00e7in haz\u0131rlanan ve k\u00f6pe\u011finizin bay\u0131laca\u011f\u0131 lezzetler i\u00e7eren, \u00e7e\u015fitli kuru ve \u0131slak konserve mamalar sunmaktad\u0131r. \u0130\u00c7\u0130NDEK\u0130LER: Tah\u0131llar, et ve hayvansal t\u00fcrevler (tavuk %9), bitkisel orjinli t\u00fcrevler, s\u0131v\u0131 ve kat\u0131 ya\u011flar, bitkisel protein ekstraktlar\u0131, meyveler, tohumlar, mineraller, sebzeler. Sindirilebilirli\u011fi y\u00fcksek malzemeler: Tavuk ve hindi unu, pirin\u00e7, m\u0131s\u0131r, m\u0131s\u0131r gl\u00fcteni unu, hayvansal ya\u011f, bitkisel ya\u011f. KG BA\u015eINA KATKI MADDELER\u0130: Besinsel katk\u0131 maddeleri: 3b103 (Demir) 84,5mg, 3b202 (\u0130yot) 2,1mg, 3b405 (Bak\u0131r) 8,3mg, 3b502 (Manganez) 8,7mg, 3b603 (\u00c7inko) 148mg, 3b801 (Selenyum) 0,2mg, do\u011fal antioksidan i\u00e7erir. ANAL\u0130T\u0130K B\u0130LE\u015eENLER: Protein %21,4, Ya\u011f i\u00e7eri\u011fi %13,2, Ham sel\u00fcloz %6,9, Ham k\u00fcl %5,9, Kalsiyum %0,96, Fosfor %0,66, Sodyum %0,35, Potasyum %0,85, Magnezyum %0,10; kg ba\u015f\u0131na: Vitamin A 9.618IU, Vitamin D3 703IU, Vitamin E 700mg, Vitamin C 110mg, Beta-karoten 1,5mg. BESLEME TAL\u0130MATI: B\u00fct\u00fcn besleme talimatlar\u0131 i\u00e7in l\u00fctfen ambalaja bak\u0131n. Mama miktar\u0131n\u0131 ideal kiloyu koruyacak \u015fekilde ayarlay\u0131n. Emin de\u011filseniz veteriner hekiminize sorun. Bu mamay\u0131 ilk defa m\u0131 kullan\u0131yorsunuz? 7 g\u00fcnl\u00fck bir s\u00fcre boyunca eski mama miktar\u0131n\u0131 bir kar\u0131\u015f\u0131m i\u00e7erisinde kademeli olarak azalt\u0131p yeni mamay\u0131 kademeli olarak art\u0131r\u0131n. Temiz ve taze suyu daima haz\u0131r bulundurun! Evcil hayvan\u0131n\u0131z\u0131n beslenme ihtiya\u00e7lar\u0131 ya\u015fland\u0131k\u00e7a de\u011fi\u015febilir. Her muayenede veteriner hekiminize sorun.","og_url":"https:\/\/anadolupet.com.tr\/en\/product\/hills-pd-gi-biome-mini-irk-kopek-mamasi-3kg\/","og_site_name":"Anadolu Pet Grup","article_modified_time":"2026-02-23T12:48:45+00:00","og_image":[{"width":750,"height":750,"url":"https:\/\/anadolupet.com.tr\/wp-content\/uploads\/2026\/02\/640-606202.jpg","type":"image\/jpeg"}],"twitter_card":"summary_large_image","schema":{"@context":"https:\/\/schema.org","@graph":[{"@type":"WebPage","@id":"https:\/\/anadolupet.com.tr\/urun\/hills-pd-gi-biome-mini-irk-kopek-mamasi-3kg\/","url":"https:\/\/anadolupet.com.tr\/urun\/hills-pd-gi-biome-mini-irk-kopek-mamasi-3kg\/","name":"Hill's PD GI BIOME Mini Irk K\u00f6pek Mamas\u0131 3KG - Anadolu Pet Grup","isPartOf":{"@id":"https:\/\/anadolupet.com.tr\/#website"},"primaryImageOfPage":{"@id":"https:\/\/anadolupet.com.tr\/urun\/hills-pd-gi-biome-mini-irk-kopek-mamasi-3kg\/#primaryimage"},"image":{"@id":"https:\/\/anadolupet.com.tr\/urun\/hills-pd-gi-biome-mini-irk-kopek-mamasi-3kg\/#primaryimage"},"thumbnailUrl":"https:\/\/anadolupet.com.tr\/wp-content\/uploads\/2026\/02\/640-606202.jpg","datePublished":"2026-02-14T14:41:23+00:00","dateModified":"2026-02-23T12:48:45+00:00","breadcrumb":{"@id":"https:\/\/anadolupet.com.tr\/urun\/hills-pd-gi-biome-mini-irk-kopek-mamasi-3kg\/#breadcrumb"},"inLanguage":"en-US","potentialAction":[{"@type":"ReadAction","target":["https:\/\/anadolupet.com.tr\/urun\/hills-pd-gi-biome-mini-irk-kopek-mamasi-3kg\/"]}]},{"@type":"ImageObject","inLanguage":"en-US","@id":"https:\/\/anadolupet.com.tr\/urun\/hills-pd-gi-biome-mini-irk-kopek-mamasi-3kg\/#primaryimage","url":"https:\/\/anadolupet.com.tr\/wp-content\/uploads\/2026\/02\/640-606202.jpg","contentUrl":"https:\/\/anadolupet.com.tr\/wp-content\/uploads\/2026\/02\/640-606202.jpg","width":750,"height":750},{"@type":"BreadcrumbList","@id":"https:\/\/anadolupet.com.tr\/urun\/hills-pd-gi-biome-mini-irk-kopek-mamasi-3kg\/#breadcrumb","itemListElement":[{"@type":"ListItem","position":1,"name":"Anasayfa","item":"https:\/\/anadolupet.com.tr\/"},{"@type":"ListItem","position":2,"name":"\u00dcr\u00fcnler","item":"https:\/\/anadolupet.com.tr\/urunler\/"},{"@type":"ListItem","position":3,"name":"Hill&#8217;s PD GI BIOME Mini Irk K\u00f6pek Mamas\u0131 3KG"}]},{"@type":"WebSite","@id":"https:\/\/anadolupet.com.tr\/#website","url":"https:\/\/anadolupet.com.tr\/","name":"Anadolu Pet Group","description":"We Stand Together for the Well-Being of Every Life","publisher":{"@id":"https:\/\/anadolupet.com.tr\/#organization"},"potentialAction":[{"@type":"SearchAction","target":{"@type":"EntryPoint","urlTemplate":"https:\/\/anadolupet.com.tr\/?s={search_term_string}"},"query-input":{"@type":"PropertyValueSpecification","valueRequired":true,"valueName":"search_term_string"}}],"inLanguage":"en-US"},{"@type":"Organization","@id":"https:\/\/anadolupet.com.tr\/#organization","name":"Anadolu Pet Group","alternateName":"Anadolu Pet","url":"https:\/\/anadolupet.com.tr\/","logo":{"@type":"ImageObject","inLanguage":"en-US","@id":"https:\/\/anadolupet.com.tr\/#\/schema\/logo\/image\/","url":"https:\/\/anadolupet.com.tr\/wp-content\/uploads\/2026\/03\/1614666743370.jpg","contentUrl":"https:\/\/anadolupet.com.tr\/wp-content\/uploads\/2026\/03\/1614666743370.jpg","width":800,"height":571,"caption":"Anadolu Pet Grup"},"image":{"@id":"https:\/\/anadolupet.com.tr\/#\/schema\/logo\/image\/"}}]}},"_links":{"self":[{"href":"https:\/\/anadolupet.com.tr\/en\/wp-json\/wp\/v2\/product\/45341","targetHints":{"allow":["GET"]}}],"collection":[{"href":"https:\/\/anadolupet.com.tr\/en\/wp-json\/wp\/v2\/product"}],"about":[{"href":"https:\/\/anadolupet.com.tr\/en\/wp-json\/wp\/v2\/types\/product"}],"replies":[{"embeddable":true,"href":"https:\/\/anadolupet.com.tr\/en\/wp-json\/wp\/v2\/comments?post=45341"}],"wp:featuredmedia":[{"embeddable":true,"href":"https:\/\/anadolupet.com.tr\/en\/wp-json\/wp\/v2\/media\/44386"}],"wp:attachment":[{"href":"https:\/\/anadolupet.com.tr\/en\/wp-json\/wp\/v2\/media?parent=45341"}],"wp:term":[{"taxonomy":"product_brand","embeddable":true,"href":"https:\/\/anadolupet.com.tr\/en\/wp-json\/wp\/v2\/product_brand?post=45341"},{"taxonomy":"product_cat","embeddable":true,"href":"https:\/\/anadolupet.com.tr\/en\/wp-json\/wp\/v2\/product_cat?post=45341"},{"taxonomy":"product_tag","embeddable":true,"href":"https:\/\/anadolupet.com.tr\/en\/wp-json\/wp\/v2\/product_tag?post=45341"}],"curies":[{"name":"wp","href":"https:\/\/api.w.org\/{rel}","templated":true}]}}