{"id":45342,"date":"2026-02-14T14:41:24","date_gmt":"2026-02-14T14:41:24","guid":{"rendered":"https:\/\/anadolupet.com.tr\/urun\/hills-pd-gi-biome-tavuklu-ve-sebzeli-kopek-guveci-354g\/"},"modified":"2026-02-23T12:48:45","modified_gmt":"2026-02-23T12:48:45","slug":"hills-pd-gi-biome-tavuklu-ve-sebzeli-kopek-guveci-354g","status":"publish","type":"product","link":"https:\/\/anadolupet.com.tr\/en\/urun\/hills-pd-gi-biome-tavuklu-ve-sebzeli-kopek-guveci-354g\/","title":{"rendered":"Hill&#8217;s PD GI BIOME Tavuklu ve Sebzeli K\u00f6pek G\u00fcveci 354G"},"content":{"rendered":"","protected":false},"excerpt":{"rendered":"<p>Hill&#8217;s PRESCRIPTION DIET GI dog food, g\u00fcnl\u00fck olarak, prebiyotiklerin tescilli bir kar\u0131\u015f\u0131m\u0131 olan ActivBiome+ teknolojisine sahiptir ve klinik olarak 24 saat i\u00e7inde sert gev\u015fek d\u0131\u015fk\u0131ya yard\u0131mc\u0131 oldu\u011fu ve tekrarlama riskini azaltt\u0131\u011f\u0131 g\u00f6sterilmi\u015ftir. \u00d6zellikle sa\u011fl\u0131kl\u0131 d\u0131\u015fk\u0131y\u0131 ve genel sindirim sa\u011fl\u0131\u011f\u0131n\u0131 desteklemek i\u00e7indir. Bu y\u00fcksek lifli k\u00f6pek mamas\u0131 ayr\u0131ca struvit ve kalsiyum oksalat kristalleri olu\u015fma riskini azaltan bir idrar ortam\u0131n\u0131 da destekler. Bu dayan\u0131lmaz g\u00fcve\u00e7, sosta \u0131s\u0131r\u0131k b\u00fcy\u00fckl\u00fc\u011f\u00fcnde lezzetli par\u00e7alar i\u00e7erir ve k\u00f6pe\u011finizin sevece\u011fi tavuk ve havu\u00e7 gibi sa\u011fl\u0131kl\u0131 malzemelerle yap\u0131l\u0131r.<br \/>\nK\u00f6pe\u011finizin sindirim sistemi sa\u011fl\u0131\u011f\u0131, pek \u00e7ok \u015feyden olumsuz etkilenebilir ve k\u00f6pe\u011finizin sindirim sistemi sorunu oldu\u011funda, bu durum ilgili herkes i\u00e7in tamamen tats\u0131z bir deneyimdir. \u0130yi haber \u015fu ki; mikrobiyom sa\u011fl\u0131\u011f\u0131n\u0131 &#8211; evcil hayvan\u0131n\u0131z\u0131n benzersiz ba\u011f\u0131rsak ekosistemini &#8211; GI bak\u0131m\u0131n\u0131n \u00f6n saflar\u0131na koyarak, liflere duyarl\u0131 GI sorunlar\u0131na yakla\u015f\u0131mda devrim yaratan bir mamayla, k\u00f6pe\u011finizin daha iyi hissetmesine yard\u0131mc\u0131 olabilirsiniz. Semptomlar\u0131 d\u00fczeldikten sonra bile k\u00f6pe\u011finizin sindirim sistemi sa\u011fl\u0131\u011f\u0131n\u0131 korumaya yard\u0131mc\u0131 olmak i\u00e7in PRESCRIPTION DIET Gastrointestinal Biome Digestive Care Dog Food ile beslemeye devam etmek \u00f6nemlidir. PRESCRIPTION DIET mamalar\u0131n\u0131n k\u00f6pe\u011finizin mutlu ve aktif bir ya\u015fam s\u00fcrmeye devam etmesine nas\u0131l yard\u0131mc\u0131 olabilece\u011fi hakk\u0131nda daha fazla bilgi almak i\u00e7in veteriner hekiminize dan\u0131\u015f\u0131n. Evcil hayvan\u0131n\u0131z\u0131n ya\u015fam\u0131n\u0131 de\u011fi\u015ftirmeye yard\u0131mc\u0131 olan harika bir lezzete sahip beslenme. Size ba\u011fl\u0131 olduklar\u0131 i\u00e7in, onlara m\u00fcmk\u00fcn olan en iyi mamay\u0131 sa\u011flamaya \u00e7al\u0131\u015f\u0131yoruz. PRESCRIPTION DIET k\u00f6pek mamas\u0131, k\u00f6pe\u011finizin benzersiz sa\u011fl\u0131k ihtiya\u00e7lar\u0131n\u0131 kar\u015f\u0131lamak i\u00e7in bilimi temel alan form\u00fclleriyle, uzun ve mutlu bir ya\u015fam s\u00fcrmeleri i\u00e7in ihtiya\u00e7 duyduklar\u0131 hedeflenen beslenmedir.<br \/>\nEvcil hayvan mamalar\u0131m\u0131z\u0131 en kaliteli malzemelerle \u00fcretiyoruz. Bu malzemeler, safl\u0131k ve besin i\u00e7eri\u011fi i\u00e7in kat\u0131 gereksinimlerimizi kar\u015f\u0131lamal\u0131d\u0131r.<br \/>\nBar\u0131nak hayvanlar\u0131n\u0131n ya\u015famlar\u0131nda bir fark yaratabilirsiniz. Sat\u0131n ald\u0131\u011f\u0131n\u0131z her Hill&#8217;s PRESCRIPTION DIET evcil hayvan mamas\u0131yla, y\u0131lda 365 g\u00fcn, yani her g\u00fcn 100.000&#8217;den fazla evsiz evcil hayvan\u0131n beslenmesine yard\u0131mc\u0131 olursunuz. hillsfoodshelterlove.com adresinden daha fazla bilgi edinin. Hill&#8217;s PRESCRIPTION DIET k\u00f6pek mamas\u0131, k\u00f6pe\u011finizin benzersiz ihtiya\u00e7lar\u0131 i\u00e7in k\u00f6pe\u011finizin bay\u0131larak yiyece\u011fi \u00e7e\u015fitli kuru ve ya\u015f mama se\u00e7enekleri sunmaktad\u0131r.<br \/>\n\u0130\u00c7\u0130NDEK\u0130LER: Et ve hayvansal t\u00fcrevler (tavuk %8), bitkisel orjinli t\u00fcrevler, tah\u0131llar, bitkisel protein ekstraktlar\u0131, sebzeler (havu\u00e7 %0,8), s\u0131v\u0131 ve kat\u0131 ya\u011flar, mineraller, meyveler, tohumlar. Sindirilebilirli\u011fi y\u00fcksek malzemeler: Tavuk, domuz karaci\u011feri, pirin\u00e7 unu, pirin\u00e7 ni\u015fastas\u0131, bitkisel ya\u011f. KG BA\u015eINA KATKI MADDELER\u0130: Besinsel katk\u0131 maddeleri: 3b103 (Demir) 10.6mg, 3b202 (\u0130yot) 0,3mg, 3b405 (Bak\u0131r) 1,0mg, 3b503 (Manganez) 2,3mg, 3b603 (\u00c7inko) 33,7mg. Teknolojik katk\u0131 maddesi: Potasyum aljinat 4,8g. ANAL\u0130T\u0130K B\u0130LE\u015eENLER: Protein %5,4, Ya\u011f i\u00e7eri\u011fi %3,2, Ham sel\u00fcloz %1,6, Ham k\u00fcl %1,4, Nem %78,5, Kalsiyum %0,23, Fosfor %0,12, Sodyum %0,07, Potasyum %0,20, Magnezyum %0,02; kg ba\u015f\u0131na: A Vitamini 11.401IU, Vitamini D3 293IU. BESLEME TAL\u0130MATI: Yaln\u0131zca \u00f6nerilen PRESCRIPTION DIET mama ile besleyin. Kullanmadan \u00f6nce veteriner hekiminizden evcil hayvan\u0131n\u0131z i\u00e7in \u00f6zel besleme talimatlar\u0131n\u0131 isteyin. B\u00fct\u00fcn besleme talimatlar\u0131 i\u00e7in l\u00fctfen ambalaja bak\u0131n. Mama miktar\u0131n\u0131 ideal kiloyu koruyacak \u015fekilde ayarlay\u0131n. Emin de\u011filseniz veteriner hekiminize sorun. Gram en do\u011fru \u00f6l\u00e7\u00fcm \u015feklidir; bardaklar gram cinsinden tahmin edilir. Bu mamay\u0131 ilk defa m\u0131 kullan\u0131yorsunuz? 7 g\u00fcnl\u00fck bir s\u00fcre boyunca eski mama miktar\u0131n\u0131 bir kar\u0131\u015f\u0131m i\u00e7erisinde kademeli olarak azalt\u0131p yeni mamay\u0131 kademeli olarak art\u0131r\u0131n. Temiz ve taze suyu daima haz\u0131r bulundurun! Evcil hayvan\u0131n\u0131z\u0131n beslenme ihtiya\u00e7lar\u0131 ya\u015fland\u0131k\u00e7a de\u011fi\u015febilir. Her muayenede veteriner hekiminize sorun.<\/p>","protected":false},"featured_media":44411,"comment_status":"open","ping_status":"closed","template":"","meta":{"_acf_changed":false},"product_brand":[],"product_cat":[2456],"product_tag":[],"class_list":{"0":"post-45342","1":"product","2":"type-product","3":"status-publish","4":"has-post-thumbnail","6":"product_cat-receteli-diyet-kopek-mamalari","8":"first","9":"instock","10":"shipping-taxable","11":"product-type-simple"},"acf":[],"yoast_head":"<!-- This site is optimized with the Yoast SEO plugin v27.5 - https:\/\/yoast.com\/product\/yoast-seo-wordpress\/ -->\n<title>Hill&#039;s PD GI BIOME Tavuklu ve Sebzeli K\u00f6pek G\u00fcveci 354G - Anadolu Pet Grup<\/title>\n<meta name=\"robots\" content=\"index, follow, max-snippet:-1, max-image-preview:large, max-video-preview:-1\" \/>\n<link rel=\"canonical\" href=\"https:\/\/anadolupet.com.tr\/en\/product\/hills-pd-gi-biome-tavuklu-ve-sebzeli-kopek-guveci-354g\/\" \/>\n<meta property=\"og:locale\" content=\"en_US\" \/>\n<meta property=\"og:type\" content=\"article\" \/>\n<meta property=\"og:title\" content=\"Hill&#039;s PD GI BIOME Tavuklu ve Sebzeli K\u00f6pek G\u00fcveci 354G - Anadolu Pet Grup\" \/>\n<meta property=\"og:description\" content=\"Hill&#039;s PRESCRIPTION DIET GI dog food, g\u00fcnl\u00fck olarak, prebiyotiklerin tescilli bir kar\u0131\u015f\u0131m\u0131 olan ActivBiome+ teknolojisine sahiptir ve klinik olarak 24 saat i\u00e7inde sert gev\u015fek d\u0131\u015fk\u0131ya yard\u0131mc\u0131 oldu\u011fu ve tekrarlama riskini azaltt\u0131\u011f\u0131 g\u00f6sterilmi\u015ftir. \u00d6zellikle sa\u011fl\u0131kl\u0131 d\u0131\u015fk\u0131y\u0131 ve genel sindirim sa\u011fl\u0131\u011f\u0131n\u0131 desteklemek i\u00e7indir. Bu y\u00fcksek lifli k\u00f6pek mamas\u0131 ayr\u0131ca struvit ve kalsiyum oksalat kristalleri olu\u015fma riskini azaltan bir idrar ortam\u0131n\u0131 da destekler. Bu dayan\u0131lmaz g\u00fcve\u00e7, sosta \u0131s\u0131r\u0131k b\u00fcy\u00fckl\u00fc\u011f\u00fcnde lezzetli par\u00e7alar i\u00e7erir ve k\u00f6pe\u011finizin sevece\u011fi tavuk ve havu\u00e7 gibi sa\u011fl\u0131kl\u0131 malzemelerle yap\u0131l\u0131r. K\u00f6pe\u011finizin sindirim sistemi sa\u011fl\u0131\u011f\u0131, pek \u00e7ok \u015feyden olumsuz etkilenebilir ve k\u00f6pe\u011finizin sindirim sistemi sorunu oldu\u011funda, bu durum ilgili herkes i\u00e7in tamamen tats\u0131z bir deneyimdir. \u0130yi haber \u015fu ki; mikrobiyom sa\u011fl\u0131\u011f\u0131n\u0131 - evcil hayvan\u0131n\u0131z\u0131n benzersiz ba\u011f\u0131rsak ekosistemini - GI bak\u0131m\u0131n\u0131n \u00f6n saflar\u0131na koyarak, liflere duyarl\u0131 GI sorunlar\u0131na yakla\u015f\u0131mda devrim yaratan bir mamayla, k\u00f6pe\u011finizin daha iyi hissetmesine yard\u0131mc\u0131 olabilirsiniz. Semptomlar\u0131 d\u00fczeldikten sonra bile k\u00f6pe\u011finizin sindirim sistemi sa\u011fl\u0131\u011f\u0131n\u0131 korumaya yard\u0131mc\u0131 olmak i\u00e7in PRESCRIPTION DIET Gastrointestinal Biome Digestive Care Dog Food ile beslemeye devam etmek \u00f6nemlidir. PRESCRIPTION DIET mamalar\u0131n\u0131n k\u00f6pe\u011finizin mutlu ve aktif bir ya\u015fam s\u00fcrmeye devam etmesine nas\u0131l yard\u0131mc\u0131 olabilece\u011fi hakk\u0131nda daha fazla bilgi almak i\u00e7in veteriner hekiminize dan\u0131\u015f\u0131n. Evcil hayvan\u0131n\u0131z\u0131n ya\u015fam\u0131n\u0131 de\u011fi\u015ftirmeye yard\u0131mc\u0131 olan harika bir lezzete sahip beslenme. Size ba\u011fl\u0131 olduklar\u0131 i\u00e7in, onlara m\u00fcmk\u00fcn olan en iyi mamay\u0131 sa\u011flamaya \u00e7al\u0131\u015f\u0131yoruz. PRESCRIPTION DIET k\u00f6pek mamas\u0131, k\u00f6pe\u011finizin benzersiz sa\u011fl\u0131k ihtiya\u00e7lar\u0131n\u0131 kar\u015f\u0131lamak i\u00e7in bilimi temel alan form\u00fclleriyle, uzun ve mutlu bir ya\u015fam s\u00fcrmeleri i\u00e7in ihtiya\u00e7 duyduklar\u0131 hedeflenen beslenmedir. Evcil hayvan mamalar\u0131m\u0131z\u0131 en kaliteli malzemelerle \u00fcretiyoruz. Bu malzemeler, safl\u0131k ve besin i\u00e7eri\u011fi i\u00e7in kat\u0131 gereksinimlerimizi kar\u015f\u0131lamal\u0131d\u0131r. Bar\u0131nak hayvanlar\u0131n\u0131n ya\u015famlar\u0131nda bir fark yaratabilirsiniz. Sat\u0131n ald\u0131\u011f\u0131n\u0131z her Hill&#039;s PRESCRIPTION DIET evcil hayvan mamas\u0131yla, y\u0131lda 365 g\u00fcn, yani her g\u00fcn 100.000&#039;den fazla evsiz evcil hayvan\u0131n beslenmesine yard\u0131mc\u0131 olursunuz. hillsfoodshelterlove.com adresinden daha fazla bilgi edinin. Hill&#039;s PRESCRIPTION DIET k\u00f6pek mamas\u0131, k\u00f6pe\u011finizin benzersiz ihtiya\u00e7lar\u0131 i\u00e7in k\u00f6pe\u011finizin bay\u0131larak yiyece\u011fi \u00e7e\u015fitli kuru ve ya\u015f mama se\u00e7enekleri sunmaktad\u0131r. \u0130\u00c7\u0130NDEK\u0130LER: Et ve hayvansal t\u00fcrevler (tavuk %8), bitkisel orjinli t\u00fcrevler, tah\u0131llar, bitkisel protein ekstraktlar\u0131, sebzeler (havu\u00e7 %0,8), s\u0131v\u0131 ve kat\u0131 ya\u011flar, mineraller, meyveler, tohumlar. Sindirilebilirli\u011fi y\u00fcksek malzemeler: Tavuk, domuz karaci\u011feri, pirin\u00e7 unu, pirin\u00e7 ni\u015fastas\u0131, bitkisel ya\u011f. KG BA\u015eINA KATKI MADDELER\u0130: Besinsel katk\u0131 maddeleri: 3b103 (Demir) 10.6mg, 3b202 (\u0130yot) 0,3mg, 3b405 (Bak\u0131r) 1,0mg, 3b503 (Manganez) 2,3mg, 3b603 (\u00c7inko) 33,7mg. Teknolojik katk\u0131 maddesi: Potasyum aljinat 4,8g. ANAL\u0130T\u0130K B\u0130LE\u015eENLER: Protein %5,4, Ya\u011f i\u00e7eri\u011fi %3,2, Ham sel\u00fcloz %1,6, Ham k\u00fcl %1,4, Nem %78,5, Kalsiyum %0,23, Fosfor %0,12, Sodyum %0,07, Potasyum %0,20, Magnezyum %0,02; kg ba\u015f\u0131na: A Vitamini 11.401IU, Vitamini D3 293IU. BESLEME TAL\u0130MATI: Yaln\u0131zca \u00f6nerilen PRESCRIPTION DIET mama ile besleyin. Kullanmadan \u00f6nce veteriner hekiminizden evcil hayvan\u0131n\u0131z i\u00e7in \u00f6zel besleme talimatlar\u0131n\u0131 isteyin. B\u00fct\u00fcn besleme talimatlar\u0131 i\u00e7in l\u00fctfen ambalaja bak\u0131n. Mama miktar\u0131n\u0131 ideal kiloyu koruyacak \u015fekilde ayarlay\u0131n. Emin de\u011filseniz veteriner hekiminize sorun. Gram en do\u011fru \u00f6l\u00e7\u00fcm \u015feklidir; bardaklar gram cinsinden tahmin edilir. Bu mamay\u0131 ilk defa m\u0131 kullan\u0131yorsunuz? 7 g\u00fcnl\u00fck bir s\u00fcre boyunca eski mama miktar\u0131n\u0131 bir kar\u0131\u015f\u0131m i\u00e7erisinde kademeli olarak azalt\u0131p yeni mamay\u0131 kademeli olarak art\u0131r\u0131n. Temiz ve taze suyu daima haz\u0131r bulundurun! Evcil hayvan\u0131n\u0131z\u0131n beslenme ihtiya\u00e7lar\u0131 ya\u015fland\u0131k\u00e7a de\u011fi\u015febilir. Her muayenede veteriner hekiminize sorun.\" \/>\n<meta property=\"og:url\" content=\"https:\/\/anadolupet.com.tr\/en\/product\/hills-pd-gi-biome-tavuklu-ve-sebzeli-kopek-guveci-354g\/\" \/>\n<meta property=\"og:site_name\" content=\"Anadolu Pet Grup\" \/>\n<meta property=\"article:modified_time\" content=\"2026-02-23T12:48:45+00:00\" \/>\n<meta property=\"og:image\" content=\"https:\/\/anadolupet.com.tr\/wp-content\/uploads\/2026\/02\/645-605650.jpg\" \/>\n\t<meta property=\"og:image:width\" content=\"750\" \/>\n\t<meta property=\"og:image:height\" content=\"750\" \/>\n\t<meta property=\"og:image:type\" content=\"image\/jpeg\" \/>\n<meta name=\"twitter:card\" content=\"summary_large_image\" \/>\n<script type=\"application\/ld+json\" class=\"yoast-schema-graph\">{\"@context\":\"https:\\\/\\\/schema.org\",\"@graph\":[{\"@type\":\"WebPage\",\"@id\":\"https:\\\/\\\/anadolupet.com.tr\\\/urun\\\/hills-pd-gi-biome-tavuklu-ve-sebzeli-kopek-guveci-354g\\\/\",\"url\":\"https:\\\/\\\/anadolupet.com.tr\\\/urun\\\/hills-pd-gi-biome-tavuklu-ve-sebzeli-kopek-guveci-354g\\\/\",\"name\":\"Hill's PD GI BIOME Tavuklu ve Sebzeli K\u00f6pek G\u00fcveci 354G - Anadolu Pet Grup\",\"isPartOf\":{\"@id\":\"https:\\\/\\\/anadolupet.com.tr\\\/#website\"},\"primaryImageOfPage\":{\"@id\":\"https:\\\/\\\/anadolupet.com.tr\\\/urun\\\/hills-pd-gi-biome-tavuklu-ve-sebzeli-kopek-guveci-354g\\\/#primaryimage\"},\"image\":{\"@id\":\"https:\\\/\\\/anadolupet.com.tr\\\/urun\\\/hills-pd-gi-biome-tavuklu-ve-sebzeli-kopek-guveci-354g\\\/#primaryimage\"},\"thumbnailUrl\":\"https:\\\/\\\/anadolupet.com.tr\\\/wp-content\\\/uploads\\\/2026\\\/02\\\/645-605650.jpg\",\"datePublished\":\"2026-02-14T14:41:24+00:00\",\"dateModified\":\"2026-02-23T12:48:45+00:00\",\"breadcrumb\":{\"@id\":\"https:\\\/\\\/anadolupet.com.tr\\\/urun\\\/hills-pd-gi-biome-tavuklu-ve-sebzeli-kopek-guveci-354g\\\/#breadcrumb\"},\"inLanguage\":\"en-US\",\"potentialAction\":[{\"@type\":\"ReadAction\",\"target\":[\"https:\\\/\\\/anadolupet.com.tr\\\/urun\\\/hills-pd-gi-biome-tavuklu-ve-sebzeli-kopek-guveci-354g\\\/\"]}]},{\"@type\":\"ImageObject\",\"inLanguage\":\"en-US\",\"@id\":\"https:\\\/\\\/anadolupet.com.tr\\\/urun\\\/hills-pd-gi-biome-tavuklu-ve-sebzeli-kopek-guveci-354g\\\/#primaryimage\",\"url\":\"https:\\\/\\\/anadolupet.com.tr\\\/wp-content\\\/uploads\\\/2026\\\/02\\\/645-605650.jpg\",\"contentUrl\":\"https:\\\/\\\/anadolupet.com.tr\\\/wp-content\\\/uploads\\\/2026\\\/02\\\/645-605650.jpg\",\"width\":750,\"height\":750},{\"@type\":\"BreadcrumbList\",\"@id\":\"https:\\\/\\\/anadolupet.com.tr\\\/urun\\\/hills-pd-gi-biome-tavuklu-ve-sebzeli-kopek-guveci-354g\\\/#breadcrumb\",\"itemListElement\":[{\"@type\":\"ListItem\",\"position\":1,\"name\":\"Anasayfa\",\"item\":\"https:\\\/\\\/anadolupet.com.tr\\\/\"},{\"@type\":\"ListItem\",\"position\":2,\"name\":\"\u00dcr\u00fcnler\",\"item\":\"https:\\\/\\\/anadolupet.com.tr\\\/urunler\\\/\"},{\"@type\":\"ListItem\",\"position\":3,\"name\":\"Hill&#8217;s PD GI BIOME Tavuklu ve Sebzeli K\u00f6pek G\u00fcveci 354G\"}]},{\"@type\":\"WebSite\",\"@id\":\"https:\\\/\\\/anadolupet.com.tr\\\/#website\",\"url\":\"https:\\\/\\\/anadolupet.com.tr\\\/\",\"name\":\"Anadolu Pet Grup\",\"description\":\"Her Can\u0131n \u0130yi Ya\u015fam\u0131 \u0130\u00e7in Biraraday\u0131z\",\"publisher\":{\"@id\":\"https:\\\/\\\/anadolupet.com.tr\\\/#organization\"},\"potentialAction\":[{\"@type\":\"SearchAction\",\"target\":{\"@type\":\"EntryPoint\",\"urlTemplate\":\"https:\\\/\\\/anadolupet.com.tr\\\/?s={search_term_string}\"},\"query-input\":{\"@type\":\"PropertyValueSpecification\",\"valueRequired\":true,\"valueName\":\"search_term_string\"}}],\"inLanguage\":\"en-US\"},{\"@type\":\"Organization\",\"@id\":\"https:\\\/\\\/anadolupet.com.tr\\\/#organization\",\"name\":\"Anadolu Pet Grup\",\"alternateName\":\"Anadolu Pet\",\"url\":\"https:\\\/\\\/anadolupet.com.tr\\\/\",\"logo\":{\"@type\":\"ImageObject\",\"inLanguage\":\"en-US\",\"@id\":\"https:\\\/\\\/anadolupet.com.tr\\\/#\\\/schema\\\/logo\\\/image\\\/\",\"url\":\"https:\\\/\\\/anadolupet.com.tr\\\/wp-content\\\/uploads\\\/2026\\\/03\\\/1614666743370.jpg\",\"contentUrl\":\"https:\\\/\\\/anadolupet.com.tr\\\/wp-content\\\/uploads\\\/2026\\\/03\\\/1614666743370.jpg\",\"width\":800,\"height\":571,\"caption\":\"Anadolu Pet Grup\"},\"image\":{\"@id\":\"https:\\\/\\\/anadolupet.com.tr\\\/#\\\/schema\\\/logo\\\/image\\\/\"}}]}<\/script>\n<!-- \/ Yoast SEO plugin. -->","yoast_head_json":{"title":"Hill's PD GI BIOME Tavuklu ve Sebzeli K\u00f6pek G\u00fcveci 354G - Anadolu Pet Grup","robots":{"index":"index","follow":"follow","max-snippet":"max-snippet:-1","max-image-preview":"max-image-preview:large","max-video-preview":"max-video-preview:-1"},"canonical":"https:\/\/anadolupet.com.tr\/en\/product\/hills-pd-gi-biome-tavuklu-ve-sebzeli-kopek-guveci-354g\/","og_locale":"en_US","og_type":"article","og_title":"Hill's PD GI BIOME Tavuklu ve Sebzeli K\u00f6pek G\u00fcveci 354G - Anadolu Pet Grup","og_description":"Hill's PRESCRIPTION DIET GI dog food, g\u00fcnl\u00fck olarak, prebiyotiklerin tescilli bir kar\u0131\u015f\u0131m\u0131 olan ActivBiome+ teknolojisine sahiptir ve klinik olarak 24 saat i\u00e7inde sert gev\u015fek d\u0131\u015fk\u0131ya yard\u0131mc\u0131 oldu\u011fu ve tekrarlama riskini azaltt\u0131\u011f\u0131 g\u00f6sterilmi\u015ftir. \u00d6zellikle sa\u011fl\u0131kl\u0131 d\u0131\u015fk\u0131y\u0131 ve genel sindirim sa\u011fl\u0131\u011f\u0131n\u0131 desteklemek i\u00e7indir. Bu y\u00fcksek lifli k\u00f6pek mamas\u0131 ayr\u0131ca struvit ve kalsiyum oksalat kristalleri olu\u015fma riskini azaltan bir idrar ortam\u0131n\u0131 da destekler. Bu dayan\u0131lmaz g\u00fcve\u00e7, sosta \u0131s\u0131r\u0131k b\u00fcy\u00fckl\u00fc\u011f\u00fcnde lezzetli par\u00e7alar i\u00e7erir ve k\u00f6pe\u011finizin sevece\u011fi tavuk ve havu\u00e7 gibi sa\u011fl\u0131kl\u0131 malzemelerle yap\u0131l\u0131r. K\u00f6pe\u011finizin sindirim sistemi sa\u011fl\u0131\u011f\u0131, pek \u00e7ok \u015feyden olumsuz etkilenebilir ve k\u00f6pe\u011finizin sindirim sistemi sorunu oldu\u011funda, bu durum ilgili herkes i\u00e7in tamamen tats\u0131z bir deneyimdir. \u0130yi haber \u015fu ki; mikrobiyom sa\u011fl\u0131\u011f\u0131n\u0131 - evcil hayvan\u0131n\u0131z\u0131n benzersiz ba\u011f\u0131rsak ekosistemini - GI bak\u0131m\u0131n\u0131n \u00f6n saflar\u0131na koyarak, liflere duyarl\u0131 GI sorunlar\u0131na yakla\u015f\u0131mda devrim yaratan bir mamayla, k\u00f6pe\u011finizin daha iyi hissetmesine yard\u0131mc\u0131 olabilirsiniz. Semptomlar\u0131 d\u00fczeldikten sonra bile k\u00f6pe\u011finizin sindirim sistemi sa\u011fl\u0131\u011f\u0131n\u0131 korumaya yard\u0131mc\u0131 olmak i\u00e7in PRESCRIPTION DIET Gastrointestinal Biome Digestive Care Dog Food ile beslemeye devam etmek \u00f6nemlidir. PRESCRIPTION DIET mamalar\u0131n\u0131n k\u00f6pe\u011finizin mutlu ve aktif bir ya\u015fam s\u00fcrmeye devam etmesine nas\u0131l yard\u0131mc\u0131 olabilece\u011fi hakk\u0131nda daha fazla bilgi almak i\u00e7in veteriner hekiminize dan\u0131\u015f\u0131n. Evcil hayvan\u0131n\u0131z\u0131n ya\u015fam\u0131n\u0131 de\u011fi\u015ftirmeye yard\u0131mc\u0131 olan harika bir lezzete sahip beslenme. Size ba\u011fl\u0131 olduklar\u0131 i\u00e7in, onlara m\u00fcmk\u00fcn olan en iyi mamay\u0131 sa\u011flamaya \u00e7al\u0131\u015f\u0131yoruz. PRESCRIPTION DIET k\u00f6pek mamas\u0131, k\u00f6pe\u011finizin benzersiz sa\u011fl\u0131k ihtiya\u00e7lar\u0131n\u0131 kar\u015f\u0131lamak i\u00e7in bilimi temel alan form\u00fclleriyle, uzun ve mutlu bir ya\u015fam s\u00fcrmeleri i\u00e7in ihtiya\u00e7 duyduklar\u0131 hedeflenen beslenmedir. Evcil hayvan mamalar\u0131m\u0131z\u0131 en kaliteli malzemelerle \u00fcretiyoruz. Bu malzemeler, safl\u0131k ve besin i\u00e7eri\u011fi i\u00e7in kat\u0131 gereksinimlerimizi kar\u015f\u0131lamal\u0131d\u0131r. Bar\u0131nak hayvanlar\u0131n\u0131n ya\u015famlar\u0131nda bir fark yaratabilirsiniz. Sat\u0131n ald\u0131\u011f\u0131n\u0131z her Hill's PRESCRIPTION DIET evcil hayvan mamas\u0131yla, y\u0131lda 365 g\u00fcn, yani her g\u00fcn 100.000'den fazla evsiz evcil hayvan\u0131n beslenmesine yard\u0131mc\u0131 olursunuz. hillsfoodshelterlove.com adresinden daha fazla bilgi edinin. Hill's PRESCRIPTION DIET k\u00f6pek mamas\u0131, k\u00f6pe\u011finizin benzersiz ihtiya\u00e7lar\u0131 i\u00e7in k\u00f6pe\u011finizin bay\u0131larak yiyece\u011fi \u00e7e\u015fitli kuru ve ya\u015f mama se\u00e7enekleri sunmaktad\u0131r. \u0130\u00c7\u0130NDEK\u0130LER: Et ve hayvansal t\u00fcrevler (tavuk %8), bitkisel orjinli t\u00fcrevler, tah\u0131llar, bitkisel protein ekstraktlar\u0131, sebzeler (havu\u00e7 %0,8), s\u0131v\u0131 ve kat\u0131 ya\u011flar, mineraller, meyveler, tohumlar. Sindirilebilirli\u011fi y\u00fcksek malzemeler: Tavuk, domuz karaci\u011feri, pirin\u00e7 unu, pirin\u00e7 ni\u015fastas\u0131, bitkisel ya\u011f. KG BA\u015eINA KATKI MADDELER\u0130: Besinsel katk\u0131 maddeleri: 3b103 (Demir) 10.6mg, 3b202 (\u0130yot) 0,3mg, 3b405 (Bak\u0131r) 1,0mg, 3b503 (Manganez) 2,3mg, 3b603 (\u00c7inko) 33,7mg. Teknolojik katk\u0131 maddesi: Potasyum aljinat 4,8g. ANAL\u0130T\u0130K B\u0130LE\u015eENLER: Protein %5,4, Ya\u011f i\u00e7eri\u011fi %3,2, Ham sel\u00fcloz %1,6, Ham k\u00fcl %1,4, Nem %78,5, Kalsiyum %0,23, Fosfor %0,12, Sodyum %0,07, Potasyum %0,20, Magnezyum %0,02; kg ba\u015f\u0131na: A Vitamini 11.401IU, Vitamini D3 293IU. BESLEME TAL\u0130MATI: Yaln\u0131zca \u00f6nerilen PRESCRIPTION DIET mama ile besleyin. Kullanmadan \u00f6nce veteriner hekiminizden evcil hayvan\u0131n\u0131z i\u00e7in \u00f6zel besleme talimatlar\u0131n\u0131 isteyin. B\u00fct\u00fcn besleme talimatlar\u0131 i\u00e7in l\u00fctfen ambalaja bak\u0131n. Mama miktar\u0131n\u0131 ideal kiloyu koruyacak \u015fekilde ayarlay\u0131n. Emin de\u011filseniz veteriner hekiminize sorun. Gram en do\u011fru \u00f6l\u00e7\u00fcm \u015feklidir; bardaklar gram cinsinden tahmin edilir. Bu mamay\u0131 ilk defa m\u0131 kullan\u0131yorsunuz? 7 g\u00fcnl\u00fck bir s\u00fcre boyunca eski mama miktar\u0131n\u0131 bir kar\u0131\u015f\u0131m i\u00e7erisinde kademeli olarak azalt\u0131p yeni mamay\u0131 kademeli olarak art\u0131r\u0131n. Temiz ve taze suyu daima haz\u0131r bulundurun! Evcil hayvan\u0131n\u0131z\u0131n beslenme ihtiya\u00e7lar\u0131 ya\u015fland\u0131k\u00e7a de\u011fi\u015febilir. Her muayenede veteriner hekiminize sorun.","og_url":"https:\/\/anadolupet.com.tr\/en\/product\/hills-pd-gi-biome-tavuklu-ve-sebzeli-kopek-guveci-354g\/","og_site_name":"Anadolu Pet Grup","article_modified_time":"2026-02-23T12:48:45+00:00","og_image":[{"width":750,"height":750,"url":"https:\/\/anadolupet.com.tr\/wp-content\/uploads\/2026\/02\/645-605650.jpg","type":"image\/jpeg"}],"twitter_card":"summary_large_image","schema":{"@context":"https:\/\/schema.org","@graph":[{"@type":"WebPage","@id":"https:\/\/anadolupet.com.tr\/urun\/hills-pd-gi-biome-tavuklu-ve-sebzeli-kopek-guveci-354g\/","url":"https:\/\/anadolupet.com.tr\/urun\/hills-pd-gi-biome-tavuklu-ve-sebzeli-kopek-guveci-354g\/","name":"Hill's PD GI BIOME Tavuklu ve Sebzeli K\u00f6pek G\u00fcveci 354G - Anadolu Pet Grup","isPartOf":{"@id":"https:\/\/anadolupet.com.tr\/#website"},"primaryImageOfPage":{"@id":"https:\/\/anadolupet.com.tr\/urun\/hills-pd-gi-biome-tavuklu-ve-sebzeli-kopek-guveci-354g\/#primaryimage"},"image":{"@id":"https:\/\/anadolupet.com.tr\/urun\/hills-pd-gi-biome-tavuklu-ve-sebzeli-kopek-guveci-354g\/#primaryimage"},"thumbnailUrl":"https:\/\/anadolupet.com.tr\/wp-content\/uploads\/2026\/02\/645-605650.jpg","datePublished":"2026-02-14T14:41:24+00:00","dateModified":"2026-02-23T12:48:45+00:00","breadcrumb":{"@id":"https:\/\/anadolupet.com.tr\/urun\/hills-pd-gi-biome-tavuklu-ve-sebzeli-kopek-guveci-354g\/#breadcrumb"},"inLanguage":"en-US","potentialAction":[{"@type":"ReadAction","target":["https:\/\/anadolupet.com.tr\/urun\/hills-pd-gi-biome-tavuklu-ve-sebzeli-kopek-guveci-354g\/"]}]},{"@type":"ImageObject","inLanguage":"en-US","@id":"https:\/\/anadolupet.com.tr\/urun\/hills-pd-gi-biome-tavuklu-ve-sebzeli-kopek-guveci-354g\/#primaryimage","url":"https:\/\/anadolupet.com.tr\/wp-content\/uploads\/2026\/02\/645-605650.jpg","contentUrl":"https:\/\/anadolupet.com.tr\/wp-content\/uploads\/2026\/02\/645-605650.jpg","width":750,"height":750},{"@type":"BreadcrumbList","@id":"https:\/\/anadolupet.com.tr\/urun\/hills-pd-gi-biome-tavuklu-ve-sebzeli-kopek-guveci-354g\/#breadcrumb","itemListElement":[{"@type":"ListItem","position":1,"name":"Anasayfa","item":"https:\/\/anadolupet.com.tr\/"},{"@type":"ListItem","position":2,"name":"\u00dcr\u00fcnler","item":"https:\/\/anadolupet.com.tr\/urunler\/"},{"@type":"ListItem","position":3,"name":"Hill&#8217;s PD GI BIOME Tavuklu ve Sebzeli K\u00f6pek G\u00fcveci 354G"}]},{"@type":"WebSite","@id":"https:\/\/anadolupet.com.tr\/#website","url":"https:\/\/anadolupet.com.tr\/","name":"Anadolu Pet Group","description":"We Stand Together for the Well-Being of Every Life","publisher":{"@id":"https:\/\/anadolupet.com.tr\/#organization"},"potentialAction":[{"@type":"SearchAction","target":{"@type":"EntryPoint","urlTemplate":"https:\/\/anadolupet.com.tr\/?s={search_term_string}"},"query-input":{"@type":"PropertyValueSpecification","valueRequired":true,"valueName":"search_term_string"}}],"inLanguage":"en-US"},{"@type":"Organization","@id":"https:\/\/anadolupet.com.tr\/#organization","name":"Anadolu Pet Group","alternateName":"Anadolu Pet","url":"https:\/\/anadolupet.com.tr\/","logo":{"@type":"ImageObject","inLanguage":"en-US","@id":"https:\/\/anadolupet.com.tr\/#\/schema\/logo\/image\/","url":"https:\/\/anadolupet.com.tr\/wp-content\/uploads\/2026\/03\/1614666743370.jpg","contentUrl":"https:\/\/anadolupet.com.tr\/wp-content\/uploads\/2026\/03\/1614666743370.jpg","width":800,"height":571,"caption":"Anadolu Pet Grup"},"image":{"@id":"https:\/\/anadolupet.com.tr\/#\/schema\/logo\/image\/"}}]}},"_links":{"self":[{"href":"https:\/\/anadolupet.com.tr\/en\/wp-json\/wp\/v2\/product\/45342","targetHints":{"allow":["GET"]}}],"collection":[{"href":"https:\/\/anadolupet.com.tr\/en\/wp-json\/wp\/v2\/product"}],"about":[{"href":"https:\/\/anadolupet.com.tr\/en\/wp-json\/wp\/v2\/types\/product"}],"replies":[{"embeddable":true,"href":"https:\/\/anadolupet.com.tr\/en\/wp-json\/wp\/v2\/comments?post=45342"}],"wp:featuredmedia":[{"embeddable":true,"href":"https:\/\/anadolupet.com.tr\/en\/wp-json\/wp\/v2\/media\/44411"}],"wp:attachment":[{"href":"https:\/\/anadolupet.com.tr\/en\/wp-json\/wp\/v2\/media?parent=45342"}],"wp:term":[{"taxonomy":"product_brand","embeddable":true,"href":"https:\/\/anadolupet.com.tr\/en\/wp-json\/wp\/v2\/product_brand?post=45342"},{"taxonomy":"product_cat","embeddable":true,"href":"https:\/\/anadolupet.com.tr\/en\/wp-json\/wp\/v2\/product_cat?post=45342"},{"taxonomy":"product_tag","embeddable":true,"href":"https:\/\/anadolupet.com.tr\/en\/wp-json\/wp\/v2\/product_tag?post=45342"}],"curies":[{"name":"wp","href":"https:\/\/api.w.org\/{rel}","templated":true}]}}