{"id":45345,"date":"2026-02-14T14:41:24","date_gmt":"2026-02-14T14:41:24","guid":{"rendered":"https:\/\/anadolupet.com.tr\/urun\/hills-pd-i-d-kedi-mamasi-3kg\/"},"modified":"2026-02-23T12:48:45","modified_gmt":"2026-02-23T12:48:45","slug":"hills-pd-i-d-kedi-mamasi-3kg","status":"publish","type":"product","link":"https:\/\/anadolupet.com.tr\/en\/urun\/hills-pd-i-d-kedi-mamasi-3kg\/","title":{"rendered":"Hill&#8217;s PD I\/D Kedi Mamas\u0131 3KG"},"content":{"rendered":"","protected":false},"excerpt":{"rendered":"<p>L\u00fctfen unutmay\u0131n; ActivBiome+ teknolojisinin eklenmesinden \u00f6nce bu diyet \u00fcr\u00fcn\u00fc daha \u00f6nce kullanm\u0131\u015f olan m\u00fc\u015fteriler i\u00e7in evcil hayvan\u0131n\u0131z\u0131, 7 g\u00fcnl\u00fck bir s\u00fcre i\u00e7inde bu y\u00fckseltilmi\u015f form\u00fcle ge\u00e7irmeniz \u00f6nerilir. Herhangi bir ek bilgi i\u00e7in l\u00fctfen veteriner hekiminize dan\u0131\u015f\u0131n.<br \/>\nHill&#8217;s PRESCRIPTION DIET i\/d kedi mamas\u0131, sindirim sistemi bozukluklar\u0131n\u0131 azaltmaya ve kolay besin emilimini sa\u011flamaya yard\u0131mc\u0131 olmak i\u00e7in \u00f6zel olarak form\u00fcle edilmi\u015f y\u00fcksek sindirilebilir bir besindir. Bu olduk\u00e7a sindirilebilir kedi mamas\u0131, kaybolan besin maddelerinin yerine konmas\u0131na yard\u0131mc\u0131 olmak i\u00e7in elektrolitler ve B vitaminleri ile zenginle\u015ftirilmi\u015ftir. PRECRIPTION DIET i\/d, optimum d\u0131\u015fk\u0131 kalitesini ve sindirim sistemi sa\u011fl\u0131\u011f\u0131n\u0131 desteklemek i\u00e7in ba\u011f\u0131rsak mikrobiyomunu h\u0131zla besledi\u011fi klinik olarak g\u00f6sterilen prebiyotik liflerin \u00f6zel bir kar\u0131\u015f\u0131m\u0131 olan Hill&#8217;in tescilli ActivBiome+ i\u00e7erik teknolojisi ile yap\u0131l\u0131r. Bu kuru kedi mamas\u0131 tavukla yap\u0131l\u0131r ve kedinizin sevece\u011fi lezzetli bir tada sahiptir.<br \/>\nSemptomlar\u0131 d\u00fczeldikten sonra bile kedinizin sindirim sa\u011fl\u0131\u011f\u0131n\u0131 korumaya yard\u0131mc\u0131 olmak i\u00e7in<strong> RECRIPTION DIET i\/d Sindirim Sistemi Bak\u0131m\u0131 Kedi Mamas\u0131n\u0131<\/strong> beslemeye devam etmek \u00f6nemlidir. PRESCRIPTION DIET mamalar\u0131n\u0131n kedinizin mutlu ve aktif bir ya\u015fam s\u00fcrmeye devam etmesine nas\u0131l yard\u0131mc\u0131 olabilece\u011fi hakk\u0131nda daha fazla bilgi i\u00e7in veteriner hekiminize dan\u0131\u015f\u0131n.<br \/>\nEvcil hayvan\u0131n\u0131z\u0131n hayat\u0131n\u0131 de\u011fi\u015ftirmeye yard\u0131mc\u0131 olan harika tada sahip beslenme. Size sorumluluklar\u0131n\u0131zda olduklar\u0131 i\u00e7in, insanca, m\u00fcmk\u00fcn olan en iyi mamay\u0131 sa\u011flamaya \u00e7al\u0131\u015f\u0131yoruz. Kedinizin benzersiz sa\u011fl\u0131k ihtiya\u00e7lar\u0131n\u0131 kar\u015f\u0131lamak i\u00e7in bilime \u00f6ncelik veren form\u00fcllerle, PRESCRIPTION DIET kedi mamas\u0131, uzun ve mutlu bir ya\u015fam s\u00fcrmeleri i\u00e7in ihtiya\u00e7 duyduklar\u0131 hedeflenen beslenmedir.<br \/>\nEvcil hayvan mamalar\u0131m\u0131z\u0131 en y\u00fcksek kaliteli malzemelerle \u00fcretiyoruz. Bu malzemeler, safl\u0131k ve besin i\u00e7eri\u011fi konusundaki kat\u0131 kriterlerimizi kar\u015f\u0131lar.<br \/>\nHill&#8217;s PRESCRIPTION DIET evcil hayvan mamalar\u0131 ve \u00f6d\u00fcl mamalar\u0131, kedinizin benzersiz ihtiya\u00e7lar\u0131n\u0131 kar\u015f\u0131lamak i\u00e7in haz\u0131rlanan ve kedinizin bay\u0131laca\u011f\u0131 lezzetler i\u00e7eren, \u00e7e\u015fitli kuru ve ya\u015f konserve mamalar sunmaktad\u0131r.<br \/>\n\u0130\u00c7\u0130NDEK\u0130LER: Et ve hayvan t\u00fcrevleri (tavuk 19%), tah\u0131llar, s\u0131v\u0131 ve kat\u0131 ya\u011flar, bitkisel protein ekstrat\u0131, yumurta ve yumurta t\u00fcrevleri, bitkisel orjinli t\u00fcrevler, mineraller, meyve, tohumlar. Y\u00fcksek sindirilebilirli\u011fe sahip i\u00e7erikler: Tavuk ve hindi unu, k\u0131r\u0131k pirin\u00e7, m\u0131s\u0131r, hayvansal ya\u011f, m\u0131s\u0131r gluteni unu, kurutulmu\u015f b\u00fct\u00fcn yumurta. ActivBiome+ prebiyotik kar\u0131\u015f\u0131m\u0131 (%4): \u00d6\u011f\u00fct\u00fclm\u00fc\u015f pekan kabu\u011fu, kurutulmu\u015f pancar k\u00fcspesi, keten tohumu, kurutulmu\u015f turu\u00e7giller posas\u0131, kurutulmu\u015f k\u0131z\u0131lc\u0131k.<br \/>\nKG BA\u015eINA KATKILAR: Besinsel katk\u0131lar: 3b103 (Demir) 95,6mg, 3b202 (\u0130yodin) 4,2mg, 3b405 (Bak\u0131r) 11,2mg, 3b502 (Manganez) 9,9mg, 3b603 (\u00c7inko) 148mg, do\u011fal antioksidan ile.<br \/>\nANAL\u0130T\u0130K B\u0130LE\u015eENLER: Protein 36,8%, Ya\u011f i\u00e7eri\u011fi 19,9%, Ham sel\u00fcloz 2,2%, Ham k\u00fcl 6,6%, Kalsiyum 1,1%, Fosfor 0,80%, Sodyum 0,37%, Potasyum 0,87%, Magnezyum 0,08%; kg ba\u015f\u0131na: A Vitamini 8.969IU, D3 Vitamini 746IU, E Vitamini 740mg, C Vitamini 100mg, Beta-karoten 2,1mg, B1 Vitamini 23,3mg, B 12 Vitamini 0,17mg.<br \/>\nHill&#8217;s PRESCRIPTION DIET i\/d Tavuklu Kedi Mamas\u0131, kedilerde ba\u011f\u0131rsak emilim bozukluklar\u0131n\u0131n azalt\u0131lmas\u0131, sindirim bozukluklar\u0131n\u0131n ve ekzokrin pankreas yetmezli\u011finin giderilmesi i\u00e7in y\u00fcksek oranda sindirilebilir tam diyetetik evcil hayvan mamas\u0131d\u0131r. Bu mama, sodyum ve potasyumun art\u0131r\u0131lm\u0131\u015f seviyeleri ile y\u00fcksek sindirilebilirli\u011fe sahip malzemeler i\u00e7erir.<br \/>\nBESLEME TAL\u0130MATI: Yaln\u0131zca \u00f6nerilen PRESCRIPTION DIET mamas\u0131n\u0131 besleyin. B\u00fct\u00fcn besleme talimatlar\u0131 i\u00e7in l\u00fctfen pakete bak\u0131n\u0131z. Mama miktar\u0131n\u0131 ideal kiloyu koruyacak \u015fekilde ayarlay\u0131n. E\u011fer emin de\u011fil iseniz, veteriner hekiminize dan\u0131\u015f\u0131n\u0131z. Bu mamay\u0131 ilk defa m\u0131 kullan\u0131yorsunuz? Eski mama ile yeni maman\u0131n bir kar\u0131\u015f\u0131m\u0131n\u0131 haz\u0131rlay\u0131n\u0131z ve eski maman\u0131n miktar\u0131n\u0131 kademeli olarak azaltarak 7 g\u00fcn sonunda yeni mamaya tamamen ge\u00e7i\u015f yap\u0131n\u0131z. Her zaman taze ve temiz su bulundurdu\u011funuzdan emin olunuz! Evcil hayvan\u0131n\u0131z\u0131n ihtiya\u00e7lar\u0131, o ya\u015fland\u0131k\u00e7a de\u011fi\u015fiklik g\u00f6sterebilir. Veteriner hekiminize her kontrolde sormay\u0131 ihmal etmeyiniz.<\/p>","protected":false},"featured_media":44302,"comment_status":"open","ping_status":"closed","template":"","meta":{"_acf_changed":false},"product_brand":[],"product_cat":[2456],"product_tag":[],"class_list":{"0":"post-45345","1":"product","2":"type-product","3":"status-publish","4":"has-post-thumbnail","6":"product_cat-receteli-diyet-kopek-mamalari","8":"first","9":"instock","10":"shipping-taxable","11":"product-type-simple"},"acf":[],"yoast_head":"<!-- This site is optimized with the Yoast SEO plugin v27.4 - https:\/\/yoast.com\/product\/yoast-seo-wordpress\/ -->\n<title>Hill&#039;s PD I\/D Kedi Mamas\u0131 3KG - Anadolu Pet Grup<\/title>\n<meta name=\"robots\" content=\"index, follow, max-snippet:-1, max-image-preview:large, max-video-preview:-1\" \/>\n<link rel=\"canonical\" href=\"https:\/\/anadolupet.com.tr\/en\/product\/hills-pd-i-d-kedi-mamasi-3kg\/\" \/>\n<meta property=\"og:locale\" content=\"en_US\" \/>\n<meta property=\"og:type\" content=\"article\" \/>\n<meta property=\"og:title\" content=\"Hill&#039;s PD I\/D Kedi Mamas\u0131 3KG - Anadolu Pet Grup\" \/>\n<meta property=\"og:description\" content=\"L\u00fctfen unutmay\u0131n; ActivBiome+ teknolojisinin eklenmesinden \u00f6nce bu diyet \u00fcr\u00fcn\u00fc daha \u00f6nce kullanm\u0131\u015f olan m\u00fc\u015fteriler i\u00e7in evcil hayvan\u0131n\u0131z\u0131, 7 g\u00fcnl\u00fck bir s\u00fcre i\u00e7inde bu y\u00fckseltilmi\u015f form\u00fcle ge\u00e7irmeniz \u00f6nerilir. Herhangi bir ek bilgi i\u00e7in l\u00fctfen veteriner hekiminize dan\u0131\u015f\u0131n. Hill&#039;s PRESCRIPTION DIET i\/d kedi mamas\u0131, sindirim sistemi bozukluklar\u0131n\u0131 azaltmaya ve kolay besin emilimini sa\u011flamaya yard\u0131mc\u0131 olmak i\u00e7in \u00f6zel olarak form\u00fcle edilmi\u015f y\u00fcksek sindirilebilir bir besindir. Bu olduk\u00e7a sindirilebilir kedi mamas\u0131, kaybolan besin maddelerinin yerine konmas\u0131na yard\u0131mc\u0131 olmak i\u00e7in elektrolitler ve B vitaminleri ile zenginle\u015ftirilmi\u015ftir. PRECRIPTION DIET i\/d, optimum d\u0131\u015fk\u0131 kalitesini ve sindirim sistemi sa\u011fl\u0131\u011f\u0131n\u0131 desteklemek i\u00e7in ba\u011f\u0131rsak mikrobiyomunu h\u0131zla besledi\u011fi klinik olarak g\u00f6sterilen prebiyotik liflerin \u00f6zel bir kar\u0131\u015f\u0131m\u0131 olan Hill&#039;in tescilli ActivBiome+ i\u00e7erik teknolojisi ile yap\u0131l\u0131r. Bu kuru kedi mamas\u0131 tavukla yap\u0131l\u0131r ve kedinizin sevece\u011fi lezzetli bir tada sahiptir. Semptomlar\u0131 d\u00fczeldikten sonra bile kedinizin sindirim sa\u011fl\u0131\u011f\u0131n\u0131 korumaya yard\u0131mc\u0131 olmak i\u00e7in RECRIPTION DIET i\/d Sindirim Sistemi Bak\u0131m\u0131 Kedi Mamas\u0131n\u0131 beslemeye devam etmek \u00f6nemlidir. PRESCRIPTION DIET mamalar\u0131n\u0131n kedinizin mutlu ve aktif bir ya\u015fam s\u00fcrmeye devam etmesine nas\u0131l yard\u0131mc\u0131 olabilece\u011fi hakk\u0131nda daha fazla bilgi i\u00e7in veteriner hekiminize dan\u0131\u015f\u0131n. Evcil hayvan\u0131n\u0131z\u0131n hayat\u0131n\u0131 de\u011fi\u015ftirmeye yard\u0131mc\u0131 olan harika tada sahip beslenme. Size sorumluluklar\u0131n\u0131zda olduklar\u0131 i\u00e7in, insanca, m\u00fcmk\u00fcn olan en iyi mamay\u0131 sa\u011flamaya \u00e7al\u0131\u015f\u0131yoruz. Kedinizin benzersiz sa\u011fl\u0131k ihtiya\u00e7lar\u0131n\u0131 kar\u015f\u0131lamak i\u00e7in bilime \u00f6ncelik veren form\u00fcllerle, PRESCRIPTION DIET kedi mamas\u0131, uzun ve mutlu bir ya\u015fam s\u00fcrmeleri i\u00e7in ihtiya\u00e7 duyduklar\u0131 hedeflenen beslenmedir. Evcil hayvan mamalar\u0131m\u0131z\u0131 en y\u00fcksek kaliteli malzemelerle \u00fcretiyoruz. Bu malzemeler, safl\u0131k ve besin i\u00e7eri\u011fi konusundaki kat\u0131 kriterlerimizi kar\u015f\u0131lar. Hill&#039;s PRESCRIPTION DIET evcil hayvan mamalar\u0131 ve \u00f6d\u00fcl mamalar\u0131, kedinizin benzersiz ihtiya\u00e7lar\u0131n\u0131 kar\u015f\u0131lamak i\u00e7in haz\u0131rlanan ve kedinizin bay\u0131laca\u011f\u0131 lezzetler i\u00e7eren, \u00e7e\u015fitli kuru ve ya\u015f konserve mamalar sunmaktad\u0131r. \u0130\u00c7\u0130NDEK\u0130LER: Et ve hayvan t\u00fcrevleri (tavuk 19%), tah\u0131llar, s\u0131v\u0131 ve kat\u0131 ya\u011flar, bitkisel protein ekstrat\u0131, yumurta ve yumurta t\u00fcrevleri, bitkisel orjinli t\u00fcrevler, mineraller, meyve, tohumlar. Y\u00fcksek sindirilebilirli\u011fe sahip i\u00e7erikler: Tavuk ve hindi unu, k\u0131r\u0131k pirin\u00e7, m\u0131s\u0131r, hayvansal ya\u011f, m\u0131s\u0131r gluteni unu, kurutulmu\u015f b\u00fct\u00fcn yumurta. ActivBiome+ prebiyotik kar\u0131\u015f\u0131m\u0131 (%4): \u00d6\u011f\u00fct\u00fclm\u00fc\u015f pekan kabu\u011fu, kurutulmu\u015f pancar k\u00fcspesi, keten tohumu, kurutulmu\u015f turu\u00e7giller posas\u0131, kurutulmu\u015f k\u0131z\u0131lc\u0131k. KG BA\u015eINA KATKILAR: Besinsel katk\u0131lar: 3b103 (Demir) 95,6mg, 3b202 (\u0130yodin) 4,2mg, 3b405 (Bak\u0131r) 11,2mg, 3b502 (Manganez) 9,9mg, 3b603 (\u00c7inko) 148mg, do\u011fal antioksidan ile. ANAL\u0130T\u0130K B\u0130LE\u015eENLER: Protein 36,8%, Ya\u011f i\u00e7eri\u011fi 19,9%, Ham sel\u00fcloz 2,2%, Ham k\u00fcl 6,6%, Kalsiyum 1,1%, Fosfor 0,80%, Sodyum 0,37%, Potasyum 0,87%, Magnezyum 0,08%; kg ba\u015f\u0131na: A Vitamini 8.969IU, D3 Vitamini 746IU, E Vitamini 740mg, C Vitamini 100mg, Beta-karoten 2,1mg, B1 Vitamini 23,3mg, B 12 Vitamini 0,17mg. Hill&#039;s PRESCRIPTION DIET i\/d Tavuklu Kedi Mamas\u0131, kedilerde ba\u011f\u0131rsak emilim bozukluklar\u0131n\u0131n azalt\u0131lmas\u0131, sindirim bozukluklar\u0131n\u0131n ve ekzokrin pankreas yetmezli\u011finin giderilmesi i\u00e7in y\u00fcksek oranda sindirilebilir tam diyetetik evcil hayvan mamas\u0131d\u0131r. Bu mama, sodyum ve potasyumun art\u0131r\u0131lm\u0131\u015f seviyeleri ile y\u00fcksek sindirilebilirli\u011fe sahip malzemeler i\u00e7erir. BESLEME TAL\u0130MATI: Yaln\u0131zca \u00f6nerilen PRESCRIPTION DIET mamas\u0131n\u0131 besleyin. B\u00fct\u00fcn besleme talimatlar\u0131 i\u00e7in l\u00fctfen pakete bak\u0131n\u0131z. Mama miktar\u0131n\u0131 ideal kiloyu koruyacak \u015fekilde ayarlay\u0131n. E\u011fer emin de\u011fil iseniz, veteriner hekiminize dan\u0131\u015f\u0131n\u0131z. Bu mamay\u0131 ilk defa m\u0131 kullan\u0131yorsunuz? Eski mama ile yeni maman\u0131n bir kar\u0131\u015f\u0131m\u0131n\u0131 haz\u0131rlay\u0131n\u0131z ve eski maman\u0131n miktar\u0131n\u0131 kademeli olarak azaltarak 7 g\u00fcn sonunda yeni mamaya tamamen ge\u00e7i\u015f yap\u0131n\u0131z. Her zaman taze ve temiz su bulundurdu\u011funuzdan emin olunuz! Evcil hayvan\u0131n\u0131z\u0131n ihtiya\u00e7lar\u0131, o ya\u015fland\u0131k\u00e7a de\u011fi\u015fiklik g\u00f6sterebilir. Veteriner hekiminize her kontrolde sormay\u0131 ihmal etmeyiniz.\" \/>\n<meta property=\"og:url\" content=\"https:\/\/anadolupet.com.tr\/en\/product\/hills-pd-i-d-kedi-mamasi-3kg\/\" \/>\n<meta property=\"og:site_name\" content=\"Anadolu Pet Grup\" \/>\n<meta property=\"article:modified_time\" content=\"2026-02-23T12:48:45+00:00\" \/>\n<meta property=\"og:image\" content=\"https:\/\/anadolupet.com.tr\/wp-content\/uploads\/2026\/02\/630-605877.jpg\" \/>\n\t<meta property=\"og:image:width\" content=\"750\" \/>\n\t<meta property=\"og:image:height\" content=\"750\" \/>\n\t<meta property=\"og:image:type\" content=\"image\/jpeg\" \/>\n<meta name=\"twitter:card\" content=\"summary_large_image\" \/>\n<script type=\"application\/ld+json\" class=\"yoast-schema-graph\">{\"@context\":\"https:\\\/\\\/schema.org\",\"@graph\":[{\"@type\":\"WebPage\",\"@id\":\"https:\\\/\\\/anadolupet.com.tr\\\/urun\\\/hills-pd-i-d-kedi-mamasi-3kg\\\/\",\"url\":\"https:\\\/\\\/anadolupet.com.tr\\\/urun\\\/hills-pd-i-d-kedi-mamasi-3kg\\\/\",\"name\":\"Hill's PD I\\\/D Kedi Mamas\u0131 3KG - Anadolu Pet Grup\",\"isPartOf\":{\"@id\":\"https:\\\/\\\/anadolupet.com.tr\\\/#website\"},\"primaryImageOfPage\":{\"@id\":\"https:\\\/\\\/anadolupet.com.tr\\\/urun\\\/hills-pd-i-d-kedi-mamasi-3kg\\\/#primaryimage\"},\"image\":{\"@id\":\"https:\\\/\\\/anadolupet.com.tr\\\/urun\\\/hills-pd-i-d-kedi-mamasi-3kg\\\/#primaryimage\"},\"thumbnailUrl\":\"https:\\\/\\\/anadolupet.com.tr\\\/wp-content\\\/uploads\\\/2026\\\/02\\\/630-605877.jpg\",\"datePublished\":\"2026-02-14T14:41:24+00:00\",\"dateModified\":\"2026-02-23T12:48:45+00:00\",\"breadcrumb\":{\"@id\":\"https:\\\/\\\/anadolupet.com.tr\\\/urun\\\/hills-pd-i-d-kedi-mamasi-3kg\\\/#breadcrumb\"},\"inLanguage\":\"en-US\",\"potentialAction\":[{\"@type\":\"ReadAction\",\"target\":[\"https:\\\/\\\/anadolupet.com.tr\\\/urun\\\/hills-pd-i-d-kedi-mamasi-3kg\\\/\"]}]},{\"@type\":\"ImageObject\",\"inLanguage\":\"en-US\",\"@id\":\"https:\\\/\\\/anadolupet.com.tr\\\/urun\\\/hills-pd-i-d-kedi-mamasi-3kg\\\/#primaryimage\",\"url\":\"https:\\\/\\\/anadolupet.com.tr\\\/wp-content\\\/uploads\\\/2026\\\/02\\\/630-605877.jpg\",\"contentUrl\":\"https:\\\/\\\/anadolupet.com.tr\\\/wp-content\\\/uploads\\\/2026\\\/02\\\/630-605877.jpg\",\"width\":750,\"height\":750},{\"@type\":\"BreadcrumbList\",\"@id\":\"https:\\\/\\\/anadolupet.com.tr\\\/urun\\\/hills-pd-i-d-kedi-mamasi-3kg\\\/#breadcrumb\",\"itemListElement\":[{\"@type\":\"ListItem\",\"position\":1,\"name\":\"Anasayfa\",\"item\":\"https:\\\/\\\/anadolupet.com.tr\\\/\"},{\"@type\":\"ListItem\",\"position\":2,\"name\":\"\u00dcr\u00fcnler\",\"item\":\"https:\\\/\\\/anadolupet.com.tr\\\/urunler\\\/\"},{\"@type\":\"ListItem\",\"position\":3,\"name\":\"Hill&#8217;s PD I\\\/D Kedi Mamas\u0131 3KG\"}]},{\"@type\":\"WebSite\",\"@id\":\"https:\\\/\\\/anadolupet.com.tr\\\/#website\",\"url\":\"https:\\\/\\\/anadolupet.com.tr\\\/\",\"name\":\"Anadolu Pet Grup\",\"description\":\"Her Can\u0131n \u0130yi Ya\u015fam\u0131 \u0130\u00e7in Biraraday\u0131z\",\"publisher\":{\"@id\":\"https:\\\/\\\/anadolupet.com.tr\\\/#organization\"},\"potentialAction\":[{\"@type\":\"SearchAction\",\"target\":{\"@type\":\"EntryPoint\",\"urlTemplate\":\"https:\\\/\\\/anadolupet.com.tr\\\/?s={search_term_string}\"},\"query-input\":{\"@type\":\"PropertyValueSpecification\",\"valueRequired\":true,\"valueName\":\"search_term_string\"}}],\"inLanguage\":\"en-US\"},{\"@type\":\"Organization\",\"@id\":\"https:\\\/\\\/anadolupet.com.tr\\\/#organization\",\"name\":\"Anadolu Pet Grup\",\"alternateName\":\"Anadolu Pet\",\"url\":\"https:\\\/\\\/anadolupet.com.tr\\\/\",\"logo\":{\"@type\":\"ImageObject\",\"inLanguage\":\"en-US\",\"@id\":\"https:\\\/\\\/anadolupet.com.tr\\\/#\\\/schema\\\/logo\\\/image\\\/\",\"url\":\"https:\\\/\\\/anadolupet.com.tr\\\/wp-content\\\/uploads\\\/2026\\\/03\\\/1614666743370.jpg\",\"contentUrl\":\"https:\\\/\\\/anadolupet.com.tr\\\/wp-content\\\/uploads\\\/2026\\\/03\\\/1614666743370.jpg\",\"width\":800,\"height\":571,\"caption\":\"Anadolu Pet Grup\"},\"image\":{\"@id\":\"https:\\\/\\\/anadolupet.com.tr\\\/#\\\/schema\\\/logo\\\/image\\\/\"}}]}<\/script>\n<!-- \/ Yoast SEO plugin. -->","yoast_head_json":{"title":"Hill's PD I\/D Kedi Mamas\u0131 3KG - Anadolu Pet Grup","robots":{"index":"index","follow":"follow","max-snippet":"max-snippet:-1","max-image-preview":"max-image-preview:large","max-video-preview":"max-video-preview:-1"},"canonical":"https:\/\/anadolupet.com.tr\/en\/product\/hills-pd-i-d-kedi-mamasi-3kg\/","og_locale":"en_US","og_type":"article","og_title":"Hill's PD I\/D Kedi Mamas\u0131 3KG - Anadolu Pet Grup","og_description":"L\u00fctfen unutmay\u0131n; ActivBiome+ teknolojisinin eklenmesinden \u00f6nce bu diyet \u00fcr\u00fcn\u00fc daha \u00f6nce kullanm\u0131\u015f olan m\u00fc\u015fteriler i\u00e7in evcil hayvan\u0131n\u0131z\u0131, 7 g\u00fcnl\u00fck bir s\u00fcre i\u00e7inde bu y\u00fckseltilmi\u015f form\u00fcle ge\u00e7irmeniz \u00f6nerilir. Herhangi bir ek bilgi i\u00e7in l\u00fctfen veteriner hekiminize dan\u0131\u015f\u0131n. Hill's PRESCRIPTION DIET i\/d kedi mamas\u0131, sindirim sistemi bozukluklar\u0131n\u0131 azaltmaya ve kolay besin emilimini sa\u011flamaya yard\u0131mc\u0131 olmak i\u00e7in \u00f6zel olarak form\u00fcle edilmi\u015f y\u00fcksek sindirilebilir bir besindir. Bu olduk\u00e7a sindirilebilir kedi mamas\u0131, kaybolan besin maddelerinin yerine konmas\u0131na yard\u0131mc\u0131 olmak i\u00e7in elektrolitler ve B vitaminleri ile zenginle\u015ftirilmi\u015ftir. PRECRIPTION DIET i\/d, optimum d\u0131\u015fk\u0131 kalitesini ve sindirim sistemi sa\u011fl\u0131\u011f\u0131n\u0131 desteklemek i\u00e7in ba\u011f\u0131rsak mikrobiyomunu h\u0131zla besledi\u011fi klinik olarak g\u00f6sterilen prebiyotik liflerin \u00f6zel bir kar\u0131\u015f\u0131m\u0131 olan Hill'in tescilli ActivBiome+ i\u00e7erik teknolojisi ile yap\u0131l\u0131r. Bu kuru kedi mamas\u0131 tavukla yap\u0131l\u0131r ve kedinizin sevece\u011fi lezzetli bir tada sahiptir. Semptomlar\u0131 d\u00fczeldikten sonra bile kedinizin sindirim sa\u011fl\u0131\u011f\u0131n\u0131 korumaya yard\u0131mc\u0131 olmak i\u00e7in RECRIPTION DIET i\/d Sindirim Sistemi Bak\u0131m\u0131 Kedi Mamas\u0131n\u0131 beslemeye devam etmek \u00f6nemlidir. PRESCRIPTION DIET mamalar\u0131n\u0131n kedinizin mutlu ve aktif bir ya\u015fam s\u00fcrmeye devam etmesine nas\u0131l yard\u0131mc\u0131 olabilece\u011fi hakk\u0131nda daha fazla bilgi i\u00e7in veteriner hekiminize dan\u0131\u015f\u0131n. Evcil hayvan\u0131n\u0131z\u0131n hayat\u0131n\u0131 de\u011fi\u015ftirmeye yard\u0131mc\u0131 olan harika tada sahip beslenme. Size sorumluluklar\u0131n\u0131zda olduklar\u0131 i\u00e7in, insanca, m\u00fcmk\u00fcn olan en iyi mamay\u0131 sa\u011flamaya \u00e7al\u0131\u015f\u0131yoruz. Kedinizin benzersiz sa\u011fl\u0131k ihtiya\u00e7lar\u0131n\u0131 kar\u015f\u0131lamak i\u00e7in bilime \u00f6ncelik veren form\u00fcllerle, PRESCRIPTION DIET kedi mamas\u0131, uzun ve mutlu bir ya\u015fam s\u00fcrmeleri i\u00e7in ihtiya\u00e7 duyduklar\u0131 hedeflenen beslenmedir. Evcil hayvan mamalar\u0131m\u0131z\u0131 en y\u00fcksek kaliteli malzemelerle \u00fcretiyoruz. Bu malzemeler, safl\u0131k ve besin i\u00e7eri\u011fi konusundaki kat\u0131 kriterlerimizi kar\u015f\u0131lar. Hill's PRESCRIPTION DIET evcil hayvan mamalar\u0131 ve \u00f6d\u00fcl mamalar\u0131, kedinizin benzersiz ihtiya\u00e7lar\u0131n\u0131 kar\u015f\u0131lamak i\u00e7in haz\u0131rlanan ve kedinizin bay\u0131laca\u011f\u0131 lezzetler i\u00e7eren, \u00e7e\u015fitli kuru ve ya\u015f konserve mamalar sunmaktad\u0131r. \u0130\u00c7\u0130NDEK\u0130LER: Et ve hayvan t\u00fcrevleri (tavuk 19%), tah\u0131llar, s\u0131v\u0131 ve kat\u0131 ya\u011flar, bitkisel protein ekstrat\u0131, yumurta ve yumurta t\u00fcrevleri, bitkisel orjinli t\u00fcrevler, mineraller, meyve, tohumlar. Y\u00fcksek sindirilebilirli\u011fe sahip i\u00e7erikler: Tavuk ve hindi unu, k\u0131r\u0131k pirin\u00e7, m\u0131s\u0131r, hayvansal ya\u011f, m\u0131s\u0131r gluteni unu, kurutulmu\u015f b\u00fct\u00fcn yumurta. ActivBiome+ prebiyotik kar\u0131\u015f\u0131m\u0131 (%4): \u00d6\u011f\u00fct\u00fclm\u00fc\u015f pekan kabu\u011fu, kurutulmu\u015f pancar k\u00fcspesi, keten tohumu, kurutulmu\u015f turu\u00e7giller posas\u0131, kurutulmu\u015f k\u0131z\u0131lc\u0131k. KG BA\u015eINA KATKILAR: Besinsel katk\u0131lar: 3b103 (Demir) 95,6mg, 3b202 (\u0130yodin) 4,2mg, 3b405 (Bak\u0131r) 11,2mg, 3b502 (Manganez) 9,9mg, 3b603 (\u00c7inko) 148mg, do\u011fal antioksidan ile. ANAL\u0130T\u0130K B\u0130LE\u015eENLER: Protein 36,8%, Ya\u011f i\u00e7eri\u011fi 19,9%, Ham sel\u00fcloz 2,2%, Ham k\u00fcl 6,6%, Kalsiyum 1,1%, Fosfor 0,80%, Sodyum 0,37%, Potasyum 0,87%, Magnezyum 0,08%; kg ba\u015f\u0131na: A Vitamini 8.969IU, D3 Vitamini 746IU, E Vitamini 740mg, C Vitamini 100mg, Beta-karoten 2,1mg, B1 Vitamini 23,3mg, B 12 Vitamini 0,17mg. Hill's PRESCRIPTION DIET i\/d Tavuklu Kedi Mamas\u0131, kedilerde ba\u011f\u0131rsak emilim bozukluklar\u0131n\u0131n azalt\u0131lmas\u0131, sindirim bozukluklar\u0131n\u0131n ve ekzokrin pankreas yetmezli\u011finin giderilmesi i\u00e7in y\u00fcksek oranda sindirilebilir tam diyetetik evcil hayvan mamas\u0131d\u0131r. Bu mama, sodyum ve potasyumun art\u0131r\u0131lm\u0131\u015f seviyeleri ile y\u00fcksek sindirilebilirli\u011fe sahip malzemeler i\u00e7erir. BESLEME TAL\u0130MATI: Yaln\u0131zca \u00f6nerilen PRESCRIPTION DIET mamas\u0131n\u0131 besleyin. B\u00fct\u00fcn besleme talimatlar\u0131 i\u00e7in l\u00fctfen pakete bak\u0131n\u0131z. Mama miktar\u0131n\u0131 ideal kiloyu koruyacak \u015fekilde ayarlay\u0131n. E\u011fer emin de\u011fil iseniz, veteriner hekiminize dan\u0131\u015f\u0131n\u0131z. Bu mamay\u0131 ilk defa m\u0131 kullan\u0131yorsunuz? Eski mama ile yeni maman\u0131n bir kar\u0131\u015f\u0131m\u0131n\u0131 haz\u0131rlay\u0131n\u0131z ve eski maman\u0131n miktar\u0131n\u0131 kademeli olarak azaltarak 7 g\u00fcn sonunda yeni mamaya tamamen ge\u00e7i\u015f yap\u0131n\u0131z. Her zaman taze ve temiz su bulundurdu\u011funuzdan emin olunuz! Evcil hayvan\u0131n\u0131z\u0131n ihtiya\u00e7lar\u0131, o ya\u015fland\u0131k\u00e7a de\u011fi\u015fiklik g\u00f6sterebilir. Veteriner hekiminize her kontrolde sormay\u0131 ihmal etmeyiniz.","og_url":"https:\/\/anadolupet.com.tr\/en\/product\/hills-pd-i-d-kedi-mamasi-3kg\/","og_site_name":"Anadolu Pet Grup","article_modified_time":"2026-02-23T12:48:45+00:00","og_image":[{"width":750,"height":750,"url":"https:\/\/anadolupet.com.tr\/wp-content\/uploads\/2026\/02\/630-605877.jpg","type":"image\/jpeg"}],"twitter_card":"summary_large_image","schema":{"@context":"https:\/\/schema.org","@graph":[{"@type":"WebPage","@id":"https:\/\/anadolupet.com.tr\/urun\/hills-pd-i-d-kedi-mamasi-3kg\/","url":"https:\/\/anadolupet.com.tr\/urun\/hills-pd-i-d-kedi-mamasi-3kg\/","name":"Hill's PD I\/D Kedi Mamas\u0131 3KG - Anadolu Pet Grup","isPartOf":{"@id":"https:\/\/anadolupet.com.tr\/#website"},"primaryImageOfPage":{"@id":"https:\/\/anadolupet.com.tr\/urun\/hills-pd-i-d-kedi-mamasi-3kg\/#primaryimage"},"image":{"@id":"https:\/\/anadolupet.com.tr\/urun\/hills-pd-i-d-kedi-mamasi-3kg\/#primaryimage"},"thumbnailUrl":"https:\/\/anadolupet.com.tr\/wp-content\/uploads\/2026\/02\/630-605877.jpg","datePublished":"2026-02-14T14:41:24+00:00","dateModified":"2026-02-23T12:48:45+00:00","breadcrumb":{"@id":"https:\/\/anadolupet.com.tr\/urun\/hills-pd-i-d-kedi-mamasi-3kg\/#breadcrumb"},"inLanguage":"en-US","potentialAction":[{"@type":"ReadAction","target":["https:\/\/anadolupet.com.tr\/urun\/hills-pd-i-d-kedi-mamasi-3kg\/"]}]},{"@type":"ImageObject","inLanguage":"en-US","@id":"https:\/\/anadolupet.com.tr\/urun\/hills-pd-i-d-kedi-mamasi-3kg\/#primaryimage","url":"https:\/\/anadolupet.com.tr\/wp-content\/uploads\/2026\/02\/630-605877.jpg","contentUrl":"https:\/\/anadolupet.com.tr\/wp-content\/uploads\/2026\/02\/630-605877.jpg","width":750,"height":750},{"@type":"BreadcrumbList","@id":"https:\/\/anadolupet.com.tr\/urun\/hills-pd-i-d-kedi-mamasi-3kg\/#breadcrumb","itemListElement":[{"@type":"ListItem","position":1,"name":"Anasayfa","item":"https:\/\/anadolupet.com.tr\/"},{"@type":"ListItem","position":2,"name":"\u00dcr\u00fcnler","item":"https:\/\/anadolupet.com.tr\/urunler\/"},{"@type":"ListItem","position":3,"name":"Hill&#8217;s PD I\/D Kedi Mamas\u0131 3KG"}]},{"@type":"WebSite","@id":"https:\/\/anadolupet.com.tr\/#website","url":"https:\/\/anadolupet.com.tr\/","name":"Anadolu Pet Group","description":"We Stand Together for the Well-Being of Every Life","publisher":{"@id":"https:\/\/anadolupet.com.tr\/#organization"},"potentialAction":[{"@type":"SearchAction","target":{"@type":"EntryPoint","urlTemplate":"https:\/\/anadolupet.com.tr\/?s={search_term_string}"},"query-input":{"@type":"PropertyValueSpecification","valueRequired":true,"valueName":"search_term_string"}}],"inLanguage":"en-US"},{"@type":"Organization","@id":"https:\/\/anadolupet.com.tr\/#organization","name":"Anadolu Pet Group","alternateName":"Anadolu Pet","url":"https:\/\/anadolupet.com.tr\/","logo":{"@type":"ImageObject","inLanguage":"en-US","@id":"https:\/\/anadolupet.com.tr\/#\/schema\/logo\/image\/","url":"https:\/\/anadolupet.com.tr\/wp-content\/uploads\/2026\/03\/1614666743370.jpg","contentUrl":"https:\/\/anadolupet.com.tr\/wp-content\/uploads\/2026\/03\/1614666743370.jpg","width":800,"height":571,"caption":"Anadolu Pet Grup"},"image":{"@id":"https:\/\/anadolupet.com.tr\/#\/schema\/logo\/image\/"}}]}},"_links":{"self":[{"href":"https:\/\/anadolupet.com.tr\/en\/wp-json\/wp\/v2\/product\/45345","targetHints":{"allow":["GET"]}}],"collection":[{"href":"https:\/\/anadolupet.com.tr\/en\/wp-json\/wp\/v2\/product"}],"about":[{"href":"https:\/\/anadolupet.com.tr\/en\/wp-json\/wp\/v2\/types\/product"}],"replies":[{"embeddable":true,"href":"https:\/\/anadolupet.com.tr\/en\/wp-json\/wp\/v2\/comments?post=45345"}],"wp:featuredmedia":[{"embeddable":true,"href":"https:\/\/anadolupet.com.tr\/en\/wp-json\/wp\/v2\/media\/44302"}],"wp:attachment":[{"href":"https:\/\/anadolupet.com.tr\/en\/wp-json\/wp\/v2\/media?parent=45345"}],"wp:term":[{"taxonomy":"product_brand","embeddable":true,"href":"https:\/\/anadolupet.com.tr\/en\/wp-json\/wp\/v2\/product_brand?post=45345"},{"taxonomy":"product_cat","embeddable":true,"href":"https:\/\/anadolupet.com.tr\/en\/wp-json\/wp\/v2\/product_cat?post=45345"},{"taxonomy":"product_tag","embeddable":true,"href":"https:\/\/anadolupet.com.tr\/en\/wp-json\/wp\/v2\/product_tag?post=45345"}],"curies":[{"name":"wp","href":"https:\/\/api.w.org\/{rel}","templated":true}]}}