{"id":45346,"date":"2026-02-14T14:41:24","date_gmt":"2026-02-14T14:41:24","guid":{"rendered":"https:\/\/anadolupet.com.tr\/urun\/hills-pd-i-d-kopek-guveci-12x354g\/"},"modified":"2026-02-23T12:48:45","modified_gmt":"2026-02-23T12:48:45","slug":"hills-pd-i-d-kopek-guveci-12x354g","status":"publish","type":"product","link":"https:\/\/anadolupet.com.tr\/en\/urun\/hills-pd-i-d-kopek-guveci-12x354g\/","title":{"rendered":"Hill&#8217;s PD I\/D K\u00f6pek G\u00fcveci 12X354G"},"content":{"rendered":"","protected":false},"excerpt":{"rendered":"<p>Hill&#8217;s PRESCRIPTION DIET i\/d Digestive Care dog food, k\u00f6peklerde sindirim problemlerini azaltmaya yard\u0131mc\u0131 oldu\u011fu kan\u0131tlanm\u0131\u015f klinik beslenmedir. Kolayca besin emilimini sa\u011flamak ve kay\u0131p besinleri yerine koymak i\u00e7in elektrolitler ve B vitaminleri ile zenginle\u015ftirilmi\u015f, kolay sindirilebilir bir k\u00f6pek mamas\u0131d\u0131r. Bu dayan\u0131lmaz g\u00fcve\u00e7, sosta lokma b\u00fcy\u00fckl\u00fc\u011f\u00fcnde lezzetli par\u00e7alar i\u00e7erir ve k\u00f6peklerin sevdi\u011fi tavuk ve sebze gibi sa\u011fl\u0131kl\u0131 malzemelerle yap\u0131l\u0131r.<br \/>\nSemptomlar\u0131 d\u00fczeldikten sonra bile k\u00f6pe\u011finizin sindirim sistemi sa\u011fl\u0131\u011f\u0131n\u0131 korumaya yard\u0131mc\u0131 olmak i\u00e7in PRESCRIPTION DIET i\/d Digestive Care Dog Food ile beslemeye devam etmek \u00f6nemlidir. PRESCRIPTION DIET mamalar\u0131n\u0131n k\u00f6pe\u011finizin mutlu ve aktif bir ya\u015fam s\u00fcrmeye devam etmesine nas\u0131l yard\u0131mc\u0131 olabilece\u011fi hakk\u0131nda daha fazla bilgi almak i\u00e7in veteriner hekiminize dan\u0131\u015f\u0131n.<br \/>\nEvcil hayvan\u0131n\u0131z\u0131n ya\u015fam\u0131n\u0131 de\u011fi\u015ftirmeye yard\u0131mc\u0131 olan harika bir lezzete sahip beslenme. Size ba\u011fl\u0131 olduklar\u0131 i\u00e7in, onlara m\u00fcmk\u00fcn olan en iyi mamay\u0131 sa\u011flamaya \u00e7al\u0131\u015f\u0131yoruz. PRESCRIPTION DIET k\u00f6pek mamas\u0131, k\u00f6pe\u011finizin benzersiz sa\u011fl\u0131k ihtiya\u00e7lar\u0131n\u0131 kar\u015f\u0131lamak i\u00e7in bilimi temel alan form\u00fclleriyle, uzun ve mutlu bir ya\u015fam s\u00fcrmeleri i\u00e7in ihtiya\u00e7 duyduklar\u0131 hedeflenen beslenmedir.<br \/>\nEvcil hayvan mamalar\u0131m\u0131z\u0131 en kaliteli malzemelerle \u00fcretiyoruz. Bu malzemeler, safl\u0131k ve besin i\u00e7eri\u011fi i\u00e7in kat\u0131 gereksinimlerimizi kar\u015f\u0131lamal\u0131d\u0131r. Bar\u0131nak hayvanlar\u0131n\u0131n ya\u015famlar\u0131nda bir fark yaratabilirsiniz. Sat\u0131n ald\u0131\u011f\u0131n\u0131z her Hill&#8217;s PRESCRIPTION DIET evcil hayvan mamas\u0131yla, y\u0131lda 365 g\u00fcn, yani her g\u00fcn 100.000&#8217;den fazla evsiz evcil hayvan\u0131n beslenmesine yard\u0131mc\u0131 olursunuz. hillsfoodshelterlove.com adresinden daha fazla bilgi edinin.<br \/>\nHill&#8217;s PRESCRIPTION DIET k\u00f6pek mamas\u0131, k\u00f6pe\u011finizin benzersiz ihtiya\u00e7lar\u0131 i\u00e7in k\u00f6pe\u011finizin bay\u0131larak yiyece\u011fi \u00e7e\u015fitli kuru ve ya\u015f mama se\u00e7enekleri sunmaktad\u0131r.<br \/>\n\u0130\u00c7\u0130NDEK\u0130LER: Et ve hayvansal t\u00fcrevler (%10 tavuk), tah\u0131llar, bitkisel k\u00f6kenli t\u00fcrevler, \u00e7e\u015fitli \u015fekerler, mineraller, sebzeler (%0,8), s\u0131v\u0131 ve kat\u0131 ya\u011flar, yumurta ve yumurta t\u00fcrevleri. Sindirilebilirli\u011fi y\u00fcksek bile\u015fenler: Tavuk, domuz karaci\u011feri, pirin\u00e7 unu, pirin\u00e7 ni\u015fastas\u0131, pirin\u00e7, kurutulmu\u015f yumurta.<br \/>\nKG BA\u015eINA KATKILAR: Besinsel katk\u0131lar: 3b103 (Demir) 22,0mg, 3b202 (\u0130yodin) 0,8mg, 3b405 (Bak\u0131r) 3,3mg, 3b503 (Manganaz) 2,4mg, 3b603 (\u00c7inko) 28,0mg. Teknolojik katk\u0131lar: Potasyum aljinat 5,0g. ANAL\u0130T\u0130K B\u0130LE\u015eENLER: Protein 4,9%, Ya\u011f i\u00e7eri\u011fi 2,8%, Ham sel\u00fcloz 0,42%, Ham k\u00fcl 1,4%, Nem 80,8%, Kalsiyum 0,21%, Fosfor 0,15%, Sodyum 0,09%, Potasyum 0,18%, Magnezyum 0,02%; kg ba\u015f\u0131na: A Vitamini 14.134IU, D3 Vitamini 285IU. BESLEME TAL\u0130MATI: Yaln\u0131zca \u00f6nerilen PRESCRIPTION DIET mama ile besleyin. Kullanmadan \u00f6nce veteriner hekiminizden evcil hayvan\u0131n\u0131z i\u00e7in \u00f6zel besleme talimatlar\u0131n\u0131 isteyin. B\u00fct\u00fcn besleme talimatlar\u0131 i\u00e7in l\u00fctfen ambalaja bak\u0131n. Mama miktar\u0131n\u0131 ideal kiloyu koruyacak \u015fekilde ayarlay\u0131n. Emin de\u011filseniz veteriner hekiminize sorun. Gram en do\u011fru \u00f6l\u00e7\u00fcm \u015feklidir; bardaklar gram cinsinden tahmin edilir. Bu mamay\u0131 ilk defa m\u0131 kullan\u0131yorsunuz? 7 g\u00fcnl\u00fck bir s\u00fcre boyunca eski mama miktar\u0131n\u0131 bir kar\u0131\u015f\u0131m i\u00e7erisinde kademeli olarak azalt\u0131p yeni mamay\u0131 kademeli olarak art\u0131r\u0131n. Temiz ve taze suyu daima haz\u0131r bulundurun! Evcil hayvan\u0131n\u0131z\u0131n beslenme ihtiya\u00e7lar\u0131 ya\u015fland\u0131k\u00e7a de\u011fi\u015febilir. Her muayenede veteriner hekiminize sorun.<\/p>","protected":false},"featured_media":44414,"comment_status":"open","ping_status":"closed","template":"","meta":{"_acf_changed":false},"product_brand":[],"product_cat":[2456],"product_tag":[],"class_list":{"0":"post-45346","1":"product","2":"type-product","3":"status-publish","4":"has-post-thumbnail","6":"product_cat-receteli-diyet-kopek-mamalari","8":"first","9":"instock","10":"shipping-taxable","11":"product-type-simple"},"acf":[],"yoast_head":"<!-- This site is optimized with the Yoast SEO plugin v27.5 - https:\/\/yoast.com\/product\/yoast-seo-wordpress\/ -->\n<title>Hill&#039;s PD I\/D K\u00f6pek G\u00fcveci 12X354G - Anadolu Pet Grup<\/title>\n<meta name=\"robots\" content=\"index, follow, max-snippet:-1, max-image-preview:large, max-video-preview:-1\" \/>\n<link rel=\"canonical\" href=\"https:\/\/anadolupet.com.tr\/en\/product\/hills-pd-i-d-kopek-guveci-12x354g\/\" \/>\n<meta property=\"og:locale\" content=\"en_US\" \/>\n<meta property=\"og:type\" content=\"article\" \/>\n<meta property=\"og:title\" content=\"Hill&#039;s PD I\/D K\u00f6pek G\u00fcveci 12X354G - Anadolu Pet Grup\" \/>\n<meta property=\"og:description\" content=\"Hill&#039;s PRESCRIPTION DIET i\/d Digestive Care dog food, k\u00f6peklerde sindirim problemlerini azaltmaya yard\u0131mc\u0131 oldu\u011fu kan\u0131tlanm\u0131\u015f klinik beslenmedir. Kolayca besin emilimini sa\u011flamak ve kay\u0131p besinleri yerine koymak i\u00e7in elektrolitler ve B vitaminleri ile zenginle\u015ftirilmi\u015f, kolay sindirilebilir bir k\u00f6pek mamas\u0131d\u0131r. Bu dayan\u0131lmaz g\u00fcve\u00e7, sosta lokma b\u00fcy\u00fckl\u00fc\u011f\u00fcnde lezzetli par\u00e7alar i\u00e7erir ve k\u00f6peklerin sevdi\u011fi tavuk ve sebze gibi sa\u011fl\u0131kl\u0131 malzemelerle yap\u0131l\u0131r. Semptomlar\u0131 d\u00fczeldikten sonra bile k\u00f6pe\u011finizin sindirim sistemi sa\u011fl\u0131\u011f\u0131n\u0131 korumaya yard\u0131mc\u0131 olmak i\u00e7in PRESCRIPTION DIET i\/d Digestive Care Dog Food ile beslemeye devam etmek \u00f6nemlidir. PRESCRIPTION DIET mamalar\u0131n\u0131n k\u00f6pe\u011finizin mutlu ve aktif bir ya\u015fam s\u00fcrmeye devam etmesine nas\u0131l yard\u0131mc\u0131 olabilece\u011fi hakk\u0131nda daha fazla bilgi almak i\u00e7in veteriner hekiminize dan\u0131\u015f\u0131n. Evcil hayvan\u0131n\u0131z\u0131n ya\u015fam\u0131n\u0131 de\u011fi\u015ftirmeye yard\u0131mc\u0131 olan harika bir lezzete sahip beslenme. Size ba\u011fl\u0131 olduklar\u0131 i\u00e7in, onlara m\u00fcmk\u00fcn olan en iyi mamay\u0131 sa\u011flamaya \u00e7al\u0131\u015f\u0131yoruz. PRESCRIPTION DIET k\u00f6pek mamas\u0131, k\u00f6pe\u011finizin benzersiz sa\u011fl\u0131k ihtiya\u00e7lar\u0131n\u0131 kar\u015f\u0131lamak i\u00e7in bilimi temel alan form\u00fclleriyle, uzun ve mutlu bir ya\u015fam s\u00fcrmeleri i\u00e7in ihtiya\u00e7 duyduklar\u0131 hedeflenen beslenmedir. Evcil hayvan mamalar\u0131m\u0131z\u0131 en kaliteli malzemelerle \u00fcretiyoruz. Bu malzemeler, safl\u0131k ve besin i\u00e7eri\u011fi i\u00e7in kat\u0131 gereksinimlerimizi kar\u015f\u0131lamal\u0131d\u0131r. Bar\u0131nak hayvanlar\u0131n\u0131n ya\u015famlar\u0131nda bir fark yaratabilirsiniz. Sat\u0131n ald\u0131\u011f\u0131n\u0131z her Hill&#039;s PRESCRIPTION DIET evcil hayvan mamas\u0131yla, y\u0131lda 365 g\u00fcn, yani her g\u00fcn 100.000&#039;den fazla evsiz evcil hayvan\u0131n beslenmesine yard\u0131mc\u0131 olursunuz. hillsfoodshelterlove.com adresinden daha fazla bilgi edinin. Hill&#039;s PRESCRIPTION DIET k\u00f6pek mamas\u0131, k\u00f6pe\u011finizin benzersiz ihtiya\u00e7lar\u0131 i\u00e7in k\u00f6pe\u011finizin bay\u0131larak yiyece\u011fi \u00e7e\u015fitli kuru ve ya\u015f mama se\u00e7enekleri sunmaktad\u0131r. \u0130\u00c7\u0130NDEK\u0130LER: Et ve hayvansal t\u00fcrevler (%10 tavuk), tah\u0131llar, bitkisel k\u00f6kenli t\u00fcrevler, \u00e7e\u015fitli \u015fekerler, mineraller, sebzeler (%0,8), s\u0131v\u0131 ve kat\u0131 ya\u011flar, yumurta ve yumurta t\u00fcrevleri. Sindirilebilirli\u011fi y\u00fcksek bile\u015fenler: Tavuk, domuz karaci\u011feri, pirin\u00e7 unu, pirin\u00e7 ni\u015fastas\u0131, pirin\u00e7, kurutulmu\u015f yumurta. KG BA\u015eINA KATKILAR: Besinsel katk\u0131lar: 3b103 (Demir) 22,0mg, 3b202 (\u0130yodin) 0,8mg, 3b405 (Bak\u0131r) 3,3mg, 3b503 (Manganaz) 2,4mg, 3b603 (\u00c7inko) 28,0mg. Teknolojik katk\u0131lar: Potasyum aljinat 5,0g. ANAL\u0130T\u0130K B\u0130LE\u015eENLER: Protein 4,9%, Ya\u011f i\u00e7eri\u011fi 2,8%, Ham sel\u00fcloz 0,42%, Ham k\u00fcl 1,4%, Nem 80,8%, Kalsiyum 0,21%, Fosfor 0,15%, Sodyum 0,09%, Potasyum 0,18%, Magnezyum 0,02%; kg ba\u015f\u0131na: A Vitamini 14.134IU, D3 Vitamini 285IU. BESLEME TAL\u0130MATI: Yaln\u0131zca \u00f6nerilen PRESCRIPTION DIET mama ile besleyin. Kullanmadan \u00f6nce veteriner hekiminizden evcil hayvan\u0131n\u0131z i\u00e7in \u00f6zel besleme talimatlar\u0131n\u0131 isteyin. B\u00fct\u00fcn besleme talimatlar\u0131 i\u00e7in l\u00fctfen ambalaja bak\u0131n. Mama miktar\u0131n\u0131 ideal kiloyu koruyacak \u015fekilde ayarlay\u0131n. Emin de\u011filseniz veteriner hekiminize sorun. Gram en do\u011fru \u00f6l\u00e7\u00fcm \u015feklidir; bardaklar gram cinsinden tahmin edilir. Bu mamay\u0131 ilk defa m\u0131 kullan\u0131yorsunuz? 7 g\u00fcnl\u00fck bir s\u00fcre boyunca eski mama miktar\u0131n\u0131 bir kar\u0131\u015f\u0131m i\u00e7erisinde kademeli olarak azalt\u0131p yeni mamay\u0131 kademeli olarak art\u0131r\u0131n. Temiz ve taze suyu daima haz\u0131r bulundurun! Evcil hayvan\u0131n\u0131z\u0131n beslenme ihtiya\u00e7lar\u0131 ya\u015fland\u0131k\u00e7a de\u011fi\u015febilir. Her muayenede veteriner hekiminize sorun.\" \/>\n<meta property=\"og:url\" content=\"https:\/\/anadolupet.com.tr\/en\/product\/hills-pd-i-d-kopek-guveci-12x354g\/\" \/>\n<meta property=\"og:site_name\" content=\"Anadolu Pet Grup\" \/>\n<meta property=\"article:modified_time\" content=\"2026-02-23T12:48:45+00:00\" \/>\n<meta property=\"og:image\" content=\"https:\/\/anadolupet.com.tr\/wp-content\/uploads\/2026\/02\/645-606448.jpg\" \/>\n\t<meta property=\"og:image:width\" content=\"750\" \/>\n\t<meta property=\"og:image:height\" content=\"750\" \/>\n\t<meta property=\"og:image:type\" content=\"image\/jpeg\" \/>\n<meta name=\"twitter:card\" content=\"summary_large_image\" \/>\n<script type=\"application\/ld+json\" class=\"yoast-schema-graph\">{\"@context\":\"https:\\\/\\\/schema.org\",\"@graph\":[{\"@type\":\"WebPage\",\"@id\":\"https:\\\/\\\/anadolupet.com.tr\\\/urun\\\/hills-pd-i-d-kopek-guveci-12x354g\\\/\",\"url\":\"https:\\\/\\\/anadolupet.com.tr\\\/urun\\\/hills-pd-i-d-kopek-guveci-12x354g\\\/\",\"name\":\"Hill's PD I\\\/D K\u00f6pek G\u00fcveci 12X354G - Anadolu Pet Grup\",\"isPartOf\":{\"@id\":\"https:\\\/\\\/anadolupet.com.tr\\\/#website\"},\"primaryImageOfPage\":{\"@id\":\"https:\\\/\\\/anadolupet.com.tr\\\/urun\\\/hills-pd-i-d-kopek-guveci-12x354g\\\/#primaryimage\"},\"image\":{\"@id\":\"https:\\\/\\\/anadolupet.com.tr\\\/urun\\\/hills-pd-i-d-kopek-guveci-12x354g\\\/#primaryimage\"},\"thumbnailUrl\":\"https:\\\/\\\/anadolupet.com.tr\\\/wp-content\\\/uploads\\\/2026\\\/02\\\/645-606448.jpg\",\"datePublished\":\"2026-02-14T14:41:24+00:00\",\"dateModified\":\"2026-02-23T12:48:45+00:00\",\"breadcrumb\":{\"@id\":\"https:\\\/\\\/anadolupet.com.tr\\\/urun\\\/hills-pd-i-d-kopek-guveci-12x354g\\\/#breadcrumb\"},\"inLanguage\":\"en-US\",\"potentialAction\":[{\"@type\":\"ReadAction\",\"target\":[\"https:\\\/\\\/anadolupet.com.tr\\\/urun\\\/hills-pd-i-d-kopek-guveci-12x354g\\\/\"]}]},{\"@type\":\"ImageObject\",\"inLanguage\":\"en-US\",\"@id\":\"https:\\\/\\\/anadolupet.com.tr\\\/urun\\\/hills-pd-i-d-kopek-guveci-12x354g\\\/#primaryimage\",\"url\":\"https:\\\/\\\/anadolupet.com.tr\\\/wp-content\\\/uploads\\\/2026\\\/02\\\/645-606448.jpg\",\"contentUrl\":\"https:\\\/\\\/anadolupet.com.tr\\\/wp-content\\\/uploads\\\/2026\\\/02\\\/645-606448.jpg\",\"width\":750,\"height\":750},{\"@type\":\"BreadcrumbList\",\"@id\":\"https:\\\/\\\/anadolupet.com.tr\\\/urun\\\/hills-pd-i-d-kopek-guveci-12x354g\\\/#breadcrumb\",\"itemListElement\":[{\"@type\":\"ListItem\",\"position\":1,\"name\":\"Anasayfa\",\"item\":\"https:\\\/\\\/anadolupet.com.tr\\\/\"},{\"@type\":\"ListItem\",\"position\":2,\"name\":\"\u00dcr\u00fcnler\",\"item\":\"https:\\\/\\\/anadolupet.com.tr\\\/urunler\\\/\"},{\"@type\":\"ListItem\",\"position\":3,\"name\":\"Hill&#8217;s PD I\\\/D K\u00f6pek G\u00fcveci 12X354G\"}]},{\"@type\":\"WebSite\",\"@id\":\"https:\\\/\\\/anadolupet.com.tr\\\/#website\",\"url\":\"https:\\\/\\\/anadolupet.com.tr\\\/\",\"name\":\"Anadolu Pet Grup\",\"description\":\"Her Can\u0131n \u0130yi Ya\u015fam\u0131 \u0130\u00e7in Biraraday\u0131z\",\"publisher\":{\"@id\":\"https:\\\/\\\/anadolupet.com.tr\\\/#organization\"},\"potentialAction\":[{\"@type\":\"SearchAction\",\"target\":{\"@type\":\"EntryPoint\",\"urlTemplate\":\"https:\\\/\\\/anadolupet.com.tr\\\/?s={search_term_string}\"},\"query-input\":{\"@type\":\"PropertyValueSpecification\",\"valueRequired\":true,\"valueName\":\"search_term_string\"}}],\"inLanguage\":\"en-US\"},{\"@type\":\"Organization\",\"@id\":\"https:\\\/\\\/anadolupet.com.tr\\\/#organization\",\"name\":\"Anadolu Pet Grup\",\"alternateName\":\"Anadolu Pet\",\"url\":\"https:\\\/\\\/anadolupet.com.tr\\\/\",\"logo\":{\"@type\":\"ImageObject\",\"inLanguage\":\"en-US\",\"@id\":\"https:\\\/\\\/anadolupet.com.tr\\\/#\\\/schema\\\/logo\\\/image\\\/\",\"url\":\"https:\\\/\\\/anadolupet.com.tr\\\/wp-content\\\/uploads\\\/2026\\\/03\\\/1614666743370.jpg\",\"contentUrl\":\"https:\\\/\\\/anadolupet.com.tr\\\/wp-content\\\/uploads\\\/2026\\\/03\\\/1614666743370.jpg\",\"width\":800,\"height\":571,\"caption\":\"Anadolu Pet Grup\"},\"image\":{\"@id\":\"https:\\\/\\\/anadolupet.com.tr\\\/#\\\/schema\\\/logo\\\/image\\\/\"}}]}<\/script>\n<!-- \/ Yoast SEO plugin. -->","yoast_head_json":{"title":"Hill's PD I\/D K\u00f6pek G\u00fcveci 12X354G - Anadolu Pet Grup","robots":{"index":"index","follow":"follow","max-snippet":"max-snippet:-1","max-image-preview":"max-image-preview:large","max-video-preview":"max-video-preview:-1"},"canonical":"https:\/\/anadolupet.com.tr\/en\/product\/hills-pd-i-d-kopek-guveci-12x354g\/","og_locale":"en_US","og_type":"article","og_title":"Hill's PD I\/D K\u00f6pek G\u00fcveci 12X354G - Anadolu Pet Grup","og_description":"Hill's PRESCRIPTION DIET i\/d Digestive Care dog food, k\u00f6peklerde sindirim problemlerini azaltmaya yard\u0131mc\u0131 oldu\u011fu kan\u0131tlanm\u0131\u015f klinik beslenmedir. Kolayca besin emilimini sa\u011flamak ve kay\u0131p besinleri yerine koymak i\u00e7in elektrolitler ve B vitaminleri ile zenginle\u015ftirilmi\u015f, kolay sindirilebilir bir k\u00f6pek mamas\u0131d\u0131r. Bu dayan\u0131lmaz g\u00fcve\u00e7, sosta lokma b\u00fcy\u00fckl\u00fc\u011f\u00fcnde lezzetli par\u00e7alar i\u00e7erir ve k\u00f6peklerin sevdi\u011fi tavuk ve sebze gibi sa\u011fl\u0131kl\u0131 malzemelerle yap\u0131l\u0131r. Semptomlar\u0131 d\u00fczeldikten sonra bile k\u00f6pe\u011finizin sindirim sistemi sa\u011fl\u0131\u011f\u0131n\u0131 korumaya yard\u0131mc\u0131 olmak i\u00e7in PRESCRIPTION DIET i\/d Digestive Care Dog Food ile beslemeye devam etmek \u00f6nemlidir. PRESCRIPTION DIET mamalar\u0131n\u0131n k\u00f6pe\u011finizin mutlu ve aktif bir ya\u015fam s\u00fcrmeye devam etmesine nas\u0131l yard\u0131mc\u0131 olabilece\u011fi hakk\u0131nda daha fazla bilgi almak i\u00e7in veteriner hekiminize dan\u0131\u015f\u0131n. Evcil hayvan\u0131n\u0131z\u0131n ya\u015fam\u0131n\u0131 de\u011fi\u015ftirmeye yard\u0131mc\u0131 olan harika bir lezzete sahip beslenme. Size ba\u011fl\u0131 olduklar\u0131 i\u00e7in, onlara m\u00fcmk\u00fcn olan en iyi mamay\u0131 sa\u011flamaya \u00e7al\u0131\u015f\u0131yoruz. PRESCRIPTION DIET k\u00f6pek mamas\u0131, k\u00f6pe\u011finizin benzersiz sa\u011fl\u0131k ihtiya\u00e7lar\u0131n\u0131 kar\u015f\u0131lamak i\u00e7in bilimi temel alan form\u00fclleriyle, uzun ve mutlu bir ya\u015fam s\u00fcrmeleri i\u00e7in ihtiya\u00e7 duyduklar\u0131 hedeflenen beslenmedir. Evcil hayvan mamalar\u0131m\u0131z\u0131 en kaliteli malzemelerle \u00fcretiyoruz. Bu malzemeler, safl\u0131k ve besin i\u00e7eri\u011fi i\u00e7in kat\u0131 gereksinimlerimizi kar\u015f\u0131lamal\u0131d\u0131r. Bar\u0131nak hayvanlar\u0131n\u0131n ya\u015famlar\u0131nda bir fark yaratabilirsiniz. Sat\u0131n ald\u0131\u011f\u0131n\u0131z her Hill's PRESCRIPTION DIET evcil hayvan mamas\u0131yla, y\u0131lda 365 g\u00fcn, yani her g\u00fcn 100.000'den fazla evsiz evcil hayvan\u0131n beslenmesine yard\u0131mc\u0131 olursunuz. hillsfoodshelterlove.com adresinden daha fazla bilgi edinin. Hill's PRESCRIPTION DIET k\u00f6pek mamas\u0131, k\u00f6pe\u011finizin benzersiz ihtiya\u00e7lar\u0131 i\u00e7in k\u00f6pe\u011finizin bay\u0131larak yiyece\u011fi \u00e7e\u015fitli kuru ve ya\u015f mama se\u00e7enekleri sunmaktad\u0131r. \u0130\u00c7\u0130NDEK\u0130LER: Et ve hayvansal t\u00fcrevler (%10 tavuk), tah\u0131llar, bitkisel k\u00f6kenli t\u00fcrevler, \u00e7e\u015fitli \u015fekerler, mineraller, sebzeler (%0,8), s\u0131v\u0131 ve kat\u0131 ya\u011flar, yumurta ve yumurta t\u00fcrevleri. Sindirilebilirli\u011fi y\u00fcksek bile\u015fenler: Tavuk, domuz karaci\u011feri, pirin\u00e7 unu, pirin\u00e7 ni\u015fastas\u0131, pirin\u00e7, kurutulmu\u015f yumurta. KG BA\u015eINA KATKILAR: Besinsel katk\u0131lar: 3b103 (Demir) 22,0mg, 3b202 (\u0130yodin) 0,8mg, 3b405 (Bak\u0131r) 3,3mg, 3b503 (Manganaz) 2,4mg, 3b603 (\u00c7inko) 28,0mg. Teknolojik katk\u0131lar: Potasyum aljinat 5,0g. ANAL\u0130T\u0130K B\u0130LE\u015eENLER: Protein 4,9%, Ya\u011f i\u00e7eri\u011fi 2,8%, Ham sel\u00fcloz 0,42%, Ham k\u00fcl 1,4%, Nem 80,8%, Kalsiyum 0,21%, Fosfor 0,15%, Sodyum 0,09%, Potasyum 0,18%, Magnezyum 0,02%; kg ba\u015f\u0131na: A Vitamini 14.134IU, D3 Vitamini 285IU. BESLEME TAL\u0130MATI: Yaln\u0131zca \u00f6nerilen PRESCRIPTION DIET mama ile besleyin. Kullanmadan \u00f6nce veteriner hekiminizden evcil hayvan\u0131n\u0131z i\u00e7in \u00f6zel besleme talimatlar\u0131n\u0131 isteyin. B\u00fct\u00fcn besleme talimatlar\u0131 i\u00e7in l\u00fctfen ambalaja bak\u0131n. Mama miktar\u0131n\u0131 ideal kiloyu koruyacak \u015fekilde ayarlay\u0131n. Emin de\u011filseniz veteriner hekiminize sorun. Gram en do\u011fru \u00f6l\u00e7\u00fcm \u015feklidir; bardaklar gram cinsinden tahmin edilir. Bu mamay\u0131 ilk defa m\u0131 kullan\u0131yorsunuz? 7 g\u00fcnl\u00fck bir s\u00fcre boyunca eski mama miktar\u0131n\u0131 bir kar\u0131\u015f\u0131m i\u00e7erisinde kademeli olarak azalt\u0131p yeni mamay\u0131 kademeli olarak art\u0131r\u0131n. Temiz ve taze suyu daima haz\u0131r bulundurun! Evcil hayvan\u0131n\u0131z\u0131n beslenme ihtiya\u00e7lar\u0131 ya\u015fland\u0131k\u00e7a de\u011fi\u015febilir. Her muayenede veteriner hekiminize sorun.","og_url":"https:\/\/anadolupet.com.tr\/en\/product\/hills-pd-i-d-kopek-guveci-12x354g\/","og_site_name":"Anadolu Pet Grup","article_modified_time":"2026-02-23T12:48:45+00:00","og_image":[{"width":750,"height":750,"url":"https:\/\/anadolupet.com.tr\/wp-content\/uploads\/2026\/02\/645-606448.jpg","type":"image\/jpeg"}],"twitter_card":"summary_large_image","schema":{"@context":"https:\/\/schema.org","@graph":[{"@type":"WebPage","@id":"https:\/\/anadolupet.com.tr\/urun\/hills-pd-i-d-kopek-guveci-12x354g\/","url":"https:\/\/anadolupet.com.tr\/urun\/hills-pd-i-d-kopek-guveci-12x354g\/","name":"Hill's PD I\/D K\u00f6pek G\u00fcveci 12X354G - Anadolu Pet Grup","isPartOf":{"@id":"https:\/\/anadolupet.com.tr\/#website"},"primaryImageOfPage":{"@id":"https:\/\/anadolupet.com.tr\/urun\/hills-pd-i-d-kopek-guveci-12x354g\/#primaryimage"},"image":{"@id":"https:\/\/anadolupet.com.tr\/urun\/hills-pd-i-d-kopek-guveci-12x354g\/#primaryimage"},"thumbnailUrl":"https:\/\/anadolupet.com.tr\/wp-content\/uploads\/2026\/02\/645-606448.jpg","datePublished":"2026-02-14T14:41:24+00:00","dateModified":"2026-02-23T12:48:45+00:00","breadcrumb":{"@id":"https:\/\/anadolupet.com.tr\/urun\/hills-pd-i-d-kopek-guveci-12x354g\/#breadcrumb"},"inLanguage":"en-US","potentialAction":[{"@type":"ReadAction","target":["https:\/\/anadolupet.com.tr\/urun\/hills-pd-i-d-kopek-guveci-12x354g\/"]}]},{"@type":"ImageObject","inLanguage":"en-US","@id":"https:\/\/anadolupet.com.tr\/urun\/hills-pd-i-d-kopek-guveci-12x354g\/#primaryimage","url":"https:\/\/anadolupet.com.tr\/wp-content\/uploads\/2026\/02\/645-606448.jpg","contentUrl":"https:\/\/anadolupet.com.tr\/wp-content\/uploads\/2026\/02\/645-606448.jpg","width":750,"height":750},{"@type":"BreadcrumbList","@id":"https:\/\/anadolupet.com.tr\/urun\/hills-pd-i-d-kopek-guveci-12x354g\/#breadcrumb","itemListElement":[{"@type":"ListItem","position":1,"name":"Anasayfa","item":"https:\/\/anadolupet.com.tr\/"},{"@type":"ListItem","position":2,"name":"\u00dcr\u00fcnler","item":"https:\/\/anadolupet.com.tr\/urunler\/"},{"@type":"ListItem","position":3,"name":"Hill&#8217;s PD I\/D K\u00f6pek G\u00fcveci 12X354G"}]},{"@type":"WebSite","@id":"https:\/\/anadolupet.com.tr\/#website","url":"https:\/\/anadolupet.com.tr\/","name":"Anadolu Pet Group","description":"We Stand Together for the Well-Being of Every Life","publisher":{"@id":"https:\/\/anadolupet.com.tr\/#organization"},"potentialAction":[{"@type":"SearchAction","target":{"@type":"EntryPoint","urlTemplate":"https:\/\/anadolupet.com.tr\/?s={search_term_string}"},"query-input":{"@type":"PropertyValueSpecification","valueRequired":true,"valueName":"search_term_string"}}],"inLanguage":"en-US"},{"@type":"Organization","@id":"https:\/\/anadolupet.com.tr\/#organization","name":"Anadolu Pet Group","alternateName":"Anadolu Pet","url":"https:\/\/anadolupet.com.tr\/","logo":{"@type":"ImageObject","inLanguage":"en-US","@id":"https:\/\/anadolupet.com.tr\/#\/schema\/logo\/image\/","url":"https:\/\/anadolupet.com.tr\/wp-content\/uploads\/2026\/03\/1614666743370.jpg","contentUrl":"https:\/\/anadolupet.com.tr\/wp-content\/uploads\/2026\/03\/1614666743370.jpg","width":800,"height":571,"caption":"Anadolu Pet Grup"},"image":{"@id":"https:\/\/anadolupet.com.tr\/#\/schema\/logo\/image\/"}}]}},"_links":{"self":[{"href":"https:\/\/anadolupet.com.tr\/en\/wp-json\/wp\/v2\/product\/45346","targetHints":{"allow":["GET"]}}],"collection":[{"href":"https:\/\/anadolupet.com.tr\/en\/wp-json\/wp\/v2\/product"}],"about":[{"href":"https:\/\/anadolupet.com.tr\/en\/wp-json\/wp\/v2\/types\/product"}],"replies":[{"embeddable":true,"href":"https:\/\/anadolupet.com.tr\/en\/wp-json\/wp\/v2\/comments?post=45346"}],"wp:featuredmedia":[{"embeddable":true,"href":"https:\/\/anadolupet.com.tr\/en\/wp-json\/wp\/v2\/media\/44414"}],"wp:attachment":[{"href":"https:\/\/anadolupet.com.tr\/en\/wp-json\/wp\/v2\/media?parent=45346"}],"wp:term":[{"taxonomy":"product_brand","embeddable":true,"href":"https:\/\/anadolupet.com.tr\/en\/wp-json\/wp\/v2\/product_brand?post=45346"},{"taxonomy":"product_cat","embeddable":true,"href":"https:\/\/anadolupet.com.tr\/en\/wp-json\/wp\/v2\/product_cat?post=45346"},{"taxonomy":"product_tag","embeddable":true,"href":"https:\/\/anadolupet.com.tr\/en\/wp-json\/wp\/v2\/product_tag?post=45346"}],"curies":[{"name":"wp","href":"https:\/\/api.w.org\/{rel}","templated":true}]}}