{"id":45347,"date":"2026-02-14T14:41:24","date_gmt":"2026-02-14T14:41:24","guid":{"rendered":"https:\/\/anadolupet.com.tr\/urun\/hills-pd-i-d-kopek-konservesi-12x360g\/"},"modified":"2026-02-23T12:48:46","modified_gmt":"2026-02-23T12:48:46","slug":"hills-pd-i-d-kopek-konservesi-12x360g","status":"publish","type":"product","link":"https:\/\/anadolupet.com.tr\/en\/urun\/hills-pd-i-d-kopek-konservesi-12x360g\/","title":{"rendered":"Hill&#8217;s PD I\/D K\u00f6pek Konservesi 12X360G"},"content":{"rendered":"","protected":false},"excerpt":{"rendered":"<p>L\u00fctfen unutmay\u0131n &#8211; ActivBiome+ teknolojisi dahil edilmeden \u00f6nce bu beslenme d\u00fczenini uygulayan m\u00fc\u015fteriler i\u00e7in, evcil hayvan\u0131n\u0131z\u0131 7 g\u00fcnl\u00fck bir s\u00fcre\u00e7le birlikte yenilenmi\u015f form\u00fcle ge\u00e7irmeniz \u00f6nerilir. Ek bilgi i\u00e7in l\u00fctfen veterinerinize dan\u0131\u015f\u0131n. Hill&#8217;s PRESCRIPTION DIET i\/d Sindirim Sistemi Sa\u011fl\u0131\u011f\u0131 ama\u00e7l\u0131 k\u00f6pek mamas\u0131 k\u00f6peklerde sindirim problemlerini azaltmaya yard\u0131mc\u0131 oldu\u011fu kan\u0131tlanm\u0131\u015f klinik bir besindir. Besinlerin kolay emilmesini sa\u011flamak ve kaybolan besinleri yerine koymak i\u00e7in elektrolitler ve B vitaminleri ile zenginle\u015ftirilmi\u015f, kolay sindirilebilir bir k\u00f6pek mamas\u0131d\u0131r. Bu y\u00fcksek d\u00fczeyde sindirilebilir k\u00f6pek mamas\u0131, ideal d\u0131\u015fk\u0131 kalitesini ve sindirim sa\u011fl\u0131\u011f\u0131n\u0131 desteklemek i\u00e7in ba\u011f\u0131rsak mikrobiyomunu h\u0131zla besledi\u011fi klinik olarak kan\u0131tlanm\u0131\u015f, prebiyotik liflerin \u00f6zel bir kar\u0131\u015f\u0131m\u0131 olan Hill&#8217;s patentli ActivBiome+ bile\u015fen teknolojisi ile \u00fcretilmi\u015ftir. Bu k\u00f6pek ya\u015f mamas\u0131 hindi etinden yap\u0131l\u0131r ve k\u00f6pe\u011finizin bay\u0131laca\u011f\u0131 ve kar\u015f\u0131 koyamayaca\u011f\u0131, a\u011f\u0131z suland\u0131ran bir lezzete sahiptir. Semptomlar\u0131 d\u00fczeldikten sonra bile k\u00f6pe\u011finizin sindirim sa\u011fl\u0131\u011f\u0131n\u0131 korumaya yard\u0131mc\u0131 olmak i\u00e7in onu PRESCRIPTION DIET i\/d Sindirim Sistemi Sa\u011fl\u0131\u011f\u0131 Ama\u00e7l\u0131 K\u00f6pek Mamas\u0131 ile beslemeye devam etmeniz \u00f6nemlidir. PRESCRIPTION DIET mamalar\u0131m\u0131z\u0131n, k\u00f6pe\u011finizin mutlu ve aktif bir ya\u015fam s\u00fcrmeye devam etmesine nas\u0131l yard\u0131mc\u0131 olabilece\u011fi hakk\u0131nda daha fazla bilgi i\u00e7in veterinerinize dan\u0131\u015f\u0131n. Evcil hayvan\u0131n\u0131z\u0131n ya\u015fam\u0131n\u0131 d\u00f6n\u00fc\u015ft\u00fcrmeye yard\u0131mc\u0131 olan harika lezzetli mama. Size ba\u011fl\u0131 olduklar\u0131 i\u00e7in, onlara m\u00fcmk\u00fcn olan en iyi ve sa\u011fl\u0131kl\u0131 mamay\u0131 sa\u011flamaya \u00e7al\u0131\u015f\u0131yoruz. K\u00f6pe\u011finizin benzersiz sa\u011fl\u0131k ihtiya\u00e7lar\u0131n\u0131 kar\u015f\u0131layan bilimsel form\u00fcllerin temel al\u0131nd\u0131\u011f\u0131 PRESCRIPTION DIET, k\u00f6peklerin uzun ve mutlu bir ya\u015fam s\u00fcrmeleri i\u00e7in ihtiya\u00e7 duyduklar\u0131 her \u015feyi sunan bir besindir. Evcil hayvan mamalar\u0131m\u0131z\u0131 en y\u00fcksek kaliteli malzemelerle \u00fcretiyoruz. Bu malzemeler, safl\u0131k ve besin i\u00e7eri\u011fi konusundaki kat\u0131 kriterlerimizi kar\u015f\u0131lamal\u0131d\u0131r. Bar\u0131naklarda ya\u015fayan evcil hayvanlar\u0131n hayat\u0131nda bir fark yaratabilirsiniz. Sat\u0131n ald\u0131\u011f\u0131n\u0131z her Hill&#8217;s PRESCRIPTION DIET evcil hayvan mamas\u0131yla, her g\u00fcn yani y\u0131l\u0131n 365 g\u00fcn\u00fc 100.000&#8217;den fazla evsiz hayvan\u0131 beslemeye yard\u0131mc\u0131 olabilirsiniz. Daha fazlas\u0131 i\u00e7in https:\/\/www.hillsfoodshelterlove.com &#8216;u ziyaret edin. Hill&#8217;s PRESCRIPTION DIET, k\u00f6pe\u011finizin benzersiz ihtiya\u00e7lar\u0131n\u0131 kar\u015f\u0131lamak i\u00e7in haz\u0131rlanan ve k\u00f6pe\u011finizin bay\u0131laca\u011f\u0131 lezzetler i\u00e7eren \u00e7e\u015fitli kuru veya ya\u015f mamalar sunmaktad\u0131r. \u0130\u00c7\u0130NDEK\u0130LER: Et ve hayvan t\u00fcrevleri (hindi eti 5%), tah\u0131llar, yumurta ve yumurta t\u00fcrevleri, mineraller, bitkisel orjinli t\u00fcrevler, s\u0131v\u0131 ve kat\u0131 ya\u011flar, tohumlar, meyve. Y\u00fcksek sindirilebilirli\u011fe sahip i\u00e7erikler: Domuz karaci\u011feri, pirin\u00e7, pirin\u00e7 unu, hindi eti, kurutulmu\u015f b\u00fct\u00fcn yumurta, bal\u0131k ya\u011f\u0131.<br \/>\nKG BA\u015eINA KATKILAR: Besinsel katk\u0131lar: 3b103 (Demir) 14,1mg, 3b202 (\u0130yodin) 0,5mg, 3b405 (Bak\u0131r) 2,3mg, 3b502 (Manganez) 3,1mg, 3b603 (\u00c7inko) 36,4mg.<br \/>\nANAL\u0130T\u0130K B\u0130LE\u015eENLER: Protein 6,6%, Ya\u011f i\u00e7eri\u011fi 4,0%, Ham sel\u00fcloz 0,49%, Ham k\u00fcl 1,8%, Nem 74,4%, Kalsiyum 0,29%, Fosfor 0,20%, Sodyum 0,08%, Potasyum 0,23%, Magnezyum 0,03%; kg ba\u015f\u0131na: A Vitamini 16.064IU, D3 Vitamini 212IU.<br \/>\nBESLEME TAL\u0130MATI: Veterinerinizden evcil hayvan\u0131n\u0131z i\u00e7in \u00f6zel beslenme talimatlar\u0131 isteyin. Komple besleme talimatlar\u0131 i\u00e7in l\u00fctfen ambalaja bak\u0131n. G\u00fcnl\u00fck Beslenme \u00d6nerileri sadece k\u0131lavuz niteli\u011findedir ve ba\u015flang\u0131\u00e7 noktas\u0131n\u0131 ifade eder. Gram en do\u011fru \u00f6l\u00e7\u00fcm \u015feklidir; \u00f6l\u00e7\u00fc kab\u0131 gram cinsinden tahmini bir de\u011feri ifade eder.<br \/>\nBu mama yeni mi? Eski mama miktar\u0131n\u0131 bir kar\u0131\u015f\u0131m i\u00e7erisinde 7 g\u00fcn veya daha uzun bir s\u00fcre boyunca kademeli olarak azalt\u0131p yeni mamay\u0131 bu s\u00fcrede kademeli olarak art\u0131r\u0131n. Temiz ve taze suyu daima haz\u0131r bulundurun! Evcil hayvan\u0131n\u0131z\u0131n beslenme ihtiya\u00e7lar\u0131 ya\u015fland\u0131k\u00e7a de\u011fi\u015febilir. Her muayenede veterinerinize sorun.<\/p>","protected":false},"featured_media":44415,"comment_status":"open","ping_status":"closed","template":"","meta":{"_acf_changed":false},"product_brand":[],"product_cat":[2456],"product_tag":[],"class_list":{"0":"post-45347","1":"product","2":"type-product","3":"status-publish","4":"has-post-thumbnail","6":"product_cat-receteli-diyet-kopek-mamalari","8":"first","9":"instock","10":"shipping-taxable","11":"product-type-simple"},"acf":[],"yoast_head":"<!-- This site is optimized with the Yoast SEO plugin v27.5 - https:\/\/yoast.com\/product\/yoast-seo-wordpress\/ -->\n<title>Hill&#039;s PD I\/D K\u00f6pek Konservesi 12X360G - Anadolu Pet Grup<\/title>\n<meta name=\"robots\" content=\"index, follow, max-snippet:-1, max-image-preview:large, max-video-preview:-1\" \/>\n<link rel=\"canonical\" href=\"https:\/\/anadolupet.com.tr\/en\/product\/hills-pd-i-d-kopek-konservesi-12x360g\/\" \/>\n<meta property=\"og:locale\" content=\"en_US\" \/>\n<meta property=\"og:type\" content=\"article\" \/>\n<meta property=\"og:title\" content=\"Hill&#039;s PD I\/D K\u00f6pek Konservesi 12X360G - Anadolu Pet Grup\" \/>\n<meta property=\"og:description\" content=\"L\u00fctfen unutmay\u0131n - ActivBiome+ teknolojisi dahil edilmeden \u00f6nce bu beslenme d\u00fczenini uygulayan m\u00fc\u015fteriler i\u00e7in, evcil hayvan\u0131n\u0131z\u0131 7 g\u00fcnl\u00fck bir s\u00fcre\u00e7le birlikte yenilenmi\u015f form\u00fcle ge\u00e7irmeniz \u00f6nerilir. Ek bilgi i\u00e7in l\u00fctfen veterinerinize dan\u0131\u015f\u0131n. Hill&#039;s PRESCRIPTION DIET i\/d Sindirim Sistemi Sa\u011fl\u0131\u011f\u0131 ama\u00e7l\u0131 k\u00f6pek mamas\u0131 k\u00f6peklerde sindirim problemlerini azaltmaya yard\u0131mc\u0131 oldu\u011fu kan\u0131tlanm\u0131\u015f klinik bir besindir. Besinlerin kolay emilmesini sa\u011flamak ve kaybolan besinleri yerine koymak i\u00e7in elektrolitler ve B vitaminleri ile zenginle\u015ftirilmi\u015f, kolay sindirilebilir bir k\u00f6pek mamas\u0131d\u0131r. Bu y\u00fcksek d\u00fczeyde sindirilebilir k\u00f6pek mamas\u0131, ideal d\u0131\u015fk\u0131 kalitesini ve sindirim sa\u011fl\u0131\u011f\u0131n\u0131 desteklemek i\u00e7in ba\u011f\u0131rsak mikrobiyomunu h\u0131zla besledi\u011fi klinik olarak kan\u0131tlanm\u0131\u015f, prebiyotik liflerin \u00f6zel bir kar\u0131\u015f\u0131m\u0131 olan Hill&#039;s patentli ActivBiome+ bile\u015fen teknolojisi ile \u00fcretilmi\u015ftir. Bu k\u00f6pek ya\u015f mamas\u0131 hindi etinden yap\u0131l\u0131r ve k\u00f6pe\u011finizin bay\u0131laca\u011f\u0131 ve kar\u015f\u0131 koyamayaca\u011f\u0131, a\u011f\u0131z suland\u0131ran bir lezzete sahiptir. Semptomlar\u0131 d\u00fczeldikten sonra bile k\u00f6pe\u011finizin sindirim sa\u011fl\u0131\u011f\u0131n\u0131 korumaya yard\u0131mc\u0131 olmak i\u00e7in onu PRESCRIPTION DIET i\/d Sindirim Sistemi Sa\u011fl\u0131\u011f\u0131 Ama\u00e7l\u0131 K\u00f6pek Mamas\u0131 ile beslemeye devam etmeniz \u00f6nemlidir. PRESCRIPTION DIET mamalar\u0131m\u0131z\u0131n, k\u00f6pe\u011finizin mutlu ve aktif bir ya\u015fam s\u00fcrmeye devam etmesine nas\u0131l yard\u0131mc\u0131 olabilece\u011fi hakk\u0131nda daha fazla bilgi i\u00e7in veterinerinize dan\u0131\u015f\u0131n. Evcil hayvan\u0131n\u0131z\u0131n ya\u015fam\u0131n\u0131 d\u00f6n\u00fc\u015ft\u00fcrmeye yard\u0131mc\u0131 olan harika lezzetli mama. Size ba\u011fl\u0131 olduklar\u0131 i\u00e7in, onlara m\u00fcmk\u00fcn olan en iyi ve sa\u011fl\u0131kl\u0131 mamay\u0131 sa\u011flamaya \u00e7al\u0131\u015f\u0131yoruz. K\u00f6pe\u011finizin benzersiz sa\u011fl\u0131k ihtiya\u00e7lar\u0131n\u0131 kar\u015f\u0131layan bilimsel form\u00fcllerin temel al\u0131nd\u0131\u011f\u0131 PRESCRIPTION DIET, k\u00f6peklerin uzun ve mutlu bir ya\u015fam s\u00fcrmeleri i\u00e7in ihtiya\u00e7 duyduklar\u0131 her \u015feyi sunan bir besindir. Evcil hayvan mamalar\u0131m\u0131z\u0131 en y\u00fcksek kaliteli malzemelerle \u00fcretiyoruz. Bu malzemeler, safl\u0131k ve besin i\u00e7eri\u011fi konusundaki kat\u0131 kriterlerimizi kar\u015f\u0131lamal\u0131d\u0131r. Bar\u0131naklarda ya\u015fayan evcil hayvanlar\u0131n hayat\u0131nda bir fark yaratabilirsiniz. Sat\u0131n ald\u0131\u011f\u0131n\u0131z her Hill&#039;s PRESCRIPTION DIET evcil hayvan mamas\u0131yla, her g\u00fcn yani y\u0131l\u0131n 365 g\u00fcn\u00fc 100.000&#039;den fazla evsiz hayvan\u0131 beslemeye yard\u0131mc\u0131 olabilirsiniz. Daha fazlas\u0131 i\u00e7in https:\/\/www.hillsfoodshelterlove.com &#039;u ziyaret edin. Hill&#039;s PRESCRIPTION DIET, k\u00f6pe\u011finizin benzersiz ihtiya\u00e7lar\u0131n\u0131 kar\u015f\u0131lamak i\u00e7in haz\u0131rlanan ve k\u00f6pe\u011finizin bay\u0131laca\u011f\u0131 lezzetler i\u00e7eren \u00e7e\u015fitli kuru veya ya\u015f mamalar sunmaktad\u0131r. \u0130\u00c7\u0130NDEK\u0130LER: Et ve hayvan t\u00fcrevleri (hindi eti 5%), tah\u0131llar, yumurta ve yumurta t\u00fcrevleri, mineraller, bitkisel orjinli t\u00fcrevler, s\u0131v\u0131 ve kat\u0131 ya\u011flar, tohumlar, meyve. Y\u00fcksek sindirilebilirli\u011fe sahip i\u00e7erikler: Domuz karaci\u011feri, pirin\u00e7, pirin\u00e7 unu, hindi eti, kurutulmu\u015f b\u00fct\u00fcn yumurta, bal\u0131k ya\u011f\u0131. KG BA\u015eINA KATKILAR: Besinsel katk\u0131lar: 3b103 (Demir) 14,1mg, 3b202 (\u0130yodin) 0,5mg, 3b405 (Bak\u0131r) 2,3mg, 3b502 (Manganez) 3,1mg, 3b603 (\u00c7inko) 36,4mg. ANAL\u0130T\u0130K B\u0130LE\u015eENLER: Protein 6,6%, Ya\u011f i\u00e7eri\u011fi 4,0%, Ham sel\u00fcloz 0,49%, Ham k\u00fcl 1,8%, Nem 74,4%, Kalsiyum 0,29%, Fosfor 0,20%, Sodyum 0,08%, Potasyum 0,23%, Magnezyum 0,03%; kg ba\u015f\u0131na: A Vitamini 16.064IU, D3 Vitamini 212IU. BESLEME TAL\u0130MATI: Veterinerinizden evcil hayvan\u0131n\u0131z i\u00e7in \u00f6zel beslenme talimatlar\u0131 isteyin. Komple besleme talimatlar\u0131 i\u00e7in l\u00fctfen ambalaja bak\u0131n. G\u00fcnl\u00fck Beslenme \u00d6nerileri sadece k\u0131lavuz niteli\u011findedir ve ba\u015flang\u0131\u00e7 noktas\u0131n\u0131 ifade eder. Gram en do\u011fru \u00f6l\u00e7\u00fcm \u015feklidir; \u00f6l\u00e7\u00fc kab\u0131 gram cinsinden tahmini bir de\u011feri ifade eder. Bu mama yeni mi? Eski mama miktar\u0131n\u0131 bir kar\u0131\u015f\u0131m i\u00e7erisinde 7 g\u00fcn veya daha uzun bir s\u00fcre boyunca kademeli olarak azalt\u0131p yeni mamay\u0131 bu s\u00fcrede kademeli olarak art\u0131r\u0131n. Temiz ve taze suyu daima haz\u0131r bulundurun! Evcil hayvan\u0131n\u0131z\u0131n beslenme ihtiya\u00e7lar\u0131 ya\u015fland\u0131k\u00e7a de\u011fi\u015febilir. Her muayenede veterinerinize sorun.\" \/>\n<meta property=\"og:url\" content=\"https:\/\/anadolupet.com.tr\/en\/product\/hills-pd-i-d-kopek-konservesi-12x360g\/\" \/>\n<meta property=\"og:site_name\" content=\"Anadolu Pet Grup\" \/>\n<meta property=\"article:modified_time\" content=\"2026-02-23T12:48:46+00:00\" \/>\n<meta property=\"og:image\" content=\"https:\/\/anadolupet.com.tr\/wp-content\/uploads\/2026\/02\/645-607215.jpg\" \/>\n\t<meta property=\"og:image:width\" content=\"750\" \/>\n\t<meta property=\"og:image:height\" content=\"750\" \/>\n\t<meta property=\"og:image:type\" content=\"image\/jpeg\" \/>\n<meta name=\"twitter:card\" content=\"summary_large_image\" \/>\n<script type=\"application\/ld+json\" class=\"yoast-schema-graph\">{\"@context\":\"https:\\\/\\\/schema.org\",\"@graph\":[{\"@type\":\"WebPage\",\"@id\":\"https:\\\/\\\/anadolupet.com.tr\\\/urun\\\/hills-pd-i-d-kopek-konservesi-12x360g\\\/\",\"url\":\"https:\\\/\\\/anadolupet.com.tr\\\/urun\\\/hills-pd-i-d-kopek-konservesi-12x360g\\\/\",\"name\":\"Hill's PD I\\\/D K\u00f6pek Konservesi 12X360G - Anadolu Pet Grup\",\"isPartOf\":{\"@id\":\"https:\\\/\\\/anadolupet.com.tr\\\/#website\"},\"primaryImageOfPage\":{\"@id\":\"https:\\\/\\\/anadolupet.com.tr\\\/urun\\\/hills-pd-i-d-kopek-konservesi-12x360g\\\/#primaryimage\"},\"image\":{\"@id\":\"https:\\\/\\\/anadolupet.com.tr\\\/urun\\\/hills-pd-i-d-kopek-konservesi-12x360g\\\/#primaryimage\"},\"thumbnailUrl\":\"https:\\\/\\\/anadolupet.com.tr\\\/wp-content\\\/uploads\\\/2026\\\/02\\\/645-607215.jpg\",\"datePublished\":\"2026-02-14T14:41:24+00:00\",\"dateModified\":\"2026-02-23T12:48:46+00:00\",\"breadcrumb\":{\"@id\":\"https:\\\/\\\/anadolupet.com.tr\\\/urun\\\/hills-pd-i-d-kopek-konservesi-12x360g\\\/#breadcrumb\"},\"inLanguage\":\"en-US\",\"potentialAction\":[{\"@type\":\"ReadAction\",\"target\":[\"https:\\\/\\\/anadolupet.com.tr\\\/urun\\\/hills-pd-i-d-kopek-konservesi-12x360g\\\/\"]}]},{\"@type\":\"ImageObject\",\"inLanguage\":\"en-US\",\"@id\":\"https:\\\/\\\/anadolupet.com.tr\\\/urun\\\/hills-pd-i-d-kopek-konservesi-12x360g\\\/#primaryimage\",\"url\":\"https:\\\/\\\/anadolupet.com.tr\\\/wp-content\\\/uploads\\\/2026\\\/02\\\/645-607215.jpg\",\"contentUrl\":\"https:\\\/\\\/anadolupet.com.tr\\\/wp-content\\\/uploads\\\/2026\\\/02\\\/645-607215.jpg\",\"width\":750,\"height\":750},{\"@type\":\"BreadcrumbList\",\"@id\":\"https:\\\/\\\/anadolupet.com.tr\\\/urun\\\/hills-pd-i-d-kopek-konservesi-12x360g\\\/#breadcrumb\",\"itemListElement\":[{\"@type\":\"ListItem\",\"position\":1,\"name\":\"Anasayfa\",\"item\":\"https:\\\/\\\/anadolupet.com.tr\\\/\"},{\"@type\":\"ListItem\",\"position\":2,\"name\":\"\u00dcr\u00fcnler\",\"item\":\"https:\\\/\\\/anadolupet.com.tr\\\/urunler\\\/\"},{\"@type\":\"ListItem\",\"position\":3,\"name\":\"Hill&#8217;s PD I\\\/D K\u00f6pek Konservesi 12X360G\"}]},{\"@type\":\"WebSite\",\"@id\":\"https:\\\/\\\/anadolupet.com.tr\\\/#website\",\"url\":\"https:\\\/\\\/anadolupet.com.tr\\\/\",\"name\":\"Anadolu Pet Grup\",\"description\":\"Her Can\u0131n \u0130yi Ya\u015fam\u0131 \u0130\u00e7in Biraraday\u0131z\",\"publisher\":{\"@id\":\"https:\\\/\\\/anadolupet.com.tr\\\/#organization\"},\"potentialAction\":[{\"@type\":\"SearchAction\",\"target\":{\"@type\":\"EntryPoint\",\"urlTemplate\":\"https:\\\/\\\/anadolupet.com.tr\\\/?s={search_term_string}\"},\"query-input\":{\"@type\":\"PropertyValueSpecification\",\"valueRequired\":true,\"valueName\":\"search_term_string\"}}],\"inLanguage\":\"en-US\"},{\"@type\":\"Organization\",\"@id\":\"https:\\\/\\\/anadolupet.com.tr\\\/#organization\",\"name\":\"Anadolu Pet Grup\",\"alternateName\":\"Anadolu Pet\",\"url\":\"https:\\\/\\\/anadolupet.com.tr\\\/\",\"logo\":{\"@type\":\"ImageObject\",\"inLanguage\":\"en-US\",\"@id\":\"https:\\\/\\\/anadolupet.com.tr\\\/#\\\/schema\\\/logo\\\/image\\\/\",\"url\":\"https:\\\/\\\/anadolupet.com.tr\\\/wp-content\\\/uploads\\\/2026\\\/03\\\/1614666743370.jpg\",\"contentUrl\":\"https:\\\/\\\/anadolupet.com.tr\\\/wp-content\\\/uploads\\\/2026\\\/03\\\/1614666743370.jpg\",\"width\":800,\"height\":571,\"caption\":\"Anadolu Pet Grup\"},\"image\":{\"@id\":\"https:\\\/\\\/anadolupet.com.tr\\\/#\\\/schema\\\/logo\\\/image\\\/\"}}]}<\/script>\n<!-- \/ Yoast SEO plugin. -->","yoast_head_json":{"title":"Hill's PD I\/D K\u00f6pek Konservesi 12X360G - Anadolu Pet Grup","robots":{"index":"index","follow":"follow","max-snippet":"max-snippet:-1","max-image-preview":"max-image-preview:large","max-video-preview":"max-video-preview:-1"},"canonical":"https:\/\/anadolupet.com.tr\/en\/product\/hills-pd-i-d-kopek-konservesi-12x360g\/","og_locale":"en_US","og_type":"article","og_title":"Hill's PD I\/D K\u00f6pek Konservesi 12X360G - Anadolu Pet Grup","og_description":"L\u00fctfen unutmay\u0131n - ActivBiome+ teknolojisi dahil edilmeden \u00f6nce bu beslenme d\u00fczenini uygulayan m\u00fc\u015fteriler i\u00e7in, evcil hayvan\u0131n\u0131z\u0131 7 g\u00fcnl\u00fck bir s\u00fcre\u00e7le birlikte yenilenmi\u015f form\u00fcle ge\u00e7irmeniz \u00f6nerilir. Ek bilgi i\u00e7in l\u00fctfen veterinerinize dan\u0131\u015f\u0131n. Hill's PRESCRIPTION DIET i\/d Sindirim Sistemi Sa\u011fl\u0131\u011f\u0131 ama\u00e7l\u0131 k\u00f6pek mamas\u0131 k\u00f6peklerde sindirim problemlerini azaltmaya yard\u0131mc\u0131 oldu\u011fu kan\u0131tlanm\u0131\u015f klinik bir besindir. Besinlerin kolay emilmesini sa\u011flamak ve kaybolan besinleri yerine koymak i\u00e7in elektrolitler ve B vitaminleri ile zenginle\u015ftirilmi\u015f, kolay sindirilebilir bir k\u00f6pek mamas\u0131d\u0131r. Bu y\u00fcksek d\u00fczeyde sindirilebilir k\u00f6pek mamas\u0131, ideal d\u0131\u015fk\u0131 kalitesini ve sindirim sa\u011fl\u0131\u011f\u0131n\u0131 desteklemek i\u00e7in ba\u011f\u0131rsak mikrobiyomunu h\u0131zla besledi\u011fi klinik olarak kan\u0131tlanm\u0131\u015f, prebiyotik liflerin \u00f6zel bir kar\u0131\u015f\u0131m\u0131 olan Hill's patentli ActivBiome+ bile\u015fen teknolojisi ile \u00fcretilmi\u015ftir. Bu k\u00f6pek ya\u015f mamas\u0131 hindi etinden yap\u0131l\u0131r ve k\u00f6pe\u011finizin bay\u0131laca\u011f\u0131 ve kar\u015f\u0131 koyamayaca\u011f\u0131, a\u011f\u0131z suland\u0131ran bir lezzete sahiptir. Semptomlar\u0131 d\u00fczeldikten sonra bile k\u00f6pe\u011finizin sindirim sa\u011fl\u0131\u011f\u0131n\u0131 korumaya yard\u0131mc\u0131 olmak i\u00e7in onu PRESCRIPTION DIET i\/d Sindirim Sistemi Sa\u011fl\u0131\u011f\u0131 Ama\u00e7l\u0131 K\u00f6pek Mamas\u0131 ile beslemeye devam etmeniz \u00f6nemlidir. PRESCRIPTION DIET mamalar\u0131m\u0131z\u0131n, k\u00f6pe\u011finizin mutlu ve aktif bir ya\u015fam s\u00fcrmeye devam etmesine nas\u0131l yard\u0131mc\u0131 olabilece\u011fi hakk\u0131nda daha fazla bilgi i\u00e7in veterinerinize dan\u0131\u015f\u0131n. Evcil hayvan\u0131n\u0131z\u0131n ya\u015fam\u0131n\u0131 d\u00f6n\u00fc\u015ft\u00fcrmeye yard\u0131mc\u0131 olan harika lezzetli mama. Size ba\u011fl\u0131 olduklar\u0131 i\u00e7in, onlara m\u00fcmk\u00fcn olan en iyi ve sa\u011fl\u0131kl\u0131 mamay\u0131 sa\u011flamaya \u00e7al\u0131\u015f\u0131yoruz. K\u00f6pe\u011finizin benzersiz sa\u011fl\u0131k ihtiya\u00e7lar\u0131n\u0131 kar\u015f\u0131layan bilimsel form\u00fcllerin temel al\u0131nd\u0131\u011f\u0131 PRESCRIPTION DIET, k\u00f6peklerin uzun ve mutlu bir ya\u015fam s\u00fcrmeleri i\u00e7in ihtiya\u00e7 duyduklar\u0131 her \u015feyi sunan bir besindir. Evcil hayvan mamalar\u0131m\u0131z\u0131 en y\u00fcksek kaliteli malzemelerle \u00fcretiyoruz. Bu malzemeler, safl\u0131k ve besin i\u00e7eri\u011fi konusundaki kat\u0131 kriterlerimizi kar\u015f\u0131lamal\u0131d\u0131r. Bar\u0131naklarda ya\u015fayan evcil hayvanlar\u0131n hayat\u0131nda bir fark yaratabilirsiniz. Sat\u0131n ald\u0131\u011f\u0131n\u0131z her Hill's PRESCRIPTION DIET evcil hayvan mamas\u0131yla, her g\u00fcn yani y\u0131l\u0131n 365 g\u00fcn\u00fc 100.000'den fazla evsiz hayvan\u0131 beslemeye yard\u0131mc\u0131 olabilirsiniz. Daha fazlas\u0131 i\u00e7in https:\/\/www.hillsfoodshelterlove.com 'u ziyaret edin. Hill's PRESCRIPTION DIET, k\u00f6pe\u011finizin benzersiz ihtiya\u00e7lar\u0131n\u0131 kar\u015f\u0131lamak i\u00e7in haz\u0131rlanan ve k\u00f6pe\u011finizin bay\u0131laca\u011f\u0131 lezzetler i\u00e7eren \u00e7e\u015fitli kuru veya ya\u015f mamalar sunmaktad\u0131r. \u0130\u00c7\u0130NDEK\u0130LER: Et ve hayvan t\u00fcrevleri (hindi eti 5%), tah\u0131llar, yumurta ve yumurta t\u00fcrevleri, mineraller, bitkisel orjinli t\u00fcrevler, s\u0131v\u0131 ve kat\u0131 ya\u011flar, tohumlar, meyve. Y\u00fcksek sindirilebilirli\u011fe sahip i\u00e7erikler: Domuz karaci\u011feri, pirin\u00e7, pirin\u00e7 unu, hindi eti, kurutulmu\u015f b\u00fct\u00fcn yumurta, bal\u0131k ya\u011f\u0131. KG BA\u015eINA KATKILAR: Besinsel katk\u0131lar: 3b103 (Demir) 14,1mg, 3b202 (\u0130yodin) 0,5mg, 3b405 (Bak\u0131r) 2,3mg, 3b502 (Manganez) 3,1mg, 3b603 (\u00c7inko) 36,4mg. ANAL\u0130T\u0130K B\u0130LE\u015eENLER: Protein 6,6%, Ya\u011f i\u00e7eri\u011fi 4,0%, Ham sel\u00fcloz 0,49%, Ham k\u00fcl 1,8%, Nem 74,4%, Kalsiyum 0,29%, Fosfor 0,20%, Sodyum 0,08%, Potasyum 0,23%, Magnezyum 0,03%; kg ba\u015f\u0131na: A Vitamini 16.064IU, D3 Vitamini 212IU. BESLEME TAL\u0130MATI: Veterinerinizden evcil hayvan\u0131n\u0131z i\u00e7in \u00f6zel beslenme talimatlar\u0131 isteyin. Komple besleme talimatlar\u0131 i\u00e7in l\u00fctfen ambalaja bak\u0131n. G\u00fcnl\u00fck Beslenme \u00d6nerileri sadece k\u0131lavuz niteli\u011findedir ve ba\u015flang\u0131\u00e7 noktas\u0131n\u0131 ifade eder. Gram en do\u011fru \u00f6l\u00e7\u00fcm \u015feklidir; \u00f6l\u00e7\u00fc kab\u0131 gram cinsinden tahmini bir de\u011feri ifade eder. Bu mama yeni mi? Eski mama miktar\u0131n\u0131 bir kar\u0131\u015f\u0131m i\u00e7erisinde 7 g\u00fcn veya daha uzun bir s\u00fcre boyunca kademeli olarak azalt\u0131p yeni mamay\u0131 bu s\u00fcrede kademeli olarak art\u0131r\u0131n. Temiz ve taze suyu daima haz\u0131r bulundurun! Evcil hayvan\u0131n\u0131z\u0131n beslenme ihtiya\u00e7lar\u0131 ya\u015fland\u0131k\u00e7a de\u011fi\u015febilir. Her muayenede veterinerinize sorun.","og_url":"https:\/\/anadolupet.com.tr\/en\/product\/hills-pd-i-d-kopek-konservesi-12x360g\/","og_site_name":"Anadolu Pet Grup","article_modified_time":"2026-02-23T12:48:46+00:00","og_image":[{"width":750,"height":750,"url":"https:\/\/anadolupet.com.tr\/wp-content\/uploads\/2026\/02\/645-607215.jpg","type":"image\/jpeg"}],"twitter_card":"summary_large_image","schema":{"@context":"https:\/\/schema.org","@graph":[{"@type":"WebPage","@id":"https:\/\/anadolupet.com.tr\/urun\/hills-pd-i-d-kopek-konservesi-12x360g\/","url":"https:\/\/anadolupet.com.tr\/urun\/hills-pd-i-d-kopek-konservesi-12x360g\/","name":"Hill's PD I\/D K\u00f6pek Konservesi 12X360G - Anadolu Pet Grup","isPartOf":{"@id":"https:\/\/anadolupet.com.tr\/#website"},"primaryImageOfPage":{"@id":"https:\/\/anadolupet.com.tr\/urun\/hills-pd-i-d-kopek-konservesi-12x360g\/#primaryimage"},"image":{"@id":"https:\/\/anadolupet.com.tr\/urun\/hills-pd-i-d-kopek-konservesi-12x360g\/#primaryimage"},"thumbnailUrl":"https:\/\/anadolupet.com.tr\/wp-content\/uploads\/2026\/02\/645-607215.jpg","datePublished":"2026-02-14T14:41:24+00:00","dateModified":"2026-02-23T12:48:46+00:00","breadcrumb":{"@id":"https:\/\/anadolupet.com.tr\/urun\/hills-pd-i-d-kopek-konservesi-12x360g\/#breadcrumb"},"inLanguage":"en-US","potentialAction":[{"@type":"ReadAction","target":["https:\/\/anadolupet.com.tr\/urun\/hills-pd-i-d-kopek-konservesi-12x360g\/"]}]},{"@type":"ImageObject","inLanguage":"en-US","@id":"https:\/\/anadolupet.com.tr\/urun\/hills-pd-i-d-kopek-konservesi-12x360g\/#primaryimage","url":"https:\/\/anadolupet.com.tr\/wp-content\/uploads\/2026\/02\/645-607215.jpg","contentUrl":"https:\/\/anadolupet.com.tr\/wp-content\/uploads\/2026\/02\/645-607215.jpg","width":750,"height":750},{"@type":"BreadcrumbList","@id":"https:\/\/anadolupet.com.tr\/urun\/hills-pd-i-d-kopek-konservesi-12x360g\/#breadcrumb","itemListElement":[{"@type":"ListItem","position":1,"name":"Anasayfa","item":"https:\/\/anadolupet.com.tr\/"},{"@type":"ListItem","position":2,"name":"\u00dcr\u00fcnler","item":"https:\/\/anadolupet.com.tr\/urunler\/"},{"@type":"ListItem","position":3,"name":"Hill&#8217;s PD I\/D K\u00f6pek Konservesi 12X360G"}]},{"@type":"WebSite","@id":"https:\/\/anadolupet.com.tr\/#website","url":"https:\/\/anadolupet.com.tr\/","name":"Anadolu Pet Group","description":"We Stand Together for the Well-Being of Every Life","publisher":{"@id":"https:\/\/anadolupet.com.tr\/#organization"},"potentialAction":[{"@type":"SearchAction","target":{"@type":"EntryPoint","urlTemplate":"https:\/\/anadolupet.com.tr\/?s={search_term_string}"},"query-input":{"@type":"PropertyValueSpecification","valueRequired":true,"valueName":"search_term_string"}}],"inLanguage":"en-US"},{"@type":"Organization","@id":"https:\/\/anadolupet.com.tr\/#organization","name":"Anadolu Pet Group","alternateName":"Anadolu Pet","url":"https:\/\/anadolupet.com.tr\/","logo":{"@type":"ImageObject","inLanguage":"en-US","@id":"https:\/\/anadolupet.com.tr\/#\/schema\/logo\/image\/","url":"https:\/\/anadolupet.com.tr\/wp-content\/uploads\/2026\/03\/1614666743370.jpg","contentUrl":"https:\/\/anadolupet.com.tr\/wp-content\/uploads\/2026\/03\/1614666743370.jpg","width":800,"height":571,"caption":"Anadolu Pet Grup"},"image":{"@id":"https:\/\/anadolupet.com.tr\/#\/schema\/logo\/image\/"}}]}},"_links":{"self":[{"href":"https:\/\/anadolupet.com.tr\/en\/wp-json\/wp\/v2\/product\/45347","targetHints":{"allow":["GET"]}}],"collection":[{"href":"https:\/\/anadolupet.com.tr\/en\/wp-json\/wp\/v2\/product"}],"about":[{"href":"https:\/\/anadolupet.com.tr\/en\/wp-json\/wp\/v2\/types\/product"}],"replies":[{"embeddable":true,"href":"https:\/\/anadolupet.com.tr\/en\/wp-json\/wp\/v2\/comments?post=45347"}],"wp:featuredmedia":[{"embeddable":true,"href":"https:\/\/anadolupet.com.tr\/en\/wp-json\/wp\/v2\/media\/44415"}],"wp:attachment":[{"href":"https:\/\/anadolupet.com.tr\/en\/wp-json\/wp\/v2\/media?parent=45347"}],"wp:term":[{"taxonomy":"product_brand","embeddable":true,"href":"https:\/\/anadolupet.com.tr\/en\/wp-json\/wp\/v2\/product_brand?post=45347"},{"taxonomy":"product_cat","embeddable":true,"href":"https:\/\/anadolupet.com.tr\/en\/wp-json\/wp\/v2\/product_cat?post=45347"},{"taxonomy":"product_tag","embeddable":true,"href":"https:\/\/anadolupet.com.tr\/en\/wp-json\/wp\/v2\/product_tag?post=45347"}],"curies":[{"name":"wp","href":"https:\/\/api.w.org\/{rel}","templated":true}]}}