{"id":45349,"date":"2026-02-14T14:41:24","date_gmt":"2026-02-14T14:41:24","guid":{"rendered":"https:\/\/anadolupet.com.tr\/urun\/hills-pd-i-d-kopek-mamasi-12kg\/"},"modified":"2026-02-23T12:48:46","modified_gmt":"2026-02-23T12:48:46","slug":"hills-pd-i-d-kopek-mamasi-12kg","status":"publish","type":"product","link":"https:\/\/anadolupet.com.tr\/en\/urun\/hills-pd-i-d-kopek-mamasi-12kg\/","title":{"rendered":"Hill&#8217;s PD I\/D K\u00f6pek Mamas\u0131 12KG"},"content":{"rendered":"","protected":false},"excerpt":{"rendered":"<p>L\u00fctfen unutmay\u0131n; ActivBiome+ teknolojisinin eklenmesinden \u00f6nce bu diyet \u00fcr\u00fcn\u00fc daha \u00f6nce kullanm\u0131\u015f olan m\u00fc\u015fteriler i\u00e7in evcil hayvan\u0131n\u0131z\u0131, 7 g\u00fcnl\u00fck bir s\u00fcre i\u00e7inde bu y\u00fckseltilmi\u015f form\u00fcle ge\u00e7irmeniz \u00f6nerilir. Herhangi bir ek bilgi i\u00e7in l\u00fctfen veteriner hekiminize dan\u0131\u015f\u0131n. Hill&#8217;s PRESCRIPTION DIET i\/d Digestive Care kuru k\u00f6pek mamas\u0131, k\u00f6peklerde sindirim sistemi problemlerini azaltmaya yard\u0131mc\u0131 oldu\u011fu kan\u0131tlanm\u0131\u015f klinik beslenmedir. Kolayca besin emilimini sa\u011flamak ve kay\u0131p besinleri yerine koymak i\u00e7in elektrolitler ve B vitaminleri ile zenginle\u015ftirilmi\u015f, kolay sindirilebilir bir k\u00f6pek mamas\u0131d\u0131r. Bu olduk\u00e7a sindirilebilir k\u00f6pek mamas\u0131, klinik olarak optimal d\u0131\u015fk\u0131 kalitesini ve sindirim sistemi sa\u011fl\u0131\u011f\u0131n\u0131 desteklemek i\u00e7in ba\u011f\u0131rsak mikrobiyomunu h\u0131zla besledi\u011fi g\u00f6sterilen, prebiyotik liflerin \u00f6zel bir kar\u0131\u015f\u0131m\u0131 olan Hill&#8217;sin tescilli ActivBiome+ i\u00e7erik teknolojisi ile \u00fcretilmi\u015ftir. Bu kuru k\u00f6pek mamas\u0131, tavukla yap\u0131l\u0131r ve k\u00f6pe\u011finizin sevece\u011fi a\u011f\u0131z suland\u0131ran bir tada sahiptir.<br \/>\nSemptomlar\u0131 d\u00fczeldikten sonra bile k\u00f6pe\u011finizin sindirim sa\u011fl\u0131\u011f\u0131n\u0131 korumaya yard\u0131mc\u0131 olmak i\u00e7in RECRIPTION DIET i\/d Sindirim Sistemi Bak\u0131m\u0131 K\u00f6pek Mamas\u0131n\u0131 beslemeye devam etmek \u00f6nemlidir. PRESCRIPTION DIET mamalar\u0131n\u0131n k\u00f6pe\u011finizin mutlu ve aktif bir ya\u015fam s\u00fcrmeye devam etmesine nas\u0131l yard\u0131mc\u0131 olabilece\u011fi hakk\u0131nda daha fazla bilgi i\u00e7in veteriner hekiminize dan\u0131\u015f\u0131n.<br \/>\nEvcil hayvan\u0131n\u0131z\u0131n hayat\u0131n\u0131 de\u011fi\u015ftirmeye yard\u0131mc\u0131 olan harika tada sahip beslenme. Size sorumluluklar\u0131n\u0131zda olduklar\u0131 i\u00e7in, insanca, m\u00fcmk\u00fcn olan en iyi mamay\u0131 sa\u011flamaya \u00e7al\u0131\u015f\u0131yoruz. K\u00f6pe\u011finizin benzersiz sa\u011fl\u0131k ihtiya\u00e7lar\u0131n\u0131 kar\u015f\u0131lamak i\u00e7in bilime \u00f6ncelik veren form\u00fcllerle, PRESCRIPTION DIET k\u00f6pek mamas\u0131, uzun ve mutlu bir ya\u015fam s\u00fcrmeleri i\u00e7in ihtiya\u00e7 duyduklar\u0131 hedeflenen beslenmedir.<br \/>\nEvcil hayvan mamalar\u0131m\u0131z\u0131 en y\u00fcksek kaliteli malzemelerle \u00fcretiyoruz. Bu malzemeler, safl\u0131k ve besin i\u00e7eri\u011fi konusundaki kat\u0131 kriterlerimizi kar\u015f\u0131lar.<br \/>\nBar\u0131naklarda ya\u015fayan evcil hayvanlar\u0131n hayat\u0131nda bir fark yaratabilirsiniz. Sat\u0131n ald\u0131\u011f\u0131n\u0131z her Hill&#8217;s PRESCRIPTION DIET mamas\u0131yla, her g\u00fcn yani y\u0131l\u0131n 365 g\u00fcn\u00fc 100.000&#8217;den fazla evsiz hayvan\u0131 beslemeye yard\u0131mc\u0131 oluyorsunuz. Daha fazlas\u0131n\u0131 hillsfoodshelterlove.com adresinden \u00f6\u011frenebilirsiniz.<br \/>\nHill&#8217;s PRESCRIPTION DIET evcil hayvan mamalar\u0131 ve \u00f6d\u00fcl mamalar\u0131, k\u00f6pe\u011finizin benzersiz ihtiya\u00e7lar\u0131n\u0131 kar\u015f\u0131lamak i\u00e7in haz\u0131rlanan ve bay\u0131laca\u011f\u0131 lezzetler i\u00e7eren, \u00e7e\u015fitli kuru ve ya\u015f konserve mamalar sunmaktad\u0131r.<br \/>\n\u0130\u00c7\u0130NDEK\u0130LER: Tah\u0131llar, et ve hayvan t\u00fcrevleri (tavuk 7%), yumurta ve yumurta t\u00fcrevleri, bitkisel orjinli t\u00fcrevler, bitkisel protein ekstrat\u0131, s\u0131v\u0131 ve kat\u0131 ya\u011flar, mineraller, meyve, tohumlar. Y\u00fcksek sindirilebilirli\u011fe sahip i\u00e7erikler: M\u0131s\u0131r, k\u0131r\u0131k pirin\u00e7, kurutulmu\u015f b\u00fct\u00fcn yumurta, tavuk ve hindi unu, m\u0131s\u0131r gluteni unu, hayvansal ya\u011f, bitkisel ya\u011f. ActivBiome+ prebiyotik kar\u0131\u015f\u0131m\u0131 (%5,8): Kurutulmu\u015f pancar k\u00fcspesi, \u00f6\u011f\u00fct\u00fclm\u00fc\u015f pekan kabu\u011fu, keten tohumu, kurutulmu\u015f turu\u00e7giller posas\u0131, kurutulmu\u015f k\u0131z\u0131lc\u0131k.<br \/>\nKG BA\u015eINA KATKILAR: Besinsel katk\u0131lar: 3b103 (Demir) 106mg, 3b202 (\u0130yodin) 4,6mg, 3b405 (Bak\u0131r) 12,4mg, 3b502 (Manganez) 11,0mg, 3b603 (\u00c7inko) 164mg, do\u011fal antioksidan ile.<br \/>\nANAL\u0130T\u0130K B\u0130LE\u015eENLER: Protein 23,3%, Ya\u011f i\u00e7eri\u011fi 13,1%, Ham sel\u00fcloz 2,3%, Ham k\u00fcl 6,1%, Kalsiyum 0,98%, Fosfor 0,71%, Sodyum 0,36%, Potasyum 0,85%, Magnezyum 0,08%; kg ba\u015f\u0131na: A Vitamini 9.292IU, D3 Vitamini 728IU, E Vitamini 600mg, C Vitamini 100mg, B1 Vitamini 15,4mg, B 12 Vitamini 0,14mg, Beta-karoten 1,5mg.<br \/>\nBESLEME TAL\u0130MATI: Yaln\u0131zca \u00f6nerilen PRESCRIPTION DIET mamas\u0131n\u0131 besleyin.B\u00fct\u00fcn besleme talimatlar\u0131 i\u00e7in l\u00fctfen pakete bak\u0131n\u0131z. Mama miktar\u0131n\u0131 ideal kiloyu koruyacak \u015fekilde ayarlay\u0131n. E\u011fer emin de\u011fil iseniz, veteriner hekiminize dan\u0131\u015f\u0131n\u0131z. Bu mamay\u0131 ilk defa m\u0131 kullan\u0131yorsunuz? Eski mama ile yeni maman\u0131n bir kar\u0131\u015f\u0131m\u0131n\u0131 haz\u0131rlay\u0131n\u0131z ve eski maman\u0131n miktar\u0131n\u0131 kademeli olarak azaltarak 7 g\u00fcn sonunda yeni mamaya tamamen ge\u00e7i\u015f yap\u0131n\u0131z. Her zaman taze ve temiz su bulundurdu\u011funuzdan emin olunuz! Evcil hayvan\u0131n\u0131z\u0131n ihtiya\u00e7lar\u0131, o ya\u015fland\u0131k\u00e7a de\u011fi\u015fiklik g\u00f6sterebilir. Veteriner hekiminize her kontrolde sormay\u0131 ihmal etmeyiniz.<\/p>","protected":false},"featured_media":44359,"comment_status":"open","ping_status":"closed","template":"","meta":{"_acf_changed":false},"product_brand":[],"product_cat":[2456],"product_tag":[],"class_list":{"0":"post-45349","1":"product","2":"type-product","3":"status-publish","4":"has-post-thumbnail","6":"product_cat-receteli-diyet-kopek-mamalari","8":"first","9":"instock","10":"shipping-taxable","11":"product-type-simple"},"acf":[],"yoast_head":"<!-- This site is optimized with the Yoast SEO plugin v27.4 - https:\/\/yoast.com\/product\/yoast-seo-wordpress\/ -->\n<title>Hill&#039;s PD I\/D K\u00f6pek Mamas\u0131 12KG - Anadolu Pet Grup<\/title>\n<meta name=\"robots\" content=\"index, follow, max-snippet:-1, max-image-preview:large, max-video-preview:-1\" \/>\n<link rel=\"canonical\" href=\"https:\/\/anadolupet.com.tr\/en\/product\/hills-pd-i-d-kopek-mamasi-12kg\/\" \/>\n<meta property=\"og:locale\" content=\"en_US\" \/>\n<meta property=\"og:type\" content=\"article\" \/>\n<meta property=\"og:title\" content=\"Hill&#039;s PD I\/D K\u00f6pek Mamas\u0131 12KG - Anadolu Pet Grup\" \/>\n<meta property=\"og:description\" content=\"L\u00fctfen unutmay\u0131n; ActivBiome+ teknolojisinin eklenmesinden \u00f6nce bu diyet \u00fcr\u00fcn\u00fc daha \u00f6nce kullanm\u0131\u015f olan m\u00fc\u015fteriler i\u00e7in evcil hayvan\u0131n\u0131z\u0131, 7 g\u00fcnl\u00fck bir s\u00fcre i\u00e7inde bu y\u00fckseltilmi\u015f form\u00fcle ge\u00e7irmeniz \u00f6nerilir. Herhangi bir ek bilgi i\u00e7in l\u00fctfen veteriner hekiminize dan\u0131\u015f\u0131n. Hill&#039;s PRESCRIPTION DIET i\/d Digestive Care kuru k\u00f6pek mamas\u0131, k\u00f6peklerde sindirim sistemi problemlerini azaltmaya yard\u0131mc\u0131 oldu\u011fu kan\u0131tlanm\u0131\u015f klinik beslenmedir. Kolayca besin emilimini sa\u011flamak ve kay\u0131p besinleri yerine koymak i\u00e7in elektrolitler ve B vitaminleri ile zenginle\u015ftirilmi\u015f, kolay sindirilebilir bir k\u00f6pek mamas\u0131d\u0131r. Bu olduk\u00e7a sindirilebilir k\u00f6pek mamas\u0131, klinik olarak optimal d\u0131\u015fk\u0131 kalitesini ve sindirim sistemi sa\u011fl\u0131\u011f\u0131n\u0131 desteklemek i\u00e7in ba\u011f\u0131rsak mikrobiyomunu h\u0131zla besledi\u011fi g\u00f6sterilen, prebiyotik liflerin \u00f6zel bir kar\u0131\u015f\u0131m\u0131 olan Hill&#039;sin tescilli ActivBiome+ i\u00e7erik teknolojisi ile \u00fcretilmi\u015ftir. Bu kuru k\u00f6pek mamas\u0131, tavukla yap\u0131l\u0131r ve k\u00f6pe\u011finizin sevece\u011fi a\u011f\u0131z suland\u0131ran bir tada sahiptir. Semptomlar\u0131 d\u00fczeldikten sonra bile k\u00f6pe\u011finizin sindirim sa\u011fl\u0131\u011f\u0131n\u0131 korumaya yard\u0131mc\u0131 olmak i\u00e7in RECRIPTION DIET i\/d Sindirim Sistemi Bak\u0131m\u0131 K\u00f6pek Mamas\u0131n\u0131 beslemeye devam etmek \u00f6nemlidir. PRESCRIPTION DIET mamalar\u0131n\u0131n k\u00f6pe\u011finizin mutlu ve aktif bir ya\u015fam s\u00fcrmeye devam etmesine nas\u0131l yard\u0131mc\u0131 olabilece\u011fi hakk\u0131nda daha fazla bilgi i\u00e7in veteriner hekiminize dan\u0131\u015f\u0131n. Evcil hayvan\u0131n\u0131z\u0131n hayat\u0131n\u0131 de\u011fi\u015ftirmeye yard\u0131mc\u0131 olan harika tada sahip beslenme. Size sorumluluklar\u0131n\u0131zda olduklar\u0131 i\u00e7in, insanca, m\u00fcmk\u00fcn olan en iyi mamay\u0131 sa\u011flamaya \u00e7al\u0131\u015f\u0131yoruz. K\u00f6pe\u011finizin benzersiz sa\u011fl\u0131k ihtiya\u00e7lar\u0131n\u0131 kar\u015f\u0131lamak i\u00e7in bilime \u00f6ncelik veren form\u00fcllerle, PRESCRIPTION DIET k\u00f6pek mamas\u0131, uzun ve mutlu bir ya\u015fam s\u00fcrmeleri i\u00e7in ihtiya\u00e7 duyduklar\u0131 hedeflenen beslenmedir. Evcil hayvan mamalar\u0131m\u0131z\u0131 en y\u00fcksek kaliteli malzemelerle \u00fcretiyoruz. Bu malzemeler, safl\u0131k ve besin i\u00e7eri\u011fi konusundaki kat\u0131 kriterlerimizi kar\u015f\u0131lar. Bar\u0131naklarda ya\u015fayan evcil hayvanlar\u0131n hayat\u0131nda bir fark yaratabilirsiniz. Sat\u0131n ald\u0131\u011f\u0131n\u0131z her Hill&#039;s PRESCRIPTION DIET mamas\u0131yla, her g\u00fcn yani y\u0131l\u0131n 365 g\u00fcn\u00fc 100.000&#039;den fazla evsiz hayvan\u0131 beslemeye yard\u0131mc\u0131 oluyorsunuz. Daha fazlas\u0131n\u0131 hillsfoodshelterlove.com adresinden \u00f6\u011frenebilirsiniz. Hill&#039;s PRESCRIPTION DIET evcil hayvan mamalar\u0131 ve \u00f6d\u00fcl mamalar\u0131, k\u00f6pe\u011finizin benzersiz ihtiya\u00e7lar\u0131n\u0131 kar\u015f\u0131lamak i\u00e7in haz\u0131rlanan ve bay\u0131laca\u011f\u0131 lezzetler i\u00e7eren, \u00e7e\u015fitli kuru ve ya\u015f konserve mamalar sunmaktad\u0131r. \u0130\u00c7\u0130NDEK\u0130LER: Tah\u0131llar, et ve hayvan t\u00fcrevleri (tavuk 7%), yumurta ve yumurta t\u00fcrevleri, bitkisel orjinli t\u00fcrevler, bitkisel protein ekstrat\u0131, s\u0131v\u0131 ve kat\u0131 ya\u011flar, mineraller, meyve, tohumlar. Y\u00fcksek sindirilebilirli\u011fe sahip i\u00e7erikler: M\u0131s\u0131r, k\u0131r\u0131k pirin\u00e7, kurutulmu\u015f b\u00fct\u00fcn yumurta, tavuk ve hindi unu, m\u0131s\u0131r gluteni unu, hayvansal ya\u011f, bitkisel ya\u011f. ActivBiome+ prebiyotik kar\u0131\u015f\u0131m\u0131 (%5,8): Kurutulmu\u015f pancar k\u00fcspesi, \u00f6\u011f\u00fct\u00fclm\u00fc\u015f pekan kabu\u011fu, keten tohumu, kurutulmu\u015f turu\u00e7giller posas\u0131, kurutulmu\u015f k\u0131z\u0131lc\u0131k. KG BA\u015eINA KATKILAR: Besinsel katk\u0131lar: 3b103 (Demir) 106mg, 3b202 (\u0130yodin) 4,6mg, 3b405 (Bak\u0131r) 12,4mg, 3b502 (Manganez) 11,0mg, 3b603 (\u00c7inko) 164mg, do\u011fal antioksidan ile. ANAL\u0130T\u0130K B\u0130LE\u015eENLER: Protein 23,3%, Ya\u011f i\u00e7eri\u011fi 13,1%, Ham sel\u00fcloz 2,3%, Ham k\u00fcl 6,1%, Kalsiyum 0,98%, Fosfor 0,71%, Sodyum 0,36%, Potasyum 0,85%, Magnezyum 0,08%; kg ba\u015f\u0131na: A Vitamini 9.292IU, D3 Vitamini 728IU, E Vitamini 600mg, C Vitamini 100mg, B1 Vitamini 15,4mg, B 12 Vitamini 0,14mg, Beta-karoten 1,5mg. BESLEME TAL\u0130MATI: Yaln\u0131zca \u00f6nerilen PRESCRIPTION DIET mamas\u0131n\u0131 besleyin.B\u00fct\u00fcn besleme talimatlar\u0131 i\u00e7in l\u00fctfen pakete bak\u0131n\u0131z. Mama miktar\u0131n\u0131 ideal kiloyu koruyacak \u015fekilde ayarlay\u0131n. E\u011fer emin de\u011fil iseniz, veteriner hekiminize dan\u0131\u015f\u0131n\u0131z. Bu mamay\u0131 ilk defa m\u0131 kullan\u0131yorsunuz? Eski mama ile yeni maman\u0131n bir kar\u0131\u015f\u0131m\u0131n\u0131 haz\u0131rlay\u0131n\u0131z ve eski maman\u0131n miktar\u0131n\u0131 kademeli olarak azaltarak 7 g\u00fcn sonunda yeni mamaya tamamen ge\u00e7i\u015f yap\u0131n\u0131z. Her zaman taze ve temiz su bulundurdu\u011funuzdan emin olunuz! Evcil hayvan\u0131n\u0131z\u0131n ihtiya\u00e7lar\u0131, o ya\u015fland\u0131k\u00e7a de\u011fi\u015fiklik g\u00f6sterebilir. Veteriner hekiminize her kontrolde sormay\u0131 ihmal etmeyiniz.\" \/>\n<meta property=\"og:url\" content=\"https:\/\/anadolupet.com.tr\/en\/product\/hills-pd-i-d-kopek-mamasi-12kg\/\" \/>\n<meta property=\"og:site_name\" content=\"Anadolu Pet Grup\" \/>\n<meta property=\"article:modified_time\" content=\"2026-02-23T12:48:46+00:00\" \/>\n<meta property=\"og:image\" content=\"https:\/\/anadolupet.com.tr\/wp-content\/uploads\/2026\/02\/640-605862.jpg\" \/>\n\t<meta property=\"og:image:width\" content=\"750\" \/>\n\t<meta property=\"og:image:height\" content=\"750\" \/>\n\t<meta property=\"og:image:type\" content=\"image\/jpeg\" \/>\n<meta name=\"twitter:card\" content=\"summary_large_image\" \/>\n<script type=\"application\/ld+json\" class=\"yoast-schema-graph\">{\"@context\":\"https:\\\/\\\/schema.org\",\"@graph\":[{\"@type\":\"WebPage\",\"@id\":\"https:\\\/\\\/anadolupet.com.tr\\\/urun\\\/hills-pd-i-d-kopek-mamasi-12kg\\\/\",\"url\":\"https:\\\/\\\/anadolupet.com.tr\\\/urun\\\/hills-pd-i-d-kopek-mamasi-12kg\\\/\",\"name\":\"Hill's PD I\\\/D K\u00f6pek Mamas\u0131 12KG - Anadolu Pet Grup\",\"isPartOf\":{\"@id\":\"https:\\\/\\\/anadolupet.com.tr\\\/#website\"},\"primaryImageOfPage\":{\"@id\":\"https:\\\/\\\/anadolupet.com.tr\\\/urun\\\/hills-pd-i-d-kopek-mamasi-12kg\\\/#primaryimage\"},\"image\":{\"@id\":\"https:\\\/\\\/anadolupet.com.tr\\\/urun\\\/hills-pd-i-d-kopek-mamasi-12kg\\\/#primaryimage\"},\"thumbnailUrl\":\"https:\\\/\\\/anadolupet.com.tr\\\/wp-content\\\/uploads\\\/2026\\\/02\\\/640-605862.jpg\",\"datePublished\":\"2026-02-14T14:41:24+00:00\",\"dateModified\":\"2026-02-23T12:48:46+00:00\",\"breadcrumb\":{\"@id\":\"https:\\\/\\\/anadolupet.com.tr\\\/urun\\\/hills-pd-i-d-kopek-mamasi-12kg\\\/#breadcrumb\"},\"inLanguage\":\"en-US\",\"potentialAction\":[{\"@type\":\"ReadAction\",\"target\":[\"https:\\\/\\\/anadolupet.com.tr\\\/urun\\\/hills-pd-i-d-kopek-mamasi-12kg\\\/\"]}]},{\"@type\":\"ImageObject\",\"inLanguage\":\"en-US\",\"@id\":\"https:\\\/\\\/anadolupet.com.tr\\\/urun\\\/hills-pd-i-d-kopek-mamasi-12kg\\\/#primaryimage\",\"url\":\"https:\\\/\\\/anadolupet.com.tr\\\/wp-content\\\/uploads\\\/2026\\\/02\\\/640-605862.jpg\",\"contentUrl\":\"https:\\\/\\\/anadolupet.com.tr\\\/wp-content\\\/uploads\\\/2026\\\/02\\\/640-605862.jpg\",\"width\":750,\"height\":750},{\"@type\":\"BreadcrumbList\",\"@id\":\"https:\\\/\\\/anadolupet.com.tr\\\/urun\\\/hills-pd-i-d-kopek-mamasi-12kg\\\/#breadcrumb\",\"itemListElement\":[{\"@type\":\"ListItem\",\"position\":1,\"name\":\"Anasayfa\",\"item\":\"https:\\\/\\\/anadolupet.com.tr\\\/\"},{\"@type\":\"ListItem\",\"position\":2,\"name\":\"\u00dcr\u00fcnler\",\"item\":\"https:\\\/\\\/anadolupet.com.tr\\\/urunler\\\/\"},{\"@type\":\"ListItem\",\"position\":3,\"name\":\"Hill&#8217;s PD I\\\/D K\u00f6pek Mamas\u0131 12KG\"}]},{\"@type\":\"WebSite\",\"@id\":\"https:\\\/\\\/anadolupet.com.tr\\\/#website\",\"url\":\"https:\\\/\\\/anadolupet.com.tr\\\/\",\"name\":\"Anadolu Pet Grup\",\"description\":\"Her Can\u0131n \u0130yi Ya\u015fam\u0131 \u0130\u00e7in Biraraday\u0131z\",\"publisher\":{\"@id\":\"https:\\\/\\\/anadolupet.com.tr\\\/#organization\"},\"potentialAction\":[{\"@type\":\"SearchAction\",\"target\":{\"@type\":\"EntryPoint\",\"urlTemplate\":\"https:\\\/\\\/anadolupet.com.tr\\\/?s={search_term_string}\"},\"query-input\":{\"@type\":\"PropertyValueSpecification\",\"valueRequired\":true,\"valueName\":\"search_term_string\"}}],\"inLanguage\":\"en-US\"},{\"@type\":\"Organization\",\"@id\":\"https:\\\/\\\/anadolupet.com.tr\\\/#organization\",\"name\":\"Anadolu Pet Grup\",\"alternateName\":\"Anadolu Pet\",\"url\":\"https:\\\/\\\/anadolupet.com.tr\\\/\",\"logo\":{\"@type\":\"ImageObject\",\"inLanguage\":\"en-US\",\"@id\":\"https:\\\/\\\/anadolupet.com.tr\\\/#\\\/schema\\\/logo\\\/image\\\/\",\"url\":\"https:\\\/\\\/anadolupet.com.tr\\\/wp-content\\\/uploads\\\/2026\\\/03\\\/1614666743370.jpg\",\"contentUrl\":\"https:\\\/\\\/anadolupet.com.tr\\\/wp-content\\\/uploads\\\/2026\\\/03\\\/1614666743370.jpg\",\"width\":800,\"height\":571,\"caption\":\"Anadolu Pet Grup\"},\"image\":{\"@id\":\"https:\\\/\\\/anadolupet.com.tr\\\/#\\\/schema\\\/logo\\\/image\\\/\"}}]}<\/script>\n<!-- \/ Yoast SEO plugin. -->","yoast_head_json":{"title":"Hill's PD I\/D K\u00f6pek Mamas\u0131 12KG - Anadolu Pet Grup","robots":{"index":"index","follow":"follow","max-snippet":"max-snippet:-1","max-image-preview":"max-image-preview:large","max-video-preview":"max-video-preview:-1"},"canonical":"https:\/\/anadolupet.com.tr\/en\/product\/hills-pd-i-d-kopek-mamasi-12kg\/","og_locale":"en_US","og_type":"article","og_title":"Hill's PD I\/D K\u00f6pek Mamas\u0131 12KG - Anadolu Pet Grup","og_description":"L\u00fctfen unutmay\u0131n; ActivBiome+ teknolojisinin eklenmesinden \u00f6nce bu diyet \u00fcr\u00fcn\u00fc daha \u00f6nce kullanm\u0131\u015f olan m\u00fc\u015fteriler i\u00e7in evcil hayvan\u0131n\u0131z\u0131, 7 g\u00fcnl\u00fck bir s\u00fcre i\u00e7inde bu y\u00fckseltilmi\u015f form\u00fcle ge\u00e7irmeniz \u00f6nerilir. Herhangi bir ek bilgi i\u00e7in l\u00fctfen veteriner hekiminize dan\u0131\u015f\u0131n. Hill's PRESCRIPTION DIET i\/d Digestive Care kuru k\u00f6pek mamas\u0131, k\u00f6peklerde sindirim sistemi problemlerini azaltmaya yard\u0131mc\u0131 oldu\u011fu kan\u0131tlanm\u0131\u015f klinik beslenmedir. Kolayca besin emilimini sa\u011flamak ve kay\u0131p besinleri yerine koymak i\u00e7in elektrolitler ve B vitaminleri ile zenginle\u015ftirilmi\u015f, kolay sindirilebilir bir k\u00f6pek mamas\u0131d\u0131r. Bu olduk\u00e7a sindirilebilir k\u00f6pek mamas\u0131, klinik olarak optimal d\u0131\u015fk\u0131 kalitesini ve sindirim sistemi sa\u011fl\u0131\u011f\u0131n\u0131 desteklemek i\u00e7in ba\u011f\u0131rsak mikrobiyomunu h\u0131zla besledi\u011fi g\u00f6sterilen, prebiyotik liflerin \u00f6zel bir kar\u0131\u015f\u0131m\u0131 olan Hill'sin tescilli ActivBiome+ i\u00e7erik teknolojisi ile \u00fcretilmi\u015ftir. Bu kuru k\u00f6pek mamas\u0131, tavukla yap\u0131l\u0131r ve k\u00f6pe\u011finizin sevece\u011fi a\u011f\u0131z suland\u0131ran bir tada sahiptir. Semptomlar\u0131 d\u00fczeldikten sonra bile k\u00f6pe\u011finizin sindirim sa\u011fl\u0131\u011f\u0131n\u0131 korumaya yard\u0131mc\u0131 olmak i\u00e7in RECRIPTION DIET i\/d Sindirim Sistemi Bak\u0131m\u0131 K\u00f6pek Mamas\u0131n\u0131 beslemeye devam etmek \u00f6nemlidir. PRESCRIPTION DIET mamalar\u0131n\u0131n k\u00f6pe\u011finizin mutlu ve aktif bir ya\u015fam s\u00fcrmeye devam etmesine nas\u0131l yard\u0131mc\u0131 olabilece\u011fi hakk\u0131nda daha fazla bilgi i\u00e7in veteriner hekiminize dan\u0131\u015f\u0131n. Evcil hayvan\u0131n\u0131z\u0131n hayat\u0131n\u0131 de\u011fi\u015ftirmeye yard\u0131mc\u0131 olan harika tada sahip beslenme. Size sorumluluklar\u0131n\u0131zda olduklar\u0131 i\u00e7in, insanca, m\u00fcmk\u00fcn olan en iyi mamay\u0131 sa\u011flamaya \u00e7al\u0131\u015f\u0131yoruz. K\u00f6pe\u011finizin benzersiz sa\u011fl\u0131k ihtiya\u00e7lar\u0131n\u0131 kar\u015f\u0131lamak i\u00e7in bilime \u00f6ncelik veren form\u00fcllerle, PRESCRIPTION DIET k\u00f6pek mamas\u0131, uzun ve mutlu bir ya\u015fam s\u00fcrmeleri i\u00e7in ihtiya\u00e7 duyduklar\u0131 hedeflenen beslenmedir. Evcil hayvan mamalar\u0131m\u0131z\u0131 en y\u00fcksek kaliteli malzemelerle \u00fcretiyoruz. Bu malzemeler, safl\u0131k ve besin i\u00e7eri\u011fi konusundaki kat\u0131 kriterlerimizi kar\u015f\u0131lar. Bar\u0131naklarda ya\u015fayan evcil hayvanlar\u0131n hayat\u0131nda bir fark yaratabilirsiniz. Sat\u0131n ald\u0131\u011f\u0131n\u0131z her Hill's PRESCRIPTION DIET mamas\u0131yla, her g\u00fcn yani y\u0131l\u0131n 365 g\u00fcn\u00fc 100.000'den fazla evsiz hayvan\u0131 beslemeye yard\u0131mc\u0131 oluyorsunuz. Daha fazlas\u0131n\u0131 hillsfoodshelterlove.com adresinden \u00f6\u011frenebilirsiniz. Hill's PRESCRIPTION DIET evcil hayvan mamalar\u0131 ve \u00f6d\u00fcl mamalar\u0131, k\u00f6pe\u011finizin benzersiz ihtiya\u00e7lar\u0131n\u0131 kar\u015f\u0131lamak i\u00e7in haz\u0131rlanan ve bay\u0131laca\u011f\u0131 lezzetler i\u00e7eren, \u00e7e\u015fitli kuru ve ya\u015f konserve mamalar sunmaktad\u0131r. \u0130\u00c7\u0130NDEK\u0130LER: Tah\u0131llar, et ve hayvan t\u00fcrevleri (tavuk 7%), yumurta ve yumurta t\u00fcrevleri, bitkisel orjinli t\u00fcrevler, bitkisel protein ekstrat\u0131, s\u0131v\u0131 ve kat\u0131 ya\u011flar, mineraller, meyve, tohumlar. Y\u00fcksek sindirilebilirli\u011fe sahip i\u00e7erikler: M\u0131s\u0131r, k\u0131r\u0131k pirin\u00e7, kurutulmu\u015f b\u00fct\u00fcn yumurta, tavuk ve hindi unu, m\u0131s\u0131r gluteni unu, hayvansal ya\u011f, bitkisel ya\u011f. ActivBiome+ prebiyotik kar\u0131\u015f\u0131m\u0131 (%5,8): Kurutulmu\u015f pancar k\u00fcspesi, \u00f6\u011f\u00fct\u00fclm\u00fc\u015f pekan kabu\u011fu, keten tohumu, kurutulmu\u015f turu\u00e7giller posas\u0131, kurutulmu\u015f k\u0131z\u0131lc\u0131k. KG BA\u015eINA KATKILAR: Besinsel katk\u0131lar: 3b103 (Demir) 106mg, 3b202 (\u0130yodin) 4,6mg, 3b405 (Bak\u0131r) 12,4mg, 3b502 (Manganez) 11,0mg, 3b603 (\u00c7inko) 164mg, do\u011fal antioksidan ile. ANAL\u0130T\u0130K B\u0130LE\u015eENLER: Protein 23,3%, Ya\u011f i\u00e7eri\u011fi 13,1%, Ham sel\u00fcloz 2,3%, Ham k\u00fcl 6,1%, Kalsiyum 0,98%, Fosfor 0,71%, Sodyum 0,36%, Potasyum 0,85%, Magnezyum 0,08%; kg ba\u015f\u0131na: A Vitamini 9.292IU, D3 Vitamini 728IU, E Vitamini 600mg, C Vitamini 100mg, B1 Vitamini 15,4mg, B 12 Vitamini 0,14mg, Beta-karoten 1,5mg. BESLEME TAL\u0130MATI: Yaln\u0131zca \u00f6nerilen PRESCRIPTION DIET mamas\u0131n\u0131 besleyin.B\u00fct\u00fcn besleme talimatlar\u0131 i\u00e7in l\u00fctfen pakete bak\u0131n\u0131z. Mama miktar\u0131n\u0131 ideal kiloyu koruyacak \u015fekilde ayarlay\u0131n. E\u011fer emin de\u011fil iseniz, veteriner hekiminize dan\u0131\u015f\u0131n\u0131z. Bu mamay\u0131 ilk defa m\u0131 kullan\u0131yorsunuz? Eski mama ile yeni maman\u0131n bir kar\u0131\u015f\u0131m\u0131n\u0131 haz\u0131rlay\u0131n\u0131z ve eski maman\u0131n miktar\u0131n\u0131 kademeli olarak azaltarak 7 g\u00fcn sonunda yeni mamaya tamamen ge\u00e7i\u015f yap\u0131n\u0131z. Her zaman taze ve temiz su bulundurdu\u011funuzdan emin olunuz! Evcil hayvan\u0131n\u0131z\u0131n ihtiya\u00e7lar\u0131, o ya\u015fland\u0131k\u00e7a de\u011fi\u015fiklik g\u00f6sterebilir. Veteriner hekiminize her kontrolde sormay\u0131 ihmal etmeyiniz.","og_url":"https:\/\/anadolupet.com.tr\/en\/product\/hills-pd-i-d-kopek-mamasi-12kg\/","og_site_name":"Anadolu Pet Grup","article_modified_time":"2026-02-23T12:48:46+00:00","og_image":[{"width":750,"height":750,"url":"https:\/\/anadolupet.com.tr\/wp-content\/uploads\/2026\/02\/640-605862.jpg","type":"image\/jpeg"}],"twitter_card":"summary_large_image","schema":{"@context":"https:\/\/schema.org","@graph":[{"@type":"WebPage","@id":"https:\/\/anadolupet.com.tr\/urun\/hills-pd-i-d-kopek-mamasi-12kg\/","url":"https:\/\/anadolupet.com.tr\/urun\/hills-pd-i-d-kopek-mamasi-12kg\/","name":"Hill's PD I\/D K\u00f6pek Mamas\u0131 12KG - Anadolu Pet Grup","isPartOf":{"@id":"https:\/\/anadolupet.com.tr\/#website"},"primaryImageOfPage":{"@id":"https:\/\/anadolupet.com.tr\/urun\/hills-pd-i-d-kopek-mamasi-12kg\/#primaryimage"},"image":{"@id":"https:\/\/anadolupet.com.tr\/urun\/hills-pd-i-d-kopek-mamasi-12kg\/#primaryimage"},"thumbnailUrl":"https:\/\/anadolupet.com.tr\/wp-content\/uploads\/2026\/02\/640-605862.jpg","datePublished":"2026-02-14T14:41:24+00:00","dateModified":"2026-02-23T12:48:46+00:00","breadcrumb":{"@id":"https:\/\/anadolupet.com.tr\/urun\/hills-pd-i-d-kopek-mamasi-12kg\/#breadcrumb"},"inLanguage":"en-US","potentialAction":[{"@type":"ReadAction","target":["https:\/\/anadolupet.com.tr\/urun\/hills-pd-i-d-kopek-mamasi-12kg\/"]}]},{"@type":"ImageObject","inLanguage":"en-US","@id":"https:\/\/anadolupet.com.tr\/urun\/hills-pd-i-d-kopek-mamasi-12kg\/#primaryimage","url":"https:\/\/anadolupet.com.tr\/wp-content\/uploads\/2026\/02\/640-605862.jpg","contentUrl":"https:\/\/anadolupet.com.tr\/wp-content\/uploads\/2026\/02\/640-605862.jpg","width":750,"height":750},{"@type":"BreadcrumbList","@id":"https:\/\/anadolupet.com.tr\/urun\/hills-pd-i-d-kopek-mamasi-12kg\/#breadcrumb","itemListElement":[{"@type":"ListItem","position":1,"name":"Anasayfa","item":"https:\/\/anadolupet.com.tr\/"},{"@type":"ListItem","position":2,"name":"\u00dcr\u00fcnler","item":"https:\/\/anadolupet.com.tr\/urunler\/"},{"@type":"ListItem","position":3,"name":"Hill&#8217;s PD I\/D K\u00f6pek Mamas\u0131 12KG"}]},{"@type":"WebSite","@id":"https:\/\/anadolupet.com.tr\/#website","url":"https:\/\/anadolupet.com.tr\/","name":"Anadolu Pet Group","description":"We Stand Together for the Well-Being of Every Life","publisher":{"@id":"https:\/\/anadolupet.com.tr\/#organization"},"potentialAction":[{"@type":"SearchAction","target":{"@type":"EntryPoint","urlTemplate":"https:\/\/anadolupet.com.tr\/?s={search_term_string}"},"query-input":{"@type":"PropertyValueSpecification","valueRequired":true,"valueName":"search_term_string"}}],"inLanguage":"en-US"},{"@type":"Organization","@id":"https:\/\/anadolupet.com.tr\/#organization","name":"Anadolu Pet Group","alternateName":"Anadolu Pet","url":"https:\/\/anadolupet.com.tr\/","logo":{"@type":"ImageObject","inLanguage":"en-US","@id":"https:\/\/anadolupet.com.tr\/#\/schema\/logo\/image\/","url":"https:\/\/anadolupet.com.tr\/wp-content\/uploads\/2026\/03\/1614666743370.jpg","contentUrl":"https:\/\/anadolupet.com.tr\/wp-content\/uploads\/2026\/03\/1614666743370.jpg","width":800,"height":571,"caption":"Anadolu Pet Grup"},"image":{"@id":"https:\/\/anadolupet.com.tr\/#\/schema\/logo\/image\/"}}]}},"_links":{"self":[{"href":"https:\/\/anadolupet.com.tr\/en\/wp-json\/wp\/v2\/product\/45349","targetHints":{"allow":["GET"]}}],"collection":[{"href":"https:\/\/anadolupet.com.tr\/en\/wp-json\/wp\/v2\/product"}],"about":[{"href":"https:\/\/anadolupet.com.tr\/en\/wp-json\/wp\/v2\/types\/product"}],"replies":[{"embeddable":true,"href":"https:\/\/anadolupet.com.tr\/en\/wp-json\/wp\/v2\/comments?post=45349"}],"wp:featuredmedia":[{"embeddable":true,"href":"https:\/\/anadolupet.com.tr\/en\/wp-json\/wp\/v2\/media\/44359"}],"wp:attachment":[{"href":"https:\/\/anadolupet.com.tr\/en\/wp-json\/wp\/v2\/media?parent=45349"}],"wp:term":[{"taxonomy":"product_brand","embeddable":true,"href":"https:\/\/anadolupet.com.tr\/en\/wp-json\/wp\/v2\/product_brand?post=45349"},{"taxonomy":"product_cat","embeddable":true,"href":"https:\/\/anadolupet.com.tr\/en\/wp-json\/wp\/v2\/product_cat?post=45349"},{"taxonomy":"product_tag","embeddable":true,"href":"https:\/\/anadolupet.com.tr\/en\/wp-json\/wp\/v2\/product_tag?post=45349"}],"curies":[{"name":"wp","href":"https:\/\/api.w.org\/{rel}","templated":true}]}}