{"id":45350,"date":"2026-02-14T14:41:25","date_gmt":"2026-02-14T14:41:25","guid":{"rendered":"https:\/\/anadolupet.com.tr\/urun\/hills-pd-i-d-stress-mini-irk-kopek-mamasi-3kg\/"},"modified":"2026-02-23T12:48:46","modified_gmt":"2026-02-23T12:48:46","slug":"hills-pd-i-d-stress-mini-irk-kopek-mamasi-3kg","status":"publish","type":"product","link":"https:\/\/anadolupet.com.tr\/en\/urun\/hills-pd-i-d-stress-mini-irk-kopek-mamasi-3kg\/","title":{"rendered":"Hill&#8217;s PD I\/D STRESS Mini Irk K\u00f6pek Mamas\u0131 3KG"},"content":{"rendered":"","protected":false},"excerpt":{"rendered":"<p>Hill&#8217;s PRESCRIPTION DIET i\/d Stress Mini Dog Food with Chicken, yeti\u015fkin k\u00f6peklerde ba\u011f\u0131rsak emilim bozukluklar\u0131n\u0131n, sindirim sistemi bozukluklar\u0131n\u0131n telafisi, egzokrin pankreas yetmezli\u011fi ve d\u00fc\u015f\u00fck ya\u011fl\u0131 beslemenin faydal\u0131 oldu\u011fu ayr\u0131ca stresle ili\u015fkili durumlar\u0131n azalt\u0131lmas\u0131na yard\u0131mc\u0131 olan tam ve dengeli diyetetik evcil hayvan mamas\u0131d\u0131r. Bu mama y\u00fcksek sindirilebilirli\u011fe sahip malzemeler, artt\u0131r\u0131lm\u0131\u015f seviyede sodyum ve potasyum ile tripsin-hidrolize bovine kazein i\u00e7erir.<br \/>\nANAL\u0130T\u0130K B\u0130LE\u015eENLER: Protein 23,9%, Ya\u011f i\u00e7eri\u011fi 8,2%, Ham sel\u00fcloz 2,2%, Ham k\u00fcl 5,4%, Omega-3 ya\u011f asitleri 0,7%, Kalsiyum 0,81%, Fosfor 0,58%, Sodyum 0,41%, Potasyum 0,74%, Magnezyum 0,08%; kg ba\u015f\u0131na: A Vitamini 7.836IU, D3 Vitamini 721IU, E Vitamini 600mg, C Vitamini 100mg, Beta-karoten 1,5mg, Tripsin-hidrolize bovine kazein 1.052mg.<br \/>\nKG BA\u015eINA KATKILAR:3b103 (Demir) 73,2mg, 3b202 (\u0130yodin) 1,8mg, 3b405 (Bak\u0131r) 7,2mg, 3b502 (Manganez) 7,6mg, 3b603 (\u00c7inko) 152mg, 3b801 (Selenyum) 0,2mg, do\u011fal antioksidan ile.<br \/>\n\u0130\u00c7\u0130NDEK\u0130LER: Tah\u0131llar, et ve hayvan t\u00fcrevleri (tavuk 9%), bitkisel protein ekstrat\u0131, s\u0131v\u0131 ve kat\u0131 ya\u011flar, bitkisel orjinli t\u00fcrevler, tohumlar, mineraller, sebzeler (zencefil 1%), meyve, s\u00fct ve s\u00fct t\u00fcrevleri (hidrolize s\u00fct proteini 0,1%). Y\u00fcksek sindirilebilirli\u011fe sahip i\u00e7erikler: K\u0131r\u0131k pirin\u00e7, tavuk ve hindi unu, m\u0131s\u0131r gluteni unu, hayvansal ya\u011f, bal\u0131k ya\u011f\u0131.<br \/>\nL\u00fctfen unutmay\u0131n &#8211; ActivBiome+ teknolojisinin eklenmesinden \u00f6nce bu mamay\u0131 daha \u00f6nce kullanm\u0131\u015f olan m\u00fc\u015fteriler i\u00e7in evcil hayvan\u0131n\u0131z\u0131 7 g\u00fcnl\u00fck bir s\u00fcre i\u00e7inde y\u00fckseltilmi\u015f form\u00fcle ge\u00e7irmeniz \u00f6nerilir. Herhangi bir ek bilgi i\u00e7in l\u00fctfen veteriner hekiminize dan\u0131\u015f\u0131n.<\/p>","protected":false},"featured_media":44385,"comment_status":"open","ping_status":"closed","template":"","meta":{"_acf_changed":false},"product_brand":[],"product_cat":[2434],"product_tag":[],"class_list":{"0":"post-45350","1":"product","2":"type-product","3":"status-publish","4":"has-post-thumbnail","6":"product_cat-receteli-diyet-kedi-mamalari","8":"first","9":"instock","10":"shipping-taxable","11":"product-type-simple"},"acf":[],"yoast_head":"<!-- This site is optimized with the Yoast SEO plugin v27.5 - https:\/\/yoast.com\/product\/yoast-seo-wordpress\/ -->\n<title>Hill&#039;s PD I\/D STRESS Mini Irk K\u00f6pek Mamas\u0131 3KG - Anadolu Pet Grup<\/title>\n<meta name=\"robots\" content=\"index, follow, max-snippet:-1, max-image-preview:large, max-video-preview:-1\" \/>\n<link rel=\"canonical\" href=\"https:\/\/anadolupet.com.tr\/en\/product\/hills-pd-i-d-stress-mini-irk-kopek-mamasi-3kg\/\" \/>\n<meta property=\"og:locale\" content=\"en_US\" \/>\n<meta property=\"og:type\" content=\"article\" \/>\n<meta property=\"og:title\" content=\"Hill&#039;s PD I\/D STRESS Mini Irk K\u00f6pek Mamas\u0131 3KG - Anadolu Pet Grup\" \/>\n<meta property=\"og:description\" content=\"Hill&#039;s PRESCRIPTION DIET i\/d Stress Mini Dog Food with Chicken, yeti\u015fkin k\u00f6peklerde ba\u011f\u0131rsak emilim bozukluklar\u0131n\u0131n, sindirim sistemi bozukluklar\u0131n\u0131n telafisi, egzokrin pankreas yetmezli\u011fi ve d\u00fc\u015f\u00fck ya\u011fl\u0131 beslemenin faydal\u0131 oldu\u011fu ayr\u0131ca stresle ili\u015fkili durumlar\u0131n azalt\u0131lmas\u0131na yard\u0131mc\u0131 olan tam ve dengeli diyetetik evcil hayvan mamas\u0131d\u0131r. Bu mama y\u00fcksek sindirilebilirli\u011fe sahip malzemeler, artt\u0131r\u0131lm\u0131\u015f seviyede sodyum ve potasyum ile tripsin-hidrolize bovine kazein i\u00e7erir. ANAL\u0130T\u0130K B\u0130LE\u015eENLER: Protein 23,9%, Ya\u011f i\u00e7eri\u011fi 8,2%, Ham sel\u00fcloz 2,2%, Ham k\u00fcl 5,4%, Omega-3 ya\u011f asitleri 0,7%, Kalsiyum 0,81%, Fosfor 0,58%, Sodyum 0,41%, Potasyum 0,74%, Magnezyum 0,08%; kg ba\u015f\u0131na: A Vitamini 7.836IU, D3 Vitamini 721IU, E Vitamini 600mg, C Vitamini 100mg, Beta-karoten 1,5mg, Tripsin-hidrolize bovine kazein 1.052mg. KG BA\u015eINA KATKILAR:3b103 (Demir) 73,2mg, 3b202 (\u0130yodin) 1,8mg, 3b405 (Bak\u0131r) 7,2mg, 3b502 (Manganez) 7,6mg, 3b603 (\u00c7inko) 152mg, 3b801 (Selenyum) 0,2mg, do\u011fal antioksidan ile. \u0130\u00c7\u0130NDEK\u0130LER: Tah\u0131llar, et ve hayvan t\u00fcrevleri (tavuk 9%), bitkisel protein ekstrat\u0131, s\u0131v\u0131 ve kat\u0131 ya\u011flar, bitkisel orjinli t\u00fcrevler, tohumlar, mineraller, sebzeler (zencefil 1%), meyve, s\u00fct ve s\u00fct t\u00fcrevleri (hidrolize s\u00fct proteini 0,1%). Y\u00fcksek sindirilebilirli\u011fe sahip i\u00e7erikler: K\u0131r\u0131k pirin\u00e7, tavuk ve hindi unu, m\u0131s\u0131r gluteni unu, hayvansal ya\u011f, bal\u0131k ya\u011f\u0131. L\u00fctfen unutmay\u0131n - ActivBiome+ teknolojisinin eklenmesinden \u00f6nce bu mamay\u0131 daha \u00f6nce kullanm\u0131\u015f olan m\u00fc\u015fteriler i\u00e7in evcil hayvan\u0131n\u0131z\u0131 7 g\u00fcnl\u00fck bir s\u00fcre i\u00e7inde y\u00fckseltilmi\u015f form\u00fcle ge\u00e7irmeniz \u00f6nerilir. Herhangi bir ek bilgi i\u00e7in l\u00fctfen veteriner hekiminize dan\u0131\u015f\u0131n.\" \/>\n<meta property=\"og:url\" content=\"https:\/\/anadolupet.com.tr\/en\/product\/hills-pd-i-d-stress-mini-irk-kopek-mamasi-3kg\/\" \/>\n<meta property=\"og:site_name\" content=\"Anadolu Pet Grup\" \/>\n<meta property=\"article:modified_time\" content=\"2026-02-23T12:48:46+00:00\" \/>\n<meta property=\"og:image\" content=\"https:\/\/anadolupet.com.tr\/wp-content\/uploads\/2026\/02\/640-606191.jpg\" \/>\n\t<meta property=\"og:image:width\" content=\"750\" \/>\n\t<meta property=\"og:image:height\" content=\"750\" \/>\n\t<meta property=\"og:image:type\" content=\"image\/jpeg\" \/>\n<meta name=\"twitter:card\" content=\"summary_large_image\" \/>\n<script type=\"application\/ld+json\" class=\"yoast-schema-graph\">{\"@context\":\"https:\\\/\\\/schema.org\",\"@graph\":[{\"@type\":\"WebPage\",\"@id\":\"https:\\\/\\\/anadolupet.com.tr\\\/urun\\\/hills-pd-i-d-stress-mini-irk-kopek-mamasi-3kg\\\/\",\"url\":\"https:\\\/\\\/anadolupet.com.tr\\\/urun\\\/hills-pd-i-d-stress-mini-irk-kopek-mamasi-3kg\\\/\",\"name\":\"Hill's PD I\\\/D STRESS Mini Irk K\u00f6pek Mamas\u0131 3KG - Anadolu Pet Grup\",\"isPartOf\":{\"@id\":\"https:\\\/\\\/anadolupet.com.tr\\\/#website\"},\"primaryImageOfPage\":{\"@id\":\"https:\\\/\\\/anadolupet.com.tr\\\/urun\\\/hills-pd-i-d-stress-mini-irk-kopek-mamasi-3kg\\\/#primaryimage\"},\"image\":{\"@id\":\"https:\\\/\\\/anadolupet.com.tr\\\/urun\\\/hills-pd-i-d-stress-mini-irk-kopek-mamasi-3kg\\\/#primaryimage\"},\"thumbnailUrl\":\"https:\\\/\\\/anadolupet.com.tr\\\/wp-content\\\/uploads\\\/2026\\\/02\\\/640-606191.jpg\",\"datePublished\":\"2026-02-14T14:41:25+00:00\",\"dateModified\":\"2026-02-23T12:48:46+00:00\",\"breadcrumb\":{\"@id\":\"https:\\\/\\\/anadolupet.com.tr\\\/urun\\\/hills-pd-i-d-stress-mini-irk-kopek-mamasi-3kg\\\/#breadcrumb\"},\"inLanguage\":\"en-US\",\"potentialAction\":[{\"@type\":\"ReadAction\",\"target\":[\"https:\\\/\\\/anadolupet.com.tr\\\/urun\\\/hills-pd-i-d-stress-mini-irk-kopek-mamasi-3kg\\\/\"]}]},{\"@type\":\"ImageObject\",\"inLanguage\":\"en-US\",\"@id\":\"https:\\\/\\\/anadolupet.com.tr\\\/urun\\\/hills-pd-i-d-stress-mini-irk-kopek-mamasi-3kg\\\/#primaryimage\",\"url\":\"https:\\\/\\\/anadolupet.com.tr\\\/wp-content\\\/uploads\\\/2026\\\/02\\\/640-606191.jpg\",\"contentUrl\":\"https:\\\/\\\/anadolupet.com.tr\\\/wp-content\\\/uploads\\\/2026\\\/02\\\/640-606191.jpg\",\"width\":750,\"height\":750},{\"@type\":\"BreadcrumbList\",\"@id\":\"https:\\\/\\\/anadolupet.com.tr\\\/urun\\\/hills-pd-i-d-stress-mini-irk-kopek-mamasi-3kg\\\/#breadcrumb\",\"itemListElement\":[{\"@type\":\"ListItem\",\"position\":1,\"name\":\"Anasayfa\",\"item\":\"https:\\\/\\\/anadolupet.com.tr\\\/\"},{\"@type\":\"ListItem\",\"position\":2,\"name\":\"\u00dcr\u00fcnler\",\"item\":\"https:\\\/\\\/anadolupet.com.tr\\\/urunler\\\/\"},{\"@type\":\"ListItem\",\"position\":3,\"name\":\"Hill&#8217;s PD I\\\/D STRESS Mini Irk K\u00f6pek Mamas\u0131 3KG\"}]},{\"@type\":\"WebSite\",\"@id\":\"https:\\\/\\\/anadolupet.com.tr\\\/#website\",\"url\":\"https:\\\/\\\/anadolupet.com.tr\\\/\",\"name\":\"Anadolu Pet Grup\",\"description\":\"Her Can\u0131n \u0130yi Ya\u015fam\u0131 \u0130\u00e7in Biraraday\u0131z\",\"publisher\":{\"@id\":\"https:\\\/\\\/anadolupet.com.tr\\\/#organization\"},\"potentialAction\":[{\"@type\":\"SearchAction\",\"target\":{\"@type\":\"EntryPoint\",\"urlTemplate\":\"https:\\\/\\\/anadolupet.com.tr\\\/?s={search_term_string}\"},\"query-input\":{\"@type\":\"PropertyValueSpecification\",\"valueRequired\":true,\"valueName\":\"search_term_string\"}}],\"inLanguage\":\"en-US\"},{\"@type\":\"Organization\",\"@id\":\"https:\\\/\\\/anadolupet.com.tr\\\/#organization\",\"name\":\"Anadolu Pet Grup\",\"alternateName\":\"Anadolu Pet\",\"url\":\"https:\\\/\\\/anadolupet.com.tr\\\/\",\"logo\":{\"@type\":\"ImageObject\",\"inLanguage\":\"en-US\",\"@id\":\"https:\\\/\\\/anadolupet.com.tr\\\/#\\\/schema\\\/logo\\\/image\\\/\",\"url\":\"https:\\\/\\\/anadolupet.com.tr\\\/wp-content\\\/uploads\\\/2026\\\/03\\\/1614666743370.jpg\",\"contentUrl\":\"https:\\\/\\\/anadolupet.com.tr\\\/wp-content\\\/uploads\\\/2026\\\/03\\\/1614666743370.jpg\",\"width\":800,\"height\":571,\"caption\":\"Anadolu Pet Grup\"},\"image\":{\"@id\":\"https:\\\/\\\/anadolupet.com.tr\\\/#\\\/schema\\\/logo\\\/image\\\/\"}}]}<\/script>\n<!-- \/ Yoast SEO plugin. -->","yoast_head_json":{"title":"Hill's PD I\/D STRESS Mini Irk K\u00f6pek Mamas\u0131 3KG - Anadolu Pet Grup","robots":{"index":"index","follow":"follow","max-snippet":"max-snippet:-1","max-image-preview":"max-image-preview:large","max-video-preview":"max-video-preview:-1"},"canonical":"https:\/\/anadolupet.com.tr\/en\/product\/hills-pd-i-d-stress-mini-irk-kopek-mamasi-3kg\/","og_locale":"en_US","og_type":"article","og_title":"Hill's PD I\/D STRESS Mini Irk K\u00f6pek Mamas\u0131 3KG - Anadolu Pet Grup","og_description":"Hill's PRESCRIPTION DIET i\/d Stress Mini Dog Food with Chicken, yeti\u015fkin k\u00f6peklerde ba\u011f\u0131rsak emilim bozukluklar\u0131n\u0131n, sindirim sistemi bozukluklar\u0131n\u0131n telafisi, egzokrin pankreas yetmezli\u011fi ve d\u00fc\u015f\u00fck ya\u011fl\u0131 beslemenin faydal\u0131 oldu\u011fu ayr\u0131ca stresle ili\u015fkili durumlar\u0131n azalt\u0131lmas\u0131na yard\u0131mc\u0131 olan tam ve dengeli diyetetik evcil hayvan mamas\u0131d\u0131r. Bu mama y\u00fcksek sindirilebilirli\u011fe sahip malzemeler, artt\u0131r\u0131lm\u0131\u015f seviyede sodyum ve potasyum ile tripsin-hidrolize bovine kazein i\u00e7erir. ANAL\u0130T\u0130K B\u0130LE\u015eENLER: Protein 23,9%, Ya\u011f i\u00e7eri\u011fi 8,2%, Ham sel\u00fcloz 2,2%, Ham k\u00fcl 5,4%, Omega-3 ya\u011f asitleri 0,7%, Kalsiyum 0,81%, Fosfor 0,58%, Sodyum 0,41%, Potasyum 0,74%, Magnezyum 0,08%; kg ba\u015f\u0131na: A Vitamini 7.836IU, D3 Vitamini 721IU, E Vitamini 600mg, C Vitamini 100mg, Beta-karoten 1,5mg, Tripsin-hidrolize bovine kazein 1.052mg. KG BA\u015eINA KATKILAR:3b103 (Demir) 73,2mg, 3b202 (\u0130yodin) 1,8mg, 3b405 (Bak\u0131r) 7,2mg, 3b502 (Manganez) 7,6mg, 3b603 (\u00c7inko) 152mg, 3b801 (Selenyum) 0,2mg, do\u011fal antioksidan ile. \u0130\u00c7\u0130NDEK\u0130LER: Tah\u0131llar, et ve hayvan t\u00fcrevleri (tavuk 9%), bitkisel protein ekstrat\u0131, s\u0131v\u0131 ve kat\u0131 ya\u011flar, bitkisel orjinli t\u00fcrevler, tohumlar, mineraller, sebzeler (zencefil 1%), meyve, s\u00fct ve s\u00fct t\u00fcrevleri (hidrolize s\u00fct proteini 0,1%). Y\u00fcksek sindirilebilirli\u011fe sahip i\u00e7erikler: K\u0131r\u0131k pirin\u00e7, tavuk ve hindi unu, m\u0131s\u0131r gluteni unu, hayvansal ya\u011f, bal\u0131k ya\u011f\u0131. L\u00fctfen unutmay\u0131n - ActivBiome+ teknolojisinin eklenmesinden \u00f6nce bu mamay\u0131 daha \u00f6nce kullanm\u0131\u015f olan m\u00fc\u015fteriler i\u00e7in evcil hayvan\u0131n\u0131z\u0131 7 g\u00fcnl\u00fck bir s\u00fcre i\u00e7inde y\u00fckseltilmi\u015f form\u00fcle ge\u00e7irmeniz \u00f6nerilir. Herhangi bir ek bilgi i\u00e7in l\u00fctfen veteriner hekiminize dan\u0131\u015f\u0131n.","og_url":"https:\/\/anadolupet.com.tr\/en\/product\/hills-pd-i-d-stress-mini-irk-kopek-mamasi-3kg\/","og_site_name":"Anadolu Pet Grup","article_modified_time":"2026-02-23T12:48:46+00:00","og_image":[{"width":750,"height":750,"url":"https:\/\/anadolupet.com.tr\/wp-content\/uploads\/2026\/02\/640-606191.jpg","type":"image\/jpeg"}],"twitter_card":"summary_large_image","schema":{"@context":"https:\/\/schema.org","@graph":[{"@type":"WebPage","@id":"https:\/\/anadolupet.com.tr\/urun\/hills-pd-i-d-stress-mini-irk-kopek-mamasi-3kg\/","url":"https:\/\/anadolupet.com.tr\/urun\/hills-pd-i-d-stress-mini-irk-kopek-mamasi-3kg\/","name":"Hill's PD I\/D STRESS Mini Irk K\u00f6pek Mamas\u0131 3KG - Anadolu Pet Grup","isPartOf":{"@id":"https:\/\/anadolupet.com.tr\/#website"},"primaryImageOfPage":{"@id":"https:\/\/anadolupet.com.tr\/urun\/hills-pd-i-d-stress-mini-irk-kopek-mamasi-3kg\/#primaryimage"},"image":{"@id":"https:\/\/anadolupet.com.tr\/urun\/hills-pd-i-d-stress-mini-irk-kopek-mamasi-3kg\/#primaryimage"},"thumbnailUrl":"https:\/\/anadolupet.com.tr\/wp-content\/uploads\/2026\/02\/640-606191.jpg","datePublished":"2026-02-14T14:41:25+00:00","dateModified":"2026-02-23T12:48:46+00:00","breadcrumb":{"@id":"https:\/\/anadolupet.com.tr\/urun\/hills-pd-i-d-stress-mini-irk-kopek-mamasi-3kg\/#breadcrumb"},"inLanguage":"en-US","potentialAction":[{"@type":"ReadAction","target":["https:\/\/anadolupet.com.tr\/urun\/hills-pd-i-d-stress-mini-irk-kopek-mamasi-3kg\/"]}]},{"@type":"ImageObject","inLanguage":"en-US","@id":"https:\/\/anadolupet.com.tr\/urun\/hills-pd-i-d-stress-mini-irk-kopek-mamasi-3kg\/#primaryimage","url":"https:\/\/anadolupet.com.tr\/wp-content\/uploads\/2026\/02\/640-606191.jpg","contentUrl":"https:\/\/anadolupet.com.tr\/wp-content\/uploads\/2026\/02\/640-606191.jpg","width":750,"height":750},{"@type":"BreadcrumbList","@id":"https:\/\/anadolupet.com.tr\/urun\/hills-pd-i-d-stress-mini-irk-kopek-mamasi-3kg\/#breadcrumb","itemListElement":[{"@type":"ListItem","position":1,"name":"Anasayfa","item":"https:\/\/anadolupet.com.tr\/"},{"@type":"ListItem","position":2,"name":"\u00dcr\u00fcnler","item":"https:\/\/anadolupet.com.tr\/urunler\/"},{"@type":"ListItem","position":3,"name":"Hill&#8217;s PD I\/D STRESS Mini Irk K\u00f6pek Mamas\u0131 3KG"}]},{"@type":"WebSite","@id":"https:\/\/anadolupet.com.tr\/#website","url":"https:\/\/anadolupet.com.tr\/","name":"Anadolu Pet Group","description":"We Stand Together for the Well-Being of Every Life","publisher":{"@id":"https:\/\/anadolupet.com.tr\/#organization"},"potentialAction":[{"@type":"SearchAction","target":{"@type":"EntryPoint","urlTemplate":"https:\/\/anadolupet.com.tr\/?s={search_term_string}"},"query-input":{"@type":"PropertyValueSpecification","valueRequired":true,"valueName":"search_term_string"}}],"inLanguage":"en-US"},{"@type":"Organization","@id":"https:\/\/anadolupet.com.tr\/#organization","name":"Anadolu Pet Group","alternateName":"Anadolu Pet","url":"https:\/\/anadolupet.com.tr\/","logo":{"@type":"ImageObject","inLanguage":"en-US","@id":"https:\/\/anadolupet.com.tr\/#\/schema\/logo\/image\/","url":"https:\/\/anadolupet.com.tr\/wp-content\/uploads\/2026\/03\/1614666743370.jpg","contentUrl":"https:\/\/anadolupet.com.tr\/wp-content\/uploads\/2026\/03\/1614666743370.jpg","width":800,"height":571,"caption":"Anadolu Pet Grup"},"image":{"@id":"https:\/\/anadolupet.com.tr\/#\/schema\/logo\/image\/"}}]}},"_links":{"self":[{"href":"https:\/\/anadolupet.com.tr\/en\/wp-json\/wp\/v2\/product\/45350","targetHints":{"allow":["GET"]}}],"collection":[{"href":"https:\/\/anadolupet.com.tr\/en\/wp-json\/wp\/v2\/product"}],"about":[{"href":"https:\/\/anadolupet.com.tr\/en\/wp-json\/wp\/v2\/types\/product"}],"replies":[{"embeddable":true,"href":"https:\/\/anadolupet.com.tr\/en\/wp-json\/wp\/v2\/comments?post=45350"}],"wp:featuredmedia":[{"embeddable":true,"href":"https:\/\/anadolupet.com.tr\/en\/wp-json\/wp\/v2\/media\/44385"}],"wp:attachment":[{"href":"https:\/\/anadolupet.com.tr\/en\/wp-json\/wp\/v2\/media?parent=45350"}],"wp:term":[{"taxonomy":"product_brand","embeddable":true,"href":"https:\/\/anadolupet.com.tr\/en\/wp-json\/wp\/v2\/product_brand?post=45350"},{"taxonomy":"product_cat","embeddable":true,"href":"https:\/\/anadolupet.com.tr\/en\/wp-json\/wp\/v2\/product_cat?post=45350"},{"taxonomy":"product_tag","embeddable":true,"href":"https:\/\/anadolupet.com.tr\/en\/wp-json\/wp\/v2\/product_tag?post=45350"}],"curies":[{"name":"wp","href":"https:\/\/api.w.org\/{rel}","templated":true}]}}