{"id":45352,"date":"2026-02-14T14:41:25","date_gmt":"2026-02-14T14:41:25","guid":{"rendered":"https:\/\/anadolupet.com.tr\/urun\/hills-pd-i-d-yavru-kedi-mamasi-400gr\/"},"modified":"2026-02-23T12:48:46","modified_gmt":"2026-02-23T12:48:46","slug":"hills-pd-i-d-yavru-kedi-mamasi-400gr","status":"publish","type":"product","link":"https:\/\/anadolupet.com.tr\/en\/urun\/hills-pd-i-d-yavru-kedi-mamasi-400gr\/","title":{"rendered":"Hill&#8217;s PD I\/D Yavru Kedi Mamas\u0131 400GR"},"content":{"rendered":"","protected":false},"excerpt":{"rendered":"<p>Hill&#8217;s PRESCRIPTION DIET i\/d Tavuklu Yavru Kedi Mamas\u0131, yavru kedilerde ba\u011f\u0131rsak emilim bozukluklar\u0131n\u0131n azalt\u0131lmas\u0131, sindirim bozuklu\u011funun telafisi ve ekzokrin pankreas yetmezli\u011fi i\u00e7in y\u00fcksek sindirilebilirli\u011fe sahip tam diyetetik bir evcil hayvan mamas\u0131d\u0131r. Bu mama y\u00fcksek sodyum ve potasyum seviyelerine ve y\u00fcksek sindirilebilir i\u00e7eriklere sahiptir.<br \/>\nANALITIK BILE\u015eENLER: Protein %37.3, Ya\u011f i\u00e7eri\u011fi %21.7, Ham lif %2.8, Ham k\u00fcl %7.4, Kalsiyum %1.4, Fosfor %0.96, Sodyum %0.40, Potasyum %0.94, Magnezyum %0.09; kg ba\u015f\u0131na: Vitamin A 9,478IU, Vitamin D3 757IU, Vitamin E 768mg, Vitamin C 108mg, Beta-karoten 2.2mg, Vitamin B1 24.7mg, Vitamin B12 0.18mg.<br \/>\nKG BA\u015eINA KATKI MADDELER\u0130: Besin katk\u0131 maddeleri: 3b103 (Demir) 89.2mg, 3b202 (\u0130yot) 3.9mg, 3b405 (Bak\u0131r) 10.5mg, 3b502 (Manganez) 9.2mg, 3b603 (\u00c7inko) 138mg, do\u011fal antioksidan ile.<br \/>\n\u0130\u00c7\u0130NDEK\u0130LER: Et ve hayvansal t\u00fcrevler (tavuk %24), tah\u0131llar, s\u0131v\u0131 ve kat\u0131 ya\u011flar, yumurta ve yumurta t\u00fcrevleri, bitkisel kaynakl\u0131 t\u00fcrevler, bitkisel protein \u00f6zleri, mineraller, meyve, tohumlar. Sindirilebilirli\u011fi y\u00fcksek i\u00e7erikler: Tavuk ve hindi unu, m\u0131s\u0131r, k\u0131r\u0131k pirin\u00e7, hayvansal ya\u011f, kurutulmu\u015f yumurta, m\u0131s\u0131r protein unu, sindirim, bitkisel ya\u011f, bal\u0131k ya\u011f\u0131. ActivBiome+ Digestion prebiyotik kar\u0131\u015f\u0131m\u0131 (%4): \u00d6\u011f\u00fct\u00fclm\u00fc\u015f ceviz kabu\u011fu, kurutulmu\u015f pancar k\u00fcspesi, keten tohumu, kurutulmu\u015f turun\u00e7gil k\u00fcspesi, kurutulmu\u015f k\u0131z\u0131lc\u0131k.<br \/>\nEn iyi ya\u015famlar\u0131 i\u00e7in bir ad\u0131m \u00f6nde. Hill&#8217;s PRESCRIPTION DIET i\/d Tavuklu Sindirim Sistemi Bak\u0131m\u0131 Kuru Kedi Mamas\u0131, kedinizin sindirim sa\u011fl\u0131\u011f\u0131n\u0131 desteklemek i\u00e7in Hill&#8217;s beslenme uzmanlar\u0131 ve veteriner hekimler taraf\u0131ndan \u00f6zel olarak form\u00fcle edilmi\u015ftir.<br \/>\nYaln\u0131zca \u00f6nerilen PRESCRIPTION DIET mamas\u0131n\u0131 besleyin. B\u00fct\u00fcn besleme talimatlar\u0131 i\u00e7in l\u00fctfen pakete bak\u0131n\u0131z. Mama miktar\u0131n\u0131 ideal kiloyu koruyacak \u015fekilde ayarlay\u0131n. E\u011fer emin de\u011fil iseniz, veteriner hekiminize dan\u0131\u015f\u0131n\u0131z. Bu mamay\u0131 ilk defa m\u0131 kullan\u0131yorsunuz? Eski mama ile yeni maman\u0131n bir kar\u0131\u015f\u0131m\u0131n\u0131 haz\u0131rlay\u0131n\u0131z ve eski maman\u0131n miktar\u0131n\u0131 kademeli olarak azaltarak 7 g\u00fcn sonunda yeni mamaya tamamen ge\u00e7i\u015f yap\u0131n\u0131z. Her zaman taze ve temiz su bulundurdu\u011funuzdan emin olunuz! Evcil hayvan\u0131n\u0131z\u0131n ihtiya\u00e7lar\u0131, o ya\u015fland\u0131k\u00e7a de\u011fi\u015fiklik g\u00f6sterebilir. Veteriner hekiminize her kontrolde sormay\u0131 ihmal etmeyiniz.<\/p>","protected":false},"featured_media":44332,"comment_status":"open","ping_status":"closed","template":"","meta":{"_acf_changed":false},"product_brand":[],"product_cat":[2456],"product_tag":[],"class_list":{"0":"post-45352","1":"product","2":"type-product","3":"status-publish","4":"has-post-thumbnail","6":"product_cat-receteli-diyet-kopek-mamalari","8":"first","9":"instock","10":"shipping-taxable","11":"product-type-simple"},"acf":[],"yoast_head":"<!-- This site is optimized with the Yoast SEO plugin v27.5 - https:\/\/yoast.com\/product\/yoast-seo-wordpress\/ -->\n<title>Hill&#039;s PD I\/D Yavru Kedi Mamas\u0131 400GR - Anadolu Pet Grup<\/title>\n<meta name=\"robots\" content=\"index, follow, max-snippet:-1, max-image-preview:large, max-video-preview:-1\" \/>\n<link rel=\"canonical\" href=\"https:\/\/anadolupet.com.tr\/en\/product\/hills-pd-i-d-yavru-kedi-mamasi-400gr\/\" \/>\n<meta property=\"og:locale\" content=\"en_US\" \/>\n<meta property=\"og:type\" content=\"article\" \/>\n<meta property=\"og:title\" content=\"Hill&#039;s PD I\/D Yavru Kedi Mamas\u0131 400GR - Anadolu Pet Grup\" \/>\n<meta property=\"og:description\" content=\"Hill&#039;s PRESCRIPTION DIET i\/d Tavuklu Yavru Kedi Mamas\u0131, yavru kedilerde ba\u011f\u0131rsak emilim bozukluklar\u0131n\u0131n azalt\u0131lmas\u0131, sindirim bozuklu\u011funun telafisi ve ekzokrin pankreas yetmezli\u011fi i\u00e7in y\u00fcksek sindirilebilirli\u011fe sahip tam diyetetik bir evcil hayvan mamas\u0131d\u0131r. Bu mama y\u00fcksek sodyum ve potasyum seviyelerine ve y\u00fcksek sindirilebilir i\u00e7eriklere sahiptir. ANALITIK BILE\u015eENLER: Protein %37.3, Ya\u011f i\u00e7eri\u011fi %21.7, Ham lif %2.8, Ham k\u00fcl %7.4, Kalsiyum %1.4, Fosfor %0.96, Sodyum %0.40, Potasyum %0.94, Magnezyum %0.09; kg ba\u015f\u0131na: Vitamin A 9,478IU, Vitamin D3 757IU, Vitamin E 768mg, Vitamin C 108mg, Beta-karoten 2.2mg, Vitamin B1 24.7mg, Vitamin B12 0.18mg. KG BA\u015eINA KATKI MADDELER\u0130: Besin katk\u0131 maddeleri: 3b103 (Demir) 89.2mg, 3b202 (\u0130yot) 3.9mg, 3b405 (Bak\u0131r) 10.5mg, 3b502 (Manganez) 9.2mg, 3b603 (\u00c7inko) 138mg, do\u011fal antioksidan ile. \u0130\u00c7\u0130NDEK\u0130LER: Et ve hayvansal t\u00fcrevler (tavuk %24), tah\u0131llar, s\u0131v\u0131 ve kat\u0131 ya\u011flar, yumurta ve yumurta t\u00fcrevleri, bitkisel kaynakl\u0131 t\u00fcrevler, bitkisel protein \u00f6zleri, mineraller, meyve, tohumlar. Sindirilebilirli\u011fi y\u00fcksek i\u00e7erikler: Tavuk ve hindi unu, m\u0131s\u0131r, k\u0131r\u0131k pirin\u00e7, hayvansal ya\u011f, kurutulmu\u015f yumurta, m\u0131s\u0131r protein unu, sindirim, bitkisel ya\u011f, bal\u0131k ya\u011f\u0131. ActivBiome+ Digestion prebiyotik kar\u0131\u015f\u0131m\u0131 (%4): \u00d6\u011f\u00fct\u00fclm\u00fc\u015f ceviz kabu\u011fu, kurutulmu\u015f pancar k\u00fcspesi, keten tohumu, kurutulmu\u015f turun\u00e7gil k\u00fcspesi, kurutulmu\u015f k\u0131z\u0131lc\u0131k. En iyi ya\u015famlar\u0131 i\u00e7in bir ad\u0131m \u00f6nde. Hill&#039;s PRESCRIPTION DIET i\/d Tavuklu Sindirim Sistemi Bak\u0131m\u0131 Kuru Kedi Mamas\u0131, kedinizin sindirim sa\u011fl\u0131\u011f\u0131n\u0131 desteklemek i\u00e7in Hill&#039;s beslenme uzmanlar\u0131 ve veteriner hekimler taraf\u0131ndan \u00f6zel olarak form\u00fcle edilmi\u015ftir. Yaln\u0131zca \u00f6nerilen PRESCRIPTION DIET mamas\u0131n\u0131 besleyin. B\u00fct\u00fcn besleme talimatlar\u0131 i\u00e7in l\u00fctfen pakete bak\u0131n\u0131z. Mama miktar\u0131n\u0131 ideal kiloyu koruyacak \u015fekilde ayarlay\u0131n. E\u011fer emin de\u011fil iseniz, veteriner hekiminize dan\u0131\u015f\u0131n\u0131z. Bu mamay\u0131 ilk defa m\u0131 kullan\u0131yorsunuz? Eski mama ile yeni maman\u0131n bir kar\u0131\u015f\u0131m\u0131n\u0131 haz\u0131rlay\u0131n\u0131z ve eski maman\u0131n miktar\u0131n\u0131 kademeli olarak azaltarak 7 g\u00fcn sonunda yeni mamaya tamamen ge\u00e7i\u015f yap\u0131n\u0131z. Her zaman taze ve temiz su bulundurdu\u011funuzdan emin olunuz! Evcil hayvan\u0131n\u0131z\u0131n ihtiya\u00e7lar\u0131, o ya\u015fland\u0131k\u00e7a de\u011fi\u015fiklik g\u00f6sterebilir. Veteriner hekiminize her kontrolde sormay\u0131 ihmal etmeyiniz.\" \/>\n<meta property=\"og:url\" content=\"https:\/\/anadolupet.com.tr\/en\/product\/hills-pd-i-d-yavru-kedi-mamasi-400gr\/\" \/>\n<meta property=\"og:site_name\" content=\"Anadolu Pet Grup\" \/>\n<meta property=\"article:modified_time\" content=\"2026-02-23T12:48:46+00:00\" \/>\n<meta property=\"og:image\" content=\"https:\/\/anadolupet.com.tr\/wp-content\/uploads\/2026\/02\/630-609600.jpg\" \/>\n\t<meta property=\"og:image:width\" content=\"750\" \/>\n\t<meta property=\"og:image:height\" content=\"750\" \/>\n\t<meta property=\"og:image:type\" content=\"image\/jpeg\" \/>\n<meta name=\"twitter:card\" content=\"summary_large_image\" \/>\n<script type=\"application\/ld+json\" class=\"yoast-schema-graph\">{\"@context\":\"https:\\\/\\\/schema.org\",\"@graph\":[{\"@type\":\"WebPage\",\"@id\":\"https:\\\/\\\/anadolupet.com.tr\\\/urun\\\/hills-pd-i-d-yavru-kedi-mamasi-400gr\\\/\",\"url\":\"https:\\\/\\\/anadolupet.com.tr\\\/urun\\\/hills-pd-i-d-yavru-kedi-mamasi-400gr\\\/\",\"name\":\"Hill's PD I\\\/D Yavru Kedi Mamas\u0131 400GR - Anadolu Pet Grup\",\"isPartOf\":{\"@id\":\"https:\\\/\\\/anadolupet.com.tr\\\/#website\"},\"primaryImageOfPage\":{\"@id\":\"https:\\\/\\\/anadolupet.com.tr\\\/urun\\\/hills-pd-i-d-yavru-kedi-mamasi-400gr\\\/#primaryimage\"},\"image\":{\"@id\":\"https:\\\/\\\/anadolupet.com.tr\\\/urun\\\/hills-pd-i-d-yavru-kedi-mamasi-400gr\\\/#primaryimage\"},\"thumbnailUrl\":\"https:\\\/\\\/anadolupet.com.tr\\\/wp-content\\\/uploads\\\/2026\\\/02\\\/630-609600.jpg\",\"datePublished\":\"2026-02-14T14:41:25+00:00\",\"dateModified\":\"2026-02-23T12:48:46+00:00\",\"breadcrumb\":{\"@id\":\"https:\\\/\\\/anadolupet.com.tr\\\/urun\\\/hills-pd-i-d-yavru-kedi-mamasi-400gr\\\/#breadcrumb\"},\"inLanguage\":\"en-US\",\"potentialAction\":[{\"@type\":\"ReadAction\",\"target\":[\"https:\\\/\\\/anadolupet.com.tr\\\/urun\\\/hills-pd-i-d-yavru-kedi-mamasi-400gr\\\/\"]}]},{\"@type\":\"ImageObject\",\"inLanguage\":\"en-US\",\"@id\":\"https:\\\/\\\/anadolupet.com.tr\\\/urun\\\/hills-pd-i-d-yavru-kedi-mamasi-400gr\\\/#primaryimage\",\"url\":\"https:\\\/\\\/anadolupet.com.tr\\\/wp-content\\\/uploads\\\/2026\\\/02\\\/630-609600.jpg\",\"contentUrl\":\"https:\\\/\\\/anadolupet.com.tr\\\/wp-content\\\/uploads\\\/2026\\\/02\\\/630-609600.jpg\",\"width\":750,\"height\":750},{\"@type\":\"BreadcrumbList\",\"@id\":\"https:\\\/\\\/anadolupet.com.tr\\\/urun\\\/hills-pd-i-d-yavru-kedi-mamasi-400gr\\\/#breadcrumb\",\"itemListElement\":[{\"@type\":\"ListItem\",\"position\":1,\"name\":\"Anasayfa\",\"item\":\"https:\\\/\\\/anadolupet.com.tr\\\/\"},{\"@type\":\"ListItem\",\"position\":2,\"name\":\"\u00dcr\u00fcnler\",\"item\":\"https:\\\/\\\/anadolupet.com.tr\\\/urunler\\\/\"},{\"@type\":\"ListItem\",\"position\":3,\"name\":\"Hill&#8217;s PD I\\\/D Yavru Kedi Mamas\u0131 400GR\"}]},{\"@type\":\"WebSite\",\"@id\":\"https:\\\/\\\/anadolupet.com.tr\\\/#website\",\"url\":\"https:\\\/\\\/anadolupet.com.tr\\\/\",\"name\":\"Anadolu Pet Grup\",\"description\":\"Her Can\u0131n \u0130yi Ya\u015fam\u0131 \u0130\u00e7in Biraraday\u0131z\",\"publisher\":{\"@id\":\"https:\\\/\\\/anadolupet.com.tr\\\/#organization\"},\"potentialAction\":[{\"@type\":\"SearchAction\",\"target\":{\"@type\":\"EntryPoint\",\"urlTemplate\":\"https:\\\/\\\/anadolupet.com.tr\\\/?s={search_term_string}\"},\"query-input\":{\"@type\":\"PropertyValueSpecification\",\"valueRequired\":true,\"valueName\":\"search_term_string\"}}],\"inLanguage\":\"en-US\"},{\"@type\":\"Organization\",\"@id\":\"https:\\\/\\\/anadolupet.com.tr\\\/#organization\",\"name\":\"Anadolu Pet Grup\",\"alternateName\":\"Anadolu Pet\",\"url\":\"https:\\\/\\\/anadolupet.com.tr\\\/\",\"logo\":{\"@type\":\"ImageObject\",\"inLanguage\":\"en-US\",\"@id\":\"https:\\\/\\\/anadolupet.com.tr\\\/#\\\/schema\\\/logo\\\/image\\\/\",\"url\":\"https:\\\/\\\/anadolupet.com.tr\\\/wp-content\\\/uploads\\\/2026\\\/03\\\/1614666743370.jpg\",\"contentUrl\":\"https:\\\/\\\/anadolupet.com.tr\\\/wp-content\\\/uploads\\\/2026\\\/03\\\/1614666743370.jpg\",\"width\":800,\"height\":571,\"caption\":\"Anadolu Pet Grup\"},\"image\":{\"@id\":\"https:\\\/\\\/anadolupet.com.tr\\\/#\\\/schema\\\/logo\\\/image\\\/\"}}]}<\/script>\n<!-- \/ Yoast SEO plugin. -->","yoast_head_json":{"title":"Hill's PD I\/D Yavru Kedi Mamas\u0131 400GR - Anadolu Pet Grup","robots":{"index":"index","follow":"follow","max-snippet":"max-snippet:-1","max-image-preview":"max-image-preview:large","max-video-preview":"max-video-preview:-1"},"canonical":"https:\/\/anadolupet.com.tr\/en\/product\/hills-pd-i-d-yavru-kedi-mamasi-400gr\/","og_locale":"en_US","og_type":"article","og_title":"Hill's PD I\/D Yavru Kedi Mamas\u0131 400GR - Anadolu Pet Grup","og_description":"Hill's PRESCRIPTION DIET i\/d Tavuklu Yavru Kedi Mamas\u0131, yavru kedilerde ba\u011f\u0131rsak emilim bozukluklar\u0131n\u0131n azalt\u0131lmas\u0131, sindirim bozuklu\u011funun telafisi ve ekzokrin pankreas yetmezli\u011fi i\u00e7in y\u00fcksek sindirilebilirli\u011fe sahip tam diyetetik bir evcil hayvan mamas\u0131d\u0131r. Bu mama y\u00fcksek sodyum ve potasyum seviyelerine ve y\u00fcksek sindirilebilir i\u00e7eriklere sahiptir. ANALITIK BILE\u015eENLER: Protein %37.3, Ya\u011f i\u00e7eri\u011fi %21.7, Ham lif %2.8, Ham k\u00fcl %7.4, Kalsiyum %1.4, Fosfor %0.96, Sodyum %0.40, Potasyum %0.94, Magnezyum %0.09; kg ba\u015f\u0131na: Vitamin A 9,478IU, Vitamin D3 757IU, Vitamin E 768mg, Vitamin C 108mg, Beta-karoten 2.2mg, Vitamin B1 24.7mg, Vitamin B12 0.18mg. KG BA\u015eINA KATKI MADDELER\u0130: Besin katk\u0131 maddeleri: 3b103 (Demir) 89.2mg, 3b202 (\u0130yot) 3.9mg, 3b405 (Bak\u0131r) 10.5mg, 3b502 (Manganez) 9.2mg, 3b603 (\u00c7inko) 138mg, do\u011fal antioksidan ile. \u0130\u00c7\u0130NDEK\u0130LER: Et ve hayvansal t\u00fcrevler (tavuk %24), tah\u0131llar, s\u0131v\u0131 ve kat\u0131 ya\u011flar, yumurta ve yumurta t\u00fcrevleri, bitkisel kaynakl\u0131 t\u00fcrevler, bitkisel protein \u00f6zleri, mineraller, meyve, tohumlar. Sindirilebilirli\u011fi y\u00fcksek i\u00e7erikler: Tavuk ve hindi unu, m\u0131s\u0131r, k\u0131r\u0131k pirin\u00e7, hayvansal ya\u011f, kurutulmu\u015f yumurta, m\u0131s\u0131r protein unu, sindirim, bitkisel ya\u011f, bal\u0131k ya\u011f\u0131. ActivBiome+ Digestion prebiyotik kar\u0131\u015f\u0131m\u0131 (%4): \u00d6\u011f\u00fct\u00fclm\u00fc\u015f ceviz kabu\u011fu, kurutulmu\u015f pancar k\u00fcspesi, keten tohumu, kurutulmu\u015f turun\u00e7gil k\u00fcspesi, kurutulmu\u015f k\u0131z\u0131lc\u0131k. En iyi ya\u015famlar\u0131 i\u00e7in bir ad\u0131m \u00f6nde. Hill's PRESCRIPTION DIET i\/d Tavuklu Sindirim Sistemi Bak\u0131m\u0131 Kuru Kedi Mamas\u0131, kedinizin sindirim sa\u011fl\u0131\u011f\u0131n\u0131 desteklemek i\u00e7in Hill's beslenme uzmanlar\u0131 ve veteriner hekimler taraf\u0131ndan \u00f6zel olarak form\u00fcle edilmi\u015ftir. Yaln\u0131zca \u00f6nerilen PRESCRIPTION DIET mamas\u0131n\u0131 besleyin. B\u00fct\u00fcn besleme talimatlar\u0131 i\u00e7in l\u00fctfen pakete bak\u0131n\u0131z. Mama miktar\u0131n\u0131 ideal kiloyu koruyacak \u015fekilde ayarlay\u0131n. E\u011fer emin de\u011fil iseniz, veteriner hekiminize dan\u0131\u015f\u0131n\u0131z. Bu mamay\u0131 ilk defa m\u0131 kullan\u0131yorsunuz? Eski mama ile yeni maman\u0131n bir kar\u0131\u015f\u0131m\u0131n\u0131 haz\u0131rlay\u0131n\u0131z ve eski maman\u0131n miktar\u0131n\u0131 kademeli olarak azaltarak 7 g\u00fcn sonunda yeni mamaya tamamen ge\u00e7i\u015f yap\u0131n\u0131z. Her zaman taze ve temiz su bulundurdu\u011funuzdan emin olunuz! Evcil hayvan\u0131n\u0131z\u0131n ihtiya\u00e7lar\u0131, o ya\u015fland\u0131k\u00e7a de\u011fi\u015fiklik g\u00f6sterebilir. Veteriner hekiminize her kontrolde sormay\u0131 ihmal etmeyiniz.","og_url":"https:\/\/anadolupet.com.tr\/en\/product\/hills-pd-i-d-yavru-kedi-mamasi-400gr\/","og_site_name":"Anadolu Pet Grup","article_modified_time":"2026-02-23T12:48:46+00:00","og_image":[{"width":750,"height":750,"url":"https:\/\/anadolupet.com.tr\/wp-content\/uploads\/2026\/02\/630-609600.jpg","type":"image\/jpeg"}],"twitter_card":"summary_large_image","schema":{"@context":"https:\/\/schema.org","@graph":[{"@type":"WebPage","@id":"https:\/\/anadolupet.com.tr\/urun\/hills-pd-i-d-yavru-kedi-mamasi-400gr\/","url":"https:\/\/anadolupet.com.tr\/urun\/hills-pd-i-d-yavru-kedi-mamasi-400gr\/","name":"Hill's PD I\/D Yavru Kedi Mamas\u0131 400GR - Anadolu Pet Grup","isPartOf":{"@id":"https:\/\/anadolupet.com.tr\/#website"},"primaryImageOfPage":{"@id":"https:\/\/anadolupet.com.tr\/urun\/hills-pd-i-d-yavru-kedi-mamasi-400gr\/#primaryimage"},"image":{"@id":"https:\/\/anadolupet.com.tr\/urun\/hills-pd-i-d-yavru-kedi-mamasi-400gr\/#primaryimage"},"thumbnailUrl":"https:\/\/anadolupet.com.tr\/wp-content\/uploads\/2026\/02\/630-609600.jpg","datePublished":"2026-02-14T14:41:25+00:00","dateModified":"2026-02-23T12:48:46+00:00","breadcrumb":{"@id":"https:\/\/anadolupet.com.tr\/urun\/hills-pd-i-d-yavru-kedi-mamasi-400gr\/#breadcrumb"},"inLanguage":"en-US","potentialAction":[{"@type":"ReadAction","target":["https:\/\/anadolupet.com.tr\/urun\/hills-pd-i-d-yavru-kedi-mamasi-400gr\/"]}]},{"@type":"ImageObject","inLanguage":"en-US","@id":"https:\/\/anadolupet.com.tr\/urun\/hills-pd-i-d-yavru-kedi-mamasi-400gr\/#primaryimage","url":"https:\/\/anadolupet.com.tr\/wp-content\/uploads\/2026\/02\/630-609600.jpg","contentUrl":"https:\/\/anadolupet.com.tr\/wp-content\/uploads\/2026\/02\/630-609600.jpg","width":750,"height":750},{"@type":"BreadcrumbList","@id":"https:\/\/anadolupet.com.tr\/urun\/hills-pd-i-d-yavru-kedi-mamasi-400gr\/#breadcrumb","itemListElement":[{"@type":"ListItem","position":1,"name":"Anasayfa","item":"https:\/\/anadolupet.com.tr\/"},{"@type":"ListItem","position":2,"name":"\u00dcr\u00fcnler","item":"https:\/\/anadolupet.com.tr\/urunler\/"},{"@type":"ListItem","position":3,"name":"Hill&#8217;s PD I\/D Yavru Kedi Mamas\u0131 400GR"}]},{"@type":"WebSite","@id":"https:\/\/anadolupet.com.tr\/#website","url":"https:\/\/anadolupet.com.tr\/","name":"Anadolu Pet Group","description":"We Stand Together for the Well-Being of Every Life","publisher":{"@id":"https:\/\/anadolupet.com.tr\/#organization"},"potentialAction":[{"@type":"SearchAction","target":{"@type":"EntryPoint","urlTemplate":"https:\/\/anadolupet.com.tr\/?s={search_term_string}"},"query-input":{"@type":"PropertyValueSpecification","valueRequired":true,"valueName":"search_term_string"}}],"inLanguage":"en-US"},{"@type":"Organization","@id":"https:\/\/anadolupet.com.tr\/#organization","name":"Anadolu Pet Group","alternateName":"Anadolu Pet","url":"https:\/\/anadolupet.com.tr\/","logo":{"@type":"ImageObject","inLanguage":"en-US","@id":"https:\/\/anadolupet.com.tr\/#\/schema\/logo\/image\/","url":"https:\/\/anadolupet.com.tr\/wp-content\/uploads\/2026\/03\/1614666743370.jpg","contentUrl":"https:\/\/anadolupet.com.tr\/wp-content\/uploads\/2026\/03\/1614666743370.jpg","width":800,"height":571,"caption":"Anadolu Pet Grup"},"image":{"@id":"https:\/\/anadolupet.com.tr\/#\/schema\/logo\/image\/"}}]}},"_links":{"self":[{"href":"https:\/\/anadolupet.com.tr\/en\/wp-json\/wp\/v2\/product\/45352","targetHints":{"allow":["GET"]}}],"collection":[{"href":"https:\/\/anadolupet.com.tr\/en\/wp-json\/wp\/v2\/product"}],"about":[{"href":"https:\/\/anadolupet.com.tr\/en\/wp-json\/wp\/v2\/types\/product"}],"replies":[{"embeddable":true,"href":"https:\/\/anadolupet.com.tr\/en\/wp-json\/wp\/v2\/comments?post=45352"}],"wp:featuredmedia":[{"embeddable":true,"href":"https:\/\/anadolupet.com.tr\/en\/wp-json\/wp\/v2\/media\/44332"}],"wp:attachment":[{"href":"https:\/\/anadolupet.com.tr\/en\/wp-json\/wp\/v2\/media?parent=45352"}],"wp:term":[{"taxonomy":"product_brand","embeddable":true,"href":"https:\/\/anadolupet.com.tr\/en\/wp-json\/wp\/v2\/product_brand?post=45352"},{"taxonomy":"product_cat","embeddable":true,"href":"https:\/\/anadolupet.com.tr\/en\/wp-json\/wp\/v2\/product_cat?post=45352"},{"taxonomy":"product_tag","embeddable":true,"href":"https:\/\/anadolupet.com.tr\/en\/wp-json\/wp\/v2\/product_tag?post=45352"}],"curies":[{"name":"wp","href":"https:\/\/api.w.org\/{rel}","templated":true}]}}