{"id":45365,"date":"2026-02-14T14:41:26","date_gmt":"2026-02-14T14:41:26","guid":{"rendered":"https:\/\/anadolupet.com.tr\/urun\/hills-pd-i-d-yavru-kopek-mamasi-4kg\/"},"modified":"2026-02-23T12:48:47","modified_gmt":"2026-02-23T12:48:47","slug":"hills-pd-i-d-yavru-kopek-mamasi-4kg","status":"publish","type":"product","link":"https:\/\/anadolupet.com.tr\/en\/urun\/hills-pd-i-d-yavru-kopek-mamasi-4kg\/","title":{"rendered":"Hill&#8217;s PD I\/D Yavru K\u00f6pek Mamas\u0131 4KG"},"content":{"rendered":"","protected":false},"excerpt":{"rendered":"<p>Hill&#8217;s PRESCRIPTION DIET i\/d Tavuklu Yavru K\u00f6pek Mamas\u0131, yavru k\u00f6peklerde ba\u011f\u0131rsak emilim bozukluklar\u0131n\u0131n azalt\u0131lmas\u0131, sindirim bozukluklar\u0131n\u0131n ve ekzokrin pankreas yetersizli\u011finin giderilmesi i\u00e7in y\u00fcksek sindirilebilirli\u011fe sahip tam bir diyetetik evcil hayvan mamas\u0131d\u0131r. Bu mama, y\u00fcksek seviyelerde sodyum ve potasyum ile y\u00fcksek sindirilebilirlikte maddeler i\u00e7ermektedir.<br \/>\nANAL\u0130T\u0130K B\u0130LE\u015eENLER: Protein %28,1, Ya\u011f i\u00e7eri\u011fi %17,2, Ham sel\u00fcloz %1,9, Ham k\u00fcl %6,6, Kalsiyum %1,1, Fosfor %0,85, Sodyum %0,39, Potasyum %0,86, Magnezyum %0,12; kg ba\u015f\u0131na: Vitamin A 9.334IU, Vitamin D3 692IU, Vitamin E 670mg, Vitamin C 99mg, Beta-karoten 1,5mg, Vitamin B1 15,3mg, Vitamin B12 0,15mg.<br \/>\nKG BA\u015eINA KATKI MADDELER\u0130: Besin katk\u0131 maddeleri: 3b103 (Demir) 89,6mg, 3b202 (\u0130yot) 3,9mg, 3b405 (Bak\u0131r) 10,5mg, 3b502 (Manganez) 9,3mg, 3b603 (\u00c7inko) 139mg, do\u011fal antioksidan.<br \/>\nTavuklu: Tavuk (%13) ve hindi unu, k\u0131r\u0131k pirin\u00e7, esmer pirin\u00e7, kurutulmu\u015f yumurta, m\u0131s\u0131r, dijest, hayvansal ya\u011f, mineraller, m\u0131s\u0131r proteini unu, \u00f6\u011f\u00fct\u00fclm\u00fc\u015f ceviz kabu\u011fu, bal\u0131k ya\u011f\u0131, soya ya\u011f\u0131, kurutulmu\u015f pancar k\u00fcspesi, keten tohumu, kurutulmu\u015f narenciye posas\u0131, vitaminler, kurutulmu\u015f k\u0131z\u0131lc\u0131k, pisilyum, iz mineraller ve beta-karoten. Do\u011fal antioksidanl\u0131 (kar\u0131\u015f\u0131k tokoferoller).<br \/>\n\u0130\u00c7\u0130NDEK\u0130LER: Tah\u0131llar, et ve hayvansal t\u00fcrevler (%13 tavuk), yumurta ve yumurta t\u00fcrevleri, s\u0131v\u0131 ve kat\u0131 ya\u011flar, bitkisel k\u00f6kenli t\u00fcrevler, mineraller, bitkisel protein ekstraktlar\u0131, meyveler, tohumlar. Sindirilebilirli\u011fi y\u00fcksek bile\u015fenler: K\u0131r\u0131k pirin\u00e7, esmer pirin\u00e7, tavuk ve hindi unu, kurutulmu\u015f yumurta, m\u0131s\u0131r, dijest, hayvansal ya\u011f, m\u0131s\u0131r proteini unu, bal\u0131k ya\u011f\u0131. ActivBiome+ Digestion prebiyotik kar\u0131\u015f\u0131m (%4): \u00d6\u011f\u00fct\u00fclm\u00fc\u015f ceviz kabu\u011fu, kurutulmu\u015f pancar k\u00fcspesi, keten tohumu, kurutulmu\u015f narenciye posas\u0131, kurutulmu\u015f k\u0131z\u0131lc\u0131k.<br \/>\nHill&#8217;s Prescription Diet i\/d Tavuklu Yavru K\u00f6pek Mamas\u0131, yavru k\u00f6peklerde sindirim rahats\u0131zl\u0131klar\u0131n\u0131 azaltmaya yard\u0131mc\u0131 olmak i\u00e7in \u00f6zel form\u00fcle edilmi\u015f, harika bir tada ve y\u00fcksek sindirilebilirli\u011fe sahip klinik bir beslenmedir. Bu k\u00f6pek kuru mamas\u0131 prebiyotik liflerin yan\u0131 s\u0131ra Omega-3 ve Omega-6 i\u00e7erir. Ayr\u0131ca sa\u011fl\u0131kl\u0131 bir ba\u011f\u0131\u015f\u0131kl\u0131k sistemi i\u00e7in etkisi klinik olarak kan\u0131tlanm\u0131\u015f antioksidanlara sahiptir. Ek olarak bu maman\u0131n y\u00fcksek sindirilebilirli\u011fi, besinlerin kolay emilimini sa\u011flamaya yard\u0131mc\u0131 olur. Hill&#8217;s Prescription Diet i\/d, ba\u011f\u0131rsak mikrobiyomunu h\u0131zla besleyerek m\u00fcmk\u00fcn olan en ideal d\u0131\u015fk\u0131 kalitesini ve sindirim sa\u011fl\u0131\u011f\u0131n\u0131 destekledi\u011fi klinik olarak kan\u0131tlanm\u0131\u015f, \u00f6zel bir prebiyotik lif kar\u0131\u015f\u0131m\u0131 olan Hill&#8217;s patentli ActivBiome+ Digestion ile \u00fcretilir. Bu mama, yavru k\u00f6peklerin \u00f6zel beslenme gereksinimlerini kar\u015f\u0131lar. Hill&#8217;s beslenme uzmanlar\u0131 ve veteriner hekimleri taraf\u0131ndan geli\u015ftirilen bu kuru mama tavuk etinden yap\u0131l\u0131r ve yavru k\u00f6pe\u011finizin bay\u0131laca\u011f\u0131 ve kar\u015f\u0131 koyamayaca\u011f\u0131, harika bir lezzete sahiptir.<br \/>\nHill&#8217;s Prescription Diet mamalar\u0131n\u0131n yavru k\u00f6pe\u011finizin geli\u015fiminin yan\u0131 s\u0131ra mutlu ve aktif bir ya\u015fam s\u00fcrmesine nas\u0131l yard\u0131mc\u0131 olabilece\u011fi hakk\u0131nda daha fazla bilgi i\u00e7in veterinerinize dan\u0131\u015f\u0131n.<br \/>\nHill\u2019s Prescription Diet k\u00f6pek mamas\u0131, k\u00f6pe\u011finizin benzersiz ihtiya\u00e7lar\u0131n\u0131 kar\u015f\u0131lamak i\u00e7in haz\u0131rlanan ve k\u00f6pe\u011finizin bay\u0131laca\u011f\u0131 lezzetler i\u00e7eren \u00e7e\u015fitli kuru veya \u0131slak mamalar sunmaktad\u0131r.<br \/>\nHill&#8217;s Prescription Diet i\/d Tavuklu Yavru K\u00f6pek Kuru Mamas\u0131, yavru k\u00f6peklerde ba\u011f\u0131rsak emilim bozukluklar\u0131n\u0131n azalt\u0131lmas\u0131, sindirim bozukluklar\u0131 ve ekzokrin pankreas yetersizli\u011finin giderilmesi i\u00e7in y\u00fcksek sindirilebilirli\u011fe sahip tam bir diyetetik evcil hayvan mamas\u0131d\u0131r. Bu mama y\u00fcksek d\u00fczeyde sodyum ve potasyum ile kolay sindirilebilir maddeler i\u00e7ermektedir.<br \/>\nsteyin. Komple besleme talimatlar\u0131 i\u00e7in l\u00fctfen ambalaja bak\u0131n. G\u00fcnl\u00fck Beslenme \u00d6nerileri sadece k\u0131lavuz niteli\u011findedir ve ba\u015flang\u0131\u00e7 noktas\u0131n\u0131 ifade eder. Gram en do\u011fru \u00f6l\u00e7\u00fcm \u015feklidir; \u00f6l\u00e7\u00fc kab\u0131 gram cinsinden tahmini bir de\u011feri ifade eder. Bu mama yeni mi? Eski mama miktar\u0131n\u0131 bir kar\u0131\u015f\u0131m i\u00e7erisinde 7 g\u00fcn veya daha uzun bir s\u00fcre boyunca kademeli olarak azalt\u0131p yeni mamay\u0131 bu s\u00fcrede kademeli olarak art\u0131r\u0131n. Temiz ve taze suyu daima haz\u0131r bulundurun! Evcil hayvan\u0131n\u0131z\u0131n beslenme ihtiya\u00e7lar\u0131 ya\u015fland\u0131k\u00e7a de\u011fi\u015febilir. Her muayenede veterinerinize sorun.<\/p>","protected":false},"featured_media":44409,"comment_status":"open","ping_status":"closed","template":"","meta":{"_acf_changed":false},"product_brand":[],"product_cat":[2434],"product_tag":[],"class_list":{"0":"post-45365","1":"product","2":"type-product","3":"status-publish","4":"has-post-thumbnail","6":"product_cat-receteli-diyet-kedi-mamalari","8":"first","9":"instock","10":"shipping-taxable","11":"product-type-simple"},"acf":[],"yoast_head":"<!-- This site is optimized with the Yoast SEO plugin v27.5 - https:\/\/yoast.com\/product\/yoast-seo-wordpress\/ -->\n<title>Hill&#039;s PD I\/D Yavru K\u00f6pek Mamas\u0131 4KG - Anadolu Pet Grup<\/title>\n<meta name=\"robots\" content=\"index, follow, max-snippet:-1, max-image-preview:large, max-video-preview:-1\" \/>\n<link rel=\"canonical\" href=\"https:\/\/anadolupet.com.tr\/en\/product\/hills-pd-i-d-yavru-kopek-mamasi-4kg\/\" \/>\n<meta property=\"og:locale\" content=\"en_US\" \/>\n<meta property=\"og:type\" content=\"article\" \/>\n<meta property=\"og:title\" content=\"Hill&#039;s PD I\/D Yavru K\u00f6pek Mamas\u0131 4KG - Anadolu Pet Grup\" \/>\n<meta property=\"og:description\" content=\"Hill&#039;s PRESCRIPTION DIET i\/d Tavuklu Yavru K\u00f6pek Mamas\u0131, yavru k\u00f6peklerde ba\u011f\u0131rsak emilim bozukluklar\u0131n\u0131n azalt\u0131lmas\u0131, sindirim bozukluklar\u0131n\u0131n ve ekzokrin pankreas yetersizli\u011finin giderilmesi i\u00e7in y\u00fcksek sindirilebilirli\u011fe sahip tam bir diyetetik evcil hayvan mamas\u0131d\u0131r. Bu mama, y\u00fcksek seviyelerde sodyum ve potasyum ile y\u00fcksek sindirilebilirlikte maddeler i\u00e7ermektedir. ANAL\u0130T\u0130K B\u0130LE\u015eENLER: Protein %28,1, Ya\u011f i\u00e7eri\u011fi %17,2, Ham sel\u00fcloz %1,9, Ham k\u00fcl %6,6, Kalsiyum %1,1, Fosfor %0,85, Sodyum %0,39, Potasyum %0,86, Magnezyum %0,12; kg ba\u015f\u0131na: Vitamin A 9.334IU, Vitamin D3 692IU, Vitamin E 670mg, Vitamin C 99mg, Beta-karoten 1,5mg, Vitamin B1 15,3mg, Vitamin B12 0,15mg. KG BA\u015eINA KATKI MADDELER\u0130: Besin katk\u0131 maddeleri: 3b103 (Demir) 89,6mg, 3b202 (\u0130yot) 3,9mg, 3b405 (Bak\u0131r) 10,5mg, 3b502 (Manganez) 9,3mg, 3b603 (\u00c7inko) 139mg, do\u011fal antioksidan. Tavuklu: Tavuk (%13) ve hindi unu, k\u0131r\u0131k pirin\u00e7, esmer pirin\u00e7, kurutulmu\u015f yumurta, m\u0131s\u0131r, dijest, hayvansal ya\u011f, mineraller, m\u0131s\u0131r proteini unu, \u00f6\u011f\u00fct\u00fclm\u00fc\u015f ceviz kabu\u011fu, bal\u0131k ya\u011f\u0131, soya ya\u011f\u0131, kurutulmu\u015f pancar k\u00fcspesi, keten tohumu, kurutulmu\u015f narenciye posas\u0131, vitaminler, kurutulmu\u015f k\u0131z\u0131lc\u0131k, pisilyum, iz mineraller ve beta-karoten. Do\u011fal antioksidanl\u0131 (kar\u0131\u015f\u0131k tokoferoller). \u0130\u00c7\u0130NDEK\u0130LER: Tah\u0131llar, et ve hayvansal t\u00fcrevler (%13 tavuk), yumurta ve yumurta t\u00fcrevleri, s\u0131v\u0131 ve kat\u0131 ya\u011flar, bitkisel k\u00f6kenli t\u00fcrevler, mineraller, bitkisel protein ekstraktlar\u0131, meyveler, tohumlar. Sindirilebilirli\u011fi y\u00fcksek bile\u015fenler: K\u0131r\u0131k pirin\u00e7, esmer pirin\u00e7, tavuk ve hindi unu, kurutulmu\u015f yumurta, m\u0131s\u0131r, dijest, hayvansal ya\u011f, m\u0131s\u0131r proteini unu, bal\u0131k ya\u011f\u0131. ActivBiome+ Digestion prebiyotik kar\u0131\u015f\u0131m (%4): \u00d6\u011f\u00fct\u00fclm\u00fc\u015f ceviz kabu\u011fu, kurutulmu\u015f pancar k\u00fcspesi, keten tohumu, kurutulmu\u015f narenciye posas\u0131, kurutulmu\u015f k\u0131z\u0131lc\u0131k. Hill&#039;s Prescription Diet i\/d Tavuklu Yavru K\u00f6pek Mamas\u0131, yavru k\u00f6peklerde sindirim rahats\u0131zl\u0131klar\u0131n\u0131 azaltmaya yard\u0131mc\u0131 olmak i\u00e7in \u00f6zel form\u00fcle edilmi\u015f, harika bir tada ve y\u00fcksek sindirilebilirli\u011fe sahip klinik bir beslenmedir. Bu k\u00f6pek kuru mamas\u0131 prebiyotik liflerin yan\u0131 s\u0131ra Omega-3 ve Omega-6 i\u00e7erir. Ayr\u0131ca sa\u011fl\u0131kl\u0131 bir ba\u011f\u0131\u015f\u0131kl\u0131k sistemi i\u00e7in etkisi klinik olarak kan\u0131tlanm\u0131\u015f antioksidanlara sahiptir. Ek olarak bu maman\u0131n y\u00fcksek sindirilebilirli\u011fi, besinlerin kolay emilimini sa\u011flamaya yard\u0131mc\u0131 olur. Hill&#039;s Prescription Diet i\/d, ba\u011f\u0131rsak mikrobiyomunu h\u0131zla besleyerek m\u00fcmk\u00fcn olan en ideal d\u0131\u015fk\u0131 kalitesini ve sindirim sa\u011fl\u0131\u011f\u0131n\u0131 destekledi\u011fi klinik olarak kan\u0131tlanm\u0131\u015f, \u00f6zel bir prebiyotik lif kar\u0131\u015f\u0131m\u0131 olan Hill&#039;s patentli ActivBiome+ Digestion ile \u00fcretilir. Bu mama, yavru k\u00f6peklerin \u00f6zel beslenme gereksinimlerini kar\u015f\u0131lar. Hill&#039;s beslenme uzmanlar\u0131 ve veteriner hekimleri taraf\u0131ndan geli\u015ftirilen bu kuru mama tavuk etinden yap\u0131l\u0131r ve yavru k\u00f6pe\u011finizin bay\u0131laca\u011f\u0131 ve kar\u015f\u0131 koyamayaca\u011f\u0131, harika bir lezzete sahiptir. Hill&#039;s Prescription Diet mamalar\u0131n\u0131n yavru k\u00f6pe\u011finizin geli\u015fiminin yan\u0131 s\u0131ra mutlu ve aktif bir ya\u015fam s\u00fcrmesine nas\u0131l yard\u0131mc\u0131 olabilece\u011fi hakk\u0131nda daha fazla bilgi i\u00e7in veterinerinize dan\u0131\u015f\u0131n. Hill\u2019s Prescription Diet k\u00f6pek mamas\u0131, k\u00f6pe\u011finizin benzersiz ihtiya\u00e7lar\u0131n\u0131 kar\u015f\u0131lamak i\u00e7in haz\u0131rlanan ve k\u00f6pe\u011finizin bay\u0131laca\u011f\u0131 lezzetler i\u00e7eren \u00e7e\u015fitli kuru veya \u0131slak mamalar sunmaktad\u0131r. Hill&#039;s Prescription Diet i\/d Tavuklu Yavru K\u00f6pek Kuru Mamas\u0131, yavru k\u00f6peklerde ba\u011f\u0131rsak emilim bozukluklar\u0131n\u0131n azalt\u0131lmas\u0131, sindirim bozukluklar\u0131 ve ekzokrin pankreas yetersizli\u011finin giderilmesi i\u00e7in y\u00fcksek sindirilebilirli\u011fe sahip tam bir diyetetik evcil hayvan mamas\u0131d\u0131r. Bu mama y\u00fcksek d\u00fczeyde sodyum ve potasyum ile kolay sindirilebilir maddeler i\u00e7ermektedir. steyin. Komple besleme talimatlar\u0131 i\u00e7in l\u00fctfen ambalaja bak\u0131n. G\u00fcnl\u00fck Beslenme \u00d6nerileri sadece k\u0131lavuz niteli\u011findedir ve ba\u015flang\u0131\u00e7 noktas\u0131n\u0131 ifade eder. Gram en do\u011fru \u00f6l\u00e7\u00fcm \u015feklidir; \u00f6l\u00e7\u00fc kab\u0131 gram cinsinden tahmini bir de\u011feri ifade eder. Bu mama yeni mi? Eski mama miktar\u0131n\u0131 bir kar\u0131\u015f\u0131m i\u00e7erisinde 7 g\u00fcn veya daha uzun bir s\u00fcre boyunca kademeli olarak azalt\u0131p yeni mamay\u0131 bu s\u00fcrede kademeli olarak art\u0131r\u0131n. Temiz ve taze suyu daima haz\u0131r bulundurun! Evcil hayvan\u0131n\u0131z\u0131n beslenme ihtiya\u00e7lar\u0131 ya\u015fland\u0131k\u00e7a de\u011fi\u015febilir. Her muayenede veterinerinize sorun.\" \/>\n<meta property=\"og:url\" content=\"https:\/\/anadolupet.com.tr\/en\/product\/hills-pd-i-d-yavru-kopek-mamasi-4kg\/\" \/>\n<meta property=\"og:site_name\" content=\"Anadolu Pet Grup\" \/>\n<meta property=\"article:modified_time\" content=\"2026-02-23T12:48:47+00:00\" \/>\n<meta property=\"og:image\" content=\"https:\/\/anadolupet.com.tr\/wp-content\/uploads\/2026\/02\/640-609597.jpg\" \/>\n\t<meta property=\"og:image:width\" content=\"750\" \/>\n\t<meta property=\"og:image:height\" content=\"750\" \/>\n\t<meta property=\"og:image:type\" content=\"image\/jpeg\" \/>\n<meta name=\"twitter:card\" content=\"summary_large_image\" \/>\n<script type=\"application\/ld+json\" class=\"yoast-schema-graph\">{\"@context\":\"https:\\\/\\\/schema.org\",\"@graph\":[{\"@type\":\"WebPage\",\"@id\":\"https:\\\/\\\/anadolupet.com.tr\\\/urun\\\/hills-pd-i-d-yavru-kopek-mamasi-4kg\\\/\",\"url\":\"https:\\\/\\\/anadolupet.com.tr\\\/urun\\\/hills-pd-i-d-yavru-kopek-mamasi-4kg\\\/\",\"name\":\"Hill's PD I\\\/D Yavru K\u00f6pek Mamas\u0131 4KG - Anadolu Pet Grup\",\"isPartOf\":{\"@id\":\"https:\\\/\\\/anadolupet.com.tr\\\/#website\"},\"primaryImageOfPage\":{\"@id\":\"https:\\\/\\\/anadolupet.com.tr\\\/urun\\\/hills-pd-i-d-yavru-kopek-mamasi-4kg\\\/#primaryimage\"},\"image\":{\"@id\":\"https:\\\/\\\/anadolupet.com.tr\\\/urun\\\/hills-pd-i-d-yavru-kopek-mamasi-4kg\\\/#primaryimage\"},\"thumbnailUrl\":\"https:\\\/\\\/anadolupet.com.tr\\\/wp-content\\\/uploads\\\/2026\\\/02\\\/640-609597.jpg\",\"datePublished\":\"2026-02-14T14:41:26+00:00\",\"dateModified\":\"2026-02-23T12:48:47+00:00\",\"breadcrumb\":{\"@id\":\"https:\\\/\\\/anadolupet.com.tr\\\/urun\\\/hills-pd-i-d-yavru-kopek-mamasi-4kg\\\/#breadcrumb\"},\"inLanguage\":\"en-US\",\"potentialAction\":[{\"@type\":\"ReadAction\",\"target\":[\"https:\\\/\\\/anadolupet.com.tr\\\/urun\\\/hills-pd-i-d-yavru-kopek-mamasi-4kg\\\/\"]}]},{\"@type\":\"ImageObject\",\"inLanguage\":\"en-US\",\"@id\":\"https:\\\/\\\/anadolupet.com.tr\\\/urun\\\/hills-pd-i-d-yavru-kopek-mamasi-4kg\\\/#primaryimage\",\"url\":\"https:\\\/\\\/anadolupet.com.tr\\\/wp-content\\\/uploads\\\/2026\\\/02\\\/640-609597.jpg\",\"contentUrl\":\"https:\\\/\\\/anadolupet.com.tr\\\/wp-content\\\/uploads\\\/2026\\\/02\\\/640-609597.jpg\",\"width\":750,\"height\":750},{\"@type\":\"BreadcrumbList\",\"@id\":\"https:\\\/\\\/anadolupet.com.tr\\\/urun\\\/hills-pd-i-d-yavru-kopek-mamasi-4kg\\\/#breadcrumb\",\"itemListElement\":[{\"@type\":\"ListItem\",\"position\":1,\"name\":\"Anasayfa\",\"item\":\"https:\\\/\\\/anadolupet.com.tr\\\/\"},{\"@type\":\"ListItem\",\"position\":2,\"name\":\"\u00dcr\u00fcnler\",\"item\":\"https:\\\/\\\/anadolupet.com.tr\\\/urunler\\\/\"},{\"@type\":\"ListItem\",\"position\":3,\"name\":\"Hill&#8217;s PD I\\\/D Yavru K\u00f6pek Mamas\u0131 4KG\"}]},{\"@type\":\"WebSite\",\"@id\":\"https:\\\/\\\/anadolupet.com.tr\\\/#website\",\"url\":\"https:\\\/\\\/anadolupet.com.tr\\\/\",\"name\":\"Anadolu Pet Grup\",\"description\":\"Her Can\u0131n \u0130yi Ya\u015fam\u0131 \u0130\u00e7in Biraraday\u0131z\",\"publisher\":{\"@id\":\"https:\\\/\\\/anadolupet.com.tr\\\/#organization\"},\"potentialAction\":[{\"@type\":\"SearchAction\",\"target\":{\"@type\":\"EntryPoint\",\"urlTemplate\":\"https:\\\/\\\/anadolupet.com.tr\\\/?s={search_term_string}\"},\"query-input\":{\"@type\":\"PropertyValueSpecification\",\"valueRequired\":true,\"valueName\":\"search_term_string\"}}],\"inLanguage\":\"en-US\"},{\"@type\":\"Organization\",\"@id\":\"https:\\\/\\\/anadolupet.com.tr\\\/#organization\",\"name\":\"Anadolu Pet Grup\",\"alternateName\":\"Anadolu Pet\",\"url\":\"https:\\\/\\\/anadolupet.com.tr\\\/\",\"logo\":{\"@type\":\"ImageObject\",\"inLanguage\":\"en-US\",\"@id\":\"https:\\\/\\\/anadolupet.com.tr\\\/#\\\/schema\\\/logo\\\/image\\\/\",\"url\":\"https:\\\/\\\/anadolupet.com.tr\\\/wp-content\\\/uploads\\\/2026\\\/03\\\/1614666743370.jpg\",\"contentUrl\":\"https:\\\/\\\/anadolupet.com.tr\\\/wp-content\\\/uploads\\\/2026\\\/03\\\/1614666743370.jpg\",\"width\":800,\"height\":571,\"caption\":\"Anadolu Pet Grup\"},\"image\":{\"@id\":\"https:\\\/\\\/anadolupet.com.tr\\\/#\\\/schema\\\/logo\\\/image\\\/\"}}]}<\/script>\n<!-- \/ Yoast SEO plugin. -->","yoast_head_json":{"title":"Hill's PD I\/D Yavru K\u00f6pek Mamas\u0131 4KG - Anadolu Pet Grup","robots":{"index":"index","follow":"follow","max-snippet":"max-snippet:-1","max-image-preview":"max-image-preview:large","max-video-preview":"max-video-preview:-1"},"canonical":"https:\/\/anadolupet.com.tr\/en\/product\/hills-pd-i-d-yavru-kopek-mamasi-4kg\/","og_locale":"en_US","og_type":"article","og_title":"Hill's PD I\/D Yavru K\u00f6pek Mamas\u0131 4KG - Anadolu Pet Grup","og_description":"Hill's PRESCRIPTION DIET i\/d Tavuklu Yavru K\u00f6pek Mamas\u0131, yavru k\u00f6peklerde ba\u011f\u0131rsak emilim bozukluklar\u0131n\u0131n azalt\u0131lmas\u0131, sindirim bozukluklar\u0131n\u0131n ve ekzokrin pankreas yetersizli\u011finin giderilmesi i\u00e7in y\u00fcksek sindirilebilirli\u011fe sahip tam bir diyetetik evcil hayvan mamas\u0131d\u0131r. Bu mama, y\u00fcksek seviyelerde sodyum ve potasyum ile y\u00fcksek sindirilebilirlikte maddeler i\u00e7ermektedir. ANAL\u0130T\u0130K B\u0130LE\u015eENLER: Protein %28,1, Ya\u011f i\u00e7eri\u011fi %17,2, Ham sel\u00fcloz %1,9, Ham k\u00fcl %6,6, Kalsiyum %1,1, Fosfor %0,85, Sodyum %0,39, Potasyum %0,86, Magnezyum %0,12; kg ba\u015f\u0131na: Vitamin A 9.334IU, Vitamin D3 692IU, Vitamin E 670mg, Vitamin C 99mg, Beta-karoten 1,5mg, Vitamin B1 15,3mg, Vitamin B12 0,15mg. KG BA\u015eINA KATKI MADDELER\u0130: Besin katk\u0131 maddeleri: 3b103 (Demir) 89,6mg, 3b202 (\u0130yot) 3,9mg, 3b405 (Bak\u0131r) 10,5mg, 3b502 (Manganez) 9,3mg, 3b603 (\u00c7inko) 139mg, do\u011fal antioksidan. Tavuklu: Tavuk (%13) ve hindi unu, k\u0131r\u0131k pirin\u00e7, esmer pirin\u00e7, kurutulmu\u015f yumurta, m\u0131s\u0131r, dijest, hayvansal ya\u011f, mineraller, m\u0131s\u0131r proteini unu, \u00f6\u011f\u00fct\u00fclm\u00fc\u015f ceviz kabu\u011fu, bal\u0131k ya\u011f\u0131, soya ya\u011f\u0131, kurutulmu\u015f pancar k\u00fcspesi, keten tohumu, kurutulmu\u015f narenciye posas\u0131, vitaminler, kurutulmu\u015f k\u0131z\u0131lc\u0131k, pisilyum, iz mineraller ve beta-karoten. Do\u011fal antioksidanl\u0131 (kar\u0131\u015f\u0131k tokoferoller). \u0130\u00c7\u0130NDEK\u0130LER: Tah\u0131llar, et ve hayvansal t\u00fcrevler (%13 tavuk), yumurta ve yumurta t\u00fcrevleri, s\u0131v\u0131 ve kat\u0131 ya\u011flar, bitkisel k\u00f6kenli t\u00fcrevler, mineraller, bitkisel protein ekstraktlar\u0131, meyveler, tohumlar. Sindirilebilirli\u011fi y\u00fcksek bile\u015fenler: K\u0131r\u0131k pirin\u00e7, esmer pirin\u00e7, tavuk ve hindi unu, kurutulmu\u015f yumurta, m\u0131s\u0131r, dijest, hayvansal ya\u011f, m\u0131s\u0131r proteini unu, bal\u0131k ya\u011f\u0131. ActivBiome+ Digestion prebiyotik kar\u0131\u015f\u0131m (%4): \u00d6\u011f\u00fct\u00fclm\u00fc\u015f ceviz kabu\u011fu, kurutulmu\u015f pancar k\u00fcspesi, keten tohumu, kurutulmu\u015f narenciye posas\u0131, kurutulmu\u015f k\u0131z\u0131lc\u0131k. Hill's Prescription Diet i\/d Tavuklu Yavru K\u00f6pek Mamas\u0131, yavru k\u00f6peklerde sindirim rahats\u0131zl\u0131klar\u0131n\u0131 azaltmaya yard\u0131mc\u0131 olmak i\u00e7in \u00f6zel form\u00fcle edilmi\u015f, harika bir tada ve y\u00fcksek sindirilebilirli\u011fe sahip klinik bir beslenmedir. Bu k\u00f6pek kuru mamas\u0131 prebiyotik liflerin yan\u0131 s\u0131ra Omega-3 ve Omega-6 i\u00e7erir. Ayr\u0131ca sa\u011fl\u0131kl\u0131 bir ba\u011f\u0131\u015f\u0131kl\u0131k sistemi i\u00e7in etkisi klinik olarak kan\u0131tlanm\u0131\u015f antioksidanlara sahiptir. Ek olarak bu maman\u0131n y\u00fcksek sindirilebilirli\u011fi, besinlerin kolay emilimini sa\u011flamaya yard\u0131mc\u0131 olur. Hill's Prescription Diet i\/d, ba\u011f\u0131rsak mikrobiyomunu h\u0131zla besleyerek m\u00fcmk\u00fcn olan en ideal d\u0131\u015fk\u0131 kalitesini ve sindirim sa\u011fl\u0131\u011f\u0131n\u0131 destekledi\u011fi klinik olarak kan\u0131tlanm\u0131\u015f, \u00f6zel bir prebiyotik lif kar\u0131\u015f\u0131m\u0131 olan Hill's patentli ActivBiome+ Digestion ile \u00fcretilir. Bu mama, yavru k\u00f6peklerin \u00f6zel beslenme gereksinimlerini kar\u015f\u0131lar. Hill's beslenme uzmanlar\u0131 ve veteriner hekimleri taraf\u0131ndan geli\u015ftirilen bu kuru mama tavuk etinden yap\u0131l\u0131r ve yavru k\u00f6pe\u011finizin bay\u0131laca\u011f\u0131 ve kar\u015f\u0131 koyamayaca\u011f\u0131, harika bir lezzete sahiptir. Hill's Prescription Diet mamalar\u0131n\u0131n yavru k\u00f6pe\u011finizin geli\u015fiminin yan\u0131 s\u0131ra mutlu ve aktif bir ya\u015fam s\u00fcrmesine nas\u0131l yard\u0131mc\u0131 olabilece\u011fi hakk\u0131nda daha fazla bilgi i\u00e7in veterinerinize dan\u0131\u015f\u0131n. Hill\u2019s Prescription Diet k\u00f6pek mamas\u0131, k\u00f6pe\u011finizin benzersiz ihtiya\u00e7lar\u0131n\u0131 kar\u015f\u0131lamak i\u00e7in haz\u0131rlanan ve k\u00f6pe\u011finizin bay\u0131laca\u011f\u0131 lezzetler i\u00e7eren \u00e7e\u015fitli kuru veya \u0131slak mamalar sunmaktad\u0131r. Hill's Prescription Diet i\/d Tavuklu Yavru K\u00f6pek Kuru Mamas\u0131, yavru k\u00f6peklerde ba\u011f\u0131rsak emilim bozukluklar\u0131n\u0131n azalt\u0131lmas\u0131, sindirim bozukluklar\u0131 ve ekzokrin pankreas yetersizli\u011finin giderilmesi i\u00e7in y\u00fcksek sindirilebilirli\u011fe sahip tam bir diyetetik evcil hayvan mamas\u0131d\u0131r. Bu mama y\u00fcksek d\u00fczeyde sodyum ve potasyum ile kolay sindirilebilir maddeler i\u00e7ermektedir. steyin. Komple besleme talimatlar\u0131 i\u00e7in l\u00fctfen ambalaja bak\u0131n. G\u00fcnl\u00fck Beslenme \u00d6nerileri sadece k\u0131lavuz niteli\u011findedir ve ba\u015flang\u0131\u00e7 noktas\u0131n\u0131 ifade eder. Gram en do\u011fru \u00f6l\u00e7\u00fcm \u015feklidir; \u00f6l\u00e7\u00fc kab\u0131 gram cinsinden tahmini bir de\u011feri ifade eder. Bu mama yeni mi? Eski mama miktar\u0131n\u0131 bir kar\u0131\u015f\u0131m i\u00e7erisinde 7 g\u00fcn veya daha uzun bir s\u00fcre boyunca kademeli olarak azalt\u0131p yeni mamay\u0131 bu s\u00fcrede kademeli olarak art\u0131r\u0131n. Temiz ve taze suyu daima haz\u0131r bulundurun! Evcil hayvan\u0131n\u0131z\u0131n beslenme ihtiya\u00e7lar\u0131 ya\u015fland\u0131k\u00e7a de\u011fi\u015febilir. Her muayenede veterinerinize sorun.","og_url":"https:\/\/anadolupet.com.tr\/en\/product\/hills-pd-i-d-yavru-kopek-mamasi-4kg\/","og_site_name":"Anadolu Pet Grup","article_modified_time":"2026-02-23T12:48:47+00:00","og_image":[{"width":750,"height":750,"url":"https:\/\/anadolupet.com.tr\/wp-content\/uploads\/2026\/02\/640-609597.jpg","type":"image\/jpeg"}],"twitter_card":"summary_large_image","schema":{"@context":"https:\/\/schema.org","@graph":[{"@type":"WebPage","@id":"https:\/\/anadolupet.com.tr\/urun\/hills-pd-i-d-yavru-kopek-mamasi-4kg\/","url":"https:\/\/anadolupet.com.tr\/urun\/hills-pd-i-d-yavru-kopek-mamasi-4kg\/","name":"Hill's PD I\/D Yavru K\u00f6pek Mamas\u0131 4KG - Anadolu Pet Grup","isPartOf":{"@id":"https:\/\/anadolupet.com.tr\/#website"},"primaryImageOfPage":{"@id":"https:\/\/anadolupet.com.tr\/urun\/hills-pd-i-d-yavru-kopek-mamasi-4kg\/#primaryimage"},"image":{"@id":"https:\/\/anadolupet.com.tr\/urun\/hills-pd-i-d-yavru-kopek-mamasi-4kg\/#primaryimage"},"thumbnailUrl":"https:\/\/anadolupet.com.tr\/wp-content\/uploads\/2026\/02\/640-609597.jpg","datePublished":"2026-02-14T14:41:26+00:00","dateModified":"2026-02-23T12:48:47+00:00","breadcrumb":{"@id":"https:\/\/anadolupet.com.tr\/urun\/hills-pd-i-d-yavru-kopek-mamasi-4kg\/#breadcrumb"},"inLanguage":"en-US","potentialAction":[{"@type":"ReadAction","target":["https:\/\/anadolupet.com.tr\/urun\/hills-pd-i-d-yavru-kopek-mamasi-4kg\/"]}]},{"@type":"ImageObject","inLanguage":"en-US","@id":"https:\/\/anadolupet.com.tr\/urun\/hills-pd-i-d-yavru-kopek-mamasi-4kg\/#primaryimage","url":"https:\/\/anadolupet.com.tr\/wp-content\/uploads\/2026\/02\/640-609597.jpg","contentUrl":"https:\/\/anadolupet.com.tr\/wp-content\/uploads\/2026\/02\/640-609597.jpg","width":750,"height":750},{"@type":"BreadcrumbList","@id":"https:\/\/anadolupet.com.tr\/urun\/hills-pd-i-d-yavru-kopek-mamasi-4kg\/#breadcrumb","itemListElement":[{"@type":"ListItem","position":1,"name":"Anasayfa","item":"https:\/\/anadolupet.com.tr\/"},{"@type":"ListItem","position":2,"name":"\u00dcr\u00fcnler","item":"https:\/\/anadolupet.com.tr\/urunler\/"},{"@type":"ListItem","position":3,"name":"Hill&#8217;s PD I\/D Yavru K\u00f6pek Mamas\u0131 4KG"}]},{"@type":"WebSite","@id":"https:\/\/anadolupet.com.tr\/#website","url":"https:\/\/anadolupet.com.tr\/","name":"Anadolu Pet Group","description":"We Stand Together for the Well-Being of Every Life","publisher":{"@id":"https:\/\/anadolupet.com.tr\/#organization"},"potentialAction":[{"@type":"SearchAction","target":{"@type":"EntryPoint","urlTemplate":"https:\/\/anadolupet.com.tr\/?s={search_term_string}"},"query-input":{"@type":"PropertyValueSpecification","valueRequired":true,"valueName":"search_term_string"}}],"inLanguage":"en-US"},{"@type":"Organization","@id":"https:\/\/anadolupet.com.tr\/#organization","name":"Anadolu Pet Group","alternateName":"Anadolu Pet","url":"https:\/\/anadolupet.com.tr\/","logo":{"@type":"ImageObject","inLanguage":"en-US","@id":"https:\/\/anadolupet.com.tr\/#\/schema\/logo\/image\/","url":"https:\/\/anadolupet.com.tr\/wp-content\/uploads\/2026\/03\/1614666743370.jpg","contentUrl":"https:\/\/anadolupet.com.tr\/wp-content\/uploads\/2026\/03\/1614666743370.jpg","width":800,"height":571,"caption":"Anadolu Pet Grup"},"image":{"@id":"https:\/\/anadolupet.com.tr\/#\/schema\/logo\/image\/"}}]}},"_links":{"self":[{"href":"https:\/\/anadolupet.com.tr\/en\/wp-json\/wp\/v2\/product\/45365","targetHints":{"allow":["GET"]}}],"collection":[{"href":"https:\/\/anadolupet.com.tr\/en\/wp-json\/wp\/v2\/product"}],"about":[{"href":"https:\/\/anadolupet.com.tr\/en\/wp-json\/wp\/v2\/types\/product"}],"replies":[{"embeddable":true,"href":"https:\/\/anadolupet.com.tr\/en\/wp-json\/wp\/v2\/comments?post=45365"}],"wp:featuredmedia":[{"embeddable":true,"href":"https:\/\/anadolupet.com.tr\/en\/wp-json\/wp\/v2\/media\/44409"}],"wp:attachment":[{"href":"https:\/\/anadolupet.com.tr\/en\/wp-json\/wp\/v2\/media?parent=45365"}],"wp:term":[{"taxonomy":"product_brand","embeddable":true,"href":"https:\/\/anadolupet.com.tr\/en\/wp-json\/wp\/v2\/product_brand?post=45365"},{"taxonomy":"product_cat","embeddable":true,"href":"https:\/\/anadolupet.com.tr\/en\/wp-json\/wp\/v2\/product_cat?post=45365"},{"taxonomy":"product_tag","embeddable":true,"href":"https:\/\/anadolupet.com.tr\/en\/wp-json\/wp\/v2\/product_tag?post=45365"}],"curies":[{"name":"wp","href":"https:\/\/api.w.org\/{rel}","templated":true}]}}