{"id":45367,"date":"2026-02-14T14:41:27","date_gmt":"2026-02-14T14:41:27","guid":{"rendered":"https:\/\/anadolupet.com.tr\/urun\/hills-pd-k-d-kedi-mamasi-15kg\/"},"modified":"2026-02-23T16:55:46","modified_gmt":"2026-02-23T16:55:46","slug":"hills-pd-k-d-kedi-mamasi-15kg","status":"publish","type":"product","link":"https:\/\/anadolupet.com.tr\/en\/urun\/hills-pd-k-d-kedi-mamasi-15kg\/","title":{"rendered":"Hill&#8217;s PD K\/D Kedi Mamas\u0131 1,5KG"},"content":{"rendered":"","protected":false},"excerpt":{"rendered":"<p>Hills Prescription Diet Kidney Care k\/d Tavuklu Kedi Kuru Mamas\u0131 1,5 kg<\/p>\n<p>Yeti\u015fkin kedilerde kronik veya ge\u00e7ici b\u00f6brek yetmezli\u011fi durumunda b\u00f6brek fonksiyonunu destekleyen tam kuru diyet mamas\u0131d\u0131r. Bu g\u0131dada d\u00fc\u015f\u00fck d\u00fczeyde fosfor ve s\u0131n\u0131rl\u0131 d\u00fczeyde y\u00fcksek kaliteli protein bulunur.<\/p>\n<p>\u0130\u00e7erik : Tah\u0131llar, bitkisel protein ekstraktlar\u0131, s\u0131v\u0131 ve kat\u0131 ya\u011flar (bal\u0131k ya\u011f\u0131 %1,6), et ve hayvansal yan \u00fcr\u00fcnler (tavuk %5), yumurta ve yumurta yan \u00fcr\u00fcnleri, mineraller, bitkisel yan \u00fcr\u00fcnler.<br \/>\nProtein kaynaklar\u0131 : M\u0131s\u0131r yemi gluteni, tavuk ve hindi unu, bezelye proteini, kurutulmu\u015f b\u00fct\u00fcn yumurta, pirin\u00e7 proteini konsantresi.<\/p>\n<p>Analitik bile\u015fenler : Protein %28,3, Ya\u011f i\u00e7eri\u011fi %21,5, Ham lif %0,94, Ham k\u00fcl %4,9, Omega-3 ya\u011f asitleri %0,8, Kalsiyum %0,70, Fosfor %0,46, Sodyum %0,23, Potasyum %0,72, Magnezyum %0,06; kg ba\u015f\u0131na : A Vitamini 8.825 IU, D3 Vitamini 776 IU, E Vitamini 550 mg, C Vitamini 90 mg, Beta-karoten 1,5 mg, L-karnitin 574 mg.<\/p>","protected":false},"featured_media":44326,"comment_status":"open","ping_status":"closed","template":"","meta":{"_acf_changed":false},"product_brand":[],"product_cat":[2456],"product_tag":[],"class_list":{"0":"post-45367","1":"product","2":"type-product","3":"status-publish","4":"has-post-thumbnail","6":"product_cat-receteli-diyet-kopek-mamalari","8":"first","9":"instock","10":"shipping-taxable","11":"product-type-simple"},"acf":[],"yoast_head":"<!-- This site is optimized with the Yoast SEO plugin v27.5 - https:\/\/yoast.com\/product\/yoast-seo-wordpress\/ -->\n<title>Hill&#039;s PD K\/D Kedi Mamas\u0131 1,5KG - Anadolu Pet Grup<\/title>\n<meta name=\"robots\" content=\"index, follow, max-snippet:-1, max-image-preview:large, max-video-preview:-1\" \/>\n<link rel=\"canonical\" href=\"https:\/\/anadolupet.com.tr\/en\/product\/hills-pd-k-d-kedi-mamasi-15kg\/\" \/>\n<meta property=\"og:locale\" content=\"en_US\" \/>\n<meta property=\"og:type\" content=\"article\" \/>\n<meta property=\"og:title\" content=\"Hill&#039;s PD K\/D Kedi Mamas\u0131 1,5KG - Anadolu Pet Grup\" \/>\n<meta property=\"og:description\" content=\"Hills Prescription Diet Kidney Care k\/d Tavuklu Kedi Kuru Mamas\u0131 1,5 kg  Yeti\u015fkin kedilerde kronik veya ge\u00e7ici b\u00f6brek yetmezli\u011fi durumunda b\u00f6brek fonksiyonunu destekleyen tam kuru diyet mamas\u0131d\u0131r. Bu g\u0131dada d\u00fc\u015f\u00fck d\u00fczeyde fosfor ve s\u0131n\u0131rl\u0131 d\u00fczeyde y\u00fcksek kaliteli protein bulunur.  \u0130\u00e7erik : Tah\u0131llar, bitkisel protein ekstraktlar\u0131, s\u0131v\u0131 ve kat\u0131 ya\u011flar (bal\u0131k ya\u011f\u0131 %1,6), et ve hayvansal yan \u00fcr\u00fcnler (tavuk %5), yumurta ve yumurta yan \u00fcr\u00fcnleri, mineraller, bitkisel yan \u00fcr\u00fcnler. Protein kaynaklar\u0131 : M\u0131s\u0131r yemi gluteni, tavuk ve hindi unu, bezelye proteini, kurutulmu\u015f b\u00fct\u00fcn yumurta, pirin\u00e7 proteini konsantresi.  Analitik bile\u015fenler : Protein %28,3, Ya\u011f i\u00e7eri\u011fi %21,5, Ham lif %0,94, Ham k\u00fcl %4,9, Omega-3 ya\u011f asitleri %0,8, Kalsiyum %0,70, Fosfor %0,46, Sodyum %0,23, Potasyum %0,72, Magnezyum %0,06; kg ba\u015f\u0131na : A Vitamini 8.825 IU, D3 Vitamini 776 IU, E Vitamini 550 mg, C Vitamini 90 mg, Beta-karoten 1,5 mg, L-karnitin 574 mg.\" \/>\n<meta property=\"og:url\" content=\"https:\/\/anadolupet.com.tr\/en\/product\/hills-pd-k-d-kedi-mamasi-15kg\/\" \/>\n<meta property=\"og:site_name\" content=\"Anadolu Pet Grup\" \/>\n<meta property=\"article:modified_time\" content=\"2026-02-23T16:55:46+00:00\" \/>\n<meta property=\"og:image\" content=\"https:\/\/anadolupet.com.tr\/wp-content\/uploads\/2026\/02\/630-607647.jpg\" \/>\n\t<meta property=\"og:image:width\" content=\"750\" \/>\n\t<meta property=\"og:image:height\" content=\"750\" \/>\n\t<meta property=\"og:image:type\" content=\"image\/jpeg\" \/>\n<meta name=\"twitter:card\" content=\"summary_large_image\" \/>\n<script type=\"application\/ld+json\" class=\"yoast-schema-graph\">{\"@context\":\"https:\\\/\\\/schema.org\",\"@graph\":[{\"@type\":\"WebPage\",\"@id\":\"https:\\\/\\\/anadolupet.com.tr\\\/urun\\\/hills-pd-k-d-kedi-mamasi-15kg\\\/\",\"url\":\"https:\\\/\\\/anadolupet.com.tr\\\/urun\\\/hills-pd-k-d-kedi-mamasi-15kg\\\/\",\"name\":\"Hill's PD K\\\/D Kedi Mamas\u0131 1,5KG - Anadolu Pet Grup\",\"isPartOf\":{\"@id\":\"https:\\\/\\\/anadolupet.com.tr\\\/#website\"},\"primaryImageOfPage\":{\"@id\":\"https:\\\/\\\/anadolupet.com.tr\\\/urun\\\/hills-pd-k-d-kedi-mamasi-15kg\\\/#primaryimage\"},\"image\":{\"@id\":\"https:\\\/\\\/anadolupet.com.tr\\\/urun\\\/hills-pd-k-d-kedi-mamasi-15kg\\\/#primaryimage\"},\"thumbnailUrl\":\"https:\\\/\\\/anadolupet.com.tr\\\/wp-content\\\/uploads\\\/2026\\\/02\\\/630-607647.jpg\",\"datePublished\":\"2026-02-14T14:41:27+00:00\",\"dateModified\":\"2026-02-23T16:55:46+00:00\",\"breadcrumb\":{\"@id\":\"https:\\\/\\\/anadolupet.com.tr\\\/urun\\\/hills-pd-k-d-kedi-mamasi-15kg\\\/#breadcrumb\"},\"inLanguage\":\"en-US\",\"potentialAction\":[{\"@type\":\"ReadAction\",\"target\":[\"https:\\\/\\\/anadolupet.com.tr\\\/urun\\\/hills-pd-k-d-kedi-mamasi-15kg\\\/\"]}]},{\"@type\":\"ImageObject\",\"inLanguage\":\"en-US\",\"@id\":\"https:\\\/\\\/anadolupet.com.tr\\\/urun\\\/hills-pd-k-d-kedi-mamasi-15kg\\\/#primaryimage\",\"url\":\"https:\\\/\\\/anadolupet.com.tr\\\/wp-content\\\/uploads\\\/2026\\\/02\\\/630-607647.jpg\",\"contentUrl\":\"https:\\\/\\\/anadolupet.com.tr\\\/wp-content\\\/uploads\\\/2026\\\/02\\\/630-607647.jpg\",\"width\":750,\"height\":750},{\"@type\":\"BreadcrumbList\",\"@id\":\"https:\\\/\\\/anadolupet.com.tr\\\/urun\\\/hills-pd-k-d-kedi-mamasi-15kg\\\/#breadcrumb\",\"itemListElement\":[{\"@type\":\"ListItem\",\"position\":1,\"name\":\"Anasayfa\",\"item\":\"https:\\\/\\\/anadolupet.com.tr\\\/\"},{\"@type\":\"ListItem\",\"position\":2,\"name\":\"\u00dcr\u00fcnler\",\"item\":\"https:\\\/\\\/anadolupet.com.tr\\\/urunler\\\/\"},{\"@type\":\"ListItem\",\"position\":3,\"name\":\"Hill&#8217;s PD K\\\/D Kedi Mamas\u0131 1,5KG\"}]},{\"@type\":\"WebSite\",\"@id\":\"https:\\\/\\\/anadolupet.com.tr\\\/#website\",\"url\":\"https:\\\/\\\/anadolupet.com.tr\\\/\",\"name\":\"Anadolu Pet Grup\",\"description\":\"Her Can\u0131n \u0130yi Ya\u015fam\u0131 \u0130\u00e7in Biraraday\u0131z\",\"publisher\":{\"@id\":\"https:\\\/\\\/anadolupet.com.tr\\\/#organization\"},\"potentialAction\":[{\"@type\":\"SearchAction\",\"target\":{\"@type\":\"EntryPoint\",\"urlTemplate\":\"https:\\\/\\\/anadolupet.com.tr\\\/?s={search_term_string}\"},\"query-input\":{\"@type\":\"PropertyValueSpecification\",\"valueRequired\":true,\"valueName\":\"search_term_string\"}}],\"inLanguage\":\"en-US\"},{\"@type\":\"Organization\",\"@id\":\"https:\\\/\\\/anadolupet.com.tr\\\/#organization\",\"name\":\"Anadolu Pet Grup\",\"alternateName\":\"Anadolu Pet\",\"url\":\"https:\\\/\\\/anadolupet.com.tr\\\/\",\"logo\":{\"@type\":\"ImageObject\",\"inLanguage\":\"en-US\",\"@id\":\"https:\\\/\\\/anadolupet.com.tr\\\/#\\\/schema\\\/logo\\\/image\\\/\",\"url\":\"https:\\\/\\\/anadolupet.com.tr\\\/wp-content\\\/uploads\\\/2026\\\/03\\\/1614666743370.jpg\",\"contentUrl\":\"https:\\\/\\\/anadolupet.com.tr\\\/wp-content\\\/uploads\\\/2026\\\/03\\\/1614666743370.jpg\",\"width\":800,\"height\":571,\"caption\":\"Anadolu Pet Grup\"},\"image\":{\"@id\":\"https:\\\/\\\/anadolupet.com.tr\\\/#\\\/schema\\\/logo\\\/image\\\/\"}}]}<\/script>\n<!-- \/ Yoast SEO plugin. -->","yoast_head_json":{"title":"Hill's PD K\/D Kedi Mamas\u0131 1,5KG - Anadolu Pet Grup","robots":{"index":"index","follow":"follow","max-snippet":"max-snippet:-1","max-image-preview":"max-image-preview:large","max-video-preview":"max-video-preview:-1"},"canonical":"https:\/\/anadolupet.com.tr\/en\/product\/hills-pd-k-d-kedi-mamasi-15kg\/","og_locale":"en_US","og_type":"article","og_title":"Hill's PD K\/D Kedi Mamas\u0131 1,5KG - Anadolu Pet Grup","og_description":"Hills Prescription Diet Kidney Care k\/d Tavuklu Kedi Kuru Mamas\u0131 1,5 kg  Yeti\u015fkin kedilerde kronik veya ge\u00e7ici b\u00f6brek yetmezli\u011fi durumunda b\u00f6brek fonksiyonunu destekleyen tam kuru diyet mamas\u0131d\u0131r. Bu g\u0131dada d\u00fc\u015f\u00fck d\u00fczeyde fosfor ve s\u0131n\u0131rl\u0131 d\u00fczeyde y\u00fcksek kaliteli protein bulunur.  \u0130\u00e7erik : Tah\u0131llar, bitkisel protein ekstraktlar\u0131, s\u0131v\u0131 ve kat\u0131 ya\u011flar (bal\u0131k ya\u011f\u0131 %1,6), et ve hayvansal yan \u00fcr\u00fcnler (tavuk %5), yumurta ve yumurta yan \u00fcr\u00fcnleri, mineraller, bitkisel yan \u00fcr\u00fcnler. Protein kaynaklar\u0131 : M\u0131s\u0131r yemi gluteni, tavuk ve hindi unu, bezelye proteini, kurutulmu\u015f b\u00fct\u00fcn yumurta, pirin\u00e7 proteini konsantresi.  Analitik bile\u015fenler : Protein %28,3, Ya\u011f i\u00e7eri\u011fi %21,5, Ham lif %0,94, Ham k\u00fcl %4,9, Omega-3 ya\u011f asitleri %0,8, Kalsiyum %0,70, Fosfor %0,46, Sodyum %0,23, Potasyum %0,72, Magnezyum %0,06; kg ba\u015f\u0131na : A Vitamini 8.825 IU, D3 Vitamini 776 IU, E Vitamini 550 mg, C Vitamini 90 mg, Beta-karoten 1,5 mg, L-karnitin 574 mg.","og_url":"https:\/\/anadolupet.com.tr\/en\/product\/hills-pd-k-d-kedi-mamasi-15kg\/","og_site_name":"Anadolu Pet Grup","article_modified_time":"2026-02-23T16:55:46+00:00","og_image":[{"width":750,"height":750,"url":"https:\/\/anadolupet.com.tr\/wp-content\/uploads\/2026\/02\/630-607647.jpg","type":"image\/jpeg"}],"twitter_card":"summary_large_image","schema":{"@context":"https:\/\/schema.org","@graph":[{"@type":"WebPage","@id":"https:\/\/anadolupet.com.tr\/urun\/hills-pd-k-d-kedi-mamasi-15kg\/","url":"https:\/\/anadolupet.com.tr\/urun\/hills-pd-k-d-kedi-mamasi-15kg\/","name":"Hill's PD K\/D Kedi Mamas\u0131 1,5KG - Anadolu Pet Grup","isPartOf":{"@id":"https:\/\/anadolupet.com.tr\/#website"},"primaryImageOfPage":{"@id":"https:\/\/anadolupet.com.tr\/urun\/hills-pd-k-d-kedi-mamasi-15kg\/#primaryimage"},"image":{"@id":"https:\/\/anadolupet.com.tr\/urun\/hills-pd-k-d-kedi-mamasi-15kg\/#primaryimage"},"thumbnailUrl":"https:\/\/anadolupet.com.tr\/wp-content\/uploads\/2026\/02\/630-607647.jpg","datePublished":"2026-02-14T14:41:27+00:00","dateModified":"2026-02-23T16:55:46+00:00","breadcrumb":{"@id":"https:\/\/anadolupet.com.tr\/urun\/hills-pd-k-d-kedi-mamasi-15kg\/#breadcrumb"},"inLanguage":"en-US","potentialAction":[{"@type":"ReadAction","target":["https:\/\/anadolupet.com.tr\/urun\/hills-pd-k-d-kedi-mamasi-15kg\/"]}]},{"@type":"ImageObject","inLanguage":"en-US","@id":"https:\/\/anadolupet.com.tr\/urun\/hills-pd-k-d-kedi-mamasi-15kg\/#primaryimage","url":"https:\/\/anadolupet.com.tr\/wp-content\/uploads\/2026\/02\/630-607647.jpg","contentUrl":"https:\/\/anadolupet.com.tr\/wp-content\/uploads\/2026\/02\/630-607647.jpg","width":750,"height":750},{"@type":"BreadcrumbList","@id":"https:\/\/anadolupet.com.tr\/urun\/hills-pd-k-d-kedi-mamasi-15kg\/#breadcrumb","itemListElement":[{"@type":"ListItem","position":1,"name":"Anasayfa","item":"https:\/\/anadolupet.com.tr\/"},{"@type":"ListItem","position":2,"name":"\u00dcr\u00fcnler","item":"https:\/\/anadolupet.com.tr\/urunler\/"},{"@type":"ListItem","position":3,"name":"Hill&#8217;s PD K\/D Kedi Mamas\u0131 1,5KG"}]},{"@type":"WebSite","@id":"https:\/\/anadolupet.com.tr\/#website","url":"https:\/\/anadolupet.com.tr\/","name":"Anadolu Pet Group","description":"We Stand Together for the Well-Being of Every Life","publisher":{"@id":"https:\/\/anadolupet.com.tr\/#organization"},"potentialAction":[{"@type":"SearchAction","target":{"@type":"EntryPoint","urlTemplate":"https:\/\/anadolupet.com.tr\/?s={search_term_string}"},"query-input":{"@type":"PropertyValueSpecification","valueRequired":true,"valueName":"search_term_string"}}],"inLanguage":"en-US"},{"@type":"Organization","@id":"https:\/\/anadolupet.com.tr\/#organization","name":"Anadolu Pet Group","alternateName":"Anadolu Pet","url":"https:\/\/anadolupet.com.tr\/","logo":{"@type":"ImageObject","inLanguage":"en-US","@id":"https:\/\/anadolupet.com.tr\/#\/schema\/logo\/image\/","url":"https:\/\/anadolupet.com.tr\/wp-content\/uploads\/2026\/03\/1614666743370.jpg","contentUrl":"https:\/\/anadolupet.com.tr\/wp-content\/uploads\/2026\/03\/1614666743370.jpg","width":800,"height":571,"caption":"Anadolu Pet Grup"},"image":{"@id":"https:\/\/anadolupet.com.tr\/#\/schema\/logo\/image\/"}}]}},"_links":{"self":[{"href":"https:\/\/anadolupet.com.tr\/en\/wp-json\/wp\/v2\/product\/45367","targetHints":{"allow":["GET"]}}],"collection":[{"href":"https:\/\/anadolupet.com.tr\/en\/wp-json\/wp\/v2\/product"}],"about":[{"href":"https:\/\/anadolupet.com.tr\/en\/wp-json\/wp\/v2\/types\/product"}],"replies":[{"embeddable":true,"href":"https:\/\/anadolupet.com.tr\/en\/wp-json\/wp\/v2\/comments?post=45367"}],"wp:featuredmedia":[{"embeddable":true,"href":"https:\/\/anadolupet.com.tr\/en\/wp-json\/wp\/v2\/media\/44326"}],"wp:attachment":[{"href":"https:\/\/anadolupet.com.tr\/en\/wp-json\/wp\/v2\/media?parent=45367"}],"wp:term":[{"taxonomy":"product_brand","embeddable":true,"href":"https:\/\/anadolupet.com.tr\/en\/wp-json\/wp\/v2\/product_brand?post=45367"},{"taxonomy":"product_cat","embeddable":true,"href":"https:\/\/anadolupet.com.tr\/en\/wp-json\/wp\/v2\/product_cat?post=45367"},{"taxonomy":"product_tag","embeddable":true,"href":"https:\/\/anadolupet.com.tr\/en\/wp-json\/wp\/v2\/product_tag?post=45367"}],"curies":[{"name":"wp","href":"https:\/\/api.w.org\/{rel}","templated":true}]}}