{"id":45369,"date":"2026-02-14T14:41:27","date_gmt":"2026-02-14T14:41:27","guid":{"rendered":"https:\/\/anadolupet.com.tr\/urun\/hills-pd-k-d-kopek-mamasi-4kg\/"},"modified":"2026-02-23T12:48:47","modified_gmt":"2026-02-23T12:48:47","slug":"hills-pd-k-d-kopek-mamasi-4kg","status":"publish","type":"product","link":"https:\/\/anadolupet.com.tr\/en\/urun\/hills-pd-k-d-kopek-mamasi-4kg\/","title":{"rendered":"Hill&#8217;s PD K\/D K\u00f6pek Mamas\u0131 4KG"},"content":{"rendered":"","protected":false},"excerpt":{"rendered":"<p>Hill&#8217;s PRESCRIPTION DIET k\/d, k\u00f6pe\u011finizin hayati b\u00f6brek fonksiyonunu korumaya, i\u015ftah\u0131 art\u0131rmaya ve besin al\u0131m\u0131n\u0131 art\u0131rmaya yard\u0131mc\u0131 olan klinik beslenmedir. B\u00f6brek fonksiyonunun korunmas\u0131na yard\u0131mc\u0131 olmak i\u00e7in ba\u011f\u0131rsak mikrobiyomunu besledi\u011fi ortaya koyulan patentli bir prebiyotik kar\u0131\u015f\u0131m\u0131 olan ActivBiome+ Kidney Defense ile form\u00fcle edilmi\u015ftir. Bu kuru k\u00f6pek mamas\u0131n\u0131n, ya\u015fam kalitesini iyile\u015ftirme ve uzatma etkisi klinik olarak kan\u0131tlanm\u0131\u015ft\u0131r. PRESCRIPTION DIET k\/d, k\u00f6pe\u011finizin bay\u0131laca\u011f\u0131, harika bir lezzete sahiptir. K\u00f6peklerde b\u00f6brek dokusu hasar\u0131 oldu\u011funda, b\u00f6brekleri de performans g\u00f6steremez. Bu problem art\u0131k geri d\u00f6nd\u00fcr\u00fclemez, ancak ilerlemesi yava\u015flayabilir. B\u00f6brek fonksiyonu azalm\u0131\u015f k\u00f6pekler, i\u015ftahs\u0131zl\u0131k ya\u015fayabilir ve besin al\u0131m\u0131 azalabilir. B\u00f6brek rahats\u0131zl\u0131klar\u0131na d\u00f6n\u00fck diyetetik mamalar, b\u00f6brekler \u00fczerindeki i\u015f y\u00fck\u00fcn\u00fc azaltmaya yard\u0131mc\u0131 olmak ve b\u00f6ylelikle daha etkili bir \u015fekilde i\u015flev g\u00f6rmelerini sa\u011flamak i\u00e7in tasarlanm\u0131\u015ft\u0131r.<br \/>\nB\u00f6brek semptomlar\u0131 d\u00fczeldikten sonra bile k\u00f6pe\u011finizin b\u00f6brek sa\u011fl\u0131\u011f\u0131n\u0131 korumaya yard\u0131mc\u0131 olmak i\u00e7in PRESCRIPTION DIET k\/d B\u00f6brek Sa\u011fl\u0131\u011f\u0131 K\u00f6pek Mamas\u0131 ile beslemeye devam etmeniz \u00f6nemlidir. PRESCRIPTION DIET mamalar\u0131m\u0131z\u0131n, onlar\u0131n mutlu ve aktif bir ya\u015fam s\u00fcrmeye devam etmesine nas\u0131l yard\u0131mc\u0131 olabilece\u011fi hakk\u0131nda daha fazla bilgi i\u00e7in veteriner hekiminize dan\u0131\u015f\u0131n.<br \/>\nEvcil hayvan\u0131n\u0131z\u0131n ya\u015fam\u0131n\u0131 d\u00f6n\u00fc\u015ft\u00fcrmeye yard\u0131mc\u0131 olan harika lezzetli mama. Size ba\u011fl\u0131 olduklar\u0131 i\u00e7in, onlara m\u00fcmk\u00fcn olan en iyi ve sa\u011fl\u0131kl\u0131 mamay\u0131 sa\u011flamaya \u00e7al\u0131\u015f\u0131yoruz. K\u00f6pe\u011finizin benzersiz sa\u011fl\u0131k ihtiya\u00e7lar\u0131n\u0131 kar\u015f\u0131layan bilimsel form\u00fcllerin temel al\u0131nd\u0131\u011f\u0131 PRESCRIPTION DIET, k\u00f6peklerin uzun ve mutlu bir ya\u015fam s\u00fcrmeleri i\u00e7in ihtiya\u00e7 duyduklar\u0131 her \u015feyi sunan bir besindir.<br \/>\nEvcil hayvan mamalar\u0131m\u0131z\u0131 en y\u00fcksek kaliteli malzemelerle \u00fcretiyoruz. Bu malzemeler, safl\u0131k ve besin i\u00e7eri\u011fi konusundaki kat\u0131 kriterlerimizi kar\u015f\u0131lamal\u0131d\u0131r.<br \/>\nBar\u0131naklarda ya\u015fayan evcil hayvanlar\u0131n hayat\u0131nda bir fark yaratabilirsiniz. Sat\u0131n ald\u0131\u011f\u0131n\u0131z her Hill&#8217;s PRESCRIPTION DIET evcil hayvan mamas\u0131yla, her g\u00fcn yani y\u0131l\u0131n 365 g\u00fcn\u00fc 100.000&#8217;den fazla evsiz hayvan\u0131 beslemeye yard\u0131mc\u0131 olabilirsiniz. Daha fazlas\u0131 i\u00e7in https:\/\/www.hillsfoodshelterlove.com &#8216;a ziyaret edin.<br \/>\nHill&#8217;s PRESCRIPTION DIET k\u00f6pek mamas\u0131, k\u00f6pe\u011finizin benzersiz ihtiya\u00e7lar\u0131n\u0131 kar\u015f\u0131lamak i\u00e7in haz\u0131rlanan ve k\u00f6pe\u011finizin bay\u0131laca\u011f\u0131 lezzetler i\u00e7eren \u00e7e\u015fitli kuru veya \u0131slak mamalar sunmaktad\u0131r.<br \/>\n\u0130\u00c7\u0130NDEK\u0130LER: Tah\u0131llar, s\u0131v\u0131 ve kat\u0131 ya\u011flar (bal\u0131k ya\u011f\u0131 %2), bitkisel k\u00f6kenli yan \u00fcr\u00fcnler, yumurta ve yumurta yan \u00fcr\u00fcnleri, bitkisel protein ekstraktlar\u0131, et ve hayvansal yan \u00fcr\u00fcnler, mineraller, tohumlar. Protein kaynaklar\u0131: Kurutulmu\u015f b\u00fct\u00fcn yumurta, bezelye proteini. ActivBiome+ Kidney Defense prebiyotik kar\u0131\u015f\u0131m (%1,1): Betain, yulaf kepe\u011fi, frukto-oligosakkaritler.<br \/>\nKG BA\u015eINA KATKI MADDELER\u0130: Besin katk\u0131 maddeleri: 3b103 (Demir) 90,1mg, 3b202 (\u0130yot) 2,2mg, 3b405 (Bak\u0131r) 8,9mg, 3b502 (Manganez) 9,3mg, 3b603 (\u00c7inko) 158mg, 3b801 (Selenyum) 0,2mg, 3a920 (Betain) 5g, do\u011fal anti-oksidan i\u00e7erir.<br \/>\nANAL\u0130T\u0130K B\u0130LE\u015eENLER: Protein %13,9, Ya\u011f i\u00e7eri\u011fi %20,5, Ham sel\u00fcloz %1,5, Ham k\u00fcl %4,4, Omega-3 ya\u011f asitleri %1,1, Kalsiyum %0,63, Fosfor %0,27, Sodyum %0,16, Potasyum %0,68, Magnezyum %0,10; kg ba\u015f\u0131na: Vitamin A 8.759IU, Vitamin D3 734IU, Vitamin E 575mg, Vitamin C 90mg, Beta-karoten 1,5mg, L-karnitin 531mg.<br \/>\nBESLEME TAL\u0130MATI: Yaln\u0131zca \u00f6nerilen PRESCRIPTION DIET mamalarla besleyin. Kullan\u0131m \u00f6ncesinde veterinerinizden evcil hayvan\u0131n\u0131z i\u00e7in \u00f6zel beslenme talimatlar\u0131 isteyin. Komple besleme talimatlar\u0131 i\u00e7in l\u00fctfen ambalaja bak\u0131n. G\u00fcnl\u00fck Beslenme \u00d6nerileri sadece k\u0131lavuz niteli\u011findedir ve ba\u015flang\u0131\u00e7 noktas\u0131n\u0131 ifade eder. Emin olmak i\u00e7in veteriner hekiminize sorun. Temiz su daima mevcut olmal\u0131d\u0131r.<br \/>\nBu mama yeni mi? Eski mama miktar\u0131n\u0131 bir kar\u0131\u015f\u0131m i\u00e7erisinde 7 g\u00fcn veya daha uzun bir s\u00fcre boyunca kademeli olarak azalt\u0131p yeni mamay\u0131 bu s\u00fcrede kademeli olarak art\u0131r\u0131n. Temiz ve taze suyu daima haz\u0131r bulundurun! Evcil hayvan\u0131n\u0131z\u0131n beslenme ihtiya\u00e7lar\u0131 ya\u015fland\u0131k\u00e7a de\u011fi\u015febilir. Her muayenede veteriner hekiminize sorun.<\/p>","protected":false},"featured_media":44381,"comment_status":"open","ping_status":"closed","template":"","meta":{"_acf_changed":false},"product_brand":[],"product_cat":[2456],"product_tag":[],"class_list":{"0":"post-45369","1":"product","2":"type-product","3":"status-publish","4":"has-post-thumbnail","6":"product_cat-receteli-diyet-kopek-mamalari","8":"first","9":"instock","10":"shipping-taxable","11":"product-type-simple"},"acf":[],"yoast_head":"<!-- This site is optimized with the Yoast SEO plugin v27.4 - https:\/\/yoast.com\/product\/yoast-seo-wordpress\/ -->\n<title>Hill&#039;s PD K\/D K\u00f6pek Mamas\u0131 4KG - Anadolu Pet Grup<\/title>\n<meta name=\"robots\" content=\"index, follow, max-snippet:-1, max-image-preview:large, max-video-preview:-1\" \/>\n<link rel=\"canonical\" href=\"https:\/\/anadolupet.com.tr\/en\/product\/hills-pd-k-d-kopek-mamasi-4kg\/\" \/>\n<meta property=\"og:locale\" content=\"en_US\" \/>\n<meta property=\"og:type\" content=\"article\" \/>\n<meta property=\"og:title\" content=\"Hill&#039;s PD K\/D K\u00f6pek Mamas\u0131 4KG - Anadolu Pet Grup\" \/>\n<meta property=\"og:description\" content=\"Hill&#039;s PRESCRIPTION DIET k\/d, k\u00f6pe\u011finizin hayati b\u00f6brek fonksiyonunu korumaya, i\u015ftah\u0131 art\u0131rmaya ve besin al\u0131m\u0131n\u0131 art\u0131rmaya yard\u0131mc\u0131 olan klinik beslenmedir. B\u00f6brek fonksiyonunun korunmas\u0131na yard\u0131mc\u0131 olmak i\u00e7in ba\u011f\u0131rsak mikrobiyomunu besledi\u011fi ortaya koyulan patentli bir prebiyotik kar\u0131\u015f\u0131m\u0131 olan ActivBiome+ Kidney Defense ile form\u00fcle edilmi\u015ftir. Bu kuru k\u00f6pek mamas\u0131n\u0131n, ya\u015fam kalitesini iyile\u015ftirme ve uzatma etkisi klinik olarak kan\u0131tlanm\u0131\u015ft\u0131r. PRESCRIPTION DIET k\/d, k\u00f6pe\u011finizin bay\u0131laca\u011f\u0131, harika bir lezzete sahiptir. K\u00f6peklerde b\u00f6brek dokusu hasar\u0131 oldu\u011funda, b\u00f6brekleri de performans g\u00f6steremez. Bu problem art\u0131k geri d\u00f6nd\u00fcr\u00fclemez, ancak ilerlemesi yava\u015flayabilir. B\u00f6brek fonksiyonu azalm\u0131\u015f k\u00f6pekler, i\u015ftahs\u0131zl\u0131k ya\u015fayabilir ve besin al\u0131m\u0131 azalabilir. B\u00f6brek rahats\u0131zl\u0131klar\u0131na d\u00f6n\u00fck diyetetik mamalar, b\u00f6brekler \u00fczerindeki i\u015f y\u00fck\u00fcn\u00fc azaltmaya yard\u0131mc\u0131 olmak ve b\u00f6ylelikle daha etkili bir \u015fekilde i\u015flev g\u00f6rmelerini sa\u011flamak i\u00e7in tasarlanm\u0131\u015ft\u0131r. B\u00f6brek semptomlar\u0131 d\u00fczeldikten sonra bile k\u00f6pe\u011finizin b\u00f6brek sa\u011fl\u0131\u011f\u0131n\u0131 korumaya yard\u0131mc\u0131 olmak i\u00e7in PRESCRIPTION DIET k\/d B\u00f6brek Sa\u011fl\u0131\u011f\u0131 K\u00f6pek Mamas\u0131 ile beslemeye devam etmeniz \u00f6nemlidir. PRESCRIPTION DIET mamalar\u0131m\u0131z\u0131n, onlar\u0131n mutlu ve aktif bir ya\u015fam s\u00fcrmeye devam etmesine nas\u0131l yard\u0131mc\u0131 olabilece\u011fi hakk\u0131nda daha fazla bilgi i\u00e7in veteriner hekiminize dan\u0131\u015f\u0131n. Evcil hayvan\u0131n\u0131z\u0131n ya\u015fam\u0131n\u0131 d\u00f6n\u00fc\u015ft\u00fcrmeye yard\u0131mc\u0131 olan harika lezzetli mama. Size ba\u011fl\u0131 olduklar\u0131 i\u00e7in, onlara m\u00fcmk\u00fcn olan en iyi ve sa\u011fl\u0131kl\u0131 mamay\u0131 sa\u011flamaya \u00e7al\u0131\u015f\u0131yoruz. K\u00f6pe\u011finizin benzersiz sa\u011fl\u0131k ihtiya\u00e7lar\u0131n\u0131 kar\u015f\u0131layan bilimsel form\u00fcllerin temel al\u0131nd\u0131\u011f\u0131 PRESCRIPTION DIET, k\u00f6peklerin uzun ve mutlu bir ya\u015fam s\u00fcrmeleri i\u00e7in ihtiya\u00e7 duyduklar\u0131 her \u015feyi sunan bir besindir. Evcil hayvan mamalar\u0131m\u0131z\u0131 en y\u00fcksek kaliteli malzemelerle \u00fcretiyoruz. Bu malzemeler, safl\u0131k ve besin i\u00e7eri\u011fi konusundaki kat\u0131 kriterlerimizi kar\u015f\u0131lamal\u0131d\u0131r. Bar\u0131naklarda ya\u015fayan evcil hayvanlar\u0131n hayat\u0131nda bir fark yaratabilirsiniz. Sat\u0131n ald\u0131\u011f\u0131n\u0131z her Hill&#039;s PRESCRIPTION DIET evcil hayvan mamas\u0131yla, her g\u00fcn yani y\u0131l\u0131n 365 g\u00fcn\u00fc 100.000&#039;den fazla evsiz hayvan\u0131 beslemeye yard\u0131mc\u0131 olabilirsiniz. Daha fazlas\u0131 i\u00e7in https:\/\/www.hillsfoodshelterlove.com &#039;a ziyaret edin. Hill&#039;s PRESCRIPTION DIET k\u00f6pek mamas\u0131, k\u00f6pe\u011finizin benzersiz ihtiya\u00e7lar\u0131n\u0131 kar\u015f\u0131lamak i\u00e7in haz\u0131rlanan ve k\u00f6pe\u011finizin bay\u0131laca\u011f\u0131 lezzetler i\u00e7eren \u00e7e\u015fitli kuru veya \u0131slak mamalar sunmaktad\u0131r. \u0130\u00c7\u0130NDEK\u0130LER: Tah\u0131llar, s\u0131v\u0131 ve kat\u0131 ya\u011flar (bal\u0131k ya\u011f\u0131 %2), bitkisel k\u00f6kenli yan \u00fcr\u00fcnler, yumurta ve yumurta yan \u00fcr\u00fcnleri, bitkisel protein ekstraktlar\u0131, et ve hayvansal yan \u00fcr\u00fcnler, mineraller, tohumlar. Protein kaynaklar\u0131: Kurutulmu\u015f b\u00fct\u00fcn yumurta, bezelye proteini. ActivBiome+ Kidney Defense prebiyotik kar\u0131\u015f\u0131m (%1,1): Betain, yulaf kepe\u011fi, frukto-oligosakkaritler. KG BA\u015eINA KATKI MADDELER\u0130: Besin katk\u0131 maddeleri: 3b103 (Demir) 90,1mg, 3b202 (\u0130yot) 2,2mg, 3b405 (Bak\u0131r) 8,9mg, 3b502 (Manganez) 9,3mg, 3b603 (\u00c7inko) 158mg, 3b801 (Selenyum) 0,2mg, 3a920 (Betain) 5g, do\u011fal anti-oksidan i\u00e7erir. ANAL\u0130T\u0130K B\u0130LE\u015eENLER: Protein %13,9, Ya\u011f i\u00e7eri\u011fi %20,5, Ham sel\u00fcloz %1,5, Ham k\u00fcl %4,4, Omega-3 ya\u011f asitleri %1,1, Kalsiyum %0,63, Fosfor %0,27, Sodyum %0,16, Potasyum %0,68, Magnezyum %0,10; kg ba\u015f\u0131na: Vitamin A 8.759IU, Vitamin D3 734IU, Vitamin E 575mg, Vitamin C 90mg, Beta-karoten 1,5mg, L-karnitin 531mg. BESLEME TAL\u0130MATI: Yaln\u0131zca \u00f6nerilen PRESCRIPTION DIET mamalarla besleyin. Kullan\u0131m \u00f6ncesinde veterinerinizden evcil hayvan\u0131n\u0131z i\u00e7in \u00f6zel beslenme talimatlar\u0131 isteyin. Komple besleme talimatlar\u0131 i\u00e7in l\u00fctfen ambalaja bak\u0131n. G\u00fcnl\u00fck Beslenme \u00d6nerileri sadece k\u0131lavuz niteli\u011findedir ve ba\u015flang\u0131\u00e7 noktas\u0131n\u0131 ifade eder. Emin olmak i\u00e7in veteriner hekiminize sorun. Temiz su daima mevcut olmal\u0131d\u0131r. Bu mama yeni mi? Eski mama miktar\u0131n\u0131 bir kar\u0131\u015f\u0131m i\u00e7erisinde 7 g\u00fcn veya daha uzun bir s\u00fcre boyunca kademeli olarak azalt\u0131p yeni mamay\u0131 bu s\u00fcrede kademeli olarak art\u0131r\u0131n. Temiz ve taze suyu daima haz\u0131r bulundurun! Evcil hayvan\u0131n\u0131z\u0131n beslenme ihtiya\u00e7lar\u0131 ya\u015fland\u0131k\u00e7a de\u011fi\u015febilir. Her muayenede veteriner hekiminize sorun.\" \/>\n<meta property=\"og:url\" content=\"https:\/\/anadolupet.com.tr\/en\/product\/hills-pd-k-d-kopek-mamasi-4kg\/\" \/>\n<meta property=\"og:site_name\" content=\"Anadolu Pet Grup\" \/>\n<meta property=\"article:modified_time\" content=\"2026-02-23T12:48:47+00:00\" \/>\n<meta property=\"og:image\" content=\"https:\/\/anadolupet.com.tr\/wp-content\/uploads\/2026\/02\/640-606153.jpg\" \/>\n\t<meta property=\"og:image:width\" content=\"750\" \/>\n\t<meta property=\"og:image:height\" content=\"750\" \/>\n\t<meta property=\"og:image:type\" content=\"image\/jpeg\" \/>\n<meta name=\"twitter:card\" content=\"summary_large_image\" \/>\n<script type=\"application\/ld+json\" class=\"yoast-schema-graph\">{\"@context\":\"https:\\\/\\\/schema.org\",\"@graph\":[{\"@type\":\"WebPage\",\"@id\":\"https:\\\/\\\/anadolupet.com.tr\\\/urun\\\/hills-pd-k-d-kopek-mamasi-4kg\\\/\",\"url\":\"https:\\\/\\\/anadolupet.com.tr\\\/urun\\\/hills-pd-k-d-kopek-mamasi-4kg\\\/\",\"name\":\"Hill's PD K\\\/D K\u00f6pek Mamas\u0131 4KG - Anadolu Pet Grup\",\"isPartOf\":{\"@id\":\"https:\\\/\\\/anadolupet.com.tr\\\/#website\"},\"primaryImageOfPage\":{\"@id\":\"https:\\\/\\\/anadolupet.com.tr\\\/urun\\\/hills-pd-k-d-kopek-mamasi-4kg\\\/#primaryimage\"},\"image\":{\"@id\":\"https:\\\/\\\/anadolupet.com.tr\\\/urun\\\/hills-pd-k-d-kopek-mamasi-4kg\\\/#primaryimage\"},\"thumbnailUrl\":\"https:\\\/\\\/anadolupet.com.tr\\\/wp-content\\\/uploads\\\/2026\\\/02\\\/640-606153.jpg\",\"datePublished\":\"2026-02-14T14:41:27+00:00\",\"dateModified\":\"2026-02-23T12:48:47+00:00\",\"breadcrumb\":{\"@id\":\"https:\\\/\\\/anadolupet.com.tr\\\/urun\\\/hills-pd-k-d-kopek-mamasi-4kg\\\/#breadcrumb\"},\"inLanguage\":\"en-US\",\"potentialAction\":[{\"@type\":\"ReadAction\",\"target\":[\"https:\\\/\\\/anadolupet.com.tr\\\/urun\\\/hills-pd-k-d-kopek-mamasi-4kg\\\/\"]}]},{\"@type\":\"ImageObject\",\"inLanguage\":\"en-US\",\"@id\":\"https:\\\/\\\/anadolupet.com.tr\\\/urun\\\/hills-pd-k-d-kopek-mamasi-4kg\\\/#primaryimage\",\"url\":\"https:\\\/\\\/anadolupet.com.tr\\\/wp-content\\\/uploads\\\/2026\\\/02\\\/640-606153.jpg\",\"contentUrl\":\"https:\\\/\\\/anadolupet.com.tr\\\/wp-content\\\/uploads\\\/2026\\\/02\\\/640-606153.jpg\",\"width\":750,\"height\":750},{\"@type\":\"BreadcrumbList\",\"@id\":\"https:\\\/\\\/anadolupet.com.tr\\\/urun\\\/hills-pd-k-d-kopek-mamasi-4kg\\\/#breadcrumb\",\"itemListElement\":[{\"@type\":\"ListItem\",\"position\":1,\"name\":\"Anasayfa\",\"item\":\"https:\\\/\\\/anadolupet.com.tr\\\/\"},{\"@type\":\"ListItem\",\"position\":2,\"name\":\"\u00dcr\u00fcnler\",\"item\":\"https:\\\/\\\/anadolupet.com.tr\\\/urunler\\\/\"},{\"@type\":\"ListItem\",\"position\":3,\"name\":\"Hill&#8217;s PD K\\\/D K\u00f6pek Mamas\u0131 4KG\"}]},{\"@type\":\"WebSite\",\"@id\":\"https:\\\/\\\/anadolupet.com.tr\\\/#website\",\"url\":\"https:\\\/\\\/anadolupet.com.tr\\\/\",\"name\":\"Anadolu Pet Grup\",\"description\":\"Her Can\u0131n \u0130yi Ya\u015fam\u0131 \u0130\u00e7in Biraraday\u0131z\",\"publisher\":{\"@id\":\"https:\\\/\\\/anadolupet.com.tr\\\/#organization\"},\"potentialAction\":[{\"@type\":\"SearchAction\",\"target\":{\"@type\":\"EntryPoint\",\"urlTemplate\":\"https:\\\/\\\/anadolupet.com.tr\\\/?s={search_term_string}\"},\"query-input\":{\"@type\":\"PropertyValueSpecification\",\"valueRequired\":true,\"valueName\":\"search_term_string\"}}],\"inLanguage\":\"en-US\"},{\"@type\":\"Organization\",\"@id\":\"https:\\\/\\\/anadolupet.com.tr\\\/#organization\",\"name\":\"Anadolu Pet Grup\",\"alternateName\":\"Anadolu Pet\",\"url\":\"https:\\\/\\\/anadolupet.com.tr\\\/\",\"logo\":{\"@type\":\"ImageObject\",\"inLanguage\":\"en-US\",\"@id\":\"https:\\\/\\\/anadolupet.com.tr\\\/#\\\/schema\\\/logo\\\/image\\\/\",\"url\":\"https:\\\/\\\/anadolupet.com.tr\\\/wp-content\\\/uploads\\\/2026\\\/03\\\/1614666743370.jpg\",\"contentUrl\":\"https:\\\/\\\/anadolupet.com.tr\\\/wp-content\\\/uploads\\\/2026\\\/03\\\/1614666743370.jpg\",\"width\":800,\"height\":571,\"caption\":\"Anadolu Pet Grup\"},\"image\":{\"@id\":\"https:\\\/\\\/anadolupet.com.tr\\\/#\\\/schema\\\/logo\\\/image\\\/\"}}]}<\/script>\n<!-- \/ Yoast SEO plugin. -->","yoast_head_json":{"title":"Hill's PD K\/D K\u00f6pek Mamas\u0131 4KG - Anadolu Pet Grup","robots":{"index":"index","follow":"follow","max-snippet":"max-snippet:-1","max-image-preview":"max-image-preview:large","max-video-preview":"max-video-preview:-1"},"canonical":"https:\/\/anadolupet.com.tr\/en\/product\/hills-pd-k-d-kopek-mamasi-4kg\/","og_locale":"en_US","og_type":"article","og_title":"Hill's PD K\/D K\u00f6pek Mamas\u0131 4KG - Anadolu Pet Grup","og_description":"Hill's PRESCRIPTION DIET k\/d, k\u00f6pe\u011finizin hayati b\u00f6brek fonksiyonunu korumaya, i\u015ftah\u0131 art\u0131rmaya ve besin al\u0131m\u0131n\u0131 art\u0131rmaya yard\u0131mc\u0131 olan klinik beslenmedir. B\u00f6brek fonksiyonunun korunmas\u0131na yard\u0131mc\u0131 olmak i\u00e7in ba\u011f\u0131rsak mikrobiyomunu besledi\u011fi ortaya koyulan patentli bir prebiyotik kar\u0131\u015f\u0131m\u0131 olan ActivBiome+ Kidney Defense ile form\u00fcle edilmi\u015ftir. Bu kuru k\u00f6pek mamas\u0131n\u0131n, ya\u015fam kalitesini iyile\u015ftirme ve uzatma etkisi klinik olarak kan\u0131tlanm\u0131\u015ft\u0131r. PRESCRIPTION DIET k\/d, k\u00f6pe\u011finizin bay\u0131laca\u011f\u0131, harika bir lezzete sahiptir. K\u00f6peklerde b\u00f6brek dokusu hasar\u0131 oldu\u011funda, b\u00f6brekleri de performans g\u00f6steremez. Bu problem art\u0131k geri d\u00f6nd\u00fcr\u00fclemez, ancak ilerlemesi yava\u015flayabilir. B\u00f6brek fonksiyonu azalm\u0131\u015f k\u00f6pekler, i\u015ftahs\u0131zl\u0131k ya\u015fayabilir ve besin al\u0131m\u0131 azalabilir. B\u00f6brek rahats\u0131zl\u0131klar\u0131na d\u00f6n\u00fck diyetetik mamalar, b\u00f6brekler \u00fczerindeki i\u015f y\u00fck\u00fcn\u00fc azaltmaya yard\u0131mc\u0131 olmak ve b\u00f6ylelikle daha etkili bir \u015fekilde i\u015flev g\u00f6rmelerini sa\u011flamak i\u00e7in tasarlanm\u0131\u015ft\u0131r. B\u00f6brek semptomlar\u0131 d\u00fczeldikten sonra bile k\u00f6pe\u011finizin b\u00f6brek sa\u011fl\u0131\u011f\u0131n\u0131 korumaya yard\u0131mc\u0131 olmak i\u00e7in PRESCRIPTION DIET k\/d B\u00f6brek Sa\u011fl\u0131\u011f\u0131 K\u00f6pek Mamas\u0131 ile beslemeye devam etmeniz \u00f6nemlidir. PRESCRIPTION DIET mamalar\u0131m\u0131z\u0131n, onlar\u0131n mutlu ve aktif bir ya\u015fam s\u00fcrmeye devam etmesine nas\u0131l yard\u0131mc\u0131 olabilece\u011fi hakk\u0131nda daha fazla bilgi i\u00e7in veteriner hekiminize dan\u0131\u015f\u0131n. Evcil hayvan\u0131n\u0131z\u0131n ya\u015fam\u0131n\u0131 d\u00f6n\u00fc\u015ft\u00fcrmeye yard\u0131mc\u0131 olan harika lezzetli mama. Size ba\u011fl\u0131 olduklar\u0131 i\u00e7in, onlara m\u00fcmk\u00fcn olan en iyi ve sa\u011fl\u0131kl\u0131 mamay\u0131 sa\u011flamaya \u00e7al\u0131\u015f\u0131yoruz. K\u00f6pe\u011finizin benzersiz sa\u011fl\u0131k ihtiya\u00e7lar\u0131n\u0131 kar\u015f\u0131layan bilimsel form\u00fcllerin temel al\u0131nd\u0131\u011f\u0131 PRESCRIPTION DIET, k\u00f6peklerin uzun ve mutlu bir ya\u015fam s\u00fcrmeleri i\u00e7in ihtiya\u00e7 duyduklar\u0131 her \u015feyi sunan bir besindir. Evcil hayvan mamalar\u0131m\u0131z\u0131 en y\u00fcksek kaliteli malzemelerle \u00fcretiyoruz. Bu malzemeler, safl\u0131k ve besin i\u00e7eri\u011fi konusundaki kat\u0131 kriterlerimizi kar\u015f\u0131lamal\u0131d\u0131r. Bar\u0131naklarda ya\u015fayan evcil hayvanlar\u0131n hayat\u0131nda bir fark yaratabilirsiniz. Sat\u0131n ald\u0131\u011f\u0131n\u0131z her Hill's PRESCRIPTION DIET evcil hayvan mamas\u0131yla, her g\u00fcn yani y\u0131l\u0131n 365 g\u00fcn\u00fc 100.000'den fazla evsiz hayvan\u0131 beslemeye yard\u0131mc\u0131 olabilirsiniz. Daha fazlas\u0131 i\u00e7in https:\/\/www.hillsfoodshelterlove.com 'a ziyaret edin. Hill's PRESCRIPTION DIET k\u00f6pek mamas\u0131, k\u00f6pe\u011finizin benzersiz ihtiya\u00e7lar\u0131n\u0131 kar\u015f\u0131lamak i\u00e7in haz\u0131rlanan ve k\u00f6pe\u011finizin bay\u0131laca\u011f\u0131 lezzetler i\u00e7eren \u00e7e\u015fitli kuru veya \u0131slak mamalar sunmaktad\u0131r. \u0130\u00c7\u0130NDEK\u0130LER: Tah\u0131llar, s\u0131v\u0131 ve kat\u0131 ya\u011flar (bal\u0131k ya\u011f\u0131 %2), bitkisel k\u00f6kenli yan \u00fcr\u00fcnler, yumurta ve yumurta yan \u00fcr\u00fcnleri, bitkisel protein ekstraktlar\u0131, et ve hayvansal yan \u00fcr\u00fcnler, mineraller, tohumlar. Protein kaynaklar\u0131: Kurutulmu\u015f b\u00fct\u00fcn yumurta, bezelye proteini. ActivBiome+ Kidney Defense prebiyotik kar\u0131\u015f\u0131m (%1,1): Betain, yulaf kepe\u011fi, frukto-oligosakkaritler. KG BA\u015eINA KATKI MADDELER\u0130: Besin katk\u0131 maddeleri: 3b103 (Demir) 90,1mg, 3b202 (\u0130yot) 2,2mg, 3b405 (Bak\u0131r) 8,9mg, 3b502 (Manganez) 9,3mg, 3b603 (\u00c7inko) 158mg, 3b801 (Selenyum) 0,2mg, 3a920 (Betain) 5g, do\u011fal anti-oksidan i\u00e7erir. ANAL\u0130T\u0130K B\u0130LE\u015eENLER: Protein %13,9, Ya\u011f i\u00e7eri\u011fi %20,5, Ham sel\u00fcloz %1,5, Ham k\u00fcl %4,4, Omega-3 ya\u011f asitleri %1,1, Kalsiyum %0,63, Fosfor %0,27, Sodyum %0,16, Potasyum %0,68, Magnezyum %0,10; kg ba\u015f\u0131na: Vitamin A 8.759IU, Vitamin D3 734IU, Vitamin E 575mg, Vitamin C 90mg, Beta-karoten 1,5mg, L-karnitin 531mg. BESLEME TAL\u0130MATI: Yaln\u0131zca \u00f6nerilen PRESCRIPTION DIET mamalarla besleyin. Kullan\u0131m \u00f6ncesinde veterinerinizden evcil hayvan\u0131n\u0131z i\u00e7in \u00f6zel beslenme talimatlar\u0131 isteyin. Komple besleme talimatlar\u0131 i\u00e7in l\u00fctfen ambalaja bak\u0131n. G\u00fcnl\u00fck Beslenme \u00d6nerileri sadece k\u0131lavuz niteli\u011findedir ve ba\u015flang\u0131\u00e7 noktas\u0131n\u0131 ifade eder. Emin olmak i\u00e7in veteriner hekiminize sorun. Temiz su daima mevcut olmal\u0131d\u0131r. Bu mama yeni mi? Eski mama miktar\u0131n\u0131 bir kar\u0131\u015f\u0131m i\u00e7erisinde 7 g\u00fcn veya daha uzun bir s\u00fcre boyunca kademeli olarak azalt\u0131p yeni mamay\u0131 bu s\u00fcrede kademeli olarak art\u0131r\u0131n. Temiz ve taze suyu daima haz\u0131r bulundurun! Evcil hayvan\u0131n\u0131z\u0131n beslenme ihtiya\u00e7lar\u0131 ya\u015fland\u0131k\u00e7a de\u011fi\u015febilir. Her muayenede veteriner hekiminize sorun.","og_url":"https:\/\/anadolupet.com.tr\/en\/product\/hills-pd-k-d-kopek-mamasi-4kg\/","og_site_name":"Anadolu Pet Grup","article_modified_time":"2026-02-23T12:48:47+00:00","og_image":[{"width":750,"height":750,"url":"https:\/\/anadolupet.com.tr\/wp-content\/uploads\/2026\/02\/640-606153.jpg","type":"image\/jpeg"}],"twitter_card":"summary_large_image","schema":{"@context":"https:\/\/schema.org","@graph":[{"@type":"WebPage","@id":"https:\/\/anadolupet.com.tr\/urun\/hills-pd-k-d-kopek-mamasi-4kg\/","url":"https:\/\/anadolupet.com.tr\/urun\/hills-pd-k-d-kopek-mamasi-4kg\/","name":"Hill's PD K\/D K\u00f6pek Mamas\u0131 4KG - Anadolu Pet Grup","isPartOf":{"@id":"https:\/\/anadolupet.com.tr\/#website"},"primaryImageOfPage":{"@id":"https:\/\/anadolupet.com.tr\/urun\/hills-pd-k-d-kopek-mamasi-4kg\/#primaryimage"},"image":{"@id":"https:\/\/anadolupet.com.tr\/urun\/hills-pd-k-d-kopek-mamasi-4kg\/#primaryimage"},"thumbnailUrl":"https:\/\/anadolupet.com.tr\/wp-content\/uploads\/2026\/02\/640-606153.jpg","datePublished":"2026-02-14T14:41:27+00:00","dateModified":"2026-02-23T12:48:47+00:00","breadcrumb":{"@id":"https:\/\/anadolupet.com.tr\/urun\/hills-pd-k-d-kopek-mamasi-4kg\/#breadcrumb"},"inLanguage":"en-US","potentialAction":[{"@type":"ReadAction","target":["https:\/\/anadolupet.com.tr\/urun\/hills-pd-k-d-kopek-mamasi-4kg\/"]}]},{"@type":"ImageObject","inLanguage":"en-US","@id":"https:\/\/anadolupet.com.tr\/urun\/hills-pd-k-d-kopek-mamasi-4kg\/#primaryimage","url":"https:\/\/anadolupet.com.tr\/wp-content\/uploads\/2026\/02\/640-606153.jpg","contentUrl":"https:\/\/anadolupet.com.tr\/wp-content\/uploads\/2026\/02\/640-606153.jpg","width":750,"height":750},{"@type":"BreadcrumbList","@id":"https:\/\/anadolupet.com.tr\/urun\/hills-pd-k-d-kopek-mamasi-4kg\/#breadcrumb","itemListElement":[{"@type":"ListItem","position":1,"name":"Anasayfa","item":"https:\/\/anadolupet.com.tr\/"},{"@type":"ListItem","position":2,"name":"\u00dcr\u00fcnler","item":"https:\/\/anadolupet.com.tr\/urunler\/"},{"@type":"ListItem","position":3,"name":"Hill&#8217;s PD K\/D K\u00f6pek Mamas\u0131 4KG"}]},{"@type":"WebSite","@id":"https:\/\/anadolupet.com.tr\/#website","url":"https:\/\/anadolupet.com.tr\/","name":"Anadolu Pet Group","description":"We Stand Together for the Well-Being of Every Life","publisher":{"@id":"https:\/\/anadolupet.com.tr\/#organization"},"potentialAction":[{"@type":"SearchAction","target":{"@type":"EntryPoint","urlTemplate":"https:\/\/anadolupet.com.tr\/?s={search_term_string}"},"query-input":{"@type":"PropertyValueSpecification","valueRequired":true,"valueName":"search_term_string"}}],"inLanguage":"en-US"},{"@type":"Organization","@id":"https:\/\/anadolupet.com.tr\/#organization","name":"Anadolu Pet Group","alternateName":"Anadolu Pet","url":"https:\/\/anadolupet.com.tr\/","logo":{"@type":"ImageObject","inLanguage":"en-US","@id":"https:\/\/anadolupet.com.tr\/#\/schema\/logo\/image\/","url":"https:\/\/anadolupet.com.tr\/wp-content\/uploads\/2026\/03\/1614666743370.jpg","contentUrl":"https:\/\/anadolupet.com.tr\/wp-content\/uploads\/2026\/03\/1614666743370.jpg","width":800,"height":571,"caption":"Anadolu Pet Grup"},"image":{"@id":"https:\/\/anadolupet.com.tr\/#\/schema\/logo\/image\/"}}]}},"_links":{"self":[{"href":"https:\/\/anadolupet.com.tr\/en\/wp-json\/wp\/v2\/product\/45369","targetHints":{"allow":["GET"]}}],"collection":[{"href":"https:\/\/anadolupet.com.tr\/en\/wp-json\/wp\/v2\/product"}],"about":[{"href":"https:\/\/anadolupet.com.tr\/en\/wp-json\/wp\/v2\/types\/product"}],"replies":[{"embeddable":true,"href":"https:\/\/anadolupet.com.tr\/en\/wp-json\/wp\/v2\/comments?post=45369"}],"wp:featuredmedia":[{"embeddable":true,"href":"https:\/\/anadolupet.com.tr\/en\/wp-json\/wp\/v2\/media\/44381"}],"wp:attachment":[{"href":"https:\/\/anadolupet.com.tr\/en\/wp-json\/wp\/v2\/media?parent=45369"}],"wp:term":[{"taxonomy":"product_brand","embeddable":true,"href":"https:\/\/anadolupet.com.tr\/en\/wp-json\/wp\/v2\/product_brand?post=45369"},{"taxonomy":"product_cat","embeddable":true,"href":"https:\/\/anadolupet.com.tr\/en\/wp-json\/wp\/v2\/product_cat?post=45369"},{"taxonomy":"product_tag","embeddable":true,"href":"https:\/\/anadolupet.com.tr\/en\/wp-json\/wp\/v2\/product_tag?post=45369"}],"curies":[{"name":"wp","href":"https:\/\/api.w.org\/{rel}","templated":true}]}}