{"id":45374,"date":"2026-02-14T14:41:28","date_gmt":"2026-02-14T14:41:28","guid":{"rendered":"https:\/\/anadolupet.com.tr\/urun\/hills-pd-metabolic-kedi-guveci-24x82g\/"},"modified":"2026-02-23T12:48:48","modified_gmt":"2026-02-23T12:48:48","slug":"hills-pd-metabolic-kedi-guveci-24x82g","status":"publish","type":"product","link":"https:\/\/anadolupet.com.tr\/en\/urun\/hills-pd-metabolic-kedi-guveci-24x82g\/","title":{"rendered":"Hill&#8217;s PD METABOLIC Kedi G\u00fcveci 24X82G"},"content":{"rendered":"","protected":false},"excerpt":{"rendered":"<p>Biraz fazla kilo bile kedinizin ya\u015fam kalitesini ve ailesiyle olan ili\u015fkisini olumsuz etkileyebilir. Zira bu fazla kilo genel olarak ya\u015fam boyu sa\u011fl\u0131\u011f\u0131 etkileyebilir ve oyun s\u00fcresi ile hareketlili\u011fi azaltabilir. \u0130deal kilonun korunmas\u0131, kiloyla ili\u015fkili problemlerin olu\u015fum riskini azaltarak ya\u015fam \u00f6mr\u00fcn\u00fc olumlu y\u00f6nde etkilemeye yard\u0131mc\u0131 olabilir.<br \/>\nHill&#8217;s beslenme uzmanlar\u0131 ve veteriner hekimleri, kedilerin zay\u0131flamas\u0131 ve sa\u011fl\u0131kl\u0131 kilolar\u0131n\u0131n korunmas\u0131na yard\u0131mc\u0131 olmak i\u00e7in \u00f6zel olarak Prescription Diet Metabolic klinik mamas\u0131n\u0131 geli\u015ftirdiler. Kolay ve etkili zay\u0131flama i\u00e7in kedinizin do\u011fal ve benzersiz enerji kullan\u0131m\u0131yla birlikte hareket eder. Bu mama, kedilerin do\u011fal ya\u011f yakma yetene\u011fini uyar\u0131r ve aktif oyun i\u00e7in enerji sa\u011flar. Benzersiz lif kar\u0131\u015f\u0131m\u0131, kedilerin iki \u00f6\u011f\u00fcn aras\u0131nda tok hissetmesine yard\u0131mc\u0131 olur. Ger\u00e7ekten de Prescription Diet Metabolic ile evde beslenen kedilerin y\u00fczde %88&#8217;i 2 ay i\u00e7erisinde zay\u0131flad\u0131.* Kedinizin bay\u0131laca\u011f\u0131 ve kar\u015f\u0131 koyamayaca\u011f\u0131 bir lezzete sahip olan bu ya\u015f kedi mamas\u0131 sebzeli ve tavuk etilidir.<br \/>\n\u0130deal kilosuna ula\u015ft\u0131ktan sonra bile kedinizin kilosunu korumaya yard\u0131mc\u0131 olmak i\u00e7in onu PRESCRIPTION DIET Metabolic Kedi Mamas\u0131 ile beslemeye devam etmek \u00f6nemlidir. Kedinizin sa\u011fl\u0131kl\u0131 kalmas\u0131n\u0131 sa\u011flamak i\u00e7in veteriner hekiminiz taraf\u0131ndan d\u00fczenli kontroller yap\u0131lmas\u0131 \u00e7ok \u00f6nemlidir.<br \/>\nEvcil hayvan\u0131n\u0131z\u0131n ya\u015fam\u0131n\u0131 de\u011fi\u015ftirmeye yard\u0131mc\u0131 harika bir lezzete sahip mama. M\u00fcmk\u00fcn olan en iyi mamay\u0131 onlara verebilmeniz i\u00e7in, onlara m\u00fcmk\u00fcn olan en iyi ve sa\u011fl\u0131kl\u0131 mamay\u0131 sa\u011flamaya \u00e7al\u0131\u015f\u0131yoruz. Kedinizin benzersiz sa\u011fl\u0131k ihtiya\u00e7lar\u0131n\u0131 kar\u015f\u0131layan bilimsel form\u00fcllerin temel al\u0131nd\u0131\u011f\u0131 PRESCRIPTION DIET, kedilerin uzun ve mutlu bir ya\u015fam s\u00fcrmeleri i\u00e7in ihtiya\u00e7 duyduklar\u0131 her \u015feyi sunan bir besindir.<br \/>\nEvcil hayvan mamalar\u0131m\u0131z\u0131 en y\u00fcksek kaliteli malzemelerden \u00fcretiyoruz. Bu malzemeler, safl\u0131k ve besin i\u00e7eri\u011fi konusundaki kat\u0131 kriterlerimizi kar\u015f\u0131lamal\u0131d\u0131r.<br \/>\nHill&#8217;s PRESCRIPTION DIET kedi mamas\u0131, kedinizin benzersiz ihtiya\u00e7lar\u0131n\u0131 kar\u015f\u0131lamak i\u00e7in haz\u0131rlanan ve kedinizin bay\u0131laca\u011f\u0131 lezzetler i\u00e7eren \u00e7e\u015fitli kuru veya ya\u015f mama se\u00e7enekleri sunmaktad\u0131r.<br \/>\n\u0130\u00c7\u0130NDEK\u0130LER: Et ve hayvansal t\u00fcrevler (tavuk %2), bitkisel orjinli t\u00fcrevler, sebzeler (%2,2), bitkisel protein ekstraktlar\u0131, tah\u0131llar, tohumlar, mineraller, s\u0131v\u0131 ve kat\u0131 ya\u011flar, meyve, \u00e7e\u015fitli \u015fekerler, yumurta ve yumurta t\u00fcrevleri. KG BA\u015eINA KATKI MADDELER\u0130: Besinsel katk\u0131 maddeleri: 3b103 (Demir) 8.2mg, 3b202 (\u0130yot) 0,3mg, 3b405 (Bak\u0131r) 0,8mg, 3b503 (Manganez) 1,8mg, 3b603 (\u00c7inko) 26,0mg. Teknolojik katk\u0131 maddesi: Potasyum aljinat 4g. Metabolize edilebilir enerji: 786 kcal\/kg. ANAL\u0130T\u0130K B\u0130LE\u015eENLER: Protein %8,3, Ya\u011f i\u00e7eri\u011fi %2,8, Ham sel\u00fcloz %2,0, Ham k\u00fcl %1,4, Nem %78,2, Kalsiyum %0,22, Fosfor %0,15, Sodyum %0,09, Potasyum %0,22, Magnezyum %0,02; kg ba\u015f\u0131na: A Vitamini 38.646IU, D3 Vitamini 312IU. Yeti\u015fkin kedilerde a\u015f\u0131r\u0131 kilonun azalt\u0131lmas\u0131 ve sa\u011fl\u0131kl\u0131 kilonun korunmas\u0131 i\u00e7in haz\u0131rlanm\u0131\u015f tam ve dengeli diyetetik bir evcil hayvan mamas\u0131d\u0131r. Bu evcil hayvan mamas\u0131 d\u00fc\u015f\u00fck enerji yo\u011funlu\u011funa sahiptir.<br \/>\nBESLEME TAL\u0130MATI: Yaln\u0131zca \u00f6nerilen PRESCRIPTION DIET mamalarla besleyin. Kullan\u0131m \u00f6ncesinde veteriner hekiminizden evcil hayvan\u0131n\u0131z i\u00e7in \u00f6zel beslenme talimatlar\u0131 isteyin. B\u00fct\u00fcn besleme talimatlar\u0131 i\u00e7in l\u00fctfen ambalaja bak\u0131n. G\u00fcnl\u00fck Beslenme \u00d6nerileri sadece bir rehber niteli\u011findedir ve ba\u015flang\u0131\u00e7 noktas\u0131n\u0131 ifade eder. Emin olmak i\u00e7in veteriner hekiminize dan\u0131\u015f\u0131n. Her zaman taze ve temiz su bulundurun.<br \/>\nBu mamay\u0131 ilk defa m\u0131 kullan\u0131yorsunuz? Eski mama miktar\u0131n\u0131 azaltt\u0131\u011f\u0131n\u0131z, yeni mama miktar\u0131n\u0131 ise art\u0131rd\u0131\u011f\u0131n\u0131z bir kar\u0131\u015f\u0131m haz\u0131rlayarak kademeli bir \u015fekilde 7 g\u00fcn sonunda tamamen yeni mamaya ge\u00e7i\u015f yap\u0131n\u0131z. Her zaman taze ve temiz su bulundurun! Evcil hayvan\u0131n\u0131z\u0131n beslenme ihtiya\u00e7lar\u0131 ya\u015fland\u0131k\u00e7a de\u011fi\u015febilir. Her muayenede veteriner hekiminize dan\u0131\u015f\u0131n.<\/p>","protected":false},"featured_media":44337,"comment_status":"open","ping_status":"closed","template":"","meta":{"_acf_changed":false},"product_brand":[],"product_cat":[2456],"product_tag":[],"class_list":{"0":"post-45374","1":"product","2":"type-product","3":"status-publish","4":"has-post-thumbnail","6":"product_cat-receteli-diyet-kopek-mamalari","8":"first","9":"instock","10":"shipping-taxable","11":"product-type-simple"},"acf":[],"yoast_head":"<!-- This site is optimized with the Yoast SEO plugin v27.4 - https:\/\/yoast.com\/product\/yoast-seo-wordpress\/ -->\n<title>Hill&#039;s PD METABOLIC Kedi G\u00fcveci 24X82G - Anadolu Pet Grup<\/title>\n<meta name=\"robots\" content=\"index, follow, max-snippet:-1, max-image-preview:large, max-video-preview:-1\" \/>\n<link rel=\"canonical\" href=\"https:\/\/anadolupet.com.tr\/en\/product\/hills-pd-metabolic-kedi-guveci-24x82g\/\" \/>\n<meta property=\"og:locale\" content=\"en_US\" \/>\n<meta property=\"og:type\" content=\"article\" \/>\n<meta property=\"og:title\" content=\"Hill&#039;s PD METABOLIC Kedi G\u00fcveci 24X82G - Anadolu Pet Grup\" \/>\n<meta property=\"og:description\" content=\"Biraz fazla kilo bile kedinizin ya\u015fam kalitesini ve ailesiyle olan ili\u015fkisini olumsuz etkileyebilir. Zira bu fazla kilo genel olarak ya\u015fam boyu sa\u011fl\u0131\u011f\u0131 etkileyebilir ve oyun s\u00fcresi ile hareketlili\u011fi azaltabilir. \u0130deal kilonun korunmas\u0131, kiloyla ili\u015fkili problemlerin olu\u015fum riskini azaltarak ya\u015fam \u00f6mr\u00fcn\u00fc olumlu y\u00f6nde etkilemeye yard\u0131mc\u0131 olabilir. Hill&#039;s beslenme uzmanlar\u0131 ve veteriner hekimleri, kedilerin zay\u0131flamas\u0131 ve sa\u011fl\u0131kl\u0131 kilolar\u0131n\u0131n korunmas\u0131na yard\u0131mc\u0131 olmak i\u00e7in \u00f6zel olarak Prescription Diet Metabolic klinik mamas\u0131n\u0131 geli\u015ftirdiler. Kolay ve etkili zay\u0131flama i\u00e7in kedinizin do\u011fal ve benzersiz enerji kullan\u0131m\u0131yla birlikte hareket eder. Bu mama, kedilerin do\u011fal ya\u011f yakma yetene\u011fini uyar\u0131r ve aktif oyun i\u00e7in enerji sa\u011flar. Benzersiz lif kar\u0131\u015f\u0131m\u0131, kedilerin iki \u00f6\u011f\u00fcn aras\u0131nda tok hissetmesine yard\u0131mc\u0131 olur. Ger\u00e7ekten de Prescription Diet Metabolic ile evde beslenen kedilerin y\u00fczde %88&#039;i 2 ay i\u00e7erisinde zay\u0131flad\u0131.* Kedinizin bay\u0131laca\u011f\u0131 ve kar\u015f\u0131 koyamayaca\u011f\u0131 bir lezzete sahip olan bu ya\u015f kedi mamas\u0131 sebzeli ve tavuk etilidir. \u0130deal kilosuna ula\u015ft\u0131ktan sonra bile kedinizin kilosunu korumaya yard\u0131mc\u0131 olmak i\u00e7in onu PRESCRIPTION DIET Metabolic Kedi Mamas\u0131 ile beslemeye devam etmek \u00f6nemlidir. Kedinizin sa\u011fl\u0131kl\u0131 kalmas\u0131n\u0131 sa\u011flamak i\u00e7in veteriner hekiminiz taraf\u0131ndan d\u00fczenli kontroller yap\u0131lmas\u0131 \u00e7ok \u00f6nemlidir. Evcil hayvan\u0131n\u0131z\u0131n ya\u015fam\u0131n\u0131 de\u011fi\u015ftirmeye yard\u0131mc\u0131 harika bir lezzete sahip mama. M\u00fcmk\u00fcn olan en iyi mamay\u0131 onlara verebilmeniz i\u00e7in, onlara m\u00fcmk\u00fcn olan en iyi ve sa\u011fl\u0131kl\u0131 mamay\u0131 sa\u011flamaya \u00e7al\u0131\u015f\u0131yoruz. Kedinizin benzersiz sa\u011fl\u0131k ihtiya\u00e7lar\u0131n\u0131 kar\u015f\u0131layan bilimsel form\u00fcllerin temel al\u0131nd\u0131\u011f\u0131 PRESCRIPTION DIET, kedilerin uzun ve mutlu bir ya\u015fam s\u00fcrmeleri i\u00e7in ihtiya\u00e7 duyduklar\u0131 her \u015feyi sunan bir besindir. Evcil hayvan mamalar\u0131m\u0131z\u0131 en y\u00fcksek kaliteli malzemelerden \u00fcretiyoruz. Bu malzemeler, safl\u0131k ve besin i\u00e7eri\u011fi konusundaki kat\u0131 kriterlerimizi kar\u015f\u0131lamal\u0131d\u0131r. Hill&#039;s PRESCRIPTION DIET kedi mamas\u0131, kedinizin benzersiz ihtiya\u00e7lar\u0131n\u0131 kar\u015f\u0131lamak i\u00e7in haz\u0131rlanan ve kedinizin bay\u0131laca\u011f\u0131 lezzetler i\u00e7eren \u00e7e\u015fitli kuru veya ya\u015f mama se\u00e7enekleri sunmaktad\u0131r. \u0130\u00c7\u0130NDEK\u0130LER: Et ve hayvansal t\u00fcrevler (tavuk %2), bitkisel orjinli t\u00fcrevler, sebzeler (%2,2), bitkisel protein ekstraktlar\u0131, tah\u0131llar, tohumlar, mineraller, s\u0131v\u0131 ve kat\u0131 ya\u011flar, meyve, \u00e7e\u015fitli \u015fekerler, yumurta ve yumurta t\u00fcrevleri. KG BA\u015eINA KATKI MADDELER\u0130: Besinsel katk\u0131 maddeleri: 3b103 (Demir) 8.2mg, 3b202 (\u0130yot) 0,3mg, 3b405 (Bak\u0131r) 0,8mg, 3b503 (Manganez) 1,8mg, 3b603 (\u00c7inko) 26,0mg. Teknolojik katk\u0131 maddesi: Potasyum aljinat 4g. Metabolize edilebilir enerji: 786 kcal\/kg. ANAL\u0130T\u0130K B\u0130LE\u015eENLER: Protein %8,3, Ya\u011f i\u00e7eri\u011fi %2,8, Ham sel\u00fcloz %2,0, Ham k\u00fcl %1,4, Nem %78,2, Kalsiyum %0,22, Fosfor %0,15, Sodyum %0,09, Potasyum %0,22, Magnezyum %0,02; kg ba\u015f\u0131na: A Vitamini 38.646IU, D3 Vitamini 312IU. Yeti\u015fkin kedilerde a\u015f\u0131r\u0131 kilonun azalt\u0131lmas\u0131 ve sa\u011fl\u0131kl\u0131 kilonun korunmas\u0131 i\u00e7in haz\u0131rlanm\u0131\u015f tam ve dengeli diyetetik bir evcil hayvan mamas\u0131d\u0131r. Bu evcil hayvan mamas\u0131 d\u00fc\u015f\u00fck enerji yo\u011funlu\u011funa sahiptir. BESLEME TAL\u0130MATI: Yaln\u0131zca \u00f6nerilen PRESCRIPTION DIET mamalarla besleyin. Kullan\u0131m \u00f6ncesinde veteriner hekiminizden evcil hayvan\u0131n\u0131z i\u00e7in \u00f6zel beslenme talimatlar\u0131 isteyin. B\u00fct\u00fcn besleme talimatlar\u0131 i\u00e7in l\u00fctfen ambalaja bak\u0131n. G\u00fcnl\u00fck Beslenme \u00d6nerileri sadece bir rehber niteli\u011findedir ve ba\u015flang\u0131\u00e7 noktas\u0131n\u0131 ifade eder. Emin olmak i\u00e7in veteriner hekiminize dan\u0131\u015f\u0131n. Her zaman taze ve temiz su bulundurun. Bu mamay\u0131 ilk defa m\u0131 kullan\u0131yorsunuz? Eski mama miktar\u0131n\u0131 azaltt\u0131\u011f\u0131n\u0131z, yeni mama miktar\u0131n\u0131 ise art\u0131rd\u0131\u011f\u0131n\u0131z bir kar\u0131\u015f\u0131m haz\u0131rlayarak kademeli bir \u015fekilde 7 g\u00fcn sonunda tamamen yeni mamaya ge\u00e7i\u015f yap\u0131n\u0131z. Her zaman taze ve temiz su bulundurun! Evcil hayvan\u0131n\u0131z\u0131n beslenme ihtiya\u00e7lar\u0131 ya\u015fland\u0131k\u00e7a de\u011fi\u015febilir. Her muayenede veteriner hekiminize dan\u0131\u015f\u0131n.\" \/>\n<meta property=\"og:url\" content=\"https:\/\/anadolupet.com.tr\/en\/product\/hills-pd-metabolic-kedi-guveci-24x82g\/\" \/>\n<meta property=\"og:site_name\" content=\"Anadolu Pet Grup\" \/>\n<meta property=\"article:modified_time\" content=\"2026-02-23T12:48:48+00:00\" \/>\n<meta property=\"og:image\" content=\"https:\/\/anadolupet.com.tr\/wp-content\/uploads\/2026\/02\/635-605639.jpg\" \/>\n\t<meta property=\"og:image:width\" content=\"750\" \/>\n\t<meta property=\"og:image:height\" content=\"750\" \/>\n\t<meta property=\"og:image:type\" content=\"image\/jpeg\" \/>\n<meta name=\"twitter:card\" content=\"summary_large_image\" \/>\n<script type=\"application\/ld+json\" class=\"yoast-schema-graph\">{\"@context\":\"https:\\\/\\\/schema.org\",\"@graph\":[{\"@type\":\"WebPage\",\"@id\":\"https:\\\/\\\/anadolupet.com.tr\\\/urun\\\/hills-pd-metabolic-kedi-guveci-24x82g\\\/\",\"url\":\"https:\\\/\\\/anadolupet.com.tr\\\/urun\\\/hills-pd-metabolic-kedi-guveci-24x82g\\\/\",\"name\":\"Hill's PD METABOLIC Kedi G\u00fcveci 24X82G - Anadolu Pet Grup\",\"isPartOf\":{\"@id\":\"https:\\\/\\\/anadolupet.com.tr\\\/#website\"},\"primaryImageOfPage\":{\"@id\":\"https:\\\/\\\/anadolupet.com.tr\\\/urun\\\/hills-pd-metabolic-kedi-guveci-24x82g\\\/#primaryimage\"},\"image\":{\"@id\":\"https:\\\/\\\/anadolupet.com.tr\\\/urun\\\/hills-pd-metabolic-kedi-guveci-24x82g\\\/#primaryimage\"},\"thumbnailUrl\":\"https:\\\/\\\/anadolupet.com.tr\\\/wp-content\\\/uploads\\\/2026\\\/02\\\/635-605639.jpg\",\"datePublished\":\"2026-02-14T14:41:28+00:00\",\"dateModified\":\"2026-02-23T12:48:48+00:00\",\"breadcrumb\":{\"@id\":\"https:\\\/\\\/anadolupet.com.tr\\\/urun\\\/hills-pd-metabolic-kedi-guveci-24x82g\\\/#breadcrumb\"},\"inLanguage\":\"en-US\",\"potentialAction\":[{\"@type\":\"ReadAction\",\"target\":[\"https:\\\/\\\/anadolupet.com.tr\\\/urun\\\/hills-pd-metabolic-kedi-guveci-24x82g\\\/\"]}]},{\"@type\":\"ImageObject\",\"inLanguage\":\"en-US\",\"@id\":\"https:\\\/\\\/anadolupet.com.tr\\\/urun\\\/hills-pd-metabolic-kedi-guveci-24x82g\\\/#primaryimage\",\"url\":\"https:\\\/\\\/anadolupet.com.tr\\\/wp-content\\\/uploads\\\/2026\\\/02\\\/635-605639.jpg\",\"contentUrl\":\"https:\\\/\\\/anadolupet.com.tr\\\/wp-content\\\/uploads\\\/2026\\\/02\\\/635-605639.jpg\",\"width\":750,\"height\":750},{\"@type\":\"BreadcrumbList\",\"@id\":\"https:\\\/\\\/anadolupet.com.tr\\\/urun\\\/hills-pd-metabolic-kedi-guveci-24x82g\\\/#breadcrumb\",\"itemListElement\":[{\"@type\":\"ListItem\",\"position\":1,\"name\":\"Anasayfa\",\"item\":\"https:\\\/\\\/anadolupet.com.tr\\\/\"},{\"@type\":\"ListItem\",\"position\":2,\"name\":\"\u00dcr\u00fcnler\",\"item\":\"https:\\\/\\\/anadolupet.com.tr\\\/urunler\\\/\"},{\"@type\":\"ListItem\",\"position\":3,\"name\":\"Hill&#8217;s PD METABOLIC Kedi G\u00fcveci 24X82G\"}]},{\"@type\":\"WebSite\",\"@id\":\"https:\\\/\\\/anadolupet.com.tr\\\/#website\",\"url\":\"https:\\\/\\\/anadolupet.com.tr\\\/\",\"name\":\"Anadolu Pet Grup\",\"description\":\"Her Can\u0131n \u0130yi Ya\u015fam\u0131 \u0130\u00e7in Biraraday\u0131z\",\"publisher\":{\"@id\":\"https:\\\/\\\/anadolupet.com.tr\\\/#organization\"},\"potentialAction\":[{\"@type\":\"SearchAction\",\"target\":{\"@type\":\"EntryPoint\",\"urlTemplate\":\"https:\\\/\\\/anadolupet.com.tr\\\/?s={search_term_string}\"},\"query-input\":{\"@type\":\"PropertyValueSpecification\",\"valueRequired\":true,\"valueName\":\"search_term_string\"}}],\"inLanguage\":\"en-US\"},{\"@type\":\"Organization\",\"@id\":\"https:\\\/\\\/anadolupet.com.tr\\\/#organization\",\"name\":\"Anadolu Pet Grup\",\"alternateName\":\"Anadolu Pet\",\"url\":\"https:\\\/\\\/anadolupet.com.tr\\\/\",\"logo\":{\"@type\":\"ImageObject\",\"inLanguage\":\"en-US\",\"@id\":\"https:\\\/\\\/anadolupet.com.tr\\\/#\\\/schema\\\/logo\\\/image\\\/\",\"url\":\"https:\\\/\\\/anadolupet.com.tr\\\/wp-content\\\/uploads\\\/2026\\\/03\\\/1614666743370.jpg\",\"contentUrl\":\"https:\\\/\\\/anadolupet.com.tr\\\/wp-content\\\/uploads\\\/2026\\\/03\\\/1614666743370.jpg\",\"width\":800,\"height\":571,\"caption\":\"Anadolu Pet Grup\"},\"image\":{\"@id\":\"https:\\\/\\\/anadolupet.com.tr\\\/#\\\/schema\\\/logo\\\/image\\\/\"}}]}<\/script>\n<!-- \/ Yoast SEO plugin. -->","yoast_head_json":{"title":"Hill's PD METABOLIC Kedi G\u00fcveci 24X82G - Anadolu Pet Grup","robots":{"index":"index","follow":"follow","max-snippet":"max-snippet:-1","max-image-preview":"max-image-preview:large","max-video-preview":"max-video-preview:-1"},"canonical":"https:\/\/anadolupet.com.tr\/en\/product\/hills-pd-metabolic-kedi-guveci-24x82g\/","og_locale":"en_US","og_type":"article","og_title":"Hill's PD METABOLIC Kedi G\u00fcveci 24X82G - Anadolu Pet Grup","og_description":"Biraz fazla kilo bile kedinizin ya\u015fam kalitesini ve ailesiyle olan ili\u015fkisini olumsuz etkileyebilir. Zira bu fazla kilo genel olarak ya\u015fam boyu sa\u011fl\u0131\u011f\u0131 etkileyebilir ve oyun s\u00fcresi ile hareketlili\u011fi azaltabilir. \u0130deal kilonun korunmas\u0131, kiloyla ili\u015fkili problemlerin olu\u015fum riskini azaltarak ya\u015fam \u00f6mr\u00fcn\u00fc olumlu y\u00f6nde etkilemeye yard\u0131mc\u0131 olabilir. Hill's beslenme uzmanlar\u0131 ve veteriner hekimleri, kedilerin zay\u0131flamas\u0131 ve sa\u011fl\u0131kl\u0131 kilolar\u0131n\u0131n korunmas\u0131na yard\u0131mc\u0131 olmak i\u00e7in \u00f6zel olarak Prescription Diet Metabolic klinik mamas\u0131n\u0131 geli\u015ftirdiler. Kolay ve etkili zay\u0131flama i\u00e7in kedinizin do\u011fal ve benzersiz enerji kullan\u0131m\u0131yla birlikte hareket eder. Bu mama, kedilerin do\u011fal ya\u011f yakma yetene\u011fini uyar\u0131r ve aktif oyun i\u00e7in enerji sa\u011flar. Benzersiz lif kar\u0131\u015f\u0131m\u0131, kedilerin iki \u00f6\u011f\u00fcn aras\u0131nda tok hissetmesine yard\u0131mc\u0131 olur. Ger\u00e7ekten de Prescription Diet Metabolic ile evde beslenen kedilerin y\u00fczde %88'i 2 ay i\u00e7erisinde zay\u0131flad\u0131.* Kedinizin bay\u0131laca\u011f\u0131 ve kar\u015f\u0131 koyamayaca\u011f\u0131 bir lezzete sahip olan bu ya\u015f kedi mamas\u0131 sebzeli ve tavuk etilidir. \u0130deal kilosuna ula\u015ft\u0131ktan sonra bile kedinizin kilosunu korumaya yard\u0131mc\u0131 olmak i\u00e7in onu PRESCRIPTION DIET Metabolic Kedi Mamas\u0131 ile beslemeye devam etmek \u00f6nemlidir. Kedinizin sa\u011fl\u0131kl\u0131 kalmas\u0131n\u0131 sa\u011flamak i\u00e7in veteriner hekiminiz taraf\u0131ndan d\u00fczenli kontroller yap\u0131lmas\u0131 \u00e7ok \u00f6nemlidir. Evcil hayvan\u0131n\u0131z\u0131n ya\u015fam\u0131n\u0131 de\u011fi\u015ftirmeye yard\u0131mc\u0131 harika bir lezzete sahip mama. M\u00fcmk\u00fcn olan en iyi mamay\u0131 onlara verebilmeniz i\u00e7in, onlara m\u00fcmk\u00fcn olan en iyi ve sa\u011fl\u0131kl\u0131 mamay\u0131 sa\u011flamaya \u00e7al\u0131\u015f\u0131yoruz. Kedinizin benzersiz sa\u011fl\u0131k ihtiya\u00e7lar\u0131n\u0131 kar\u015f\u0131layan bilimsel form\u00fcllerin temel al\u0131nd\u0131\u011f\u0131 PRESCRIPTION DIET, kedilerin uzun ve mutlu bir ya\u015fam s\u00fcrmeleri i\u00e7in ihtiya\u00e7 duyduklar\u0131 her \u015feyi sunan bir besindir. Evcil hayvan mamalar\u0131m\u0131z\u0131 en y\u00fcksek kaliteli malzemelerden \u00fcretiyoruz. Bu malzemeler, safl\u0131k ve besin i\u00e7eri\u011fi konusundaki kat\u0131 kriterlerimizi kar\u015f\u0131lamal\u0131d\u0131r. Hill's PRESCRIPTION DIET kedi mamas\u0131, kedinizin benzersiz ihtiya\u00e7lar\u0131n\u0131 kar\u015f\u0131lamak i\u00e7in haz\u0131rlanan ve kedinizin bay\u0131laca\u011f\u0131 lezzetler i\u00e7eren \u00e7e\u015fitli kuru veya ya\u015f mama se\u00e7enekleri sunmaktad\u0131r. \u0130\u00c7\u0130NDEK\u0130LER: Et ve hayvansal t\u00fcrevler (tavuk %2), bitkisel orjinli t\u00fcrevler, sebzeler (%2,2), bitkisel protein ekstraktlar\u0131, tah\u0131llar, tohumlar, mineraller, s\u0131v\u0131 ve kat\u0131 ya\u011flar, meyve, \u00e7e\u015fitli \u015fekerler, yumurta ve yumurta t\u00fcrevleri. KG BA\u015eINA KATKI MADDELER\u0130: Besinsel katk\u0131 maddeleri: 3b103 (Demir) 8.2mg, 3b202 (\u0130yot) 0,3mg, 3b405 (Bak\u0131r) 0,8mg, 3b503 (Manganez) 1,8mg, 3b603 (\u00c7inko) 26,0mg. Teknolojik katk\u0131 maddesi: Potasyum aljinat 4g. Metabolize edilebilir enerji: 786 kcal\/kg. ANAL\u0130T\u0130K B\u0130LE\u015eENLER: Protein %8,3, Ya\u011f i\u00e7eri\u011fi %2,8, Ham sel\u00fcloz %2,0, Ham k\u00fcl %1,4, Nem %78,2, Kalsiyum %0,22, Fosfor %0,15, Sodyum %0,09, Potasyum %0,22, Magnezyum %0,02; kg ba\u015f\u0131na: A Vitamini 38.646IU, D3 Vitamini 312IU. Yeti\u015fkin kedilerde a\u015f\u0131r\u0131 kilonun azalt\u0131lmas\u0131 ve sa\u011fl\u0131kl\u0131 kilonun korunmas\u0131 i\u00e7in haz\u0131rlanm\u0131\u015f tam ve dengeli diyetetik bir evcil hayvan mamas\u0131d\u0131r. Bu evcil hayvan mamas\u0131 d\u00fc\u015f\u00fck enerji yo\u011funlu\u011funa sahiptir. BESLEME TAL\u0130MATI: Yaln\u0131zca \u00f6nerilen PRESCRIPTION DIET mamalarla besleyin. Kullan\u0131m \u00f6ncesinde veteriner hekiminizden evcil hayvan\u0131n\u0131z i\u00e7in \u00f6zel beslenme talimatlar\u0131 isteyin. B\u00fct\u00fcn besleme talimatlar\u0131 i\u00e7in l\u00fctfen ambalaja bak\u0131n. G\u00fcnl\u00fck Beslenme \u00d6nerileri sadece bir rehber niteli\u011findedir ve ba\u015flang\u0131\u00e7 noktas\u0131n\u0131 ifade eder. Emin olmak i\u00e7in veteriner hekiminize dan\u0131\u015f\u0131n. Her zaman taze ve temiz su bulundurun. Bu mamay\u0131 ilk defa m\u0131 kullan\u0131yorsunuz? Eski mama miktar\u0131n\u0131 azaltt\u0131\u011f\u0131n\u0131z, yeni mama miktar\u0131n\u0131 ise art\u0131rd\u0131\u011f\u0131n\u0131z bir kar\u0131\u015f\u0131m haz\u0131rlayarak kademeli bir \u015fekilde 7 g\u00fcn sonunda tamamen yeni mamaya ge\u00e7i\u015f yap\u0131n\u0131z. Her zaman taze ve temiz su bulundurun! Evcil hayvan\u0131n\u0131z\u0131n beslenme ihtiya\u00e7lar\u0131 ya\u015fland\u0131k\u00e7a de\u011fi\u015febilir. Her muayenede veteriner hekiminize dan\u0131\u015f\u0131n.","og_url":"https:\/\/anadolupet.com.tr\/en\/product\/hills-pd-metabolic-kedi-guveci-24x82g\/","og_site_name":"Anadolu Pet Grup","article_modified_time":"2026-02-23T12:48:48+00:00","og_image":[{"width":750,"height":750,"url":"https:\/\/anadolupet.com.tr\/wp-content\/uploads\/2026\/02\/635-605639.jpg","type":"image\/jpeg"}],"twitter_card":"summary_large_image","schema":{"@context":"https:\/\/schema.org","@graph":[{"@type":"WebPage","@id":"https:\/\/anadolupet.com.tr\/urun\/hills-pd-metabolic-kedi-guveci-24x82g\/","url":"https:\/\/anadolupet.com.tr\/urun\/hills-pd-metabolic-kedi-guveci-24x82g\/","name":"Hill's PD METABOLIC Kedi G\u00fcveci 24X82G - Anadolu Pet Grup","isPartOf":{"@id":"https:\/\/anadolupet.com.tr\/#website"},"primaryImageOfPage":{"@id":"https:\/\/anadolupet.com.tr\/urun\/hills-pd-metabolic-kedi-guveci-24x82g\/#primaryimage"},"image":{"@id":"https:\/\/anadolupet.com.tr\/urun\/hills-pd-metabolic-kedi-guveci-24x82g\/#primaryimage"},"thumbnailUrl":"https:\/\/anadolupet.com.tr\/wp-content\/uploads\/2026\/02\/635-605639.jpg","datePublished":"2026-02-14T14:41:28+00:00","dateModified":"2026-02-23T12:48:48+00:00","breadcrumb":{"@id":"https:\/\/anadolupet.com.tr\/urun\/hills-pd-metabolic-kedi-guveci-24x82g\/#breadcrumb"},"inLanguage":"en-US","potentialAction":[{"@type":"ReadAction","target":["https:\/\/anadolupet.com.tr\/urun\/hills-pd-metabolic-kedi-guveci-24x82g\/"]}]},{"@type":"ImageObject","inLanguage":"en-US","@id":"https:\/\/anadolupet.com.tr\/urun\/hills-pd-metabolic-kedi-guveci-24x82g\/#primaryimage","url":"https:\/\/anadolupet.com.tr\/wp-content\/uploads\/2026\/02\/635-605639.jpg","contentUrl":"https:\/\/anadolupet.com.tr\/wp-content\/uploads\/2026\/02\/635-605639.jpg","width":750,"height":750},{"@type":"BreadcrumbList","@id":"https:\/\/anadolupet.com.tr\/urun\/hills-pd-metabolic-kedi-guveci-24x82g\/#breadcrumb","itemListElement":[{"@type":"ListItem","position":1,"name":"Anasayfa","item":"https:\/\/anadolupet.com.tr\/"},{"@type":"ListItem","position":2,"name":"\u00dcr\u00fcnler","item":"https:\/\/anadolupet.com.tr\/urunler\/"},{"@type":"ListItem","position":3,"name":"Hill&#8217;s PD METABOLIC Kedi G\u00fcveci 24X82G"}]},{"@type":"WebSite","@id":"https:\/\/anadolupet.com.tr\/#website","url":"https:\/\/anadolupet.com.tr\/","name":"Anadolu Pet Group","description":"We Stand Together for the Well-Being of Every Life","publisher":{"@id":"https:\/\/anadolupet.com.tr\/#organization"},"potentialAction":[{"@type":"SearchAction","target":{"@type":"EntryPoint","urlTemplate":"https:\/\/anadolupet.com.tr\/?s={search_term_string}"},"query-input":{"@type":"PropertyValueSpecification","valueRequired":true,"valueName":"search_term_string"}}],"inLanguage":"en-US"},{"@type":"Organization","@id":"https:\/\/anadolupet.com.tr\/#organization","name":"Anadolu Pet Group","alternateName":"Anadolu Pet","url":"https:\/\/anadolupet.com.tr\/","logo":{"@type":"ImageObject","inLanguage":"en-US","@id":"https:\/\/anadolupet.com.tr\/#\/schema\/logo\/image\/","url":"https:\/\/anadolupet.com.tr\/wp-content\/uploads\/2026\/03\/1614666743370.jpg","contentUrl":"https:\/\/anadolupet.com.tr\/wp-content\/uploads\/2026\/03\/1614666743370.jpg","width":800,"height":571,"caption":"Anadolu Pet Grup"},"image":{"@id":"https:\/\/anadolupet.com.tr\/#\/schema\/logo\/image\/"}}]}},"_links":{"self":[{"href":"https:\/\/anadolupet.com.tr\/en\/wp-json\/wp\/v2\/product\/45374","targetHints":{"allow":["GET"]}}],"collection":[{"href":"https:\/\/anadolupet.com.tr\/en\/wp-json\/wp\/v2\/product"}],"about":[{"href":"https:\/\/anadolupet.com.tr\/en\/wp-json\/wp\/v2\/types\/product"}],"replies":[{"embeddable":true,"href":"https:\/\/anadolupet.com.tr\/en\/wp-json\/wp\/v2\/comments?post=45374"}],"wp:featuredmedia":[{"embeddable":true,"href":"https:\/\/anadolupet.com.tr\/en\/wp-json\/wp\/v2\/media\/44337"}],"wp:attachment":[{"href":"https:\/\/anadolupet.com.tr\/en\/wp-json\/wp\/v2\/media?parent=45374"}],"wp:term":[{"taxonomy":"product_brand","embeddable":true,"href":"https:\/\/anadolupet.com.tr\/en\/wp-json\/wp\/v2\/product_brand?post=45374"},{"taxonomy":"product_cat","embeddable":true,"href":"https:\/\/anadolupet.com.tr\/en\/wp-json\/wp\/v2\/product_cat?post=45374"},{"taxonomy":"product_tag","embeddable":true,"href":"https:\/\/anadolupet.com.tr\/en\/wp-json\/wp\/v2\/product_tag?post=45374"}],"curies":[{"name":"wp","href":"https:\/\/api.w.org\/{rel}","templated":true}]}}