{"id":45385,"date":"2026-02-14T14:41:30","date_gmt":"2026-02-14T14:41:30","guid":{"rendered":"https:\/\/anadolupet.com.tr\/?post_type=product&#038;p=45385"},"modified":"2026-02-23T12:48:49","modified_gmt":"2026-02-23T12:48:49","slug":"hills-pd-r-d-kedi-mamasi-15kg","status":"publish","type":"product","link":"https:\/\/anadolupet.com.tr\/en\/urun\/hills-pd-r-d-kedi-mamasi-15kg\/","title":{"rendered":"Hill&#8217;s PD R\/D Kedi Mamas\u0131 1,5KG"},"content":{"rendered":"","protected":false},"excerpt":{"rendered":"<p>Hill&#8217;s PRESCRIPTION DIET r\/d kedi mamas\u0131, kedinizin kilo vermesini desteklemek i\u00e7in \u00f6zel olarak form\u00fcle edilmi\u015f kilo kontrol\u00fc ama\u00e7l\u0131 bir klinik mamad\u0131r. Sadece 4 haftada sa\u011fl\u0131kl\u0131 zay\u0131flamay\u0131 sa\u011flad\u0131\u011f\u0131 klinik olarak kan\u0131tlanm\u0131\u015f bir mamad\u0131r. Bu ya\u015f mama tavuklu olup, kedinizin bay\u0131laca\u011f\u0131 ve a\u011fz\u0131n\u0131 suland\u0131racak harika bir lezzete sahiptir.<br \/>\nBiraz fazla kilo bile kedinizin ya\u015fam kalitesini ve ailesiyle olan ili\u015fkisini olumsuz etkileyebilir. Zira bu fazla kilo genel olarak ya\u015fam boyu sa\u011fl\u0131\u011f\u0131 etkileyebilir ve oyun s\u00fcresi ile hareketlili\u011fi azaltabilir. \u0130deal kilonun korunmas\u0131, kiloyla ili\u015fkili problemlerin olu\u015fum riskini azaltarak ya\u015fam \u00f6mr\u00fcn\u00fc olumlu y\u00f6nde etkilemeye yard\u0131mc\u0131 olabilir.<br \/>\nPRESCRIPTION DIET r\/d yaln\u0131zca d\u00f6nemsel besleme ama\u00e7l\u0131d\u0131r ve uzun s\u00fcreli beslenme (6 aydan fazla) i\u00e7in \u00f6nerilmez. PRESCRIPTION DIET mamalar\u0131m\u0131z\u0131n, onlar\u0131n mutlu ve aktif bir ya\u015fam s\u00fcrmeye devam etmesine nas\u0131l yard\u0131mc\u0131 olabilece\u011fi hakk\u0131nda daha fazla bilgi almak i\u00e7in veteriner hekiminize dan\u0131\u015f\u0131n.<br \/>\nEvcil hayvan\u0131n\u0131z\u0131n ya\u015fam\u0131n\u0131 de\u011fi\u015ftirmeye yard\u0131mc\u0131, harika bir lezzete sahip mama. M\u00fcmk\u00fcn olan en iyi mamay\u0131 onlara verebilmeniz i\u00e7in, onlara m\u00fcmk\u00fcn olan en iyi ve sa\u011fl\u0131kl\u0131 mamay\u0131 sa\u011flamaya \u00e7al\u0131\u015f\u0131yoruz. Kedinizin benzersiz sa\u011fl\u0131k ihtiya\u00e7lar\u0131n\u0131 kar\u015f\u0131layan bilimsel form\u00fcllerin temel al\u0131nd\u0131\u011f\u0131 PRESCRIPTION DIET, kedilerin uzun ve mutlu bir ya\u015fam s\u00fcrmeleri i\u00e7in ihtiya\u00e7 duyduklar\u0131 her \u015feyi sunan bir besindir.<br \/>\nEvcil hayvan mamalar\u0131m\u0131z\u0131 en y\u00fcksek kaliteli malzemelerden \u00fcretiyoruz. Bu malzemeler, safl\u0131k ve besin i\u00e7eri\u011fi konusundaki kat\u0131 kriterlerimizi kar\u015f\u0131lamal\u0131d\u0131r.<br \/>\nHill&#8217;s PRESCRIPTION DIET kedi mamas\u0131, kedinizin benzersiz ihtiya\u00e7lar\u0131n\u0131 kar\u015f\u0131lamak i\u00e7in haz\u0131rlanan ve kedinizin bay\u0131laca\u011f\u0131 lezzetler i\u00e7eren \u00e7e\u015fitli kuru veya ya\u015f mama se\u00e7enekleri sunmaktad\u0131r.<br \/>\n\u0130\u00c7\u0130NDEK\u0130LER: Et ve hayvan t\u00fcrevleri (tavuk eti 18%), tah\u0131llar, bitkisel protein ekstrat\u0131, bitkisel orjinli t\u00fcrevler, s\u0131v\u0131 ve kat\u0131 ya\u011flar, mineraller.<br \/>\nKG BA\u015eINA KATKILAR: Besinsel katk\u0131lar: 3b103 (Demir) 61,5mg, 3b202 (\u0130yodin) 1,0mg, 3b405 (Bak\u0131r) 6,1mg, 3b502 (Manganez) 6,4mg, 3b603 (\u00c7inko) 127mg, 3b801 (Selenyum) 0,1mg, do\u011fal antioksidan ile. Metabolize olabilir enerji: 3.149 kcal\/kg.<br \/>\nANAL\u0130T\u0130K B\u0130LE\u015eENLER: Protein 36,9%, Ya\u011f i\u00e7eri\u011fi 9,8%, Ham sel\u00fcloz 12,6%, Ham k\u00fcl 5,9%, Kalsiyum 0,90%, Fosfor 0,78%, Sodyum 0,35%, Potasyum 0,87%, Magnezyum 0,07%; kg ba\u015f\u0131na: A Vitamini 7.176IU, D3 Vitamini 585IU, E Vitamini 500mg, C Vitamini 85mg, Beta-karoten 1,5mg, L-karnitin 567mg.<br \/>\nHill&#8217;s PRESCRIPTION DIET r\/d Cat Food with Chicken, yeti\u015fkin kedilerde fazla v\u00fccut a\u011f\u0131rl\u0131\u011f\u0131n\u0131 azaltmak i\u00e7in haz\u0131rlanm\u0131\u015f tam ve dengeli diyetetik evcil hayvan mamas\u0131d\u0131r. Bu mama d\u00fc\u015f\u00fck enerji yo\u011funlu\u011funa sahiptir.<br \/>\nBESLEME TAL\u0130MATI: Yaln\u0131zca \u00f6nerilen PRESCRIPTION DIET mamalarla besleyin. Kullan\u0131m \u00f6ncesinde veteriner hekiminizden evcil hayvan\u0131n\u0131z i\u00e7in \u00f6zel beslenme talimatlar\u0131 isteyin. T\u00fcm besleme talimatlar\u0131 i\u00e7in l\u00fctfen ambalaja bak\u0131n. G\u00fcnl\u00fck Beslenme \u00d6nerileri sadece rehber niteli\u011findedir ve ba\u015flang\u0131\u00e7 noktas\u0131n\u0131 ifade eder. Emin olmak i\u00e7in veteriner hekiminize sorun. Daima temiz ve taze su bulundurun.<br \/>\nBu mamay\u0131 ilk kez mi kullan\u0131yorsunuz? Eski mama miktar\u0131n\u0131 azaltt\u0131\u011f\u0131n\u0131z, yeni mama miktar\u0131n\u0131 ise art\u0131rd\u0131\u011f\u0131n\u0131z bir kar\u0131\u015f\u0131m haz\u0131rlayarak kademeli bir \u015fekilde 7 g\u00fcn sonunda tamamen yeni mamaya ge\u00e7i\u015f yap\u0131n\u0131z. Temiz ve taze suyu daima haz\u0131r bulundurun! Evcil hayvan\u0131n\u0131z\u0131n beslenme ihtiya\u00e7lar\u0131 ya\u015fland\u0131k\u00e7a de\u011fi\u015febilir. Her muayenede veteriner hekiminize dan\u0131\u015f\u0131n.<\/p>","protected":false},"featured_media":44305,"comment_status":"open","ping_status":"closed","template":"","meta":{"_acf_changed":false},"product_brand":[],"product_cat":[2434],"product_tag":[],"class_list":{"0":"post-45385","1":"product","2":"type-product","3":"status-publish","4":"has-post-thumbnail","6":"product_cat-receteli-diyet-kedi-mamalari","8":"first","9":"instock","10":"shipping-taxable","11":"product-type-simple"},"acf":[],"yoast_head":"<!-- This site is optimized with the Yoast SEO plugin v27.5 - https:\/\/yoast.com\/product\/yoast-seo-wordpress\/ -->\n<title>Hill&#039;s PD R\/D Kedi Mamas\u0131 1,5KG - Anadolu Pet Grup<\/title>\n<meta name=\"robots\" content=\"index, follow, max-snippet:-1, max-image-preview:large, max-video-preview:-1\" \/>\n<link rel=\"canonical\" href=\"https:\/\/anadolupet.com.tr\/en\/product\/hills-pd-r-d-kedi-mamasi-15kg\/\" \/>\n<meta property=\"og:locale\" content=\"en_US\" \/>\n<meta property=\"og:type\" content=\"article\" \/>\n<meta property=\"og:title\" content=\"Hill&#039;s PD R\/D Kedi Mamas\u0131 1,5KG - Anadolu Pet Grup\" \/>\n<meta property=\"og:description\" content=\"Hill&#039;s PRESCRIPTION DIET r\/d kedi mamas\u0131, kedinizin kilo vermesini desteklemek i\u00e7in \u00f6zel olarak form\u00fcle edilmi\u015f kilo kontrol\u00fc ama\u00e7l\u0131 bir klinik mamad\u0131r. Sadece 4 haftada sa\u011fl\u0131kl\u0131 zay\u0131flamay\u0131 sa\u011flad\u0131\u011f\u0131 klinik olarak kan\u0131tlanm\u0131\u015f bir mamad\u0131r. Bu ya\u015f mama tavuklu olup, kedinizin bay\u0131laca\u011f\u0131 ve a\u011fz\u0131n\u0131 suland\u0131racak harika bir lezzete sahiptir. Biraz fazla kilo bile kedinizin ya\u015fam kalitesini ve ailesiyle olan ili\u015fkisini olumsuz etkileyebilir. Zira bu fazla kilo genel olarak ya\u015fam boyu sa\u011fl\u0131\u011f\u0131 etkileyebilir ve oyun s\u00fcresi ile hareketlili\u011fi azaltabilir. \u0130deal kilonun korunmas\u0131, kiloyla ili\u015fkili problemlerin olu\u015fum riskini azaltarak ya\u015fam \u00f6mr\u00fcn\u00fc olumlu y\u00f6nde etkilemeye yard\u0131mc\u0131 olabilir. PRESCRIPTION DIET r\/d yaln\u0131zca d\u00f6nemsel besleme ama\u00e7l\u0131d\u0131r ve uzun s\u00fcreli beslenme (6 aydan fazla) i\u00e7in \u00f6nerilmez. PRESCRIPTION DIET mamalar\u0131m\u0131z\u0131n, onlar\u0131n mutlu ve aktif bir ya\u015fam s\u00fcrmeye devam etmesine nas\u0131l yard\u0131mc\u0131 olabilece\u011fi hakk\u0131nda daha fazla bilgi almak i\u00e7in veteriner hekiminize dan\u0131\u015f\u0131n. Evcil hayvan\u0131n\u0131z\u0131n ya\u015fam\u0131n\u0131 de\u011fi\u015ftirmeye yard\u0131mc\u0131, harika bir lezzete sahip mama. M\u00fcmk\u00fcn olan en iyi mamay\u0131 onlara verebilmeniz i\u00e7in, onlara m\u00fcmk\u00fcn olan en iyi ve sa\u011fl\u0131kl\u0131 mamay\u0131 sa\u011flamaya \u00e7al\u0131\u015f\u0131yoruz. Kedinizin benzersiz sa\u011fl\u0131k ihtiya\u00e7lar\u0131n\u0131 kar\u015f\u0131layan bilimsel form\u00fcllerin temel al\u0131nd\u0131\u011f\u0131 PRESCRIPTION DIET, kedilerin uzun ve mutlu bir ya\u015fam s\u00fcrmeleri i\u00e7in ihtiya\u00e7 duyduklar\u0131 her \u015feyi sunan bir besindir. Evcil hayvan mamalar\u0131m\u0131z\u0131 en y\u00fcksek kaliteli malzemelerden \u00fcretiyoruz. Bu malzemeler, safl\u0131k ve besin i\u00e7eri\u011fi konusundaki kat\u0131 kriterlerimizi kar\u015f\u0131lamal\u0131d\u0131r. Hill&#039;s PRESCRIPTION DIET kedi mamas\u0131, kedinizin benzersiz ihtiya\u00e7lar\u0131n\u0131 kar\u015f\u0131lamak i\u00e7in haz\u0131rlanan ve kedinizin bay\u0131laca\u011f\u0131 lezzetler i\u00e7eren \u00e7e\u015fitli kuru veya ya\u015f mama se\u00e7enekleri sunmaktad\u0131r. \u0130\u00c7\u0130NDEK\u0130LER: Et ve hayvan t\u00fcrevleri (tavuk eti 18%), tah\u0131llar, bitkisel protein ekstrat\u0131, bitkisel orjinli t\u00fcrevler, s\u0131v\u0131 ve kat\u0131 ya\u011flar, mineraller. KG BA\u015eINA KATKILAR: Besinsel katk\u0131lar: 3b103 (Demir) 61,5mg, 3b202 (\u0130yodin) 1,0mg, 3b405 (Bak\u0131r) 6,1mg, 3b502 (Manganez) 6,4mg, 3b603 (\u00c7inko) 127mg, 3b801 (Selenyum) 0,1mg, do\u011fal antioksidan ile. Metabolize olabilir enerji: 3.149 kcal\/kg. ANAL\u0130T\u0130K B\u0130LE\u015eENLER: Protein 36,9%, Ya\u011f i\u00e7eri\u011fi 9,8%, Ham sel\u00fcloz 12,6%, Ham k\u00fcl 5,9%, Kalsiyum 0,90%, Fosfor 0,78%, Sodyum 0,35%, Potasyum 0,87%, Magnezyum 0,07%; kg ba\u015f\u0131na: A Vitamini 7.176IU, D3 Vitamini 585IU, E Vitamini 500mg, C Vitamini 85mg, Beta-karoten 1,5mg, L-karnitin 567mg. Hill&#039;s PRESCRIPTION DIET r\/d Cat Food with Chicken, yeti\u015fkin kedilerde fazla v\u00fccut a\u011f\u0131rl\u0131\u011f\u0131n\u0131 azaltmak i\u00e7in haz\u0131rlanm\u0131\u015f tam ve dengeli diyetetik evcil hayvan mamas\u0131d\u0131r. Bu mama d\u00fc\u015f\u00fck enerji yo\u011funlu\u011funa sahiptir. BESLEME TAL\u0130MATI: Yaln\u0131zca \u00f6nerilen PRESCRIPTION DIET mamalarla besleyin. Kullan\u0131m \u00f6ncesinde veteriner hekiminizden evcil hayvan\u0131n\u0131z i\u00e7in \u00f6zel beslenme talimatlar\u0131 isteyin. T\u00fcm besleme talimatlar\u0131 i\u00e7in l\u00fctfen ambalaja bak\u0131n. G\u00fcnl\u00fck Beslenme \u00d6nerileri sadece rehber niteli\u011findedir ve ba\u015flang\u0131\u00e7 noktas\u0131n\u0131 ifade eder. Emin olmak i\u00e7in veteriner hekiminize sorun. Daima temiz ve taze su bulundurun. Bu mamay\u0131 ilk kez mi kullan\u0131yorsunuz? Eski mama miktar\u0131n\u0131 azaltt\u0131\u011f\u0131n\u0131z, yeni mama miktar\u0131n\u0131 ise art\u0131rd\u0131\u011f\u0131n\u0131z bir kar\u0131\u015f\u0131m haz\u0131rlayarak kademeli bir \u015fekilde 7 g\u00fcn sonunda tamamen yeni mamaya ge\u00e7i\u015f yap\u0131n\u0131z. Temiz ve taze suyu daima haz\u0131r bulundurun! Evcil hayvan\u0131n\u0131z\u0131n beslenme ihtiya\u00e7lar\u0131 ya\u015fland\u0131k\u00e7a de\u011fi\u015febilir. Her muayenede veteriner hekiminize dan\u0131\u015f\u0131n.\" \/>\n<meta property=\"og:url\" content=\"https:\/\/anadolupet.com.tr\/en\/product\/hills-pd-r-d-kedi-mamasi-15kg\/\" \/>\n<meta property=\"og:site_name\" content=\"Anadolu Pet Grup\" \/>\n<meta property=\"article:modified_time\" content=\"2026-02-23T12:48:49+00:00\" \/>\n<meta property=\"og:image\" content=\"https:\/\/anadolupet.com.tr\/wp-content\/uploads\/2026\/02\/630-605927.jpg\" \/>\n\t<meta property=\"og:image:width\" content=\"750\" \/>\n\t<meta property=\"og:image:height\" content=\"750\" \/>\n\t<meta property=\"og:image:type\" content=\"image\/jpeg\" \/>\n<meta name=\"twitter:card\" content=\"summary_large_image\" \/>\n<script type=\"application\/ld+json\" class=\"yoast-schema-graph\">{\"@context\":\"https:\\\/\\\/schema.org\",\"@graph\":[{\"@type\":\"WebPage\",\"@id\":\"https:\\\/\\\/anadolupet.com.tr\\\/urun\\\/hills-pd-r-d-kedi-mamasi-15kg\\\/\",\"url\":\"https:\\\/\\\/anadolupet.com.tr\\\/urun\\\/hills-pd-r-d-kedi-mamasi-15kg\\\/\",\"name\":\"Hill's PD R\\\/D Kedi Mamas\u0131 1,5KG - Anadolu Pet Grup\",\"isPartOf\":{\"@id\":\"https:\\\/\\\/anadolupet.com.tr\\\/#website\"},\"primaryImageOfPage\":{\"@id\":\"https:\\\/\\\/anadolupet.com.tr\\\/urun\\\/hills-pd-r-d-kedi-mamasi-15kg\\\/#primaryimage\"},\"image\":{\"@id\":\"https:\\\/\\\/anadolupet.com.tr\\\/urun\\\/hills-pd-r-d-kedi-mamasi-15kg\\\/#primaryimage\"},\"thumbnailUrl\":\"https:\\\/\\\/anadolupet.com.tr\\\/wp-content\\\/uploads\\\/2026\\\/02\\\/630-605927.jpg\",\"datePublished\":\"2026-02-14T14:41:30+00:00\",\"dateModified\":\"2026-02-23T12:48:49+00:00\",\"breadcrumb\":{\"@id\":\"https:\\\/\\\/anadolupet.com.tr\\\/urun\\\/hills-pd-r-d-kedi-mamasi-15kg\\\/#breadcrumb\"},\"inLanguage\":\"en-US\",\"potentialAction\":[{\"@type\":\"ReadAction\",\"target\":[\"https:\\\/\\\/anadolupet.com.tr\\\/urun\\\/hills-pd-r-d-kedi-mamasi-15kg\\\/\"]}]},{\"@type\":\"ImageObject\",\"inLanguage\":\"en-US\",\"@id\":\"https:\\\/\\\/anadolupet.com.tr\\\/urun\\\/hills-pd-r-d-kedi-mamasi-15kg\\\/#primaryimage\",\"url\":\"https:\\\/\\\/anadolupet.com.tr\\\/wp-content\\\/uploads\\\/2026\\\/02\\\/630-605927.jpg\",\"contentUrl\":\"https:\\\/\\\/anadolupet.com.tr\\\/wp-content\\\/uploads\\\/2026\\\/02\\\/630-605927.jpg\",\"width\":750,\"height\":750},{\"@type\":\"BreadcrumbList\",\"@id\":\"https:\\\/\\\/anadolupet.com.tr\\\/urun\\\/hills-pd-r-d-kedi-mamasi-15kg\\\/#breadcrumb\",\"itemListElement\":[{\"@type\":\"ListItem\",\"position\":1,\"name\":\"Anasayfa\",\"item\":\"https:\\\/\\\/anadolupet.com.tr\\\/\"},{\"@type\":\"ListItem\",\"position\":2,\"name\":\"\u00dcr\u00fcnler\",\"item\":\"https:\\\/\\\/anadolupet.com.tr\\\/urunler\\\/\"},{\"@type\":\"ListItem\",\"position\":3,\"name\":\"Hill&#8217;s PD R\\\/D Kedi Mamas\u0131 1,5KG\"}]},{\"@type\":\"WebSite\",\"@id\":\"https:\\\/\\\/anadolupet.com.tr\\\/#website\",\"url\":\"https:\\\/\\\/anadolupet.com.tr\\\/\",\"name\":\"Anadolu Pet Grup\",\"description\":\"Her Can\u0131n \u0130yi Ya\u015fam\u0131 \u0130\u00e7in Biraraday\u0131z\",\"publisher\":{\"@id\":\"https:\\\/\\\/anadolupet.com.tr\\\/#organization\"},\"potentialAction\":[{\"@type\":\"SearchAction\",\"target\":{\"@type\":\"EntryPoint\",\"urlTemplate\":\"https:\\\/\\\/anadolupet.com.tr\\\/?s={search_term_string}\"},\"query-input\":{\"@type\":\"PropertyValueSpecification\",\"valueRequired\":true,\"valueName\":\"search_term_string\"}}],\"inLanguage\":\"en-US\"},{\"@type\":\"Organization\",\"@id\":\"https:\\\/\\\/anadolupet.com.tr\\\/#organization\",\"name\":\"Anadolu Pet Grup\",\"alternateName\":\"Anadolu Pet\",\"url\":\"https:\\\/\\\/anadolupet.com.tr\\\/\",\"logo\":{\"@type\":\"ImageObject\",\"inLanguage\":\"en-US\",\"@id\":\"https:\\\/\\\/anadolupet.com.tr\\\/#\\\/schema\\\/logo\\\/image\\\/\",\"url\":\"https:\\\/\\\/anadolupet.com.tr\\\/wp-content\\\/uploads\\\/2026\\\/03\\\/1614666743370.jpg\",\"contentUrl\":\"https:\\\/\\\/anadolupet.com.tr\\\/wp-content\\\/uploads\\\/2026\\\/03\\\/1614666743370.jpg\",\"width\":800,\"height\":571,\"caption\":\"Anadolu Pet Grup\"},\"image\":{\"@id\":\"https:\\\/\\\/anadolupet.com.tr\\\/#\\\/schema\\\/logo\\\/image\\\/\"}}]}<\/script>\n<!-- \/ Yoast SEO plugin. -->","yoast_head_json":{"title":"Hill's PD R\/D Kedi Mamas\u0131 1,5KG - Anadolu Pet Grup","robots":{"index":"index","follow":"follow","max-snippet":"max-snippet:-1","max-image-preview":"max-image-preview:large","max-video-preview":"max-video-preview:-1"},"canonical":"https:\/\/anadolupet.com.tr\/en\/product\/hills-pd-r-d-kedi-mamasi-15kg\/","og_locale":"en_US","og_type":"article","og_title":"Hill's PD R\/D Kedi Mamas\u0131 1,5KG - Anadolu Pet Grup","og_description":"Hill's PRESCRIPTION DIET r\/d kedi mamas\u0131, kedinizin kilo vermesini desteklemek i\u00e7in \u00f6zel olarak form\u00fcle edilmi\u015f kilo kontrol\u00fc ama\u00e7l\u0131 bir klinik mamad\u0131r. Sadece 4 haftada sa\u011fl\u0131kl\u0131 zay\u0131flamay\u0131 sa\u011flad\u0131\u011f\u0131 klinik olarak kan\u0131tlanm\u0131\u015f bir mamad\u0131r. Bu ya\u015f mama tavuklu olup, kedinizin bay\u0131laca\u011f\u0131 ve a\u011fz\u0131n\u0131 suland\u0131racak harika bir lezzete sahiptir. Biraz fazla kilo bile kedinizin ya\u015fam kalitesini ve ailesiyle olan ili\u015fkisini olumsuz etkileyebilir. Zira bu fazla kilo genel olarak ya\u015fam boyu sa\u011fl\u0131\u011f\u0131 etkileyebilir ve oyun s\u00fcresi ile hareketlili\u011fi azaltabilir. \u0130deal kilonun korunmas\u0131, kiloyla ili\u015fkili problemlerin olu\u015fum riskini azaltarak ya\u015fam \u00f6mr\u00fcn\u00fc olumlu y\u00f6nde etkilemeye yard\u0131mc\u0131 olabilir. PRESCRIPTION DIET r\/d yaln\u0131zca d\u00f6nemsel besleme ama\u00e7l\u0131d\u0131r ve uzun s\u00fcreli beslenme (6 aydan fazla) i\u00e7in \u00f6nerilmez. PRESCRIPTION DIET mamalar\u0131m\u0131z\u0131n, onlar\u0131n mutlu ve aktif bir ya\u015fam s\u00fcrmeye devam etmesine nas\u0131l yard\u0131mc\u0131 olabilece\u011fi hakk\u0131nda daha fazla bilgi almak i\u00e7in veteriner hekiminize dan\u0131\u015f\u0131n. Evcil hayvan\u0131n\u0131z\u0131n ya\u015fam\u0131n\u0131 de\u011fi\u015ftirmeye yard\u0131mc\u0131, harika bir lezzete sahip mama. M\u00fcmk\u00fcn olan en iyi mamay\u0131 onlara verebilmeniz i\u00e7in, onlara m\u00fcmk\u00fcn olan en iyi ve sa\u011fl\u0131kl\u0131 mamay\u0131 sa\u011flamaya \u00e7al\u0131\u015f\u0131yoruz. Kedinizin benzersiz sa\u011fl\u0131k ihtiya\u00e7lar\u0131n\u0131 kar\u015f\u0131layan bilimsel form\u00fcllerin temel al\u0131nd\u0131\u011f\u0131 PRESCRIPTION DIET, kedilerin uzun ve mutlu bir ya\u015fam s\u00fcrmeleri i\u00e7in ihtiya\u00e7 duyduklar\u0131 her \u015feyi sunan bir besindir. Evcil hayvan mamalar\u0131m\u0131z\u0131 en y\u00fcksek kaliteli malzemelerden \u00fcretiyoruz. Bu malzemeler, safl\u0131k ve besin i\u00e7eri\u011fi konusundaki kat\u0131 kriterlerimizi kar\u015f\u0131lamal\u0131d\u0131r. Hill's PRESCRIPTION DIET kedi mamas\u0131, kedinizin benzersiz ihtiya\u00e7lar\u0131n\u0131 kar\u015f\u0131lamak i\u00e7in haz\u0131rlanan ve kedinizin bay\u0131laca\u011f\u0131 lezzetler i\u00e7eren \u00e7e\u015fitli kuru veya ya\u015f mama se\u00e7enekleri sunmaktad\u0131r. \u0130\u00c7\u0130NDEK\u0130LER: Et ve hayvan t\u00fcrevleri (tavuk eti 18%), tah\u0131llar, bitkisel protein ekstrat\u0131, bitkisel orjinli t\u00fcrevler, s\u0131v\u0131 ve kat\u0131 ya\u011flar, mineraller. KG BA\u015eINA KATKILAR: Besinsel katk\u0131lar: 3b103 (Demir) 61,5mg, 3b202 (\u0130yodin) 1,0mg, 3b405 (Bak\u0131r) 6,1mg, 3b502 (Manganez) 6,4mg, 3b603 (\u00c7inko) 127mg, 3b801 (Selenyum) 0,1mg, do\u011fal antioksidan ile. Metabolize olabilir enerji: 3.149 kcal\/kg. ANAL\u0130T\u0130K B\u0130LE\u015eENLER: Protein 36,9%, Ya\u011f i\u00e7eri\u011fi 9,8%, Ham sel\u00fcloz 12,6%, Ham k\u00fcl 5,9%, Kalsiyum 0,90%, Fosfor 0,78%, Sodyum 0,35%, Potasyum 0,87%, Magnezyum 0,07%; kg ba\u015f\u0131na: A Vitamini 7.176IU, D3 Vitamini 585IU, E Vitamini 500mg, C Vitamini 85mg, Beta-karoten 1,5mg, L-karnitin 567mg. Hill's PRESCRIPTION DIET r\/d Cat Food with Chicken, yeti\u015fkin kedilerde fazla v\u00fccut a\u011f\u0131rl\u0131\u011f\u0131n\u0131 azaltmak i\u00e7in haz\u0131rlanm\u0131\u015f tam ve dengeli diyetetik evcil hayvan mamas\u0131d\u0131r. Bu mama d\u00fc\u015f\u00fck enerji yo\u011funlu\u011funa sahiptir. BESLEME TAL\u0130MATI: Yaln\u0131zca \u00f6nerilen PRESCRIPTION DIET mamalarla besleyin. Kullan\u0131m \u00f6ncesinde veteriner hekiminizden evcil hayvan\u0131n\u0131z i\u00e7in \u00f6zel beslenme talimatlar\u0131 isteyin. T\u00fcm besleme talimatlar\u0131 i\u00e7in l\u00fctfen ambalaja bak\u0131n. G\u00fcnl\u00fck Beslenme \u00d6nerileri sadece rehber niteli\u011findedir ve ba\u015flang\u0131\u00e7 noktas\u0131n\u0131 ifade eder. Emin olmak i\u00e7in veteriner hekiminize sorun. Daima temiz ve taze su bulundurun. Bu mamay\u0131 ilk kez mi kullan\u0131yorsunuz? Eski mama miktar\u0131n\u0131 azaltt\u0131\u011f\u0131n\u0131z, yeni mama miktar\u0131n\u0131 ise art\u0131rd\u0131\u011f\u0131n\u0131z bir kar\u0131\u015f\u0131m haz\u0131rlayarak kademeli bir \u015fekilde 7 g\u00fcn sonunda tamamen yeni mamaya ge\u00e7i\u015f yap\u0131n\u0131z. Temiz ve taze suyu daima haz\u0131r bulundurun! Evcil hayvan\u0131n\u0131z\u0131n beslenme ihtiya\u00e7lar\u0131 ya\u015fland\u0131k\u00e7a de\u011fi\u015febilir. Her muayenede veteriner hekiminize dan\u0131\u015f\u0131n.","og_url":"https:\/\/anadolupet.com.tr\/en\/product\/hills-pd-r-d-kedi-mamasi-15kg\/","og_site_name":"Anadolu Pet Grup","article_modified_time":"2026-02-23T12:48:49+00:00","og_image":[{"width":750,"height":750,"url":"https:\/\/anadolupet.com.tr\/wp-content\/uploads\/2026\/02\/630-605927.jpg","type":"image\/jpeg"}],"twitter_card":"summary_large_image","schema":{"@context":"https:\/\/schema.org","@graph":[{"@type":"WebPage","@id":"https:\/\/anadolupet.com.tr\/urun\/hills-pd-r-d-kedi-mamasi-15kg\/","url":"https:\/\/anadolupet.com.tr\/urun\/hills-pd-r-d-kedi-mamasi-15kg\/","name":"Hill's PD R\/D Kedi Mamas\u0131 1,5KG - Anadolu Pet Grup","isPartOf":{"@id":"https:\/\/anadolupet.com.tr\/#website"},"primaryImageOfPage":{"@id":"https:\/\/anadolupet.com.tr\/urun\/hills-pd-r-d-kedi-mamasi-15kg\/#primaryimage"},"image":{"@id":"https:\/\/anadolupet.com.tr\/urun\/hills-pd-r-d-kedi-mamasi-15kg\/#primaryimage"},"thumbnailUrl":"https:\/\/anadolupet.com.tr\/wp-content\/uploads\/2026\/02\/630-605927.jpg","datePublished":"2026-02-14T14:41:30+00:00","dateModified":"2026-02-23T12:48:49+00:00","breadcrumb":{"@id":"https:\/\/anadolupet.com.tr\/urun\/hills-pd-r-d-kedi-mamasi-15kg\/#breadcrumb"},"inLanguage":"en-US","potentialAction":[{"@type":"ReadAction","target":["https:\/\/anadolupet.com.tr\/urun\/hills-pd-r-d-kedi-mamasi-15kg\/"]}]},{"@type":"ImageObject","inLanguage":"en-US","@id":"https:\/\/anadolupet.com.tr\/urun\/hills-pd-r-d-kedi-mamasi-15kg\/#primaryimage","url":"https:\/\/anadolupet.com.tr\/wp-content\/uploads\/2026\/02\/630-605927.jpg","contentUrl":"https:\/\/anadolupet.com.tr\/wp-content\/uploads\/2026\/02\/630-605927.jpg","width":750,"height":750},{"@type":"BreadcrumbList","@id":"https:\/\/anadolupet.com.tr\/urun\/hills-pd-r-d-kedi-mamasi-15kg\/#breadcrumb","itemListElement":[{"@type":"ListItem","position":1,"name":"Anasayfa","item":"https:\/\/anadolupet.com.tr\/"},{"@type":"ListItem","position":2,"name":"\u00dcr\u00fcnler","item":"https:\/\/anadolupet.com.tr\/urunler\/"},{"@type":"ListItem","position":3,"name":"Hill&#8217;s PD R\/D Kedi Mamas\u0131 1,5KG"}]},{"@type":"WebSite","@id":"https:\/\/anadolupet.com.tr\/#website","url":"https:\/\/anadolupet.com.tr\/","name":"Anadolu Pet Group","description":"We Stand Together for the Well-Being of Every Life","publisher":{"@id":"https:\/\/anadolupet.com.tr\/#organization"},"potentialAction":[{"@type":"SearchAction","target":{"@type":"EntryPoint","urlTemplate":"https:\/\/anadolupet.com.tr\/?s={search_term_string}"},"query-input":{"@type":"PropertyValueSpecification","valueRequired":true,"valueName":"search_term_string"}}],"inLanguage":"en-US"},{"@type":"Organization","@id":"https:\/\/anadolupet.com.tr\/#organization","name":"Anadolu Pet Group","alternateName":"Anadolu Pet","url":"https:\/\/anadolupet.com.tr\/","logo":{"@type":"ImageObject","inLanguage":"en-US","@id":"https:\/\/anadolupet.com.tr\/#\/schema\/logo\/image\/","url":"https:\/\/anadolupet.com.tr\/wp-content\/uploads\/2026\/03\/1614666743370.jpg","contentUrl":"https:\/\/anadolupet.com.tr\/wp-content\/uploads\/2026\/03\/1614666743370.jpg","width":800,"height":571,"caption":"Anadolu Pet Grup"},"image":{"@id":"https:\/\/anadolupet.com.tr\/#\/schema\/logo\/image\/"}}]}},"_links":{"self":[{"href":"https:\/\/anadolupet.com.tr\/en\/wp-json\/wp\/v2\/product\/45385","targetHints":{"allow":["GET"]}}],"collection":[{"href":"https:\/\/anadolupet.com.tr\/en\/wp-json\/wp\/v2\/product"}],"about":[{"href":"https:\/\/anadolupet.com.tr\/en\/wp-json\/wp\/v2\/types\/product"}],"replies":[{"embeddable":true,"href":"https:\/\/anadolupet.com.tr\/en\/wp-json\/wp\/v2\/comments?post=45385"}],"wp:featuredmedia":[{"embeddable":true,"href":"https:\/\/anadolupet.com.tr\/en\/wp-json\/wp\/v2\/media\/44305"}],"wp:attachment":[{"href":"https:\/\/anadolupet.com.tr\/en\/wp-json\/wp\/v2\/media?parent=45385"}],"wp:term":[{"taxonomy":"product_brand","embeddable":true,"href":"https:\/\/anadolupet.com.tr\/en\/wp-json\/wp\/v2\/product_brand?post=45385"},{"taxonomy":"product_cat","embeddable":true,"href":"https:\/\/anadolupet.com.tr\/en\/wp-json\/wp\/v2\/product_cat?post=45385"},{"taxonomy":"product_tag","embeddable":true,"href":"https:\/\/anadolupet.com.tr\/en\/wp-json\/wp\/v2\/product_tag?post=45385"}],"curies":[{"name":"wp","href":"https:\/\/api.w.org\/{rel}","templated":true}]}}