{"id":45390,"date":"2026-02-14T14:41:31","date_gmt":"2026-02-14T14:41:31","guid":{"rendered":"https:\/\/anadolupet.com.tr\/?post_type=product&#038;p=45390"},"modified":"2026-02-23T12:48:49","modified_gmt":"2026-02-23T12:48:49","slug":"hills-pd-y-d-kedi-mamasi-15kg","status":"publish","type":"product","link":"https:\/\/anadolupet.com.tr\/en\/urun\/hills-pd-y-d-kedi-mamasi-15kg\/","title":{"rendered":"Hill&#8217;s PD Y\/D Kedi Mamas\u0131 1,5KG"},"content":{"rendered":"","protected":false},"excerpt":{"rendered":"<p>Hill&#8217;s PRESCRIPTION DIET y\/d kedi mamas\u0131 tek besin kayna\u011f\u0131 olarak kullan\u0131ld\u0131\u011f\u0131nda tiroid hormonu \u00fcretimini 3 haftada azaltt\u0131\u011f\u0131 klinik olarak kan\u0131tlanm\u0131\u015f bir besindir. Tiroid bak\u0131m\u0131na \u00f6zel haz\u0131rlanan bu kedi mamas\u0131 hipertiroidizmi olan kediler i\u00e7in mamadaki iyot seviyelerini d\u00fc\u015f\u00fcrmeye d\u00f6n\u00fck kolay ve verimli bir yol sa\u011flar. Bu \u00fcr\u00fcn\u00fcn tutarl\u0131 ve uzun s\u00fcreli kullan\u0131m\u0131, kedilerde tiroid sorunlar\u0131na kar\u015f\u0131 faydalar\u0131n\u0131n etkili olmas\u0131 i\u00e7in kritik \u00f6neme sahiptir. Kuru ve konserve form\u00fcller ayn\u0131 anda birlikte veya tek ba\u015f\u0131na verilebilir. Bu kuru mama, kedinizin sevece\u011fi ve kar\u015f\u0131 koyamayaca\u011f\u0131, harika bir lezzete sahiptir.Tiroidle ilgili semptomlar\u0131 d\u00fczeldikten sonra bile kedinizin tiroid sa\u011fl\u0131\u011f\u0131n\u0131 korumaya yard\u0131mc\u0131 olmak i\u00e7in PRESCRIPTION DIET y\/d Thyroid Care Kedi Mamas\u0131 ile beslemeye devam etmeniz \u00f6nemlidir. PRESCRIPTION DIET mamalar\u0131m\u0131z\u0131n, onlar\u0131n mutlu ve aktif bir ya\u015fam s\u00fcrmeye devam etmesine nas\u0131l yard\u0131mc\u0131 olabilece\u011fi hakk\u0131nda daha fazla bilgi i\u00e7in veteriner hekiminize dan\u0131\u015f\u0131n.Evcil hayvan\u0131n\u0131z\u0131n ya\u015fam\u0131n\u0131 d\u00f6n\u00fc\u015ft\u00fcrmeye yard\u0131mc\u0131 olan harika lezzetli mama. Onlar\u0131n size ihtiyac\u0131 var, bu nedenle onlara m\u00fcmk\u00fcn olan en iyi ve sa\u011fl\u0131kl\u0131 mamay\u0131 sa\u011flamaya \u00e7al\u0131\u015f\u0131yoruz. Kedinizin benzersiz sa\u011fl\u0131k ihtiya\u00e7lar\u0131n\u0131 kar\u015f\u0131layan bilimsel form\u00fcllerin temel al\u0131nd\u0131\u011f\u0131 PRESCRIPTION DIET kedi mamas\u0131, kedilerin uzun ve mutlu bir ya\u015fam s\u00fcrmeleri i\u00e7in ihtiya\u00e7 duyduklar\u0131 her \u015feyi sunan bir besindir.Evcil hayvan mamalar\u0131m\u0131z\u0131 en y\u00fcksek kaliteli malzemelerle \u00fcretiyoruz. Bu malzemeler, safl\u0131k ve besin i\u00e7eri\u011fi konusundaki kat\u0131 kriterlerimizi kar\u015f\u0131lamal\u0131d\u0131r.Bar\u0131naklarda ya\u015fayan evcil hayvanlar\u0131n hayat\u0131nda bir fark yaratabilirsiniz. Sat\u0131n ald\u0131\u011f\u0131n\u0131z her Hill&#8217;s PRESCRIPTION DIET evcil hayvan mamas\u0131yla, her g\u00fcn yani y\u0131l\u0131n 365 g\u00fcn\u00fc 100.000&#8217;den fazla evsiz hayvan\u0131 beslemeye yard\u0131mc\u0131 olabilirsiniz. Daha fazlas\u0131n\u0131 hillsfoodshelterlove.com adresinden \u00f6\u011frenebilirsiniz.Hill\u2019s PRESCRIPTION DIET kedi mamas\u0131, kedinizin benzersiz ihtiya\u00e7lar\u0131n\u0131 kar\u015f\u0131lamak i\u00e7in haz\u0131rlanan ve kedinizin sevece\u011fi lezzetler i\u00e7eren \u00e7e\u015fitli kuru veya \u0131slak konserve mamalar sunmaktad\u0131r.<br \/>\n\u0130\u00c7\u0130NDEK\u0130LER: Bitkisel protein ekstrat\u0131, tah\u0131llar, s\u0131v\u0131 ve kat\u0131 ya\u011flar, yumurta ve yumurta t\u00fcrevleri, mineraller, et ve hayvan t\u00fcrevleri, tohumlar.<br \/>\nKG BA\u015eINA KATKILAR: Besinsel katk\u0131lar: 3b103 (Demir) 97,0mg, 3b405 (Bak\u0131r) 9,6mg, 3b503 (Manganaz) 10,0mg, 3b603 (\u00c7inko) 167mg, do\u011fal antioksidan ile.<br \/>\nANAL\u0130T\u0130K B\u0130LE\u015eENLER: Protein 33,5%, Ya\u011f i\u00e7eri\u011fi 22,0%, Ham sel\u00fcloz 0,93%, Omega-3 ya\u011f asitleri 0,9%, Ham k\u00fcl 6,1%, Kalsiyum 0,86%, Fosfor 0,64%, Sodyum 0,23%, Potasyum 0,86%, Magnezyum 0,08%; kg ba\u015f\u0131na: A Vitamini 9.014IU, D3 Vitamini 783IU, E Vitamini 600mg, C Vitamini 110mg, Beta-karoten 1,5mg, Total iyot 0,18mg, L-karnitin 561mg.<br \/>\nHill&#8217;s PRESCRIPTION DIET y\/d Cat Food, yeti\u015fkin kedilerde hipertiroidizm durumunda yemdeki iyot seviyesini azaltmak i\u00e7in haz\u0131rlanm\u0131\u015f tam ve dengeli diyetetik evcil hayvan mamas\u0131d\u0131r. Bu mama s\u0131n\u0131rland\u0131r\u0131lm\u0131\u015f seviyede iyot i\u00e7erir.<br \/>\nTek beslenme kayna\u011f\u0131 olarak kullan\u0131ld\u0131\u011f\u0131nda 3 haftada tiroid hormonu \u00fcretimini azaltt\u0131\u011f\u0131 klinik olarak kan\u0131tlanm\u0131\u015f tek besin. En iyi sonu\u00e7lar i\u00e7in, bu \u00fcr\u00fcn\u00fcn tutarl\u0131 ve uzun s\u00fcreli verilmesi, \u00fcr\u00fcn faydalar\u0131n\u0131n etkinli\u011fi a\u00e7\u0131s\u0131ndan kritik \u00f6neme sahiptir.<br \/>\nBESLEME TAL\u0130MATI: Yaln\u0131zca \u00f6nerilen PRESCRIPTION DIET mamalarla besleyin. Kullan\u0131m \u00f6ncesinde veteriner hekiminizden evcil hayvan\u0131n\u0131z i\u00e7in \u00f6zel beslenme talimatlar\u0131 isteyin. Komple besleme talimatlar\u0131 i\u00e7in l\u00fctfen ambalaja bak\u0131n. G\u00fcnl\u00fck Beslenme \u00d6nerileri sadece k\u0131lavuz niteli\u011findedir ve ba\u015flang\u0131\u00e7 noktas\u0131n\u0131 ifade eder. Emin olmak i\u00e7in veteriner hekiminize sorun. Temiz su daima mevcut olmal\u0131d\u0131r.<br \/>\nBu mama yeni mi? Eski mama miktar\u0131n\u0131 bir kar\u0131\u015f\u0131m i\u00e7erisinde 7 g\u00fcn veya daha uzun bir s\u00fcre boyunca kademeli olarak azalt\u0131p yeni mamay\u0131 bu s\u00fcrede kademeli olarak art\u0131r\u0131n. Temiz ve taze suyu daima haz\u0131r bulundurun! Evcil hayvan\u0131n\u0131z\u0131n beslenme ihtiya\u00e7lar\u0131 ya\u015fland\u0131k\u00e7a de\u011fi\u015febilir. Her muayenede veteriner hekiminize sorun.<\/p>","protected":false},"featured_media":44304,"comment_status":"open","ping_status":"closed","template":"","meta":{"_acf_changed":false},"product_brand":[],"product_cat":[2434],"product_tag":[],"class_list":{"0":"post-45390","1":"product","2":"type-product","3":"status-publish","4":"has-post-thumbnail","6":"product_cat-receteli-diyet-kedi-mamalari","8":"first","9":"instock","10":"shipping-taxable","11":"product-type-simple"},"acf":[],"yoast_head":"<!-- This site is optimized with the Yoast SEO plugin v27.4 - https:\/\/yoast.com\/product\/yoast-seo-wordpress\/ -->\n<title>Hill&#039;s PD Y\/D Kedi Mamas\u0131 1,5KG - Anadolu Pet Grup<\/title>\n<meta name=\"robots\" content=\"index, follow, max-snippet:-1, max-image-preview:large, max-video-preview:-1\" \/>\n<link rel=\"canonical\" href=\"https:\/\/anadolupet.com.tr\/en\/product\/hills-pd-y-d-kedi-mamasi-15kg\/\" \/>\n<meta property=\"og:locale\" content=\"en_US\" \/>\n<meta property=\"og:type\" content=\"article\" \/>\n<meta property=\"og:title\" content=\"Hill&#039;s PD Y\/D Kedi Mamas\u0131 1,5KG - Anadolu Pet Grup\" \/>\n<meta property=\"og:description\" content=\"Hill&#039;s PRESCRIPTION DIET y\/d kedi mamas\u0131 tek besin kayna\u011f\u0131 olarak kullan\u0131ld\u0131\u011f\u0131nda tiroid hormonu \u00fcretimini 3 haftada azaltt\u0131\u011f\u0131 klinik olarak kan\u0131tlanm\u0131\u015f bir besindir. Tiroid bak\u0131m\u0131na \u00f6zel haz\u0131rlanan bu kedi mamas\u0131 hipertiroidizmi olan kediler i\u00e7in mamadaki iyot seviyelerini d\u00fc\u015f\u00fcrmeye d\u00f6n\u00fck kolay ve verimli bir yol sa\u011flar. Bu \u00fcr\u00fcn\u00fcn tutarl\u0131 ve uzun s\u00fcreli kullan\u0131m\u0131, kedilerde tiroid sorunlar\u0131na kar\u015f\u0131 faydalar\u0131n\u0131n etkili olmas\u0131 i\u00e7in kritik \u00f6neme sahiptir. Kuru ve konserve form\u00fcller ayn\u0131 anda birlikte veya tek ba\u015f\u0131na verilebilir. Bu kuru mama, kedinizin sevece\u011fi ve kar\u015f\u0131 koyamayaca\u011f\u0131, harika bir lezzete sahiptir.Tiroidle ilgili semptomlar\u0131 d\u00fczeldikten sonra bile kedinizin tiroid sa\u011fl\u0131\u011f\u0131n\u0131 korumaya yard\u0131mc\u0131 olmak i\u00e7in PRESCRIPTION DIET y\/d Thyroid Care Kedi Mamas\u0131 ile beslemeye devam etmeniz \u00f6nemlidir. PRESCRIPTION DIET mamalar\u0131m\u0131z\u0131n, onlar\u0131n mutlu ve aktif bir ya\u015fam s\u00fcrmeye devam etmesine nas\u0131l yard\u0131mc\u0131 olabilece\u011fi hakk\u0131nda daha fazla bilgi i\u00e7in veteriner hekiminize dan\u0131\u015f\u0131n.Evcil hayvan\u0131n\u0131z\u0131n ya\u015fam\u0131n\u0131 d\u00f6n\u00fc\u015ft\u00fcrmeye yard\u0131mc\u0131 olan harika lezzetli mama. Onlar\u0131n size ihtiyac\u0131 var, bu nedenle onlara m\u00fcmk\u00fcn olan en iyi ve sa\u011fl\u0131kl\u0131 mamay\u0131 sa\u011flamaya \u00e7al\u0131\u015f\u0131yoruz. Kedinizin benzersiz sa\u011fl\u0131k ihtiya\u00e7lar\u0131n\u0131 kar\u015f\u0131layan bilimsel form\u00fcllerin temel al\u0131nd\u0131\u011f\u0131 PRESCRIPTION DIET kedi mamas\u0131, kedilerin uzun ve mutlu bir ya\u015fam s\u00fcrmeleri i\u00e7in ihtiya\u00e7 duyduklar\u0131 her \u015feyi sunan bir besindir.Evcil hayvan mamalar\u0131m\u0131z\u0131 en y\u00fcksek kaliteli malzemelerle \u00fcretiyoruz. Bu malzemeler, safl\u0131k ve besin i\u00e7eri\u011fi konusundaki kat\u0131 kriterlerimizi kar\u015f\u0131lamal\u0131d\u0131r.Bar\u0131naklarda ya\u015fayan evcil hayvanlar\u0131n hayat\u0131nda bir fark yaratabilirsiniz. Sat\u0131n ald\u0131\u011f\u0131n\u0131z her Hill&#039;s PRESCRIPTION DIET evcil hayvan mamas\u0131yla, her g\u00fcn yani y\u0131l\u0131n 365 g\u00fcn\u00fc 100.000&#039;den fazla evsiz hayvan\u0131 beslemeye yard\u0131mc\u0131 olabilirsiniz. Daha fazlas\u0131n\u0131 hillsfoodshelterlove.com adresinden \u00f6\u011frenebilirsiniz.Hill\u2019s PRESCRIPTION DIET kedi mamas\u0131, kedinizin benzersiz ihtiya\u00e7lar\u0131n\u0131 kar\u015f\u0131lamak i\u00e7in haz\u0131rlanan ve kedinizin sevece\u011fi lezzetler i\u00e7eren \u00e7e\u015fitli kuru veya \u0131slak konserve mamalar sunmaktad\u0131r. \u0130\u00c7\u0130NDEK\u0130LER: Bitkisel protein ekstrat\u0131, tah\u0131llar, s\u0131v\u0131 ve kat\u0131 ya\u011flar, yumurta ve yumurta t\u00fcrevleri, mineraller, et ve hayvan t\u00fcrevleri, tohumlar. KG BA\u015eINA KATKILAR: Besinsel katk\u0131lar: 3b103 (Demir) 97,0mg, 3b405 (Bak\u0131r) 9,6mg, 3b503 (Manganaz) 10,0mg, 3b603 (\u00c7inko) 167mg, do\u011fal antioksidan ile. ANAL\u0130T\u0130K B\u0130LE\u015eENLER: Protein 33,5%, Ya\u011f i\u00e7eri\u011fi 22,0%, Ham sel\u00fcloz 0,93%, Omega-3 ya\u011f asitleri 0,9%, Ham k\u00fcl 6,1%, Kalsiyum 0,86%, Fosfor 0,64%, Sodyum 0,23%, Potasyum 0,86%, Magnezyum 0,08%; kg ba\u015f\u0131na: A Vitamini 9.014IU, D3 Vitamini 783IU, E Vitamini 600mg, C Vitamini 110mg, Beta-karoten 1,5mg, Total iyot 0,18mg, L-karnitin 561mg. Hill&#039;s PRESCRIPTION DIET y\/d Cat Food, yeti\u015fkin kedilerde hipertiroidizm durumunda yemdeki iyot seviyesini azaltmak i\u00e7in haz\u0131rlanm\u0131\u015f tam ve dengeli diyetetik evcil hayvan mamas\u0131d\u0131r. Bu mama s\u0131n\u0131rland\u0131r\u0131lm\u0131\u015f seviyede iyot i\u00e7erir. Tek beslenme kayna\u011f\u0131 olarak kullan\u0131ld\u0131\u011f\u0131nda 3 haftada tiroid hormonu \u00fcretimini azaltt\u0131\u011f\u0131 klinik olarak kan\u0131tlanm\u0131\u015f tek besin. En iyi sonu\u00e7lar i\u00e7in, bu \u00fcr\u00fcn\u00fcn tutarl\u0131 ve uzun s\u00fcreli verilmesi, \u00fcr\u00fcn faydalar\u0131n\u0131n etkinli\u011fi a\u00e7\u0131s\u0131ndan kritik \u00f6neme sahiptir. BESLEME TAL\u0130MATI: Yaln\u0131zca \u00f6nerilen PRESCRIPTION DIET mamalarla besleyin. Kullan\u0131m \u00f6ncesinde veteriner hekiminizden evcil hayvan\u0131n\u0131z i\u00e7in \u00f6zel beslenme talimatlar\u0131 isteyin. Komple besleme talimatlar\u0131 i\u00e7in l\u00fctfen ambalaja bak\u0131n. G\u00fcnl\u00fck Beslenme \u00d6nerileri sadece k\u0131lavuz niteli\u011findedir ve ba\u015flang\u0131\u00e7 noktas\u0131n\u0131 ifade eder. Emin olmak i\u00e7in veteriner hekiminize sorun. Temiz su daima mevcut olmal\u0131d\u0131r. Bu mama yeni mi? Eski mama miktar\u0131n\u0131 bir kar\u0131\u015f\u0131m i\u00e7erisinde 7 g\u00fcn veya daha uzun bir s\u00fcre boyunca kademeli olarak azalt\u0131p yeni mamay\u0131 bu s\u00fcrede kademeli olarak art\u0131r\u0131n. Temiz ve taze suyu daima haz\u0131r bulundurun! Evcil hayvan\u0131n\u0131z\u0131n beslenme ihtiya\u00e7lar\u0131 ya\u015fland\u0131k\u00e7a de\u011fi\u015febilir. Her muayenede veteriner hekiminize sorun.\" \/>\n<meta property=\"og:url\" content=\"https:\/\/anadolupet.com.tr\/en\/product\/hills-pd-y-d-kedi-mamasi-15kg\/\" \/>\n<meta property=\"og:site_name\" content=\"Anadolu Pet Grup\" \/>\n<meta property=\"article:modified_time\" content=\"2026-02-23T12:48:49+00:00\" \/>\n<meta property=\"og:image\" content=\"https:\/\/anadolupet.com.tr\/wp-content\/uploads\/2026\/02\/630-605925.jpg\" \/>\n\t<meta property=\"og:image:width\" content=\"750\" \/>\n\t<meta property=\"og:image:height\" content=\"750\" \/>\n\t<meta property=\"og:image:type\" content=\"image\/jpeg\" \/>\n<meta name=\"twitter:card\" content=\"summary_large_image\" \/>\n<script type=\"application\/ld+json\" class=\"yoast-schema-graph\">{\"@context\":\"https:\\\/\\\/schema.org\",\"@graph\":[{\"@type\":\"WebPage\",\"@id\":\"https:\\\/\\\/anadolupet.com.tr\\\/urun\\\/hills-pd-y-d-kedi-mamasi-15kg\\\/\",\"url\":\"https:\\\/\\\/anadolupet.com.tr\\\/urun\\\/hills-pd-y-d-kedi-mamasi-15kg\\\/\",\"name\":\"Hill's PD Y\\\/D Kedi Mamas\u0131 1,5KG - Anadolu Pet Grup\",\"isPartOf\":{\"@id\":\"https:\\\/\\\/anadolupet.com.tr\\\/#website\"},\"primaryImageOfPage\":{\"@id\":\"https:\\\/\\\/anadolupet.com.tr\\\/urun\\\/hills-pd-y-d-kedi-mamasi-15kg\\\/#primaryimage\"},\"image\":{\"@id\":\"https:\\\/\\\/anadolupet.com.tr\\\/urun\\\/hills-pd-y-d-kedi-mamasi-15kg\\\/#primaryimage\"},\"thumbnailUrl\":\"https:\\\/\\\/anadolupet.com.tr\\\/wp-content\\\/uploads\\\/2026\\\/02\\\/630-605925.jpg\",\"datePublished\":\"2026-02-14T14:41:31+00:00\",\"dateModified\":\"2026-02-23T12:48:49+00:00\",\"breadcrumb\":{\"@id\":\"https:\\\/\\\/anadolupet.com.tr\\\/urun\\\/hills-pd-y-d-kedi-mamasi-15kg\\\/#breadcrumb\"},\"inLanguage\":\"en-US\",\"potentialAction\":[{\"@type\":\"ReadAction\",\"target\":[\"https:\\\/\\\/anadolupet.com.tr\\\/urun\\\/hills-pd-y-d-kedi-mamasi-15kg\\\/\"]}]},{\"@type\":\"ImageObject\",\"inLanguage\":\"en-US\",\"@id\":\"https:\\\/\\\/anadolupet.com.tr\\\/urun\\\/hills-pd-y-d-kedi-mamasi-15kg\\\/#primaryimage\",\"url\":\"https:\\\/\\\/anadolupet.com.tr\\\/wp-content\\\/uploads\\\/2026\\\/02\\\/630-605925.jpg\",\"contentUrl\":\"https:\\\/\\\/anadolupet.com.tr\\\/wp-content\\\/uploads\\\/2026\\\/02\\\/630-605925.jpg\",\"width\":750,\"height\":750},{\"@type\":\"BreadcrumbList\",\"@id\":\"https:\\\/\\\/anadolupet.com.tr\\\/urun\\\/hills-pd-y-d-kedi-mamasi-15kg\\\/#breadcrumb\",\"itemListElement\":[{\"@type\":\"ListItem\",\"position\":1,\"name\":\"Anasayfa\",\"item\":\"https:\\\/\\\/anadolupet.com.tr\\\/\"},{\"@type\":\"ListItem\",\"position\":2,\"name\":\"\u00dcr\u00fcnler\",\"item\":\"https:\\\/\\\/anadolupet.com.tr\\\/urunler\\\/\"},{\"@type\":\"ListItem\",\"position\":3,\"name\":\"Hill&#8217;s PD Y\\\/D Kedi Mamas\u0131 1,5KG\"}]},{\"@type\":\"WebSite\",\"@id\":\"https:\\\/\\\/anadolupet.com.tr\\\/#website\",\"url\":\"https:\\\/\\\/anadolupet.com.tr\\\/\",\"name\":\"Anadolu Pet Grup\",\"description\":\"Her Can\u0131n \u0130yi Ya\u015fam\u0131 \u0130\u00e7in Biraraday\u0131z\",\"publisher\":{\"@id\":\"https:\\\/\\\/anadolupet.com.tr\\\/#organization\"},\"potentialAction\":[{\"@type\":\"SearchAction\",\"target\":{\"@type\":\"EntryPoint\",\"urlTemplate\":\"https:\\\/\\\/anadolupet.com.tr\\\/?s={search_term_string}\"},\"query-input\":{\"@type\":\"PropertyValueSpecification\",\"valueRequired\":true,\"valueName\":\"search_term_string\"}}],\"inLanguage\":\"en-US\"},{\"@type\":\"Organization\",\"@id\":\"https:\\\/\\\/anadolupet.com.tr\\\/#organization\",\"name\":\"Anadolu Pet Grup\",\"alternateName\":\"Anadolu Pet\",\"url\":\"https:\\\/\\\/anadolupet.com.tr\\\/\",\"logo\":{\"@type\":\"ImageObject\",\"inLanguage\":\"en-US\",\"@id\":\"https:\\\/\\\/anadolupet.com.tr\\\/#\\\/schema\\\/logo\\\/image\\\/\",\"url\":\"https:\\\/\\\/anadolupet.com.tr\\\/wp-content\\\/uploads\\\/2026\\\/03\\\/1614666743370.jpg\",\"contentUrl\":\"https:\\\/\\\/anadolupet.com.tr\\\/wp-content\\\/uploads\\\/2026\\\/03\\\/1614666743370.jpg\",\"width\":800,\"height\":571,\"caption\":\"Anadolu Pet Grup\"},\"image\":{\"@id\":\"https:\\\/\\\/anadolupet.com.tr\\\/#\\\/schema\\\/logo\\\/image\\\/\"}}]}<\/script>\n<!-- \/ Yoast SEO plugin. -->","yoast_head_json":{"title":"Hill's PD Y\/D Kedi Mamas\u0131 1,5KG - Anadolu Pet Grup","robots":{"index":"index","follow":"follow","max-snippet":"max-snippet:-1","max-image-preview":"max-image-preview:large","max-video-preview":"max-video-preview:-1"},"canonical":"https:\/\/anadolupet.com.tr\/en\/product\/hills-pd-y-d-kedi-mamasi-15kg\/","og_locale":"en_US","og_type":"article","og_title":"Hill's PD Y\/D Kedi Mamas\u0131 1,5KG - Anadolu Pet Grup","og_description":"Hill's PRESCRIPTION DIET y\/d kedi mamas\u0131 tek besin kayna\u011f\u0131 olarak kullan\u0131ld\u0131\u011f\u0131nda tiroid hormonu \u00fcretimini 3 haftada azaltt\u0131\u011f\u0131 klinik olarak kan\u0131tlanm\u0131\u015f bir besindir. Tiroid bak\u0131m\u0131na \u00f6zel haz\u0131rlanan bu kedi mamas\u0131 hipertiroidizmi olan kediler i\u00e7in mamadaki iyot seviyelerini d\u00fc\u015f\u00fcrmeye d\u00f6n\u00fck kolay ve verimli bir yol sa\u011flar. Bu \u00fcr\u00fcn\u00fcn tutarl\u0131 ve uzun s\u00fcreli kullan\u0131m\u0131, kedilerde tiroid sorunlar\u0131na kar\u015f\u0131 faydalar\u0131n\u0131n etkili olmas\u0131 i\u00e7in kritik \u00f6neme sahiptir. Kuru ve konserve form\u00fcller ayn\u0131 anda birlikte veya tek ba\u015f\u0131na verilebilir. Bu kuru mama, kedinizin sevece\u011fi ve kar\u015f\u0131 koyamayaca\u011f\u0131, harika bir lezzete sahiptir.Tiroidle ilgili semptomlar\u0131 d\u00fczeldikten sonra bile kedinizin tiroid sa\u011fl\u0131\u011f\u0131n\u0131 korumaya yard\u0131mc\u0131 olmak i\u00e7in PRESCRIPTION DIET y\/d Thyroid Care Kedi Mamas\u0131 ile beslemeye devam etmeniz \u00f6nemlidir. PRESCRIPTION DIET mamalar\u0131m\u0131z\u0131n, onlar\u0131n mutlu ve aktif bir ya\u015fam s\u00fcrmeye devam etmesine nas\u0131l yard\u0131mc\u0131 olabilece\u011fi hakk\u0131nda daha fazla bilgi i\u00e7in veteriner hekiminize dan\u0131\u015f\u0131n.Evcil hayvan\u0131n\u0131z\u0131n ya\u015fam\u0131n\u0131 d\u00f6n\u00fc\u015ft\u00fcrmeye yard\u0131mc\u0131 olan harika lezzetli mama. Onlar\u0131n size ihtiyac\u0131 var, bu nedenle onlara m\u00fcmk\u00fcn olan en iyi ve sa\u011fl\u0131kl\u0131 mamay\u0131 sa\u011flamaya \u00e7al\u0131\u015f\u0131yoruz. Kedinizin benzersiz sa\u011fl\u0131k ihtiya\u00e7lar\u0131n\u0131 kar\u015f\u0131layan bilimsel form\u00fcllerin temel al\u0131nd\u0131\u011f\u0131 PRESCRIPTION DIET kedi mamas\u0131, kedilerin uzun ve mutlu bir ya\u015fam s\u00fcrmeleri i\u00e7in ihtiya\u00e7 duyduklar\u0131 her \u015feyi sunan bir besindir.Evcil hayvan mamalar\u0131m\u0131z\u0131 en y\u00fcksek kaliteli malzemelerle \u00fcretiyoruz. Bu malzemeler, safl\u0131k ve besin i\u00e7eri\u011fi konusundaki kat\u0131 kriterlerimizi kar\u015f\u0131lamal\u0131d\u0131r.Bar\u0131naklarda ya\u015fayan evcil hayvanlar\u0131n hayat\u0131nda bir fark yaratabilirsiniz. Sat\u0131n ald\u0131\u011f\u0131n\u0131z her Hill's PRESCRIPTION DIET evcil hayvan mamas\u0131yla, her g\u00fcn yani y\u0131l\u0131n 365 g\u00fcn\u00fc 100.000'den fazla evsiz hayvan\u0131 beslemeye yard\u0131mc\u0131 olabilirsiniz. Daha fazlas\u0131n\u0131 hillsfoodshelterlove.com adresinden \u00f6\u011frenebilirsiniz.Hill\u2019s PRESCRIPTION DIET kedi mamas\u0131, kedinizin benzersiz ihtiya\u00e7lar\u0131n\u0131 kar\u015f\u0131lamak i\u00e7in haz\u0131rlanan ve kedinizin sevece\u011fi lezzetler i\u00e7eren \u00e7e\u015fitli kuru veya \u0131slak konserve mamalar sunmaktad\u0131r. \u0130\u00c7\u0130NDEK\u0130LER: Bitkisel protein ekstrat\u0131, tah\u0131llar, s\u0131v\u0131 ve kat\u0131 ya\u011flar, yumurta ve yumurta t\u00fcrevleri, mineraller, et ve hayvan t\u00fcrevleri, tohumlar. KG BA\u015eINA KATKILAR: Besinsel katk\u0131lar: 3b103 (Demir) 97,0mg, 3b405 (Bak\u0131r) 9,6mg, 3b503 (Manganaz) 10,0mg, 3b603 (\u00c7inko) 167mg, do\u011fal antioksidan ile. ANAL\u0130T\u0130K B\u0130LE\u015eENLER: Protein 33,5%, Ya\u011f i\u00e7eri\u011fi 22,0%, Ham sel\u00fcloz 0,93%, Omega-3 ya\u011f asitleri 0,9%, Ham k\u00fcl 6,1%, Kalsiyum 0,86%, Fosfor 0,64%, Sodyum 0,23%, Potasyum 0,86%, Magnezyum 0,08%; kg ba\u015f\u0131na: A Vitamini 9.014IU, D3 Vitamini 783IU, E Vitamini 600mg, C Vitamini 110mg, Beta-karoten 1,5mg, Total iyot 0,18mg, L-karnitin 561mg. Hill's PRESCRIPTION DIET y\/d Cat Food, yeti\u015fkin kedilerde hipertiroidizm durumunda yemdeki iyot seviyesini azaltmak i\u00e7in haz\u0131rlanm\u0131\u015f tam ve dengeli diyetetik evcil hayvan mamas\u0131d\u0131r. Bu mama s\u0131n\u0131rland\u0131r\u0131lm\u0131\u015f seviyede iyot i\u00e7erir. Tek beslenme kayna\u011f\u0131 olarak kullan\u0131ld\u0131\u011f\u0131nda 3 haftada tiroid hormonu \u00fcretimini azaltt\u0131\u011f\u0131 klinik olarak kan\u0131tlanm\u0131\u015f tek besin. En iyi sonu\u00e7lar i\u00e7in, bu \u00fcr\u00fcn\u00fcn tutarl\u0131 ve uzun s\u00fcreli verilmesi, \u00fcr\u00fcn faydalar\u0131n\u0131n etkinli\u011fi a\u00e7\u0131s\u0131ndan kritik \u00f6neme sahiptir. BESLEME TAL\u0130MATI: Yaln\u0131zca \u00f6nerilen PRESCRIPTION DIET mamalarla besleyin. Kullan\u0131m \u00f6ncesinde veteriner hekiminizden evcil hayvan\u0131n\u0131z i\u00e7in \u00f6zel beslenme talimatlar\u0131 isteyin. Komple besleme talimatlar\u0131 i\u00e7in l\u00fctfen ambalaja bak\u0131n. G\u00fcnl\u00fck Beslenme \u00d6nerileri sadece k\u0131lavuz niteli\u011findedir ve ba\u015flang\u0131\u00e7 noktas\u0131n\u0131 ifade eder. Emin olmak i\u00e7in veteriner hekiminize sorun. Temiz su daima mevcut olmal\u0131d\u0131r. Bu mama yeni mi? Eski mama miktar\u0131n\u0131 bir kar\u0131\u015f\u0131m i\u00e7erisinde 7 g\u00fcn veya daha uzun bir s\u00fcre boyunca kademeli olarak azalt\u0131p yeni mamay\u0131 bu s\u00fcrede kademeli olarak art\u0131r\u0131n. Temiz ve taze suyu daima haz\u0131r bulundurun! Evcil hayvan\u0131n\u0131z\u0131n beslenme ihtiya\u00e7lar\u0131 ya\u015fland\u0131k\u00e7a de\u011fi\u015febilir. Her muayenede veteriner hekiminize sorun.","og_url":"https:\/\/anadolupet.com.tr\/en\/product\/hills-pd-y-d-kedi-mamasi-15kg\/","og_site_name":"Anadolu Pet Grup","article_modified_time":"2026-02-23T12:48:49+00:00","og_image":[{"width":750,"height":750,"url":"https:\/\/anadolupet.com.tr\/wp-content\/uploads\/2026\/02\/630-605925.jpg","type":"image\/jpeg"}],"twitter_card":"summary_large_image","schema":{"@context":"https:\/\/schema.org","@graph":[{"@type":"WebPage","@id":"https:\/\/anadolupet.com.tr\/urun\/hills-pd-y-d-kedi-mamasi-15kg\/","url":"https:\/\/anadolupet.com.tr\/urun\/hills-pd-y-d-kedi-mamasi-15kg\/","name":"Hill's PD Y\/D Kedi Mamas\u0131 1,5KG - Anadolu Pet Grup","isPartOf":{"@id":"https:\/\/anadolupet.com.tr\/#website"},"primaryImageOfPage":{"@id":"https:\/\/anadolupet.com.tr\/urun\/hills-pd-y-d-kedi-mamasi-15kg\/#primaryimage"},"image":{"@id":"https:\/\/anadolupet.com.tr\/urun\/hills-pd-y-d-kedi-mamasi-15kg\/#primaryimage"},"thumbnailUrl":"https:\/\/anadolupet.com.tr\/wp-content\/uploads\/2026\/02\/630-605925.jpg","datePublished":"2026-02-14T14:41:31+00:00","dateModified":"2026-02-23T12:48:49+00:00","breadcrumb":{"@id":"https:\/\/anadolupet.com.tr\/urun\/hills-pd-y-d-kedi-mamasi-15kg\/#breadcrumb"},"inLanguage":"en-US","potentialAction":[{"@type":"ReadAction","target":["https:\/\/anadolupet.com.tr\/urun\/hills-pd-y-d-kedi-mamasi-15kg\/"]}]},{"@type":"ImageObject","inLanguage":"en-US","@id":"https:\/\/anadolupet.com.tr\/urun\/hills-pd-y-d-kedi-mamasi-15kg\/#primaryimage","url":"https:\/\/anadolupet.com.tr\/wp-content\/uploads\/2026\/02\/630-605925.jpg","contentUrl":"https:\/\/anadolupet.com.tr\/wp-content\/uploads\/2026\/02\/630-605925.jpg","width":750,"height":750},{"@type":"BreadcrumbList","@id":"https:\/\/anadolupet.com.tr\/urun\/hills-pd-y-d-kedi-mamasi-15kg\/#breadcrumb","itemListElement":[{"@type":"ListItem","position":1,"name":"Anasayfa","item":"https:\/\/anadolupet.com.tr\/"},{"@type":"ListItem","position":2,"name":"\u00dcr\u00fcnler","item":"https:\/\/anadolupet.com.tr\/urunler\/"},{"@type":"ListItem","position":3,"name":"Hill&#8217;s PD Y\/D Kedi Mamas\u0131 1,5KG"}]},{"@type":"WebSite","@id":"https:\/\/anadolupet.com.tr\/#website","url":"https:\/\/anadolupet.com.tr\/","name":"Anadolu Pet Group","description":"We Stand Together for the Well-Being of Every Life","publisher":{"@id":"https:\/\/anadolupet.com.tr\/#organization"},"potentialAction":[{"@type":"SearchAction","target":{"@type":"EntryPoint","urlTemplate":"https:\/\/anadolupet.com.tr\/?s={search_term_string}"},"query-input":{"@type":"PropertyValueSpecification","valueRequired":true,"valueName":"search_term_string"}}],"inLanguage":"en-US"},{"@type":"Organization","@id":"https:\/\/anadolupet.com.tr\/#organization","name":"Anadolu Pet Group","alternateName":"Anadolu Pet","url":"https:\/\/anadolupet.com.tr\/","logo":{"@type":"ImageObject","inLanguage":"en-US","@id":"https:\/\/anadolupet.com.tr\/#\/schema\/logo\/image\/","url":"https:\/\/anadolupet.com.tr\/wp-content\/uploads\/2026\/03\/1614666743370.jpg","contentUrl":"https:\/\/anadolupet.com.tr\/wp-content\/uploads\/2026\/03\/1614666743370.jpg","width":800,"height":571,"caption":"Anadolu Pet Grup"},"image":{"@id":"https:\/\/anadolupet.com.tr\/#\/schema\/logo\/image\/"}}]}},"_links":{"self":[{"href":"https:\/\/anadolupet.com.tr\/en\/wp-json\/wp\/v2\/product\/45390","targetHints":{"allow":["GET"]}}],"collection":[{"href":"https:\/\/anadolupet.com.tr\/en\/wp-json\/wp\/v2\/product"}],"about":[{"href":"https:\/\/anadolupet.com.tr\/en\/wp-json\/wp\/v2\/types\/product"}],"replies":[{"embeddable":true,"href":"https:\/\/anadolupet.com.tr\/en\/wp-json\/wp\/v2\/comments?post=45390"}],"wp:featuredmedia":[{"embeddable":true,"href":"https:\/\/anadolupet.com.tr\/en\/wp-json\/wp\/v2\/media\/44304"}],"wp:attachment":[{"href":"https:\/\/anadolupet.com.tr\/en\/wp-json\/wp\/v2\/media?parent=45390"}],"wp:term":[{"taxonomy":"product_brand","embeddable":true,"href":"https:\/\/anadolupet.com.tr\/en\/wp-json\/wp\/v2\/product_brand?post=45390"},{"taxonomy":"product_cat","embeddable":true,"href":"https:\/\/anadolupet.com.tr\/en\/wp-json\/wp\/v2\/product_cat?post=45390"},{"taxonomy":"product_tag","embeddable":true,"href":"https:\/\/anadolupet.com.tr\/en\/wp-json\/wp\/v2\/product_tag?post=45390"}],"curies":[{"name":"wp","href":"https:\/\/api.w.org\/{rel}","templated":true}]}}