{"id":45391,"date":"2026-02-14T14:41:31","date_gmt":"2026-02-14T14:41:31","guid":{"rendered":"https:\/\/anadolupet.com.tr\/?post_type=product&#038;p=45391"},"modified":"2026-02-23T12:48:49","modified_gmt":"2026-02-23T12:48:49","slug":"hills-pd-z-d-kedi-mamasi-3kg","status":"publish","type":"product","link":"https:\/\/anadolupet.com.tr\/en\/urun\/hills-pd-z-d-kedi-mamasi-3kg\/","title":{"rendered":"Hill&#8217;s PD Z\/D Kedi Mamas\u0131 3KG"},"content":{"rendered":"","protected":false},"excerpt":{"rendered":"<p>L\u00fctfen unutmay\u0131n; ActivBiome+ teknolojisinin eklenmesinden \u00f6nce bu diyet \u00fcr\u00fcn\u00fc daha \u00f6nce kullanm\u0131\u015f olan m\u00fc\u015fteriler i\u00e7in evcil hayvan\u0131n\u0131z\u0131, 7 g\u00fcnl\u00fck bir s\u00fcre i\u00e7inde bu y\u00fckseltilmi\u015f form\u00fcle ge\u00e7irmeniz \u00f6nerilir. Herhangi bir ek bilgi i\u00e7in l\u00fctfen veteriner hekiminize dan\u0131\u015f\u0131n.<br \/>\nHill&#8217;s PRESCRIPTION DIET z\/d kedi mamas\u0131, g\u0131da intoleranslar\u0131ndan kaynaklanan cilt ve sindirim sistemi sorunlar\u0131n\u0131 azaltmak i\u00e7in \u00f6zel olarak form\u00fcle edilmi\u015f klinik beslenme \u00e7e\u015fididir. Olumsuz g\u0131da reaksiyonlar\u0131n\u0131 \u00f6nlemeye yard\u0131mc\u0131 oldu\u011fu klinik olarak kan\u0131tlanm\u0131\u015f, sindirim sistemi bak\u0131m\u0131na y\u00f6nelik bir kedi mamas\u0131d\u0131r. PRESCRIPTION DIET z\/d, sa\u011fl\u0131kl\u0131 bir ba\u011f\u0131\u015f\u0131kl\u0131k sistemini desteklemeye yard\u0131mc\u0131 olmak i\u00e7in klinik olarak kan\u0131tlanm\u0131\u015f antioksidanlar i\u00e7eren hidrolize proteinli bir kedi mamas\u0131d\u0131r. Bu kuru kedi mamas\u0131, kedinizin sevece\u011fi lezzetli bir tada sahiptir.<br \/>\nG\u0131da duyarl\u0131l\u0131\u011f\u0131 ve intolerans\u0131, tahri\u015f olmu\u015f cilt, t\u00fcy ve kulak rahats\u0131zl\u0131klar\u0131 ve hatta mide-ba\u011f\u0131rsak rahats\u0131zl\u0131klar\u0131 ile sonu\u00e7lanabilecek potansiyel olarak ciddi problemlerdir. Olumsuz g\u0131da reaksiyonlar\u0131 olarak da adland\u0131r\u0131lan g\u0131da duyarl\u0131l\u0131\u011f\u0131 veya intolerans\u0131 olan kediler, tipik olarak g\u0131dadaki proteine \u200b\u200b\u200b\u200banormal bir tepki verir. Kediniz olumsuz bir g\u0131da reaksiyonundan muzdaripse, do\u011fru mamay\u0131 beslemek daha da \u00f6nemlidir.<br \/>\nSemptomlar\u0131 d\u00fczeldikten sonra bile kedinizin g\u0131da intoleranslar\u0131n\u0131 azaltmaya yard\u0131mc\u0131 olmak i\u00e7in PRESCRIPTION DIET z\/d G\u0131da Hassasiyetleri Kedi Mamas\u0131 beslemeye devam etmek \u00f6nemlidir. PRESCRIPTION DIET mamalar\u0131n\u0131n kedinizin mutlu ve aktif bir ya\u015fam s\u00fcrmeye devam etmesine nas\u0131l yard\u0131mc\u0131 olabilece\u011fi hakk\u0131nda daha fazla bilgi i\u00e7in veteriner hekiminize dan\u0131\u015f\u0131n.<br \/>\nEvcil hayvan\u0131n\u0131z\u0131n hayat\u0131n\u0131 de\u011fi\u015ftirmeye yard\u0131mc\u0131 olan harika tada sahip beslenme. Size sorumluluklar\u0131n\u0131zda olduklar\u0131 i\u00e7in, insanca, m\u00fcmk\u00fcn olan en iyi mamay\u0131 sa\u011flamaya \u00e7al\u0131\u015f\u0131yoruz. Kedinizin benzersiz sa\u011fl\u0131k ihtiya\u00e7lar\u0131n\u0131 kar\u015f\u0131lamak i\u00e7in bilime \u00f6ncelik veren form\u00fcllerle, PRESCRIPTION DIET kedi mamas\u0131, uzun ve mutlu bir ya\u015fam s\u00fcrmeleri i\u00e7in ihtiya\u00e7 duyduklar\u0131 hedeflenen beslenmedir.<br \/>\nEvcil hayvan mamalar\u0131m\u0131z\u0131 en y\u00fcksek kaliteli malzemelerle \u00fcretiyoruz. Bu malzemeler, safl\u0131k ve besin i\u00e7eri\u011fi konusundaki kat\u0131 kriterlerimizi kar\u015f\u0131lar.<br \/>\nHill&#8217;s PRESCRIPTION DIET evcil hayvan mamalar\u0131 ve \u00f6d\u00fcl mamalar\u0131, k\u00f6pe\u011finizin benzersiz ihtiya\u00e7lar\u0131n\u0131 kar\u015f\u0131lamak i\u00e7in haz\u0131rlanan ve k\u00f6pe\u011finizin bay\u0131laca\u011f\u0131 lezzetler i\u00e7eren, \u00e7e\u015fitli kuru ve ya\u015f konserve mamalar sunmaktad\u0131r.<br \/>\n\u0130\u00c7\u0130NDEK\u0130LER: Tah\u0131llar, bitkisel protein ekstraktlar\u0131, et ve hayvansal t\u00fcrevler, s\u0131v\u0131 ve kat\u0131 ya\u011flar (bal\u0131k ya\u011f\u0131 %1), mineraller, bitkisel k\u00f6kenli t\u00fcrevler, meyve, tohumlar.<br \/>\nKG BA\u015eINA D\u00dc\u015eEN KATKI MADDELER\u0130: Besleyici katk\u0131 maddeleri: 3b103 (Demir) 90,8mg, 3b202 (\u0130yot) 4,0mg, 3b405 (Bak\u0131r) 10,6mg, 3b502 (Manganez) 9,4mg, 3b603 (\u00c7inko) 141mg; do\u011fal antioksidan.<br \/>\nANAL\u0130T\u0130K B\u0130LE\u015eENLER: Protein %32,0, Ya\u011f i\u00e7eri\u011fi %15,3, Ham lif %2,4, Ham k\u00fcl %5,9, Faydal\u0131 ya\u011f asitleri %5,5, Kalsiyum %0,75, Fosfor %0,62, Sodyum %0,28, Potasyum %0,91, Magnezyum %0,07; kg ba\u015f\u0131na: Vitamin A 5,875IU, Vitamin D3 1,025IU, Vitamin E 848mg, Vitamin C 144mg, Beta-karoten 2mg.<br \/>\nHill&#8217;s PRESCRIPTION DIET z\/d Kedi Mamas\u0131, yeti\u015fkin kedilerde i\u00e7erik ve g\u0131da intoleranslar\u0131n\u0131 azaltmaya y\u00f6nelik, tam diyetetik bir evcil hayvan mamas\u0131d\u0131r. Bu diyetetik evcil hayvan mamas\u0131 se\u00e7ili bir karbonhidrat kayna\u011f\u0131 ve hidrolize protein kayna\u011f\u0131 i\u00e7ermektedir.<br \/>\nBESLEME TAL\u0130MATI: Yaln\u0131zca \u00f6nerilen PRESCRIPTION DIET mamas\u0131n\u0131 besleyin. B\u00fct\u00fcn besleme talimatlar\u0131 i\u00e7in l\u00fctfen pakete bak\u0131n\u0131z. Mama miktar\u0131n\u0131 ideal kiloyu koruyacak \u015fekilde ayarlay\u0131n. E\u011fer emin de\u011fil iseniz, veteriner hekiminize dan\u0131\u015f\u0131n\u0131z. Bu mamay\u0131 ilk defa m\u0131 kullan\u0131yorsunuz? Eski mama ile yeni maman\u0131n bir kar\u0131\u015f\u0131m\u0131n\u0131 haz\u0131rlay\u0131n\u0131z ve eski maman\u0131n miktar\u0131n\u0131 kademeli olarak azaltarak 7 g\u00fcn sonunda yeni mamaya tamamen ge\u00e7i\u015f yap\u0131n\u0131z. Her zaman taze ve temiz su bulundurdu\u011funuzdan emin olunuz! Evcil hayvan\u0131n\u0131z\u0131n ihtiya\u00e7lar\u0131, o ya\u015fland\u0131k\u00e7a de\u011fi\u015fiklik g\u00f6sterebilir. Veteriner hekiminize her kontrolde sormay\u0131 ihmal etmeyiniz.<\/p>","protected":false},"featured_media":44317,"comment_status":"open","ping_status":"closed","template":"","meta":{"_acf_changed":false},"product_brand":[],"product_cat":[2434],"product_tag":[],"class_list":{"0":"post-45391","1":"product","2":"type-product","3":"status-publish","4":"has-post-thumbnail","6":"product_cat-receteli-diyet-kedi-mamalari","8":"first","9":"instock","10":"shipping-taxable","11":"product-type-simple"},"acf":[],"yoast_head":"<!-- This site is optimized with the Yoast SEO plugin v27.4 - https:\/\/yoast.com\/product\/yoast-seo-wordpress\/ -->\n<title>Hill&#039;s PD Z\/D Kedi Mamas\u0131 3KG - Anadolu Pet Grup<\/title>\n<meta name=\"robots\" content=\"index, follow, max-snippet:-1, max-image-preview:large, max-video-preview:-1\" \/>\n<link rel=\"canonical\" href=\"https:\/\/anadolupet.com.tr\/en\/product\/hills-pd-z-d-kedi-mamasi-3kg\/\" \/>\n<meta property=\"og:locale\" content=\"en_US\" \/>\n<meta property=\"og:type\" content=\"article\" \/>\n<meta property=\"og:title\" content=\"Hill&#039;s PD Z\/D Kedi Mamas\u0131 3KG - Anadolu Pet Grup\" \/>\n<meta property=\"og:description\" content=\"L\u00fctfen unutmay\u0131n; ActivBiome+ teknolojisinin eklenmesinden \u00f6nce bu diyet \u00fcr\u00fcn\u00fc daha \u00f6nce kullanm\u0131\u015f olan m\u00fc\u015fteriler i\u00e7in evcil hayvan\u0131n\u0131z\u0131, 7 g\u00fcnl\u00fck bir s\u00fcre i\u00e7inde bu y\u00fckseltilmi\u015f form\u00fcle ge\u00e7irmeniz \u00f6nerilir. Herhangi bir ek bilgi i\u00e7in l\u00fctfen veteriner hekiminize dan\u0131\u015f\u0131n. Hill&#039;s PRESCRIPTION DIET z\/d kedi mamas\u0131, g\u0131da intoleranslar\u0131ndan kaynaklanan cilt ve sindirim sistemi sorunlar\u0131n\u0131 azaltmak i\u00e7in \u00f6zel olarak form\u00fcle edilmi\u015f klinik beslenme \u00e7e\u015fididir. Olumsuz g\u0131da reaksiyonlar\u0131n\u0131 \u00f6nlemeye yard\u0131mc\u0131 oldu\u011fu klinik olarak kan\u0131tlanm\u0131\u015f, sindirim sistemi bak\u0131m\u0131na y\u00f6nelik bir kedi mamas\u0131d\u0131r. PRESCRIPTION DIET z\/d, sa\u011fl\u0131kl\u0131 bir ba\u011f\u0131\u015f\u0131kl\u0131k sistemini desteklemeye yard\u0131mc\u0131 olmak i\u00e7in klinik olarak kan\u0131tlanm\u0131\u015f antioksidanlar i\u00e7eren hidrolize proteinli bir kedi mamas\u0131d\u0131r. Bu kuru kedi mamas\u0131, kedinizin sevece\u011fi lezzetli bir tada sahiptir. G\u0131da duyarl\u0131l\u0131\u011f\u0131 ve intolerans\u0131, tahri\u015f olmu\u015f cilt, t\u00fcy ve kulak rahats\u0131zl\u0131klar\u0131 ve hatta mide-ba\u011f\u0131rsak rahats\u0131zl\u0131klar\u0131 ile sonu\u00e7lanabilecek potansiyel olarak ciddi problemlerdir. Olumsuz g\u0131da reaksiyonlar\u0131 olarak da adland\u0131r\u0131lan g\u0131da duyarl\u0131l\u0131\u011f\u0131 veya intolerans\u0131 olan kediler, tipik olarak g\u0131dadaki proteine \u200b\u200b\u200b\u200banormal bir tepki verir. Kediniz olumsuz bir g\u0131da reaksiyonundan muzdaripse, do\u011fru mamay\u0131 beslemek daha da \u00f6nemlidir. Semptomlar\u0131 d\u00fczeldikten sonra bile kedinizin g\u0131da intoleranslar\u0131n\u0131 azaltmaya yard\u0131mc\u0131 olmak i\u00e7in PRESCRIPTION DIET z\/d G\u0131da Hassasiyetleri Kedi Mamas\u0131 beslemeye devam etmek \u00f6nemlidir. PRESCRIPTION DIET mamalar\u0131n\u0131n kedinizin mutlu ve aktif bir ya\u015fam s\u00fcrmeye devam etmesine nas\u0131l yard\u0131mc\u0131 olabilece\u011fi hakk\u0131nda daha fazla bilgi i\u00e7in veteriner hekiminize dan\u0131\u015f\u0131n. Evcil hayvan\u0131n\u0131z\u0131n hayat\u0131n\u0131 de\u011fi\u015ftirmeye yard\u0131mc\u0131 olan harika tada sahip beslenme. Size sorumluluklar\u0131n\u0131zda olduklar\u0131 i\u00e7in, insanca, m\u00fcmk\u00fcn olan en iyi mamay\u0131 sa\u011flamaya \u00e7al\u0131\u015f\u0131yoruz. Kedinizin benzersiz sa\u011fl\u0131k ihtiya\u00e7lar\u0131n\u0131 kar\u015f\u0131lamak i\u00e7in bilime \u00f6ncelik veren form\u00fcllerle, PRESCRIPTION DIET kedi mamas\u0131, uzun ve mutlu bir ya\u015fam s\u00fcrmeleri i\u00e7in ihtiya\u00e7 duyduklar\u0131 hedeflenen beslenmedir. Evcil hayvan mamalar\u0131m\u0131z\u0131 en y\u00fcksek kaliteli malzemelerle \u00fcretiyoruz. Bu malzemeler, safl\u0131k ve besin i\u00e7eri\u011fi konusundaki kat\u0131 kriterlerimizi kar\u015f\u0131lar. Hill&#039;s PRESCRIPTION DIET evcil hayvan mamalar\u0131 ve \u00f6d\u00fcl mamalar\u0131, k\u00f6pe\u011finizin benzersiz ihtiya\u00e7lar\u0131n\u0131 kar\u015f\u0131lamak i\u00e7in haz\u0131rlanan ve k\u00f6pe\u011finizin bay\u0131laca\u011f\u0131 lezzetler i\u00e7eren, \u00e7e\u015fitli kuru ve ya\u015f konserve mamalar sunmaktad\u0131r. \u0130\u00c7\u0130NDEK\u0130LER: Tah\u0131llar, bitkisel protein ekstraktlar\u0131, et ve hayvansal t\u00fcrevler, s\u0131v\u0131 ve kat\u0131 ya\u011flar (bal\u0131k ya\u011f\u0131 %1), mineraller, bitkisel k\u00f6kenli t\u00fcrevler, meyve, tohumlar. KG BA\u015eINA D\u00dc\u015eEN KATKI MADDELER\u0130: Besleyici katk\u0131 maddeleri: 3b103 (Demir) 90,8mg, 3b202 (\u0130yot) 4,0mg, 3b405 (Bak\u0131r) 10,6mg, 3b502 (Manganez) 9,4mg, 3b603 (\u00c7inko) 141mg; do\u011fal antioksidan. ANAL\u0130T\u0130K B\u0130LE\u015eENLER: Protein %32,0, Ya\u011f i\u00e7eri\u011fi %15,3, Ham lif %2,4, Ham k\u00fcl %5,9, Faydal\u0131 ya\u011f asitleri %5,5, Kalsiyum %0,75, Fosfor %0,62, Sodyum %0,28, Potasyum %0,91, Magnezyum %0,07; kg ba\u015f\u0131na: Vitamin A 5,875IU, Vitamin D3 1,025IU, Vitamin E 848mg, Vitamin C 144mg, Beta-karoten 2mg. Hill&#039;s PRESCRIPTION DIET z\/d Kedi Mamas\u0131, yeti\u015fkin kedilerde i\u00e7erik ve g\u0131da intoleranslar\u0131n\u0131 azaltmaya y\u00f6nelik, tam diyetetik bir evcil hayvan mamas\u0131d\u0131r. Bu diyetetik evcil hayvan mamas\u0131 se\u00e7ili bir karbonhidrat kayna\u011f\u0131 ve hidrolize protein kayna\u011f\u0131 i\u00e7ermektedir. BESLEME TAL\u0130MATI: Yaln\u0131zca \u00f6nerilen PRESCRIPTION DIET mamas\u0131n\u0131 besleyin. B\u00fct\u00fcn besleme talimatlar\u0131 i\u00e7in l\u00fctfen pakete bak\u0131n\u0131z. Mama miktar\u0131n\u0131 ideal kiloyu koruyacak \u015fekilde ayarlay\u0131n. E\u011fer emin de\u011fil iseniz, veteriner hekiminize dan\u0131\u015f\u0131n\u0131z. Bu mamay\u0131 ilk defa m\u0131 kullan\u0131yorsunuz? Eski mama ile yeni maman\u0131n bir kar\u0131\u015f\u0131m\u0131n\u0131 haz\u0131rlay\u0131n\u0131z ve eski maman\u0131n miktar\u0131n\u0131 kademeli olarak azaltarak 7 g\u00fcn sonunda yeni mamaya tamamen ge\u00e7i\u015f yap\u0131n\u0131z. Her zaman taze ve temiz su bulundurdu\u011funuzdan emin olunuz! Evcil hayvan\u0131n\u0131z\u0131n ihtiya\u00e7lar\u0131, o ya\u015fland\u0131k\u00e7a de\u011fi\u015fiklik g\u00f6sterebilir. Veteriner hekiminize her kontrolde sormay\u0131 ihmal etmeyiniz.\" \/>\n<meta property=\"og:url\" content=\"https:\/\/anadolupet.com.tr\/en\/product\/hills-pd-z-d-kedi-mamasi-3kg\/\" \/>\n<meta property=\"og:site_name\" content=\"Anadolu Pet Grup\" \/>\n<meta property=\"article:modified_time\" content=\"2026-02-23T12:48:49+00:00\" \/>\n<meta property=\"og:image\" content=\"https:\/\/anadolupet.com.tr\/wp-content\/uploads\/2026\/02\/630-606420.jpg\" \/>\n\t<meta property=\"og:image:width\" content=\"750\" \/>\n\t<meta property=\"og:image:height\" content=\"750\" \/>\n\t<meta property=\"og:image:type\" content=\"image\/jpeg\" \/>\n<meta name=\"twitter:card\" content=\"summary_large_image\" \/>\n<script type=\"application\/ld+json\" class=\"yoast-schema-graph\">{\"@context\":\"https:\\\/\\\/schema.org\",\"@graph\":[{\"@type\":\"WebPage\",\"@id\":\"https:\\\/\\\/anadolupet.com.tr\\\/urun\\\/hills-pd-z-d-kedi-mamasi-3kg\\\/\",\"url\":\"https:\\\/\\\/anadolupet.com.tr\\\/urun\\\/hills-pd-z-d-kedi-mamasi-3kg\\\/\",\"name\":\"Hill's PD Z\\\/D Kedi Mamas\u0131 3KG - Anadolu Pet Grup\",\"isPartOf\":{\"@id\":\"https:\\\/\\\/anadolupet.com.tr\\\/#website\"},\"primaryImageOfPage\":{\"@id\":\"https:\\\/\\\/anadolupet.com.tr\\\/urun\\\/hills-pd-z-d-kedi-mamasi-3kg\\\/#primaryimage\"},\"image\":{\"@id\":\"https:\\\/\\\/anadolupet.com.tr\\\/urun\\\/hills-pd-z-d-kedi-mamasi-3kg\\\/#primaryimage\"},\"thumbnailUrl\":\"https:\\\/\\\/anadolupet.com.tr\\\/wp-content\\\/uploads\\\/2026\\\/02\\\/630-606420.jpg\",\"datePublished\":\"2026-02-14T14:41:31+00:00\",\"dateModified\":\"2026-02-23T12:48:49+00:00\",\"breadcrumb\":{\"@id\":\"https:\\\/\\\/anadolupet.com.tr\\\/urun\\\/hills-pd-z-d-kedi-mamasi-3kg\\\/#breadcrumb\"},\"inLanguage\":\"en-US\",\"potentialAction\":[{\"@type\":\"ReadAction\",\"target\":[\"https:\\\/\\\/anadolupet.com.tr\\\/urun\\\/hills-pd-z-d-kedi-mamasi-3kg\\\/\"]}]},{\"@type\":\"ImageObject\",\"inLanguage\":\"en-US\",\"@id\":\"https:\\\/\\\/anadolupet.com.tr\\\/urun\\\/hills-pd-z-d-kedi-mamasi-3kg\\\/#primaryimage\",\"url\":\"https:\\\/\\\/anadolupet.com.tr\\\/wp-content\\\/uploads\\\/2026\\\/02\\\/630-606420.jpg\",\"contentUrl\":\"https:\\\/\\\/anadolupet.com.tr\\\/wp-content\\\/uploads\\\/2026\\\/02\\\/630-606420.jpg\",\"width\":750,\"height\":750},{\"@type\":\"BreadcrumbList\",\"@id\":\"https:\\\/\\\/anadolupet.com.tr\\\/urun\\\/hills-pd-z-d-kedi-mamasi-3kg\\\/#breadcrumb\",\"itemListElement\":[{\"@type\":\"ListItem\",\"position\":1,\"name\":\"Anasayfa\",\"item\":\"https:\\\/\\\/anadolupet.com.tr\\\/\"},{\"@type\":\"ListItem\",\"position\":2,\"name\":\"\u00dcr\u00fcnler\",\"item\":\"https:\\\/\\\/anadolupet.com.tr\\\/urunler\\\/\"},{\"@type\":\"ListItem\",\"position\":3,\"name\":\"Hill&#8217;s PD Z\\\/D Kedi Mamas\u0131 3KG\"}]},{\"@type\":\"WebSite\",\"@id\":\"https:\\\/\\\/anadolupet.com.tr\\\/#website\",\"url\":\"https:\\\/\\\/anadolupet.com.tr\\\/\",\"name\":\"Anadolu Pet Grup\",\"description\":\"Her Can\u0131n \u0130yi Ya\u015fam\u0131 \u0130\u00e7in Biraraday\u0131z\",\"publisher\":{\"@id\":\"https:\\\/\\\/anadolupet.com.tr\\\/#organization\"},\"potentialAction\":[{\"@type\":\"SearchAction\",\"target\":{\"@type\":\"EntryPoint\",\"urlTemplate\":\"https:\\\/\\\/anadolupet.com.tr\\\/?s={search_term_string}\"},\"query-input\":{\"@type\":\"PropertyValueSpecification\",\"valueRequired\":true,\"valueName\":\"search_term_string\"}}],\"inLanguage\":\"en-US\"},{\"@type\":\"Organization\",\"@id\":\"https:\\\/\\\/anadolupet.com.tr\\\/#organization\",\"name\":\"Anadolu Pet Grup\",\"alternateName\":\"Anadolu Pet\",\"url\":\"https:\\\/\\\/anadolupet.com.tr\\\/\",\"logo\":{\"@type\":\"ImageObject\",\"inLanguage\":\"en-US\",\"@id\":\"https:\\\/\\\/anadolupet.com.tr\\\/#\\\/schema\\\/logo\\\/image\\\/\",\"url\":\"https:\\\/\\\/anadolupet.com.tr\\\/wp-content\\\/uploads\\\/2026\\\/03\\\/1614666743370.jpg\",\"contentUrl\":\"https:\\\/\\\/anadolupet.com.tr\\\/wp-content\\\/uploads\\\/2026\\\/03\\\/1614666743370.jpg\",\"width\":800,\"height\":571,\"caption\":\"Anadolu Pet Grup\"},\"image\":{\"@id\":\"https:\\\/\\\/anadolupet.com.tr\\\/#\\\/schema\\\/logo\\\/image\\\/\"}}]}<\/script>\n<!-- \/ Yoast SEO plugin. -->","yoast_head_json":{"title":"Hill's PD Z\/D Kedi Mamas\u0131 3KG - Anadolu Pet Grup","robots":{"index":"index","follow":"follow","max-snippet":"max-snippet:-1","max-image-preview":"max-image-preview:large","max-video-preview":"max-video-preview:-1"},"canonical":"https:\/\/anadolupet.com.tr\/en\/product\/hills-pd-z-d-kedi-mamasi-3kg\/","og_locale":"en_US","og_type":"article","og_title":"Hill's PD Z\/D Kedi Mamas\u0131 3KG - Anadolu Pet Grup","og_description":"L\u00fctfen unutmay\u0131n; ActivBiome+ teknolojisinin eklenmesinden \u00f6nce bu diyet \u00fcr\u00fcn\u00fc daha \u00f6nce kullanm\u0131\u015f olan m\u00fc\u015fteriler i\u00e7in evcil hayvan\u0131n\u0131z\u0131, 7 g\u00fcnl\u00fck bir s\u00fcre i\u00e7inde bu y\u00fckseltilmi\u015f form\u00fcle ge\u00e7irmeniz \u00f6nerilir. Herhangi bir ek bilgi i\u00e7in l\u00fctfen veteriner hekiminize dan\u0131\u015f\u0131n. Hill's PRESCRIPTION DIET z\/d kedi mamas\u0131, g\u0131da intoleranslar\u0131ndan kaynaklanan cilt ve sindirim sistemi sorunlar\u0131n\u0131 azaltmak i\u00e7in \u00f6zel olarak form\u00fcle edilmi\u015f klinik beslenme \u00e7e\u015fididir. Olumsuz g\u0131da reaksiyonlar\u0131n\u0131 \u00f6nlemeye yard\u0131mc\u0131 oldu\u011fu klinik olarak kan\u0131tlanm\u0131\u015f, sindirim sistemi bak\u0131m\u0131na y\u00f6nelik bir kedi mamas\u0131d\u0131r. PRESCRIPTION DIET z\/d, sa\u011fl\u0131kl\u0131 bir ba\u011f\u0131\u015f\u0131kl\u0131k sistemini desteklemeye yard\u0131mc\u0131 olmak i\u00e7in klinik olarak kan\u0131tlanm\u0131\u015f antioksidanlar i\u00e7eren hidrolize proteinli bir kedi mamas\u0131d\u0131r. Bu kuru kedi mamas\u0131, kedinizin sevece\u011fi lezzetli bir tada sahiptir. G\u0131da duyarl\u0131l\u0131\u011f\u0131 ve intolerans\u0131, tahri\u015f olmu\u015f cilt, t\u00fcy ve kulak rahats\u0131zl\u0131klar\u0131 ve hatta mide-ba\u011f\u0131rsak rahats\u0131zl\u0131klar\u0131 ile sonu\u00e7lanabilecek potansiyel olarak ciddi problemlerdir. Olumsuz g\u0131da reaksiyonlar\u0131 olarak da adland\u0131r\u0131lan g\u0131da duyarl\u0131l\u0131\u011f\u0131 veya intolerans\u0131 olan kediler, tipik olarak g\u0131dadaki proteine \u200b\u200b\u200b\u200banormal bir tepki verir. Kediniz olumsuz bir g\u0131da reaksiyonundan muzdaripse, do\u011fru mamay\u0131 beslemek daha da \u00f6nemlidir. Semptomlar\u0131 d\u00fczeldikten sonra bile kedinizin g\u0131da intoleranslar\u0131n\u0131 azaltmaya yard\u0131mc\u0131 olmak i\u00e7in PRESCRIPTION DIET z\/d G\u0131da Hassasiyetleri Kedi Mamas\u0131 beslemeye devam etmek \u00f6nemlidir. PRESCRIPTION DIET mamalar\u0131n\u0131n kedinizin mutlu ve aktif bir ya\u015fam s\u00fcrmeye devam etmesine nas\u0131l yard\u0131mc\u0131 olabilece\u011fi hakk\u0131nda daha fazla bilgi i\u00e7in veteriner hekiminize dan\u0131\u015f\u0131n. Evcil hayvan\u0131n\u0131z\u0131n hayat\u0131n\u0131 de\u011fi\u015ftirmeye yard\u0131mc\u0131 olan harika tada sahip beslenme. Size sorumluluklar\u0131n\u0131zda olduklar\u0131 i\u00e7in, insanca, m\u00fcmk\u00fcn olan en iyi mamay\u0131 sa\u011flamaya \u00e7al\u0131\u015f\u0131yoruz. Kedinizin benzersiz sa\u011fl\u0131k ihtiya\u00e7lar\u0131n\u0131 kar\u015f\u0131lamak i\u00e7in bilime \u00f6ncelik veren form\u00fcllerle, PRESCRIPTION DIET kedi mamas\u0131, uzun ve mutlu bir ya\u015fam s\u00fcrmeleri i\u00e7in ihtiya\u00e7 duyduklar\u0131 hedeflenen beslenmedir. Evcil hayvan mamalar\u0131m\u0131z\u0131 en y\u00fcksek kaliteli malzemelerle \u00fcretiyoruz. Bu malzemeler, safl\u0131k ve besin i\u00e7eri\u011fi konusundaki kat\u0131 kriterlerimizi kar\u015f\u0131lar. Hill's PRESCRIPTION DIET evcil hayvan mamalar\u0131 ve \u00f6d\u00fcl mamalar\u0131, k\u00f6pe\u011finizin benzersiz ihtiya\u00e7lar\u0131n\u0131 kar\u015f\u0131lamak i\u00e7in haz\u0131rlanan ve k\u00f6pe\u011finizin bay\u0131laca\u011f\u0131 lezzetler i\u00e7eren, \u00e7e\u015fitli kuru ve ya\u015f konserve mamalar sunmaktad\u0131r. \u0130\u00c7\u0130NDEK\u0130LER: Tah\u0131llar, bitkisel protein ekstraktlar\u0131, et ve hayvansal t\u00fcrevler, s\u0131v\u0131 ve kat\u0131 ya\u011flar (bal\u0131k ya\u011f\u0131 %1), mineraller, bitkisel k\u00f6kenli t\u00fcrevler, meyve, tohumlar. KG BA\u015eINA D\u00dc\u015eEN KATKI MADDELER\u0130: Besleyici katk\u0131 maddeleri: 3b103 (Demir) 90,8mg, 3b202 (\u0130yot) 4,0mg, 3b405 (Bak\u0131r) 10,6mg, 3b502 (Manganez) 9,4mg, 3b603 (\u00c7inko) 141mg; do\u011fal antioksidan. ANAL\u0130T\u0130K B\u0130LE\u015eENLER: Protein %32,0, Ya\u011f i\u00e7eri\u011fi %15,3, Ham lif %2,4, Ham k\u00fcl %5,9, Faydal\u0131 ya\u011f asitleri %5,5, Kalsiyum %0,75, Fosfor %0,62, Sodyum %0,28, Potasyum %0,91, Magnezyum %0,07; kg ba\u015f\u0131na: Vitamin A 5,875IU, Vitamin D3 1,025IU, Vitamin E 848mg, Vitamin C 144mg, Beta-karoten 2mg. Hill's PRESCRIPTION DIET z\/d Kedi Mamas\u0131, yeti\u015fkin kedilerde i\u00e7erik ve g\u0131da intoleranslar\u0131n\u0131 azaltmaya y\u00f6nelik, tam diyetetik bir evcil hayvan mamas\u0131d\u0131r. Bu diyetetik evcil hayvan mamas\u0131 se\u00e7ili bir karbonhidrat kayna\u011f\u0131 ve hidrolize protein kayna\u011f\u0131 i\u00e7ermektedir. BESLEME TAL\u0130MATI: Yaln\u0131zca \u00f6nerilen PRESCRIPTION DIET mamas\u0131n\u0131 besleyin. B\u00fct\u00fcn besleme talimatlar\u0131 i\u00e7in l\u00fctfen pakete bak\u0131n\u0131z. Mama miktar\u0131n\u0131 ideal kiloyu koruyacak \u015fekilde ayarlay\u0131n. E\u011fer emin de\u011fil iseniz, veteriner hekiminize dan\u0131\u015f\u0131n\u0131z. Bu mamay\u0131 ilk defa m\u0131 kullan\u0131yorsunuz? Eski mama ile yeni maman\u0131n bir kar\u0131\u015f\u0131m\u0131n\u0131 haz\u0131rlay\u0131n\u0131z ve eski maman\u0131n miktar\u0131n\u0131 kademeli olarak azaltarak 7 g\u00fcn sonunda yeni mamaya tamamen ge\u00e7i\u015f yap\u0131n\u0131z. Her zaman taze ve temiz su bulundurdu\u011funuzdan emin olunuz! Evcil hayvan\u0131n\u0131z\u0131n ihtiya\u00e7lar\u0131, o ya\u015fland\u0131k\u00e7a de\u011fi\u015fiklik g\u00f6sterebilir. Veteriner hekiminize her kontrolde sormay\u0131 ihmal etmeyiniz.","og_url":"https:\/\/anadolupet.com.tr\/en\/product\/hills-pd-z-d-kedi-mamasi-3kg\/","og_site_name":"Anadolu Pet Grup","article_modified_time":"2026-02-23T12:48:49+00:00","og_image":[{"width":750,"height":750,"url":"https:\/\/anadolupet.com.tr\/wp-content\/uploads\/2026\/02\/630-606420.jpg","type":"image\/jpeg"}],"twitter_card":"summary_large_image","schema":{"@context":"https:\/\/schema.org","@graph":[{"@type":"WebPage","@id":"https:\/\/anadolupet.com.tr\/urun\/hills-pd-z-d-kedi-mamasi-3kg\/","url":"https:\/\/anadolupet.com.tr\/urun\/hills-pd-z-d-kedi-mamasi-3kg\/","name":"Hill's PD Z\/D Kedi Mamas\u0131 3KG - Anadolu Pet Grup","isPartOf":{"@id":"https:\/\/anadolupet.com.tr\/#website"},"primaryImageOfPage":{"@id":"https:\/\/anadolupet.com.tr\/urun\/hills-pd-z-d-kedi-mamasi-3kg\/#primaryimage"},"image":{"@id":"https:\/\/anadolupet.com.tr\/urun\/hills-pd-z-d-kedi-mamasi-3kg\/#primaryimage"},"thumbnailUrl":"https:\/\/anadolupet.com.tr\/wp-content\/uploads\/2026\/02\/630-606420.jpg","datePublished":"2026-02-14T14:41:31+00:00","dateModified":"2026-02-23T12:48:49+00:00","breadcrumb":{"@id":"https:\/\/anadolupet.com.tr\/urun\/hills-pd-z-d-kedi-mamasi-3kg\/#breadcrumb"},"inLanguage":"en-US","potentialAction":[{"@type":"ReadAction","target":["https:\/\/anadolupet.com.tr\/urun\/hills-pd-z-d-kedi-mamasi-3kg\/"]}]},{"@type":"ImageObject","inLanguage":"en-US","@id":"https:\/\/anadolupet.com.tr\/urun\/hills-pd-z-d-kedi-mamasi-3kg\/#primaryimage","url":"https:\/\/anadolupet.com.tr\/wp-content\/uploads\/2026\/02\/630-606420.jpg","contentUrl":"https:\/\/anadolupet.com.tr\/wp-content\/uploads\/2026\/02\/630-606420.jpg","width":750,"height":750},{"@type":"BreadcrumbList","@id":"https:\/\/anadolupet.com.tr\/urun\/hills-pd-z-d-kedi-mamasi-3kg\/#breadcrumb","itemListElement":[{"@type":"ListItem","position":1,"name":"Anasayfa","item":"https:\/\/anadolupet.com.tr\/"},{"@type":"ListItem","position":2,"name":"\u00dcr\u00fcnler","item":"https:\/\/anadolupet.com.tr\/urunler\/"},{"@type":"ListItem","position":3,"name":"Hill&#8217;s PD Z\/D Kedi Mamas\u0131 3KG"}]},{"@type":"WebSite","@id":"https:\/\/anadolupet.com.tr\/#website","url":"https:\/\/anadolupet.com.tr\/","name":"Anadolu Pet Group","description":"We Stand Together for the Well-Being of Every Life","publisher":{"@id":"https:\/\/anadolupet.com.tr\/#organization"},"potentialAction":[{"@type":"SearchAction","target":{"@type":"EntryPoint","urlTemplate":"https:\/\/anadolupet.com.tr\/?s={search_term_string}"},"query-input":{"@type":"PropertyValueSpecification","valueRequired":true,"valueName":"search_term_string"}}],"inLanguage":"en-US"},{"@type":"Organization","@id":"https:\/\/anadolupet.com.tr\/#organization","name":"Anadolu Pet Group","alternateName":"Anadolu Pet","url":"https:\/\/anadolupet.com.tr\/","logo":{"@type":"ImageObject","inLanguage":"en-US","@id":"https:\/\/anadolupet.com.tr\/#\/schema\/logo\/image\/","url":"https:\/\/anadolupet.com.tr\/wp-content\/uploads\/2026\/03\/1614666743370.jpg","contentUrl":"https:\/\/anadolupet.com.tr\/wp-content\/uploads\/2026\/03\/1614666743370.jpg","width":800,"height":571,"caption":"Anadolu Pet Grup"},"image":{"@id":"https:\/\/anadolupet.com.tr\/#\/schema\/logo\/image\/"}}]}},"_links":{"self":[{"href":"https:\/\/anadolupet.com.tr\/en\/wp-json\/wp\/v2\/product\/45391","targetHints":{"allow":["GET"]}}],"collection":[{"href":"https:\/\/anadolupet.com.tr\/en\/wp-json\/wp\/v2\/product"}],"about":[{"href":"https:\/\/anadolupet.com.tr\/en\/wp-json\/wp\/v2\/types\/product"}],"replies":[{"embeddable":true,"href":"https:\/\/anadolupet.com.tr\/en\/wp-json\/wp\/v2\/comments?post=45391"}],"wp:featuredmedia":[{"embeddable":true,"href":"https:\/\/anadolupet.com.tr\/en\/wp-json\/wp\/v2\/media\/44317"}],"wp:attachment":[{"href":"https:\/\/anadolupet.com.tr\/en\/wp-json\/wp\/v2\/media?parent=45391"}],"wp:term":[{"taxonomy":"product_brand","embeddable":true,"href":"https:\/\/anadolupet.com.tr\/en\/wp-json\/wp\/v2\/product_brand?post=45391"},{"taxonomy":"product_cat","embeddable":true,"href":"https:\/\/anadolupet.com.tr\/en\/wp-json\/wp\/v2\/product_cat?post=45391"},{"taxonomy":"product_tag","embeddable":true,"href":"https:\/\/anadolupet.com.tr\/en\/wp-json\/wp\/v2\/product_tag?post=45391"}],"curies":[{"name":"wp","href":"https:\/\/api.w.org\/{rel}","templated":true}]}}