{"id":45394,"date":"2026-02-14T14:41:31","date_gmt":"2026-02-14T14:41:31","guid":{"rendered":"https:\/\/anadolupet.com.tr\/urun\/hills-pd-metabolicmobility-mini-irk-kopek-mamasi-6kg\/"},"modified":"2026-02-23T12:48:49","modified_gmt":"2026-02-23T12:48:49","slug":"hills-pd-metabolicmobility-mini-irk-kopek-mamasi-6kg","status":"publish","type":"product","link":"https:\/\/anadolupet.com.tr\/en\/urun\/hills-pd-metabolicmobility-mini-irk-kopek-mamasi-6kg\/","title":{"rendered":"Hill&#8217;s PD METABOLIC+MOBILITY Mini Irk K\u00f6pek Mamas\u0131 6KG"},"content":{"rendered":"","protected":false},"excerpt":{"rendered":"<p>Hill&#8217;s PRESCRIPTION DIET Metabolic + Mobility Mini K\u00f6pek Mamas\u0131 k\u00fc\u00e7\u00fck Irk k\u00f6pe\u011finizin kilo y\u00f6netimi ve eklem sa\u011fl\u0131\u011f\u0131n\u0131 destekleme etkisi klinik olarak kan\u0131tlanm\u0131\u015f bir beslenmedir. Kolay ve etkili kilo verme i\u00e7in do\u011fal olarak k\u00f6pe\u011finizin benzersiz enerji kullan\u0131m\u0131yla birlikte hareket eder ve uzun s\u00fcreli kullan\u0131labilir. PRESCRIPTION DIET Metabolic + Mobility Mini k\u00f6peklerin do\u011fal olarak kilo vermesine ve 21 g\u00fcn gibi k\u0131sa bir s\u00fcrede hareket kabiliyetini art\u0131rmas\u0131na yard\u0131mc\u0131 olan eklem bak\u0131m k\u00f6pek mamas\u0131d\u0131r. Bu kuru mama, k\u00f6pe\u011finizin be\u011fenerek yiyece\u011fi lezzetli bir tavuk aromas\u0131na sahiptir.<br \/>\nBiraz fazla kilo bile k\u00f6pe\u011finizin ya\u015fam kalitesini ve aileyle olan ili\u015fkisini olumsuz etkileyebilir zira bu fazla kilo oyun s\u00fcresini azaltabilir, hareketlili\u011fi d\u00fc\u015f\u00fcrebilir ve k\u00f6pe\u011finizin ya\u015fam boyu genel sa\u011fl\u0131\u011f\u0131n\u0131 etkileyebilir.<br \/>\n\u0130deal kilosuna ula\u015ft\u0131ktan sonra bile k\u00fc\u00e7\u00fck Irk k\u00f6pe\u011finizin kilosunu y\u00f6netmeye ve hareket kabiliyetini korumaya yard\u0131mc\u0131 olmak i\u00e7in onu PRESCRIPTION DIET Metabolic + Mobility Mini Weight Management K\u00f6pek Mamas\u0131 ile beslemeye devam etmek \u00f6nemlidir. PRESCRIPTION DIET mamalar\u0131m\u0131z\u0131n, onlar\u0131n mutlu ve aktif bir ya\u015fam s\u00fcrmeye devam etmesine nas\u0131l yard\u0131mc\u0131 olabilece\u011fi hakk\u0131nda daha fazla bilgi i\u00e7in veteriner hekiminize dan\u0131\u015f\u0131n.<br \/>\nEvcil hayvan\u0131n\u0131z\u0131n ya\u015fam\u0131n\u0131 d\u00f6n\u00fc\u015ft\u00fcrmeye yard\u0131mc\u0131 olan harika lezzetli mama. Onlar\u0131n size ihtiyac\u0131 var, bu nedenle onlara m\u00fcmk\u00fcn olan en iyi ve sa\u011fl\u0131kl\u0131 mamay\u0131 sa\u011flamaya \u00e7al\u0131\u015f\u0131yoruz. K\u00f6pe\u011finizin benzersiz sa\u011fl\u0131k ihtiya\u00e7lar\u0131n\u0131 kar\u015f\u0131layan bilimsel form\u00fcllerin temel al\u0131nd\u0131\u011f\u0131 PRESCRIPTION DIET k\u00f6pek mamas\u0131, k\u00f6peklerin uzun ve mutlu bir ya\u015fam s\u00fcrmeleri i\u00e7in ihtiya\u00e7 duyduklar\u0131 her \u015feyi sunan bir besindir.<br \/>\nEvcil hayvan mamalar\u0131m\u0131z\u0131 en y\u00fcksek kaliteli malzemelerle \u00fcretiyoruz. Bu malzemeler, safl\u0131k ve besin i\u00e7eri\u011fi konusundaki kat\u0131 kriterlerimizi kar\u015f\u0131lamal\u0131d\u0131r.<br \/>\nHill&#8217;s PRESCRIPTION DIET k\u00f6pek mamas\u0131, k\u00f6pe\u011finizin benzersiz ihtiya\u00e7lar\u0131n\u0131 kar\u015f\u0131lamak i\u00e7in haz\u0131rlanan ve k\u00f6pe\u011finizin sevece\u011fi lezzetler i\u00e7eren \u00e7e\u015fitli kuru veya \u0131slak konserve mamalar sunmaktad\u0131r.<br \/>\n\u0130\u00c7\u0130NDEK\u0130LER: Tah\u0131llar, bitkisel orjinli t\u00fcrevler, et ve hayvan t\u00fcrevleri (tavuk eti 6%), bitkisel protein ekstrat\u0131, tohumlar, sebzeler, s\u0131v\u0131 ve kat\u0131 ya\u011flar (bal\u0131k ya\u011f\u0131 2,2%), mineraller, yumu\u015fak\u00e7alar ve kabuklular.<br \/>\nKG BA\u015eINA KATKILAR: Besinsel katk\u0131lar: 3b103 (Demir) 75,0mg, 3b202 (\u0130yodin) 1,9mg, 3b405 (Bak\u0131r) 7,4mg, 3b502 (Manganez) 7,8mg, 3b603 (\u00c7inko) 131mg, 3b801 (Selenyum) 0,2mg, do\u011fal antioksidan ile. Metabolize olabilir enerji: 3.163 kcal\/kg.<br \/>\nANAL\u0130T\u0130K B\u0130LE\u015eENLER: Protein 24,8%, Ya\u011f i\u00e7eri\u011fi 13,2%, Ham sel\u00fcloz 14,4%, Ham k\u00fcl 5,6%, Omega-3 ya\u011f asitleri 3,0%, EPA 0,35%, Kalsiyum 0,79%, Fosfor 0,55%, Sodyum 0,30%, Potasyum 0,90%, Magnezyum 0,14%; kg ba\u015f\u0131na: A Vitamini 8.336IU, D3 Vitamini 713IU, E Vitamini 900mg, C Vitamini 125mg, Beta-karoten 1,5mg, Glikozamin 1.235mg, Kondroitin s\u00fclfat 808mg.<br \/>\nHill&#8217;s PRESCRIPTION DIET Metabolic + Mobility Mini Dog Food with Chicken, yeti\u015fkin k\u00f6peklerde fazla v\u00fccut a\u011f\u0131rl\u0131\u011f\u0131n\u0131 azaltmak ve osteoartrit durumunda eklem metabolizmas\u0131n\u0131 desteklemek i\u00e7in haz\u0131rlanm\u0131\u015f tam ve dengeli diyetetik evcil hayvan mamas\u0131d\u0131r. Bu mama d\u00fc\u015f\u00fck enerji yo\u011funlu\u011funa ve y\u00fcksek seviyede EPA, toplam omega-3 ya\u011f asitlerine ve yeterli seviyelerde E vitaminine sahiptir.<br \/>\nBESLEME TAL\u0130MATI: Yaln\u0131zca \u00f6nerilen PRESCRIPTION DIET mamalarla besleyin. Kullan\u0131m \u00f6ncesinde veteriner hekiminizden evcil hayvan\u0131n\u0131z i\u00e7in \u00f6zel beslenme talimatlar\u0131 isteyin. Komple besleme talimatlar\u0131 i\u00e7in l\u00fctfen ambalaja bak\u0131n. G\u00fcnl\u00fck Beslenme \u00d6nerileri sadece k\u0131lavuz niteli\u011findedir ve ba\u015flang\u0131\u00e7 noktas\u0131n\u0131 ifade eder. Emin olmak i\u00e7in veteriner hekiminize sorun. Temiz su daima mevcut olmal\u0131d\u0131r.<br \/>\nBu mama yeni mi? Eski mama miktar\u0131n\u0131 bir kar\u0131\u015f\u0131m i\u00e7erisinde 7 g\u00fcn veya daha uzun bir s\u00fcre boyunca kademeli olarak azalt\u0131p yeni mamay\u0131 bu s\u00fcrede kademeli olarak art\u0131r\u0131n. Temiz ve taze suyu daima haz\u0131r bulundurun! Evcil hayvan\u0131n\u0131z\u0131n beslenme ihtiya\u00e7lar\u0131 ya\u015fland\u0131k\u00e7a de\u011fi\u015febilir. Her muayenede veteriner hekiminize sorun.<\/p>","protected":false},"featured_media":44387,"comment_status":"open","ping_status":"closed","template":"","meta":{"_acf_changed":false},"product_brand":[],"product_cat":[2434],"product_tag":[],"class_list":{"0":"post-45394","1":"product","2":"type-product","3":"status-publish","4":"has-post-thumbnail","6":"product_cat-receteli-diyet-kedi-mamalari","8":"first","9":"instock","10":"shipping-taxable","11":"product-type-simple"},"acf":[],"yoast_head":"<!-- This site is optimized with the Yoast SEO plugin v27.4 - https:\/\/yoast.com\/product\/yoast-seo-wordpress\/ -->\n<title>Hill&#039;s PD METABOLIC+MOBILITY Mini Irk K\u00f6pek Mamas\u0131 6KG - Anadolu Pet Grup<\/title>\n<meta name=\"robots\" content=\"index, follow, max-snippet:-1, max-image-preview:large, max-video-preview:-1\" \/>\n<link rel=\"canonical\" href=\"https:\/\/anadolupet.com.tr\/en\/product\/hills-pd-metabolicmobility-mini-irk-kopek-mamasi-6kg\/\" \/>\n<meta property=\"og:locale\" content=\"en_US\" \/>\n<meta property=\"og:type\" content=\"article\" \/>\n<meta property=\"og:title\" content=\"Hill&#039;s PD METABOLIC+MOBILITY Mini Irk K\u00f6pek Mamas\u0131 6KG - Anadolu Pet Grup\" \/>\n<meta property=\"og:description\" content=\"Hill&#039;s PRESCRIPTION DIET Metabolic + Mobility Mini K\u00f6pek Mamas\u0131 k\u00fc\u00e7\u00fck Irk k\u00f6pe\u011finizin kilo y\u00f6netimi ve eklem sa\u011fl\u0131\u011f\u0131n\u0131 destekleme etkisi klinik olarak kan\u0131tlanm\u0131\u015f bir beslenmedir. Kolay ve etkili kilo verme i\u00e7in do\u011fal olarak k\u00f6pe\u011finizin benzersiz enerji kullan\u0131m\u0131yla birlikte hareket eder ve uzun s\u00fcreli kullan\u0131labilir. PRESCRIPTION DIET Metabolic + Mobility Mini k\u00f6peklerin do\u011fal olarak kilo vermesine ve 21 g\u00fcn gibi k\u0131sa bir s\u00fcrede hareket kabiliyetini art\u0131rmas\u0131na yard\u0131mc\u0131 olan eklem bak\u0131m k\u00f6pek mamas\u0131d\u0131r. Bu kuru mama, k\u00f6pe\u011finizin be\u011fenerek yiyece\u011fi lezzetli bir tavuk aromas\u0131na sahiptir. Biraz fazla kilo bile k\u00f6pe\u011finizin ya\u015fam kalitesini ve aileyle olan ili\u015fkisini olumsuz etkileyebilir zira bu fazla kilo oyun s\u00fcresini azaltabilir, hareketlili\u011fi d\u00fc\u015f\u00fcrebilir ve k\u00f6pe\u011finizin ya\u015fam boyu genel sa\u011fl\u0131\u011f\u0131n\u0131 etkileyebilir. \u0130deal kilosuna ula\u015ft\u0131ktan sonra bile k\u00fc\u00e7\u00fck Irk k\u00f6pe\u011finizin kilosunu y\u00f6netmeye ve hareket kabiliyetini korumaya yard\u0131mc\u0131 olmak i\u00e7in onu PRESCRIPTION DIET Metabolic + Mobility Mini Weight Management K\u00f6pek Mamas\u0131 ile beslemeye devam etmek \u00f6nemlidir. PRESCRIPTION DIET mamalar\u0131m\u0131z\u0131n, onlar\u0131n mutlu ve aktif bir ya\u015fam s\u00fcrmeye devam etmesine nas\u0131l yard\u0131mc\u0131 olabilece\u011fi hakk\u0131nda daha fazla bilgi i\u00e7in veteriner hekiminize dan\u0131\u015f\u0131n. Evcil hayvan\u0131n\u0131z\u0131n ya\u015fam\u0131n\u0131 d\u00f6n\u00fc\u015ft\u00fcrmeye yard\u0131mc\u0131 olan harika lezzetli mama. Onlar\u0131n size ihtiyac\u0131 var, bu nedenle onlara m\u00fcmk\u00fcn olan en iyi ve sa\u011fl\u0131kl\u0131 mamay\u0131 sa\u011flamaya \u00e7al\u0131\u015f\u0131yoruz. K\u00f6pe\u011finizin benzersiz sa\u011fl\u0131k ihtiya\u00e7lar\u0131n\u0131 kar\u015f\u0131layan bilimsel form\u00fcllerin temel al\u0131nd\u0131\u011f\u0131 PRESCRIPTION DIET k\u00f6pek mamas\u0131, k\u00f6peklerin uzun ve mutlu bir ya\u015fam s\u00fcrmeleri i\u00e7in ihtiya\u00e7 duyduklar\u0131 her \u015feyi sunan bir besindir. Evcil hayvan mamalar\u0131m\u0131z\u0131 en y\u00fcksek kaliteli malzemelerle \u00fcretiyoruz. Bu malzemeler, safl\u0131k ve besin i\u00e7eri\u011fi konusundaki kat\u0131 kriterlerimizi kar\u015f\u0131lamal\u0131d\u0131r. Hill&#039;s PRESCRIPTION DIET k\u00f6pek mamas\u0131, k\u00f6pe\u011finizin benzersiz ihtiya\u00e7lar\u0131n\u0131 kar\u015f\u0131lamak i\u00e7in haz\u0131rlanan ve k\u00f6pe\u011finizin sevece\u011fi lezzetler i\u00e7eren \u00e7e\u015fitli kuru veya \u0131slak konserve mamalar sunmaktad\u0131r. \u0130\u00c7\u0130NDEK\u0130LER: Tah\u0131llar, bitkisel orjinli t\u00fcrevler, et ve hayvan t\u00fcrevleri (tavuk eti 6%), bitkisel protein ekstrat\u0131, tohumlar, sebzeler, s\u0131v\u0131 ve kat\u0131 ya\u011flar (bal\u0131k ya\u011f\u0131 2,2%), mineraller, yumu\u015fak\u00e7alar ve kabuklular. KG BA\u015eINA KATKILAR: Besinsel katk\u0131lar: 3b103 (Demir) 75,0mg, 3b202 (\u0130yodin) 1,9mg, 3b405 (Bak\u0131r) 7,4mg, 3b502 (Manganez) 7,8mg, 3b603 (\u00c7inko) 131mg, 3b801 (Selenyum) 0,2mg, do\u011fal antioksidan ile. Metabolize olabilir enerji: 3.163 kcal\/kg. ANAL\u0130T\u0130K B\u0130LE\u015eENLER: Protein 24,8%, Ya\u011f i\u00e7eri\u011fi 13,2%, Ham sel\u00fcloz 14,4%, Ham k\u00fcl 5,6%, Omega-3 ya\u011f asitleri 3,0%, EPA 0,35%, Kalsiyum 0,79%, Fosfor 0,55%, Sodyum 0,30%, Potasyum 0,90%, Magnezyum 0,14%; kg ba\u015f\u0131na: A Vitamini 8.336IU, D3 Vitamini 713IU, E Vitamini 900mg, C Vitamini 125mg, Beta-karoten 1,5mg, Glikozamin 1.235mg, Kondroitin s\u00fclfat 808mg. Hill&#039;s PRESCRIPTION DIET Metabolic + Mobility Mini Dog Food with Chicken, yeti\u015fkin k\u00f6peklerde fazla v\u00fccut a\u011f\u0131rl\u0131\u011f\u0131n\u0131 azaltmak ve osteoartrit durumunda eklem metabolizmas\u0131n\u0131 desteklemek i\u00e7in haz\u0131rlanm\u0131\u015f tam ve dengeli diyetetik evcil hayvan mamas\u0131d\u0131r. Bu mama d\u00fc\u015f\u00fck enerji yo\u011funlu\u011funa ve y\u00fcksek seviyede EPA, toplam omega-3 ya\u011f asitlerine ve yeterli seviyelerde E vitaminine sahiptir. BESLEME TAL\u0130MATI: Yaln\u0131zca \u00f6nerilen PRESCRIPTION DIET mamalarla besleyin. Kullan\u0131m \u00f6ncesinde veteriner hekiminizden evcil hayvan\u0131n\u0131z i\u00e7in \u00f6zel beslenme talimatlar\u0131 isteyin. Komple besleme talimatlar\u0131 i\u00e7in l\u00fctfen ambalaja bak\u0131n. G\u00fcnl\u00fck Beslenme \u00d6nerileri sadece k\u0131lavuz niteli\u011findedir ve ba\u015flang\u0131\u00e7 noktas\u0131n\u0131 ifade eder. Emin olmak i\u00e7in veteriner hekiminize sorun. Temiz su daima mevcut olmal\u0131d\u0131r. Bu mama yeni mi? Eski mama miktar\u0131n\u0131 bir kar\u0131\u015f\u0131m i\u00e7erisinde 7 g\u00fcn veya daha uzun bir s\u00fcre boyunca kademeli olarak azalt\u0131p yeni mamay\u0131 bu s\u00fcrede kademeli olarak art\u0131r\u0131n. Temiz ve taze suyu daima haz\u0131r bulundurun! Evcil hayvan\u0131n\u0131z\u0131n beslenme ihtiya\u00e7lar\u0131 ya\u015fland\u0131k\u00e7a de\u011fi\u015febilir. Her muayenede veteriner hekiminize sorun.\" \/>\n<meta property=\"og:url\" content=\"https:\/\/anadolupet.com.tr\/en\/product\/hills-pd-metabolicmobility-mini-irk-kopek-mamasi-6kg\/\" \/>\n<meta property=\"og:site_name\" content=\"Anadolu Pet Grup\" \/>\n<meta property=\"article:modified_time\" content=\"2026-02-23T12:48:49+00:00\" \/>\n<meta property=\"og:image\" content=\"https:\/\/anadolupet.com.tr\/wp-content\/uploads\/2026\/02\/640-606209.jpg\" \/>\n\t<meta property=\"og:image:width\" content=\"750\" \/>\n\t<meta property=\"og:image:height\" content=\"750\" \/>\n\t<meta property=\"og:image:type\" content=\"image\/jpeg\" \/>\n<meta name=\"twitter:card\" content=\"summary_large_image\" \/>\n<script type=\"application\/ld+json\" class=\"yoast-schema-graph\">{\"@context\":\"https:\\\/\\\/schema.org\",\"@graph\":[{\"@type\":\"WebPage\",\"@id\":\"https:\\\/\\\/anadolupet.com.tr\\\/urun\\\/hills-pd-metabolicmobility-mini-irk-kopek-mamasi-6kg\\\/\",\"url\":\"https:\\\/\\\/anadolupet.com.tr\\\/urun\\\/hills-pd-metabolicmobility-mini-irk-kopek-mamasi-6kg\\\/\",\"name\":\"Hill's PD METABOLIC+MOBILITY Mini Irk K\u00f6pek Mamas\u0131 6KG - Anadolu Pet Grup\",\"isPartOf\":{\"@id\":\"https:\\\/\\\/anadolupet.com.tr\\\/#website\"},\"primaryImageOfPage\":{\"@id\":\"https:\\\/\\\/anadolupet.com.tr\\\/urun\\\/hills-pd-metabolicmobility-mini-irk-kopek-mamasi-6kg\\\/#primaryimage\"},\"image\":{\"@id\":\"https:\\\/\\\/anadolupet.com.tr\\\/urun\\\/hills-pd-metabolicmobility-mini-irk-kopek-mamasi-6kg\\\/#primaryimage\"},\"thumbnailUrl\":\"https:\\\/\\\/anadolupet.com.tr\\\/wp-content\\\/uploads\\\/2026\\\/02\\\/640-606209.jpg\",\"datePublished\":\"2026-02-14T14:41:31+00:00\",\"dateModified\":\"2026-02-23T12:48:49+00:00\",\"breadcrumb\":{\"@id\":\"https:\\\/\\\/anadolupet.com.tr\\\/urun\\\/hills-pd-metabolicmobility-mini-irk-kopek-mamasi-6kg\\\/#breadcrumb\"},\"inLanguage\":\"en-US\",\"potentialAction\":[{\"@type\":\"ReadAction\",\"target\":[\"https:\\\/\\\/anadolupet.com.tr\\\/urun\\\/hills-pd-metabolicmobility-mini-irk-kopek-mamasi-6kg\\\/\"]}]},{\"@type\":\"ImageObject\",\"inLanguage\":\"en-US\",\"@id\":\"https:\\\/\\\/anadolupet.com.tr\\\/urun\\\/hills-pd-metabolicmobility-mini-irk-kopek-mamasi-6kg\\\/#primaryimage\",\"url\":\"https:\\\/\\\/anadolupet.com.tr\\\/wp-content\\\/uploads\\\/2026\\\/02\\\/640-606209.jpg\",\"contentUrl\":\"https:\\\/\\\/anadolupet.com.tr\\\/wp-content\\\/uploads\\\/2026\\\/02\\\/640-606209.jpg\",\"width\":750,\"height\":750},{\"@type\":\"BreadcrumbList\",\"@id\":\"https:\\\/\\\/anadolupet.com.tr\\\/urun\\\/hills-pd-metabolicmobility-mini-irk-kopek-mamasi-6kg\\\/#breadcrumb\",\"itemListElement\":[{\"@type\":\"ListItem\",\"position\":1,\"name\":\"Anasayfa\",\"item\":\"https:\\\/\\\/anadolupet.com.tr\\\/\"},{\"@type\":\"ListItem\",\"position\":2,\"name\":\"\u00dcr\u00fcnler\",\"item\":\"https:\\\/\\\/anadolupet.com.tr\\\/urunler\\\/\"},{\"@type\":\"ListItem\",\"position\":3,\"name\":\"Hill&#8217;s PD METABOLIC+MOBILITY Mini Irk K\u00f6pek Mamas\u0131 6KG\"}]},{\"@type\":\"WebSite\",\"@id\":\"https:\\\/\\\/anadolupet.com.tr\\\/#website\",\"url\":\"https:\\\/\\\/anadolupet.com.tr\\\/\",\"name\":\"Anadolu Pet Grup\",\"description\":\"Her Can\u0131n \u0130yi Ya\u015fam\u0131 \u0130\u00e7in Biraraday\u0131z\",\"publisher\":{\"@id\":\"https:\\\/\\\/anadolupet.com.tr\\\/#organization\"},\"potentialAction\":[{\"@type\":\"SearchAction\",\"target\":{\"@type\":\"EntryPoint\",\"urlTemplate\":\"https:\\\/\\\/anadolupet.com.tr\\\/?s={search_term_string}\"},\"query-input\":{\"@type\":\"PropertyValueSpecification\",\"valueRequired\":true,\"valueName\":\"search_term_string\"}}],\"inLanguage\":\"en-US\"},{\"@type\":\"Organization\",\"@id\":\"https:\\\/\\\/anadolupet.com.tr\\\/#organization\",\"name\":\"Anadolu Pet Grup\",\"alternateName\":\"Anadolu Pet\",\"url\":\"https:\\\/\\\/anadolupet.com.tr\\\/\",\"logo\":{\"@type\":\"ImageObject\",\"inLanguage\":\"en-US\",\"@id\":\"https:\\\/\\\/anadolupet.com.tr\\\/#\\\/schema\\\/logo\\\/image\\\/\",\"url\":\"https:\\\/\\\/anadolupet.com.tr\\\/wp-content\\\/uploads\\\/2026\\\/03\\\/1614666743370.jpg\",\"contentUrl\":\"https:\\\/\\\/anadolupet.com.tr\\\/wp-content\\\/uploads\\\/2026\\\/03\\\/1614666743370.jpg\",\"width\":800,\"height\":571,\"caption\":\"Anadolu Pet Grup\"},\"image\":{\"@id\":\"https:\\\/\\\/anadolupet.com.tr\\\/#\\\/schema\\\/logo\\\/image\\\/\"}}]}<\/script>\n<!-- \/ Yoast SEO plugin. -->","yoast_head_json":{"title":"Hill's PD METABOLIC+MOBILITY Mini Irk K\u00f6pek Mamas\u0131 6KG - Anadolu Pet Grup","robots":{"index":"index","follow":"follow","max-snippet":"max-snippet:-1","max-image-preview":"max-image-preview:large","max-video-preview":"max-video-preview:-1"},"canonical":"https:\/\/anadolupet.com.tr\/en\/product\/hills-pd-metabolicmobility-mini-irk-kopek-mamasi-6kg\/","og_locale":"en_US","og_type":"article","og_title":"Hill's PD METABOLIC+MOBILITY Mini Irk K\u00f6pek Mamas\u0131 6KG - Anadolu Pet Grup","og_description":"Hill's PRESCRIPTION DIET Metabolic + Mobility Mini K\u00f6pek Mamas\u0131 k\u00fc\u00e7\u00fck Irk k\u00f6pe\u011finizin kilo y\u00f6netimi ve eklem sa\u011fl\u0131\u011f\u0131n\u0131 destekleme etkisi klinik olarak kan\u0131tlanm\u0131\u015f bir beslenmedir. Kolay ve etkili kilo verme i\u00e7in do\u011fal olarak k\u00f6pe\u011finizin benzersiz enerji kullan\u0131m\u0131yla birlikte hareket eder ve uzun s\u00fcreli kullan\u0131labilir. PRESCRIPTION DIET Metabolic + Mobility Mini k\u00f6peklerin do\u011fal olarak kilo vermesine ve 21 g\u00fcn gibi k\u0131sa bir s\u00fcrede hareket kabiliyetini art\u0131rmas\u0131na yard\u0131mc\u0131 olan eklem bak\u0131m k\u00f6pek mamas\u0131d\u0131r. Bu kuru mama, k\u00f6pe\u011finizin be\u011fenerek yiyece\u011fi lezzetli bir tavuk aromas\u0131na sahiptir. Biraz fazla kilo bile k\u00f6pe\u011finizin ya\u015fam kalitesini ve aileyle olan ili\u015fkisini olumsuz etkileyebilir zira bu fazla kilo oyun s\u00fcresini azaltabilir, hareketlili\u011fi d\u00fc\u015f\u00fcrebilir ve k\u00f6pe\u011finizin ya\u015fam boyu genel sa\u011fl\u0131\u011f\u0131n\u0131 etkileyebilir. \u0130deal kilosuna ula\u015ft\u0131ktan sonra bile k\u00fc\u00e7\u00fck Irk k\u00f6pe\u011finizin kilosunu y\u00f6netmeye ve hareket kabiliyetini korumaya yard\u0131mc\u0131 olmak i\u00e7in onu PRESCRIPTION DIET Metabolic + Mobility Mini Weight Management K\u00f6pek Mamas\u0131 ile beslemeye devam etmek \u00f6nemlidir. PRESCRIPTION DIET mamalar\u0131m\u0131z\u0131n, onlar\u0131n mutlu ve aktif bir ya\u015fam s\u00fcrmeye devam etmesine nas\u0131l yard\u0131mc\u0131 olabilece\u011fi hakk\u0131nda daha fazla bilgi i\u00e7in veteriner hekiminize dan\u0131\u015f\u0131n. Evcil hayvan\u0131n\u0131z\u0131n ya\u015fam\u0131n\u0131 d\u00f6n\u00fc\u015ft\u00fcrmeye yard\u0131mc\u0131 olan harika lezzetli mama. Onlar\u0131n size ihtiyac\u0131 var, bu nedenle onlara m\u00fcmk\u00fcn olan en iyi ve sa\u011fl\u0131kl\u0131 mamay\u0131 sa\u011flamaya \u00e7al\u0131\u015f\u0131yoruz. K\u00f6pe\u011finizin benzersiz sa\u011fl\u0131k ihtiya\u00e7lar\u0131n\u0131 kar\u015f\u0131layan bilimsel form\u00fcllerin temel al\u0131nd\u0131\u011f\u0131 PRESCRIPTION DIET k\u00f6pek mamas\u0131, k\u00f6peklerin uzun ve mutlu bir ya\u015fam s\u00fcrmeleri i\u00e7in ihtiya\u00e7 duyduklar\u0131 her \u015feyi sunan bir besindir. Evcil hayvan mamalar\u0131m\u0131z\u0131 en y\u00fcksek kaliteli malzemelerle \u00fcretiyoruz. Bu malzemeler, safl\u0131k ve besin i\u00e7eri\u011fi konusundaki kat\u0131 kriterlerimizi kar\u015f\u0131lamal\u0131d\u0131r. Hill's PRESCRIPTION DIET k\u00f6pek mamas\u0131, k\u00f6pe\u011finizin benzersiz ihtiya\u00e7lar\u0131n\u0131 kar\u015f\u0131lamak i\u00e7in haz\u0131rlanan ve k\u00f6pe\u011finizin sevece\u011fi lezzetler i\u00e7eren \u00e7e\u015fitli kuru veya \u0131slak konserve mamalar sunmaktad\u0131r. \u0130\u00c7\u0130NDEK\u0130LER: Tah\u0131llar, bitkisel orjinli t\u00fcrevler, et ve hayvan t\u00fcrevleri (tavuk eti 6%), bitkisel protein ekstrat\u0131, tohumlar, sebzeler, s\u0131v\u0131 ve kat\u0131 ya\u011flar (bal\u0131k ya\u011f\u0131 2,2%), mineraller, yumu\u015fak\u00e7alar ve kabuklular. KG BA\u015eINA KATKILAR: Besinsel katk\u0131lar: 3b103 (Demir) 75,0mg, 3b202 (\u0130yodin) 1,9mg, 3b405 (Bak\u0131r) 7,4mg, 3b502 (Manganez) 7,8mg, 3b603 (\u00c7inko) 131mg, 3b801 (Selenyum) 0,2mg, do\u011fal antioksidan ile. Metabolize olabilir enerji: 3.163 kcal\/kg. ANAL\u0130T\u0130K B\u0130LE\u015eENLER: Protein 24,8%, Ya\u011f i\u00e7eri\u011fi 13,2%, Ham sel\u00fcloz 14,4%, Ham k\u00fcl 5,6%, Omega-3 ya\u011f asitleri 3,0%, EPA 0,35%, Kalsiyum 0,79%, Fosfor 0,55%, Sodyum 0,30%, Potasyum 0,90%, Magnezyum 0,14%; kg ba\u015f\u0131na: A Vitamini 8.336IU, D3 Vitamini 713IU, E Vitamini 900mg, C Vitamini 125mg, Beta-karoten 1,5mg, Glikozamin 1.235mg, Kondroitin s\u00fclfat 808mg. Hill's PRESCRIPTION DIET Metabolic + Mobility Mini Dog Food with Chicken, yeti\u015fkin k\u00f6peklerde fazla v\u00fccut a\u011f\u0131rl\u0131\u011f\u0131n\u0131 azaltmak ve osteoartrit durumunda eklem metabolizmas\u0131n\u0131 desteklemek i\u00e7in haz\u0131rlanm\u0131\u015f tam ve dengeli diyetetik evcil hayvan mamas\u0131d\u0131r. Bu mama d\u00fc\u015f\u00fck enerji yo\u011funlu\u011funa ve y\u00fcksek seviyede EPA, toplam omega-3 ya\u011f asitlerine ve yeterli seviyelerde E vitaminine sahiptir. BESLEME TAL\u0130MATI: Yaln\u0131zca \u00f6nerilen PRESCRIPTION DIET mamalarla besleyin. Kullan\u0131m \u00f6ncesinde veteriner hekiminizden evcil hayvan\u0131n\u0131z i\u00e7in \u00f6zel beslenme talimatlar\u0131 isteyin. Komple besleme talimatlar\u0131 i\u00e7in l\u00fctfen ambalaja bak\u0131n. G\u00fcnl\u00fck Beslenme \u00d6nerileri sadece k\u0131lavuz niteli\u011findedir ve ba\u015flang\u0131\u00e7 noktas\u0131n\u0131 ifade eder. Emin olmak i\u00e7in veteriner hekiminize sorun. Temiz su daima mevcut olmal\u0131d\u0131r. Bu mama yeni mi? Eski mama miktar\u0131n\u0131 bir kar\u0131\u015f\u0131m i\u00e7erisinde 7 g\u00fcn veya daha uzun bir s\u00fcre boyunca kademeli olarak azalt\u0131p yeni mamay\u0131 bu s\u00fcrede kademeli olarak art\u0131r\u0131n. Temiz ve taze suyu daima haz\u0131r bulundurun! Evcil hayvan\u0131n\u0131z\u0131n beslenme ihtiya\u00e7lar\u0131 ya\u015fland\u0131k\u00e7a de\u011fi\u015febilir. Her muayenede veteriner hekiminize sorun.","og_url":"https:\/\/anadolupet.com.tr\/en\/product\/hills-pd-metabolicmobility-mini-irk-kopek-mamasi-6kg\/","og_site_name":"Anadolu Pet Grup","article_modified_time":"2026-02-23T12:48:49+00:00","og_image":[{"width":750,"height":750,"url":"https:\/\/anadolupet.com.tr\/wp-content\/uploads\/2026\/02\/640-606209.jpg","type":"image\/jpeg"}],"twitter_card":"summary_large_image","schema":{"@context":"https:\/\/schema.org","@graph":[{"@type":"WebPage","@id":"https:\/\/anadolupet.com.tr\/urun\/hills-pd-metabolicmobility-mini-irk-kopek-mamasi-6kg\/","url":"https:\/\/anadolupet.com.tr\/urun\/hills-pd-metabolicmobility-mini-irk-kopek-mamasi-6kg\/","name":"Hill's PD METABOLIC+MOBILITY Mini Irk K\u00f6pek Mamas\u0131 6KG - Anadolu Pet Grup","isPartOf":{"@id":"https:\/\/anadolupet.com.tr\/#website"},"primaryImageOfPage":{"@id":"https:\/\/anadolupet.com.tr\/urun\/hills-pd-metabolicmobility-mini-irk-kopek-mamasi-6kg\/#primaryimage"},"image":{"@id":"https:\/\/anadolupet.com.tr\/urun\/hills-pd-metabolicmobility-mini-irk-kopek-mamasi-6kg\/#primaryimage"},"thumbnailUrl":"https:\/\/anadolupet.com.tr\/wp-content\/uploads\/2026\/02\/640-606209.jpg","datePublished":"2026-02-14T14:41:31+00:00","dateModified":"2026-02-23T12:48:49+00:00","breadcrumb":{"@id":"https:\/\/anadolupet.com.tr\/urun\/hills-pd-metabolicmobility-mini-irk-kopek-mamasi-6kg\/#breadcrumb"},"inLanguage":"en-US","potentialAction":[{"@type":"ReadAction","target":["https:\/\/anadolupet.com.tr\/urun\/hills-pd-metabolicmobility-mini-irk-kopek-mamasi-6kg\/"]}]},{"@type":"ImageObject","inLanguage":"en-US","@id":"https:\/\/anadolupet.com.tr\/urun\/hills-pd-metabolicmobility-mini-irk-kopek-mamasi-6kg\/#primaryimage","url":"https:\/\/anadolupet.com.tr\/wp-content\/uploads\/2026\/02\/640-606209.jpg","contentUrl":"https:\/\/anadolupet.com.tr\/wp-content\/uploads\/2026\/02\/640-606209.jpg","width":750,"height":750},{"@type":"BreadcrumbList","@id":"https:\/\/anadolupet.com.tr\/urun\/hills-pd-metabolicmobility-mini-irk-kopek-mamasi-6kg\/#breadcrumb","itemListElement":[{"@type":"ListItem","position":1,"name":"Anasayfa","item":"https:\/\/anadolupet.com.tr\/"},{"@type":"ListItem","position":2,"name":"\u00dcr\u00fcnler","item":"https:\/\/anadolupet.com.tr\/urunler\/"},{"@type":"ListItem","position":3,"name":"Hill&#8217;s PD METABOLIC+MOBILITY Mini Irk K\u00f6pek Mamas\u0131 6KG"}]},{"@type":"WebSite","@id":"https:\/\/anadolupet.com.tr\/#website","url":"https:\/\/anadolupet.com.tr\/","name":"Anadolu Pet Group","description":"We Stand Together for the Well-Being of Every Life","publisher":{"@id":"https:\/\/anadolupet.com.tr\/#organization"},"potentialAction":[{"@type":"SearchAction","target":{"@type":"EntryPoint","urlTemplate":"https:\/\/anadolupet.com.tr\/?s={search_term_string}"},"query-input":{"@type":"PropertyValueSpecification","valueRequired":true,"valueName":"search_term_string"}}],"inLanguage":"en-US"},{"@type":"Organization","@id":"https:\/\/anadolupet.com.tr\/#organization","name":"Anadolu Pet Group","alternateName":"Anadolu Pet","url":"https:\/\/anadolupet.com.tr\/","logo":{"@type":"ImageObject","inLanguage":"en-US","@id":"https:\/\/anadolupet.com.tr\/#\/schema\/logo\/image\/","url":"https:\/\/anadolupet.com.tr\/wp-content\/uploads\/2026\/03\/1614666743370.jpg","contentUrl":"https:\/\/anadolupet.com.tr\/wp-content\/uploads\/2026\/03\/1614666743370.jpg","width":800,"height":571,"caption":"Anadolu Pet Grup"},"image":{"@id":"https:\/\/anadolupet.com.tr\/#\/schema\/logo\/image\/"}}]}},"_links":{"self":[{"href":"https:\/\/anadolupet.com.tr\/en\/wp-json\/wp\/v2\/product\/45394","targetHints":{"allow":["GET"]}}],"collection":[{"href":"https:\/\/anadolupet.com.tr\/en\/wp-json\/wp\/v2\/product"}],"about":[{"href":"https:\/\/anadolupet.com.tr\/en\/wp-json\/wp\/v2\/types\/product"}],"replies":[{"embeddable":true,"href":"https:\/\/anadolupet.com.tr\/en\/wp-json\/wp\/v2\/comments?post=45394"}],"wp:featuredmedia":[{"embeddable":true,"href":"https:\/\/anadolupet.com.tr\/en\/wp-json\/wp\/v2\/media\/44387"}],"wp:attachment":[{"href":"https:\/\/anadolupet.com.tr\/en\/wp-json\/wp\/v2\/media?parent=45394"}],"wp:term":[{"taxonomy":"product_brand","embeddable":true,"href":"https:\/\/anadolupet.com.tr\/en\/wp-json\/wp\/v2\/product_brand?post=45394"},{"taxonomy":"product_cat","embeddable":true,"href":"https:\/\/anadolupet.com.tr\/en\/wp-json\/wp\/v2\/product_cat?post=45394"},{"taxonomy":"product_tag","embeddable":true,"href":"https:\/\/anadolupet.com.tr\/en\/wp-json\/wp\/v2\/product_tag?post=45394"}],"curies":[{"name":"wp","href":"https:\/\/api.w.org\/{rel}","templated":true}]}}